{"id":928,"date":"2022-03-09T10:42:20","date_gmt":"2022-03-09T10:42:20","guid":{"rendered":"https:\/\/plasticseurope.wpenginepowered.com\/pl\/?page_id=928"},"modified":"2022-03-09T10:42:20","modified_gmt":"2022-03-09T10:42:20","slug":"innowacje-dla-przyszlosci","status":"publish","type":"page","link":"https:\/\/plasticseurope.org\/pl\/zrownowazony-rozwoj\/innowacje-dla-przyszlosci\/","title":{"rendered":"Innowacje dla przysz\u0142o\u015bci"},"content":{"rendered":"\n<p>Tworzenie wysokowydajnych, zr\u00f3wnowa\u017conych produkt\u00f3w i jako\u015bciowych rozwi\u0105za\u0144 jest z\u0142o\u017cone i pe\u0142ne wyzwa\u0144. Wymaga innowacyjnych technologii, zaanga\u017cowania najlepszych naukowc\u00f3w, in\u017cynier\u00f3w i najbardziej kreatywnych umys\u0142\u00f3w. To w\u0142a\u015bnie od ponad stu lat stanowi fundament dzia\u0142a\u0144 lider\u00f3w naszej bran\u017cy.<\/p>\n\n\n\n<div style=\"height:16px\" aria-hidden=\"true\" class=\"wp-block-spacer\"><\/div>\n\n\n\n<p>Maj\u0105c na wzgl\u0119dzie innowacyjno\u015b\u0107 i znaczne inwestycje w badania i rozw\u00f3j, technologie oraz ochron\u0119 \u015brodowiska, najwa\u017cniejsze zadania dla tworzyw w zakresie zr\u00f3wnowa\u017conego rozwoju s\u0105 ju\u017c realizowane. Obejmuj\u0105 one m.in. wykorzystanie recyklatu i surowc\u00f3w biopochodnych do produkcji polimer\u00f3w, innowacyjne materia\u0142y w wyrobach i projektowanie z my\u015bl\u0105 o recyklingu, a tak\u017ce intensywny rozw\u00f3j nowatorskich technologii, takich jak np. recykling chemiczny. To wszystko pozwala bran\u017cy tworzyw sztucznych dostarcza\u0107 rozwi\u0105za\u0144 odpowiadaj\u0105cych na wyzwania wsp\u00f3\u0142czesnego \u015bwiata.<\/p>\n\n\n\n<div style=\"height:48px\" aria-hidden=\"true\" class=\"wp-block-spacer\"><\/div>\n\n\n\n<h2 class=\"wp-block-heading\">Wa\u017cna rola tworzyw sztucznych<\/h2>\n\n\n\n<p>Jeste\u015bmy przekonani, \u017ce nasz przemys\u0142 ma do odegrania kluczow\u0105 rol\u0119 w procesie bardziej zr\u00f3wnowa\u017conego wykorzystywania tworzyw sztucznych. Osi\u0105gni\u0119cie oczekiwanych efekt\u00f3w wymaga zaanga\u017cowania ka\u017cdego, kto mo\u017ce przyczyni\u0107 si\u0119 do zmian. Dlatego tak wa\u017cna jest wsp\u00f3\u0142praca i d\u0142ugoterminowe partnerstwa ze \u015brodowiskami naukowymi, administracj\u0105, spo\u0142eczno\u015bciami lokalnymi, a tak\u017ce firmami w \u0142a\u0144cuchu warto\u015bci tworzyw sztucznych.<\/p>\n\n\n\n<div style=\"height:48px\" aria-hidden=\"true\" class=\"wp-block-spacer\"><\/div>\n\n\n\n<div class=\"wp-block-media-text alignwide is-stacked-on-mobile is-image-fill\" id=\"rounded-md\"><figure class=\"wp-block-media-text__media\" style=\"background-image:url(https:\/\/plasticseurope.org\/wp-content\/uploads\/2021\/10\/1552_Othalo_3-1024x576.jpg);background-position:50% 50%\"><img decoding=\"async\" src=\"https:\/\/plasticseurope.org\/wp-content\/uploads\/2021\/10\/1552_Othalo_3-1024x576.jpg\" alt=\"\" class=\"wp-image-2267 size-full\"\/><\/figure><div class=\"wp-block-media-text__content\">\n<div class=\"wp-block-group is-layout-flow wp-block-group-is-layout-flow\">\n<h2 class=\"wp-block-heading\">Innowacje w budownictwie<\/h2>\n\n\n\n<p>Wykorzystanie odpad\u00f3w tworzyw sztucznych nagromadzonych w \u015brodowisku do budowy przyst\u0119pnych cenowo dom\u00f3w w Afryce Subsaharyjskiej stanowi istot\u0119 projektu norweskiego start-upu Othalo.<\/p>\n\n\n\n<p>Dowiedz si\u0119 wi\u0119cej o <a href=\"https:\/\/plastics-themag.com\/Sustainable-homes-made-from-plastic-waste\" target=\"_blank\" rel=\"noreferrer noopener\">ekologicznych domach budowanych z odpad\u00f3w tworzyw sztucznych<\/a>.<\/p>\n<\/div>\n<\/div><\/div>\n\n\n\n<div style=\"height:100px\" aria-hidden=\"true\" class=\"wp-block-spacer\"><\/div>\n\n\n\n<div class=\"wp-block-media-text alignwide has-media-on-the-right is-stacked-on-mobile is-image-fill\" id=\"rounded-md\"><figure class=\"wp-block-media-text__media\" style=\"background-image:url(https:\/\/plasticseurope.org\/wp-content\/uploads\/2021\/10\/60b9e96a27d38_En-bref-pneus-CarbiosMichelin-credit-Nickolas-Nikolic-Unsplash.png);background-position:50% 50%\"><img decoding=\"async\" src=\"https:\/\/plasticseurope.org\/wp-content\/uploads\/2021\/10\/60b9e96a27d38_En-bref-pneus-CarbiosMichelin-credit-Nickolas-Nikolic-Unsplash.png\" alt=\"\" class=\"wp-image-1888 size-full\"\/><\/figure><div class=\"wp-block-media-text__content\">\n<div class=\"wp-block-group is-layout-flow wp-block-group-is-layout-flow\">\n<h2 class=\"wp-block-heading\">Innowacje dotycz\u0105ce mobilno\u015bci<\/h2>\n\n\n\n<p>Do 2050 r. opony Michelin b\u0119d\u0105 produkowane wy\u0142\u0105cznie z materia\u0142\u00f3w pochodzenia biologicznego, odnawialnych lub pochodz\u0105cych z recyklingu. Taki jest cel og\u0142oszony przez francuskiego giganta.<\/p>\n\n\n\n<p>Zobacz \u00a0<a href=\"https:\/\/plastics-themag.com\/Carbios-and-Michelin:-on-the-road-towards-100-sustainable-tyres-in-2050\" target=\"_blank\" rel=\"noreferrer noopener\">Carbios i Michelin: na drodze ku produkcji opon w zgodzie z zasadami zr\u00f3wnowa\u017conego rozwoju w 2050 r.<\/a><\/p>\n<\/div>\n<\/div><\/div>\n\n\n\n<div style=\"height:100px\" aria-hidden=\"true\" class=\"wp-block-spacer\"><\/div>\n\n\n\n<div class=\"wp-block-media-text alignwide is-stacked-on-mobile is-image-fill\" id=\"rounded-md\"><figure class=\"wp-block-media-text__media\" style=\"background-image:url(https:\/\/plasticseurope.org\/wp-content\/uploads\/2021\/10\/6073ed5ea0046_Artificial-Cornea-Copyright-Vanessa-Bumbeers-unsplash.png);background-position:50% 50%\"><img decoding=\"async\" src=\"https:\/\/plasticseurope.org\/wp-content\/uploads\/2021\/10\/6073ed5ea0046_Artificial-Cornea-Copyright-Vanessa-Bumbeers-unsplash.png\" alt=\"\" class=\"wp-image-1910 size-full\"\/><\/figure><div class=\"wp-block-media-text__content\">\n<h2 class=\"wp-block-heading\">Innowacje w popraw\u0119 zdrowia i samopoczucia<\/h2>\n\n\n\n<p>78-letni niewidomy m\u0119\u017cczyzna odzyska\u0142 wzrok po otrzymaniu pierwszego na \u015bwiecie implantu syntetycznej rog\u00f3wki.<\/p>\n\n\n\n<p>Zobacz, w jaki spos\u00f3b <a href=\"https:\/\/plastics-themag.com\/An-artificial-cornea-to-restore-sight\" target=\"_blank\" rel=\"noreferrer noopener\">zosta\u0142a zaprojektowana sztuczna rog\u00f3wka, kt\u00f3ra mo\u017ce przywr\u00f3ci\u0107 wzrok<\/a>.<\/p>\n<\/div><\/div>\n\n\n\n<div style=\"height:100px\" aria-hidden=\"true\" class=\"wp-block-spacer\"><\/div>\n\n\n\n<div class=\"wp-block-media-text alignwide has-media-on-the-right is-stacked-on-mobile is-image-fill\" id=\"rounded-md\"><figure class=\"wp-block-media-text__media\" style=\"background-image:url(https:\/\/plasticseurope.org\/wp-content\/uploads\/2021\/10\/000109674_600x400_c.jpg);background-position:50% 50%\"><img decoding=\"async\" src=\"https:\/\/plasticseurope.org\/wp-content\/uploads\/2021\/10\/000109674_600x400_c.jpg\" alt=\"\" class=\"wp-image-1992 size-full\"\/><\/figure><div class=\"wp-block-media-text__content\">\n<h2 class=\"wp-block-heading\">Innowacje w opakowaniach<\/h2>\n\n\n\n<p>Do 2030 r. wszystkie opakowania z tworzyw sztucznych w UE musz\u0105 nadawa\u0107 si\u0119 do recyklingu lub ponownego wykorzystania. Jest to powa\u017cne wyzwanie, kt\u00f3re jednocze\u015bnie inspiruje do nieszablonowego my\u015blenia i poszukiwania niestandardowych rozwi\u0105za\u0144.<\/p>\n\n\n\n<p>Odkryj opakowania wielokrotnego u\u017cytku <a href=\"https:\/\/plastics-themag.com\/Hipli-the-packaging-with-several-lives\" target=\"_blank\" rel=\"noreferrer noopener\">Hipli<\/a>.<\/p>\n<\/div><\/div>\n\n\n\n<div style=\"height:100px\" aria-hidden=\"true\" class=\"wp-block-spacer\"><\/div>\n\n\n\n<div class=\"wp-block-media-text alignwide is-stacked-on-mobile is-image-fill\" id=\"rounded-md\"><figure class=\"wp-block-media-text__media\" style=\"background-image:url(https:\/\/plasticseurope.org\/wp-content\/uploads\/2021\/10\/plastic-sustainable-agriculture-1024x683.jpg);background-position:50% 50%\"><img decoding=\"async\" src=\"https:\/\/plasticseurope.org\/wp-content\/uploads\/2021\/10\/plastic-sustainable-agriculture-1024x683.jpg\" alt=\"\" class=\"wp-image-1960 size-full\"\/><\/figure><div class=\"wp-block-media-text__content\">\n<h2 class=\"wp-block-heading\">Innowacje w rolnictwie<\/h2>\n\n\n\n<p>Wydaje si\u0119, \u017ce rolnicy znale\u017ali spos\u00f3b na zwi\u0119kszenie plon\u00f3w przy u\u017cyciu mniejszej ilo\u015bci pestycyd\u00f3w oraz wody. Rozwi\u0105zaniem okaza\u0142o si\u0119 zastosowanie tworzyw sztucznych w sektorze rolniczym. Zrewolucjonizowa\u0142o to codzienne \u017cycie rolnik\u00f3w i nasze nawyki \u017cywieniowe.<\/p>\n\n\n\n<p>Dowiedz si\u0119, w jaki spos\u00f3b <a href=\"https:\/\/plastics-themag.com\/Plastics--a-fruity-reply\" target=\"_blank\" rel=\"noreferrer noopener\">tworzywa sztuczne pomagaj\u0105 w uprawach<\/a>.<\/p>\n<\/div><\/div>\n\n\n\n<div style=\"height:100px\" aria-hidden=\"true\" class=\"wp-block-spacer\"><\/div>\n\n\n\n<div class=\"wp-block-media-text alignwide has-media-on-the-right is-stacked-on-mobile is-image-fill\" id=\"rounded-md\"><figure class=\"wp-block-media-text__media\" style=\"background-image:url(https:\/\/plasticseurope.org\/wp-content\/uploads\/2021\/10\/5aec674883168_encrefilm.jpg);background-position:50% 50%\"><img decoding=\"async\" src=\"https:\/\/plasticseurope.org\/wp-content\/uploads\/2021\/10\/5aec674883168_encrefilm.jpg\" alt=\"\" class=\"wp-image-1964 size-full\"\/><\/figure><div class=\"wp-block-media-text__content\">\n<h2 class=\"wp-block-heading\">Innowacje w elektronice<\/h2>\n\n\n\n<p>Na styku dw\u00f3ch \u015bwiat\u00f3w \u2013 elektroniki i tworzyw sztucznych \u2013 jest plastronika, kt\u00f3ra \u0142\u0105czy zalety innowacyjno\u015bci elektroniki z wszechstronno\u015bci\u0105 plastiku. Dzi\u0119ki temu powstaj\u0105 mniejsze, atrakcyjne w formie i odznaczaj\u0105ce si\u0119 wi\u0119ksz\u0105 trwa\u0142o\u015bci\u0105 urz\u0105dzenia. To nowa technologia, bez kt\u00f3rej wiele urz\u0105dze\u0144 nigdy by nie powsta\u0142o. (\u00a9 FESTO)<\/p>\n\n\n\n<p>Read about <a href=\"https:\/\/plastics-themag.com\/Polymers-enhanced-with-electronics-to-make-them-smarter\" target=\"_blank\" rel=\"noreferrer noopener\">plastronics, an electronic love letter to plastics<\/a><\/p>\n\n\n\n<p>Dowiedz si\u0119 wi\u0119cej o <a href=\"https:\/\/plastics-themag.com\/Polymers-enhanced-with-electronics-to-make-them-smarter\" target=\"_blank\" rel=\"noreferrer noopener\">plastronice \u2014 po\u0142\u0105czeniu elektroniki i tworzyw sztucznych<\/a>.<\/p>\n<\/div><\/div>\n\n\n\n<div style=\"height:100px\" aria-hidden=\"true\" class=\"wp-block-spacer\"><\/div>\n\n\n\n<div class=\"wp-block-media-text alignwide is-stacked-on-mobile is-image-fill\" id=\"rounded-md\"><figure class=\"wp-block-media-text__media\" style=\"background-image:url(https:\/\/plasticseurope.org\/wp-content\/uploads\/2021\/10\/60defcadb4ba7_home-Tokyo-1.png);background-position:50% 50%\"><img decoding=\"async\" src=\"https:\/\/plasticseurope.org\/wp-content\/uploads\/2021\/10\/60defcadb4ba7_home-Tokyo-1.png\" alt=\"\" class=\"wp-image-1975 size-full\"\/><\/figure><div class=\"wp-block-media-text__content\">\n<h2 class=\"wp-block-heading\">Innowacje w sporcie<\/h2>\n\n\n\n<p>Letnie Igrzyska Olimpijskie w Tokio, kt\u00f3re odbywa\u0142y si\u0119 z niewielkim udzia\u0142em publiczno\u015bci lub na ca\u0142kowicie pustych stadionach, na pewno nie nale\u017ca\u0142y do najbardziej radosnych. Dla sportowc\u00f3w zawsze najwa\u017cniejsze s\u0105 jednak wyniki i rekordy. A to oznacza, \u017ce na pr\u00f3b\u0119 zostaje wystawiony sprz\u0119t sportowy \u2014 podobnie jak polimery, z kt\u00f3rych go wykonano.<\/p>\n\n\n\n<p>Dowiedz si\u0119 wi\u0119cej \u2013 <a href=\"https:\/\/plastics-themag.com\/Plastics-are-gaining-speed\" target=\"_blank\" rel=\"noreferrer noopener\">Igrzyska olimpijskie: polimery wracaj\u0105 do gry<\/a>.<\/p>\n<\/div><\/div>\n\n\n\n<div style=\"height:100px\" aria-hidden=\"true\" class=\"wp-block-spacer\"><\/div>\n\n\n\n<div class=\"wp-block-media-text alignwide has-media-on-the-right is-stacked-on-mobile is-image-fill\" id=\"rounded-md\"><figure class=\"wp-block-media-text__media\" style=\"background-image:url(https:\/\/plasticseurope.org\/wp-content\/uploads\/2021\/10\/6020efa28c704_aspirateur-Electrolux-OK.png);background-position:50% 50%\"><img decoding=\"async\" src=\"https:\/\/plasticseurope.org\/wp-content\/uploads\/2021\/10\/6020efa28c704_aspirateur-Electrolux-OK.png\" alt=\"\" class=\"wp-image-1982 size-full\"\/><\/figure><div class=\"wp-block-media-text__content\">\n<h2 class=\"wp-block-heading\">Innowacje w sprz\u0119cie gospodarstwa domowego<\/h2>\n\n\n\n<p>Szwedzki producent sprz\u0119tu gospodarstwa domowego Electrolux przedstawi\u0142 prototyp odkurzacza wykonanego w 100% z u\u017cywanych cz\u0119\u015bci i tworzyw sztucznych z recyklingu.<\/p>\n\n\n\n<p>Przeczytaj o <a href=\"https:\/\/plastics-themag.com\/A-vacuum-cleaner-made-of-100-recycled-and-re-used-materials\" target=\"_blank\" rel=\"noreferrer noopener\">odkurzaczu, kt\u00f3ry zosta\u0142 w ca\u0142o\u015bci wyprodukowany z materia\u0142\u00f3w ponownie wykorzystanych i z recyklingu<\/a><a href=\"https:\/\/plastics-themag.com\/A-vacuum-cleaner-made-of-100-recycled-and-re-used-materials\"><strong>.<\/strong><\/a><\/p>\n<\/div><\/div>\n\n\n\n<div id=\"explore-block_6177d65b72842\" class=\"explore-further\">\n  <div class=\"flex flex-col bg-mist-900 rounded-md mt-8 md:mt-28 md:w-1\/2 md:mr-auto\">\n    <div class=\"flex-1 relative p-6 md:px-10 md:py-8\">\n      <div class=\"absolute top-0 left-0 p-5 inline-block transform -translate-x-1\/2 -translate-y-1\/2\">\n      <\/div>\n      \n\n<h3 class=\"wp-block-heading\">Wi\u0119cej \u017ar\u00f3de\u0142\/ informacji<\/h3>\n\n\n\n<p><a href=\"http:\/\/www.plasticsmakeitpossible.com\" target=\"_blank\" rel=\"noreferrer noopener\">Plastics Make it Possible<\/a><\/p>\n\n\n\n<p><a href=\"http:\/\/www.plastics-themag.com\" target=\"_blank\" rel=\"noreferrer noopener\">Plastics \u2013 the Mag<\/a><\/p>\n\n\n\n<p><a href=\"http:\/\/wonderfulvinyl.pvc.org\" target=\"_blank\" rel=\"noreferrer noopener\">Wonderful Vinyl<\/a><\/p>\n\n\n    <\/div>\n  <\/div>\n<\/div>\n","protected":false},"excerpt":{"rendered":"<p>Tworzenie wysokowydajnych, zr\u00f3wnowa\u017conych produkt\u00f3w i jako\u015bciowych rozwi\u0105za\u0144 jest z\u0142o\u017cone i pe\u0142ne wyzwa\u0144. Wymaga innowacyjnych technologii, zaanga\u017cowania najlepszych naukowc\u00f3w, in\u017cynier\u00f3w i najbardziej kreatywnych umys\u0142\u00f3w. To w\u0142a\u015bnie od ponad stu lat stanowi fundament dzia\u0142a\u0144 lider\u00f3w naszej bran\u017cy. Maj\u0105c na wzgl\u0119dzie innowacyjno\u015b\u0107 i znaczne inwestycje w badania i rozw\u00f3j, technologie oraz ochron\u0119 \u015brodowiska, najwa\u017cniejsze zadania dla tworzyw w [&hellip;]<\/p>\n","protected":false},"author":1,"featured_media":763,"parent":56,"menu_order":0,"comment_status":"closed","ping_status":"closed","template":"","meta":{"footnotes":""},"class_list":["post-928","page","type-page","status-publish","has-post-thumbnail","hentry"],"acf":[],"yoast_head":"<!-- This site is optimized with the Yoast SEO plugin v21.6 - https:\/\/yoast.com\/wordpress\/plugins\/seo\/ -->\n<title>Innowacje dla przysz\u0142o\u015bci - Plastics Europe PL<\/title>\n<meta name=\"robots\" content=\"index, follow, max-snippet:-1, max-image-preview:large, max-video-preview:-1\" \/>\n<link rel=\"canonical\" href=\"https:\/\/plasticseurope.org\/pl\/zrownowazony-rozwoj\/innowacje-dla-przyszlosci\/\" \/>\n<meta property=\"og:locale\" content=\"pl_PL\" \/>\n<meta property=\"og:type\" content=\"article\" \/>\n<meta property=\"og:title\" content=\"Innowacje dla przysz\u0142o\u015bci - Plastics Europe PL\" \/>\n<meta property=\"og:description\" content=\"Tworzenie wysokowydajnych, zr\u00f3wnowa\u017conych produkt\u00f3w i jako\u015bciowych rozwi\u0105za\u0144 jest z\u0142o\u017cone i pe\u0142ne wyzwa\u0144. Wymaga innowacyjnych technologii, zaanga\u017cowania najlepszych naukowc\u00f3w, in\u017cynier\u00f3w i najbardziej kreatywnych umys\u0142\u00f3w. To w\u0142a\u015bnie od ponad stu lat stanowi fundament dzia\u0142a\u0144 lider\u00f3w naszej bran\u017cy. Maj\u0105c na wzgl\u0119dzie innowacyjno\u015b\u0107 i znaczne inwestycje w badania i rozw\u00f3j, technologie oraz ochron\u0119 \u015brodowiska, najwa\u017cniejsze zadania dla tworzyw w [&hellip;]\" \/>\n<meta property=\"og:url\" content=\"https:\/\/plasticseurope.org\/pl\/zrownowazony-rozwoj\/innowacje-dla-przyszlosci\/\" \/>\n<meta property=\"og:site_name\" content=\"Plastics Europe PL\" \/>\n<meta property=\"og:image\" content=\"https:\/\/plasticseurope.org\/pl\/wp-content\/uploads\/sites\/7\/2021\/12\/plastic-innovation-3d-scaled.jpg\" \/>\n\t<meta property=\"og:image:width\" content=\"2560\" \/>\n\t<meta property=\"og:image:height\" content=\"1707\" \/>\n\t<meta property=\"og:image:type\" content=\"image\/jpeg\" \/>\n<meta name=\"twitter:card\" content=\"summary_large_image\" \/>\n<meta name=\"twitter:label1\" content=\"Szacowany czas czytania\" \/>\n\t<meta name=\"twitter:data1\" content=\"5 minut\" \/>\n<script type=\"application\/ld+json\" class=\"yoast-schema-graph\">{\"@context\":\"https:\/\/schema.org\",\"@graph\":[{\"@type\":\"WebPage\",\"@id\":\"https:\/\/plasticseurope.org\/pl\/zrownowazony-rozwoj\/innowacje-dla-przyszlosci\/\",\"url\":\"https:\/\/plasticseurope.org\/pl\/zrownowazony-rozwoj\/innowacje-dla-przyszlosci\/\",\"name\":\"Innowacje dla przysz\u0142o\u015bci - Plastics Europe PL\",\"isPartOf\":{\"@id\":\"https:\/\/plasticseurope.org\/pl\/#website\"},\"datePublished\":\"2022-03-09T10:42:20+00:00\",\"dateModified\":\"2022-03-09T10:42:20+00:00\",\"breadcrumb\":{\"@id\":\"https:\/\/plasticseurope.org\/pl\/zrownowazony-rozwoj\/innowacje-dla-przyszlosci\/#breadcrumb\"},\"inLanguage\":\"pl-PL\",\"potentialAction\":[{\"@type\":\"ReadAction\",\"target\":[\"https:\/\/plasticseurope.org\/pl\/zrownowazony-rozwoj\/innowacje-dla-przyszlosci\/\"]}]},{\"@type\":\"BreadcrumbList\",\"@id\":\"https:\/\/plasticseurope.org\/pl\/zrownowazony-rozwoj\/innowacje-dla-przyszlosci\/#breadcrumb\",\"itemListElement\":[{\"@type\":\"ListItem\",\"position\":1,\"name\":\"Home\",\"item\":\"https:\/\/plasticseurope.org\/pl\/\"},{\"@type\":\"ListItem\",\"position\":2,\"name\":\"Zr\u00f3wnowa\u017cony Rozw\u00f3j\",\"item\":\"https:\/\/plasticseurope.org\/pl\/zrownowazony-rozwoj\/\"},{\"@type\":\"ListItem\",\"position\":3,\"name\":\"Innowacje dla przysz\u0142o\u015bci\"}]},{\"@type\":\"WebSite\",\"@id\":\"https:\/\/plasticseurope.org\/pl\/#website\",\"url\":\"https:\/\/plasticseurope.org\/pl\/\",\"name\":\"Plastics Europe PL\",\"description\":\"Enabling a sustainable future\",\"potentialAction\":[{\"@type\":\"SearchAction\",\"target\":{\"@type\":\"EntryPoint\",\"urlTemplate\":\"https:\/\/plasticseurope.org\/pl\/?s={search_term_string}\"},\"query-input\":\"required name=search_term_string\"}],\"inLanguage\":\"pl-PL\"}]}<\/script>\n<!-- \/ Yoast SEO plugin. -->","yoast_head_json":{"title":"Innowacje dla przysz\u0142o\u015bci - Plastics Europe PL","robots":{"index":"index","follow":"follow","max-snippet":"max-snippet:-1","max-image-preview":"max-image-preview:large","max-video-preview":"max-video-preview:-1"},"canonical":"https:\/\/plasticseurope.org\/pl\/zrownowazony-rozwoj\/innowacje-dla-przyszlosci\/","og_locale":"pl_PL","og_type":"article","og_title":"Innowacje dla przysz\u0142o\u015bci - Plastics Europe PL","og_description":"Tworzenie wysokowydajnych, zr\u00f3wnowa\u017conych produkt\u00f3w i jako\u015bciowych rozwi\u0105za\u0144 jest z\u0142o\u017cone i pe\u0142ne wyzwa\u0144. Wymaga innowacyjnych technologii, zaanga\u017cowania najlepszych naukowc\u00f3w, in\u017cynier\u00f3w i najbardziej kreatywnych umys\u0142\u00f3w. To w\u0142a\u015bnie od ponad stu lat stanowi fundament dzia\u0142a\u0144 lider\u00f3w naszej bran\u017cy. Maj\u0105c na wzgl\u0119dzie innowacyjno\u015b\u0107 i znaczne inwestycje w badania i rozw\u00f3j, technologie oraz ochron\u0119 \u015brodowiska, najwa\u017cniejsze zadania dla tworzyw w [&hellip;]","og_url":"https:\/\/plasticseurope.org\/pl\/zrownowazony-rozwoj\/innowacje-dla-przyszlosci\/","og_site_name":"Plastics Europe PL","og_image":[{"width":2560,"height":1707,"url":"https:\/\/plasticseurope.org\/pl\/wp-content\/uploads\/sites\/7\/2021\/12\/plastic-innovation-3d-scaled.jpg","type":"image\/jpeg"}],"twitter_card":"summary_large_image","twitter_misc":{"Szacowany czas czytania":"5 minut"},"schema":{"@context":"https:\/\/schema.org","@graph":[{"@type":"WebPage","@id":"https:\/\/plasticseurope.org\/pl\/zrownowazony-rozwoj\/innowacje-dla-przyszlosci\/","url":"https:\/\/plasticseurope.org\/pl\/zrownowazony-rozwoj\/innowacje-dla-przyszlosci\/","name":"Innowacje dla przysz\u0142o\u015bci - Plastics Europe PL","isPartOf":{"@id":"https:\/\/plasticseurope.org\/pl\/#website"},"datePublished":"2022-03-09T10:42:20+00:00","dateModified":"2022-03-09T10:42:20+00:00","breadcrumb":{"@id":"https:\/\/plasticseurope.org\/pl\/zrownowazony-rozwoj\/innowacje-dla-przyszlosci\/#breadcrumb"},"inLanguage":"pl-PL","potentialAction":[{"@type":"ReadAction","target":["https:\/\/plasticseurope.org\/pl\/zrownowazony-rozwoj\/innowacje-dla-przyszlosci\/"]}]},{"@type":"BreadcrumbList","@id":"https:\/\/plasticseurope.org\/pl\/zrownowazony-rozwoj\/innowacje-dla-przyszlosci\/#breadcrumb","itemListElement":[{"@type":"ListItem","position":1,"name":"Home","item":"https:\/\/plasticseurope.org\/pl\/"},{"@type":"ListItem","position":2,"name":"Zr\u00f3wnowa\u017cony Rozw\u00f3j","item":"https:\/\/plasticseurope.org\/pl\/zrownowazony-rozwoj\/"},{"@type":"ListItem","position":3,"name":"Innowacje dla przysz\u0142o\u015bci"}]},{"@type":"WebSite","@id":"https:\/\/plasticseurope.org\/pl\/#website","url":"https:\/\/plasticseurope.org\/pl\/","name":"Plastics Europe PL","description":"Enabling a sustainable future","potentialAction":[{"@type":"SearchAction","target":{"@type":"EntryPoint","urlTemplate":"https:\/\/plasticseurope.org\/pl\/?s={search_term_string}"},"query-input":"required name=search_term_string"}],"inLanguage":"pl-PL"}]}},"_links":{"self":[{"href":"https:\/\/plasticseurope.org\/pl\/wp-json\/wp\/v2\/pages\/928","targetHints":{"allow":["GET"]}}],"collection":[{"href":"https:\/\/plasticseurope.org\/pl\/wp-json\/wp\/v2\/pages"}],"about":[{"href":"https:\/\/plasticseurope.org\/pl\/wp-json\/wp\/v2\/types\/page"}],"author":[{"embeddable":true,"href":"https:\/\/plasticseurope.org\/pl\/wp-json\/wp\/v2\/users\/1"}],"replies":[{"embeddable":true,"href":"https:\/\/plasticseurope.org\/pl\/wp-json\/wp\/v2\/comments?post=928"}],"version-history":[{"count":0,"href":"https:\/\/plasticseurope.org\/pl\/wp-json\/wp\/v2\/pages\/928\/revisions"}],"up":[{"embeddable":true,"href":"https:\/\/plasticseurope.org\/pl\/wp-json\/wp\/v2\/pages\/56"}],"wp:featuredmedia":[{"embeddable":true,"href":"https:\/\/plasticseurope.org\/pl\/wp-json\/wp\/v2\/media\/763"}],"wp:attachment":[{"href":"https:\/\/plasticseurope.org\/pl\/wp-json\/wp\/v2\/media?parent=928"}],"curies":[{"name":"wp","href":"https:\/\/api.w.org\/{rel}","templated":true}]}}