{"id":922,"date":"2022-03-09T10:24:45","date_gmt":"2022-03-09T10:24:45","guid":{"rendered":"https:\/\/plasticseurope.wpenginepowered.com\/pl\/?page_id=922"},"modified":"2022-03-09T10:24:46","modified_gmt":"2022-03-09T10:24:46","slug":"zrownowazone-wykorzystanie","status":"publish","type":"page","link":"https:\/\/plasticseurope.org\/pl\/zrownowazony-rozwoj\/zrownowazone-wykorzystanie\/","title":{"rendered":"Zr\u00f3wnowa\u017cone wykorzystanie"},"content":{"rendered":"\n<h2 class=\"wp-block-heading\" id=\"plastics-in-everyday-life\">Tworzywa sztuczne w \u017cyciu codziennym<\/h2>\n\n\n\n<p>Tworzywa sztuczne stanowi\u0105 centralny element stale rozszerzaj\u0105cej si\u0119 gamy innowacji, kt\u00f3ra przyczynia si\u0119 do zr\u00f3wnowa\u017conego rozwoju, bezpiecze\u0144stwa, zwi\u0119kszenia d\u0142ugo\u015bci \u017cycia i lepszego dzia\u0142ania na co dzie\u0144. Dzi\u0119ki zr\u00f3wnowa\u017conemu wykorzystaniu wyroby z tworzyw, od momentu ich zakupu a\u017c po wycofanie z eksploatacji, mog\u0105 przynie\u015b\u0107 spo\u0142ecze\u0144stwu i \u015brodowisku realne korzy\u015bci.<\/p>\n\n\n\n<div style=\"height:16px\" aria-hidden=\"true\" class=\"wp-block-spacer\"><\/div>\n\n\n\n<p>Oto kilka przyk\u0142ad\u00f3w na to, w jaki spos\u00f3b tworzywa sztuczne przyczyniaj\u0105 si\u0119 do zwi\u0119kszenia komfortu naszego \u017cycia.<\/p>\n\n\n\n<div style=\"height:48px\" aria-hidden=\"true\" class=\"wp-block-spacer\"><\/div>\n\n\n\n<div class=\"wp-block-media-text is-stacked-on-mobile is-image-fill\"><figure class=\"wp-block-media-text__media\" style=\"background-image:url(https:\/\/plasticseurope.org\/wp-content\/uploads\/2021\/10\/plastics-building-and-construction-insulation-1024x683.jpg);background-position:50% 50%\"><img decoding=\"async\" src=\"https:\/\/plasticseurope.org\/wp-content\/uploads\/2021\/10\/plastics-building-and-construction-insulation-1024x683.jpg\" alt=\"\" class=\"wp-image-2712 size-full\"\/><\/figure><div class=\"wp-block-media-text__content\">\n<div class=\"wp-block-group is-layout-flow wp-block-group-is-layout-flow\">\n<h3 class=\"wp-block-heading\" id=\"building-and-construction\">Budownictwo<\/h3>\n\n\n\n<p>Budynki odpowiadaj\u0105 za oko\u0142o 40% zu\u017cycia energii i emisji gaz\u00f3w cieplarnianych w UE; tworzywa sztuczne mog\u0105 przyczyni\u0107 si\u0119 do zmniejszenia tego zu\u017cycia. Podczas produkcji wyrob\u00f3w budowlanych z tworzyw sztucznych i przekszta\u0142cania ich w wyroby gotowe zu\u017cywa si\u0119 mniej energii oraz zasob\u00f3w ni\u017c w przypadku innych materia\u0142\u00f3w.<\/p>\n\n\n\n<p class=\"has-sky-color has-text-color\"><strong>Czy wiesz, \u017ce&#8230;?<\/strong> Przez ca\u0142y okres u\u017cytkowania izolacja z tworzyw\u00a0 generuje ponad 200 krotne oszcz\u0119dno\u015bci w por\u00f3wnaniu z ilo\u015bci\u0105 energii wykorzystan\u0105 do jej produkcji.<\/p>\n\n\n\n<p>Przemys\u0142 tworzyw sztucznych przyczynia si\u0119 do zr\u00f3wnowa\u017conego rozwoju sektora poprzez innowacje. Obejmuj\u0105 one zaawansowane technologicznie i trwa\u0142e wyroby izolacyjne, ramy okienne i systemy rur, kt\u00f3re zwi\u0119kszaj\u0105 trwa\u0142o\u015b\u0107 konstrukcji i efektywno\u015b\u0107 energetyczn\u0105 budynk\u00f3w, przy jednoczesnym wykorzystaniu materia\u0142\u00f3w z recyklingu. Wyroby z tworzyw sztucznych do renowacji budynk\u00f3w i budowy nowych, efektywnych energetycznie, maj\u0105 zasadnicze znaczenie dla osi\u0105gni\u0119cia cel\u00f3w UE w obszarze energooszcz\u0119dno\u015bci i energoefektywno\u015bci.<\/p>\n\n\n\n<p>Wi\u0119cej informacji na temat udzia\u0142u tworzyw sztucznych w <a href=\"https:\/\/plasticseurope.org\/sustainability\/sustainable-use\/sustainable-building-construction\/\" target=\"_blank\" rel=\"noreferrer noopener\">zr\u00f3wnowa\u017conym <\/a>budownictwie<\/p>\n<\/div>\n<\/div><\/div>\n\n\n\n<div style=\"height:100px\" aria-hidden=\"true\" class=\"wp-block-spacer\"><\/div>\n\n\n\n<div class=\"wp-block-media-text has-media-on-the-right is-stacked-on-mobile is-image-fill\"><figure class=\"wp-block-media-text__media\" style=\"background-image:url(https:\/\/plasticseurope.org\/wp-content\/uploads\/2021\/10\/plastics-transportation-1024x684.jpg);background-position:23% 30%\"><img decoding=\"async\" src=\"https:\/\/plasticseurope.org\/wp-content\/uploads\/2021\/10\/plastics-transportation-1024x684.jpg\" alt=\"\" class=\"wp-image-2716 size-full\"\/><\/figure><div class=\"wp-block-media-text__content\">\n<div class=\"wp-block-group is-layout-flow wp-block-group-is-layout-flow\">\n<h3 class=\"wp-block-heading\" id=\"improving-your-vehicle-s-fuel-economy-and-reducing-its-greenhouse-gas-emissions\">ImproMniejsze zu\u017cycie\u00a0 paliwa przez pojazdy i ograniczanie emisji gaz\u00f3w cieplarnianych<\/h3>\n\n\n\n<p>Bez tworzyw sztucznych nie uda\u0142oby si\u0119 osi\u0105gn\u0105\u0107 obecnej efektywno\u015bci energetycznej nowoczesnych pojazd\u00f3w, a rozw\u00f3j zr\u00f3wnowa\u017conej mobilno\u015bci w przysz\u0142o\u015bci r\u00f3wnie\u017c nie jest bez nich mo\u017cliwy. Przemys\u0142 tworzyw sztucznych ju\u017c teraz przyczynia si\u0119 do zamykania obiegu materia\u0142\u00f3w w \u015brodkach transportu poprzez produkcj\u0119 licznych wyrob\u00f3w na potrzeby\u00a0 projektowanych pojazd\u00f3w czy cz\u0119\u015bci.<\/p>\n\n\n\n<p class=\"has-jade-color has-text-color\"><strong>Czy wiesz, \u017ce&#8230;? <\/strong>Komponenty z tworzyw sztucznych wa\u017c\u0105 o po\u0142ow\u0119 mniej ni\u017c podobne elementy wykonane z innych materia\u0142\u00f3w, co przek\u0142ada si\u0119 na zmniejszenie zu\u017cycia paliwa o 25-35%.<\/p>\n\n\n\n<p>Przemys\u0142 wspiera d\u0105\u017cenie do zr\u00f3wnowa\u017conego wykorzystania i neutralno\u015bci klimatycznej, pomagaj\u0105c ograniczy\u0107 emisje gaz\u00f3w cieplarnianych w transporcie dzi\u0119ki l\u017cejszym i paliwooszcz\u0119dnym samochodom oraz innym pojazdom. Tworzywa sztuczne umo\u017cliwiaj\u0105 r\u00f3wnie\u017c przej\u015bcie z pojazd\u00f3w nap\u0119dzanych paliwami kopalnymi na pojazdy wykorzystuj\u0105ce energi\u0119 odnawialn\u0105, w tym energi\u0119 elektryczn\u0105 i wod\u00f3r.<\/p>\n\n\n\n<p class=\"has-satsuma-color has-text-color\"><strong>Czy wiesz, \u017ce&#8230;? <\/strong>W ca\u0142ym okresie eksploatacji Tw\u00f3j samoch\u00f3d wyemituje 20 kilogram\u00f3w dwutlenku w\u0119gla (CO<sub>2<\/sub>) mniej na ka\u017cdy kilogram zmniejszonej masy samochodu.\u00a0<\/p>\n\n\n\n<p>Tworzywa sztuczne stosowane w pojazdach sprawiaj\u0105 tak\u017ce, \u017ce pojazdy staj\u0105 si\u0119 bardziej bezpieczne i komfortowe, np. dzi\u0119ki wyg\u0142uszeniu kabin samochodowych, nowoczesnym materia\u0142om wykorzystanym w obiciach foteli czy dywanikach pod\u0142ogowych. Nowoczesne tworzywa i kompozyty s\u0105 wykorzystywane w zderzakach, drzwiach, pasach bezpiecze\u0144stwa, poduszkach powietrznych, deskach rozdzielczych, a nawet wa\u0142ach nap\u0119dowych, w znacznym stopniu przyczyniaj\u0105c si\u0119 do zwi\u0119kszenia bezpiecze\u0144stwa dzisiejszych pojazd\u00f3w i pomagaj\u0105c ocali\u0107 \u017cycie tysi\u0119cy ludzi ka\u017cdego roku. W kabinach niekt\u00f3rych samochod\u00f3w (np. w przypadku obicia foteli i dywanik\u00f3w pod\u0142ogowych) wykorzystuje si\u0119 tak\u017ce materia\u0142y pochodz\u0105ce z recyklingu.<\/p>\n\n\n\n<p>Dowiedz si\u0119, w jaki spos\u00f3b <a href=\"https:\/\/plasticseurope.org\/sustainability\/sustainable-use\/sustainable-mobility-transport\/\" target=\"_blank\" rel=\"noreferrer noopener\">pojazdy<\/a> staj\u0105 si\u0119 bardziej wydajne dzi\u0119ki zastosowaniu tworzyw sztucznych.<\/p>\n<\/div>\n<\/div><\/div>\n\n\n\n<div style=\"height:100px\" aria-hidden=\"true\" class=\"wp-block-spacer\"><\/div>\n\n\n\n<div class=\"wp-block-media-text is-stacked-on-mobile is-image-fill\"><figure class=\"wp-block-media-text__media\" style=\"background-image:url(https:\/\/plasticseurope.org\/wp-content\/uploads\/2021\/10\/plastics-health-prosthetic-arm-1-1024x683.jpg);background-position:39% 43%\"><img decoding=\"async\" src=\"https:\/\/plasticseurope.org\/wp-content\/uploads\/2021\/10\/plastics-health-prosthetic-arm-1-1024x683.jpg\" alt=\"\" class=\"wp-image-2730 size-full\"\/><\/figure><div class=\"wp-block-media-text__content\">\n<div class=\"wp-block-group is-layout-flow wp-block-group-is-layout-flow\">\n<h3 class=\"wp-block-heading\" id=\"supporting-healthcare-innovations\">Wspieranie innowacji w dziedzinie ochrony zdrowia<\/h3>\n\n\n\n<p>Modern healthcare would be impossible without the many plastics-based medical products we take for granted. Plastics are Trudno sobie wyobrazi\u0107 funkcjonowanie nowoczesnej s\u0142u\u017cby zdrowia bez produkt\u00f3w medycznych z tworzyw sztucznych.\u00a0Tworzywa s\u0105 wsz\u0119dzie, pocz\u0105wszy od \u015brodk\u00f3w ochrony indywidualnej, sterylnych strzykawek, work\u00f3w na krew, kaniul do\u017cylnych, zastawek serca, \u201esztucznej sk\u00f3ry\u201d do leczenia oparze\u0144 w nag\u0142ych przypadkach wyrob\u00f3w ortopedycznych, a\u017c po kapsu\u0142ki lek\u00f3w zapewniaj\u0105ce przed\u0142u\u017cone ich\u00a0 uwalnianie.<\/p>\n\n\n\n<p class=\"has-sky-color has-text-color\">Innowacyjne tworzywa sztuczne stwarzaj\u0105 w dziedzinie opieki zdrowotnej, ca\u0142kiem nowe, nieznane dot\u0105d mo\u017cliwo\u015bci, takie jak drukowanie w technologii 3D element\u00f3w wspomagaj\u0105cych leczenie sk\u00f3ry, ko\u015bci i chrz\u0105stek, czy opracowywanie\u00a0 nowych materia\u0142\u00f3w zdolnych do samoregeneracji. Dzi\u0119ki zastosowaniu tworzyw w urz\u0105dzeniach medycznych umo\u017cliwiaj\u0105cych monitorowanie stanu zdrowia i samodzielne przyjmowanie lek\u00f3w, pacjenci mog\u0105\u00a0 bardziej aktywnie i samodzielnie dba\u0107 o swoje zdrowie i dobre samopoczucie.<\/p>\n\n\n\n<p>Wi\u0119cej informacji na temat innowacyjnych tworzyw sztucznych w obszarze <a href=\"https:\/\/plasticseurope.org\/sustainability\/plastics-health\/\" target=\"_blank\" rel=\"noreferrer noopener\">opieki i profilaktyki zdrowotnej<\/a>.<\/p>\n<\/div>\n<\/div><\/div>\n\n\n\n<div style=\"height:100px\" aria-hidden=\"true\" class=\"wp-block-spacer\"><\/div>\n\n\n\n<div class=\"wp-block-media-text has-media-on-the-right is-stacked-on-mobile is-image-fill\"><figure class=\"wp-block-media-text__media\" style=\"background-image:url(https:\/\/plasticseurope.org\/wp-content\/uploads\/2021\/10\/plastics-reusable-food-containers-1-1024x683.jpg);background-position:25% 48%\"><img decoding=\"async\" src=\"https:\/\/plasticseurope.org\/wp-content\/uploads\/2021\/10\/plastics-reusable-food-containers-1-1024x683.jpg\" alt=\"\" class=\"wp-image-2734 size-full\"\/><\/figure><div class=\"wp-block-media-text__content\">\n<div class=\"wp-block-group is-layout-flow wp-block-group-is-layout-flow\">\n<h3 class=\"wp-block-heading\" id=\"plastic-packaging-for-food-preservation-hygiene-and-safety\">Opakowania z tworzyw sztucznych zabezpieczaj\u0105 \u017cywno\u015b\u0107, a tak\u017ce zapewniaj\u0105 wysoki poziom higieny i bezpiecze\u0144stwa<\/h3>\n\n\n\n<p>Kluczowym obszarem, w kt\u00f3rym tworzywa sztuczne odgrywaj\u0105 istotn\u0105 rol\u0119, s\u0105 opakowania \u017cywno\u015bci. Opakowania z tworzyw sztucznych istotnie przyczyniaj\u0105 si\u0119 do ograniczania ilo\u015bci marnowanej \u017cywno\u015bci dzi\u0119ki przed\u0142u\u017ceniu jej trwa\u0142o\u015bci i ochronie podczas transportu oraz przechowywania.<\/p>\n\n\n\n<p class=\"has-jade-color has-text-color\"><strong>Czy wiesz, \u017ce&#8230;?<\/strong> Wed\u0142ug Organizacji Narod\u00f3w Zjednoczonych ds. Wy\u017cywienia i Rolnictwa (FAO) oko\u0142o jedna trzecia \u017cywno\u015bci przeznaczonej do spo\u017cycia przez ludzi jest co roku marnowana.<\/p>\n\n\n\n<p>Opakowania z tworzyw sztucznych chroni\u0105 \u017cywno\u015b\u0107 przed zanieczyszczeniem, natomiast bezpieczne zamkni\u0119cia zapewniaj\u0105 dodatkow\u0105 ochron\u0119 i bezpiecze\u0144stwo konsumentom. Odpowiednie innowacyjne opakowania zapewniaj\u0105 odpowiedni\u0105 jako\u015b\u0107 i bezpiecze\u0144stwo, w tym\u00a0 sterylno\u015b\u0107 ,wyrob\u00f3w przeznaczonych do zastosowa\u0144 medycznych i zdrowotnych.<\/p>\n\n\n\n<p>Lekkie materia\u0142y opakowaniowe zmniejszaj\u0105 ilo\u015b\u0107 emisji CO<sub>2<\/sub> pochodz\u0105cych z transportu \u017cywno\u015bci i innych towar\u00f3w. Jednocze\u015bnie trwa\u0142o\u015b\u0107 i wszechstronno\u015b\u0107 opakowa\u0144 z tworzyw oznacza, \u017ce towary mog\u0105 by\u0107 dostarczane w idealnym stanie, a uszkodzenia i straty zostaj\u0105 zminimalizowane.<\/p>\n\n\n\n<p>Dowiedz si\u0119, w jaki spos\u00f3b opakowania z tworzyw sztucznych przyczyniaj\u0105 si\u0119 do poprawy <a href=\"https:\/\/plasticseurope.org\/sustainability\/plastics-health\/safety-of-plastics\/food-contact\/\" target=\"_blank\" rel=\"noreferrer noopener\">zdrowia i higieny<\/a>.<\/p>\n<\/div>\n<\/div><\/div>\n\n\n\n<div style=\"height:100px\" aria-hidden=\"true\" class=\"wp-block-spacer\"><\/div>\n\n\n\n<div class=\"wp-block-media-text is-stacked-on-mobile is-image-fill\"><figure class=\"wp-block-media-text__media\" style=\"background-image:url(https:\/\/plasticseurope.org\/wp-content\/uploads\/2021\/10\/plastics-agriculture-sustainable-1-1024x693.jpg);background-position:50% 50%\"><img decoding=\"async\" src=\"https:\/\/plasticseurope.org\/wp-content\/uploads\/2021\/10\/plastics-agriculture-sustainable-1-1024x693.jpg\" alt=\"\" class=\"wp-image-2738 size-full\"\/><\/figure><div class=\"wp-block-media-text__content\">\n<div class=\"wp-block-group is-layout-flow wp-block-group-is-layout-flow\">\n<h3 class=\"wp-block-heading\" id=\"all-year-round-agriculture\">Produkcja rolna przez ca\u0142y rok<\/h3>\n\n\n\n<p>Wzrost wykorzystania tworzyw sztucznych w rolnictwie pom\u00f3g\u0142 rolnikom zwi\u0119kszy\u0107 produkcj\u0119 upraw i obni\u017cy\u0107 koszty \u017cywno\u015bci przy jednoczesnej poprawie jej jako\u015bci, a tak\u017ce zredukowa\u0107 wp\u0142yw ich dzia\u0142alno\u015bci na \u015brodowisko.<\/p>\n\n\n\n<p class=\"has-satsuma-color has-text-color\">Tworzywa sztuczne s\u0105 wykorzystywane do ochrony upraw przed trudnymi warunkami pogodowymi, szkodnikami i chorobami oraz do przechowywania wody i minimalizowania jej strat. Szklarnie i tunele foliowe umo\u017cliwiaj\u0105 upraw\u0119 owoc\u00f3w i warzyw niezale\u017cnie od pory roku, tworz\u0105c najlepsze warunki klimatyczne do wzrostu i zmniejszaj\u0105c zapotrzebowanie na pestycydy.<\/p>\n\n\n\n<p>Dowiedz si\u0119, w jaki spos\u00f3b tworzywa sztuczne wspieraj\u0105 <a href=\"https:\/\/plasticseurope.org\/sustainability\/sustainable-use\/sustainable-agriculture\/\" target=\"_blank\" rel=\"noreferrer noopener\">rolnictwo<\/a>.<\/p>\n<\/div>\n<\/div><\/div>\n\n\n\n<div style=\"height:100px\" aria-hidden=\"true\" class=\"wp-block-spacer\"><\/div>\n\n\n\n<div class=\"wp-block-media-text has-media-on-the-right is-stacked-on-mobile is-image-fill\"><figure class=\"wp-block-media-text__media\" style=\"background-image:url(https:\/\/plasticseurope.org\/wp-content\/uploads\/2021\/10\/plastics-technology-1024x576.jpg);background-position:50% 50%\"><img decoding=\"async\" src=\"https:\/\/plasticseurope.org\/wp-content\/uploads\/2021\/10\/plastics-technology-1024x576.jpg\" alt=\"\" class=\"wp-image-2744 size-full\"\/><\/figure><div class=\"wp-block-media-text__content\">\n<div class=\"wp-block-group is-layout-flow wp-block-group-is-layout-flow\">\n<h3 class=\"wp-block-heading\" id=\"efficient-electronics\">Efektywna elektronika<\/h3>\n\n\n\n<p>Technologie komputerowe, internet i komunikacja mobilna to szybko rozwijaj\u0105ce si\u0119 obszary, co nie by\u0142oby mo\u017cliwe bez nowej generacji tworzyw sztucznych. Pomog\u0142y one otworzy\u0107 nowy \u015bwiat \u0142\u0105czno\u015bci, informacji i rozrywki dla znacznie wi\u0119kszej cz\u0119\u015bci populacji, ni\u017c wcze\u015bniej s\u0105dzono.<\/p>\n\n\n\n<p class=\"has-sky-color has-text-color\">Tworzywa sztuczne umo\u017cliwiaj\u0105 producentom zmniejszenie wielko\u015bci i masy oraz zwi\u0119kszenie efektywno\u015bci energetycznej urz\u0105dze\u0144 elektronicznych. Osi\u0105ganie lepszych efekt\u00f3w mniejszym nak\u0142adem \u015brodk\u00f3w oznacza l\u017cejsze i bardziej kompaktowe smartfony, laptopy i telewizory.<\/p>\n\n\n\n<p>Dowiedz si\u0119, w jaki spos\u00f3b tworzywa sztuczne s\u0105 wykorzystywane w <a href=\"https:\/\/plasticseurope.org\/electronics\/\" target=\"_blank\" rel=\"noreferrer noopener\">urz\u0105dzeniach elektronicznych<\/a>, z kt\u00f3rych korzystamy na co dzie\u0144.<\/p>\n<\/div>\n<\/div><\/div>\n","protected":false},"excerpt":{"rendered":"<p>Tworzywa sztuczne w \u017cyciu codziennym Tworzywa sztuczne stanowi\u0105 centralny element stale rozszerzaj\u0105cej si\u0119 gamy innowacji, kt\u00f3ra przyczynia si\u0119 do zr\u00f3wnowa\u017conego rozwoju, bezpiecze\u0144stwa, zwi\u0119kszenia d\u0142ugo\u015bci \u017cycia i lepszego dzia\u0142ania na co dzie\u0144. Dzi\u0119ki zr\u00f3wnowa\u017conemu wykorzystaniu wyroby z tworzyw, od momentu ich zakupu a\u017c po wycofanie z eksploatacji, mog\u0105 przynie\u015b\u0107 spo\u0142ecze\u0144stwu i \u015brodowisku realne korzy\u015bci. Oto kilka [&hellip;]<\/p>\n","protected":false},"author":1,"featured_media":739,"parent":56,"menu_order":0,"comment_status":"closed","ping_status":"closed","template":"","meta":{"footnotes":""},"class_list":["post-922","page","type-page","status-publish","has-post-thumbnail","hentry"],"acf":[],"yoast_head":"<!-- This site is optimized with the Yoast SEO plugin v21.6 - https:\/\/yoast.com\/wordpress\/plugins\/seo\/ -->\n<title>Zr\u00f3wnowa\u017cone wykorzystanie - Plastics Europe PL<\/title>\n<meta name=\"robots\" content=\"index, follow, max-snippet:-1, max-image-preview:large, max-video-preview:-1\" \/>\n<link rel=\"canonical\" href=\"https:\/\/plasticseurope.org\/pl\/zrownowazony-rozwoj\/zrownowazone-wykorzystanie\/\" \/>\n<meta property=\"og:locale\" content=\"pl_PL\" \/>\n<meta property=\"og:type\" content=\"article\" \/>\n<meta property=\"og:title\" content=\"Zr\u00f3wnowa\u017cone wykorzystanie - Plastics Europe PL\" \/>\n<meta property=\"og:description\" content=\"Tworzywa sztuczne w \u017cyciu codziennym Tworzywa sztuczne stanowi\u0105 centralny element stale rozszerzaj\u0105cej si\u0119 gamy innowacji, kt\u00f3ra przyczynia si\u0119 do zr\u00f3wnowa\u017conego rozwoju, bezpiecze\u0144stwa, zwi\u0119kszenia d\u0142ugo\u015bci \u017cycia i lepszego dzia\u0142ania na co dzie\u0144. Dzi\u0119ki zr\u00f3wnowa\u017conemu wykorzystaniu wyroby z tworzyw, od momentu ich zakupu a\u017c po wycofanie z eksploatacji, mog\u0105 przynie\u015b\u0107 spo\u0142ecze\u0144stwu i \u015brodowisku realne korzy\u015bci. Oto kilka [&hellip;]\" \/>\n<meta property=\"og:url\" content=\"https:\/\/plasticseurope.org\/pl\/zrownowazony-rozwoj\/zrownowazone-wykorzystanie\/\" \/>\n<meta property=\"og:site_name\" content=\"Plastics Europe PL\" \/>\n<meta property=\"article:modified_time\" content=\"2022-03-09T10:24:46+00:00\" \/>\n<meta property=\"og:image\" content=\"https:\/\/plasticseurope.org\/pl\/wp-content\/uploads\/sites\/7\/2021\/12\/plastic-fun-toys-happiness-scaled.jpg\" \/>\n\t<meta property=\"og:image:width\" content=\"2560\" \/>\n\t<meta property=\"og:image:height\" content=\"1707\" \/>\n\t<meta property=\"og:image:type\" content=\"image\/jpeg\" \/>\n<meta name=\"twitter:card\" content=\"summary_large_image\" \/>\n<meta name=\"twitter:label1\" content=\"Szacowany czas czytania\" \/>\n\t<meta name=\"twitter:data1\" content=\"7 minut\" \/>\n<script type=\"application\/ld+json\" class=\"yoast-schema-graph\">{\"@context\":\"https:\/\/schema.org\",\"@graph\":[{\"@type\":\"WebPage\",\"@id\":\"https:\/\/plasticseurope.org\/pl\/zrownowazony-rozwoj\/zrownowazone-wykorzystanie\/\",\"url\":\"https:\/\/plasticseurope.org\/pl\/zrownowazony-rozwoj\/zrownowazone-wykorzystanie\/\",\"name\":\"Zr\u00f3wnowa\u017cone wykorzystanie - Plastics Europe PL\",\"isPartOf\":{\"@id\":\"https:\/\/plasticseurope.org\/pl\/#website\"},\"datePublished\":\"2022-03-09T10:24:45+00:00\",\"dateModified\":\"2022-03-09T10:24:46+00:00\",\"breadcrumb\":{\"@id\":\"https:\/\/plasticseurope.org\/pl\/zrownowazony-rozwoj\/zrownowazone-wykorzystanie\/#breadcrumb\"},\"inLanguage\":\"pl-PL\",\"potentialAction\":[{\"@type\":\"ReadAction\",\"target\":[\"https:\/\/plasticseurope.org\/pl\/zrownowazony-rozwoj\/zrownowazone-wykorzystanie\/\"]}]},{\"@type\":\"BreadcrumbList\",\"@id\":\"https:\/\/plasticseurope.org\/pl\/zrownowazony-rozwoj\/zrownowazone-wykorzystanie\/#breadcrumb\",\"itemListElement\":[{\"@type\":\"ListItem\",\"position\":1,\"name\":\"Home\",\"item\":\"https:\/\/plasticseurope.org\/pl\/\"},{\"@type\":\"ListItem\",\"position\":2,\"name\":\"Zr\u00f3wnowa\u017cony Rozw\u00f3j\",\"item\":\"https:\/\/plasticseurope.org\/pl\/zrownowazony-rozwoj\/\"},{\"@type\":\"ListItem\",\"position\":3,\"name\":\"Zr\u00f3wnowa\u017cone wykorzystanie\"}]},{\"@type\":\"WebSite\",\"@id\":\"https:\/\/plasticseurope.org\/pl\/#website\",\"url\":\"https:\/\/plasticseurope.org\/pl\/\",\"name\":\"Plastics Europe PL\",\"description\":\"Enabling a sustainable future\",\"potentialAction\":[{\"@type\":\"SearchAction\",\"target\":{\"@type\":\"EntryPoint\",\"urlTemplate\":\"https:\/\/plasticseurope.org\/pl\/?s={search_term_string}\"},\"query-input\":\"required name=search_term_string\"}],\"inLanguage\":\"pl-PL\"}]}<\/script>\n<!-- \/ Yoast SEO plugin. -->","yoast_head_json":{"title":"Zr\u00f3wnowa\u017cone wykorzystanie - Plastics Europe PL","robots":{"index":"index","follow":"follow","max-snippet":"max-snippet:-1","max-image-preview":"max-image-preview:large","max-video-preview":"max-video-preview:-1"},"canonical":"https:\/\/plasticseurope.org\/pl\/zrownowazony-rozwoj\/zrownowazone-wykorzystanie\/","og_locale":"pl_PL","og_type":"article","og_title":"Zr\u00f3wnowa\u017cone wykorzystanie - Plastics Europe PL","og_description":"Tworzywa sztuczne w \u017cyciu codziennym Tworzywa sztuczne stanowi\u0105 centralny element stale rozszerzaj\u0105cej si\u0119 gamy innowacji, kt\u00f3ra przyczynia si\u0119 do zr\u00f3wnowa\u017conego rozwoju, bezpiecze\u0144stwa, zwi\u0119kszenia d\u0142ugo\u015bci \u017cycia i lepszego dzia\u0142ania na co dzie\u0144. Dzi\u0119ki zr\u00f3wnowa\u017conemu wykorzystaniu wyroby z tworzyw, od momentu ich zakupu a\u017c po wycofanie z eksploatacji, mog\u0105 przynie\u015b\u0107 spo\u0142ecze\u0144stwu i \u015brodowisku realne korzy\u015bci. Oto kilka [&hellip;]","og_url":"https:\/\/plasticseurope.org\/pl\/zrownowazony-rozwoj\/zrownowazone-wykorzystanie\/","og_site_name":"Plastics Europe PL","article_modified_time":"2022-03-09T10:24:46+00:00","og_image":[{"width":2560,"height":1707,"url":"https:\/\/plasticseurope.org\/pl\/wp-content\/uploads\/sites\/7\/2021\/12\/plastic-fun-toys-happiness-scaled.jpg","type":"image\/jpeg"}],"twitter_card":"summary_large_image","twitter_misc":{"Szacowany czas czytania":"7 minut"},"schema":{"@context":"https:\/\/schema.org","@graph":[{"@type":"WebPage","@id":"https:\/\/plasticseurope.org\/pl\/zrownowazony-rozwoj\/zrownowazone-wykorzystanie\/","url":"https:\/\/plasticseurope.org\/pl\/zrownowazony-rozwoj\/zrownowazone-wykorzystanie\/","name":"Zr\u00f3wnowa\u017cone wykorzystanie - Plastics Europe PL","isPartOf":{"@id":"https:\/\/plasticseurope.org\/pl\/#website"},"datePublished":"2022-03-09T10:24:45+00:00","dateModified":"2022-03-09T10:24:46+00:00","breadcrumb":{"@id":"https:\/\/plasticseurope.org\/pl\/zrownowazony-rozwoj\/zrownowazone-wykorzystanie\/#breadcrumb"},"inLanguage":"pl-PL","potentialAction":[{"@type":"ReadAction","target":["https:\/\/plasticseurope.org\/pl\/zrownowazony-rozwoj\/zrownowazone-wykorzystanie\/"]}]},{"@type":"BreadcrumbList","@id":"https:\/\/plasticseurope.org\/pl\/zrownowazony-rozwoj\/zrownowazone-wykorzystanie\/#breadcrumb","itemListElement":[{"@type":"ListItem","position":1,"name":"Home","item":"https:\/\/plasticseurope.org\/pl\/"},{"@type":"ListItem","position":2,"name":"Zr\u00f3wnowa\u017cony Rozw\u00f3j","item":"https:\/\/plasticseurope.org\/pl\/zrownowazony-rozwoj\/"},{"@type":"ListItem","position":3,"name":"Zr\u00f3wnowa\u017cone wykorzystanie"}]},{"@type":"WebSite","@id":"https:\/\/plasticseurope.org\/pl\/#website","url":"https:\/\/plasticseurope.org\/pl\/","name":"Plastics Europe PL","description":"Enabling a sustainable future","potentialAction":[{"@type":"SearchAction","target":{"@type":"EntryPoint","urlTemplate":"https:\/\/plasticseurope.org\/pl\/?s={search_term_string}"},"query-input":"required name=search_term_string"}],"inLanguage":"pl-PL"}]}},"_links":{"self":[{"href":"https:\/\/plasticseurope.org\/pl\/wp-json\/wp\/v2\/pages\/922","targetHints":{"allow":["GET"]}}],"collection":[{"href":"https:\/\/plasticseurope.org\/pl\/wp-json\/wp\/v2\/pages"}],"about":[{"href":"https:\/\/plasticseurope.org\/pl\/wp-json\/wp\/v2\/types\/page"}],"author":[{"embeddable":true,"href":"https:\/\/plasticseurope.org\/pl\/wp-json\/wp\/v2\/users\/1"}],"replies":[{"embeddable":true,"href":"https:\/\/plasticseurope.org\/pl\/wp-json\/wp\/v2\/comments?post=922"}],"version-history":[{"count":0,"href":"https:\/\/plasticseurope.org\/pl\/wp-json\/wp\/v2\/pages\/922\/revisions"}],"up":[{"embeddable":true,"href":"https:\/\/plasticseurope.org\/pl\/wp-json\/wp\/v2\/pages\/56"}],"wp:featuredmedia":[{"embeddable":true,"href":"https:\/\/plasticseurope.org\/pl\/wp-json\/wp\/v2\/media\/739"}],"wp:attachment":[{"href":"https:\/\/plasticseurope.org\/pl\/wp-json\/wp\/v2\/media?parent=922"}],"curies":[{"name":"wp","href":"https:\/\/api.w.org\/{rel}","templated":true}]}}