{"id":887,"date":"2022-02-22T10:49:36","date_gmt":"2022-02-22T10:49:36","guid":{"rendered":"https:\/\/plasticseurope.wpenginepowered.com\/pl\/?page_id=887"},"modified":"2022-07-07T08:27:48","modified_gmt":"2022-07-07T08:27:48","slug":"obieg-zamkniety","status":"publish","type":"page","link":"https:\/\/plasticseurope.org\/pl\/zrownowazony-rozwoj\/obieg-zamkniety\/","title":{"rendered":"Obieg zamkni\u0119ty"},"content":{"rendered":"\n<p>W gospodarce obiegu zamkni\u0119tego w kontek\u015bcie tworzyw sztucznych chodzi o poznanie i wykorzystanie warto\u015bci tworzyw sztucznych jako zasobu, przy jednoczesnym uwzgl\u0119dnieniu jak najmniejszego wp\u0142ywu na klimat. W ostatnich latach stowarzyszenie Plastics Europe traktuje przej\u015bcie na gospodark\u0119 o obiegu zamkni\u0119tym jako spraw\u0119 najwy\u017cszej wagi.<\/p>\n\n\n\n<div style=\"height:48px\" aria-hidden=\"true\" class=\"wp-block-spacer\"><\/div>\n\n\n\n<h2 class=\"wp-block-heading\" id=\"przejscie-na-gospodarke-obiegu-zamknietegow-sektorze-tworzyw-sztucznych\">Przej\u015bcie na gospodark\u0119 obiegu zamkni\u0119tegow sektorze tworzyw sztucznych<\/h2>\n\n\n\n<p>Przej\u015bcie na gospodark\u0119 o obiegu zamkni\u0119tym to priorytet; aby by\u0142o mo\u017cliwe musimy wykorzysta\u0107 w pe\u0142ni potencja\u0142 innowacji i nowych technologii, na przyk\u0142ad wytwarzanie takich produkt\u00f3w, kt\u00f3re znacznie bardziej nadaj\u0105 si\u0119 do ponownego u\u017cycia i do recyklingu, a tak\u017ce opracowywanie bardziej innowacyjnych technik recyklingu. Zmian wymagaj\u0105 r\u00f3wnie\u017c ramy polityczne i legislacyjne, kt\u00f3re b\u0119d\u0105 promowa\u0107 recykling chemiczny, zharmonizowan\u0105 zbi\u00f3rk\u0119 odpad\u00f3w, a tak\u017ce recykling mechaniczny, zapewniaj\u0105c jednocze\u015bnie wsparcie inwestycyjne i rozw\u00f3j rynk\u00f3w surowc\u00f3w wt\u00f3rnych.<\/p>\n\n\n\n<p>Chocia\u017c koncepcja gospodarki o obiegu zamkni\u0119tym kompleksowo ujmuje problematyk\u0119 zapobiegania gromadzeniu tworzyw sztucznych na wysypiskach, przeciwdzia\u0142ania ich spalaniu lub walki z za\u015bmiecaniem ocean\u00f3w <a href=\"https:\/\/plasticseurope.org\/sustainability\/circularity\/waste-management-prevention\/marine-litter\/\" target=\"_blank\" rel=\"noreferrer noopener\">przez odpady<\/a> tworzyw, przy jednoczesnym pe\u0142nym wykorzystaniu potencja\u0142u tych materia\u0142\u00f3w, to jednak niezb\u0119dne s\u0105 dodatkowe dzia\u0142ania. Obejmuj\u0105 one zapobieganie <a href=\"https:\/\/plasticseurope.org\/sustainability\/circularity\/waste-management-prevention\/pellet-loss-prevention\/\" target=\"_blank\" rel=\"noreferrer noopener\">stratom granulatu <\/a>we wszystkich operacjach zwi\u0105zanych z produkcj\u0105 i logistyk\u0105 tworzyw, zapewnienie w\u0142a\u015bciwego zagospodarowania pokonsumenckich odpad\u00f3w plastikowych, w tym bardziej efektywnej zbi\u00f3rki i sortowania odpad\u00f3w, a tak\u017ce zwi\u0119kszanie \u015bwiadomo\u015bci w naszej bran\u017cy oraz w spo\u0142ecze\u0144stwie.<\/p>\n\n\n\n<p>Jednak tworzywa sztuczne w gospodarce o obiegu zamkni\u0119tym to nie tylko odpady, wyeliminowanie wyciek\u00f3w do \u015brodowiska i zwi\u0119kszenie <a href=\"https:\/\/plasticseurope.org\/sustainability\/climate\/sustainable-feedstocks\/renewable-resources-bioplastics\/\" target=\"_blank\" rel=\"noreferrer noopener\">wykorzystania surowc\u00f3w<\/a> wt\u00f3rnych. Bardzo wa\u017cne jest tak\u017ce zwi\u0119kszenie wykorzystania surowc\u00f3w odnawialnych do produkcji tworzyw.<\/p>\n\n\n\n<div style=\"height:48px\" aria-hidden=\"true\" class=\"wp-block-spacer\"><\/div>\n\n\n\n<div style=\"height:48px\" aria-hidden=\"true\" class=\"wp-block-spacer\"><\/div>\n\n\n\n<figure id=\"embed-block_6166f168c781d\" class=\"pe-video-embed\">\n  <div class=\"embed-container\">\n    <iframe loading=\"lazy\" title=\"Plastics \u2013 too valuable to throw away (www.plasticseurope.org)\" width=\"640\" height=\"360\" src=\"https:\/\/www.youtube.com\/embed\/72lFyzpoIHU?feature=oembed\" frameborder=\"0\" allow=\"accelerometer; autoplay; clipboard-write; encrypted-media; gyroscope; picture-in-picture; web-share\" referrerpolicy=\"strict-origin-when-cross-origin\" allowfullscreen><\/iframe>    <div class=\"image-wrapper absolute inset-0 transition-opacity duration-200 bg-satsuma-900\">\n      <img loading=\"lazy\" decoding=\"async\" width=\"1200\" height=\"410\" src=\"https:\/\/plasticseurope.org\/pl\/wp-content\/uploads\/sites\/7\/2022\/02\/MRC-header2.png\" class=\"overlay-image relative h-full w-full object-cover\" alt=\"\" srcset=\"https:\/\/plasticseurope.org\/pl\/wp-content\/uploads\/sites\/7\/2022\/02\/MRC-header2.png 1200w, https:\/\/plasticseurope.org\/pl\/wp-content\/uploads\/sites\/7\/2022\/02\/MRC-header2-300x103.png 300w, https:\/\/plasticseurope.org\/pl\/wp-content\/uploads\/sites\/7\/2022\/02\/MRC-header2-1024x350.png 1024w, https:\/\/plasticseurope.org\/pl\/wp-content\/uploads\/sites\/7\/2022\/02\/MRC-header2-768x262.png 768w\" sizes=\"auto, (max-width: 1200px) 100vw, 1200px\" \/>      <div class=\"absolute inset-0 bg-gray-600 mix-blend-multiply\"><\/div>\n      <div class=\"absolute inset-0 flex items-center justify-center\">\n        <div class=\"relative max-w-2xl mx-auto px-4 py-8 sm:px-6 sm:py-24 lg:py-32 lg:px-8\">\n          <h2 class=\"text-lg lg:text-xl xl:text-2xl text-satsuma-900 text-center\">Tworzywa sztuczne \u2013zbyt cenne, aby je wyrzuci\u0107<\/h2>\n                    <p class=\"hidden md:block mt-2 lg:mt-6 text-center text-white md:text-lg\">\n                      <\/p>\n          <div class=\"md:mt-6 max-w-sm mx-auto md:max-w-none flex justify-center\">\n            <button class=\"play-video flex items-center justify-center\">\n              <svg class=\"h-6 w-6 md:h-12 md:w-12 text-white\" xmlns=\"http:\/\/www.w3.org\/2000\/svg\" xmlns:xlink=\"http:\/\/www.w3.org\/1999\/xlink\" width=\"36\" height=\"36\" viewBox=\"0 0 36 36\">\n                <defs>\n                  <clipPath id=\"clip-path\">\n                    <path id=\"Path_11\" data-name=\"Path 11\" d=\"M1.636-14.455A.773.773,0,0,1,2.1-14.3l.021.017,8.437,6.135,0,0,.012.009a.773.773,0,0,1,.343.641.773.773,0,0,1-.347.644L2.1-.7a.773.773,0,0,1-.459.151.773.773,0,0,1-.773-.773V-13.682A.773.773,0,0,1,1.636-14.455Z\" fill=\"currentColor\" clip-rule=\"evenodd\"\/>\n                  <\/clipPath>\n                  <clipPath id=\"clip-path-2\">\n                    <path id=\"Path_10\" data-name=\"Path 10\" d=\"M-255,674H1185V-346H-255Z\" fill=\"currentColor\"\/>\n                  <\/clipPath>\n                <\/defs>\n                <g fill=\"none\" stroke=\"currentColor\" stroke-linecap=\"round\" stroke-miterlimit=\"10\" stroke-width=\"2\">\n                  <rect width=\"36\" height=\"36\" rx=\"18\" stroke=\"none\"\/>\n                  <rect x=\"1\" y=\"1\" width=\"34\" height=\"34\" rx=\"17\" fill=\"none\"\/>\n                <\/g>\n                <g data-name=\"Group \" transform=\"translate(12.637 25.455)\">\n                  <g clip-path=\"url(#clip-path)\">\n                    <g clip-path=\"url(#clip-path-2)\">\n                      <path d=\"M-4.136,4.455H15.909V-19.455H-4.136Z\" fill=\"currentColor\"\/>\n                    <\/g>\n                  <\/g>\n                <\/g>\n              <\/svg>\n            <\/button>\n          <\/div>\n        <\/div>\n      <\/div>\n    <\/div>\n  <\/div>\n<\/figure>\n\n\n\n<div style=\"height:48px\" aria-hidden=\"true\" class=\"wp-block-spacer\"><\/div>\n","protected":false},"excerpt":{"rendered":"<p>W gospodarce obiegu zamkni\u0119tego w kontek\u015bcie tworzyw sztucznych chodzi o poznanie i wykorzystanie warto\u015bci tworzyw sztucznych jako zasobu, przy jednoczesnym uwzgl\u0119dnieniu jak najmniejszego wp\u0142ywu na klimat. W ostatnich latach stowarzyszenie Plastics Europe traktuje przej\u015bcie na gospodark\u0119 o obiegu zamkni\u0119tym jako spraw\u0119 najwy\u017cszej wagi. Przej\u015bcie na gospodark\u0119 obiegu zamkni\u0119tegow sektorze tworzyw sztucznych Przej\u015bcie na gospodark\u0119 o [&hellip;]<\/p>\n","protected":false},"author":1,"featured_media":751,"parent":56,"menu_order":0,"comment_status":"closed","ping_status":"closed","template":"","meta":{"footnotes":""},"class_list":["post-887","page","type-page","status-publish","has-post-thumbnail","hentry"],"acf":[],"yoast_head":"<!-- This site is optimized with the Yoast SEO plugin v21.6 - https:\/\/yoast.com\/wordpress\/plugins\/seo\/ -->\n<title>Obieg zamkni\u0119ty - Plastics Europe PL<\/title>\n<meta name=\"robots\" content=\"index, follow, max-snippet:-1, max-image-preview:large, max-video-preview:-1\" \/>\n<link rel=\"canonical\" href=\"https:\/\/plasticseurope.org\/pl\/zrownowazony-rozwoj\/obieg-zamkniety\/\" \/>\n<meta property=\"og:locale\" content=\"pl_PL\" \/>\n<meta property=\"og:type\" content=\"article\" \/>\n<meta property=\"og:title\" content=\"Obieg zamkni\u0119ty - Plastics Europe PL\" \/>\n<meta property=\"og:description\" content=\"W gospodarce obiegu zamkni\u0119tego w kontek\u015bcie tworzyw sztucznych chodzi o poznanie i wykorzystanie warto\u015bci tworzyw sztucznych jako zasobu, przy jednoczesnym uwzgl\u0119dnieniu jak najmniejszego wp\u0142ywu na klimat. W ostatnich latach stowarzyszenie Plastics Europe traktuje przej\u015bcie na gospodark\u0119 o obiegu zamkni\u0119tym jako spraw\u0119 najwy\u017cszej wagi. Przej\u015bcie na gospodark\u0119 obiegu zamkni\u0119tegow sektorze tworzyw sztucznych Przej\u015bcie na gospodark\u0119 o [&hellip;]\" \/>\n<meta property=\"og:url\" content=\"https:\/\/plasticseurope.org\/pl\/zrownowazony-rozwoj\/obieg-zamkniety\/\" \/>\n<meta property=\"og:site_name\" content=\"Plastics Europe PL\" \/>\n<meta property=\"article:modified_time\" content=\"2022-07-07T08:27:48+00:00\" \/>\n<meta property=\"og:image\" content=\"https:\/\/plasticseurope.org\/pl\/wp-content\/uploads\/sites\/7\/2021\/12\/bioplastic-sustainable-coffee-cup-scaled.jpg\" \/>\n\t<meta property=\"og:image:width\" content=\"2560\" \/>\n\t<meta property=\"og:image:height\" content=\"1707\" \/>\n\t<meta property=\"og:image:type\" content=\"image\/jpeg\" \/>\n<meta name=\"twitter:card\" content=\"summary_large_image\" \/>\n<meta name=\"twitter:label1\" content=\"Szacowany czas czytania\" \/>\n\t<meta name=\"twitter:data1\" content=\"2 minuty\" \/>\n<script type=\"application\/ld+json\" class=\"yoast-schema-graph\">{\"@context\":\"https:\/\/schema.org\",\"@graph\":[{\"@type\":\"WebPage\",\"@id\":\"https:\/\/plasticseurope.org\/pl\/zrownowazony-rozwoj\/obieg-zamkniety\/\",\"url\":\"https:\/\/plasticseurope.org\/pl\/zrownowazony-rozwoj\/obieg-zamkniety\/\",\"name\":\"Obieg zamkni\u0119ty - Plastics Europe PL\",\"isPartOf\":{\"@id\":\"https:\/\/plasticseurope.org\/pl\/#website\"},\"datePublished\":\"2022-02-22T10:49:36+00:00\",\"dateModified\":\"2022-07-07T08:27:48+00:00\",\"breadcrumb\":{\"@id\":\"https:\/\/plasticseurope.org\/pl\/zrownowazony-rozwoj\/obieg-zamkniety\/#breadcrumb\"},\"inLanguage\":\"pl-PL\",\"potentialAction\":[{\"@type\":\"ReadAction\",\"target\":[\"https:\/\/plasticseurope.org\/pl\/zrownowazony-rozwoj\/obieg-zamkniety\/\"]}]},{\"@type\":\"BreadcrumbList\",\"@id\":\"https:\/\/plasticseurope.org\/pl\/zrownowazony-rozwoj\/obieg-zamkniety\/#breadcrumb\",\"itemListElement\":[{\"@type\":\"ListItem\",\"position\":1,\"name\":\"Home\",\"item\":\"https:\/\/plasticseurope.org\/pl\/\"},{\"@type\":\"ListItem\",\"position\":2,\"name\":\"Zr\u00f3wnowa\u017cony Rozw\u00f3j\",\"item\":\"https:\/\/plasticseurope.org\/pl\/zrownowazony-rozwoj\/\"},{\"@type\":\"ListItem\",\"position\":3,\"name\":\"Obieg zamkni\u0119ty\"}]},{\"@type\":\"WebSite\",\"@id\":\"https:\/\/plasticseurope.org\/pl\/#website\",\"url\":\"https:\/\/plasticseurope.org\/pl\/\",\"name\":\"Plastics Europe PL\",\"description\":\"Enabling a sustainable future\",\"potentialAction\":[{\"@type\":\"SearchAction\",\"target\":{\"@type\":\"EntryPoint\",\"urlTemplate\":\"https:\/\/plasticseurope.org\/pl\/?s={search_term_string}\"},\"query-input\":\"required name=search_term_string\"}],\"inLanguage\":\"pl-PL\"}]}<\/script>\n<!-- \/ Yoast SEO plugin. -->","yoast_head_json":{"title":"Obieg zamkni\u0119ty - Plastics Europe PL","robots":{"index":"index","follow":"follow","max-snippet":"max-snippet:-1","max-image-preview":"max-image-preview:large","max-video-preview":"max-video-preview:-1"},"canonical":"https:\/\/plasticseurope.org\/pl\/zrownowazony-rozwoj\/obieg-zamkniety\/","og_locale":"pl_PL","og_type":"article","og_title":"Obieg zamkni\u0119ty - Plastics Europe PL","og_description":"W gospodarce obiegu zamkni\u0119tego w kontek\u015bcie tworzyw sztucznych chodzi o poznanie i wykorzystanie warto\u015bci tworzyw sztucznych jako zasobu, przy jednoczesnym uwzgl\u0119dnieniu jak najmniejszego wp\u0142ywu na klimat. W ostatnich latach stowarzyszenie Plastics Europe traktuje przej\u015bcie na gospodark\u0119 o obiegu zamkni\u0119tym jako spraw\u0119 najwy\u017cszej wagi. Przej\u015bcie na gospodark\u0119 obiegu zamkni\u0119tegow sektorze tworzyw sztucznych Przej\u015bcie na gospodark\u0119 o [&hellip;]","og_url":"https:\/\/plasticseurope.org\/pl\/zrownowazony-rozwoj\/obieg-zamkniety\/","og_site_name":"Plastics Europe PL","article_modified_time":"2022-07-07T08:27:48+00:00","og_image":[{"width":2560,"height":1707,"url":"https:\/\/plasticseurope.org\/pl\/wp-content\/uploads\/sites\/7\/2021\/12\/bioplastic-sustainable-coffee-cup-scaled.jpg","type":"image\/jpeg"}],"twitter_card":"summary_large_image","twitter_misc":{"Szacowany czas czytania":"2 minuty"},"schema":{"@context":"https:\/\/schema.org","@graph":[{"@type":"WebPage","@id":"https:\/\/plasticseurope.org\/pl\/zrownowazony-rozwoj\/obieg-zamkniety\/","url":"https:\/\/plasticseurope.org\/pl\/zrownowazony-rozwoj\/obieg-zamkniety\/","name":"Obieg zamkni\u0119ty - Plastics Europe PL","isPartOf":{"@id":"https:\/\/plasticseurope.org\/pl\/#website"},"datePublished":"2022-02-22T10:49:36+00:00","dateModified":"2022-07-07T08:27:48+00:00","breadcrumb":{"@id":"https:\/\/plasticseurope.org\/pl\/zrownowazony-rozwoj\/obieg-zamkniety\/#breadcrumb"},"inLanguage":"pl-PL","potentialAction":[{"@type":"ReadAction","target":["https:\/\/plasticseurope.org\/pl\/zrownowazony-rozwoj\/obieg-zamkniety\/"]}]},{"@type":"BreadcrumbList","@id":"https:\/\/plasticseurope.org\/pl\/zrownowazony-rozwoj\/obieg-zamkniety\/#breadcrumb","itemListElement":[{"@type":"ListItem","position":1,"name":"Home","item":"https:\/\/plasticseurope.org\/pl\/"},{"@type":"ListItem","position":2,"name":"Zr\u00f3wnowa\u017cony Rozw\u00f3j","item":"https:\/\/plasticseurope.org\/pl\/zrownowazony-rozwoj\/"},{"@type":"ListItem","position":3,"name":"Obieg zamkni\u0119ty"}]},{"@type":"WebSite","@id":"https:\/\/plasticseurope.org\/pl\/#website","url":"https:\/\/plasticseurope.org\/pl\/","name":"Plastics Europe PL","description":"Enabling a sustainable future","potentialAction":[{"@type":"SearchAction","target":{"@type":"EntryPoint","urlTemplate":"https:\/\/plasticseurope.org\/pl\/?s={search_term_string}"},"query-input":"required name=search_term_string"}],"inLanguage":"pl-PL"}]}},"_links":{"self":[{"href":"https:\/\/plasticseurope.org\/pl\/wp-json\/wp\/v2\/pages\/887","targetHints":{"allow":["GET"]}}],"collection":[{"href":"https:\/\/plasticseurope.org\/pl\/wp-json\/wp\/v2\/pages"}],"about":[{"href":"https:\/\/plasticseurope.org\/pl\/wp-json\/wp\/v2\/types\/page"}],"author":[{"embeddable":true,"href":"https:\/\/plasticseurope.org\/pl\/wp-json\/wp\/v2\/users\/1"}],"replies":[{"embeddable":true,"href":"https:\/\/plasticseurope.org\/pl\/wp-json\/wp\/v2\/comments?post=887"}],"version-history":[{"count":0,"href":"https:\/\/plasticseurope.org\/pl\/wp-json\/wp\/v2\/pages\/887\/revisions"}],"up":[{"embeddable":true,"href":"https:\/\/plasticseurope.org\/pl\/wp-json\/wp\/v2\/pages\/56"}],"wp:featuredmedia":[{"embeddable":true,"href":"https:\/\/plasticseurope.org\/pl\/wp-json\/wp\/v2\/media\/751"}],"wp:attachment":[{"href":"https:\/\/plasticseurope.org\/pl\/wp-json\/wp\/v2\/media?parent=887"}],"curies":[{"name":"wp","href":"https:\/\/api.w.org\/{rel}","templated":true}]}}