{"id":56,"date":"2021-10-23T08:40:59","date_gmt":"2021-10-23T08:40:59","guid":{"rendered":"https:\/\/plasticseurope.wpenginepowered.com\/pl\/zrownowazony-rozwoj\/"},"modified":"2021-12-13T11:05:03","modified_gmt":"2021-12-13T11:05:03","slug":"zrownowazony-rozwoj","status":"publish","type":"page","link":"https:\/\/plasticseurope.org\/pl\/zrownowazony-rozwoj\/","title":{"rendered":"Zr\u00f3wnowa\u017cony Rozw\u00f3j"},"content":{"rendered":"\n<p class=\"has-large-font-size\">Nie powinno si\u0119 szuka\u0107 zbyt \u0142atwych rozwi\u0105za\u0144, gdy\u017c niekiedy rozwi\u0105zanie jednego problemu dzisiaj mo\u017ce stworzy\u0107 kolejny jutro. R\u00f3wnie wa\u017cna jest wizja d\u0142ugoterminowa, jak i potrzeba pilnego dzia\u0142ania oraz skoordynowana praca nad wsp\u00f3lnymi celami.<\/p>\n\n\n\n<div style=\"height:16px\" aria-hidden=\"true\" class=\"wp-block-spacer\"><\/div>\n\n\n\n<p>Tworzywa sztuczne to materia\u0142 kluczowy dla innowacji oraz dla zmniejszania emisji gaz\u00f3w cieplarnianych i przeciwdzia\u0142ania zmianom klimatu. Jednocze\u015bnie nieakceptowalna jest obecno\u015b\u0107 odpad\u00f3w tworzyw sztucznych w \u015brodowisku naturalnym. Wykorzystanie tworzyw sztucznych musi by\u0107 zgodne z zasadami zr\u00f3wnowa\u017conego rozwoju.<\/p>\n\n\n\n<p>Z tego powodu wzmacniamy nasze zaanga\u017cowanie w zr\u00f3wnowa\u017con\u0105 produkcj\u0119 i stosowanie tworzyw sztucznych, przy jednoczesnym utrzymaniu ich pozytywnego wk\u0142adu w rozw\u00f3j zdrowego spo\u0142ecze\u0144stwa i wzrostu gospodarczego. Oznacza to wzmo\u017cenie naszych wysi\u0142k\u00f3w na rzecz ograniczenia ilo\u015bci odpad\u00f3w tworzyw sztucznych, promowania ponownego u\u017cycia, zbi\u00f3rki i recyklingu oraz przyspieszenia przej\u015bcia na gospodark\u0119 o obiegu zamkni\u0119tym.<\/p>\n\n\n\n<p>Oznacza to r\u00f3wnie\u017c minimalizowanie wp\u0142ywu wszystkich obszar\u00f3w naszej dzia\u0142alno\u015bci na klimat poprzez wi\u0119ksze wykorzystanie energii odnawialnej i alternatywnych surowc\u00f3w pochodz\u0105cych z odpad\u00f3w i z zasob\u00f3w odnawialnych, a tak\u017ce wspieranie rozwoju technologii wychwytywania dwutlenku w\u0119gla.<\/p>\n\n\n\n<p>Jeste\u015bmy zdeterminowani, aby wprowadza\u0107 d\u0142ugotrwa\u0142e pozytywne zmiany.<\/p>\n\n\n\n<p>Chocia\u017c nasza bran\u017ca ma tu do odegrania zasadnicz\u0105 rol\u0119, transformacji nie mo\u017cemy dokona\u0107 sami. Dlatego tak wa\u017cna jest \u015bcis\u0142a wsp\u00f3\u0142praca z producentami, w\u0142a\u015bcicielami marek, konsumentami, podmiotami zajmuj\u0105cymi si\u0119 recyklingiem i decydentami politycznymi na rzecz realizacji naszych wsp\u00f3lnych cel\u00f3w.<\/p>\n\n\n\n<div style=\"height:48px\" aria-hidden=\"true\" class=\"wp-block-spacer\"><\/div>\n\n\n\n<h2 class=\"wp-block-heading\">Tw\u00f3rcy obiegu zamkni\u0119tego na rzecz zr\u00f3wnowa\u017conej przysz\u0142o\u015bci<\/h2>\n\n\n\n<p class=\"has-large-font-size\">Gospodarka obiegu zamkni\u0119tego tworzyw polega na poznaniu i wykorzystaniu warto\u015bci tworzyw sztucznych jako zasobu o najmniejszym wp\u0142ywie na klimat. Jednocze\u015bnie ma kluczowe znaczenie dla zmniejszenia ilo\u015bci odpad\u00f3w tworzyw sztucznych.<\/p>\n\n\n\n<div style=\"height:16px\" aria-hidden=\"true\" class=\"wp-block-spacer\"><\/div>\n\n\n\n<p>Przyspieszenie przej\u015bcia na gospodark\u0119 o obiegu zamkni\u0119tym jest niezwykle istotne. Musimy wykorzysta\u0107 si\u0142\u0119 innowacji i nowych technologii do znacznego zwi\u0119kszenia ponownego wykorzystania i recyklingu, na przyk\u0142ad poprzez tworzenie produkt\u00f3w nadaj\u0105cych si\u0119 do recyklingu, a tak\u017ce poprzez wdra\u017canie bardziej innowacyjnych technik recyklingu.<\/p>\n\n\n\n<p>Niezb\u0119dne s\u0105 takie uzgodnienia polityczne i legislacyjne, kt\u00f3re b\u0119d\u0105 promowa\u0107 zharmonizowane zasady zbi\u00f3rki odpad\u00f3w oraz recykling mechaniczny, a tak\u017ce zach\u0119ca\u0107 do zwi\u0119kszania celowych inwestycji w nowe technologie, takie jak np. recykling chemiczny.<\/p>\n\n\n\n<p>Dowiedz si\u0119, jaki wk\u0142ad ma Plastics Europe w przyspieszenie przej\u015bcia na <a href=\"https:\/\/plasticseurope.org\/sustainability\/circularity\/\" target=\"_blank\" rel=\"noreferrer noopener\">gospodark\u0119 o obiegu zamkni\u0119tym<\/a>. [po angielsku]<\/p>\n\n\n\n<div style=\"height:48px\" aria-hidden=\"true\" class=\"wp-block-spacer\"><\/div>\n\n\n\n<h2 class=\"wp-block-heading\">W kierunku neutralno\u015bci klimatycznej<\/h2>\n\n\n\n<p class=\"has-large-font-size\">Powaga kryzysu klimatycznego wymaga pilnych dzia\u0142a\u0144, je\u015bli zale\u017cy nam na skutecznym zapobieganiu skutkom zmian klimatycznych poprzez stworzenie gospodarki niskoemisyjnej.<\/p>\n\n\n\n<div style=\"height:16px\" aria-hidden=\"true\" class=\"wp-block-spacer\"><\/div>\n\n\n\n<p>Przemys\u0142 tworzyw sztucznych ju\u017c teraz przyczynia si\u0119 do realizacji ambicji klimatycznych Europy. W wi\u0119kszo\u015bci zastosowa\u0144 wykorzystanie tworzyw sztucznych pomaga zmniejszy\u0107 zu\u017cycie energii i emisj\u0119 CO2, np. w sektorach budowlanym i transportowym. Tworzywa sztuczne umo\u017cliwiaj\u0105 r\u00f3wnie\u017c przej\u015bcie z paliw kopalnych na energi\u0119 odnawialn\u0105, dzi\u0119ki zastosowaniu element\u00f3w z tworzyw w turbinach wiatrowych, panelach s\u0142onecznych i pojazdach elektrycznych.<\/p>\n\n\n\n<p>Wp\u0142yw wszystkich obszar\u00f3w naszej dzia\u0142alno\u015bci na klimat niwelujemy r\u00f3wnie\u017c poprzez zmiany naszych proces\u00f3w produkcyjnych w kierunku oszcz\u0119dno\u015bci energii i zasob\u00f3w naturalnych, poprzez coraz wi\u0119ksze wykorzystanie energii odnawialnej i alternatywnych surowc\u00f3w (z odpad\u00f3w i z zasob\u00f3w odnawialnych), a tak\u017ce poprzez wspieranie rozwi\u0105za\u0144 w zakresie wychwytywania dwutlenku w\u0119gla i w zakresie przyspieszenia przej\u015bcia na gospodark\u0119 o obiegu zamkni\u0119tym.<\/p>\n\n\n\n<p><\/p>\n\n\n\n<p>Dowiedz si\u0119, jak zr\u00f3wnowa\u017cona produkcja, alternatywne surowce i energia odnawialna warunkuj\u0105 nasze przej\u015bcie na <a href=\"https:\/\/plasticseurope.org\/sustainability\/climate\/\" target=\"_blank\" rel=\"noreferrer noopener\">gospodark\u0119 niskoemisyjn\u0105<\/a>.  [Angielsku] <\/p>\n\n\n\n<div style=\"height:100px\" aria-hidden=\"true\" class=\"wp-block-spacer\"><\/div>\n\n\n\n<div class=\"wp-block-media-text alignwide is-stacked-on-mobile is-image-fill\"><figure class=\"wp-block-media-text__media\" style=\"background-image:url(https:\/\/plasticseurope.org\/wp-content\/uploads\/2021\/10\/plastic-sport-leisure-tennis-1024x683.jpg);background-position:50% 50%\"><img decoding=\"async\" src=\"https:\/\/plasticseurope.org\/wp-content\/uploads\/2021\/10\/plastic-sport-leisure-tennis-1024x683.jpg\" alt=\"\" class=\"wp-image-3232 size-full\"\/><\/figure><div class=\"wp-block-media-text__content\">\n<h3 class=\"wp-block-heading\">Inspiruj\u0105ce \u017cycie zgodne ze zr\u00f3wnowa\u017conym rozwojem \u2013 od materia\u0142\u00f3w budowlanych nowej generacji po buty sportowe nadaj\u0105ce si\u0119 do recyklingu<\/h3>\n\n\n\n<p>Tworzywa sztuczne s\u0105 podstaw\u0105 bardzo wielu innowacji, kt\u00f3re na co dzie\u0144 zapewniaj\u0105 nam zr\u00f3wnowa\u017cony rozw\u00f3j, bezpiecze\u0144stwo oraz d\u0142u\u017csze i lepsze \u017cycie. Od momentu wytworzenia a\u017c po faz\u0119 pou\u017cytkow\u0105 tworzywa sztuczne i wyroby z nich wykonane zapewniaj\u0105 wymierne korzy\u015bci spo\u0142ecze\u0144stwu i \u015brodowisku.<\/p>\n\n\n\n<p>Dowiedz si\u0119, w jaki spos\u00f3b wykorzystuje  si\u0119zalety tworzy w sztucznych w budownictwie,  m<a href=\"https:\/\/plasticseurope.org\/sustainability\/sustainable-use\/\">obilno\u015bci, opiecezdrowotnej, produkcji \u017cywno\u015bci, opakowaniach i sporcie. <\/a> [Angielsku] <\/p>\n<\/div><\/div>\n\n\n\n<div style=\"height:100px\" aria-hidden=\"true\" class=\"wp-block-spacer\"><\/div>\n\n\n\n<div class=\"wp-block-media-text alignwide has-media-on-the-right is-stacked-on-mobile is-image-fill\"><figure class=\"wp-block-media-text__media\" style=\"background-image:url(https:\/\/plasticseurope.org\/wp-content\/uploads\/2021\/10\/plastics-health-hearing-aid-1024x661.jpg);background-position:50% 50%\"><img decoding=\"async\" src=\"https:\/\/plasticseurope.org\/wp-content\/uploads\/2021\/10\/plastics-health-hearing-aid-1024x661.jpg\" alt=\"\" class=\"wp-image-2956 size-full\"\/><\/figure><div class=\"wp-block-media-text__content\">\n<h3 class=\"wp-block-heading\">Rola tworzyw sztucznych w ochronie zdrowia<\/h3>\n\n\n\n<p>Nowoczesna opieka zdrowotna by\u0142aby niemo\u017cliwa bez wielu produkt\u00f3w medycznych opartych na tworzywach sztucznych, kt\u00f3rych istnienie i stosowanie uwa\u017camy dzi\u015b za oczywiste. Tworzywa sztuczne s\u0105 wsz\u0119dzie, pocz\u0105wszy od sprz\u0119tu ochronnego dla personelu, sterylnych strzykawek, work\u00f3w z krwi\u0105 do transfuzji, przez rurki do\u017cylne, zastawki serca, \u201esztuczn\u0105 sk\u00f3r\u0119\u201d do leczenia oparze\u0144 w nag\u0142ych wypadkach, urz\u0105dzenia ortopedyczne, po polimerowe kapsu\u0142ki zapewniaj\u0105ce powolne uwalnianie lek\u00f3w. Innowacje w tworzywach sztucznych umo\u017cliwiaj\u0105 tak\u017ce post\u0119p w opiece zdrowotnej.<\/p>\n\n\n\n<p>Przeczytaj wi\u0119cej o innowacyjnych tworzywach <a href=\"https:\/\/plasticseurope.org\/sustainability\/plastics-health\/\" target=\"_blank\" rel=\"noreferrer noopener\">dla opieki zdrowotnej.&nbsp;<\/a> [Angielsku] <\/p>\n<\/div><\/div>\n\n\n\n<div style=\"height:100px\" aria-hidden=\"true\" class=\"wp-block-spacer\"><\/div>\n\n\n\n<div class=\"wp-block-media-text alignwide is-stacked-on-mobile is-image-fill\"><figure class=\"wp-block-media-text__media\" style=\"background-image:url(https:\/\/plasticseurope.org\/wp-content\/uploads\/2021\/10\/5.2._innovative_packaging_shutterstock_690991438.png);background-position:50% 50%\"><img decoding=\"async\" src=\"https:\/\/plasticseurope.org\/wp-content\/uploads\/2021\/10\/5.2._innovative_packaging_shutterstock_690991438.png\" alt=\"\" class=\"wp-image-1253 size-full\"\/><\/figure><div class=\"wp-block-media-text__content\">\n<h3 class=\"wp-block-heading\">Innowacje na przysz\u0142o\u015b\u0107<\/h3>\n\n\n\n<p>Od ponad 100 lat nauka i innowacje s\u0105 trwale wpisane w rozw\u00f3j naszej bran\u017cy i to w\u0142a\u015bnie pozwala nam dostarcza\u0107 rozwi\u0105zania, b\u0119d\u0105ce odpowiedzi\u0105 na ci\u0105gle zmieniaj\u0105cy si\u0119 \u015bwiat. Nowe i ekscytuj\u0105ce innowacje w tworzywach sztucznych przyczyni\u0142y si\u0119 do post\u0119pu w zakresie zr\u00f3wnowa\u017conego rozwoju w wielu sektorach, od opakowa\u0144 pochodz\u0105cych z materia\u0142u z recyklingu po zr\u00f3wnowa\u017cone budownictwo.<\/p>\n\n\n\n<p>Wspieraj\u0105c innowacje i inwestycje w badania i rozw\u00f3j, technologi\u0119 proces\u00f3w produkcji i ochron\u0119 \u015brodowiska, przyspieszamy nasz wk\u0142ad w zr\u00f3wnowa\u017con\u0105 produkcj\u0119 i wykorzystanie tworzyw sztucznych. <\/p>\n\n\n\n<p>Poznaj przyk\u0142ady <a href=\"https:\/\/plasticseurope.org\/sustainability\/innovations\/\" target=\"_blank\" rel=\"noreferrer noopener\">innowacji<\/a> w tworzywach sztucznych.  [Angielsku] <\/p>\n<\/div><\/div>\n\n\n\n<div id=\"explore-block_6173d61f28028\" class=\"explore-further\">\n  <div class=\"flex flex-col bg-mist-900 rounded-md mt-8 md:mt-28 md:w-1\/2 md:mr-auto\">\n    <div class=\"flex-1 relative p-6 md:px-10 md:py-8\">\n      <div class=\"absolute top-0 left-0 p-5 inline-block transform -translate-x-1\/2 -translate-y-1\/2\">\n      <\/div>\n      \n\n<h3 class=\"wp-block-heading\">Dalsza lektura<\/h3>\n\n\n\n<p>Raport Brytyjskiej Federacji Tworzyw Sztucznych podejmuje niekt\u00f3re kluczowe kwestie zr\u00f3wnowa\u017conego rozwoju w przemy\u015ble tworzyw sztucznych, dostarczaj\u0105c konkretnych przyk\u0142ad\u00f3w i studi\u00f3w przypadku w zakresie wk\u0142adu przemys\u0142u w zr\u00f3wnowa\u017cony rozw\u00f3j. <\/p>\n\n\n\n<p>Przeczytaj raport \u2013 <a href=\"https:\/\/www.bpf.co.uk\/Sustainability\/sustainability-in-the-plastics-supply-chain.aspx\" target=\"_blank\" rel=\"noreferrer noopener\">Zr\u00f3wnowa\u017cony rozw\u00f3j w \u0142a\u0144cuchu dostaw tworzyw sztucznych<\/a>.<\/p>\n\n\n    <\/div>\n  <\/div>\n<\/div>\n","protected":false},"excerpt":{"rendered":"<p>Nie powinno si\u0119 szuka\u0107 zbyt \u0142atwych rozwi\u0105za\u0144, gdy\u017c niekiedy rozwi\u0105zanie jednego problemu dzisiaj mo\u017ce stworzy\u0107 kolejny jutro. R\u00f3wnie wa\u017cna jest wizja d\u0142ugoterminowa, jak i potrzeba pilnego dzia\u0142ania oraz skoordynowana praca nad wsp\u00f3lnymi celami. Tworzywa sztuczne to materia\u0142 kluczowy dla innowacji oraz dla zmniejszania emisji gaz\u00f3w cieplarnianych i przeciwdzia\u0142ania zmianom klimatu. Jednocze\u015bnie nieakceptowalna jest obecno\u015b\u0107 odpad\u00f3w [&hellip;]<\/p>\n","protected":false},"author":1,"featured_media":80,"parent":0,"menu_order":0,"comment_status":"closed","ping_status":"closed","template":"","meta":{"footnotes":""},"class_list":["post-56","page","type-page","status-publish","has-post-thumbnail","hentry"],"acf":[],"yoast_head":"<!-- This site is optimized with the Yoast SEO plugin v21.6 - https:\/\/yoast.com\/wordpress\/plugins\/seo\/ -->\n<title>Zr\u00f3wnowa\u017cony Rozw\u00f3j - Plastics Europe PL<\/title>\n<meta name=\"robots\" content=\"index, follow, max-snippet:-1, max-image-preview:large, max-video-preview:-1\" \/>\n<link rel=\"canonical\" href=\"https:\/\/plasticseurope.org\/pl\/zrownowazony-rozwoj\/\" \/>\n<meta property=\"og:locale\" content=\"pl_PL\" \/>\n<meta property=\"og:type\" content=\"article\" \/>\n<meta property=\"og:title\" content=\"Zr\u00f3wnowa\u017cony Rozw\u00f3j - Plastics Europe PL\" \/>\n<meta property=\"og:description\" content=\"Nie powinno si\u0119 szuka\u0107 zbyt \u0142atwych rozwi\u0105za\u0144, gdy\u017c niekiedy rozwi\u0105zanie jednego problemu dzisiaj mo\u017ce stworzy\u0107 kolejny jutro. R\u00f3wnie wa\u017cna jest wizja d\u0142ugoterminowa, jak i potrzeba pilnego dzia\u0142ania oraz skoordynowana praca nad wsp\u00f3lnymi celami. Tworzywa sztuczne to materia\u0142 kluczowy dla innowacji oraz dla zmniejszania emisji gaz\u00f3w cieplarnianych i przeciwdzia\u0142ania zmianom klimatu. Jednocze\u015bnie nieakceptowalna jest obecno\u015b\u0107 odpad\u00f3w [&hellip;]\" \/>\n<meta property=\"og:url\" content=\"https:\/\/plasticseurope.org\/pl\/zrownowazony-rozwoj\/\" \/>\n<meta property=\"og:site_name\" content=\"Plastics Europe PL\" \/>\n<meta property=\"article:modified_time\" content=\"2021-12-13T11:05:03+00:00\" \/>\n<meta property=\"og:image\" content=\"https:\/\/plasticseurope.org\/pl\/wp-content\/uploads\/sites\/7\/2021\/10\/plastic-windmills-father-daughter-scaled.jpg\" \/>\n\t<meta property=\"og:image:width\" content=\"2560\" \/>\n\t<meta property=\"og:image:height\" content=\"1708\" \/>\n\t<meta property=\"og:image:type\" content=\"image\/jpeg\" \/>\n<meta name=\"twitter:card\" content=\"summary_large_image\" \/>\n<meta name=\"twitter:label1\" content=\"Szacowany czas czytania\" \/>\n\t<meta name=\"twitter:data1\" content=\"4 minuty\" \/>\n<script type=\"application\/ld+json\" class=\"yoast-schema-graph\">{\"@context\":\"https:\/\/schema.org\",\"@graph\":[{\"@type\":\"WebPage\",\"@id\":\"https:\/\/plasticseurope.org\/pl\/zrownowazony-rozwoj\/\",\"url\":\"https:\/\/plasticseurope.org\/pl\/zrownowazony-rozwoj\/\",\"name\":\"Zr\u00f3wnowa\u017cony Rozw\u00f3j - Plastics Europe PL\",\"isPartOf\":{\"@id\":\"https:\/\/plasticseurope.org\/pl\/#website\"},\"datePublished\":\"2021-10-23T08:40:59+00:00\",\"dateModified\":\"2021-12-13T11:05:03+00:00\",\"breadcrumb\":{\"@id\":\"https:\/\/plasticseurope.org\/pl\/zrownowazony-rozwoj\/#breadcrumb\"},\"inLanguage\":\"pl-PL\",\"potentialAction\":[{\"@type\":\"ReadAction\",\"target\":[\"https:\/\/plasticseurope.org\/pl\/zrownowazony-rozwoj\/\"]}]},{\"@type\":\"BreadcrumbList\",\"@id\":\"https:\/\/plasticseurope.org\/pl\/zrownowazony-rozwoj\/#breadcrumb\",\"itemListElement\":[{\"@type\":\"ListItem\",\"position\":1,\"name\":\"Home\",\"item\":\"https:\/\/plasticseurope.org\/pl\/\"},{\"@type\":\"ListItem\",\"position\":2,\"name\":\"Zr\u00f3wnowa\u017cony Rozw\u00f3j\"}]},{\"@type\":\"WebSite\",\"@id\":\"https:\/\/plasticseurope.org\/pl\/#website\",\"url\":\"https:\/\/plasticseurope.org\/pl\/\",\"name\":\"Plastics Europe PL\",\"description\":\"Enabling a sustainable future\",\"potentialAction\":[{\"@type\":\"SearchAction\",\"target\":{\"@type\":\"EntryPoint\",\"urlTemplate\":\"https:\/\/plasticseurope.org\/pl\/?s={search_term_string}\"},\"query-input\":\"required name=search_term_string\"}],\"inLanguage\":\"pl-PL\"}]}<\/script>\n<!-- \/ Yoast SEO plugin. -->","yoast_head_json":{"title":"Zr\u00f3wnowa\u017cony Rozw\u00f3j - Plastics Europe PL","robots":{"index":"index","follow":"follow","max-snippet":"max-snippet:-1","max-image-preview":"max-image-preview:large","max-video-preview":"max-video-preview:-1"},"canonical":"https:\/\/plasticseurope.org\/pl\/zrownowazony-rozwoj\/","og_locale":"pl_PL","og_type":"article","og_title":"Zr\u00f3wnowa\u017cony Rozw\u00f3j - Plastics Europe PL","og_description":"Nie powinno si\u0119 szuka\u0107 zbyt \u0142atwych rozwi\u0105za\u0144, gdy\u017c niekiedy rozwi\u0105zanie jednego problemu dzisiaj mo\u017ce stworzy\u0107 kolejny jutro. R\u00f3wnie wa\u017cna jest wizja d\u0142ugoterminowa, jak i potrzeba pilnego dzia\u0142ania oraz skoordynowana praca nad wsp\u00f3lnymi celami. Tworzywa sztuczne to materia\u0142 kluczowy dla innowacji oraz dla zmniejszania emisji gaz\u00f3w cieplarnianych i przeciwdzia\u0142ania zmianom klimatu. Jednocze\u015bnie nieakceptowalna jest obecno\u015b\u0107 odpad\u00f3w [&hellip;]","og_url":"https:\/\/plasticseurope.org\/pl\/zrownowazony-rozwoj\/","og_site_name":"Plastics Europe PL","article_modified_time":"2021-12-13T11:05:03+00:00","og_image":[{"width":2560,"height":1708,"url":"https:\/\/plasticseurope.org\/pl\/wp-content\/uploads\/sites\/7\/2021\/10\/plastic-windmills-father-daughter-scaled.jpg","type":"image\/jpeg"}],"twitter_card":"summary_large_image","twitter_misc":{"Szacowany czas czytania":"4 minuty"},"schema":{"@context":"https:\/\/schema.org","@graph":[{"@type":"WebPage","@id":"https:\/\/plasticseurope.org\/pl\/zrownowazony-rozwoj\/","url":"https:\/\/plasticseurope.org\/pl\/zrownowazony-rozwoj\/","name":"Zr\u00f3wnowa\u017cony Rozw\u00f3j - Plastics Europe PL","isPartOf":{"@id":"https:\/\/plasticseurope.org\/pl\/#website"},"datePublished":"2021-10-23T08:40:59+00:00","dateModified":"2021-12-13T11:05:03+00:00","breadcrumb":{"@id":"https:\/\/plasticseurope.org\/pl\/zrownowazony-rozwoj\/#breadcrumb"},"inLanguage":"pl-PL","potentialAction":[{"@type":"ReadAction","target":["https:\/\/plasticseurope.org\/pl\/zrownowazony-rozwoj\/"]}]},{"@type":"BreadcrumbList","@id":"https:\/\/plasticseurope.org\/pl\/zrownowazony-rozwoj\/#breadcrumb","itemListElement":[{"@type":"ListItem","position":1,"name":"Home","item":"https:\/\/plasticseurope.org\/pl\/"},{"@type":"ListItem","position":2,"name":"Zr\u00f3wnowa\u017cony Rozw\u00f3j"}]},{"@type":"WebSite","@id":"https:\/\/plasticseurope.org\/pl\/#website","url":"https:\/\/plasticseurope.org\/pl\/","name":"Plastics Europe PL","description":"Enabling a sustainable future","potentialAction":[{"@type":"SearchAction","target":{"@type":"EntryPoint","urlTemplate":"https:\/\/plasticseurope.org\/pl\/?s={search_term_string}"},"query-input":"required name=search_term_string"}],"inLanguage":"pl-PL"}]}},"_links":{"self":[{"href":"https:\/\/plasticseurope.org\/pl\/wp-json\/wp\/v2\/pages\/56","targetHints":{"allow":["GET"]}}],"collection":[{"href":"https:\/\/plasticseurope.org\/pl\/wp-json\/wp\/v2\/pages"}],"about":[{"href":"https:\/\/plasticseurope.org\/pl\/wp-json\/wp\/v2\/types\/page"}],"author":[{"embeddable":true,"href":"https:\/\/plasticseurope.org\/pl\/wp-json\/wp\/v2\/users\/1"}],"replies":[{"embeddable":true,"href":"https:\/\/plasticseurope.org\/pl\/wp-json\/wp\/v2\/comments?post=56"}],"version-history":[{"count":0,"href":"https:\/\/plasticseurope.org\/pl\/wp-json\/wp\/v2\/pages\/56\/revisions"}],"wp:featuredmedia":[{"embeddable":true,"href":"https:\/\/plasticseurope.org\/pl\/wp-json\/wp\/v2\/media\/80"}],"wp:attachment":[{"href":"https:\/\/plasticseurope.org\/pl\/wp-json\/wp\/v2\/media?parent=56"}],"curies":[{"name":"wp","href":"https:\/\/api.w.org\/{rel}","templated":true}]}}