{"id":54,"date":"2021-10-23T08:40:59","date_gmt":"2021-10-23T08:40:59","guid":{"rendered":"https:\/\/plasticseurope.wpenginepowered.com\/pl\/o-nas\/"},"modified":"2021-10-26T14:50:02","modified_gmt":"2021-10-26T14:50:02","slug":"o-nas","status":"publish","type":"page","link":"https:\/\/plasticseurope.org\/pl\/o-nas\/","title":{"rendered":"O nas"},"content":{"rendered":"\n<h2 class=\"wp-block-heading\">Nasze ambicje<\/h2>\n\n\n\n<p class=\"has-large-font-size\">Tworzywa sztuczne to materia\u0142 kluczowy dla innowacji i redukcji emisji gaz\u00f3w cieplarnianych, pomaga nam radzi\u0107 sobie z kryzysem klimatycznym. To materia\u0142, na kt\u00f3rym wszyscy na co dzie\u0144 polegamy, jednak obecno\u015b\u0107 odpad\u00f3w tworzyw jest nieakceptowalna w \u015brodowisku naturalnym. Tworzywa musz\u0105 by\u0107 zgodne z zasadami zr\u00f3wnowa\u017conego rozwoju.<\/p>\n\n\n\n<p>Przemys\u0142 musi si\u0119 rozwija\u0107 i na bie\u017c\u0105co dostosowywa\u0107 \u2013 produkuj\u0105c tworzywa sztuczne w niskoemisyjnej gospodarce obiegu zamkni\u0119tego i zwi\u0119kszaj\u0105c ich zr\u00f3wnowa\u017cone wykorzystanie, a tak\u017ce rozwi\u0105zuj\u0105c problem odpad\u00f3w tworzyw sztucznych i dostrzegaj\u0105c ich warto\u015b\u0107 jako zasobu.<\/p>\n\n\n\n<p>Zr\u00f3wnowa\u017cony rozw\u00f3j ma kluczowe znaczenie dla naszych firm cz\u0142onkowskich. Sta\u0142 si\u0119 motywacj\u0105 do zmian, kt\u00f3re zachodz\u0105 w naszej bran\u017cy. Wiemy tak\u017ce, \u017ce przed nami jeszcze wiele wyzwa\u0144.<\/p>\n\n\n\n<p>By na nie odpowiedzie\u0107, zwi\u0119kszamy wysi\u0142ki na rzecz redukcji ilo\u015bci odpad\u00f3w tworzyw sztucznych, promuj\u0105c ponowne wykorzystanie, zbi\u00f3rk\u0119 i recykling odpad\u00f3w tworzyw. Przyspieszyli\u015bmy te\u017c przej\u015bcie na gospodark\u0119 obiegu zamkni\u0119tego. Nasz cel to \u201ezero tworzyw sztucznych na wysypiskach\u201d i 100% odzysku odpad\u00f3w tworzyw.<\/p>\n\n\n\n<p>Naszym zobowi\u0105zaniem jako przemys\u0142u jest zagwarantowanie, by tworzywa sztuczne wci\u0105\u017c zapewnia\u0142y bardzo potrzebne korzy\u015bci spo\u0142eczne przy jednoczesnym minimalizowaniu ich \u015bladu \u015brodowiskowego. Oznacza to wspieranie ambitnych cel\u00f3w Unii Europejskiej w zakresie Zielonego \u0141adu i neutralno\u015bci klimatycznej oraz paryskiego porozumienia klimatycznego \u2013 naszego wsp\u00f3lnego planu przyspieszenia transformacji na rzecz bardziej zr\u00f3wnowa\u017conej przysz\u0142o\u015bci. Jeste\u015bmy zdeterminowani, by wprowadzi\u0107 trwa\u0142e, pozytywne zmiany.<\/p>\n\n\n\n<p>To decyduj\u0105cy moment dla naszego przemys\u0142u i ca\u0142ego \u0142a\u0144cucha warto\u015bci tworzyw. Nasza przysz\u0142o\u015b\u0107 zale\u017cy od osi\u0105gni\u0119cia za\u0142o\u017conych ambitnych cel\u00f3w. Musimy dzia\u0142a\u0107 szybko, w oparciu o solidne podstawy naukowe i d\u0142ugoterminow\u0105 wizj\u0119. Kluczowe znaczenie maj\u0105 inwestycje w bardziej zr\u00f3wnowa\u017cony przemys\u0142. G\u0142\u00f3wnym wyzwaniem jest finansowanie tej transformacji przy jednoczesnym zachowaniu konkurencyjno\u015bci.<\/p>\n\n\n\n<p>Pracujemy na rzecz przysz\u0142o\u015bci, kt\u00f3r\u0105 cechuj\u0105 odpowiedzialne dzia\u0142ania, partnerstwo i innowacje tworzone przez europejski przemys\u0142 tworzyw sztucznych. Nasza bran\u017ca ma do odegrania zasadnicz\u0105 rol\u0119, jednak nie mo\u017cemy dokona\u0107 tej transformacji samodzielnie. Wymaga ona zaanga\u017cowania i pracy na rzecz realizacji naszych wsp\u00f3lnych cel\u00f3w wszystkich podmiot\u00f3w \u0142a\u0144cucha warto\u015bci \u2013 producent\u00f3w, w\u0142a\u015bcicieli marek, konsument\u00f3w, podmiot\u00f3w zajmuj\u0105cych si\u0119 recyklingiem i przedstawicieli administracji.<\/p>\n\n\n\n<p>Aby przyspieszy\u0107 zmiany, musimy wykorzysta\u0107 si\u0142\u0119 jednolitego rynku. Niezb\u0119dne s\u0105 zharmonizowane polityki, regulacje promuj\u0105ce zbi\u00f3rk\u0119 i recykling oraz zwi\u0119kszone inwestycje.<\/p>\n\n\n\n<p>W Plastics Europe z zaanga\u017cowaniem podchodzimy do zachodz\u0105cych zmian i wspieramy naszych cz\u0142onk\u00f3w, partner\u00f3w i spo\u0142eczno\u015bci w tworzeniu rozwi\u0105za\u0144 dla zr\u00f3wnowa\u017conej przysz\u0142o\u015bci.<\/p>\n","protected":false},"excerpt":{"rendered":"<p>Nasze ambicje Tworzywa sztuczne to materia\u0142 kluczowy dla innowacji i redukcji emisji gaz\u00f3w cieplarnianych, pomaga nam radzi\u0107 sobie z kryzysem klimatycznym. To materia\u0142, na kt\u00f3rym wszyscy na co dzie\u0144 polegamy, jednak obecno\u015b\u0107 odpad\u00f3w tworzyw jest nieakceptowalna w \u015brodowisku naturalnym. Tworzywa musz\u0105 by\u0107 zgodne z zasadami zr\u00f3wnowa\u017conego rozwoju. Przemys\u0142 musi si\u0119 rozwija\u0107 i na bie\u017c\u0105co dostosowywa\u0107 [&hellip;]<\/p>\n","protected":false},"author":1,"featured_media":83,"parent":0,"menu_order":0,"comment_status":"closed","ping_status":"closed","template":"","meta":{"footnotes":""},"class_list":["post-54","page","type-page","status-publish","has-post-thumbnail","hentry"],"acf":[],"yoast_head":"<!-- This site is optimized with the Yoast SEO plugin v21.6 - https:\/\/yoast.com\/wordpress\/plugins\/seo\/ -->\n<title>O nas - Plastics Europe PL<\/title>\n<meta name=\"robots\" content=\"index, follow, max-snippet:-1, max-image-preview:large, max-video-preview:-1\" \/>\n<link rel=\"canonical\" href=\"https:\/\/plasticseurope.org\/pl\/o-nas\/\" \/>\n<meta property=\"og:locale\" content=\"pl_PL\" \/>\n<meta property=\"og:type\" content=\"article\" \/>\n<meta property=\"og:title\" content=\"O nas - Plastics Europe PL\" \/>\n<meta property=\"og:description\" content=\"Nasze ambicje Tworzywa sztuczne to materia\u0142 kluczowy dla innowacji i redukcji emisji gaz\u00f3w cieplarnianych, pomaga nam radzi\u0107 sobie z kryzysem klimatycznym. To materia\u0142, na kt\u00f3rym wszyscy na co dzie\u0144 polegamy, jednak obecno\u015b\u0107 odpad\u00f3w tworzyw jest nieakceptowalna w \u015brodowisku naturalnym. Tworzywa musz\u0105 by\u0107 zgodne z zasadami zr\u00f3wnowa\u017conego rozwoju. Przemys\u0142 musi si\u0119 rozwija\u0107 i na bie\u017c\u0105co dostosowywa\u0107 [&hellip;]\" \/>\n<meta property=\"og:url\" content=\"https:\/\/plasticseurope.org\/pl\/o-nas\/\" \/>\n<meta property=\"og:site_name\" content=\"Plastics Europe PL\" \/>\n<meta property=\"article:modified_time\" content=\"2021-10-26T14:50:02+00:00\" \/>\n<meta property=\"og:image\" content=\"https:\/\/plasticseurope.org\/pl\/wp-content\/uploads\/sites\/7\/2021\/10\/plastic-brighter-future.jpg\" \/>\n\t<meta property=\"og:image:width\" content=\"1000\" \/>\n\t<meta property=\"og:image:height\" content=\"667\" \/>\n\t<meta property=\"og:image:type\" content=\"image\/jpeg\" \/>\n<meta name=\"twitter:card\" content=\"summary_large_image\" \/>\n<meta name=\"twitter:label1\" content=\"Szacowany czas czytania\" \/>\n\t<meta name=\"twitter:data1\" content=\"2 minuty\" \/>\n<script type=\"application\/ld+json\" class=\"yoast-schema-graph\">{\"@context\":\"https:\/\/schema.org\",\"@graph\":[{\"@type\":\"WebPage\",\"@id\":\"https:\/\/plasticseurope.org\/pl\/o-nas\/\",\"url\":\"https:\/\/plasticseurope.org\/pl\/o-nas\/\",\"name\":\"O nas - Plastics Europe PL\",\"isPartOf\":{\"@id\":\"https:\/\/plasticseurope.org\/pl\/#website\"},\"datePublished\":\"2021-10-23T08:40:59+00:00\",\"dateModified\":\"2021-10-26T14:50:02+00:00\",\"breadcrumb\":{\"@id\":\"https:\/\/plasticseurope.org\/pl\/o-nas\/#breadcrumb\"},\"inLanguage\":\"pl-PL\",\"potentialAction\":[{\"@type\":\"ReadAction\",\"target\":[\"https:\/\/plasticseurope.org\/pl\/o-nas\/\"]}]},{\"@type\":\"BreadcrumbList\",\"@id\":\"https:\/\/plasticseurope.org\/pl\/o-nas\/#breadcrumb\",\"itemListElement\":[{\"@type\":\"ListItem\",\"position\":1,\"name\":\"Home\",\"item\":\"https:\/\/plasticseurope.org\/pl\/\"},{\"@type\":\"ListItem\",\"position\":2,\"name\":\"O nas\"}]},{\"@type\":\"WebSite\",\"@id\":\"https:\/\/plasticseurope.org\/pl\/#website\",\"url\":\"https:\/\/plasticseurope.org\/pl\/\",\"name\":\"Plastics Europe PL\",\"description\":\"Enabling a sustainable future\",\"potentialAction\":[{\"@type\":\"SearchAction\",\"target\":{\"@type\":\"EntryPoint\",\"urlTemplate\":\"https:\/\/plasticseurope.org\/pl\/?s={search_term_string}\"},\"query-input\":\"required name=search_term_string\"}],\"inLanguage\":\"pl-PL\"}]}<\/script>\n<!-- \/ Yoast SEO plugin. -->","yoast_head_json":{"title":"O nas - Plastics Europe PL","robots":{"index":"index","follow":"follow","max-snippet":"max-snippet:-1","max-image-preview":"max-image-preview:large","max-video-preview":"max-video-preview:-1"},"canonical":"https:\/\/plasticseurope.org\/pl\/o-nas\/","og_locale":"pl_PL","og_type":"article","og_title":"O nas - Plastics Europe PL","og_description":"Nasze ambicje Tworzywa sztuczne to materia\u0142 kluczowy dla innowacji i redukcji emisji gaz\u00f3w cieplarnianych, pomaga nam radzi\u0107 sobie z kryzysem klimatycznym. To materia\u0142, na kt\u00f3rym wszyscy na co dzie\u0144 polegamy, jednak obecno\u015b\u0107 odpad\u00f3w tworzyw jest nieakceptowalna w \u015brodowisku naturalnym. Tworzywa musz\u0105 by\u0107 zgodne z zasadami zr\u00f3wnowa\u017conego rozwoju. Przemys\u0142 musi si\u0119 rozwija\u0107 i na bie\u017c\u0105co dostosowywa\u0107 [&hellip;]","og_url":"https:\/\/plasticseurope.org\/pl\/o-nas\/","og_site_name":"Plastics Europe PL","article_modified_time":"2021-10-26T14:50:02+00:00","og_image":[{"width":1000,"height":667,"url":"https:\/\/plasticseurope.org\/pl\/wp-content\/uploads\/sites\/7\/2021\/10\/plastic-brighter-future.jpg","type":"image\/jpeg"}],"twitter_card":"summary_large_image","twitter_misc":{"Szacowany czas czytania":"2 minuty"},"schema":{"@context":"https:\/\/schema.org","@graph":[{"@type":"WebPage","@id":"https:\/\/plasticseurope.org\/pl\/o-nas\/","url":"https:\/\/plasticseurope.org\/pl\/o-nas\/","name":"O nas - Plastics Europe PL","isPartOf":{"@id":"https:\/\/plasticseurope.org\/pl\/#website"},"datePublished":"2021-10-23T08:40:59+00:00","dateModified":"2021-10-26T14:50:02+00:00","breadcrumb":{"@id":"https:\/\/plasticseurope.org\/pl\/o-nas\/#breadcrumb"},"inLanguage":"pl-PL","potentialAction":[{"@type":"ReadAction","target":["https:\/\/plasticseurope.org\/pl\/o-nas\/"]}]},{"@type":"BreadcrumbList","@id":"https:\/\/plasticseurope.org\/pl\/o-nas\/#breadcrumb","itemListElement":[{"@type":"ListItem","position":1,"name":"Home","item":"https:\/\/plasticseurope.org\/pl\/"},{"@type":"ListItem","position":2,"name":"O nas"}]},{"@type":"WebSite","@id":"https:\/\/plasticseurope.org\/pl\/#website","url":"https:\/\/plasticseurope.org\/pl\/","name":"Plastics Europe PL","description":"Enabling a sustainable future","potentialAction":[{"@type":"SearchAction","target":{"@type":"EntryPoint","urlTemplate":"https:\/\/plasticseurope.org\/pl\/?s={search_term_string}"},"query-input":"required name=search_term_string"}],"inLanguage":"pl-PL"}]}},"_links":{"self":[{"href":"https:\/\/plasticseurope.org\/pl\/wp-json\/wp\/v2\/pages\/54","targetHints":{"allow":["GET"]}}],"collection":[{"href":"https:\/\/plasticseurope.org\/pl\/wp-json\/wp\/v2\/pages"}],"about":[{"href":"https:\/\/plasticseurope.org\/pl\/wp-json\/wp\/v2\/types\/page"}],"author":[{"embeddable":true,"href":"https:\/\/plasticseurope.org\/pl\/wp-json\/wp\/v2\/users\/1"}],"replies":[{"embeddable":true,"href":"https:\/\/plasticseurope.org\/pl\/wp-json\/wp\/v2\/comments?post=54"}],"version-history":[{"count":0,"href":"https:\/\/plasticseurope.org\/pl\/wp-json\/wp\/v2\/pages\/54\/revisions"}],"wp:featuredmedia":[{"embeddable":true,"href":"https:\/\/plasticseurope.org\/pl\/wp-json\/wp\/v2\/media\/83"}],"wp:attachment":[{"href":"https:\/\/plasticseurope.org\/pl\/wp-json\/wp\/v2\/media?parent=54"}],"curies":[{"name":"wp","href":"https:\/\/api.w.org\/{rel}","templated":true}]}}