{"id":53,"date":"2021-10-23T08:40:59","date_gmt":"2021-10-23T08:40:59","guid":{"rendered":"https:\/\/plasticseurope.wpenginepowered.com\/pl\/nasze-dzialania\/"},"modified":"2021-10-24T19:10:54","modified_gmt":"2021-10-24T19:10:54","slug":"nasze-dzialania","status":"publish","type":"page","link":"https:\/\/plasticseurope.org\/pl\/nasze-dzialania\/","title":{"rendered":"Nasze dzia\u0142ania"},"content":{"rendered":"\n<div class=\"wp-block-columns is-layout-flex wp-container-core-columns-is-layout-28f84493 wp-block-columns-is-layout-flex\">\n<div class=\"wp-block-column is-layout-flow wp-block-column-is-layout-flow\" style=\"flex-basis:66.66%\">\n<p class=\"has-large-font-size\">Tworzywa sztuczne to materia\u0142 kluczowy dla innowacji i redukcji emisji gaz\u00f3w cieplarnianych, pomaga nam radzi\u0107 sobie z kryzysem klimatycznym. To materia\u0142, na kt\u00f3rym wszyscy na co dzie\u0144 polegamy, jednak obecno\u015b\u0107 odpad\u00f3w tworzyw jest nieakceptowalna w \u015brodowisku naturalnym. Tworzywa musz\u0105 by\u0107 zgodne z zasadami zr\u00f3wnowa\u017conego rozwoju.<\/p>\n<\/div>\n\n\n\n<div class=\"wp-block-column is-layout-flow wp-block-column-is-layout-flow\" style=\"flex-basis:33.33%\">\n<p>Poprzez nasze projekty, prac\u0119 naszych firm cz\u0142onkowskich i kampanie bran\u017cowe wszyscy podejmujemy konkretne dzia\u0142ania na rzecz zr\u00f3wnowa\u017conej przysz\u0142o\u015bci tworzyw sztucznych.<\/p>\n<\/div>\n<\/div>\n\n\n\n<div style=\"height:48px\" aria-hidden=\"true\" class=\"wp-block-spacer\"><\/div>\n\n\n\n<div style=\"height:48px\" aria-hidden=\"true\" class=\"wp-block-spacer\"><\/div>\n\n\n\n<h2 class=\"wp-block-heading\">Kampanie<\/h2>\n\n\n\n<div class=\"wp-block-columns is-layout-flex wp-container-core-columns-is-layout-28f84493 wp-block-columns-is-layout-flex\">\n<div class=\"wp-block-column is-layout-flow wp-block-column-is-layout-flow\" style=\"flex-basis:66.66%\">\n<p class=\"has-normal-font-size\">Kampanie prezentuj\u0105ce prac\u0119 naszych firm cz\u0142onkowskich i ich partner\u00f3w w ramach inicjatyw maj\u0105cych na celu informowanie o roli tworzyw sztucznych w recyklingu i zr\u00f3wnowa\u017conym rozwoju, ich miejscu w gospodarce obiegu zamkni\u0119tego, a tak\u017ce o usuwaniu odpad\u00f3w z tworzyw sztucznych ze \u015brodowiska.<\/p>\n<\/div>\n\n\n\n<div class=\"wp-block-column is-layout-flow wp-block-column-is-layout-flow\" style=\"flex-basis:33.33%\"><\/div>\n<\/div>\n\n\n\n<div style=\"height:48px\" aria-hidden=\"true\" class=\"wp-block-spacer\"><\/div>\n\n\n\n<div class=\"wp-block-columns is-layout-flex wp-container-core-columns-is-layout-28f84493 wp-block-columns-is-layout-flex\">\n<div class=\"wp-block-column is-vertically-aligned-center is-layout-flow wp-block-column-is-layout-flow\">\n<div class=\"wp-block-cover has-jade-background-color has-background-dim rounded-md text-center\"><div class=\"wp-block-cover__inner-container is-layout-flow wp-block-cover-is-layout-flow\">\n<p class=\"has-text-align-center mb-10\"><a href=\"https:\/\/plasticseurope.org\/pl\/case-studies\/gestes-propres-krajowa-kampania-przeciwko-zanieczyszczeniom-spowodowanym-przez-odpady-w-postaci-srodkow-ochrony-indywidualnej-w-czasie-pandemii-covid-19\/\">Gestes Propres<\/a> opracowa\u0142a krajow\u0105 kampani\u0119 walki z powi\u0105zanym z pandemi\u0105 Covid\u201119 problemem porzucanych w \u015brodowisku masek ochronnych.<\/p>\n<\/div><\/div>\n<\/div>\n\n\n\n<div class=\"wp-block-column is-vertically-aligned-center is-layout-flow wp-block-column-is-layout-flow\">\n<div class=\"wp-block-cover has-jade-background-color has-background-dim rounded-md text-center\"><div class=\"wp-block-cover__inner-container is-layout-flow wp-block-cover-is-layout-flow\">\n<p class=\"has-text-align-center mb-10\"><a href=\"https:\/\/plasticseurope.org\/pl\/case-studies\/projekt-bluemed-hackathon-zaangazowanie-mlodych-innowatorow-w-poszukiwanie-pomyslow-i-rozwiazan-na-rzecz-czystego-wolnego-od-plastiku-morza-srodziemnego\/\">BlueMed Hackathon<\/a> by\u0142 okazj\u0105 do opracowania pomys\u0142\u00f3w i rozwi\u0105za\u0144 na rzecz czystego, wolnego od tworzyw sztucznych Morza \u015ar\u00f3dziemnego.<\/p>\n<\/div><\/div>\n<\/div>\n\n\n\n<div class=\"wp-block-column is-vertically-aligned-center is-layout-flow wp-block-column-is-layout-flow\">\n<div class=\"wp-block-cover has-jade-background-color has-background-dim rounded-md text-center\"><div class=\"wp-block-cover__inner-container is-layout-flow wp-block-cover-is-layout-flow\">\n<p class=\"has-text-align-center mb-10\">EsPl\u00e1sticos, hiszpa\u0144ska platforma \u0142a\u0144cucha warto\u015bci tworzyw sztucznych, wraz z ponad 35 przedsi\u0119biorstwami i partnerem komunikacyjnym Shackleton, stworzy\u0142a <a href=\"https:\/\/plasticseurope.org\/pl\/case-studies\/muzeum-tworzyw-sztucznych-w-calosci-do-recyklingu-do-recyklingu-w-calosci\/\">Muzeum Plastiku<\/a> \u2013 zaprojektowane do recyklingu.<\/p>\n<\/div><\/div>\n<\/div>\n\n\n\n<div class=\"wp-block-column is-vertically-aligned-center is-layout-flow wp-block-column-is-layout-flow\"><\/div>\n<\/div>\n\n\n\n<div style=\"height:48px\" aria-hidden=\"true\" class=\"wp-block-spacer\"><\/div>\n\n\n\n<h2 class=\"wp-block-heading\">Edukacja nast\u0119pnego pokolenia<\/h2>\n\n\n\n<div class=\"wp-block-columns is-layout-flex wp-container-core-columns-is-layout-28f84493 wp-block-columns-is-layout-flex\">\n<div class=\"wp-block-column is-layout-flow wp-block-column-is-layout-flow\" style=\"flex-basis:70%\">\n<p>Zrozumienie roli i znaczenia tworzyw sztucznych we wsp\u00f3\u0142czesnym \u015bwiecie jest wa\u017cne dla ka\u017cdego z nas. Oferujemy materia\u0142y edukacyjne i tworzymy uczniom w ca\u0142ej Europie forum do dyskusji na temat znaczenia i potencja\u0142u wykorzystania tworzyw sztucznych.<\/p>\n<\/div>\n\n\n\n<div class=\"wp-block-column is-layout-flow wp-block-column-is-layout-flow\" style=\"flex-basis:30%\"><\/div>\n<\/div>\n","protected":false},"excerpt":{"rendered":"<p>Tworzywa sztuczne to materia\u0142 kluczowy dla innowacji i redukcji emisji gaz\u00f3w cieplarnianych, pomaga nam radzi\u0107 sobie z kryzysem klimatycznym. To materia\u0142, na kt\u00f3rym wszyscy na co dzie\u0144 polegamy, jednak obecno\u015b\u0107 odpad\u00f3w tworzyw jest nieakceptowalna w \u015brodowisku naturalnym. Tworzywa musz\u0105 by\u0107 zgodne z zasadami zr\u00f3wnowa\u017conego rozwoju. Poprzez nasze projekty, prac\u0119 naszych firm cz\u0142onkowskich i kampanie bran\u017cowe [&hellip;]<\/p>\n","protected":false},"author":1,"featured_media":75,"parent":0,"menu_order":0,"comment_status":"closed","ping_status":"closed","template":"","meta":{"footnotes":""},"class_list":["post-53","page","type-page","status-publish","has-post-thumbnail","hentry"],"acf":[],"yoast_head":"<!-- This site is optimized with the Yoast SEO plugin v21.6 - https:\/\/yoast.com\/wordpress\/plugins\/seo\/ -->\n<title>Nasze dzia\u0142ania - Plastics Europe PL<\/title>\n<meta name=\"robots\" content=\"index, follow, max-snippet:-1, max-image-preview:large, max-video-preview:-1\" \/>\n<link rel=\"canonical\" href=\"https:\/\/plasticseurope.org\/pl\/nasze-dzialania\/\" \/>\n<meta property=\"og:locale\" content=\"pl_PL\" \/>\n<meta property=\"og:type\" content=\"article\" \/>\n<meta property=\"og:title\" content=\"Nasze dzia\u0142ania - Plastics Europe PL\" \/>\n<meta property=\"og:description\" content=\"Tworzywa sztuczne to materia\u0142 kluczowy dla innowacji i redukcji emisji gaz\u00f3w cieplarnianych, pomaga nam radzi\u0107 sobie z kryzysem klimatycznym. To materia\u0142, na kt\u00f3rym wszyscy na co dzie\u0144 polegamy, jednak obecno\u015b\u0107 odpad\u00f3w tworzyw jest nieakceptowalna w \u015brodowisku naturalnym. Tworzywa musz\u0105 by\u0107 zgodne z zasadami zr\u00f3wnowa\u017conego rozwoju. Poprzez nasze projekty, prac\u0119 naszych firm cz\u0142onkowskich i kampanie bran\u017cowe [&hellip;]\" \/>\n<meta property=\"og:url\" content=\"https:\/\/plasticseurope.org\/pl\/nasze-dzialania\/\" \/>\n<meta property=\"og:site_name\" content=\"Plastics Europe PL\" \/>\n<meta property=\"article:modified_time\" content=\"2021-10-24T19:10:54+00:00\" \/>\n<meta property=\"og:image\" content=\"https:\/\/plasticseurope.org\/pl\/wp-content\/uploads\/sites\/7\/2021\/10\/plastic-innovation-collaboration-scaled.jpg\" \/>\n\t<meta property=\"og:image:width\" content=\"2560\" \/>\n\t<meta property=\"og:image:height\" content=\"1440\" \/>\n\t<meta property=\"og:image:type\" content=\"image\/jpeg\" \/>\n<meta name=\"twitter:card\" content=\"summary_large_image\" \/>\n<meta name=\"twitter:label1\" content=\"Szacowany czas czytania\" \/>\n\t<meta name=\"twitter:data1\" content=\"1 minuta\" \/>\n<script type=\"application\/ld+json\" class=\"yoast-schema-graph\">{\"@context\":\"https:\/\/schema.org\",\"@graph\":[{\"@type\":\"WebPage\",\"@id\":\"https:\/\/plasticseurope.org\/pl\/nasze-dzialania\/\",\"url\":\"https:\/\/plasticseurope.org\/pl\/nasze-dzialania\/\",\"name\":\"Nasze dzia\u0142ania - Plastics Europe PL\",\"isPartOf\":{\"@id\":\"https:\/\/plasticseurope.org\/pl\/#website\"},\"datePublished\":\"2021-10-23T08:40:59+00:00\",\"dateModified\":\"2021-10-24T19:10:54+00:00\",\"breadcrumb\":{\"@id\":\"https:\/\/plasticseurope.org\/pl\/nasze-dzialania\/#breadcrumb\"},\"inLanguage\":\"pl-PL\",\"potentialAction\":[{\"@type\":\"ReadAction\",\"target\":[\"https:\/\/plasticseurope.org\/pl\/nasze-dzialania\/\"]}]},{\"@type\":\"BreadcrumbList\",\"@id\":\"https:\/\/plasticseurope.org\/pl\/nasze-dzialania\/#breadcrumb\",\"itemListElement\":[{\"@type\":\"ListItem\",\"position\":1,\"name\":\"Home\",\"item\":\"https:\/\/plasticseurope.org\/pl\/\"},{\"@type\":\"ListItem\",\"position\":2,\"name\":\"Nasze dzia\u0142ania\"}]},{\"@type\":\"WebSite\",\"@id\":\"https:\/\/plasticseurope.org\/pl\/#website\",\"url\":\"https:\/\/plasticseurope.org\/pl\/\",\"name\":\"Plastics Europe PL\",\"description\":\"Enabling a sustainable future\",\"potentialAction\":[{\"@type\":\"SearchAction\",\"target\":{\"@type\":\"EntryPoint\",\"urlTemplate\":\"https:\/\/plasticseurope.org\/pl\/?s={search_term_string}\"},\"query-input\":\"required name=search_term_string\"}],\"inLanguage\":\"pl-PL\"}]}<\/script>\n<!-- \/ Yoast SEO plugin. -->","yoast_head_json":{"title":"Nasze dzia\u0142ania - Plastics Europe PL","robots":{"index":"index","follow":"follow","max-snippet":"max-snippet:-1","max-image-preview":"max-image-preview:large","max-video-preview":"max-video-preview:-1"},"canonical":"https:\/\/plasticseurope.org\/pl\/nasze-dzialania\/","og_locale":"pl_PL","og_type":"article","og_title":"Nasze dzia\u0142ania - Plastics Europe PL","og_description":"Tworzywa sztuczne to materia\u0142 kluczowy dla innowacji i redukcji emisji gaz\u00f3w cieplarnianych, pomaga nam radzi\u0107 sobie z kryzysem klimatycznym. To materia\u0142, na kt\u00f3rym wszyscy na co dzie\u0144 polegamy, jednak obecno\u015b\u0107 odpad\u00f3w tworzyw jest nieakceptowalna w \u015brodowisku naturalnym. Tworzywa musz\u0105 by\u0107 zgodne z zasadami zr\u00f3wnowa\u017conego rozwoju. Poprzez nasze projekty, prac\u0119 naszych firm cz\u0142onkowskich i kampanie bran\u017cowe [&hellip;]","og_url":"https:\/\/plasticseurope.org\/pl\/nasze-dzialania\/","og_site_name":"Plastics Europe PL","article_modified_time":"2021-10-24T19:10:54+00:00","og_image":[{"width":2560,"height":1440,"url":"https:\/\/plasticseurope.org\/pl\/wp-content\/uploads\/sites\/7\/2021\/10\/plastic-innovation-collaboration-scaled.jpg","type":"image\/jpeg"}],"twitter_card":"summary_large_image","twitter_misc":{"Szacowany czas czytania":"1 minuta"},"schema":{"@context":"https:\/\/schema.org","@graph":[{"@type":"WebPage","@id":"https:\/\/plasticseurope.org\/pl\/nasze-dzialania\/","url":"https:\/\/plasticseurope.org\/pl\/nasze-dzialania\/","name":"Nasze dzia\u0142ania - Plastics Europe PL","isPartOf":{"@id":"https:\/\/plasticseurope.org\/pl\/#website"},"datePublished":"2021-10-23T08:40:59+00:00","dateModified":"2021-10-24T19:10:54+00:00","breadcrumb":{"@id":"https:\/\/plasticseurope.org\/pl\/nasze-dzialania\/#breadcrumb"},"inLanguage":"pl-PL","potentialAction":[{"@type":"ReadAction","target":["https:\/\/plasticseurope.org\/pl\/nasze-dzialania\/"]}]},{"@type":"BreadcrumbList","@id":"https:\/\/plasticseurope.org\/pl\/nasze-dzialania\/#breadcrumb","itemListElement":[{"@type":"ListItem","position":1,"name":"Home","item":"https:\/\/plasticseurope.org\/pl\/"},{"@type":"ListItem","position":2,"name":"Nasze dzia\u0142ania"}]},{"@type":"WebSite","@id":"https:\/\/plasticseurope.org\/pl\/#website","url":"https:\/\/plasticseurope.org\/pl\/","name":"Plastics Europe PL","description":"Enabling a sustainable future","potentialAction":[{"@type":"SearchAction","target":{"@type":"EntryPoint","urlTemplate":"https:\/\/plasticseurope.org\/pl\/?s={search_term_string}"},"query-input":"required name=search_term_string"}],"inLanguage":"pl-PL"}]}},"_links":{"self":[{"href":"https:\/\/plasticseurope.org\/pl\/wp-json\/wp\/v2\/pages\/53","targetHints":{"allow":["GET"]}}],"collection":[{"href":"https:\/\/plasticseurope.org\/pl\/wp-json\/wp\/v2\/pages"}],"about":[{"href":"https:\/\/plasticseurope.org\/pl\/wp-json\/wp\/v2\/types\/page"}],"author":[{"embeddable":true,"href":"https:\/\/plasticseurope.org\/pl\/wp-json\/wp\/v2\/users\/1"}],"replies":[{"embeddable":true,"href":"https:\/\/plasticseurope.org\/pl\/wp-json\/wp\/v2\/comments?post=53"}],"version-history":[{"count":0,"href":"https:\/\/plasticseurope.org\/pl\/wp-json\/wp\/v2\/pages\/53\/revisions"}],"wp:featuredmedia":[{"embeddable":true,"href":"https:\/\/plasticseurope.org\/pl\/wp-json\/wp\/v2\/media\/75"}],"wp:attachment":[{"href":"https:\/\/plasticseurope.org\/pl\/wp-json\/wp\/v2\/media?parent=53"}],"curies":[{"name":"wp","href":"https:\/\/api.w.org\/{rel}","templated":true}]}}