{"id":167,"date":"2021-10-24T21:38:51","date_gmt":"2021-10-24T21:38:51","guid":{"rendered":"https:\/\/plasticseurope.wpenginepowered.com\/pl\/?page_id=167"},"modified":"2021-10-24T21:38:51","modified_gmt":"2021-10-24T21:38:51","slug":"zasady-i-warunki","status":"publish","type":"page","link":"https:\/\/plasticseurope.org\/pl\/zasady-i-warunki\/","title":{"rendered":"Zasady i warunki"},"content":{"rendered":"\n<p class=\"has-large-font-size\">Zasady i warunki korzystania z witryny internetowej Plastics Europe. Warunki te mog\u0105 ulec zmianie w ka\u017cdej chwili.<\/p>\n\n\n\n<h3 class=\"wp-block-heading\">Za\u0142\u0105czona informacja<\/h3>\n\n\n\n<p>Zawarte w tej witrynie internetowej tre\u015bci maj\u0105 charakter og\u00f3lny i mog\u0105 s\u0142u\u017cy\u0107 wy\u0142\u0105cznie do og\u00f3lnego wykorzystania. Informacje nie maj\u0105 charakteru porady i nie nale\u017cy opiera\u0107 si\u0119 na nich przy podejmowaniu jakiejkolwiek decyzji.&nbsp;<\/p>\n\n\n\n<p>Stowarzyszenie Plastics Europe bardzo starannie przygotowa\u0142o strony dost\u0119pne w tej witrynie, a prezentowane tu informacje s\u0105 podawane w jak najlepszej wierze. Plastics Europe stara si\u0119 systematycznie aktualizowa\u0107 podawane informacje, jednak\u017ce nie utrzymuje i nie gwarantuje, \u017ce b\u0119d\u0105 one kompletne, wyczerpuj\u0105ce, aktualne lub precyzyjne. Ani Plastics Europe, ani \u017caden z naszych wsp\u00f3\u0142pracownik\u00f3w, nie ponosi odpowiedzialno\u015bci z straty lub szkody jakiejkolwiek natury, wynikaj\u0105ce z wykorzystania lub uwzgl\u0119dniania informacji zawartych w tej witrynie.<\/p>\n\n\n\n<h3 class=\"wp-block-heading\">Prawa autorskie<\/h3>\n\n\n\n<p>Ta witryna i jej zawarto\u015b\u0107, \u0142\u0105cznie z zamieszczonymi na niej materia\u0142ami graficznymi, jest obj\u0119ta prawami autorskimi Plastics Europe. Odtwarzanie jest dozwolone, za wyj\u0105tkiem odtwarzania do cel\u00f3w handlowych, pod warunkiem podania i potwierdzenia \u017ar\u00f3d\u0142a informacji, chyba \u017ce postanowiono inaczej. W przypadku, gdy konieczne jest uzyskanie uprzedniego zezwolenia na odtwarzanie lub wykorzystanie informacji tekstowych lub element\u00f3w multimedialnych (ilustracje, d\u017awi\u0119k, oprogramowanie), zezwolenie to powinno zawiera\u0107 zapis anuluj\u0105cy powy\u017csze zezwolenie og\u00f3lne oraz wyra\u017anie okre\u015bla\u0107 wszelkie ograniczenia u\u017cycia. Plastics Europe nie posiada praw autorskich do jakichkolwiek dokument\u00f3w oficjalnych lub innych dotycz\u0105cych sfery publicznej. Nale\u017cy r\u00f3wnie\u017c przestrzega\u0107 praw autorskich os\u00f3b trzecich, kt\u00f3rych materia\u0142y zamieszczono w tej witrynie.\u00a0<\/p>\n\n\n\n<h3 class=\"wp-block-heading\">Znaki towarowe<\/h3>\n\n\n\n<p>Nazwa Plastics Europe i symbole logo &#8222;tworzywa sztuczne&#8221; s\u0105 znakami towarowymi zarejestrowanymi przez Plastics Europe w Europie. St\u0105d te\u017c symbole logo\/znaki towarowe s\u0105 obj\u0119te prawem w\u0142asno\u015bci Plastics Europe; \u017cadne prawa w tym zakresie nie przys\u0142uguj\u0105 innym podmiotom, za wyj\u0105tkiem firm cz\u0142onkowskich oraz krajowych stowarzysze\u0144 bran\u017cy tworzyw sztucznych. Has\u0142o reklamowe (zawieraj\u0105ce kluczowe cechy) jest dost\u0119pne w 14 j\u0119zykach i mo\u017ce by\u0107 wykorzystane w 28 krajach cz\u0142onkowskich UE, oraz w Norwegii, Szwajcarii, Chorwacji i Turcji.<\/p>\n\n\n\n<h3 class=\"wp-block-heading\">Linki<\/h3>\n\n\n\n<p>Linki do innych witryn internetowych s\u0105 podane wy\u0142\u0105cznie w celach praktycznych. Dlatego te\u017c Plastics Europe nie ponosi \u017cadnej odpowiedzialno\u015bci za informacje zawarte w tych witrynach ani ich nie potwierdza.<\/p>\n\n\n\n<h3 class=\"wp-block-heading\">Obowi\u0105zuj\u0105ce prawo&nbsp;i jurysdykcja<\/h3>\n\n\n\n<p>Zawarto\u015b\u0107 tej witryny internetowej, wszelkie spory wynik\u0142e w oparciu o t\u0119 witryn\u0119 oraz relacje jej u\u017cytkownik\u00f3w z naszym stowarzyszeniem podlegaj\u0105 prawu belgijskiemu i wy\u0142\u0105cznej jurysdykcji w\u0142a\u015bciwych s\u0105d\u00f3w w Brukseli, w Belgii.<\/p>\n\n\n\n<div style=\"height:16px\" aria-hidden=\"true\" class=\"wp-block-spacer\"><\/div>\n\n\n\n<p><\/p>\n","protected":false},"excerpt":{"rendered":"<p>Zasady i warunki korzystania z witryny internetowej Plastics Europe. Warunki te mog\u0105 ulec zmianie w ka\u017cdej chwili. Za\u0142\u0105czona informacja Zawarte w tej witrynie internetowej tre\u015bci maj\u0105 charakter og\u00f3lny i mog\u0105 s\u0142u\u017cy\u0107 wy\u0142\u0105cznie do og\u00f3lnego wykorzystania. Informacje nie maj\u0105 charakteru porady i nie nale\u017cy opiera\u0107 si\u0119 na nich przy podejmowaniu jakiejkolwiek decyzji.&nbsp; Stowarzyszenie Plastics Europe bardzo [&hellip;]<\/p>\n","protected":false},"author":2,"featured_media":0,"parent":0,"menu_order":0,"comment_status":"closed","ping_status":"closed","template":"","meta":{"footnotes":""},"class_list":["post-167","page","type-page","status-publish","hentry"],"acf":[],"yoast_head":"<!-- This site is optimized with the Yoast SEO plugin v21.6 - https:\/\/yoast.com\/wordpress\/plugins\/seo\/ -->\n<title>Zasady i warunki - Plastics Europe PL<\/title>\n<meta name=\"robots\" content=\"index, follow, max-snippet:-1, max-image-preview:large, max-video-preview:-1\" \/>\n<link rel=\"canonical\" href=\"https:\/\/plasticseurope.org\/pl\/zasady-i-warunki\/\" \/>\n<meta property=\"og:locale\" content=\"pl_PL\" \/>\n<meta property=\"og:type\" content=\"article\" \/>\n<meta property=\"og:title\" content=\"Zasady i warunki - Plastics Europe PL\" \/>\n<meta property=\"og:description\" content=\"Zasady i warunki korzystania z witryny internetowej Plastics Europe. Warunki te mog\u0105 ulec zmianie w ka\u017cdej chwili. Za\u0142\u0105czona informacja Zawarte w tej witrynie internetowej tre\u015bci maj\u0105 charakter og\u00f3lny i mog\u0105 s\u0142u\u017cy\u0107 wy\u0142\u0105cznie do og\u00f3lnego wykorzystania. Informacje nie maj\u0105 charakteru porady i nie nale\u017cy opiera\u0107 si\u0119 na nich przy podejmowaniu jakiejkolwiek decyzji.&nbsp; Stowarzyszenie Plastics Europe bardzo [&hellip;]\" \/>\n<meta property=\"og:url\" content=\"https:\/\/plasticseurope.org\/pl\/zasady-i-warunki\/\" \/>\n<meta property=\"og:site_name\" content=\"Plastics Europe PL\" \/>\n<meta name=\"twitter:card\" content=\"summary_large_image\" \/>\n<meta name=\"twitter:label1\" content=\"Szacowany czas czytania\" \/>\n\t<meta name=\"twitter:data1\" content=\"2 minuty\" \/>\n<script type=\"application\/ld+json\" class=\"yoast-schema-graph\">{\"@context\":\"https:\/\/schema.org\",\"@graph\":[{\"@type\":\"WebPage\",\"@id\":\"https:\/\/plasticseurope.org\/pl\/zasady-i-warunki\/\",\"url\":\"https:\/\/plasticseurope.org\/pl\/zasady-i-warunki\/\",\"name\":\"Zasady i warunki - Plastics Europe PL\",\"isPartOf\":{\"@id\":\"https:\/\/plasticseurope.org\/pl\/#website\"},\"datePublished\":\"2021-10-24T21:38:51+00:00\",\"dateModified\":\"2021-10-24T21:38:51+00:00\",\"breadcrumb\":{\"@id\":\"https:\/\/plasticseurope.org\/pl\/zasady-i-warunki\/#breadcrumb\"},\"inLanguage\":\"pl-PL\",\"potentialAction\":[{\"@type\":\"ReadAction\",\"target\":[\"https:\/\/plasticseurope.org\/pl\/zasady-i-warunki\/\"]}]},{\"@type\":\"BreadcrumbList\",\"@id\":\"https:\/\/plasticseurope.org\/pl\/zasady-i-warunki\/#breadcrumb\",\"itemListElement\":[{\"@type\":\"ListItem\",\"position\":1,\"name\":\"Home\",\"item\":\"https:\/\/plasticseurope.org\/pl\/\"},{\"@type\":\"ListItem\",\"position\":2,\"name\":\"Zasady i warunki\"}]},{\"@type\":\"WebSite\",\"@id\":\"https:\/\/plasticseurope.org\/pl\/#website\",\"url\":\"https:\/\/plasticseurope.org\/pl\/\",\"name\":\"Plastics Europe PL\",\"description\":\"Enabling a sustainable future\",\"potentialAction\":[{\"@type\":\"SearchAction\",\"target\":{\"@type\":\"EntryPoint\",\"urlTemplate\":\"https:\/\/plasticseurope.org\/pl\/?s={search_term_string}\"},\"query-input\":\"required name=search_term_string\"}],\"inLanguage\":\"pl-PL\"}]}<\/script>\n<!-- \/ Yoast SEO plugin. -->","yoast_head_json":{"title":"Zasady i warunki - Plastics Europe PL","robots":{"index":"index","follow":"follow","max-snippet":"max-snippet:-1","max-image-preview":"max-image-preview:large","max-video-preview":"max-video-preview:-1"},"canonical":"https:\/\/plasticseurope.org\/pl\/zasady-i-warunki\/","og_locale":"pl_PL","og_type":"article","og_title":"Zasady i warunki - Plastics Europe PL","og_description":"Zasady i warunki korzystania z witryny internetowej Plastics Europe. Warunki te mog\u0105 ulec zmianie w ka\u017cdej chwili. Za\u0142\u0105czona informacja Zawarte w tej witrynie internetowej tre\u015bci maj\u0105 charakter og\u00f3lny i mog\u0105 s\u0142u\u017cy\u0107 wy\u0142\u0105cznie do og\u00f3lnego wykorzystania. Informacje nie maj\u0105 charakteru porady i nie nale\u017cy opiera\u0107 si\u0119 na nich przy podejmowaniu jakiejkolwiek decyzji.&nbsp; Stowarzyszenie Plastics Europe bardzo [&hellip;]","og_url":"https:\/\/plasticseurope.org\/pl\/zasady-i-warunki\/","og_site_name":"Plastics Europe PL","twitter_card":"summary_large_image","twitter_misc":{"Szacowany czas czytania":"2 minuty"},"schema":{"@context":"https:\/\/schema.org","@graph":[{"@type":"WebPage","@id":"https:\/\/plasticseurope.org\/pl\/zasady-i-warunki\/","url":"https:\/\/plasticseurope.org\/pl\/zasady-i-warunki\/","name":"Zasady i warunki - Plastics Europe PL","isPartOf":{"@id":"https:\/\/plasticseurope.org\/pl\/#website"},"datePublished":"2021-10-24T21:38:51+00:00","dateModified":"2021-10-24T21:38:51+00:00","breadcrumb":{"@id":"https:\/\/plasticseurope.org\/pl\/zasady-i-warunki\/#breadcrumb"},"inLanguage":"pl-PL","potentialAction":[{"@type":"ReadAction","target":["https:\/\/plasticseurope.org\/pl\/zasady-i-warunki\/"]}]},{"@type":"BreadcrumbList","@id":"https:\/\/plasticseurope.org\/pl\/zasady-i-warunki\/#breadcrumb","itemListElement":[{"@type":"ListItem","position":1,"name":"Home","item":"https:\/\/plasticseurope.org\/pl\/"},{"@type":"ListItem","position":2,"name":"Zasady i warunki"}]},{"@type":"WebSite","@id":"https:\/\/plasticseurope.org\/pl\/#website","url":"https:\/\/plasticseurope.org\/pl\/","name":"Plastics Europe PL","description":"Enabling a sustainable future","potentialAction":[{"@type":"SearchAction","target":{"@type":"EntryPoint","urlTemplate":"https:\/\/plasticseurope.org\/pl\/?s={search_term_string}"},"query-input":"required name=search_term_string"}],"inLanguage":"pl-PL"}]}},"_links":{"self":[{"href":"https:\/\/plasticseurope.org\/pl\/wp-json\/wp\/v2\/pages\/167","targetHints":{"allow":["GET"]}}],"collection":[{"href":"https:\/\/plasticseurope.org\/pl\/wp-json\/wp\/v2\/pages"}],"about":[{"href":"https:\/\/plasticseurope.org\/pl\/wp-json\/wp\/v2\/types\/page"}],"author":[{"embeddable":true,"href":"https:\/\/plasticseurope.org\/pl\/wp-json\/wp\/v2\/users\/2"}],"replies":[{"embeddable":true,"href":"https:\/\/plasticseurope.org\/pl\/wp-json\/wp\/v2\/comments?post=167"}],"version-history":[{"count":0,"href":"https:\/\/plasticseurope.org\/pl\/wp-json\/wp\/v2\/pages\/167\/revisions"}],"wp:attachment":[{"href":"https:\/\/plasticseurope.org\/pl\/wp-json\/wp\/v2\/media?parent=167"}],"curies":[{"name":"wp","href":"https:\/\/api.w.org\/{rel}","templated":true}]}}