{"id":1544,"date":"2023-09-29T09:55:01","date_gmt":"2023-09-29T09:55:01","guid":{"rendered":"https:\/\/plasticseurope.wpenginepowered.com\/pl\/?page_id=1544"},"modified":"2025-02-04T07:08:40","modified_gmt":"2025-02-04T07:08:40","slug":"recykling-chemiczny","status":"publish","type":"page","link":"https:\/\/plasticseurope.org\/pl\/zrownowazony-rozwoj\/recykling-chemiczny\/","title":{"rendered":"Recykling chemiczny"},"content":{"rendered":"\n<div class=\"wp-block-columns is-layout-flex wp-container-core-columns-is-layout-28f84493 wp-block-columns-is-layout-flex\">\n<div class=\"wp-block-column is-layout-flow wp-block-column-is-layout-flow\" style=\"flex-basis:66.66%\">\n<p class=\"has-large-font-size\">Recykling chemiczny to proces przekszta\u0142cania odpad\u00f3w polimerowych poprzez zmian\u0119 ich struktury chemicznej, pozwalaj\u0105cy na otrzymanie substancji, kt\u00f3re mo\u017cna wykorzysta\u0107 jako surowiec do produkcji tworzyw sztucznych lub innych produkt\u00f3w. Recykling chemiczny obejmuje takie technologie, jak piroliza, gazyfikacja, hydrokraking i depolimeryzacja. <\/p>\n\n\n\n<div style=\"height:100px\" aria-hidden=\"true\" class=\"wp-block-spacer is-style-large\"><\/div>\n\n\n\n<figure class=\"wp-block-image alignwide size-large\"><img loading=\"lazy\" decoding=\"async\" width=\"1024\" height=\"724\" src=\"https:\/\/plasticseurope.org\/pl\/wp-content\/uploads\/sites\/7\/2023\/09\/Grafika_poczworna_jpg-1024x724.jpg\" alt=\"\" class=\"wp-image-1561\" srcset=\"https:\/\/plasticseurope.org\/pl\/wp-content\/uploads\/sites\/7\/2023\/09\/Grafika_poczworna_jpg-1024x724.jpg 1024w, https:\/\/plasticseurope.org\/pl\/wp-content\/uploads\/sites\/7\/2023\/09\/Grafika_poczworna_jpg-300x212.jpg 300w, https:\/\/plasticseurope.org\/pl\/wp-content\/uploads\/sites\/7\/2023\/09\/Grafika_poczworna_jpg-768x543.jpg 768w, https:\/\/plasticseurope.org\/pl\/wp-content\/uploads\/sites\/7\/2023\/09\/Grafika_poczworna_jpg-1536x1086.jpg 1536w, https:\/\/plasticseurope.org\/pl\/wp-content\/uploads\/sites\/7\/2023\/09\/Grafika_poczworna_jpg-2048x1448.jpg 2048w, https:\/\/plasticseurope.org\/pl\/wp-content\/uploads\/sites\/7\/2023\/09\/Grafika_poczworna_jpg-1980x1400.jpg 1980w, https:\/\/plasticseurope.org\/pl\/wp-content\/uploads\/sites\/7\/2023\/09\/Grafika_poczworna_jpg-1188x840.jpg 1188w\" sizes=\"auto, (max-width: 1024px) 100vw, 1024px\" \/><\/figure>\n\n\n\n<div style=\"height:100px\" aria-hidden=\"true\" class=\"wp-block-spacer is-style-medium\"><\/div>\n\n\n\n<h2 class=\"wp-block-heading\" id=\"planned-investments-in-chemical-recycling\">Planowane inwestycje w recykling chemiczny<\/h2>\n\n\n<div id=\"amchart1\" style=\"width: 100%; height: 600px;\"><\/div>\n\n\n\n<p class=\"mt-4 has-small-font-size\">Dane opieraj\u0105 si\u0119 na deklaracjach firm cz\u0142onkowskich Plastics Europe oraz innych przedsi\u0119biorstw; Ostatnia aktualizacja danych zosta\u0142a przeprowadzona w maju 2023 r.<\/p>\n\n\n\n<div style=\"height:100px\" aria-hidden=\"true\" class=\"wp-block-spacer is-style-large\"><\/div>\n\n\n\n<h2 class=\"wp-block-heading wp-embed-aspect-16-9 wp-has-aspect-ratio\" id=\"what-are-the-benefits-of-chemical-recycling\">Jakie korzy\u015bci niesie za sob\u0105 recykling chemiczny?<\/h2>\n\n\n\n<p class=\"wp-embed-aspect-16-9 wp-has-aspect-ratio has-large-font-size\">Recykling chemiczny uzupe\u0142nia inne technologie recyklingu tworzyw sztucznych, takie jak recykling mechaniczny, metody rozpuszczalnikowe i recykling organiczny. Pozwala on na przetwarzanie z\u0142o\u017conych strumieni odpad\u00f3w tworzyw sztucznych, takich jak folie lub laminaty i w zwi\u0105zku z tym mo\u017ce by\u0107 stosowany w przypadku odpad\u00f3w, kt\u00f3re w przeciwnym razie by\u0142yby sk\u0142adowane lub spalane. W ca\u0142ej Europie 67,5% pokonsumenckich odpad\u00f3w tworzyw sztucznych trafia obecnie na sk\u0142adowiska i podlega odzyskowi energii. Istnieje wi\u0119c du\u017cy potencja\u0142 do poprawy.<\/p>\n\n\n\n<p>Poniewa\u017c recykling chemiczny rozk\u0142ada polimery na elementy sk\u0142adowe, umo\u017cliwia r\u00f3wnie\u017c wyprodukowanie recyklatu (tworzywa sztucznego uzyskanego w procesie recyklingu) o w\u0142a\u015bciwo\u015bciach identycznych co tworzyw sztucznych, kt\u00f3re mo\u017cna wykorzysta\u0107 w wymagaj\u0105cych zastosowaniach, takich jak do kontaktu z \u017cywno\u015bci\u0105.<\/p>\n\n\n\n<p class=\"wp-embed-aspect-16-9 wp-has-aspect-ratio\">Komisja Europejska wyznaczy\u0142a bardzo ambitne cele w zakresie obiegu zamkni\u0119tego dla bran\u017cy tworzyw sztucznych. Na\u0142o\u017cone prawnie cele okre\u015blone w niedawno rewidowanych dyrektywach dotycz\u0105cych zagospodarowania odpad\u00f3w to: maksymalnie 10% odpad\u00f3w komunalnych wysy\u0142anych na sk\u0142adowiska do 2035 r., recykling odpad\u00f3w opakowa\u0144 z tworzyw sztucznych na poziomie 50% do 2025 r. oraz na poziomie 55% do 2030 r. W tym kontek\u015bcie recykling chemiczny stanowi s\u0142uszny krok w kierunku ograniczenia ilo\u015bci nieodzyskiwanych odpad\u00f3w i rozwoju cyrkularnej gospodarki tworzyw sztucznych. Z rozwojem tego sektora wi\u0105\u017ce si\u0119 tak\u017ce ogromny potencja\u0142 w zakresie nowych miejsc pracy.<\/p>\n\n\n\n<div style=\"height:100px\" aria-hidden=\"true\" class=\"wp-block-spacer wp-embed-aspect-16-9 wp-has-aspect-ratio is-style-medium\"><\/div>\n\n\n\n<figure class=\"wp-block-image size-large\"><img loading=\"lazy\" decoding=\"async\" width=\"1024\" height=\"576\" src=\"https:\/\/plasticseurope.org\/pl\/wp-content\/uploads\/sites\/7\/2023\/09\/Recykling-chemiczny_schemat-1024x576.png\" alt=\"\" class=\"wp-image-1550\" srcset=\"https:\/\/plasticseurope.org\/pl\/wp-content\/uploads\/sites\/7\/2023\/09\/Recykling-chemiczny_schemat-1024x576.png 1024w, https:\/\/plasticseurope.org\/pl\/wp-content\/uploads\/sites\/7\/2023\/09\/Recykling-chemiczny_schemat-300x169.png 300w, https:\/\/plasticseurope.org\/pl\/wp-content\/uploads\/sites\/7\/2023\/09\/Recykling-chemiczny_schemat-768x432.png 768w, https:\/\/plasticseurope.org\/pl\/wp-content\/uploads\/sites\/7\/2023\/09\/Recykling-chemiczny_schemat-1536x864.png 1536w, https:\/\/plasticseurope.org\/pl\/wp-content\/uploads\/sites\/7\/2023\/09\/Recykling-chemiczny_schemat-1280x720.png 1280w, https:\/\/plasticseurope.org\/pl\/wp-content\/uploads\/sites\/7\/2023\/09\/Recykling-chemiczny_schemat.png 1600w\" sizes=\"auto, (max-width: 1024px) 100vw, 1024px\" \/><\/figure>\n\n\n\n<div style=\"height:100px\" aria-hidden=\"true\" class=\"wp-block-spacer\"><\/div>\n\n\n\n<h2 class=\"wp-block-heading wp-embed-aspect-16-9 wp-has-aspect-ratio\" id=\"significant-investments-in-recycling-technology\">Znacz\u0105ce inwestycje w recykling chemiczny<\/h2>\n\n\n\n<p class=\"wp-embed-aspect-16-9 wp-has-aspect-ratio has-large-font-size\">Zaobserwowali\u015bmy wyra\u017any wzrost planowanych przez firmy cz\u0142onkowskie Plastics Europe inwestycji w recykling chemiczny: z 2,6 miliarda euro w 2025 r. do 8 miliard\u00f3w euro w 2030 r. Szacuje si\u0119, \u017ce produkcja recyklat\u00f3w wzro\u015bnie do 0,9 Mt w 2025 r. i 2,8 Mt w 2030 r. Dzi\u0119ki temu wk\u0142adowi Plastics Europe odgrywa wiod\u0105c\u0105 rol\u0119 w realizacji wyznaczonego przez Komisj\u0119 Europejsk\u0105 celu Circular Plastics Alliance, zak\u0142adaj\u0105cego wykorzystanie w europejskich produktach 10 Mt recyklat\u00f3w do 2025 r. Przej\u015bcie na technologie surowc\u00f3w (piroliza, gazyfikacja) stanowi 80% planowanych mocy produkcyjnych.<\/p>\n\n\n\n<p>Prowadzimy wiele projekt\u00f3w w sektorach tworzyw sztucznych i recyklingu maj\u0105cych na celu upowszechnienie technologii recyklingu chemicznego \u2013 mamy zaplanowane 44 projekty w 13 krajach UE.<\/p>\n<\/div>\n\n\n\n<div class=\"wp-block-column order-1 md:order-2 mb-20 md:mb-0 lg:pl-16 space-y-8 md:space-y-14 is-layout-flow wp-block-column-is-layout-flow\" style=\"flex-basis:33.33%\">\n<div class=\"wp-block-group is-layout-flow wp-block-group-is-layout-flow\">\n<h4 class=\"wp-block-heading\" id=\"resources\">Dowiedz si\u0119 wi\u0119cej<\/h4>\n\n\n\n<div class=\"wp-block-buttons sidebar is-vertical is-content-justification-left is-nowrap is-layout-flex wp-container-core-buttons-is-layout-2dea860b wp-block-buttons-is-layout-flex\">\n<div class=\"wp-block-button has-custom-width wp-block-button__width-100 is-style-outline is-style-outline--1\"><a class=\"wp-block-button__link has-sky-color has-text-color wp-element-button\" href=\"https:\/\/plasticseurope.org\/pl\/knowledge-hub\/recykling-chemiczny-i-rola-bilansu-masy-w-pigulce\/\" target=\"_blank\" rel=\"noreferrer noopener\">Recykling chemiczny i rola bilansu masy w pigu\u0142ce<\/a><\/div>\n\n\n\n<div class=\"wp-block-button has-custom-width wp-block-button__width-100 is-style-outline is-style-outline--2\"><a class=\"wp-block-button__link has-sky-color has-text-color wp-element-button\" href=\"https:\/\/plasticseurope.org\/pl\/wp-content\/uploads\/sites\/7\/2023\/09\/Recykling-chemiczny_schemat.png\" target=\"_blank\" rel=\"noreferrer noopener\">Recykling chemiczny infografika<\/a><\/div>\n\n\n\n<div class=\"wp-block-button has-custom-width wp-block-button__width-100 is-style-outline is-style-outline--3\"><a class=\"wp-block-button__link has-sky-color has-text-color wp-element-button\" href=\"https:\/\/plasticseurope.org\/pl\/knowledge-hub\/tworzywa-fakty-w-pigulce-2024\/\" target=\"_blank\" rel=\"noreferrer noopener\">Tworzywa &#8211; Fakty 2024<\/a><\/div>\n<\/div>\n<\/div>\n<\/div>\n<\/div>\n\n\n\n<div class=\"wp-block-columns are-vertically-aligned-top is-layout-flex wp-container-core-columns-is-layout-28f84493 wp-block-columns-is-layout-flex\">\n<div class=\"wp-block-column is-vertically-aligned-top is-layout-flow wp-block-column-is-layout-flow\" style=\"flex-basis:66.66%\">\n<div class=\"wp-block-group is-layout-constrained wp-block-group-is-layout-constrained\">\n<figure class=\"wp-block-embed is-type-video is-provider-vimeo wp-block-embed-vimeo wp-embed-aspect-16-9 wp-has-aspect-ratio\"><div class=\"wp-block-embed__wrapper\">\n<iframe loading=\"lazy\" src=\"https:\/\/player.vimeo.com\/video\/698971642?dnt=1&amp;app_id=122963\" width=\"500\" height=\"281\" frameborder=\"0\" allow=\"autoplay; fullscreen; picture-in-picture; clipboard-write\"><\/iframe>\n<\/div><\/figure>\n\n\n\n<div style=\"height:100px\" aria-hidden=\"true\" class=\"wp-block-spacer is-style-small\"><\/div>\n\n\n\n<div style=\"height:100px\" aria-hidden=\"true\" class=\"wp-block-spacer is-style-small\"><\/div>\n\n\n\n<h3 class=\"wp-block-heading\">Zobacz, jak stare materace zyskuj\u0105 nowe \u017cycie dzi\u0119ki<a href=\"https:\/\/www.covestro.com\/press\/closing-the-loop-for-polyurethane-mattresses-public\/\" target=\"_blank\" rel=\"noreferrer noopener\"> Covestro<\/a><\/h3>\n<\/div>\n<\/div>\n<\/div>\n\n\n\n<div style=\"height:100px\" aria-hidden=\"true\" class=\"wp-block-spacer wp-embed-aspect-16-9 wp-has-aspect-ratio\"><\/div>\n\n\n\n<div class=\"wp-block-columns is-layout-flex wp-container-core-columns-is-layout-28f84493 wp-block-columns-is-layout-flex\">\n<div class=\"wp-block-column is-layout-flow wp-block-column-is-layout-flow\" style=\"flex-basis:66.66%\">\n<div class=\"wp-block-group wp-embed-aspect-16-9 wp-has-aspect-ratio is-layout-flow wp-block-group-is-layout-flow\">\n<div style=\"height:100px\" aria-hidden=\"true\" class=\"wp-block-spacer\"><\/div>\n\n\n\n<div class=\"wp-block-group is-layout-flow wp-block-group-is-layout-flow\">\n<p class=\"has-small-font-size\">1. <a href=\"https:\/\/thisisplastics.com\/environment\/recycling-101-chemical-recycling\/\" target=\"_blank\" rel=\"noreferrer noopener\">Recycling 101 &#8211; Plastics Industry Association<\/a><\/p>\n\n\n\n<p class=\"has-small-font-size\">2. <a href=\"https:\/\/www.plasticseurope.org\/download_file\/force\/4829\/181\" target=\"_blank\" rel=\"noreferrer noopener\">https:\/\/www.plasticseurope.org\/download_file\/force\/4829\/181<\/a><\/p>\n<\/div>\n<\/div>\n<\/div>\n\n\n\n<div class=\"wp-block-column is-layout-flow wp-block-column-is-layout-flow\" style=\"flex-basis:33.33%\"><\/div>\n<\/div>\n","protected":false},"excerpt":{"rendered":"<p>Recykling chemiczny to proces przekszta\u0142cania odpad\u00f3w polimerowych poprzez zmian\u0119 ich struktury chemicznej, pozwalaj\u0105cy na otrzymanie substancji, kt\u00f3re mo\u017cna wykorzysta\u0107 jako surowiec do produkcji tworzyw sztucznych lub innych produkt\u00f3w. Recykling chemiczny obejmuje takie technologie, jak piroliza, gazyfikacja, hydrokraking i depolimeryzacja. Planowane inwestycje w recykling chemiczny Dane opieraj\u0105 si\u0119 na deklaracjach firm cz\u0142onkowskich Plastics Europe oraz innych [&hellip;]<\/p>\n","protected":false},"author":1,"featured_media":802,"parent":56,"menu_order":0,"comment_status":"closed","ping_status":"closed","template":"","meta":{"footnotes":""},"class_list":["post-1544","page","type-page","status-publish","has-post-thumbnail","hentry"],"acf":[],"yoast_head":"<!-- This site is optimized with the Yoast SEO plugin v21.6 - https:\/\/yoast.com\/wordpress\/plugins\/seo\/ -->\n<title>Recykling chemiczny - Plastics Europe PL<\/title>\n<meta name=\"robots\" content=\"index, follow, max-snippet:-1, max-image-preview:large, max-video-preview:-1\" \/>\n<link rel=\"canonical\" href=\"https:\/\/plasticseurope.org\/pl\/zrownowazony-rozwoj\/recykling-chemiczny\/\" \/>\n<meta property=\"og:locale\" content=\"pl_PL\" \/>\n<meta property=\"og:type\" content=\"article\" \/>\n<meta property=\"og:title\" content=\"Recykling chemiczny - Plastics Europe PL\" \/>\n<meta property=\"og:description\" content=\"Recykling chemiczny to proces przekszta\u0142cania odpad\u00f3w polimerowych poprzez zmian\u0119 ich struktury chemicznej, pozwalaj\u0105cy na otrzymanie substancji, kt\u00f3re mo\u017cna wykorzysta\u0107 jako surowiec do produkcji tworzyw sztucznych lub innych produkt\u00f3w. Recykling chemiczny obejmuje takie technologie, jak piroliza, gazyfikacja, hydrokraking i depolimeryzacja. Planowane inwestycje w recykling chemiczny Dane opieraj\u0105 si\u0119 na deklaracjach firm cz\u0142onkowskich Plastics Europe oraz innych [&hellip;]\" \/>\n<meta property=\"og:url\" content=\"https:\/\/plasticseurope.org\/pl\/zrownowazony-rozwoj\/recykling-chemiczny\/\" \/>\n<meta property=\"og:site_name\" content=\"Plastics Europe PL\" \/>\n<meta property=\"article:modified_time\" content=\"2025-02-04T07:08:40+00:00\" \/>\n<meta property=\"og:image\" content=\"https:\/\/plasticseurope.org\/pl\/wp-content\/uploads\/sites\/7\/2021\/12\/plastics-technology-innovation-engineer-scaled.jpg\" \/>\n\t<meta property=\"og:image:width\" content=\"2560\" \/>\n\t<meta property=\"og:image:height\" content=\"1440\" \/>\n\t<meta property=\"og:image:type\" content=\"image\/jpeg\" \/>\n<meta name=\"twitter:card\" content=\"summary_large_image\" \/>\n<meta name=\"twitter:label1\" content=\"Szacowany czas czytania\" \/>\n\t<meta name=\"twitter:data1\" content=\"3 minuty\" \/>\n<script type=\"application\/ld+json\" class=\"yoast-schema-graph\">{\"@context\":\"https:\/\/schema.org\",\"@graph\":[{\"@type\":\"WebPage\",\"@id\":\"https:\/\/plasticseurope.org\/pl\/zrownowazony-rozwoj\/recykling-chemiczny\/\",\"url\":\"https:\/\/plasticseurope.org\/pl\/zrownowazony-rozwoj\/recykling-chemiczny\/\",\"name\":\"Recykling chemiczny - Plastics Europe PL\",\"isPartOf\":{\"@id\":\"https:\/\/plasticseurope.org\/pl\/#website\"},\"datePublished\":\"2023-09-29T09:55:01+00:00\",\"dateModified\":\"2025-02-04T07:08:40+00:00\",\"breadcrumb\":{\"@id\":\"https:\/\/plasticseurope.org\/pl\/zrownowazony-rozwoj\/recykling-chemiczny\/#breadcrumb\"},\"inLanguage\":\"pl-PL\",\"potentialAction\":[{\"@type\":\"ReadAction\",\"target\":[\"https:\/\/plasticseurope.org\/pl\/zrownowazony-rozwoj\/recykling-chemiczny\/\"]}]},{\"@type\":\"BreadcrumbList\",\"@id\":\"https:\/\/plasticseurope.org\/pl\/zrownowazony-rozwoj\/recykling-chemiczny\/#breadcrumb\",\"itemListElement\":[{\"@type\":\"ListItem\",\"position\":1,\"name\":\"Home\",\"item\":\"https:\/\/plasticseurope.org\/pl\/\"},{\"@type\":\"ListItem\",\"position\":2,\"name\":\"Zr\u00f3wnowa\u017cony Rozw\u00f3j\",\"item\":\"https:\/\/plasticseurope.org\/pl\/zrownowazony-rozwoj\/\"},{\"@type\":\"ListItem\",\"position\":3,\"name\":\"Recykling chemiczny\"}]},{\"@type\":\"WebSite\",\"@id\":\"https:\/\/plasticseurope.org\/pl\/#website\",\"url\":\"https:\/\/plasticseurope.org\/pl\/\",\"name\":\"Plastics Europe PL\",\"description\":\"Enabling a sustainable future\",\"potentialAction\":[{\"@type\":\"SearchAction\",\"target\":{\"@type\":\"EntryPoint\",\"urlTemplate\":\"https:\/\/plasticseurope.org\/pl\/?s={search_term_string}\"},\"query-input\":\"required name=search_term_string\"}],\"inLanguage\":\"pl-PL\"}]}<\/script>\n<!-- \/ Yoast SEO plugin. -->","yoast_head_json":{"title":"Recykling chemiczny - Plastics Europe PL","robots":{"index":"index","follow":"follow","max-snippet":"max-snippet:-1","max-image-preview":"max-image-preview:large","max-video-preview":"max-video-preview:-1"},"canonical":"https:\/\/plasticseurope.org\/pl\/zrownowazony-rozwoj\/recykling-chemiczny\/","og_locale":"pl_PL","og_type":"article","og_title":"Recykling chemiczny - Plastics Europe PL","og_description":"Recykling chemiczny to proces przekszta\u0142cania odpad\u00f3w polimerowych poprzez zmian\u0119 ich struktury chemicznej, pozwalaj\u0105cy na otrzymanie substancji, kt\u00f3re mo\u017cna wykorzysta\u0107 jako surowiec do produkcji tworzyw sztucznych lub innych produkt\u00f3w. Recykling chemiczny obejmuje takie technologie, jak piroliza, gazyfikacja, hydrokraking i depolimeryzacja. Planowane inwestycje w recykling chemiczny Dane opieraj\u0105 si\u0119 na deklaracjach firm cz\u0142onkowskich Plastics Europe oraz innych [&hellip;]","og_url":"https:\/\/plasticseurope.org\/pl\/zrownowazony-rozwoj\/recykling-chemiczny\/","og_site_name":"Plastics Europe PL","article_modified_time":"2025-02-04T07:08:40+00:00","og_image":[{"width":2560,"height":1440,"url":"https:\/\/plasticseurope.org\/pl\/wp-content\/uploads\/sites\/7\/2021\/12\/plastics-technology-innovation-engineer-scaled.jpg","type":"image\/jpeg"}],"twitter_card":"summary_large_image","twitter_misc":{"Szacowany czas czytania":"3 minuty"},"schema":{"@context":"https:\/\/schema.org","@graph":[{"@type":"WebPage","@id":"https:\/\/plasticseurope.org\/pl\/zrownowazony-rozwoj\/recykling-chemiczny\/","url":"https:\/\/plasticseurope.org\/pl\/zrownowazony-rozwoj\/recykling-chemiczny\/","name":"Recykling chemiczny - Plastics Europe PL","isPartOf":{"@id":"https:\/\/plasticseurope.org\/pl\/#website"},"datePublished":"2023-09-29T09:55:01+00:00","dateModified":"2025-02-04T07:08:40+00:00","breadcrumb":{"@id":"https:\/\/plasticseurope.org\/pl\/zrownowazony-rozwoj\/recykling-chemiczny\/#breadcrumb"},"inLanguage":"pl-PL","potentialAction":[{"@type":"ReadAction","target":["https:\/\/plasticseurope.org\/pl\/zrownowazony-rozwoj\/recykling-chemiczny\/"]}]},{"@type":"BreadcrumbList","@id":"https:\/\/plasticseurope.org\/pl\/zrownowazony-rozwoj\/recykling-chemiczny\/#breadcrumb","itemListElement":[{"@type":"ListItem","position":1,"name":"Home","item":"https:\/\/plasticseurope.org\/pl\/"},{"@type":"ListItem","position":2,"name":"Zr\u00f3wnowa\u017cony Rozw\u00f3j","item":"https:\/\/plasticseurope.org\/pl\/zrownowazony-rozwoj\/"},{"@type":"ListItem","position":3,"name":"Recykling chemiczny"}]},{"@type":"WebSite","@id":"https:\/\/plasticseurope.org\/pl\/#website","url":"https:\/\/plasticseurope.org\/pl\/","name":"Plastics Europe PL","description":"Enabling a sustainable future","potentialAction":[{"@type":"SearchAction","target":{"@type":"EntryPoint","urlTemplate":"https:\/\/plasticseurope.org\/pl\/?s={search_term_string}"},"query-input":"required name=search_term_string"}],"inLanguage":"pl-PL"}]}},"_links":{"self":[{"href":"https:\/\/plasticseurope.org\/pl\/wp-json\/wp\/v2\/pages\/1544","targetHints":{"allow":["GET"]}}],"collection":[{"href":"https:\/\/plasticseurope.org\/pl\/wp-json\/wp\/v2\/pages"}],"about":[{"href":"https:\/\/plasticseurope.org\/pl\/wp-json\/wp\/v2\/types\/page"}],"author":[{"embeddable":true,"href":"https:\/\/plasticseurope.org\/pl\/wp-json\/wp\/v2\/users\/1"}],"replies":[{"embeddable":true,"href":"https:\/\/plasticseurope.org\/pl\/wp-json\/wp\/v2\/comments?post=1544"}],"version-history":[{"count":0,"href":"https:\/\/plasticseurope.org\/pl\/wp-json\/wp\/v2\/pages\/1544\/revisions"}],"up":[{"embeddable":true,"href":"https:\/\/plasticseurope.org\/pl\/wp-json\/wp\/v2\/pages\/56"}],"wp:featuredmedia":[{"embeddable":true,"href":"https:\/\/plasticseurope.org\/pl\/wp-json\/wp\/v2\/media\/802"}],"wp:attachment":[{"href":"https:\/\/plasticseurope.org\/pl\/wp-json\/wp\/v2\/media?parent=1544"}],"curies":[{"name":"wp","href":"https:\/\/api.w.org\/{rel}","templated":true}]}}