{"id":13065,"date":"2026-05-05T08:32:06","date_gmt":"2026-05-05T08:32:06","guid":{"rendered":"https:\/\/plasticseurope.org\/pl\/?page_id=13065"},"modified":"2026-05-06T11:19:32","modified_gmt":"2026-05-06T11:19:32","slug":"circular-plastics-compass","status":"publish","type":"page","link":"https:\/\/plasticseurope.org\/pl\/changingplasticsforgood\/circular-plastics-compass\/","title":{"rendered":"Circular Plastics Compass"},"content":{"rendered":"\n<div class=\"wp-block-group alignfull mb-24 is-layout-flow wp-block-group-is-layout-flow\">\n<div class=\"wp-block-cover alignfull is-light bg-sky-900 pt-28 pb-8\" style=\"min-height:40vw;aspect-ratio:unset;\"><video class=\"wp-block-cover__video-background intrinsic-ignore\" autoplay muted loop playsinline src=\"https:\/\/plasticseurope.org\/pl\/wp-content\/uploads\/sites\/7\/2026\/05\/CPC_logo.mp4\" data-object-fit=\"cover\"><\/video><span aria-hidden=\"true\" class=\"wp-block-cover__background has-background-dim-0 has-background-dim\"><\/span><div class=\"wp-block-cover__inner-container is-layout-flow wp-block-cover-is-layout-flow\">\n<div class=\"wp-block-columns alignwide are-vertically-aligned-bottom invisible mb-0 mt-0 is-layout-flex wp-container-core-columns-is-layout-28f84493 wp-block-columns-is-layout-flex\">\n<div class=\"wp-block-column is-vertically-aligned-bottom is-layout-flow wp-block-column-is-layout-flow\" style=\"flex-basis:80%\">\n<h1 class=\"wp-block-heading md:mb-0 text-4xl md:text-6xl has-white-color has-text-color\" id=\"the-global-plastics-treaty\">The Plastics Transition<\/h1>\n\n\n\n<p class=\"has-white-color has-text-color has-x-large-font-size\">Our industry\u2019s roadmap for plastics in Europe to be circular and have net-zero emissions by 2050<\/p>\n<\/div>\n\n\n\n<div class=\"wp-block-column is-vertically-aligned-bottom is-layout-flow wp-block-column-is-layout-flow\">\n<div class=\"wp-block-buttons is-vertical is-layout-flex wp-container-core-buttons-is-layout-fe9cc265 wp-block-buttons-is-layout-flex\">\n<div class=\"wp-block-button has-custom-width wp-block-button__width-100 is-style-outline is-style-outline--1\"><a class=\"wp-block-button__link has-white-color has-text-color wp-element-button\" href=\"https:\/\/plasticseurope.org\/wp-content\/uploads\/2024\/09\/2463779_ExecutiveSummaryRoadmapAdjustmentsSep2024_EN_091724.pdf\" style=\"border-radius:0px\" target=\"_blank\" rel=\"noreferrer noopener\">Executive Summary<\/a><\/div>\n\n\n\n<div class=\"wp-block-button has-custom-width wp-block-button__width-100 is-style-outline is-style-outline--2\"><a class=\"wp-block-button__link has-white-color has-text-color wp-element-button\" href=\"https:\/\/plasticseurope.org\/wp-content\/uploads\/2024\/09\/2310838_RoadmapCopyChange_110924.pdf\" style=\"border-radius:0px\" target=\"_blank\" rel=\"noreferrer noopener\">Read Full Roadmap<\/a><\/div>\n\n\n\n<div class=\"wp-block-button has-custom-width wp-block-button__width-100 is-style-outline is-style-outline--3\"><a class=\"wp-block-button__link has-white-color has-text-color wp-element-button\" href=\"https:\/\/plasticseurope.org\/wp-content\/uploads\/2023\/03\/UPATED-MEDIA-PACK-ZIP_FOR-UPLOAD.zip\" style=\"border-radius:0px\" target=\"_blank\" rel=\"noreferrer noopener\">Press Materials<\/a><\/div>\n<\/div>\n<\/div>\n<\/div>\n<\/div><\/div>\n\n\n\n<p><\/p>\n<\/div>\n\n\n\n<h2 class=\"wp-block-heading\">Circular Plastics Compass to cykl spotka\u0144, warsztat\u00f3w i webinari\u00f3w bran\u017cowych, w ramach kt\u00f3rego razem z interesariuszami z ca\u0142ego sektora poszukujemy najlepszych narz\u0119dzi do osi\u0105gni\u0119cia wsp\u00f3lnego dla naszego przemys\u0142u celu \u2013 promowania cyrkularnych rozwi\u0105za\u0144 i wskazywania drogi do konkurencyjnej gospodarki obiegu zamkni\u0119tego w Europie.<\/h2>\n\n\n\n<div style=\"height:100px\" aria-hidden=\"true\" class=\"wp-block-spacer\"><\/div>\n\n\n\n<div class=\"wp-block-columns is-layout-flex wp-container-core-columns-is-layout-28f84493 wp-block-columns-is-layout-flex\">\n<div class=\"wp-block-column is-vertically-aligned-center is-layout-flow wp-container-core-column-is-layout-885d1d55 wp-block-column-is-layout-flow\" style=\"padding-right:var(--wp--preset--spacing--50);padding-left:0\">\n<h2 class=\"wp-block-heading\">Sytuacja europejskiej bran\u017cy tworzyw sztucznych<\/h2>\n\n\n\n<p>Transformacja Europy w kierunku cyrkularnych tworzyw sztucznych nie post\u0119puje w wystarczaj\u0105cym tempie ani na odpowiedni\u0105 skal\u0119. S\u0142aby popyt na europejskie tworzywa cyrkularne, nieuczciwa globalna konkurencja oraz utrzymuj\u0105cy si\u0119 brak wykorzystania warto\u015bci odpad\u00f3w tworzyw to tylko niekt\u00f3re z barier hamuj\u0105cych post\u0119p. W efekcie ryzyko przenoszenia mocy produkcyjnych i innowacji poza UE jest coraz wi\u0119ksze.<\/p>\n\n\n\n<p>Wysokie koszty energii, op\u0142aty zwi\u0105zane z ochron\u0105 klimatu oraz ceny surowc\u00f3w os\u0142abi\u0142y globaln\u0105 konkurencyjno\u015b\u0107 bran\u017cy i zmniejszy\u0142y biznesowe uzasadnienie do inwestowania w cyrkularno\u015b\u0107 w Europie. Podczas gdy produkcja tworzyw w innych regionach nadal ro\u015bnie, udzia\u0142 Europy w rynku globalnym gwa\u0142townie spad\u0142 \u2013 z 22% w 2006 roku do 12% w 2024 roku \u2013 a obroty przemys\u0142u tworzyw zmala\u0142y z 457 miliard\u00f3w euro w 2022 roku do 398 miliard\u00f3w w 2024 roku.<\/p>\n\n\n\n<div class=\"wp-block-buttons is-layout-flex wp-block-buttons-is-layout-flex\">\n<div class=\"wp-block-button\"><a class=\"wp-block-button__link has-sky-background-color has-background wp-element-button\" href=\"https:\/\/plasticseurope.org\/pl\/knowledge-hub\/tworzywa-fakty-2025-w-pigulce\/\" target=\"_blank\" rel=\"noreferrer noopener\"><strong>Przeczytaj raport Tworzywa &#8211; Fakty 2025 <em>w pigu\u0142ce<\/em><\/strong><\/a><\/div>\n<\/div>\n<\/div>\n\n\n\n<div class=\"wp-block-column is-layout-flow wp-block-column-is-layout-flow\">\n<figure class=\"wp-block-image size-full\"><img decoding=\"async\" src=\"https:\/\/plasticseurope.org\/wp-content\/uploads\/2025\/11\/plastic-industry.jpg\" alt=\"\" class=\"wp-image-12759\" \/><\/figure>\n<\/div>\n<\/div>\n\n\n\n<div style=\"height:100px\" aria-hidden=\"true\" class=\"wp-block-spacer\"><\/div>\n\n\n\n<div class=\"wp-block-columns is-layout-flex wp-container-core-columns-is-layout-28f84493 wp-block-columns-is-layout-flex\">\n<div class=\"wp-block-column is-layout-flow wp-block-column-is-layout-flow\">\n<figure class=\"wp-block-image size-large\"><img loading=\"lazy\" decoding=\"async\" width=\"1024\" height=\"1024\" src=\"https:\/\/plasticseurope.org\/pl\/wp-content\/uploads\/sites\/7\/2026\/05\/Raport-1024x1024.png\" alt=\"\" class=\"wp-image-13077\" srcset=\"https:\/\/plasticseurope.org\/pl\/wp-content\/uploads\/sites\/7\/2026\/05\/Raport-1024x1024.png 1024w, https:\/\/plasticseurope.org\/pl\/wp-content\/uploads\/sites\/7\/2026\/05\/Raport-300x300.png 300w, https:\/\/plasticseurope.org\/pl\/wp-content\/uploads\/sites\/7\/2026\/05\/Raport-150x150.png 150w, https:\/\/plasticseurope.org\/pl\/wp-content\/uploads\/sites\/7\/2026\/05\/Raport-768x768.png 768w, https:\/\/plasticseurope.org\/pl\/wp-content\/uploads\/sites\/7\/2026\/05\/Raport-1536x1536.png 1536w, https:\/\/plasticseurope.org\/pl\/wp-content\/uploads\/sites\/7\/2026\/05\/Raport-840x840.png 840w, https:\/\/plasticseurope.org\/pl\/wp-content\/uploads\/sites\/7\/2026\/05\/Raport.png 1654w\" sizes=\"auto, (max-width: 1024px) 100vw, 1024px\" \/><\/figure>\n<\/div>\n\n\n\n<div class=\"wp-block-column is-vertically-aligned-center is-layout-flow wp-block-column-is-layout-flow\">\n<h2 class=\"wp-block-heading\">Droga do konkurencyjnej gospodarki obiegu zamkni\u0119tego<\/h2>\n\n\n\n<p class=\"has-white-color has-sky-background-color has-text-color has-background has-link-color wp-elements-2f51dde7a9e573fe80216379373b581e\">W 2026 roku, aby w oparciu o konkretne dane mocniej promowa\u0107 rentowne cyrkularne rozwi\u0105zania i wskazywa\u0107 drog\u0119 do konkurencyjnej gospodarki obiegu zamkni\u0119tego w Europie, Plastics Europe Polska stworzy\u0142o <strong>Circular Plastics Compass<\/strong>. To cykl spotka\u0144, warsztat\u00f3w i webinari\u00f3w bran\u017cowych, w ramach kt\u00f3rego razem z interesariuszami z ca\u0142ego sektora poszukujemy najlepszych narz\u0119dzi do osi\u0105gni\u0119cia wsp\u00f3lnego dla naszego przemys\u0142u celu. <\/p>\n\n\n\n<p>Baz\u0105 merytoryczn\u0105, s\u0142u\u017c\u0105c\u0105 za podstaw\u0119 i punkt odniesienia naszych dzia\u0142a\u0144 w ramach Circular Plastics Compass, jest raport Plastics Europe <strong>\u201eTworzywa sztuczne w obiegu zamkni\u0119tym \u2013 analiza sytuacji w Europie 2026\u201d<\/strong>. To porcja najnowszej wiedzy na temat stanu cyrkularno\u015bci europejskiego systemu tworzyw sztucznych, wnikliwy przegl\u0105d danych na temat produkcji tworzyw sztucznych, ich przetw\u00f3rstwa, wykorzystania w wyrobach, a tak\u017ce zagospodarowania odpad\u00f3w tworzyw. W tym roku po raz pierwszy raport zawiera nowe dane, m.in. na temat przep\u0142yw\u00f3w handlowych tworzyw z surowc\u00f3w kopalnych i cyrkularnych, daj\u0105ce pe\u0142niejszy obraz obrotu tworzywami w Europie.<\/p>\n\n\n\n<p class=\"has-white-color has-sky-background-color has-text-color has-background has-link-color wp-elements-195edf0f9aa1c66f80684ff9fce5fdd3\"><a href=\"https:\/\/plasticseurope.org\/pl\/2026\/04\/28\/nowy-raport-tworzywa-sztuczne-w-obiegu-zamknietym-analiza-sytuacji-w-europie-2026\/\" target=\"_blank\" rel=\"noreferrer noopener\"><strong>Przeczytaj raport Tworzywa sztuczne w obiegu zamkni\u0119tym \u2013 analiza sytuacji w Europie 2026<\/strong><\/a><\/p>\n<\/div>\n<\/div>\n\n\n\n<h2 class=\"wp-block-heading\" style=\"padding-top:var(--wp--preset--spacing--70);padding-bottom:var(--wp--preset--spacing--70);font-size:2rem\">Trzy etapy Circular Plastics Compass<\/h2>\n\n\n\n<div class=\"wp-block-columns is-layout-flex wp-container-core-columns-is-layout-28f84493 wp-block-columns-is-layout-flex\">\n<div class=\"wp-block-column is-layout-flow wp-block-column-is-layout-flow\">\n<div class=\"wp-block-group bg-mist-900 p-8 rounded-md has-sky-background-color has-background is-layout-flow wp-block-group-is-layout-flow\" style=\"min-height:215px\">\n<figure class=\"wp-block-image aligncenter size-full is-resized has-custom-border\"><img loading=\"lazy\" decoding=\"async\" width=\"1482\" height=\"659\" src=\"https:\/\/plasticseurope.org\/pl\/wp-content\/uploads\/sites\/7\/2026\/05\/bs.png\" alt=\"\" class=\"wp-image-13089\" style=\"border-style:none;border-width:0px;border-radius:0px;width:auto;height:80px\" srcset=\"https:\/\/plasticseurope.org\/pl\/wp-content\/uploads\/sites\/7\/2026\/05\/bs.png 1482w, https:\/\/plasticseurope.org\/pl\/wp-content\/uploads\/sites\/7\/2026\/05\/bs-300x133.png 300w, https:\/\/plasticseurope.org\/pl\/wp-content\/uploads\/sites\/7\/2026\/05\/bs-1024x455.png 1024w, https:\/\/plasticseurope.org\/pl\/wp-content\/uploads\/sites\/7\/2026\/05\/bs-768x342.png 768w, https:\/\/plasticseurope.org\/pl\/wp-content\/uploads\/sites\/7\/2026\/05\/bs-1280x569.png 1280w\" sizes=\"auto, (max-width: 1482px) 100vw, 1482px\" \/><\/figure>\n\n\n\n<p class=\"has-text-align-center has-white-color has-text-color has-link-color has-large-font-size wp-elements-fbdf5989c451405f78225230533faf57\"><a href=\"https:\/\/plasticseurope.org\/pl\/events\/circular-plastics-compass\/\"><strong>1.<\/strong><br><strong>Circular Plastics Compass <\/strong><br><strong>Starter<\/strong><\/a><\/p>\n<\/div>\n<\/div>\n\n\n\n<div class=\"wp-block-column is-layout-flow wp-block-column-is-layout-flow\">\n<div class=\"wp-block-group bg-mist-900 p-8 rounded-md has-sky-background-color has-background is-layout-flow wp-block-group-is-layout-flow\" style=\"min-height:215px\">\n<figure class=\"wp-block-image aligncenter size-full is-resized has-custom-border\"><img loading=\"lazy\" decoding=\"async\" width=\"1482\" height=\"658\" src=\"https:\/\/plasticseurope.org\/pl\/wp-content\/uploads\/sites\/7\/2026\/05\/bl.png\" alt=\"\" class=\"wp-image-13090\" style=\"border-style:none;border-width:0px;border-radius:0px;width:auto;height:80px\" srcset=\"https:\/\/plasticseurope.org\/pl\/wp-content\/uploads\/sites\/7\/2026\/05\/bl.png 1482w, https:\/\/plasticseurope.org\/pl\/wp-content\/uploads\/sites\/7\/2026\/05\/bl-300x133.png 300w, https:\/\/plasticseurope.org\/pl\/wp-content\/uploads\/sites\/7\/2026\/05\/bl-1024x455.png 1024w, https:\/\/plasticseurope.org\/pl\/wp-content\/uploads\/sites\/7\/2026\/05\/bl-768x341.png 768w, https:\/\/plasticseurope.org\/pl\/wp-content\/uploads\/sites\/7\/2026\/05\/bl-1280x568.png 1280w\" sizes=\"auto, (max-width: 1482px) 100vw, 1482px\" \/><\/figure>\n\n\n\n<p class=\"has-text-align-center has-white-color has-text-color has-link-color has-large-font-size wp-elements-9fb9ce538bce0da7790c2e66b2016aa4\"><strong>2.<\/strong><br><a href=\"https:\/\/plasticseurope.org\/pl\/events\/circular-plastics-compass-lab\/\"><strong>Circular Plastics Compass <\/strong><br><strong>Lab<\/strong><\/a><\/p>\n<\/div>\n<\/div>\n\n\n\n<div class=\"wp-block-column is-layout-flow wp-block-column-is-layout-flow\">\n<div class=\"wp-block-group bg-mist-900 p-8 rounded-md has-sky-background-color has-background is-layout-flow wp-block-group-is-layout-flow\" style=\"min-height:215px\">\n<figure class=\"wp-block-image aligncenter size-full is-resized has-custom-border\"><img loading=\"lazy\" decoding=\"async\" width=\"1482\" height=\"658\" src=\"https:\/\/plasticseurope.org\/pl\/wp-content\/uploads\/sites\/7\/2026\/05\/bc.png\" alt=\"\" class=\"wp-image-13091\" style=\"border-style:none;border-width:0px;border-radius:0px;width:auto;height:80px\" srcset=\"https:\/\/plasticseurope.org\/pl\/wp-content\/uploads\/sites\/7\/2026\/05\/bc.png 1482w, https:\/\/plasticseurope.org\/pl\/wp-content\/uploads\/sites\/7\/2026\/05\/bc-300x133.png 300w, https:\/\/plasticseurope.org\/pl\/wp-content\/uploads\/sites\/7\/2026\/05\/bc-1024x455.png 1024w, https:\/\/plasticseurope.org\/pl\/wp-content\/uploads\/sites\/7\/2026\/05\/bc-768x341.png 768w, https:\/\/plasticseurope.org\/pl\/wp-content\/uploads\/sites\/7\/2026\/05\/bc-1280x568.png 1280w\" sizes=\"auto, (max-width: 1482px) 100vw, 1482px\" \/><\/figure>\n\n\n\n<p class=\"has-text-align-center has-white-color has-text-color has-link-color has-large-font-size wp-elements-c57ee4209c716827743ef39232461ad7\"><a href=\"https:\/\/plasticseurope.org\/pl\/events\/circular-plastics-compass-conference\/\"><strong>3. <\/strong><br><strong>Circular Plastics Compass <\/strong><br><strong>Conference<\/strong><\/a><\/p>\n<\/div>\n<\/div>\n<\/div>\n\n\n\n<p><strong>Kliknij na wybrany etap Circular Plastics Compass, \u017ceby dowiedzie\u0107 si\u0119 wi\u0119cej.<\/strong><\/p>\n\n\n\n<div style=\"height:48px\" aria-hidden=\"true\" class=\"wp-block-spacer\"><\/div>\n\n\n\n<figure class=\"wp-block-image size-full\"><img loading=\"lazy\" decoding=\"async\" width=\"2000\" height=\"576\" src=\"https:\/\/plasticseurope.org\/pl\/wp-content\/uploads\/sites\/7\/2025\/12\/MD-baner-net2.jpg\" alt=\"\" class=\"wp-image-12775\" srcset=\"https:\/\/plasticseurope.org\/pl\/wp-content\/uploads\/sites\/7\/2025\/12\/MD-baner-net2.jpg 2000w, https:\/\/plasticseurope.org\/pl\/wp-content\/uploads\/sites\/7\/2025\/12\/MD-baner-net2-300x86.jpg 300w, https:\/\/plasticseurope.org\/pl\/wp-content\/uploads\/sites\/7\/2025\/12\/MD-baner-net2-1024x295.jpg 1024w, https:\/\/plasticseurope.org\/pl\/wp-content\/uploads\/sites\/7\/2025\/12\/MD-baner-net2-768x221.jpg 768w, https:\/\/plasticseurope.org\/pl\/wp-content\/uploads\/sites\/7\/2025\/12\/MD-baner-net2-1536x442.jpg 1536w, https:\/\/plasticseurope.org\/pl\/wp-content\/uploads\/sites\/7\/2025\/12\/MD-baner-net2-1980x570.jpg 1980w, https:\/\/plasticseurope.org\/pl\/wp-content\/uploads\/sites\/7\/2025\/12\/MD-baner-net2-1280x369.jpg 1280w\" sizes=\"auto, (max-width: 2000px) 100vw, 2000px\" \/><\/figure>\n\n\n\n<div style=\"height:100px\" aria-hidden=\"true\" class=\"wp-block-spacer\"><\/div>\n\n\n\n<div class=\"wp-block-buttons is-layout-flex wp-block-buttons-is-layout-flex\">\n<div class=\"wp-block-button\"><a class=\"wp-block-button__link has-sky-background-color has-background wp-element-button\" href=\"https:\/\/plasticseurope.org\/pl\/zrownowazony-rozwoj\/europejski-system-tworzyw-sztucznych-bez-tajemnic\/\" target=\"_blank\" rel=\"noreferrer noopener\">Poznaj lepiej europejsk\u0105 bran\u017c\u0119 tworzyw sztucznych<\/a><\/div>\n<\/div>\n\n\n\n<div class=\"wp-block-group alignfull my-16 -mb-28 is-layout-flow wp-block-group-is-layout-flow\">\n<div class=\"wp-block-cover is-light w-full overflow-visible\"><span aria-hidden=\"true\" class=\"wp-block-cover__background has-mist-background-color has-background-dim-100 has-background-dim\"><\/span><div class=\"wp-block-cover__inner-container is-layout-flow wp-block-cover-is-layout-flow\">\n<div class=\"wp-block-media-text alignwide is-stacked-on-mobile relative my-4 md:-my-12 max-w-7xl mx-auto\" style=\"grid-template-columns:40% auto\"><figure class=\"wp-block-media-text__media\"><img decoding=\"async\" src=\"https:\/\/plasticseurope.org\/wp-content\/uploads\/2025\/11\/competitiveness-conclusion.jpg\" alt=\"\" class=\"wp-image-12758 size-large\" \/><\/figure><div class=\"wp-block-media-text__content\">\n<div class=\"wp-block-group space-y-4 md:space-y-8 py-4 my-0 is-layout-flow wp-block-group-is-layout-flow\">\n<h2 class=\"wp-block-heading has-jade-color has-text-color\" id=\"reshaping-plastics\">Europejski przemys\u0142 tworzyw sztucznych potrzebuje systemowego wsparcia.<\/h2>\n\n\n\n<p class=\"text-base lg:text-lg has-gray-color has-text-color\">Dop\u00f3ki europejskie ramy regulacyjne i systemy gospodarowania odpadami pozostaj\u0105 w tyle za globalnymi konkurentami, inwestycje i innowacje b\u0119d\u0105 odp\u0142ywa\u0107 poza Europ\u0119. Nadszed\u0142 czas, aby wesprze\u0107 tworzywa i wyroby z tworzyw produkowane w Europie oraz stworzy\u0107 warunki dla dynamicznego, cyrkularnego systemu tworzyw sztucznych na naszym kontynencie.<\/p>\n\n\n\n<div class=\"wp-block-buttons is-layout-flex wp-block-buttons-is-layout-flex\">\n<div class=\"wp-block-button\"><a class=\"wp-block-button__link has-sky-background-color has-background wp-element-button\" href=\"https:\/\/plasticseurope.org\/pl\/aktualnosci-i-stanowiska\/\">Poznaj lepiej nasze stanowiska<\/a><\/div>\n<\/div>\n<\/div>\n<\/div><\/div>\n<\/div><\/div>\n<\/div>\n\n\n\n<p><\/p>\n\n\n\n<p><\/p>\n\n\n\n<p><\/p>\n\n\n\n<div class=\"wp-block-group alignfull mb-24 is-layout-flow wp-block-group-is-layout-flow\"><\/div>\n","protected":false},"excerpt":{"rendered":"<p>Circular Plastics Compass to cykl spotka\u0144, warsztat\u00f3w i webinari\u00f3w bran\u017cowych, w ramach kt\u00f3rego razem z interesariuszami z ca\u0142ego sektora poszukujemy najlepszych narz\u0119dzi do osi\u0105gni\u0119cia wsp\u00f3lnego dla naszego przemys\u0142u celu \u2013 promowania cyrkularnych rozwi\u0105za\u0144 i wskazywania drogi do konkurencyjnej gospodarki obiegu zamkni\u0119tego w Europie. Sytuacja europejskiej bran\u017cy tworzyw sztucznych Transformacja Europy w kierunku cyrkularnych tworzyw sztucznych [&hellip;]<\/p>\n","protected":false},"author":26,"featured_media":13101,"parent":10718,"menu_order":0,"comment_status":"closed","ping_status":"closed","template":"views\/template-no-header.blade.php","meta":{"footnotes":""},"class_list":["post-13065","page","type-page","status-publish","has-post-thumbnail","hentry"],"acf":[],"yoast_head":"<!-- This site is optimized with the Yoast SEO plugin v21.6 - https:\/\/yoast.com\/wordpress\/plugins\/seo\/ -->\n<title>Circular Plastics Compass - Plastics Europe PL<\/title>\n<meta name=\"robots\" content=\"index, follow, max-snippet:-1, max-image-preview:large, max-video-preview:-1\" \/>\n<link rel=\"canonical\" href=\"https:\/\/plasticseurope.org\/pl\/changingplasticsforgood\/circular-plastics-compass\/\" \/>\n<meta property=\"og:locale\" content=\"pl_PL\" \/>\n<meta property=\"og:type\" content=\"article\" \/>\n<meta property=\"og:title\" content=\"Circular Plastics Compass - Plastics Europe PL\" \/>\n<meta property=\"og:description\" content=\"Circular Plastics Compass to cykl spotka\u0144, warsztat\u00f3w i webinari\u00f3w bran\u017cowych, w ramach kt\u00f3rego razem z interesariuszami z ca\u0142ego sektora poszukujemy najlepszych narz\u0119dzi do osi\u0105gni\u0119cia wsp\u00f3lnego dla naszego przemys\u0142u celu \u2013 promowania cyrkularnych rozwi\u0105za\u0144 i wskazywania drogi do konkurencyjnej gospodarki obiegu zamkni\u0119tego w Europie. Sytuacja europejskiej bran\u017cy tworzyw sztucznych Transformacja Europy w kierunku cyrkularnych tworzyw sztucznych [&hellip;]\" \/>\n<meta property=\"og:url\" content=\"https:\/\/plasticseurope.org\/pl\/changingplasticsforgood\/circular-plastics-compass\/\" \/>\n<meta property=\"og:site_name\" content=\"Plastics Europe PL\" \/>\n<meta property=\"article:modified_time\" content=\"2026-05-06T11:19:32+00:00\" \/>\n<meta property=\"og:image\" content=\"https:\/\/plasticseurope.org\/pl\/wp-content\/uploads\/sites\/7\/2026\/05\/Projekt-bez-nazwy-3.jpg\" \/>\n\t<meta property=\"og:image:width\" content=\"1920\" \/>\n\t<meta property=\"og:image:height\" content=\"1080\" \/>\n\t<meta property=\"og:image:type\" content=\"image\/jpeg\" \/>\n<meta name=\"twitter:card\" content=\"summary_large_image\" \/>\n<meta name=\"twitter:label1\" content=\"Szacowany czas czytania\" \/>\n\t<meta name=\"twitter:data1\" content=\"5 minut\" \/>\n<script type=\"application\/ld+json\" class=\"yoast-schema-graph\">{\"@context\":\"https:\/\/schema.org\",\"@graph\":[{\"@type\":\"WebPage\",\"@id\":\"https:\/\/plasticseurope.org\/pl\/changingplasticsforgood\/circular-plastics-compass\/\",\"url\":\"https:\/\/plasticseurope.org\/pl\/changingplasticsforgood\/circular-plastics-compass\/\",\"name\":\"Circular Plastics Compass - Plastics Europe PL\",\"isPartOf\":{\"@id\":\"https:\/\/plasticseurope.org\/pl\/#website\"},\"datePublished\":\"2026-05-05T08:32:06+00:00\",\"dateModified\":\"2026-05-06T11:19:32+00:00\",\"breadcrumb\":{\"@id\":\"https:\/\/plasticseurope.org\/pl\/changingplasticsforgood\/circular-plastics-compass\/#breadcrumb\"},\"inLanguage\":\"pl-PL\",\"potentialAction\":[{\"@type\":\"ReadAction\",\"target\":[\"https:\/\/plasticseurope.org\/pl\/changingplasticsforgood\/circular-plastics-compass\/\"]}]},{\"@type\":\"BreadcrumbList\",\"@id\":\"https:\/\/plasticseurope.org\/pl\/changingplasticsforgood\/circular-plastics-compass\/#breadcrumb\",\"itemListElement\":[{\"@type\":\"ListItem\",\"position\":1,\"name\":\"Home\",\"item\":\"https:\/\/plasticseurope.org\/pl\/\"},{\"@type\":\"ListItem\",\"position\":2,\"name\":\"#ChangingPlasticsforGood\",\"item\":\"https:\/\/plasticseurope.org\/pl\/changingplasticsforgood\/\"},{\"@type\":\"ListItem\",\"position\":3,\"name\":\"Circular Plastics Compass\"}]},{\"@type\":\"WebSite\",\"@id\":\"https:\/\/plasticseurope.org\/pl\/#website\",\"url\":\"https:\/\/plasticseurope.org\/pl\/\",\"name\":\"Plastics Europe PL\",\"description\":\"Enabling a sustainable future\",\"potentialAction\":[{\"@type\":\"SearchAction\",\"target\":{\"@type\":\"EntryPoint\",\"urlTemplate\":\"https:\/\/plasticseurope.org\/pl\/?s={search_term_string}\"},\"query-input\":\"required name=search_term_string\"}],\"inLanguage\":\"pl-PL\"}]}<\/script>\n<!-- \/ Yoast SEO plugin. -->","yoast_head_json":{"title":"Circular Plastics Compass - Plastics Europe PL","robots":{"index":"index","follow":"follow","max-snippet":"max-snippet:-1","max-image-preview":"max-image-preview:large","max-video-preview":"max-video-preview:-1"},"canonical":"https:\/\/plasticseurope.org\/pl\/changingplasticsforgood\/circular-plastics-compass\/","og_locale":"pl_PL","og_type":"article","og_title":"Circular Plastics Compass - Plastics Europe PL","og_description":"Circular Plastics Compass to cykl spotka\u0144, warsztat\u00f3w i webinari\u00f3w bran\u017cowych, w ramach kt\u00f3rego razem z interesariuszami z ca\u0142ego sektora poszukujemy najlepszych narz\u0119dzi do osi\u0105gni\u0119cia wsp\u00f3lnego dla naszego przemys\u0142u celu \u2013 promowania cyrkularnych rozwi\u0105za\u0144 i wskazywania drogi do konkurencyjnej gospodarki obiegu zamkni\u0119tego w Europie. Sytuacja europejskiej bran\u017cy tworzyw sztucznych Transformacja Europy w kierunku cyrkularnych tworzyw sztucznych [&hellip;]","og_url":"https:\/\/plasticseurope.org\/pl\/changingplasticsforgood\/circular-plastics-compass\/","og_site_name":"Plastics Europe PL","article_modified_time":"2026-05-06T11:19:32+00:00","og_image":[{"width":1920,"height":1080,"url":"https:\/\/plasticseurope.org\/pl\/wp-content\/uploads\/sites\/7\/2026\/05\/Projekt-bez-nazwy-3.jpg","type":"image\/jpeg"}],"twitter_card":"summary_large_image","twitter_misc":{"Szacowany czas czytania":"5 minut"},"schema":{"@context":"https:\/\/schema.org","@graph":[{"@type":"WebPage","@id":"https:\/\/plasticseurope.org\/pl\/changingplasticsforgood\/circular-plastics-compass\/","url":"https:\/\/plasticseurope.org\/pl\/changingplasticsforgood\/circular-plastics-compass\/","name":"Circular Plastics Compass - Plastics Europe PL","isPartOf":{"@id":"https:\/\/plasticseurope.org\/pl\/#website"},"datePublished":"2026-05-05T08:32:06+00:00","dateModified":"2026-05-06T11:19:32+00:00","breadcrumb":{"@id":"https:\/\/plasticseurope.org\/pl\/changingplasticsforgood\/circular-plastics-compass\/#breadcrumb"},"inLanguage":"pl-PL","potentialAction":[{"@type":"ReadAction","target":["https:\/\/plasticseurope.org\/pl\/changingplasticsforgood\/circular-plastics-compass\/"]}]},{"@type":"BreadcrumbList","@id":"https:\/\/plasticseurope.org\/pl\/changingplasticsforgood\/circular-plastics-compass\/#breadcrumb","itemListElement":[{"@type":"ListItem","position":1,"name":"Home","item":"https:\/\/plasticseurope.org\/pl\/"},{"@type":"ListItem","position":2,"name":"#ChangingPlasticsforGood","item":"https:\/\/plasticseurope.org\/pl\/changingplasticsforgood\/"},{"@type":"ListItem","position":3,"name":"Circular Plastics Compass"}]},{"@type":"WebSite","@id":"https:\/\/plasticseurope.org\/pl\/#website","url":"https:\/\/plasticseurope.org\/pl\/","name":"Plastics Europe PL","description":"Enabling a sustainable future","potentialAction":[{"@type":"SearchAction","target":{"@type":"EntryPoint","urlTemplate":"https:\/\/plasticseurope.org\/pl\/?s={search_term_string}"},"query-input":"required name=search_term_string"}],"inLanguage":"pl-PL"}]}},"_links":{"self":[{"href":"https:\/\/plasticseurope.org\/pl\/wp-json\/wp\/v2\/pages\/13065","targetHints":{"allow":["GET"]}}],"collection":[{"href":"https:\/\/plasticseurope.org\/pl\/wp-json\/wp\/v2\/pages"}],"about":[{"href":"https:\/\/plasticseurope.org\/pl\/wp-json\/wp\/v2\/types\/page"}],"author":[{"embeddable":true,"href":"https:\/\/plasticseurope.org\/pl\/wp-json\/wp\/v2\/users\/26"}],"replies":[{"embeddable":true,"href":"https:\/\/plasticseurope.org\/pl\/wp-json\/wp\/v2\/comments?post=13065"}],"version-history":[{"count":0,"href":"https:\/\/plasticseurope.org\/pl\/wp-json\/wp\/v2\/pages\/13065\/revisions"}],"up":[{"embeddable":true,"href":"https:\/\/plasticseurope.org\/pl\/wp-json\/wp\/v2\/pages\/10718"}],"wp:featuredmedia":[{"embeddable":true,"href":"https:\/\/plasticseurope.org\/pl\/wp-json\/wp\/v2\/media\/13101"}],"wp:attachment":[{"href":"https:\/\/plasticseurope.org\/pl\/wp-json\/wp\/v2\/media?parent=13065"}],"curies":[{"name":"wp","href":"https:\/\/api.w.org\/{rel}","templated":true}]}}