{"id":658,"date":"2022-02-22T11:00:00","date_gmt":"2022-02-22T11:00:00","guid":{"rendered":"https:\/\/plasticseurope.wpenginepowered.com\/fr\/?page_id=658"},"modified":"2022-02-22T11:00:01","modified_gmt":"2022-02-22T11:00:01","slug":"climat","status":"publish","type":"page","link":"https:\/\/plasticseurope.org\/fr\/developpement-durable\/climat\/","title":{"rendered":"Climat"},"content":{"rendered":"\n<p class=\"has-large-font-size\">La protection du climat constitue l\u2019un des d\u00e9fis environnementaux majeurs auxquels notre soci\u00e9t\u00e9 doit faire face aujourd\u2019hui. La gravit\u00e9 de la crise climatique exige que des dispositions \u00e0 court terme soient prises en urgence. Ainsi, la cr\u00e9ation d\u2019une \u00e9conomie bas carbone est-elle indispensable si nous voulons att\u00e9nuer l\u2019impact du changement climatique. L\u2019industrie des plastiques soutient pleinement l\u2019ambition de la Commission europ\u00e9enne d\u2019atteindre la neutralit\u00e9 carbone en 2050, et de contribuer ainsi aux objectifs mondiaux fix\u00e9s par l\u2019Accord de Paris.<\/p>\n\n\n\n<div style=\"height:100px\" aria-hidden=\"true\" class=\"wp-block-spacer\"><\/div>\n\n\n\n<div class=\"wp-block-columns is-layout-flex wp-container-core-columns-is-layout-28f84493 wp-block-columns-is-layout-flex\">\n<div class=\"wp-block-column is-layout-flow wp-block-column-is-layout-flow\">\n<p>Nous am\u00e9liorons l\u2019impact sur le climat de tous les aspects de nos activit\u00e9s\u00a0: nous rendons nos proc\u00e9d\u00e9s de production toujours plus \u00e9conomes en \u00e9nergie et ressources et utilisons de plus en plus d\u2019\u00e9nergie renouvelable et de mati\u00e8res premi\u00e8res alternatives provenant de d\u00e9chets et de ressources durables. Nous soutenons \u00e9galement les solutions de captation du carbone. Nous enregistrons des avanc\u00e9es majeures en mati\u00e8re de recyclage et de circularit\u00e9 de notre \u00e9conomie, deux \u00e9l\u00e9ments cruciaux pour r\u00e9duire les \u00e9missions de gaz \u00e0 effet de serre. Par ailleurs, plusieurs entreprises chimiques testent de nouveaux proc\u00e9d\u00e9s de production de mati\u00e8res plastiques \u00e0 partir de CO<sub>2<\/sub>.<\/p>\n\n\n\n<p>D\u00e9j\u00e0, l\u2019industrie des mati\u00e8res plastiques contribue de mani\u00e8re significative aux objectifs climatiques de l\u2019Europe. L\u2019utilisation des plastiques dans la plupart de leurs applications r\u00e9duit les \u00e9missions de CO<sub>2<\/sub>. Elle diminue par exemple, la consommation d\u2019\u00e9nergie dans le secteur de la construction et limite le gaspillage alimentaire gr\u00e2ce aux emballages. La transition des combustibles fossiles aux \u00e9nergies renouvelables ne saurait se faire sans les mat\u00e9riaux plastiques utilis\u00e9s dans les \u00e9oliennes, les panneaux solaires et les v\u00e9hicules \u00e9lectriques.<\/p>\n<\/div>\n\n\n\n<div class=\"wp-block-column is-layout-flow wp-block-column-is-layout-flow\">\n<p class=\"has-sky-color has-text-color has-large-font-size\">Les plastiques sont essentiels pour notre avenir. Notre engagement en tant qu\u2019industrie est de veiller scrupuleusement, de concert avec nos partenaires de la cha\u00eene de valeur, \u00e0 ce que les plastiques continuent d\u2019apporter \u00e0 la soci\u00e9t\u00e9 les avantages dont elle a besoin, sans avoir d\u2019impact n\u00e9gatif sur l\u2019environnement.<\/p>\n<\/div>\n<\/div>\n\n\n\n<div id=\"explore-block_617957d0078ca\" class=\"explore-further\">\n  <div class=\"flex flex-col bg-mist-900 rounded-md mt-8 md:mt-28 md:w-1\/2 md:mr-auto\">\n    <div class=\"flex-1 relative p-6 md:px-10 md:py-8\">\n      <div class=\"absolute top-0 left-0 p-5 inline-block transform -translate-x-1\/2 -translate-y-1\/2\">\n      <\/div>\n      \n\n<h3 class=\"wp-block-heading\" id=\"en-savoir-plus\">En savoir plus<\/h3>\n\n\n\n<p><a href=\"https:\/\/plasticseurope.org\/wp-content\/uploads\/2021\/10\/View_paper_EU_climate_neutrality_final.pdf\" target=\"_blank\" rel=\"noreferrer noopener\"><a href=\"https:\/\/www.plasticseurope.org\/download_file\/force\/4332\/180\">La position de PlasticsEurope sur la neutralit\u00e9 climatique de l\u2019UE<\/a><\/a><\/p>\n\n\n\n<p><a href=\"https:\/\/ec.europa.eu\/info\/strategy\/priorities-2019-2024\/european-green-deal_en\" target=\"_blank\" rel=\"noreferrer noopener\"><a href=\"https:\/\/ec.europa.eu\/info\/strategy\/priorities-2019-2024\/european-green-deal_fr\">Pacte vert de l\u2019UE\u00a0<\/a><\/a><\/p>\n\n\n\n<p><a href=\"https:\/\/ec.europa.eu\/clima\/eu-action\/international-action-climate-change\/climate-negotiations\/paris-agreement_en\" target=\"_blank\" rel=\"noreferrer noopener\"><a href=\"https:\/\/ec.europa.eu\/clima\/eu-action\/international-action-climate-change\/climate-negotiations\/paris-agreement_fr\">Accord de Paris<\/a><\/a><\/p>\n\n\n    <\/div>\n  <\/div>\n<\/div>\n","protected":false},"excerpt":{"rendered":"<p>La protection du climat constitue l\u2019un des d\u00e9fis environnementaux majeurs auxquels notre soci\u00e9t\u00e9 doit faire face aujourd\u2019hui. La gravit\u00e9 de la crise climatique exige que des dispositions \u00e0 court terme soient prises en urgence. Ainsi, la cr\u00e9ation d\u2019une \u00e9conomie bas carbone est-elle indispensable si nous voulons att\u00e9nuer l\u2019impact du changement climatique. L\u2019industrie des plastiques soutient [&hellip;]<\/p>\n","protected":false},"author":1,"featured_media":583,"parent":51,"menu_order":0,"comment_status":"closed","ping_status":"closed","template":"","meta":{"footnotes":""},"class_list":["post-658","page","type-page","status-publish","has-post-thumbnail","hentry"],"acf":[],"yoast_head":"<!-- This site is optimized with the Yoast SEO plugin v21.6 - https:\/\/yoast.com\/wordpress\/plugins\/seo\/ -->\n<title>Climat - Plastics Europe<\/title>\n<meta name=\"robots\" content=\"index, follow, max-snippet:-1, max-image-preview:large, max-video-preview:-1\" \/>\n<link rel=\"canonical\" href=\"https:\/\/plasticseurope.org\/fr\/developpement-durable\/climat\/\" \/>\n<meta property=\"og:locale\" content=\"fr_FR\" \/>\n<meta property=\"og:type\" content=\"article\" \/>\n<meta property=\"og:title\" content=\"Climat - Plastics Europe\" \/>\n<meta property=\"og:description\" content=\"La protection du climat constitue l\u2019un des d\u00e9fis environnementaux majeurs auxquels notre soci\u00e9t\u00e9 doit faire face aujourd\u2019hui. La gravit\u00e9 de la crise climatique exige que des dispositions \u00e0 court terme soient prises en urgence. Ainsi, la cr\u00e9ation d\u2019une \u00e9conomie bas carbone est-elle indispensable si nous voulons att\u00e9nuer l\u2019impact du changement climatique. L\u2019industrie des plastiques soutient [&hellip;]\" \/>\n<meta property=\"og:url\" content=\"https:\/\/plasticseurope.org\/fr\/developpement-durable\/climat\/\" \/>\n<meta property=\"og:site_name\" content=\"Plastics Europe\" \/>\n<meta property=\"article:modified_time\" content=\"2022-02-22T11:00:01+00:00\" \/>\n<meta property=\"og:image\" content=\"https:\/\/plasticseurope.org\/fr\/wp-content\/uploads\/sites\/2\/2021\/12\/plastic-sustainable-electric-vehicle-scaled.jpg\" \/>\n\t<meta property=\"og:image:width\" content=\"2560\" \/>\n\t<meta property=\"og:image:height\" content=\"1707\" \/>\n\t<meta property=\"og:image:type\" content=\"image\/jpeg\" \/>\n<meta name=\"twitter:card\" content=\"summary_large_image\" \/>\n<meta name=\"twitter:label1\" content=\"Dur\u00e9e de lecture estim\u00e9e\" \/>\n\t<meta name=\"twitter:data1\" content=\"2 minutes\" \/>\n<script type=\"application\/ld+json\" class=\"yoast-schema-graph\">{\"@context\":\"https:\/\/schema.org\",\"@graph\":[{\"@type\":\"WebPage\",\"@id\":\"https:\/\/plasticseurope.org\/fr\/developpement-durable\/climat\/\",\"url\":\"https:\/\/plasticseurope.org\/fr\/developpement-durable\/climat\/\",\"name\":\"Climat - Plastics Europe\",\"isPartOf\":{\"@id\":\"https:\/\/plasticseurope.org\/fr\/#website\"},\"datePublished\":\"2022-02-22T11:00:00+00:00\",\"dateModified\":\"2022-02-22T11:00:01+00:00\",\"breadcrumb\":{\"@id\":\"https:\/\/plasticseurope.org\/fr\/developpement-durable\/climat\/#breadcrumb\"},\"inLanguage\":\"fr-FR\",\"potentialAction\":[{\"@type\":\"ReadAction\",\"target\":[\"https:\/\/plasticseurope.org\/fr\/developpement-durable\/climat\/\"]}]},{\"@type\":\"BreadcrumbList\",\"@id\":\"https:\/\/plasticseurope.org\/fr\/developpement-durable\/climat\/#breadcrumb\",\"itemListElement\":[{\"@type\":\"ListItem\",\"position\":1,\"name\":\"Home\",\"item\":\"https:\/\/plasticseurope.org\/fr\/\"},{\"@type\":\"ListItem\",\"position\":2,\"name\":\"D\u00e9veloppement durable\",\"item\":\"https:\/\/plasticseurope.org\/fr\/developpement-durable\/\"},{\"@type\":\"ListItem\",\"position\":3,\"name\":\"Climat\"}]},{\"@type\":\"WebSite\",\"@id\":\"https:\/\/plasticseurope.org\/fr\/#website\",\"url\":\"https:\/\/plasticseurope.org\/fr\/\",\"name\":\"Plastics Europe\",\"description\":\"Enabling a sustainable future\",\"potentialAction\":[{\"@type\":\"SearchAction\",\"target\":{\"@type\":\"EntryPoint\",\"urlTemplate\":\"https:\/\/plasticseurope.org\/fr\/?s={search_term_string}\"},\"query-input\":\"required name=search_term_string\"}],\"inLanguage\":\"fr-FR\"}]}<\/script>\n<!-- \/ Yoast SEO plugin. -->","yoast_head_json":{"title":"Climat - Plastics Europe","robots":{"index":"index","follow":"follow","max-snippet":"max-snippet:-1","max-image-preview":"max-image-preview:large","max-video-preview":"max-video-preview:-1"},"canonical":"https:\/\/plasticseurope.org\/fr\/developpement-durable\/climat\/","og_locale":"fr_FR","og_type":"article","og_title":"Climat - Plastics Europe","og_description":"La protection du climat constitue l\u2019un des d\u00e9fis environnementaux majeurs auxquels notre soci\u00e9t\u00e9 doit faire face aujourd\u2019hui. La gravit\u00e9 de la crise climatique exige que des dispositions \u00e0 court terme soient prises en urgence. Ainsi, la cr\u00e9ation d\u2019une \u00e9conomie bas carbone est-elle indispensable si nous voulons att\u00e9nuer l\u2019impact du changement climatique. L\u2019industrie des plastiques soutient [&hellip;]","og_url":"https:\/\/plasticseurope.org\/fr\/developpement-durable\/climat\/","og_site_name":"Plastics Europe","article_modified_time":"2022-02-22T11:00:01+00:00","og_image":[{"width":2560,"height":1707,"url":"https:\/\/plasticseurope.org\/fr\/wp-content\/uploads\/sites\/2\/2021\/12\/plastic-sustainable-electric-vehicle-scaled.jpg","type":"image\/jpeg"}],"twitter_card":"summary_large_image","twitter_misc":{"Dur\u00e9e de lecture estim\u00e9e":"2 minutes"},"schema":{"@context":"https:\/\/schema.org","@graph":[{"@type":"WebPage","@id":"https:\/\/plasticseurope.org\/fr\/developpement-durable\/climat\/","url":"https:\/\/plasticseurope.org\/fr\/developpement-durable\/climat\/","name":"Climat - Plastics Europe","isPartOf":{"@id":"https:\/\/plasticseurope.org\/fr\/#website"},"datePublished":"2022-02-22T11:00:00+00:00","dateModified":"2022-02-22T11:00:01+00:00","breadcrumb":{"@id":"https:\/\/plasticseurope.org\/fr\/developpement-durable\/climat\/#breadcrumb"},"inLanguage":"fr-FR","potentialAction":[{"@type":"ReadAction","target":["https:\/\/plasticseurope.org\/fr\/developpement-durable\/climat\/"]}]},{"@type":"BreadcrumbList","@id":"https:\/\/plasticseurope.org\/fr\/developpement-durable\/climat\/#breadcrumb","itemListElement":[{"@type":"ListItem","position":1,"name":"Home","item":"https:\/\/plasticseurope.org\/fr\/"},{"@type":"ListItem","position":2,"name":"D\u00e9veloppement durable","item":"https:\/\/plasticseurope.org\/fr\/developpement-durable\/"},{"@type":"ListItem","position":3,"name":"Climat"}]},{"@type":"WebSite","@id":"https:\/\/plasticseurope.org\/fr\/#website","url":"https:\/\/plasticseurope.org\/fr\/","name":"Plastics Europe","description":"Enabling a sustainable future","potentialAction":[{"@type":"SearchAction","target":{"@type":"EntryPoint","urlTemplate":"https:\/\/plasticseurope.org\/fr\/?s={search_term_string}"},"query-input":"required name=search_term_string"}],"inLanguage":"fr-FR"}]}},"_links":{"self":[{"href":"https:\/\/plasticseurope.org\/fr\/wp-json\/wp\/v2\/pages\/658","targetHints":{"allow":["GET"]}}],"collection":[{"href":"https:\/\/plasticseurope.org\/fr\/wp-json\/wp\/v2\/pages"}],"about":[{"href":"https:\/\/plasticseurope.org\/fr\/wp-json\/wp\/v2\/types\/page"}],"author":[{"embeddable":true,"href":"https:\/\/plasticseurope.org\/fr\/wp-json\/wp\/v2\/users\/1"}],"replies":[{"embeddable":true,"href":"https:\/\/plasticseurope.org\/fr\/wp-json\/wp\/v2\/comments?post=658"}],"version-history":[{"count":0,"href":"https:\/\/plasticseurope.org\/fr\/wp-json\/wp\/v2\/pages\/658\/revisions"}],"up":[{"embeddable":true,"href":"https:\/\/plasticseurope.org\/fr\/wp-json\/wp\/v2\/pages\/51"}],"wp:featuredmedia":[{"embeddable":true,"href":"https:\/\/plasticseurope.org\/fr\/wp-json\/wp\/v2\/media\/583"}],"wp:attachment":[{"href":"https:\/\/plasticseurope.org\/fr\/wp-json\/wp\/v2\/media?parent=658"}],"curies":[{"name":"wp","href":"https:\/\/api.w.org\/{rel}","templated":true}]}}