{"id":621,"date":"2022-02-16T08:07:14","date_gmt":"2022-02-16T08:07:14","guid":{"rendered":"https:\/\/plasticseurope.wpenginepowered.com\/fr\/?page_id=621"},"modified":"2025-06-24T15:36:13","modified_gmt":"2025-06-24T15:36:13","slug":"inventer-lavenir","status":"publish","type":"page","link":"https:\/\/plasticseurope.org\/fr\/developpement-durable\/inventer-lavenir\/","title":{"rendered":"Inventer l\u2019avenir"},"content":{"rendered":"\n<p class=\"has-large-font-size\">D\u00e9velopper des produits et solutions hautement qualitatives et performantes, qui soient durables est un d\u00e9fi extr\u00eamement complexe. Il demande de recourir \u00e0 des technologies innovantes et de mobiliser les meilleurs scientifiques et ing\u00e9nieurs, ainsi que les esprits les plus novateurs, desquels sont issus les dirigeants de notre industrie depuis plus d\u2019un si\u00e8cle.<\/p>\n\n\n\n<div style=\"height:16px\" aria-hidden=\"true\" class=\"wp-block-spacer is-style-small\"><\/div>\n\n\n\n<p>Gr\u00e2ce \u00e0 l\u2019innovation et \u00e0 des investissements cons\u00e9quents en R&amp;D, \u00e0 l\u2019accent mis sur les technologies de production et la protection de l\u2019environnement, des avanc\u00e9es majeures ont \u00e9t\u00e9 et continuent d\u2019\u00eatre r\u00e9alis\u00e9es en mati\u00e8re de durabilit\u00e9 des plastiques. Ces avanc\u00e9es portent sur l\u2019utilisation de mati\u00e8res premi\u00e8res durables biosourc\u00e9es ou issues de d\u00e9chets plastique pour la production de polym\u00e8res, sur la mise au point de mat\u00e9riaux innovants et l\u2019\u00e9co-conception pour faciliter la recyclabilit\u00e9 des produits, ainsi que sur les progr\u00e8s significatifs des technologies de recyclage chimique. Ainsi pouvons-nous fournir des solutions adapt\u00e9es \u00e0 un monde en constante \u00e9volution.<\/p>\n\n\n\n<div style=\"height:48px\" aria-hidden=\"true\" class=\"wp-block-spacer\"><\/div>\n\n\n\n<h2 class=\"wp-block-heading\" id=\"les-plastiques-ont-un-role-essentiel\">Les plastiques ont un r\u00f4le essentiel<\/h2>\n\n\n\n<p class=\"has-large-font-size\">Nous pensons que notre industrie a un r\u00f4le essentiel \u00e0 tenir pour faire des plastiques des mat\u00e9riaux plus durables. Actionner tous les leviers n\u00e9cessaires exige un effort concert\u00e9 de la part de tous ceux qui peuvent y contribuer. C\u2019est pour cette raison qu\u2019une collaboration sur le long terme, avec le monde scientifique, les gouvernements, la soci\u00e9t\u00e9 civile, les populations locales, ainsi qu\u2019avec d\u2019autres entreprises de notre cha\u00eene de valeur est indispensable.<\/p>\n\n\n\n<div id=\"explore-block_8985b42d808618861aa8694d0b07d630\" class=\"explore-further\">\n  <div class=\"flex flex-col bg-mist-900 rounded-md mt-8 md:mt-28 md:w-1\/2 md:mr-auto\">\n    <div class=\"flex-1 relative p-6 md:px-10 md:py-8\">\n      <div class=\"absolute top-0 left-0 p-5 inline-block transform -translate-x-1\/2 -translate-y-1\/2\">\n      <\/div>\n      \n\n<h3 class=\"wp-block-heading\" id=\"explore-further\">Explore further<\/h3>\n\n\n\n<p><a href=\"http:\/\/www.plasticsmakeitpossible.com\" target=\"_blank\" rel=\"noreferrer noopener\">Plastics Make it Possible<\/a><\/p>\n\n\n\n<p><a href=\"http:\/\/wonderfulvinyl.pvc.org\" target=\"_blank\" rel=\"noreferrer noopener\">Wonderful Vinyl<\/a><\/p>\n\n\n    <\/div>\n  <\/div>\n<\/div>\n","protected":false},"excerpt":{"rendered":"<p>D\u00e9velopper des produits et solutions hautement qualitatives et performantes, qui soient durables est un d\u00e9fi extr\u00eamement complexe. Il demande de recourir \u00e0 des technologies innovantes et de mobiliser les meilleurs scientifiques et ing\u00e9nieurs, ainsi que les esprits les plus novateurs, desquels sont issus les dirigeants de notre industrie depuis plus d\u2019un si\u00e8cle. Gr\u00e2ce \u00e0 l\u2019innovation [&hellip;]<\/p>\n","protected":false},"author":1,"featured_media":547,"parent":51,"menu_order":0,"comment_status":"closed","ping_status":"closed","template":"","meta":{"footnotes":""},"class_list":["post-621","page","type-page","status-publish","has-post-thumbnail","hentry"],"acf":[],"yoast_head":"<!-- This site is optimized with the Yoast SEO plugin v21.6 - https:\/\/yoast.com\/wordpress\/plugins\/seo\/ -->\n<title>Inventer l\u2019avenir - Plastics Europe<\/title>\n<meta name=\"robots\" content=\"index, follow, max-snippet:-1, max-image-preview:large, max-video-preview:-1\" \/>\n<link rel=\"canonical\" href=\"https:\/\/plasticseurope.org\/fr\/developpement-durable\/inventer-lavenir\/\" \/>\n<meta property=\"og:locale\" content=\"fr_FR\" \/>\n<meta property=\"og:type\" content=\"article\" \/>\n<meta property=\"og:title\" content=\"Inventer l\u2019avenir - Plastics Europe\" \/>\n<meta property=\"og:description\" content=\"D\u00e9velopper des produits et solutions hautement qualitatives et performantes, qui soient durables est un d\u00e9fi extr\u00eamement complexe. Il demande de recourir \u00e0 des technologies innovantes et de mobiliser les meilleurs scientifiques et ing\u00e9nieurs, ainsi que les esprits les plus novateurs, desquels sont issus les dirigeants de notre industrie depuis plus d\u2019un si\u00e8cle. Gr\u00e2ce \u00e0 l\u2019innovation [&hellip;]\" \/>\n<meta property=\"og:url\" content=\"https:\/\/plasticseurope.org\/fr\/developpement-durable\/inventer-lavenir\/\" \/>\n<meta property=\"og:site_name\" content=\"Plastics Europe\" \/>\n<meta property=\"article:modified_time\" content=\"2025-06-24T15:36:13+00:00\" \/>\n<meta property=\"og:image\" content=\"https:\/\/plasticseurope.org\/fr\/wp-content\/uploads\/sites\/2\/2021\/12\/plastic-innovation-3d-scaled.jpg\" \/>\n\t<meta property=\"og:image:width\" content=\"2560\" \/>\n\t<meta property=\"og:image:height\" content=\"1707\" \/>\n\t<meta property=\"og:image:type\" content=\"image\/jpeg\" \/>\n<meta name=\"twitter:card\" content=\"summary_large_image\" \/>\n<meta name=\"twitter:label1\" content=\"Dur\u00e9e de lecture estim\u00e9e\" \/>\n\t<meta name=\"twitter:data1\" content=\"2 minutes\" \/>\n<script type=\"application\/ld+json\" class=\"yoast-schema-graph\">{\"@context\":\"https:\/\/schema.org\",\"@graph\":[{\"@type\":\"WebPage\",\"@id\":\"https:\/\/plasticseurope.org\/fr\/developpement-durable\/inventer-lavenir\/\",\"url\":\"https:\/\/plasticseurope.org\/fr\/developpement-durable\/inventer-lavenir\/\",\"name\":\"Inventer l\u2019avenir - Plastics Europe\",\"isPartOf\":{\"@id\":\"https:\/\/plasticseurope.org\/fr\/#website\"},\"datePublished\":\"2022-02-16T08:07:14+00:00\",\"dateModified\":\"2025-06-24T15:36:13+00:00\",\"breadcrumb\":{\"@id\":\"https:\/\/plasticseurope.org\/fr\/developpement-durable\/inventer-lavenir\/#breadcrumb\"},\"inLanguage\":\"fr-FR\",\"potentialAction\":[{\"@type\":\"ReadAction\",\"target\":[\"https:\/\/plasticseurope.org\/fr\/developpement-durable\/inventer-lavenir\/\"]}]},{\"@type\":\"BreadcrumbList\",\"@id\":\"https:\/\/plasticseurope.org\/fr\/developpement-durable\/inventer-lavenir\/#breadcrumb\",\"itemListElement\":[{\"@type\":\"ListItem\",\"position\":1,\"name\":\"Home\",\"item\":\"https:\/\/plasticseurope.org\/fr\/\"},{\"@type\":\"ListItem\",\"position\":2,\"name\":\"D\u00e9veloppement durable\",\"item\":\"https:\/\/plasticseurope.org\/fr\/developpement-durable\/\"},{\"@type\":\"ListItem\",\"position\":3,\"name\":\"Inventer l\u2019avenir\"}]},{\"@type\":\"WebSite\",\"@id\":\"https:\/\/plasticseurope.org\/fr\/#website\",\"url\":\"https:\/\/plasticseurope.org\/fr\/\",\"name\":\"Plastics Europe\",\"description\":\"Enabling a sustainable future\",\"potentialAction\":[{\"@type\":\"SearchAction\",\"target\":{\"@type\":\"EntryPoint\",\"urlTemplate\":\"https:\/\/plasticseurope.org\/fr\/?s={search_term_string}\"},\"query-input\":\"required name=search_term_string\"}],\"inLanguage\":\"fr-FR\"}]}<\/script>\n<!-- \/ Yoast SEO plugin. -->","yoast_head_json":{"title":"Inventer l\u2019avenir - Plastics Europe","robots":{"index":"index","follow":"follow","max-snippet":"max-snippet:-1","max-image-preview":"max-image-preview:large","max-video-preview":"max-video-preview:-1"},"canonical":"https:\/\/plasticseurope.org\/fr\/developpement-durable\/inventer-lavenir\/","og_locale":"fr_FR","og_type":"article","og_title":"Inventer l\u2019avenir - Plastics Europe","og_description":"D\u00e9velopper des produits et solutions hautement qualitatives et performantes, qui soient durables est un d\u00e9fi extr\u00eamement complexe. Il demande de recourir \u00e0 des technologies innovantes et de mobiliser les meilleurs scientifiques et ing\u00e9nieurs, ainsi que les esprits les plus novateurs, desquels sont issus les dirigeants de notre industrie depuis plus d\u2019un si\u00e8cle. Gr\u00e2ce \u00e0 l\u2019innovation [&hellip;]","og_url":"https:\/\/plasticseurope.org\/fr\/developpement-durable\/inventer-lavenir\/","og_site_name":"Plastics Europe","article_modified_time":"2025-06-24T15:36:13+00:00","og_image":[{"width":2560,"height":1707,"url":"https:\/\/plasticseurope.org\/fr\/wp-content\/uploads\/sites\/2\/2021\/12\/plastic-innovation-3d-scaled.jpg","type":"image\/jpeg"}],"twitter_card":"summary_large_image","twitter_misc":{"Dur\u00e9e de lecture estim\u00e9e":"2 minutes"},"schema":{"@context":"https:\/\/schema.org","@graph":[{"@type":"WebPage","@id":"https:\/\/plasticseurope.org\/fr\/developpement-durable\/inventer-lavenir\/","url":"https:\/\/plasticseurope.org\/fr\/developpement-durable\/inventer-lavenir\/","name":"Inventer l\u2019avenir - Plastics Europe","isPartOf":{"@id":"https:\/\/plasticseurope.org\/fr\/#website"},"datePublished":"2022-02-16T08:07:14+00:00","dateModified":"2025-06-24T15:36:13+00:00","breadcrumb":{"@id":"https:\/\/plasticseurope.org\/fr\/developpement-durable\/inventer-lavenir\/#breadcrumb"},"inLanguage":"fr-FR","potentialAction":[{"@type":"ReadAction","target":["https:\/\/plasticseurope.org\/fr\/developpement-durable\/inventer-lavenir\/"]}]},{"@type":"BreadcrumbList","@id":"https:\/\/plasticseurope.org\/fr\/developpement-durable\/inventer-lavenir\/#breadcrumb","itemListElement":[{"@type":"ListItem","position":1,"name":"Home","item":"https:\/\/plasticseurope.org\/fr\/"},{"@type":"ListItem","position":2,"name":"D\u00e9veloppement durable","item":"https:\/\/plasticseurope.org\/fr\/developpement-durable\/"},{"@type":"ListItem","position":3,"name":"Inventer l\u2019avenir"}]},{"@type":"WebSite","@id":"https:\/\/plasticseurope.org\/fr\/#website","url":"https:\/\/plasticseurope.org\/fr\/","name":"Plastics Europe","description":"Enabling a sustainable future","potentialAction":[{"@type":"SearchAction","target":{"@type":"EntryPoint","urlTemplate":"https:\/\/plasticseurope.org\/fr\/?s={search_term_string}"},"query-input":"required name=search_term_string"}],"inLanguage":"fr-FR"}]}},"_links":{"self":[{"href":"https:\/\/plasticseurope.org\/fr\/wp-json\/wp\/v2\/pages\/621","targetHints":{"allow":["GET"]}}],"collection":[{"href":"https:\/\/plasticseurope.org\/fr\/wp-json\/wp\/v2\/pages"}],"about":[{"href":"https:\/\/plasticseurope.org\/fr\/wp-json\/wp\/v2\/types\/page"}],"author":[{"embeddable":true,"href":"https:\/\/plasticseurope.org\/fr\/wp-json\/wp\/v2\/users\/1"}],"replies":[{"embeddable":true,"href":"https:\/\/plasticseurope.org\/fr\/wp-json\/wp\/v2\/comments?post=621"}],"version-history":[{"count":0,"href":"https:\/\/plasticseurope.org\/fr\/wp-json\/wp\/v2\/pages\/621\/revisions"}],"up":[{"embeddable":true,"href":"https:\/\/plasticseurope.org\/fr\/wp-json\/wp\/v2\/pages\/51"}],"wp:featuredmedia":[{"embeddable":true,"href":"https:\/\/plasticseurope.org\/fr\/wp-json\/wp\/v2\/media\/547"}],"wp:attachment":[{"href":"https:\/\/plasticseurope.org\/fr\/wp-json\/wp\/v2\/media?parent=621"}],"curies":[{"name":"wp","href":"https:\/\/api.w.org\/{rel}","templated":true}]}}