{"id":613,"date":"2022-02-16T07:55:43","date_gmt":"2022-02-16T07:55:43","guid":{"rendered":"https:\/\/plasticseurope.wpenginepowered.com\/fr\/?page_id=613"},"modified":"2024-05-07T13:46:59","modified_gmt":"2024-05-07T13:46:59","slug":"plastiques-et-sante","status":"publish","type":"page","link":"https:\/\/plasticseurope.org\/fr\/developpement-durable\/plastiques-et-sante\/","title":{"rendered":"Plastiques et sant\u00e9"},"content":{"rendered":"\n<p class=\"has-large-font-size\">Sant\u00e9 et s\u00e9curit\u00e9 priment. L\u2019UE a les r\u00e9glementations les plus strictes en mati\u00e8re de protection des consommateurs. Avant qu\u2019un produit plastique ne soit commercialis\u00e9, notre industrie doit se conformer \u00e0 des r\u00e9glementations sur les substances et produits qui sont scientifiquement fond\u00e9es. Les experts de PlasticsEurope fournissent r\u00e9guli\u00e8rement des \u00e9l\u00e9ments de preuve de la plus haute qualit\u00e9 scientifique, contribuant ainsi aux mises \u00e0 jour continues des r\u00e8glementations.<\/p>\n\n\n\n<div style=\"height:16px\" aria-hidden=\"true\" class=\"wp-block-spacer is-style-small\"><\/div>\n\n\n\n<p>Les plastiques contribuent \u00e0 une vie plus longue et en meilleure sant\u00e9&nbsp;: poches de transfusion sanguine, \u00e9quipements individuels de protection, cath\u00e9ters flexibles et bien d\u2019autres applications d\u00e9pendent des plastiques. La pand\u00e9mie de Covid 19 a d\u00e9montr\u00e9 le r\u00f4le essentiel que jouent les plastiques dans diff\u00e9rents secteurs, du m\u00e9dical \u00e0 la protection des aliments.<\/p>\n\n\n\n<div style=\"height:48px\" aria-hidden=\"true\" class=\"wp-block-spacer\"><\/div>\n\n\n\n<h2 class=\"wp-block-heading\" id=\"la-surete-des-plastiques\">La s\u00fbret\u00e9 des plastiques<\/h2>\n\n\n\n<p class=\"has-large-font-size\">Les propri\u00e9t\u00e9s uniques des plastiques nous facilitent la vie au quotidien : pr\u00e9servation de la fra\u00eecheur des aliments, hygi\u00e8ne des surfaces et s\u00e9curit\u00e9 de notre environnement, tout en contribuant \u00e0 <a href=\"https:\/\/plasticseurope.org\/sustainability\/plastics-health\/safety-of-plastics\/\" target=\"_blank\" rel=\"noreferrer noopener\">une soci\u00e9t\u00e9 durable et \u00e0 l\u2019\u00e9conomie circulaire<\/a>.<\/p>\n\n\n\n<div style=\"height:100px\" aria-hidden=\"true\" class=\"wp-block-spacer is-style-large\"><\/div>\n\n\n\n<div class=\"wp-block-media-text alignwide is-stacked-on-mobile is-image-fill\" id=\"rounded-md\"><figure class=\"wp-block-media-text__media\" style=\"background-image:url(https:\/\/plasticseurope.org\/wp-content\/uploads\/2021\/10\/plastic-reusable-containers-sustainable-1-1024x683.jpg);background-position:37% 62%\"><img decoding=\"async\" src=\"https:\/\/plasticseurope.org\/wp-content\/uploads\/2021\/10\/plastic-reusable-containers-sustainable-1-1024x683.jpg\" alt=\"\" class=\"wp-image-1708 size-full\" \/><\/figure><div class=\"wp-block-media-text__content\">\n<h2 class=\"wp-block-heading\" id=\"contact-alimentaire\">Contact alimentaire<\/h2>\n\n\n\n<p class=\"has-large-font-size\">Les plastiques en contact alimentaire r\u00e9f\u00e8rent aux plastiques utilis\u00e9s pour fabriquer des produits susceptibles d\u2019entrer en contact avec les aliments, tels que les emballages, contenants, ustensiles ou \u00e9quipements \u00e9lectriques. Les emballages et les contenants doivent prot\u00e9ger les aliments de la d\u00e9t\u00e9rioration, en assurer la dur\u00e9e de conservation et le stockage aux temp\u00e9ratures requises, r\u00e9pondre aux r\u00e9glementations europ\u00e9ennes sur les emballages et surtout, garantir la s\u00e9curit\u00e9 des consommateurs.<\/p>\n\n\n\n<div class=\"wp-block-buttons is-layout-flex wp-block-buttons-is-layout-flex\">\n<div class=\"wp-block-button\"><a class=\"wp-block-button__link wp-element-button\" href=\"https:\/\/plasticseurope.org\/sustainability\/plastics-health\/safety-of-plastics\/food-contact\/\">More on food contact<\/a><\/div>\n<\/div>\n<\/div><\/div>\n\n\n\n<div style=\"height:100px\" aria-hidden=\"true\" class=\"wp-block-spacer is-style-large\"><\/div>\n\n\n\n<div class=\"wp-block-media-text alignwide has-media-on-the-right is-stacked-on-mobile is-image-fill\" id=\"rounded-md\"><div class=\"wp-block-media-text__content\">\n<h2 class=\"wp-block-heading\" id=\"eau-potable\">Eau potable<\/h2>\n\n\n\n<p class=\"has-large-font-size\">L\u2019eau est une ressource pr\u00e9cieuse et tout effort doit \u00eatre fait pour \u00e9viter de la gaspiller. L\u2019usage innovant des plastiques peut aider les populations \u00e0 acc\u00e9der \u00e0 des ressources en eau, propres, s\u00fbres et durables. En permettant un acc\u00e8s \u00e0 une eau saine, les canalisations en plastique et l\u2019innovation en mati\u00e8re de syst\u00e8mes de purification contribuent \u00e9galement \u00e0 la pr\u00e9vention des maladies transmises par voie hydrique.<\/p>\n\n\n\n<div class=\"wp-block-buttons is-layout-flex wp-block-buttons-is-layout-flex\">\n<div class=\"wp-block-button\"><a class=\"wp-block-button__link wp-element-button\" href=\"https:\/\/plasticseurope.org\/sustainability\/plastics-health\/safety-of-plastics\/drinking-water\/\">Read about drinking water<\/a><\/div>\n<\/div>\n<\/div><figure class=\"wp-block-media-text__media\" style=\"background-image:url(https:\/\/plasticseurope.org\/wp-content\/uploads\/2021\/10\/plastic-large-water-bottles-1024x683.jpg);background-position:50% 50%\"><img decoding=\"async\" src=\"https:\/\/plasticseurope.org\/wp-content\/uploads\/2021\/10\/plastic-large-water-bottles-1024x683.jpg\" alt=\"\" class=\"wp-image-2754 size-full\" \/><\/figure><\/div>\n\n\n\n<div style=\"height:100px\" aria-hidden=\"true\" class=\"wp-block-spacer is-style-large\"><\/div>\n\n\n\n<div class=\"wp-block-media-text alignwide is-stacked-on-mobile is-image-fill\" id=\"rounded-md\"><figure class=\"wp-block-media-text__media\" style=\"background-image:url(https:\/\/plasticseurope.org\/wp-content\/uploads\/2021\/10\/plastics-water-bottle-1024x683.jpg);background-position:50% 50%\"><img decoding=\"async\" src=\"https:\/\/plasticseurope.org\/wp-content\/uploads\/2021\/10\/plastics-water-bottle-1024x683.jpg\" alt=\"\" class=\"wp-image-2524 size-full\" \/><\/figure><div class=\"wp-block-media-text__content\">\n<h2 class=\"wp-block-heading\" id=\"normalisation\">Normalisation<\/h2>\n\n\n\n<p class=\"has-large-font-size\">Les normes sont importantes. Elles sont la marque qu\u2019un produit est adapt\u00e9 \u00e0 son usage et que nous pouvons avoir confiance en sa qualit\u00e9 et sa s\u00e9curit\u00e9. Toutefois, le tr\u00e8s grand \u00e9ventail d\u2019applications des plastiques signifie qu\u2019ils sont soumis \u00e0 un large nombre de cat\u00e9gories de normes, des plus sp\u00e9cifiques aux plus g\u00e9n\u00e9riques, comme l\u2019empreinte carbone des produits.<\/p>\n\n\n\n<div class=\"wp-block-buttons is-layout-flex wp-block-buttons-is-layout-flex\">\n<div class=\"wp-block-button\"><a class=\"wp-block-button__link wp-element-button\" href=\"https:\/\/plasticseurope.org\/sustainability\/plastics-health\/safety-of-plastics\/standardisation\/\">Explore standardisation<\/a><\/div>\n<\/div>\n<\/div><\/div>\n\n\n\n<div style=\"height:100px\" aria-hidden=\"true\" class=\"wp-block-spacer is-style-large\"><\/div>\n\n\n\n<div class=\"wp-block-media-text alignwide has-media-on-the-right is-stacked-on-mobile is-image-fill\" id=\"rounded-md\"><div class=\"wp-block-media-text__content\">\n<h2 class=\"wp-block-heading\" id=\"additifs\">Additifs<\/h2>\n\n\n\n<p class=\"has-large-font-size\">Les additifs modifient les caract\u00e9ristiques d\u2019un mat\u00e9riau plastique afin de lui donner de nouvelles propri\u00e9t\u00e9s. Ils aident \u00e0 rendre les plastiques plus color\u00e9s, r\u00e9sistants, propres ou s\u00fbrs. Les additifs conf\u00e8rent aux plastiques une vaste gamme de performances in\u00e9galables.<\/p>\n\n\n\n<div class=\"wp-block-buttons is-layout-flex wp-block-buttons-is-layout-flex\">\n<div class=\"wp-block-button\"><a class=\"wp-block-button__link wp-element-button\" href=\"https:\/\/plasticseurope.org\/sustainability\/plastics-health\/safety-of-plastics\/additives\/\">Read more on additives<\/a><\/div>\n<\/div>\n<\/div><figure class=\"wp-block-media-text__media\" style=\"background-image:url(https:\/\/plasticseurope.org\/wp-content\/uploads\/2021\/10\/plastic-pellets-many-colours-1-1024x684.jpg);background-position:50% 50%\"><img decoding=\"async\" src=\"https:\/\/plasticseurope.org\/wp-content\/uploads\/2021\/10\/plastic-pellets-many-colours-1-1024x684.jpg\" alt=\"\" class=\"wp-image-2762 size-full\" \/><\/figure><\/div>\n\n\n\n<div style=\"height:100px\" aria-hidden=\"true\" class=\"wp-block-spacer is-style-large\"><\/div>\n\n\n\n<div class=\"wp-block-media-text alignwide is-stacked-on-mobile is-image-fill\" id=\"rounded-md\"><figure class=\"wp-block-media-text__media\" style=\"background-image:url(https:\/\/plasticseurope.org\/wp-content\/uploads\/2021\/10\/plastics-fibre-683x1024.jpg);background-position:50% 50%\"><img decoding=\"async\" src=\"https:\/\/plasticseurope.org\/wp-content\/uploads\/2021\/10\/plastics-fibre-683x1024.jpg\" alt=\"\" class=\"wp-image-2764 size-full\" \/><\/figure><div class=\"wp-block-media-text__content\">\n<h2 class=\"wp-block-heading\" id=\"microplastiques\">Microplastiques<\/h2>\n\n\n\n<p class=\"has-large-font-size\">L\u2019industrie des plastiques est particuli\u00e8rement consciente du probl\u00e8me des microplastiques. De petits morceaux de plastique, soit intentionnellement ajout\u00e9s ou issus de la d\u00e9gradation de produits plastique finissent dans l\u2019environnement. Nous sommes engag\u00e9s aux c\u00f4t\u00e9s de partenaires cl\u00e9s, dont les industries des cosm\u00e9tiques, du textile, des machines \u00e0 laver et des pneus, pour limiter au mieux l\u2019impact des microplastiques.<\/p>\n\n\n\n<div class=\"wp-block-buttons is-layout-flex wp-block-buttons-is-layout-flex\">\n<div class=\"wp-block-button\"><a class=\"wp-block-button__link wp-element-button\" href=\"https:\/\/plasticseurope.org\/sustainability\/plastics-health\/microplastics\/\">Find out more about microplastics<\/a><\/div>\n<\/div>\n<\/div><\/div>\n\n\n\n<p><\/p>\n\n\n\n<p><\/p>\n\n\n\n<p><\/p>\n\n\n\n<p><\/p>\n\n\n\n<div class=\"wp-block-media-text alignwide has-media-on-the-right is-stacked-on-mobile is-image-fill\" id=\"rounded-md\"><div class=\"wp-block-media-text__content\">\n<h2 class=\"wp-block-heading\" id=\"additifs\">Brigid<\/h2>\n\n\n\n<p class=\"has-large-font-size\">En 2022, Plastics Europe a lanc\u00e9 un projet de recherche scientifique de cinq ans (2022-2026) dot\u00e9 de plusieurs millions d&rsquo;euros : Brigid. Ce projet vise \u00e0 \u00e9valuer les risques potentiels pour la sant\u00e9 humaine de l&rsquo;exposition aux microplastiques par ingestion. On suppose que l&rsquo;ingestion est, avec l&rsquo;inhalation, la principale voie d&rsquo;entr\u00e9e des microplastiques dans notre organisme.<\/p>\n\n\n\n<div class=\"wp-block-buttons is-layout-flex wp-block-buttons-is-layout-flex\">\n<div class=\"wp-block-button\"><a class=\"wp-block-button__link wp-element-button\" href=\"https:\/\/plasticseurope.org\/sustainability\/plastics-health\/microplastics\/brigid\/\">Read more on Brigid<\/a><\/div>\n<\/div>\n<\/div><figure class=\"wp-block-media-text__media\" style=\"background-image:url(https:\/\/plasticseurope.org\/fr\/wp-content\/uploads\/sites\/2\/2024\/05\/brigid-image-1.png);background-position:50% 50%\"><img loading=\"lazy\" decoding=\"async\" width=\"561\" height=\"470\" src=\"https:\/\/plasticseurope.org\/fr\/wp-content\/uploads\/sites\/2\/2024\/05\/brigid-image-1.png\" alt=\"\" class=\"wp-image-1266 size-full\" srcset=\"https:\/\/plasticseurope.org\/fr\/wp-content\/uploads\/sites\/2\/2024\/05\/brigid-image-1.png 561w, https:\/\/plasticseurope.org\/fr\/wp-content\/uploads\/sites\/2\/2024\/05\/brigid-image-1-300x251.png 300w\" sizes=\"auto, (max-width: 561px) 100vw, 561px\" \/><\/figure><\/div>\n","protected":false},"excerpt":{"rendered":"<p>Sant\u00e9 et s\u00e9curit\u00e9 priment. L\u2019UE a les r\u00e9glementations les plus strictes en mati\u00e8re de protection des consommateurs. Avant qu\u2019un produit plastique ne soit commercialis\u00e9, notre industrie doit se conformer \u00e0 des r\u00e9glementations sur les substances et produits qui sont scientifiquement fond\u00e9es. Les experts de PlasticsEurope fournissent r\u00e9guli\u00e8rement des \u00e9l\u00e9ments de preuve de la plus haute [&hellip;]<\/p>\n","protected":false},"author":1,"featured_media":536,"parent":51,"menu_order":0,"comment_status":"closed","ping_status":"closed","template":"","meta":{"footnotes":""},"class_list":["post-613","page","type-page","status-publish","has-post-thumbnail","hentry"],"acf":[],"yoast_head":"<!-- This site is optimized with the Yoast SEO plugin v21.6 - https:\/\/yoast.com\/wordpress\/plugins\/seo\/ -->\n<title>Plastiques et sant\u00e9 - Plastics Europe<\/title>\n<meta name=\"robots\" content=\"index, follow, max-snippet:-1, max-image-preview:large, max-video-preview:-1\" \/>\n<link rel=\"canonical\" href=\"https:\/\/plasticseurope.org\/fr\/developpement-durable\/plastiques-et-sante\/\" \/>\n<meta property=\"og:locale\" content=\"fr_FR\" \/>\n<meta property=\"og:type\" content=\"article\" \/>\n<meta property=\"og:title\" content=\"Plastiques et sant\u00e9 - Plastics Europe\" \/>\n<meta property=\"og:description\" content=\"Sant\u00e9 et s\u00e9curit\u00e9 priment. L\u2019UE a les r\u00e9glementations les plus strictes en mati\u00e8re de protection des consommateurs. Avant qu\u2019un produit plastique ne soit commercialis\u00e9, notre industrie doit se conformer \u00e0 des r\u00e9glementations sur les substances et produits qui sont scientifiquement fond\u00e9es. Les experts de PlasticsEurope fournissent r\u00e9guli\u00e8rement des \u00e9l\u00e9ments de preuve de la plus haute [&hellip;]\" \/>\n<meta property=\"og:url\" content=\"https:\/\/plasticseurope.org\/fr\/developpement-durable\/plastiques-et-sante\/\" \/>\n<meta property=\"og:site_name\" content=\"Plastics Europe\" \/>\n<meta property=\"article:modified_time\" content=\"2024-05-07T13:46:59+00:00\" \/>\n<meta property=\"og:image\" content=\"https:\/\/plasticseurope.org\/fr\/wp-content\/uploads\/sites\/2\/2021\/12\/plastic-health-innovation-scaled.jpg\" \/>\n\t<meta property=\"og:image:width\" content=\"2560\" \/>\n\t<meta property=\"og:image:height\" content=\"1707\" \/>\n\t<meta property=\"og:image:type\" content=\"image\/jpeg\" \/>\n<meta name=\"twitter:card\" content=\"summary_large_image\" \/>\n<meta name=\"twitter:label1\" content=\"Dur\u00e9e de lecture estim\u00e9e\" \/>\n\t<meta name=\"twitter:data1\" content=\"4 minutes\" \/>\n<script type=\"application\/ld+json\" class=\"yoast-schema-graph\">{\"@context\":\"https:\/\/schema.org\",\"@graph\":[{\"@type\":\"WebPage\",\"@id\":\"https:\/\/plasticseurope.org\/fr\/developpement-durable\/plastiques-et-sante\/\",\"url\":\"https:\/\/plasticseurope.org\/fr\/developpement-durable\/plastiques-et-sante\/\",\"name\":\"Plastiques et sant\u00e9 - Plastics Europe\",\"isPartOf\":{\"@id\":\"https:\/\/plasticseurope.org\/fr\/#website\"},\"datePublished\":\"2022-02-16T07:55:43+00:00\",\"dateModified\":\"2024-05-07T13:46:59+00:00\",\"breadcrumb\":{\"@id\":\"https:\/\/plasticseurope.org\/fr\/developpement-durable\/plastiques-et-sante\/#breadcrumb\"},\"inLanguage\":\"fr-FR\",\"potentialAction\":[{\"@type\":\"ReadAction\",\"target\":[\"https:\/\/plasticseurope.org\/fr\/developpement-durable\/plastiques-et-sante\/\"]}]},{\"@type\":\"BreadcrumbList\",\"@id\":\"https:\/\/plasticseurope.org\/fr\/developpement-durable\/plastiques-et-sante\/#breadcrumb\",\"itemListElement\":[{\"@type\":\"ListItem\",\"position\":1,\"name\":\"Home\",\"item\":\"https:\/\/plasticseurope.org\/fr\/\"},{\"@type\":\"ListItem\",\"position\":2,\"name\":\"D\u00e9veloppement durable\",\"item\":\"https:\/\/plasticseurope.org\/fr\/developpement-durable\/\"},{\"@type\":\"ListItem\",\"position\":3,\"name\":\"Plastiques et sant\u00e9\"}]},{\"@type\":\"WebSite\",\"@id\":\"https:\/\/plasticseurope.org\/fr\/#website\",\"url\":\"https:\/\/plasticseurope.org\/fr\/\",\"name\":\"Plastics Europe\",\"description\":\"Enabling a sustainable future\",\"potentialAction\":[{\"@type\":\"SearchAction\",\"target\":{\"@type\":\"EntryPoint\",\"urlTemplate\":\"https:\/\/plasticseurope.org\/fr\/?s={search_term_string}\"},\"query-input\":\"required name=search_term_string\"}],\"inLanguage\":\"fr-FR\"}]}<\/script>\n<!-- \/ Yoast SEO plugin. -->","yoast_head_json":{"title":"Plastiques et sant\u00e9 - Plastics Europe","robots":{"index":"index","follow":"follow","max-snippet":"max-snippet:-1","max-image-preview":"max-image-preview:large","max-video-preview":"max-video-preview:-1"},"canonical":"https:\/\/plasticseurope.org\/fr\/developpement-durable\/plastiques-et-sante\/","og_locale":"fr_FR","og_type":"article","og_title":"Plastiques et sant\u00e9 - Plastics Europe","og_description":"Sant\u00e9 et s\u00e9curit\u00e9 priment. L\u2019UE a les r\u00e9glementations les plus strictes en mati\u00e8re de protection des consommateurs. Avant qu\u2019un produit plastique ne soit commercialis\u00e9, notre industrie doit se conformer \u00e0 des r\u00e9glementations sur les substances et produits qui sont scientifiquement fond\u00e9es. Les experts de PlasticsEurope fournissent r\u00e9guli\u00e8rement des \u00e9l\u00e9ments de preuve de la plus haute [&hellip;]","og_url":"https:\/\/plasticseurope.org\/fr\/developpement-durable\/plastiques-et-sante\/","og_site_name":"Plastics Europe","article_modified_time":"2024-05-07T13:46:59+00:00","og_image":[{"width":2560,"height":1707,"url":"https:\/\/plasticseurope.org\/fr\/wp-content\/uploads\/sites\/2\/2021\/12\/plastic-health-innovation-scaled.jpg","type":"image\/jpeg"}],"twitter_card":"summary_large_image","twitter_misc":{"Dur\u00e9e de lecture estim\u00e9e":"4 minutes"},"schema":{"@context":"https:\/\/schema.org","@graph":[{"@type":"WebPage","@id":"https:\/\/plasticseurope.org\/fr\/developpement-durable\/plastiques-et-sante\/","url":"https:\/\/plasticseurope.org\/fr\/developpement-durable\/plastiques-et-sante\/","name":"Plastiques et sant\u00e9 - Plastics Europe","isPartOf":{"@id":"https:\/\/plasticseurope.org\/fr\/#website"},"datePublished":"2022-02-16T07:55:43+00:00","dateModified":"2024-05-07T13:46:59+00:00","breadcrumb":{"@id":"https:\/\/plasticseurope.org\/fr\/developpement-durable\/plastiques-et-sante\/#breadcrumb"},"inLanguage":"fr-FR","potentialAction":[{"@type":"ReadAction","target":["https:\/\/plasticseurope.org\/fr\/developpement-durable\/plastiques-et-sante\/"]}]},{"@type":"BreadcrumbList","@id":"https:\/\/plasticseurope.org\/fr\/developpement-durable\/plastiques-et-sante\/#breadcrumb","itemListElement":[{"@type":"ListItem","position":1,"name":"Home","item":"https:\/\/plasticseurope.org\/fr\/"},{"@type":"ListItem","position":2,"name":"D\u00e9veloppement durable","item":"https:\/\/plasticseurope.org\/fr\/developpement-durable\/"},{"@type":"ListItem","position":3,"name":"Plastiques et sant\u00e9"}]},{"@type":"WebSite","@id":"https:\/\/plasticseurope.org\/fr\/#website","url":"https:\/\/plasticseurope.org\/fr\/","name":"Plastics Europe","description":"Enabling a sustainable future","potentialAction":[{"@type":"SearchAction","target":{"@type":"EntryPoint","urlTemplate":"https:\/\/plasticseurope.org\/fr\/?s={search_term_string}"},"query-input":"required name=search_term_string"}],"inLanguage":"fr-FR"}]}},"_links":{"self":[{"href":"https:\/\/plasticseurope.org\/fr\/wp-json\/wp\/v2\/pages\/613","targetHints":{"allow":["GET"]}}],"collection":[{"href":"https:\/\/plasticseurope.org\/fr\/wp-json\/wp\/v2\/pages"}],"about":[{"href":"https:\/\/plasticseurope.org\/fr\/wp-json\/wp\/v2\/types\/page"}],"author":[{"embeddable":true,"href":"https:\/\/plasticseurope.org\/fr\/wp-json\/wp\/v2\/users\/1"}],"replies":[{"embeddable":true,"href":"https:\/\/plasticseurope.org\/fr\/wp-json\/wp\/v2\/comments?post=613"}],"version-history":[{"count":0,"href":"https:\/\/plasticseurope.org\/fr\/wp-json\/wp\/v2\/pages\/613\/revisions"}],"up":[{"embeddable":true,"href":"https:\/\/plasticseurope.org\/fr\/wp-json\/wp\/v2\/pages\/51"}],"wp:featuredmedia":[{"embeddable":true,"href":"https:\/\/plasticseurope.org\/fr\/wp-json\/wp\/v2\/media\/536"}],"wp:attachment":[{"href":"https:\/\/plasticseurope.org\/fr\/wp-json\/wp\/v2\/media?parent=613"}],"curies":[{"name":"wp","href":"https:\/\/api.w.org\/{rel}","templated":true}]}}