{"id":53,"date":"2021-10-23T08:09:00","date_gmt":"2021-10-23T08:09:00","guid":{"rendered":"https:\/\/plasticseurope.wpenginepowered.com\/fr\/membres\/"},"modified":"2025-06-24T12:29:49","modified_gmt":"2025-06-24T12:29:49","slug":"membres","status":"publish","type":"page","link":"https:\/\/plasticseurope.org\/fr\/membres\/","title":{"rendered":"Membres"},"content":{"rendered":"\n<h2 class=\"wp-block-heading\">Ensemble, fa\u00e7onnons un avenir durable pour les plastiques<\/h2>\n\n\n\n<div style=\"height:16px\" aria-hidden=\"true\" class=\"wp-block-spacer\"><\/div>\n\n\n\n<div class=\"wp-block-group is-layout-flow wp-block-group-is-layout-flow\">\n<div class=\"wp-block-columns is-layout-flex wp-container-core-columns-is-layout-28f84493 wp-block-columns-is-layout-flex\">\n<div class=\"wp-block-column is-layout-flow wp-block-column-is-layout-flow\" style=\"flex-basis:70%\">\n<p class=\"has-large-font-size\">Plastics Europe est l\u2019association paneurop\u00e9enne des producteurs de mati\u00e8res plastiques. Ses bureaux sont situ\u00e9s dans toute l\u2019Europe. Avec une centaine de membres repr\u00e9sentant plus de 90 % de la production totale de polym\u00e8res en Europe, notre mission est d\u2019acc\u00e9l\u00e9rer la mise en \u0153uvre de solutions pour atteindre les objectifs climatiques et de circularit\u00e9 d\u2019une industrie plastique durable.<\/p>\n\n\n\n<div style=\"height:16px\" aria-hidden=\"true\" class=\"wp-block-spacer\"><\/div>\n\n\n\n<p>Avec notre chaine de valeur &#8211; plasturgistes et fabricants de machines &#8211; l\u2019industrie europ\u00e9enne des plastiques, emploie environ 1,6 million de personnes, qui travaillent dans plus de 60.000 entreprises, dont de nombreuses PME. Ensemble, nous r\u00e9alisons un chiffre d\u2019affaires de 360 milliards d\u2019euros.<\/p>\n\n\n\n<p>Partenaire actif du <a href=\"https:\/\/www.worldplasticscouncil.org\/\" target=\"_blank\" rel=\"noreferrer noopener\">World Plastics Council<\/a> (WPC) et de la <a href=\"https:\/\/www.americanchemistry.com\/chemistry-in-america\/news-trends\/press-release\/2017\/global-plastics-alliance-meeting-advances-sustainability-and-marine-litter-solutions\" target=\"_blank\" rel=\"noreferrer noopener\">Global Plastics Alliance<\/a> (GPA), Plastics Europe contribue, au niveau mondial, au dialogue multipartite de la 5\u00e8me Assembl\u00e9e des Nations Unies sur l\u2019Environnement et \u00e0 la n\u00e9gociation d\u2019un trait\u00e9 mondial sur les plastiques.<\/p>\n\n\n\n<p><\/p>\n<\/div>\n\n\n\n<div class=\"wp-block-column is-layout-flow wp-block-column-is-layout-flow\" style=\"flex-basis:30%\">\n<p><a href=\"https:\/\/plasticseurope.org\/fr\/contact\/\">Adh\u00e9rez \u00e0 Plastics Europe<\/a> et rejoignez un r\u00e9seau en plein essor et orient\u00e9 r\u00e9sultats.<\/p>\n<\/div>\n<\/div>\n<\/div>\n\n\n\n<div style=\"height:100px\" aria-hidden=\"true\" class=\"wp-block-spacer\"><\/div>\n\n\n\n<div class=\"wp-block-cover alignfull is-light\" style=\"min-height:24rem;aspect-ratio:unset;\"><span aria-hidden=\"true\" class=\"wp-block-cover__background has-jade-background-color has-background-dim-80 has-background-dim\"><\/span><img decoding=\"async\" class=\"wp-block-cover__image-background wp-image-1215\" alt=\"\" src=\"https:\/\/plasticseurope.org\/wp-content\/uploads\/2021\/10\/plastic-pellets-multicolour-1.jpg\" data-object-fit=\"cover\" \/><div class=\"wp-block-cover__inner-container is-layout-flow wp-block-cover-is-layout-flow\">\n<h2 class=\"wp-block-heading has-text-align-center\">Plastics Europe<\/h2>\n\n\n\n<p class=\"has-text-align-center has-large-font-size\">Une adh\u00e9sion qui compte<\/p>\n\n\n\n<div class=\"wp-block-buttons mt-10 is-horizontal is-content-justification-center is-layout-flex wp-container-core-buttons-is-layout-03627597 wp-block-buttons-is-layout-flex\">\n<div class=\"wp-block-button\"><a class=\"wp-block-button__link wp-element-button\" href=\"https:\/\/plasticseurope.org\/fr\/a-propos\/\">Notre ambition<\/a><\/div>\n<\/div>\n<\/div><\/div>\n\n\n\n<p><\/p>\n\n\n\n<div class=\"wp-block-columns is-layout-flex wp-container-core-columns-is-layout-28f84493 wp-block-columns-is-layout-flex\">\n<div class=\"wp-block-column is-layout-flow wp-block-column-is-layout-flow\" style=\"flex-basis:20%\">\n<h2 class=\"wp-block-heading has-text-align-center\"> <\/h2>\n<\/div>\n\n\n\n<div class=\"wp-block-column is-layout-flow wp-block-column-is-layout-flow\" style=\"flex-basis:20%\"><\/div>\n\n\n\n<div class=\"wp-block-column is-layout-flow wp-block-column-is-layout-flow\" style=\"flex-basis:20%\"><\/div>\n\n\n\n<div class=\"wp-block-column is-layout-flow wp-block-column-is-layout-flow\" style=\"flex-basis:20%\"><\/div>\n<\/div>\n\n\n\n<h2 class=\"wp-block-heading\" id=\"ten-reasons-to-join-plastics-europe\">Dix bonnes raisons de rejoindre Plastics Europe<\/h2>\n\n\n\n<div class=\"wp-block-group is-layout-grid wp-container-core-group-is-layout-bcb8ac2c wp-block-group-is-layout-grid\">\n<figure class=\"wp-block-image\"><img decoding=\"async\" src=\"https:\/\/plasticseurope.org\/wp-content\/uploads\/2025\/02\/2553364_ImagesForHubSpotLandingPageAMC_01_022025.png\" alt=\"\" class=\"wp-image-12053\" \/><\/figure>\n\n\n\n<figure class=\"wp-block-image\"><img decoding=\"async\" src=\"https:\/\/plasticseurope.org\/wp-content\/uploads\/2025\/02\/2553364_ImagesForHubSpotLandingPageAMC_02_022025.png\" alt=\"\" class=\"wp-image-12054\" \/><\/figure>\n\n\n\n<figure class=\"wp-block-image\"><img decoding=\"async\" src=\"https:\/\/plasticseurope.org\/wp-content\/uploads\/2025\/02\/2553364_ImagesForHubSpotLandingPageAMC_03_022025.png\" alt=\"\" class=\"wp-image-12055\" \/><\/figure>\n\n\n\n<figure class=\"wp-block-image\"><img decoding=\"async\" src=\"https:\/\/plasticseurope.org\/wp-content\/uploads\/2025\/02\/2553364_ImagesForHubSpotLandingPageAMC_04_022025.png\" alt=\"\" class=\"wp-image-12056\" \/><\/figure>\n\n\n\n<figure class=\"wp-block-image\"><img decoding=\"async\" src=\"https:\/\/plasticseurope.org\/wp-content\/uploads\/2025\/02\/2553364_ImagesForHubSpotLandingPageAMC_06_022025-1.png\" alt=\"\" class=\"wp-image-12061\" \/><\/figure>\n\n\n\n<figure class=\"wp-block-image\"><img decoding=\"async\" src=\"https:\/\/plasticseurope.org\/wp-content\/uploads\/2025\/02\/2553364_ImagesForHubSpotLandingPageAMC_08_022025-1.png\" alt=\"\" class=\"wp-image-12062\" \/><\/figure>\n\n\n\n<figure class=\"wp-block-image\"><img decoding=\"async\" src=\"https:\/\/plasticseurope.org\/wp-content\/uploads\/2025\/02\/2553364_ImagesForHubSpotLandingPageAMC_07_022025.png\" alt=\"\" class=\"wp-image-12059\" \/><\/figure>\n\n\n\n<figure class=\"wp-block-image\"><img decoding=\"async\" src=\"https:\/\/plasticseurope.org\/wp-content\/uploads\/2025\/02\/2553364_ImagesForHubSpotLandingPageAMC_09_022025.png\" alt=\"\" class=\"wp-image-12063\" \/><\/figure>\n\n\n\n<figure class=\"wp-block-image\"><img decoding=\"async\" src=\"https:\/\/plasticseurope.org\/wp-content\/uploads\/2025\/02\/2553364_ImagesForHubSpotLandingPageAMC_05_022025-1.png\" alt=\"\" class=\"wp-image-12064\" \/><\/figure>\n\n\n\n<figure class=\"wp-block-image\"><img decoding=\"async\" src=\"https:\/\/plasticseurope.org\/wp-content\/uploads\/2025\/02\/2553364_ImagesForHubSpotLandingPageAMC_10_022025.png\" alt=\"\" class=\"wp-image-12065\" \/><\/figure>\n\n\n\n<p><\/p>\n<\/div>\n\n\n\n<div class=\"wp-block-columns max-w-4xl mx-auto is-layout-flex wp-container-core-columns-is-layout-28f84493 wp-block-columns-is-layout-flex\">\n<div class=\"wp-block-column is-layout-flow wp-block-column-is-layout-flow\"><\/div>\n\n\n\n<div class=\"wp-block-column is-layout-flow wp-block-column-is-layout-flow\"><\/div>\n<\/div>\n\n\n\n<div class=\"wp-block-media-text alignwide is-stacked-on-mobile is-vertically-aligned-center\"><figure class=\"wp-block-media-text__media\"><img loading=\"lazy\" decoding=\"async\" width=\"722\" height=\"1024\" src=\"https:\/\/plasticseurope.org\/fr\/wp-content\/uploads\/sites\/2\/2025\/06\/Virginia_Janssens_Plastics_Europe_Managing_Director-edited-722x1024-2.jpg\" alt=\"Welcome to Plastics Europe. Our mission as an association is to\u00a0be the\u00a0catalyst for the European plastics industry and to deliver solutions which are safe, circular and sustainable. For over 100 years, science and innovation has been the DNA that cuts across our industry. It is what allows us to provide the solutions in an ever-changing world.\nVirginia Janssens\nManaging Director of Plastics Europe \" class=\"wp-image-1307 size-full\" srcset=\"https:\/\/plasticseurope.org\/fr\/wp-content\/uploads\/sites\/2\/2025\/06\/Virginia_Janssens_Plastics_Europe_Managing_Director-edited-722x1024-2.jpg 722w, https:\/\/plasticseurope.org\/fr\/wp-content\/uploads\/sites\/2\/2025\/06\/Virginia_Janssens_Plastics_Europe_Managing_Director-edited-722x1024-2-212x300.jpg 212w, https:\/\/plasticseurope.org\/fr\/wp-content\/uploads\/sites\/2\/2025\/06\/Virginia_Janssens_Plastics_Europe_Managing_Director-edited-722x1024-2-592x840.jpg 592w\" sizes=\"auto, (max-width: 722px) 100vw, 722px\" \/><\/figure><div class=\"wp-block-media-text__content\">\n<div class=\"wp-block-cover is-light rounded-md overflow-hidden\"><span aria-hidden=\"true\" class=\"wp-block-cover__background has-satsuma-background-color has-background-dim-100 has-background-dim\"><\/span><div class=\"wp-block-cover__inner-container is-layout-flow wp-block-cover-is-layout-flow\">\n<blockquote class=\"wp-block-quote px-6 is-layout-flow wp-block-quote-is-layout-flow\">\n<p>\u00ab Welcome to Plastics Europe. Our mission as an association is to&nbsp;be the&nbsp;catalyst for the European plastics industry and to deliver solutions which are safe, circular and sustainable. For over 100 years, science and innovation has been the DNA that cuts across our industry. It is what allows us to provide the solutions in an ever-changing world.\u00bb<\/p>\n<cite>Virginia Janssens &#8211; Managing Director of Plastics Europe<\/cite><\/blockquote>\n<\/div><\/div>\n<\/div><\/div>\n\n\n\n<div class=\"wp-block-columns max-w-4xl mx-auto is-layout-flex wp-container-core-columns-is-layout-28f84493 wp-block-columns-is-layout-flex\">\n<div class=\"wp-block-column is-layout-flow wp-block-column-is-layout-flow\"><\/div>\n\n\n\n<div class=\"wp-block-column is-layout-flow wp-block-column-is-layout-flow\"><\/div>\n<\/div>\n\n\n\n<div class=\"wp-block-columns max-w-4xl mx-auto is-layout-flex wp-container-core-columns-is-layout-28f84493 wp-block-columns-is-layout-flex\">\n<div class=\"wp-block-column is-layout-flow wp-block-column-is-layout-flow\"><\/div>\n\n\n\n<div class=\"wp-block-column is-layout-flow wp-block-column-is-layout-flow\"><\/div>\n<\/div>\n\n\n\n<div class=\"wp-block-columns max-w-4xl mx-auto is-layout-flex wp-container-core-columns-is-layout-28f84493 wp-block-columns-is-layout-flex\">\n<div class=\"wp-block-column is-layout-flow wp-block-column-is-layout-flow\"><\/div>\n\n\n\n<div class=\"wp-block-column is-layout-flow wp-block-column-is-layout-flow\"><\/div>\n<\/div>\n\n\n\n<div class=\"wp-block-columns max-w-4xl mx-auto is-layout-flex wp-container-core-columns-is-layout-28f84493 wp-block-columns-is-layout-flex\">\n<div class=\"wp-block-column is-layout-flow wp-block-column-is-layout-flow\"><\/div>\n\n\n\n<div class=\"wp-block-column is-layout-flow wp-block-column-is-layout-flow\"><\/div>\n<\/div>\n\n\n\n<div style=\"height:48px\" aria-hidden=\"true\" class=\"wp-block-spacer\"><\/div>\n","protected":false},"excerpt":{"rendered":"<p>Ensemble, fa\u00e7onnons un avenir durable pour les plastiques Plastics Europe est l\u2019association paneurop\u00e9enne des producteurs de mati\u00e8res plastiques. Ses bureaux sont situ\u00e9s dans toute l\u2019Europe. Avec une centaine de membres repr\u00e9sentant plus de 90 % de la production totale de polym\u00e8res en Europe, notre mission est d\u2019acc\u00e9l\u00e9rer la mise en \u0153uvre de solutions pour atteindre [&hellip;]<\/p>\n","protected":false},"author":1,"featured_media":100,"parent":0,"menu_order":0,"comment_status":"closed","ping_status":"closed","template":"","meta":{"footnotes":""},"class_list":["post-53","page","type-page","status-publish","has-post-thumbnail","hentry"],"acf":[],"yoast_head":"<!-- This site is optimized with the Yoast SEO plugin v21.6 - https:\/\/yoast.com\/wordpress\/plugins\/seo\/ -->\n<title>Membres - Plastics Europe<\/title>\n<meta name=\"robots\" content=\"index, follow, max-snippet:-1, max-image-preview:large, max-video-preview:-1\" \/>\n<link rel=\"canonical\" href=\"https:\/\/plasticseurope.org\/fr\/membres\/\" \/>\n<meta property=\"og:locale\" content=\"fr_FR\" \/>\n<meta property=\"og:type\" content=\"article\" \/>\n<meta property=\"og:title\" content=\"Membres - Plastics Europe\" \/>\n<meta property=\"og:description\" content=\"Ensemble, fa\u00e7onnons un avenir durable pour les plastiques Plastics Europe est l\u2019association paneurop\u00e9enne des producteurs de mati\u00e8res plastiques. Ses bureaux sont situ\u00e9s dans toute l\u2019Europe. Avec une centaine de membres repr\u00e9sentant plus de 90 % de la production totale de polym\u00e8res en Europe, notre mission est d\u2019acc\u00e9l\u00e9rer la mise en \u0153uvre de solutions pour atteindre [&hellip;]\" \/>\n<meta property=\"og:url\" content=\"https:\/\/plasticseurope.org\/fr\/membres\/\" \/>\n<meta property=\"og:site_name\" content=\"Plastics Europe\" \/>\n<meta property=\"article:modified_time\" content=\"2025-06-24T12:29:49+00:00\" \/>\n<meta property=\"og:image\" content=\"https:\/\/plasticseurope.org\/fr\/wp-content\/uploads\/sites\/2\/2021\/10\/plastics-partnership-cogs-scaled.jpg\" \/>\n\t<meta property=\"og:image:width\" content=\"2560\" \/>\n\t<meta property=\"og:image:height\" content=\"1709\" \/>\n\t<meta property=\"og:image:type\" content=\"image\/jpeg\" \/>\n<meta name=\"twitter:card\" content=\"summary_large_image\" \/>\n<meta name=\"twitter:label1\" content=\"Dur\u00e9e de lecture estim\u00e9e\" \/>\n\t<meta name=\"twitter:data1\" content=\"4 minutes\" \/>\n<script type=\"application\/ld+json\" class=\"yoast-schema-graph\">{\"@context\":\"https:\/\/schema.org\",\"@graph\":[{\"@type\":\"WebPage\",\"@id\":\"https:\/\/plasticseurope.org\/fr\/membres\/\",\"url\":\"https:\/\/plasticseurope.org\/fr\/membres\/\",\"name\":\"Membres - Plastics Europe\",\"isPartOf\":{\"@id\":\"https:\/\/plasticseurope.org\/fr\/#website\"},\"datePublished\":\"2021-10-23T08:09:00+00:00\",\"dateModified\":\"2025-06-24T12:29:49+00:00\",\"breadcrumb\":{\"@id\":\"https:\/\/plasticseurope.org\/fr\/membres\/#breadcrumb\"},\"inLanguage\":\"fr-FR\",\"potentialAction\":[{\"@type\":\"ReadAction\",\"target\":[\"https:\/\/plasticseurope.org\/fr\/membres\/\"]}]},{\"@type\":\"BreadcrumbList\",\"@id\":\"https:\/\/plasticseurope.org\/fr\/membres\/#breadcrumb\",\"itemListElement\":[{\"@type\":\"ListItem\",\"position\":1,\"name\":\"Home\",\"item\":\"https:\/\/plasticseurope.org\/fr\/\"},{\"@type\":\"ListItem\",\"position\":2,\"name\":\"Membres\"}]},{\"@type\":\"WebSite\",\"@id\":\"https:\/\/plasticseurope.org\/fr\/#website\",\"url\":\"https:\/\/plasticseurope.org\/fr\/\",\"name\":\"Plastics Europe\",\"description\":\"Enabling a sustainable future\",\"potentialAction\":[{\"@type\":\"SearchAction\",\"target\":{\"@type\":\"EntryPoint\",\"urlTemplate\":\"https:\/\/plasticseurope.org\/fr\/?s={search_term_string}\"},\"query-input\":\"required name=search_term_string\"}],\"inLanguage\":\"fr-FR\"}]}<\/script>\n<!-- \/ Yoast SEO plugin. -->","yoast_head_json":{"title":"Membres - Plastics Europe","robots":{"index":"index","follow":"follow","max-snippet":"max-snippet:-1","max-image-preview":"max-image-preview:large","max-video-preview":"max-video-preview:-1"},"canonical":"https:\/\/plasticseurope.org\/fr\/membres\/","og_locale":"fr_FR","og_type":"article","og_title":"Membres - Plastics Europe","og_description":"Ensemble, fa\u00e7onnons un avenir durable pour les plastiques Plastics Europe est l\u2019association paneurop\u00e9enne des producteurs de mati\u00e8res plastiques. Ses bureaux sont situ\u00e9s dans toute l\u2019Europe. Avec une centaine de membres repr\u00e9sentant plus de 90 % de la production totale de polym\u00e8res en Europe, notre mission est d\u2019acc\u00e9l\u00e9rer la mise en \u0153uvre de solutions pour atteindre [&hellip;]","og_url":"https:\/\/plasticseurope.org\/fr\/membres\/","og_site_name":"Plastics Europe","article_modified_time":"2025-06-24T12:29:49+00:00","og_image":[{"width":2560,"height":1709,"url":"https:\/\/plasticseurope.org\/fr\/wp-content\/uploads\/sites\/2\/2021\/10\/plastics-partnership-cogs-scaled.jpg","type":"image\/jpeg"}],"twitter_card":"summary_large_image","twitter_misc":{"Dur\u00e9e de lecture estim\u00e9e":"4 minutes"},"schema":{"@context":"https:\/\/schema.org","@graph":[{"@type":"WebPage","@id":"https:\/\/plasticseurope.org\/fr\/membres\/","url":"https:\/\/plasticseurope.org\/fr\/membres\/","name":"Membres - Plastics Europe","isPartOf":{"@id":"https:\/\/plasticseurope.org\/fr\/#website"},"datePublished":"2021-10-23T08:09:00+00:00","dateModified":"2025-06-24T12:29:49+00:00","breadcrumb":{"@id":"https:\/\/plasticseurope.org\/fr\/membres\/#breadcrumb"},"inLanguage":"fr-FR","potentialAction":[{"@type":"ReadAction","target":["https:\/\/plasticseurope.org\/fr\/membres\/"]}]},{"@type":"BreadcrumbList","@id":"https:\/\/plasticseurope.org\/fr\/membres\/#breadcrumb","itemListElement":[{"@type":"ListItem","position":1,"name":"Home","item":"https:\/\/plasticseurope.org\/fr\/"},{"@type":"ListItem","position":2,"name":"Membres"}]},{"@type":"WebSite","@id":"https:\/\/plasticseurope.org\/fr\/#website","url":"https:\/\/plasticseurope.org\/fr\/","name":"Plastics Europe","description":"Enabling a sustainable future","potentialAction":[{"@type":"SearchAction","target":{"@type":"EntryPoint","urlTemplate":"https:\/\/plasticseurope.org\/fr\/?s={search_term_string}"},"query-input":"required name=search_term_string"}],"inLanguage":"fr-FR"}]}},"_links":{"self":[{"href":"https:\/\/plasticseurope.org\/fr\/wp-json\/wp\/v2\/pages\/53","targetHints":{"allow":["GET"]}}],"collection":[{"href":"https:\/\/plasticseurope.org\/fr\/wp-json\/wp\/v2\/pages"}],"about":[{"href":"https:\/\/plasticseurope.org\/fr\/wp-json\/wp\/v2\/types\/page"}],"author":[{"embeddable":true,"href":"https:\/\/plasticseurope.org\/fr\/wp-json\/wp\/v2\/users\/1"}],"replies":[{"embeddable":true,"href":"https:\/\/plasticseurope.org\/fr\/wp-json\/wp\/v2\/comments?post=53"}],"version-history":[{"count":0,"href":"https:\/\/plasticseurope.org\/fr\/wp-json\/wp\/v2\/pages\/53\/revisions"}],"wp:featuredmedia":[{"embeddable":true,"href":"https:\/\/plasticseurope.org\/fr\/wp-json\/wp\/v2\/media\/100"}],"wp:attachment":[{"href":"https:\/\/plasticseurope.org\/fr\/wp-json\/wp\/v2\/media?parent=53"}],"curies":[{"name":"wp","href":"https:\/\/api.w.org\/{rel}","templated":true}]}}