{"id":207,"date":"2021-10-24T21:27:11","date_gmt":"2021-10-24T21:27:11","guid":{"rendered":"https:\/\/plasticseurope.wpenginepowered.com\/fr\/?page_id=207"},"modified":"2021-10-24T21:28:32","modified_gmt":"2021-10-24T21:28:32","slug":"conditions-dutilisation","status":"publish","type":"page","link":"https:\/\/plasticseurope.org\/fr\/conditions-dutilisation\/","title":{"rendered":"Conditions d\u2019utilisation"},"content":{"rendered":"\n<p class=\"has-large-font-size\">Conditions d\u2019utilisation du site Internet de Plastics Europe. Ces conditions peuvent \u00eatre modifi\u00e9es \u00e0 tout moment.<\/p>\n\n\n\n<h3 class=\"wp-block-heading\">Information comprise<\/h3>\n\n\n\n<p>Le mat\u00e9riel contenu sur le pr\u00e9sent site Internet n\u2019est pr\u00e9sent\u00e9 qu\u2019\u00e0 des fins g\u00e9n\u00e9rales d\u2019information et d\u2019utilisation. Il ne constitue pas un avis et il ne peut servir de base pour prendre (ou s\u2019abstenir de prendre) une d\u00e9cision. Le contenu est fourni sur une base \u00ab\u00a0as is\u201d et \u201cas available\u201d.<\/p>\n\n\n\n<p>Plastics Europe d\u00e9ploie tous ses efforts pour actualiser les informations r\u00e9guli\u00e8rement, mais ne pr\u00e9tend pas que cette information soit exhaustive, compl\u00e8te, actuelle et\/ou pr\u00e9cise.<\/p>\n\n\n\n<p>Plastics Europe a \u00e9tabli les pages figurant sur le pr\u00e9sent site Internet avec la plus grande prudence et les informations qui sont plac\u00e9es sur le site le sont en toute bonne foi. N\u00e9anmoins Plastics Europe ne fait aucune repr\u00e9sentation ni garantie quant au caract\u00e8re exhaustif, actuel ou pr\u00e9cis de n\u2019importe laquelle de ces informations. Ni Plastics Europe ni un quelconque contributeur ne peuvent \u00eatre tenus responsables des pertes ou des dommages de quelque nature que ce soit r\u00e9sultant de l\u2019utilisation des informations contenues sur le pr\u00e9sent site Internet ou de la foi qui leur a \u00e9t\u00e9 accord\u00e9e.<\/p>\n\n\n\n<h3 class=\"wp-block-heading\">Copyright<\/h3>\n\n\n\n<p>Le pr\u00e9sent site et son contenu, en ce compris les images, le cas \u00e9ch\u00e9ant, sont soumis au copyright de Plastics Europe. Reproduction autoris\u00e9e, except\u00e9 \u00e0 des fins commerciales, pour autant que la source soit mentionn\u00e9e et reconnue et sauf indication contraire. Lorsqu\u2019une autorisation pr\u00e9alable doit \u00eatre obtenue pour la reproduction ou l\u2019utilisation d\u2019informations sous la forme d\u2019un texte ou d\u2019un document multim\u00e9dia (images, sons, software), cette autorisation annulera l\u2019autorisation g\u00e9n\u00e9rale pr\u00e9cit\u00e9e et indiquera clairement les \u00e9ventuelles restrictions d\u2019utilisation. Plastics Europe ne r\u00e9clame aucun droit d\u2019auteur sur n\u2019importe quel document officiel ou document figurant dans le domaine public. Les \u00e9ventuels droits d\u2019auteur de tiers sur un mat\u00e9riel se trouvant sur ce site doivent \u00e9galement \u00eatre respect\u00e9s.<\/p>\n\n\n\n<h3 class=\"wp-block-heading\">Marque de commerce<\/h3>\n\n\n\n<p>Les logos Plastics Europe et \u00ab\u00a0plastics\u00a0\u00bb sont des marques de commerce enregistr\u00e9es par Plastics Europe en Europe. Par cons\u00e9quent ces logos\/marques de commerce sont soumis au droit de propri\u00e9t\u00e9 de Plastics Europe; aucun droit n\u2019est accord\u00e9, except\u00e9 pour les soci\u00e9t\u00e9s membres et les associations nationales du secteur des plastiques. Le mat\u00e9riel publicitaire (reprenant les attributs essentiels) est disponible en 14 langues pour \u00eatre utilis\u00e9 dans les 28 \u00c9tats membres plus la Norv\u00e8ge, la Suisse et la Turquie.<\/p>\n\n\n\n<h3 class=\"wp-block-heading\">Liens<\/h3>\n\n\n\n<p>Les liens vers d\u2019autres sites Internet ne sont fournis qu\u2019\u00e0 des fins de commodit\u00e9. Par cons\u00e9quent, ces liens n\u2019impliquent aucune responsabilit\u00e9, ni approbation des informations contenues sur les sites Internet en question dans le chef de Plastics Europe.<\/p>\n\n\n\n<h3 class=\"wp-block-heading\">Droit applicable et comp\u00e9tence des tribunaux<\/h3>\n\n\n\n<p>Le contenu du pr\u00e9sent site Internet et tout conflit d\u00e9coulant du site Internet et vos relations avec nous sont r\u00e9gis par le droit belge et sont soumis \u00e0 la comp\u00e9tence exclusive des tribunaux de Bruxelles, Belgique.<\/p>\n\n\n\n<div style=\"height:16px\" aria-hidden=\"true\" class=\"wp-block-spacer\"><\/div>\n\n\n\n<p><\/p>\n","protected":false},"excerpt":{"rendered":"<p>Conditions d\u2019utilisation du site Internet de Plastics Europe. Ces conditions peuvent \u00eatre modifi\u00e9es \u00e0 tout moment. Information comprise Le mat\u00e9riel contenu sur le pr\u00e9sent site Internet n\u2019est pr\u00e9sent\u00e9 qu\u2019\u00e0 des fins g\u00e9n\u00e9rales d\u2019information et d\u2019utilisation. Il ne constitue pas un avis et il ne peut servir de base pour prendre (ou s\u2019abstenir de prendre) une [&hellip;]<\/p>\n","protected":false},"author":2,"featured_media":0,"parent":0,"menu_order":0,"comment_status":"closed","ping_status":"closed","template":"","meta":{"footnotes":""},"class_list":["post-207","page","type-page","status-publish","hentry"],"acf":[],"yoast_head":"<!-- This site is optimized with the Yoast SEO plugin v21.6 - https:\/\/yoast.com\/wordpress\/plugins\/seo\/ -->\n<title>Conditions d\u2019utilisation - Plastics Europe<\/title>\n<meta name=\"robots\" content=\"index, follow, max-snippet:-1, max-image-preview:large, max-video-preview:-1\" \/>\n<link rel=\"canonical\" href=\"https:\/\/plasticseurope.org\/fr\/conditions-dutilisation\/\" \/>\n<meta property=\"og:locale\" content=\"fr_FR\" \/>\n<meta property=\"og:type\" content=\"article\" \/>\n<meta property=\"og:title\" content=\"Conditions d\u2019utilisation - Plastics Europe\" \/>\n<meta property=\"og:description\" content=\"Conditions d\u2019utilisation du site Internet de Plastics Europe. Ces conditions peuvent \u00eatre modifi\u00e9es \u00e0 tout moment. Information comprise Le mat\u00e9riel contenu sur le pr\u00e9sent site Internet n\u2019est pr\u00e9sent\u00e9 qu\u2019\u00e0 des fins g\u00e9n\u00e9rales d\u2019information et d\u2019utilisation. Il ne constitue pas un avis et il ne peut servir de base pour prendre (ou s\u2019abstenir de prendre) une [&hellip;]\" \/>\n<meta property=\"og:url\" content=\"https:\/\/plasticseurope.org\/fr\/conditions-dutilisation\/\" \/>\n<meta property=\"og:site_name\" content=\"Plastics Europe\" \/>\n<meta property=\"article:modified_time\" content=\"2021-10-24T21:28:32+00:00\" \/>\n<meta name=\"twitter:card\" content=\"summary_large_image\" \/>\n<meta name=\"twitter:label1\" content=\"Dur\u00e9e de lecture estim\u00e9e\" \/>\n\t<meta name=\"twitter:data1\" content=\"3 minutes\" \/>\n<script type=\"application\/ld+json\" class=\"yoast-schema-graph\">{\"@context\":\"https:\/\/schema.org\",\"@graph\":[{\"@type\":\"WebPage\",\"@id\":\"https:\/\/plasticseurope.org\/fr\/conditions-dutilisation\/\",\"url\":\"https:\/\/plasticseurope.org\/fr\/conditions-dutilisation\/\",\"name\":\"Conditions d\u2019utilisation - Plastics Europe\",\"isPartOf\":{\"@id\":\"https:\/\/plasticseurope.org\/fr\/#website\"},\"datePublished\":\"2021-10-24T21:27:11+00:00\",\"dateModified\":\"2021-10-24T21:28:32+00:00\",\"breadcrumb\":{\"@id\":\"https:\/\/plasticseurope.org\/fr\/conditions-dutilisation\/#breadcrumb\"},\"inLanguage\":\"fr-FR\",\"potentialAction\":[{\"@type\":\"ReadAction\",\"target\":[\"https:\/\/plasticseurope.org\/fr\/conditions-dutilisation\/\"]}]},{\"@type\":\"BreadcrumbList\",\"@id\":\"https:\/\/plasticseurope.org\/fr\/conditions-dutilisation\/#breadcrumb\",\"itemListElement\":[{\"@type\":\"ListItem\",\"position\":1,\"name\":\"Home\",\"item\":\"https:\/\/plasticseurope.org\/fr\/\"},{\"@type\":\"ListItem\",\"position\":2,\"name\":\"Conditions d\u2019utilisation\"}]},{\"@type\":\"WebSite\",\"@id\":\"https:\/\/plasticseurope.org\/fr\/#website\",\"url\":\"https:\/\/plasticseurope.org\/fr\/\",\"name\":\"Plastics Europe\",\"description\":\"Enabling a sustainable future\",\"potentialAction\":[{\"@type\":\"SearchAction\",\"target\":{\"@type\":\"EntryPoint\",\"urlTemplate\":\"https:\/\/plasticseurope.org\/fr\/?s={search_term_string}\"},\"query-input\":\"required name=search_term_string\"}],\"inLanguage\":\"fr-FR\"}]}<\/script>\n<!-- \/ Yoast SEO plugin. -->","yoast_head_json":{"title":"Conditions d\u2019utilisation - Plastics Europe","robots":{"index":"index","follow":"follow","max-snippet":"max-snippet:-1","max-image-preview":"max-image-preview:large","max-video-preview":"max-video-preview:-1"},"canonical":"https:\/\/plasticseurope.org\/fr\/conditions-dutilisation\/","og_locale":"fr_FR","og_type":"article","og_title":"Conditions d\u2019utilisation - Plastics Europe","og_description":"Conditions d\u2019utilisation du site Internet de Plastics Europe. Ces conditions peuvent \u00eatre modifi\u00e9es \u00e0 tout moment. Information comprise Le mat\u00e9riel contenu sur le pr\u00e9sent site Internet n\u2019est pr\u00e9sent\u00e9 qu\u2019\u00e0 des fins g\u00e9n\u00e9rales d\u2019information et d\u2019utilisation. Il ne constitue pas un avis et il ne peut servir de base pour prendre (ou s\u2019abstenir de prendre) une [&hellip;]","og_url":"https:\/\/plasticseurope.org\/fr\/conditions-dutilisation\/","og_site_name":"Plastics Europe","article_modified_time":"2021-10-24T21:28:32+00:00","twitter_card":"summary_large_image","twitter_misc":{"Dur\u00e9e de lecture estim\u00e9e":"3 minutes"},"schema":{"@context":"https:\/\/schema.org","@graph":[{"@type":"WebPage","@id":"https:\/\/plasticseurope.org\/fr\/conditions-dutilisation\/","url":"https:\/\/plasticseurope.org\/fr\/conditions-dutilisation\/","name":"Conditions d\u2019utilisation - Plastics Europe","isPartOf":{"@id":"https:\/\/plasticseurope.org\/fr\/#website"},"datePublished":"2021-10-24T21:27:11+00:00","dateModified":"2021-10-24T21:28:32+00:00","breadcrumb":{"@id":"https:\/\/plasticseurope.org\/fr\/conditions-dutilisation\/#breadcrumb"},"inLanguage":"fr-FR","potentialAction":[{"@type":"ReadAction","target":["https:\/\/plasticseurope.org\/fr\/conditions-dutilisation\/"]}]},{"@type":"BreadcrumbList","@id":"https:\/\/plasticseurope.org\/fr\/conditions-dutilisation\/#breadcrumb","itemListElement":[{"@type":"ListItem","position":1,"name":"Home","item":"https:\/\/plasticseurope.org\/fr\/"},{"@type":"ListItem","position":2,"name":"Conditions d\u2019utilisation"}]},{"@type":"WebSite","@id":"https:\/\/plasticseurope.org\/fr\/#website","url":"https:\/\/plasticseurope.org\/fr\/","name":"Plastics Europe","description":"Enabling a sustainable future","potentialAction":[{"@type":"SearchAction","target":{"@type":"EntryPoint","urlTemplate":"https:\/\/plasticseurope.org\/fr\/?s={search_term_string}"},"query-input":"required name=search_term_string"}],"inLanguage":"fr-FR"}]}},"_links":{"self":[{"href":"https:\/\/plasticseurope.org\/fr\/wp-json\/wp\/v2\/pages\/207","targetHints":{"allow":["GET"]}}],"collection":[{"href":"https:\/\/plasticseurope.org\/fr\/wp-json\/wp\/v2\/pages"}],"about":[{"href":"https:\/\/plasticseurope.org\/fr\/wp-json\/wp\/v2\/types\/page"}],"author":[{"embeddable":true,"href":"https:\/\/plasticseurope.org\/fr\/wp-json\/wp\/v2\/users\/2"}],"replies":[{"embeddable":true,"href":"https:\/\/plasticseurope.org\/fr\/wp-json\/wp\/v2\/comments?post=207"}],"version-history":[{"count":0,"href":"https:\/\/plasticseurope.org\/fr\/wp-json\/wp\/v2\/pages\/207\/revisions"}],"wp:attachment":[{"href":"https:\/\/plasticseurope.org\/fr\/wp-json\/wp\/v2\/media?parent=207"}],"curies":[{"name":"wp","href":"https:\/\/api.w.org\/{rel}","templated":true}]}}