{"id":744,"date":"2022-03-09T08:35:40","date_gmt":"2022-03-09T08:35:40","guid":{"rendered":"https:\/\/plasticseurope.wpenginepowered.com\/es\/?page_id=744"},"modified":"2023-01-10T15:46:53","modified_gmt":"2023-01-10T15:46:53","slug":"innovando-el-futuro","status":"publish","type":"page","link":"https:\/\/plasticseurope.org\/es\/sostenibilidad\/innovando-el-futuro\/","title":{"rendered":"Innovando el futuro"},"content":{"rendered":"\n<p class=\"has-large-font-size\">Desarrollar productos y soluciones de alta calidad y alto rendimiento que sean sostenibles es un reto altamente complejo. Requiere tecnolog\u00edas de vanguardia, as\u00ed como la intervenci\u00f3n de los mejores cient\u00edficos, ingenieros y mentes innovadoras. Adem\u00e1s, es tambi\u00e9n la base sobre la que nuestros l\u00edderes han desarrollado esta industria durante m\u00e1s de un siglo.<\/p>\n\n\n\n<div style=\"height:16px\" aria-hidden=\"true\" class=\"wp-block-spacer\"><\/div>\n\n\n\n<p>Gracias a un enfoque centrado en la innovaci\u00f3n y la inversi\u00f3n en I+D, as\u00ed como en la tecnolog\u00eda aplicada a los procesos y la protecci\u00f3n medioambiental, se han logrado, y siguen logr\u00e1ndose, avances significativos en cuanto a la sostenibilidad de los pl\u00e1sticos. Esto ha permitido avanzar en el uso de productos bio-basados y de residuos pl\u00e1sticos como materias primas sostenibles para la producci\u00f3n de pol\u00edmeros, el desarrollo de materiales y dise\u00f1os innovadores para mejorar la reciclabilidad, e importantes avances en tecnolog\u00edas punta de reciclaje qu\u00edmico. Es lo que nos capacita para ofrecer las soluciones que requiere este mundo en constante evoluci\u00f3n.<\/p>\n\n\n\n<div style=\"height:48px\" aria-hidden=\"true\" class=\"wp-block-spacer\"><\/div>\n\n\n\n<h2 class=\"wp-block-heading\">Los pl\u00e1sticos son fundamentales<\/h2>\n\n\n\n<p class=\"has-large-font-size\">Estamos convencidos de que nuestra industria desempe\u00f1a un papel esencial para hacer que los&nbsp; pl\u00e1sticos sean m\u00e1s sostenibles. Para disponer de los medios adecuados es necesario un esfuerzo coordinado por parte de todos los actores implicados. Por este motivo resulta fundamental la cooperaci\u00f3n y la inversi\u00f3n en colaboraciones a largo plazo con la comunidad cient\u00edfica, los gobiernos, la sociedad civil y las comunidades locales, as\u00ed como con otros agentes de la cadena de valor de los pl\u00e1sticos.<\/p>\n\n\n\n<div style=\"height:48px\" aria-hidden=\"true\" class=\"wp-block-spacer\"><\/div>\n\n\n\n<div class=\"wp-block-media-text alignwide is-stacked-on-mobile is-image-fill\" id=\"rounded-md\"><figure class=\"wp-block-media-text__media\" style=\"background-image:url(https:\/\/plasticseurope.org\/wp-content\/uploads\/2021\/10\/1552_Othalo_3-1024x576.jpg);background-position:50% 50%\"><img decoding=\"async\" src=\"https:\/\/plasticseurope.org\/wp-content\/uploads\/2021\/10\/1552_Othalo_3-1024x576.jpg\" alt=\"\" class=\"wp-image-2267 size-full\"\/><\/figure><div class=\"wp-block-media-text__content\">\n<div class=\"wp-block-group is-layout-flow wp-block-group-is-layout-flow\">\n<h2 class=\"wp-block-heading\">Innovaciones en la construcci\u00f3n y edificaci\u00f3n<\/h2>\n\n\n\n<p class=\"has-large-font-size\">Utilizar los residuos pl\u00e1sticos que se acumulan en el medioambiente para construir viviendas asequibles en el \u00c1frica subsahariana es el principio rector de un proyecto promovido por la empresa emergente noruega Othalo.<\/p>\n\n\n\n<p>Para saber m\u00e1s:&nbsp; <a href=\"https:\/\/plastics-themag.com\/Sustainable-homes-made-from-plastic-waste\">casas sostenibles hechas de residuos pl\u00e1sticos<\/a><\/p>\n<\/div>\n<\/div><\/div>\n\n\n\n<div style=\"height:100px\" aria-hidden=\"true\" class=\"wp-block-spacer\"><\/div>\n\n\n\n<div class=\"wp-block-media-text alignwide has-media-on-the-right is-stacked-on-mobile is-image-fill\" id=\"rounded-md\"><div class=\"wp-block-media-text__content\">\n<div class=\"wp-block-group is-layout-flow wp-block-group-is-layout-flow\">\n<h2 class=\"wp-block-heading\">Innovaciones en movilidad<\/h2>\n\n\n\n<p class=\"has-large-font-size\">De cara a 2050, los neum\u00e1ticos de Michelin estar\u00e1n hechos de materiales renovables, reciclados o de origen biol\u00f3gico, por lo que ser\u00e1n completamente sostenibles. Este es, cuando menos, el objetivo anunciado por el gigante franc\u00e9s de los neum\u00e1ticos.<\/p>\n\n\n\n<p>Para saber m\u00e1s: <a href=\"https:\/\/plastics-themag.com\/Carbios-and-Michelin:-on-the-road-towards-100-sustainable-tyres-in-2050\">Carbios y Michelin en ruta hacia unos neum\u00e1ticos 100% sostenibles en 2050<\/a><\/p>\n<\/div>\n<\/div><figure class=\"wp-block-media-text__media\" style=\"background-image:url(https:\/\/plasticseurope.org\/wp-content\/uploads\/2021\/10\/60b9e96a27d38_En-bref-pneus-CarbiosMichelin-credit-Nickolas-Nikolic-Unsplash.png);background-position:50% 50%\"><img decoding=\"async\" src=\"https:\/\/plasticseurope.org\/wp-content\/uploads\/2021\/10\/60b9e96a27d38_En-bref-pneus-CarbiosMichelin-credit-Nickolas-Nikolic-Unsplash.png\" alt=\"\" class=\"wp-image-1888 size-full\"\/><\/figure><\/div>\n\n\n\n<div style=\"height:100px\" aria-hidden=\"true\" class=\"wp-block-spacer\"><\/div>\n\n\n\n<div class=\"wp-block-media-text alignwide is-stacked-on-mobile is-image-fill\" id=\"rounded-md\"><figure class=\"wp-block-media-text__media\" style=\"background-image:url(https:\/\/plasticseurope.org\/wp-content\/uploads\/2021\/10\/6073ed5ea0046_Artificial-Cornea-Copyright-Vanessa-Bumbeers-unsplash.png);background-position:50% 50%\"><img decoding=\"async\" src=\"https:\/\/plasticseurope.org\/wp-content\/uploads\/2021\/10\/6073ed5ea0046_Artificial-Cornea-Copyright-Vanessa-Bumbeers-unsplash.png\" alt=\"\" class=\"wp-image-1910 size-full\"\/><\/figure><div class=\"wp-block-media-text__content\">\n<h2 class=\"wp-block-heading\">Innovaciones en sanidad y bienestar<\/h2>\n\n\n\n<p class=\"has-large-font-size\">Un hombre de 78 a\u00f1os ha recuperado la vista tras recibir el primer implante de c\u00f3rnea sint\u00e9tica del mundo.<\/p>\n\n\n\n<p>Para saber m\u00e1s: <a href=\"https:\/\/plastics-themag.com\/An-artificial-cornea-to-restore-sight\" target=\"_blank\" rel=\"noreferrer noopener\">Una c\u00f3rnea artificial permite recuperar la vista<\/a><\/p>\n<\/div><\/div>\n\n\n\n<div style=\"height:100px\" aria-hidden=\"true\" class=\"wp-block-spacer\"><\/div>\n\n\n\n<div class=\"wp-block-media-text alignwide has-media-on-the-right is-stacked-on-mobile is-image-fill\" id=\"rounded-md\"><div class=\"wp-block-media-text__content\">\n<h2 class=\"wp-block-heading\">Innovaciones en los envases y embalajes<\/h2>\n\n\n\n<p class=\"has-large-font-size\">En 2030, todos los envases pl\u00e1sticos de la UE deber\u00e1n ser reciclables o reutilizables: todo un reto que, cuando menos, est\u00e1 inspirando ideas y conceptos rompedores.<\/p>\n\n\n\n<p>Para saber m\u00e1s: <a href=\"https:\/\/plastics-themag.com\/Hipli-the-packaging-with-several-lives\" target=\"_blank\" rel=\"noreferrer noopener\">Hipli<\/a>: el embalaje que tiene muchas vidas<\/p>\n<\/div><figure class=\"wp-block-media-text__media\" style=\"background-image:url(https:\/\/plasticseurope.org\/wp-content\/uploads\/2021\/10\/000109674_600x400_c.jpg);background-position:50% 50%\"><img decoding=\"async\" src=\"https:\/\/plasticseurope.org\/wp-content\/uploads\/2021\/10\/000109674_600x400_c.jpg\" alt=\"\" class=\"wp-image-1992 size-full\"\/><\/figure><\/div>\n\n\n\n<div style=\"height:100px\" aria-hidden=\"true\" class=\"wp-block-spacer\"><\/div>\n\n\n\n<div class=\"wp-block-media-text alignwide is-stacked-on-mobile is-image-fill\" id=\"rounded-md\"><figure class=\"wp-block-media-text__media\" style=\"background-image:url(https:\/\/plasticseurope.org\/wp-content\/uploads\/2021\/10\/plastic-sustainable-agriculture-1024x683.jpg);background-position:50% 50%\"><img decoding=\"async\" src=\"https:\/\/plasticseurope.org\/wp-content\/uploads\/2021\/10\/plastic-sustainable-agriculture-1024x683.jpg\" alt=\"\" class=\"wp-image-1960 size-full\"\/><\/figure><div class=\"wp-block-media-text__content\">\n<h2 class=\"wp-block-heading\">Innovaciones en agricultura<\/h2>\n\n\n\n<p class=\"has-large-font-size\">Los agricultores parecen haber encontrado la f\u00f3rmula m\u00e1gica que impulsa la producci\u00f3n utilizando menos pesticidas y agua. En dos palabras: pl\u00e1sticos agr\u00edcolas, que han revolucionado el d\u00eda a d\u00eda de los agricultores, as\u00ed como nuestras costumbres alimentarias.<\/p>\n\n\n\n<p>Para saber m\u00e1s: <a href=\"https:\/\/plastics-themag.com\/Plastics--a-fruity-reply\">los pl\u00e1sticos cuidan de la cosecha<\/a><\/p>\n<\/div><\/div>\n\n\n\n<div style=\"height:100px\" aria-hidden=\"true\" class=\"wp-block-spacer\"><\/div>\n\n\n\n<div class=\"wp-block-media-text alignwide has-media-on-the-right is-stacked-on-mobile is-image-fill\" id=\"rounded-md\"><div class=\"wp-block-media-text__content\">\n<h2 class=\"wp-block-heading\">Innovaciones en electr\u00f3nica<\/h2>\n\n\n\n<p class=\"has-large-font-size\">Situada en la intersecci\u00f3n entre dos mundos \u2014la electr\u00f3nica y los pl\u00e1sticos\u2014, la plastr\u00f3nica confiere a los objetos pl\u00e1sticos moldeados parte de su inteligencia. Esta tecnolog\u00eda crea objetos m\u00e1s peque\u00f1os, m\u00e1s bonitos y m\u00e1s resistentes. Una innovaci\u00f3n sin la cual muchos de los objetos conectados nunca habr\u00edan visto la luz del d\u00eda. (\u00a9 FESTO)<\/p>\n\n\n\n<p>Para saber m\u00e1s: <a href=\"https:\/\/plastics-themag.com\/Polymers-enhanced-with-electronics-to-make-them-smarter\">la plastr\u00f3nica, una carta de amor a los pl\u00e1sticos<\/a><\/p>\n<\/div><figure class=\"wp-block-media-text__media\" style=\"background-image:url(https:\/\/plasticseurope.org\/wp-content\/uploads\/2021\/10\/5aec674883168_encrefilm.jpg);background-position:50% 50%\"><img decoding=\"async\" src=\"https:\/\/plasticseurope.org\/wp-content\/uploads\/2021\/10\/5aec674883168_encrefilm.jpg\" alt=\"\" class=\"wp-image-1964 size-full\"\/><\/figure><\/div>\n\n\n\n<div style=\"height:100px\" aria-hidden=\"true\" class=\"wp-block-spacer\"><\/div>\n\n\n\n<div class=\"wp-block-media-text alignwide is-stacked-on-mobile is-image-fill\" id=\"rounded-md\"><figure class=\"wp-block-media-text__media\" style=\"background-image:url(https:\/\/plasticseurope.org\/wp-content\/uploads\/2021\/10\/60defcadb4ba7_home-Tokyo-1.png);background-position:50% 50%\"><img decoding=\"async\" src=\"https:\/\/plasticseurope.org\/wp-content\/uploads\/2021\/10\/60defcadb4ba7_home-Tokyo-1.png\" alt=\"\" class=\"wp-image-1975 size-full\"\/><\/figure><div class=\"wp-block-media-text__content\">\n<h2 class=\"wp-block-heading\">Innovaciones en deporte<\/h2>\n\n\n\n<p class=\"has-large-font-size\">Los Juegos Ol\u00edmpicos de Tokio no pasar\u00e1n a la historia por haber sido los m\u00e1s festivos, dada la prohibici\u00f3n de p\u00fablico. Sin embargo, para los atletas, lo m\u00e1s importante siempre ser\u00e1n el rendimiento y los r\u00e9cords. Esto significa que sus equipaciones son puestas a prueba, como tambi\u00e9n lo son los pol\u00edmeros de los que est\u00e1n hechas.<\/p>\n\n\n\n<p>Para saber m\u00e1s: <a href=\"https:\/\/plastics-themag.com\/Plastics-are-gaining-speed\" target=\"_blank\" rel=\"noreferrer noopener\">Juegos Ol\u00edmpicos: los pol\u00edmeros de vuelta al juego<\/a><\/p>\n<\/div><\/div>\n\n\n\n<div style=\"height:100px\" aria-hidden=\"true\" class=\"wp-block-spacer\"><\/div>\n\n\n\n<div class=\"wp-block-media-text alignwide has-media-on-the-right is-stacked-on-mobile is-image-fill\" id=\"rounded-md\"><div class=\"wp-block-media-text__content\">\n<h2 class=\"wp-block-heading\">Innovaciones en electrodom\u00e9sticos<\/h2>\n\n\n\n<p class=\"has-large-font-size\">El fabricante sueco de electrodom\u00e9sticos Electrolux ha presentado un prototipo de aspiradora hecho exclusivamente con componentes reutilizados y pl\u00e1stico reciclado.<\/p>\n\n\n\n<p>Para saber m\u00e1s: <a href=\"https:\/\/plastics-themag.com\/A-vacuum-cleaner-made-of-100-recycled-and-re-used-materials\">la aspiradora hecha de materiales 100&nbsp;% reciclados y reutilizados<\/a><\/p>\n<\/div><figure class=\"wp-block-media-text__media\" style=\"background-image:url(https:\/\/plasticseurope.org\/wp-content\/uploads\/2021\/10\/6020efa28c704_aspirateur-Electrolux-OK.png);background-position:50% 50%\"><img decoding=\"async\" src=\"https:\/\/plasticseurope.org\/wp-content\/uploads\/2021\/10\/6020efa28c704_aspirateur-Electrolux-OK.png\" alt=\"\" class=\"wp-image-1982 size-full\"\/><\/figure><\/div>\n\n\n\n<div id=\"explore-block_6177d65b72842\" class=\"explore-further\">\n  <div class=\"flex flex-col bg-mist-900 rounded-md mt-8 md:mt-28 md:w-1\/2 md:mr-auto\">\n    <div class=\"flex-1 relative p-6 md:px-10 md:py-8\">\n      <div class=\"absolute top-0 left-0 p-5 inline-block transform -translate-x-1\/2 -translate-y-1\/2\">\n      <\/div>\n      \n\n<h3 class=\"wp-block-heading\">Recursos complementarios<\/h3>\n\n\n\n<p><a href=\"http:\/\/www.plasticsmakeitpossible.com\" target=\"_blank\" rel=\"noreferrer noopener\">Plastics Make it Possible<\/a><\/p>\n\n\n\n<p><a href=\"http:\/\/www.plastics-themag.com\" target=\"_blank\" rel=\"noreferrer noopener\">Plastics \u2013 the Mag<\/a><\/p>\n\n\n\n<p><a href=\"http:\/\/wonderfulvinyl.pvc.org\" target=\"_blank\" rel=\"noreferrer noopener\">Wonderful Vinyl<\/a><\/p>\n\n\n    <\/div>\n  <\/div>\n<\/div>\n","protected":false},"excerpt":{"rendered":"<p>Desarrollar productos y soluciones de alta calidad y alto rendimiento que sean sostenibles es un reto altamente complejo. Requiere tecnolog\u00edas de vanguardia, as\u00ed como la intervenci\u00f3n de los mejores cient\u00edficos, ingenieros y mentes innovadoras. Adem\u00e1s, es tambi\u00e9n la base sobre la que nuestros l\u00edderes han desarrollado esta industria durante m\u00e1s de un siglo. Gracias a [&hellip;]<\/p>\n","protected":false},"author":1,"featured_media":562,"parent":56,"menu_order":0,"comment_status":"closed","ping_status":"closed","template":"","meta":{"footnotes":""},"class_list":["post-744","page","type-page","status-publish","has-post-thumbnail","hentry"],"acf":[],"yoast_head":"<!-- This site is optimized with the Yoast SEO plugin v21.6 - https:\/\/yoast.com\/wordpress\/plugins\/seo\/ -->\n<title>Innovando el futuro - Plastics Europe ES<\/title>\n<meta name=\"robots\" content=\"index, follow, max-snippet:-1, max-image-preview:large, max-video-preview:-1\" \/>\n<link rel=\"canonical\" href=\"https:\/\/plasticseurope.org\/es\/sostenibilidad\/innovando-el-futuro\/\" \/>\n<meta property=\"og:locale\" content=\"es_ES\" \/>\n<meta property=\"og:type\" content=\"article\" \/>\n<meta property=\"og:title\" content=\"Innovando el futuro - Plastics Europe ES\" \/>\n<meta property=\"og:description\" content=\"Desarrollar productos y soluciones de alta calidad y alto rendimiento que sean sostenibles es un reto altamente complejo. Requiere tecnolog\u00edas de vanguardia, as\u00ed como la intervenci\u00f3n de los mejores cient\u00edficos, ingenieros y mentes innovadoras. Adem\u00e1s, es tambi\u00e9n la base sobre la que nuestros l\u00edderes han desarrollado esta industria durante m\u00e1s de un siglo. Gracias a [&hellip;]\" \/>\n<meta property=\"og:url\" content=\"https:\/\/plasticseurope.org\/es\/sostenibilidad\/innovando-el-futuro\/\" \/>\n<meta property=\"og:site_name\" content=\"Plastics Europe ES\" \/>\n<meta property=\"article:modified_time\" content=\"2023-01-10T15:46:53+00:00\" \/>\n<meta property=\"og:image\" content=\"https:\/\/plasticseurope.org\/es\/wp-content\/uploads\/sites\/4\/2022\/02\/plastic-innovation-3d-scaled.jpg\" \/>\n\t<meta property=\"og:image:width\" content=\"2560\" \/>\n\t<meta property=\"og:image:height\" content=\"1707\" \/>\n\t<meta property=\"og:image:type\" content=\"image\/jpeg\" \/>\n<meta name=\"twitter:card\" content=\"summary_large_image\" \/>\n<meta name=\"twitter:label1\" content=\"Tiempo de lectura\" \/>\n\t<meta name=\"twitter:data1\" content=\"5 minutos\" \/>\n<script type=\"application\/ld+json\" class=\"yoast-schema-graph\">{\"@context\":\"https:\/\/schema.org\",\"@graph\":[{\"@type\":\"WebPage\",\"@id\":\"https:\/\/plasticseurope.org\/es\/sostenibilidad\/innovando-el-futuro\/\",\"url\":\"https:\/\/plasticseurope.org\/es\/sostenibilidad\/innovando-el-futuro\/\",\"name\":\"Innovando el futuro - Plastics Europe ES\",\"isPartOf\":{\"@id\":\"https:\/\/plasticseurope.org\/es\/#website\"},\"datePublished\":\"2022-03-09T08:35:40+00:00\",\"dateModified\":\"2023-01-10T15:46:53+00:00\",\"breadcrumb\":{\"@id\":\"https:\/\/plasticseurope.org\/es\/sostenibilidad\/innovando-el-futuro\/#breadcrumb\"},\"inLanguage\":\"es\",\"potentialAction\":[{\"@type\":\"ReadAction\",\"target\":[\"https:\/\/plasticseurope.org\/es\/sostenibilidad\/innovando-el-futuro\/\"]}]},{\"@type\":\"BreadcrumbList\",\"@id\":\"https:\/\/plasticseurope.org\/es\/sostenibilidad\/innovando-el-futuro\/#breadcrumb\",\"itemListElement\":[{\"@type\":\"ListItem\",\"position\":1,\"name\":\"Home\",\"item\":\"https:\/\/plasticseurope.org\/es\/\"},{\"@type\":\"ListItem\",\"position\":2,\"name\":\"Sostenibilidad\",\"item\":\"https:\/\/plasticseurope.org\/es\/sostenibilidad\/\"},{\"@type\":\"ListItem\",\"position\":3,\"name\":\"Innovando el futuro\"}]},{\"@type\":\"WebSite\",\"@id\":\"https:\/\/plasticseurope.org\/es\/#website\",\"url\":\"https:\/\/plasticseurope.org\/es\/\",\"name\":\"Plastics Europe ES\",\"description\":\"Enabling a sustainable future\",\"potentialAction\":[{\"@type\":\"SearchAction\",\"target\":{\"@type\":\"EntryPoint\",\"urlTemplate\":\"https:\/\/plasticseurope.org\/es\/?s={search_term_string}\"},\"query-input\":\"required name=search_term_string\"}],\"inLanguage\":\"es\"}]}<\/script>\n<!-- \/ Yoast SEO plugin. -->","yoast_head_json":{"title":"Innovando el futuro - Plastics Europe ES","robots":{"index":"index","follow":"follow","max-snippet":"max-snippet:-1","max-image-preview":"max-image-preview:large","max-video-preview":"max-video-preview:-1"},"canonical":"https:\/\/plasticseurope.org\/es\/sostenibilidad\/innovando-el-futuro\/","og_locale":"es_ES","og_type":"article","og_title":"Innovando el futuro - Plastics Europe ES","og_description":"Desarrollar productos y soluciones de alta calidad y alto rendimiento que sean sostenibles es un reto altamente complejo. Requiere tecnolog\u00edas de vanguardia, as\u00ed como la intervenci\u00f3n de los mejores cient\u00edficos, ingenieros y mentes innovadoras. Adem\u00e1s, es tambi\u00e9n la base sobre la que nuestros l\u00edderes han desarrollado esta industria durante m\u00e1s de un siglo. Gracias a [&hellip;]","og_url":"https:\/\/plasticseurope.org\/es\/sostenibilidad\/innovando-el-futuro\/","og_site_name":"Plastics Europe ES","article_modified_time":"2023-01-10T15:46:53+00:00","og_image":[{"width":2560,"height":1707,"url":"https:\/\/plasticseurope.org\/es\/wp-content\/uploads\/sites\/4\/2022\/02\/plastic-innovation-3d-scaled.jpg","type":"image\/jpeg"}],"twitter_card":"summary_large_image","twitter_misc":{"Tiempo de lectura":"5 minutos"},"schema":{"@context":"https:\/\/schema.org","@graph":[{"@type":"WebPage","@id":"https:\/\/plasticseurope.org\/es\/sostenibilidad\/innovando-el-futuro\/","url":"https:\/\/plasticseurope.org\/es\/sostenibilidad\/innovando-el-futuro\/","name":"Innovando el futuro - Plastics Europe ES","isPartOf":{"@id":"https:\/\/plasticseurope.org\/es\/#website"},"datePublished":"2022-03-09T08:35:40+00:00","dateModified":"2023-01-10T15:46:53+00:00","breadcrumb":{"@id":"https:\/\/plasticseurope.org\/es\/sostenibilidad\/innovando-el-futuro\/#breadcrumb"},"inLanguage":"es","potentialAction":[{"@type":"ReadAction","target":["https:\/\/plasticseurope.org\/es\/sostenibilidad\/innovando-el-futuro\/"]}]},{"@type":"BreadcrumbList","@id":"https:\/\/plasticseurope.org\/es\/sostenibilidad\/innovando-el-futuro\/#breadcrumb","itemListElement":[{"@type":"ListItem","position":1,"name":"Home","item":"https:\/\/plasticseurope.org\/es\/"},{"@type":"ListItem","position":2,"name":"Sostenibilidad","item":"https:\/\/plasticseurope.org\/es\/sostenibilidad\/"},{"@type":"ListItem","position":3,"name":"Innovando el futuro"}]},{"@type":"WebSite","@id":"https:\/\/plasticseurope.org\/es\/#website","url":"https:\/\/plasticseurope.org\/es\/","name":"Plastics Europe ES","description":"Enabling a sustainable future","potentialAction":[{"@type":"SearchAction","target":{"@type":"EntryPoint","urlTemplate":"https:\/\/plasticseurope.org\/es\/?s={search_term_string}"},"query-input":"required name=search_term_string"}],"inLanguage":"es"}]}},"_links":{"self":[{"href":"https:\/\/plasticseurope.org\/es\/wp-json\/wp\/v2\/pages\/744","targetHints":{"allow":["GET"]}}],"collection":[{"href":"https:\/\/plasticseurope.org\/es\/wp-json\/wp\/v2\/pages"}],"about":[{"href":"https:\/\/plasticseurope.org\/es\/wp-json\/wp\/v2\/types\/page"}],"author":[{"embeddable":true,"href":"https:\/\/plasticseurope.org\/es\/wp-json\/wp\/v2\/users\/1"}],"replies":[{"embeddable":true,"href":"https:\/\/plasticseurope.org\/es\/wp-json\/wp\/v2\/comments?post=744"}],"version-history":[{"count":0,"href":"https:\/\/plasticseurope.org\/es\/wp-json\/wp\/v2\/pages\/744\/revisions"}],"up":[{"embeddable":true,"href":"https:\/\/plasticseurope.org\/es\/wp-json\/wp\/v2\/pages\/56"}],"wp:featuredmedia":[{"embeddable":true,"href":"https:\/\/plasticseurope.org\/es\/wp-json\/wp\/v2\/media\/562"}],"wp:attachment":[{"href":"https:\/\/plasticseurope.org\/es\/wp-json\/wp\/v2\/media?parent=744"}],"curies":[{"name":"wp","href":"https:\/\/api.w.org\/{rel}","templated":true}]}}