{"id":722,"date":"2022-03-02T11:23:40","date_gmt":"2022-03-02T11:23:40","guid":{"rendered":"https:\/\/plasticseurope.wpenginepowered.com\/es\/?page_id=722"},"modified":"2023-01-10T15:40:39","modified_gmt":"2023-01-10T15:40:39","slug":"plasticos-y-salud","status":"publish","type":"page","link":"https:\/\/plasticseurope.org\/es\/sostenibilidad\/plasticos-y-salud\/","title":{"rendered":"Pl\u00e1sticos y salud"},"content":{"rendered":"\n<p class=\"has-large-font-size\">La salud y la seguridad son lo primero. La Uni\u00f3n Europea establece las regulaciones m\u00e1s restrictivas para salvaguardar la salud de los consumidores. Antes de que un producto de pl\u00e1stico llegue al consumidor, nuestra industria garantiza que cumple todas las regulaciones basadas en el conocimiento cient\u00edfico relativas a las sustancias y productos qu\u00edmicos. Los expertos de Plastics Europe proporcionan peri\u00f3dicamente hallazgos cient\u00edficos con el m\u00e1ximo nivel de fiabilidad para contribuir a la actualizaci\u00f3n continua de las reglamentaciones.<\/p>\n\n\n\n<div style=\"height:16px\" aria-hidden=\"true\" class=\"wp-block-spacer\"><\/div>\n\n\n\n<p>Los pl\u00e1sticos contribuyen a mejorar la esperanza y la calidad de vida: bolsas de transfusi\u00f3n sangu\u00ednea, equipos de protecci\u00f3n individual, cat\u00e9teres flexibles y muchas otras aplicaciones est\u00e1n basadas en los pl\u00e1sticos. La pandemia de la Covid-19 ha puesto de manifiesto la esencialidad de los pl\u00e1sticos en varios sectores, desde las aplicaciones m\u00e9dicas hasta la protecci\u00f3n de alimentos.<\/p>\n\n\n\n<div style=\"height:48px\" aria-hidden=\"true\" class=\"wp-block-spacer\"><\/div>\n\n\n\n<h2 class=\"wp-block-heading\">La seguridad de los pl\u00e1sticos<\/h2>\n\n\n\n<p class=\"has-large-font-size\">Las inigualables caracter\u00edsticas de los pl\u00e1sticos facilitan nuestras actividades cotidianas: mantienen la frescura de los alimentos, la higiene de las superficies y la seguridad del medioambiente a la vez que contribuyen a <a href=\"https:\/\/plasticseurope.org\/sustainability\/plastics-health\/safety-of-plastics\/\" target=\"_blank\" rel=\"noreferrer noopener\">la sostenibilidad y la econom\u00eda circular<\/a>.<\/p>\n\n\n\n<div style=\"height:100px\" aria-hidden=\"true\" class=\"wp-block-spacer\"><\/div>\n\n\n\n<div class=\"wp-block-media-text alignwide is-stacked-on-mobile is-image-fill\" id=\"rounded-md\"><figure class=\"wp-block-media-text__media\" style=\"background-image:url(https:\/\/plasticseurope.org\/wp-content\/uploads\/2021\/10\/plastic-reusable-containers-sustainable-1-1024x683.jpg);background-position:37% 62%\"><img decoding=\"async\" src=\"https:\/\/plasticseurope.org\/wp-content\/uploads\/2021\/10\/plastic-reusable-containers-sustainable-1-1024x683.jpg\" alt=\"\" class=\"wp-image-1708 size-full\" \/><\/figure><div class=\"wp-block-media-text__content\">\n<h2 class=\"wp-block-heading\">Contacto alimentario<\/h2>\n\n\n\n<p class=\"has-large-font-size\">Los pl\u00e1sticos de contacto alimentario son aquellos que se utilizan para fabricar art\u00edculos que entrar\u00e1n en contacto con los alimentos, tales como envases, recipientes, utensilios o electrodom\u00e9sticos. Los envases y recipientes deben impedir que se estropeen los alimentos, garantizar que se cumplen los requisitos de temperatura de almacenamiento y fecha de caducidad, satisfacer las regulaciones europeas pertinentes y, por encima de todo, deben garantizar la seguridad del consumidor.<\/p>\n\n\n\n<div class=\"wp-block-buttons is-layout-flex wp-block-buttons-is-layout-flex\">\n<div class=\"wp-block-button\"><a class=\"wp-block-button__link wp-element-button\" href=\"https:\/\/plasticseurope.org\/sustainability\/plastics-health\/safety-of-plastics\/food-contact\/\">More on food contact<\/a><\/div>\n<\/div>\n<\/div><\/div>\n\n\n\n<div style=\"height:100px\" aria-hidden=\"true\" class=\"wp-block-spacer\"><\/div>\n\n\n\n<div class=\"wp-block-media-text alignwide has-media-on-the-right is-stacked-on-mobile is-image-fill\" id=\"rounded-md\"><div class=\"wp-block-media-text__content\">\n<h2 class=\"wp-block-heading\">Agua potable<\/h2>\n\n\n\n<p class=\"has-large-font-size\">El agua es un recurso muy valioso y debemos hacer todo lo posible por evitar su derroche. El uso innovador de los pl\u00e1sticos puede facilitar a las personas el acceso a fuentes de agua limpias, seguras y sostenibles. Las tuber\u00edas de pl\u00e1stico y las innovaciones en los sistemas de purificaci\u00f3n del agua contribuyen adem\u00e1s a la prevenci\u00f3n de enfermedades de transmisi\u00f3n h\u00eddrica al posibilitar el acceso a agua limpia.<\/p>\n\n\n\n<div class=\"wp-block-buttons is-layout-flex wp-block-buttons-is-layout-flex\">\n<div class=\"wp-block-button\"><a class=\"wp-block-button__link wp-element-button\" href=\"https:\/\/plasticseurope.org\/sustainability\/plastics-health\/safety-of-plastics\/drinking-water\/\">Read about drinking water<\/a><\/div>\n<\/div>\n<\/div><figure class=\"wp-block-media-text__media\" style=\"background-image:url(https:\/\/plasticseurope.org\/wp-content\/uploads\/2021\/10\/plastic-large-water-bottles-1024x683.jpg);background-position:50% 50%\"><img decoding=\"async\" src=\"https:\/\/plasticseurope.org\/wp-content\/uploads\/2021\/10\/plastic-large-water-bottles-1024x683.jpg\" alt=\"\" class=\"wp-image-2754 size-full\" \/><\/figure><\/div>\n\n\n\n<div style=\"height:100px\" aria-hidden=\"true\" class=\"wp-block-spacer\"><\/div>\n\n\n\n<div class=\"wp-block-media-text alignwide is-stacked-on-mobile is-image-fill\" id=\"rounded-md\"><figure class=\"wp-block-media-text__media\" style=\"background-image:url(https:\/\/plasticseurope.org\/wp-content\/uploads\/2021\/10\/plastics-water-bottle-1024x683.jpg);background-position:50% 50%\"><img decoding=\"async\" src=\"https:\/\/plasticseurope.org\/wp-content\/uploads\/2021\/10\/plastics-water-bottle-1024x683.jpg\" alt=\"\" class=\"wp-image-2524 size-full\" \/><\/figure><div class=\"wp-block-media-text__content\">\n<h2 class=\"wp-block-heading\">Normalizaci\u00f3n<\/h2>\n\n\n\n<p class=\"has-large-font-size\">Las normas son importantes. Garantizan que un producto ser\u00e1 adecuado para el uso al que est\u00e1 destinado y que podemos confiar en su calidad y seguridad. Sin embargo, el gran n\u00famero de aplicaciones pl\u00e1sticas existentes implica que est\u00e9n sujetas a un amplio abanico de categor\u00edas de normas, desde las m\u00e1s espec\u00edficas hasta las m\u00e1s generales como puede ser la huella de carbono de los productos.<\/p>\n\n\n\n<div class=\"wp-block-buttons is-layout-flex wp-block-buttons-is-layout-flex\">\n<div class=\"wp-block-button\"><a class=\"wp-block-button__link wp-element-button\" href=\"https:\/\/plasticseurope.org\/sustainability\/plastics-health\/safety-of-plastics\/standardisation\/\">Explore standardisation<\/a><\/div>\n<\/div>\n<\/div><\/div>\n\n\n\n<div style=\"height:100px\" aria-hidden=\"true\" class=\"wp-block-spacer\"><\/div>\n\n\n\n<div class=\"wp-block-media-text alignwide has-media-on-the-right is-stacked-on-mobile is-image-fill\" id=\"rounded-md\"><div class=\"wp-block-media-text__content\">\n<h2 class=\"wp-block-heading\">Aditivos<\/h2>\n\n\n\n<p class=\"has-large-font-size\">Los aditivos modifican las caracter\u00edsticas del material pl\u00e1stico para conferirle nuevas propiedades. Pueden aportarles color, resistencia, higiene o seguridad. Los aditivos proporcionan una extensa gama de valiosas prestaciones para los pl\u00e1sticos.<\/p>\n\n\n\n<div class=\"wp-block-buttons is-layout-flex wp-block-buttons-is-layout-flex\">\n<div class=\"wp-block-button\"><a class=\"wp-block-button__link wp-element-button\" href=\"https:\/\/plasticseurope.org\/sustainability\/plastics-health\/safety-of-plastics\/additives\/\">Read more on additives<\/a><\/div>\n<\/div>\n<\/div><figure class=\"wp-block-media-text__media\" style=\"background-image:url(https:\/\/plasticseurope.org\/wp-content\/uploads\/2021\/10\/plastic-pellets-many-colours-1-1024x684.jpg);background-position:50% 50%\"><img decoding=\"async\" src=\"https:\/\/plasticseurope.org\/wp-content\/uploads\/2021\/10\/plastic-pellets-many-colours-1-1024x684.jpg\" alt=\"\" class=\"wp-image-2762 size-full\" \/><\/figure><\/div>\n\n\n\n<div style=\"height:100px\" aria-hidden=\"true\" class=\"wp-block-spacer\"><\/div>\n\n\n\n<div class=\"wp-block-media-text alignwide is-stacked-on-mobile is-image-fill\" id=\"rounded-md\"><figure class=\"wp-block-media-text__media\" style=\"background-image:url(https:\/\/plasticseurope.org\/wp-content\/uploads\/2021\/10\/plastics-fibre-683x1024.jpg);background-position:50% 50%\"><img decoding=\"async\" src=\"https:\/\/plasticseurope.org\/wp-content\/uploads\/2021\/10\/plastics-fibre-683x1024.jpg\" alt=\"\" class=\"wp-image-2764 size-full\" \/><\/figure><div class=\"wp-block-media-text__content\">\n<h2 class=\"wp-block-heading\">Micropl\u00e1sticos<\/h2>\n\n\n\n<p class=\"has-large-font-size\">La industria del pl\u00e1stico es plenamente consciente del problema de los micropl\u00e1sticos. Estos peque\u00f1os trozos de pl\u00e1stico, que o bien han sido a\u00f1adidos intencionadamente o se han producido por la degradaci\u00f3n de productos pl\u00e1sticos, terminan en el medioambiente. Colaboramos con partners clave de sectores como la cosm\u00e9tica, el textil, las lavadoras o los neum\u00e1ticos para encontrar la mejor manera de mitigar el impacto de los micropl\u00e1sticos.<\/p>\n\n\n\n<div class=\"wp-block-buttons is-layout-flex wp-block-buttons-is-layout-flex\">\n<div class=\"wp-block-button\"><a class=\"wp-block-button__link wp-element-button\" href=\"https:\/\/plasticseurope.org\/sustainability\/plastics-health\/microplastics\/\">Find out more about microplastics<\/a><\/div>\n<\/div>\n<\/div><\/div>\n\n\n\n<div style=\"height:48px\" aria-hidden=\"true\" class=\"wp-block-spacer\"><\/div>\n","protected":false},"excerpt":{"rendered":"<p>La salud y la seguridad son lo primero. La Uni\u00f3n Europea establece las regulaciones m\u00e1s restrictivas para salvaguardar la salud de los consumidores. Antes de que un producto de pl\u00e1stico llegue al consumidor, nuestra industria garantiza que cumple todas las regulaciones basadas en el conocimiento cient\u00edfico relativas a las sustancias y productos qu\u00edmicos. Los expertos [&hellip;]<\/p>\n","protected":false},"author":1,"featured_media":559,"parent":56,"menu_order":0,"comment_status":"closed","ping_status":"closed","template":"","meta":{"footnotes":""},"class_list":["post-722","page","type-page","status-publish","has-post-thumbnail","hentry"],"acf":[],"yoast_head":"<!-- This site is optimized with the Yoast SEO plugin v21.6 - https:\/\/yoast.com\/wordpress\/plugins\/seo\/ -->\n<title>Pl\u00e1sticos y salud - Plastics Europe ES<\/title>\n<meta name=\"robots\" content=\"index, follow, max-snippet:-1, max-image-preview:large, max-video-preview:-1\" \/>\n<link rel=\"canonical\" href=\"https:\/\/plasticseurope.org\/es\/sostenibilidad\/plasticos-y-salud\/\" \/>\n<meta property=\"og:locale\" content=\"es_ES\" \/>\n<meta property=\"og:type\" content=\"article\" \/>\n<meta property=\"og:title\" content=\"Pl\u00e1sticos y salud - Plastics Europe ES\" \/>\n<meta property=\"og:description\" content=\"La salud y la seguridad son lo primero. La Uni\u00f3n Europea establece las regulaciones m\u00e1s restrictivas para salvaguardar la salud de los consumidores. Antes de que un producto de pl\u00e1stico llegue al consumidor, nuestra industria garantiza que cumple todas las regulaciones basadas en el conocimiento cient\u00edfico relativas a las sustancias y productos qu\u00edmicos. Los expertos [&hellip;]\" \/>\n<meta property=\"og:url\" content=\"https:\/\/plasticseurope.org\/es\/sostenibilidad\/plasticos-y-salud\/\" \/>\n<meta property=\"og:site_name\" content=\"Plastics Europe ES\" \/>\n<meta property=\"article:modified_time\" content=\"2023-01-10T15:40:39+00:00\" \/>\n<meta property=\"og:image\" content=\"https:\/\/plasticseurope.org\/es\/wp-content\/uploads\/sites\/4\/2022\/02\/plastic-health-innovation-scaled.jpg\" \/>\n\t<meta property=\"og:image:width\" content=\"2560\" \/>\n\t<meta property=\"og:image:height\" content=\"1707\" \/>\n\t<meta property=\"og:image:type\" content=\"image\/jpeg\" \/>\n<meta name=\"twitter:card\" content=\"summary_large_image\" \/>\n<meta name=\"twitter:label1\" content=\"Tiempo de lectura\" \/>\n\t<meta name=\"twitter:data1\" content=\"4 minutos\" \/>\n<script type=\"application\/ld+json\" class=\"yoast-schema-graph\">{\"@context\":\"https:\/\/schema.org\",\"@graph\":[{\"@type\":\"WebPage\",\"@id\":\"https:\/\/plasticseurope.org\/es\/sostenibilidad\/plasticos-y-salud\/\",\"url\":\"https:\/\/plasticseurope.org\/es\/sostenibilidad\/plasticos-y-salud\/\",\"name\":\"Pl\u00e1sticos y salud - Plastics Europe ES\",\"isPartOf\":{\"@id\":\"https:\/\/plasticseurope.org\/es\/#website\"},\"datePublished\":\"2022-03-02T11:23:40+00:00\",\"dateModified\":\"2023-01-10T15:40:39+00:00\",\"breadcrumb\":{\"@id\":\"https:\/\/plasticseurope.org\/es\/sostenibilidad\/plasticos-y-salud\/#breadcrumb\"},\"inLanguage\":\"es\",\"potentialAction\":[{\"@type\":\"ReadAction\",\"target\":[\"https:\/\/plasticseurope.org\/es\/sostenibilidad\/plasticos-y-salud\/\"]}]},{\"@type\":\"BreadcrumbList\",\"@id\":\"https:\/\/plasticseurope.org\/es\/sostenibilidad\/plasticos-y-salud\/#breadcrumb\",\"itemListElement\":[{\"@type\":\"ListItem\",\"position\":1,\"name\":\"Home\",\"item\":\"https:\/\/plasticseurope.org\/es\/\"},{\"@type\":\"ListItem\",\"position\":2,\"name\":\"Sostenibilidad\",\"item\":\"https:\/\/plasticseurope.org\/es\/sostenibilidad\/\"},{\"@type\":\"ListItem\",\"position\":3,\"name\":\"Pl\u00e1sticos y salud\"}]},{\"@type\":\"WebSite\",\"@id\":\"https:\/\/plasticseurope.org\/es\/#website\",\"url\":\"https:\/\/plasticseurope.org\/es\/\",\"name\":\"Plastics Europe ES\",\"description\":\"Enabling a sustainable future\",\"potentialAction\":[{\"@type\":\"SearchAction\",\"target\":{\"@type\":\"EntryPoint\",\"urlTemplate\":\"https:\/\/plasticseurope.org\/es\/?s={search_term_string}\"},\"query-input\":\"required name=search_term_string\"}],\"inLanguage\":\"es\"}]}<\/script>\n<!-- \/ Yoast SEO plugin. -->","yoast_head_json":{"title":"Pl\u00e1sticos y salud - Plastics Europe ES","robots":{"index":"index","follow":"follow","max-snippet":"max-snippet:-1","max-image-preview":"max-image-preview:large","max-video-preview":"max-video-preview:-1"},"canonical":"https:\/\/plasticseurope.org\/es\/sostenibilidad\/plasticos-y-salud\/","og_locale":"es_ES","og_type":"article","og_title":"Pl\u00e1sticos y salud - Plastics Europe ES","og_description":"La salud y la seguridad son lo primero. La Uni\u00f3n Europea establece las regulaciones m\u00e1s restrictivas para salvaguardar la salud de los consumidores. Antes de que un producto de pl\u00e1stico llegue al consumidor, nuestra industria garantiza que cumple todas las regulaciones basadas en el conocimiento cient\u00edfico relativas a las sustancias y productos qu\u00edmicos. Los expertos [&hellip;]","og_url":"https:\/\/plasticseurope.org\/es\/sostenibilidad\/plasticos-y-salud\/","og_site_name":"Plastics Europe ES","article_modified_time":"2023-01-10T15:40:39+00:00","og_image":[{"width":2560,"height":1707,"url":"https:\/\/plasticseurope.org\/es\/wp-content\/uploads\/sites\/4\/2022\/02\/plastic-health-innovation-scaled.jpg","type":"image\/jpeg"}],"twitter_card":"summary_large_image","twitter_misc":{"Tiempo de lectura":"4 minutos"},"schema":{"@context":"https:\/\/schema.org","@graph":[{"@type":"WebPage","@id":"https:\/\/plasticseurope.org\/es\/sostenibilidad\/plasticos-y-salud\/","url":"https:\/\/plasticseurope.org\/es\/sostenibilidad\/plasticos-y-salud\/","name":"Pl\u00e1sticos y salud - Plastics Europe ES","isPartOf":{"@id":"https:\/\/plasticseurope.org\/es\/#website"},"datePublished":"2022-03-02T11:23:40+00:00","dateModified":"2023-01-10T15:40:39+00:00","breadcrumb":{"@id":"https:\/\/plasticseurope.org\/es\/sostenibilidad\/plasticos-y-salud\/#breadcrumb"},"inLanguage":"es","potentialAction":[{"@type":"ReadAction","target":["https:\/\/plasticseurope.org\/es\/sostenibilidad\/plasticos-y-salud\/"]}]},{"@type":"BreadcrumbList","@id":"https:\/\/plasticseurope.org\/es\/sostenibilidad\/plasticos-y-salud\/#breadcrumb","itemListElement":[{"@type":"ListItem","position":1,"name":"Home","item":"https:\/\/plasticseurope.org\/es\/"},{"@type":"ListItem","position":2,"name":"Sostenibilidad","item":"https:\/\/plasticseurope.org\/es\/sostenibilidad\/"},{"@type":"ListItem","position":3,"name":"Pl\u00e1sticos y salud"}]},{"@type":"WebSite","@id":"https:\/\/plasticseurope.org\/es\/#website","url":"https:\/\/plasticseurope.org\/es\/","name":"Plastics Europe ES","description":"Enabling a sustainable future","potentialAction":[{"@type":"SearchAction","target":{"@type":"EntryPoint","urlTemplate":"https:\/\/plasticseurope.org\/es\/?s={search_term_string}"},"query-input":"required name=search_term_string"}],"inLanguage":"es"}]}},"_links":{"self":[{"href":"https:\/\/plasticseurope.org\/es\/wp-json\/wp\/v2\/pages\/722","targetHints":{"allow":["GET"]}}],"collection":[{"href":"https:\/\/plasticseurope.org\/es\/wp-json\/wp\/v2\/pages"}],"about":[{"href":"https:\/\/plasticseurope.org\/es\/wp-json\/wp\/v2\/types\/page"}],"author":[{"embeddable":true,"href":"https:\/\/plasticseurope.org\/es\/wp-json\/wp\/v2\/users\/1"}],"replies":[{"embeddable":true,"href":"https:\/\/plasticseurope.org\/es\/wp-json\/wp\/v2\/comments?post=722"}],"version-history":[{"count":0,"href":"https:\/\/plasticseurope.org\/es\/wp-json\/wp\/v2\/pages\/722\/revisions"}],"up":[{"embeddable":true,"href":"https:\/\/plasticseurope.org\/es\/wp-json\/wp\/v2\/pages\/56"}],"wp:featuredmedia":[{"embeddable":true,"href":"https:\/\/plasticseurope.org\/es\/wp-json\/wp\/v2\/media\/559"}],"wp:attachment":[{"href":"https:\/\/plasticseurope.org\/es\/wp-json\/wp\/v2\/media?parent=722"}],"curies":[{"name":"wp","href":"https:\/\/api.w.org\/{rel}","templated":true}]}}