{"id":714,"date":"2022-03-02T11:17:32","date_gmt":"2022-03-02T11:17:32","guid":{"rendered":"https:\/\/plasticseurope.wpenginepowered.com\/es\/?page_id=714"},"modified":"2023-01-10T15:38:30","modified_gmt":"2023-01-10T15:38:30","slug":"uso-sostenible","status":"publish","type":"page","link":"https:\/\/plasticseurope.org\/es\/sostenibilidad\/uso-sostenible\/","title":{"rendered":"Uso sostenible"},"content":{"rendered":"\n<h2 class=\"wp-block-heading\" id=\"plastics-in-everyday-life\">Los pl\u00e1sticos en la vida diaria<\/h2>\n\n\n\n<p class=\"has-large-font-size\">Los pl\u00e1sticos est\u00e1n en el coraz\u00f3n de una creciente serie de innovaciones que mejoran la sostenibilidad, la seguridad, la vida \u00fatil y las prestaciones de infinidad de productos cotidianos. Desde que los compramos hasta el final de su vida \u00fatil, los pl\u00e1sticos proporcionan beneficios reales a la sociedad y al medioambiente mediante el uso sostenible.<\/p>\n\n\n\n<div style=\"height:16px\" aria-hidden=\"true\" class=\"wp-block-spacer\"><\/div>\n\n\n\n<p>Estos son algunos ejemplos en los que los pl\u00e1sticos nos ayudan a mejorar nuestras vidas.<\/p>\n\n\n\n<div style=\"height:48px\" aria-hidden=\"true\" class=\"wp-block-spacer\"><\/div>\n\n\n\n<div class=\"wp-block-media-text is-stacked-on-mobile is-image-fill\"><figure class=\"wp-block-media-text__media\" style=\"background-image:url(https:\/\/plasticseurope.org\/wp-content\/uploads\/2021\/10\/plastics-building-and-construction-insulation-1024x683.jpg);background-position:50% 50%\"><img decoding=\"async\" src=\"https:\/\/plasticseurope.org\/wp-content\/uploads\/2021\/10\/plastics-building-and-construction-insulation-1024x683.jpg\" alt=\"\" class=\"wp-image-2712 size-full\" \/><\/figure><div class=\"wp-block-media-text__content\">\n<div class=\"wp-block-group is-layout-flow wp-block-group-is-layout-flow\">\n<h3 class=\"wp-block-heading\" id=\"building-and-construction\">Construcci\u00f3n y edificaci\u00f3n&nbsp;<\/h3>\n\n\n\n<p>La construcci\u00f3n es responsable de cerca del 40&nbsp;% del consumo de energ\u00eda y emisiones de gases de efecto invernadero en la UE; los pl\u00e1sticos pueden ayudar a reducir estas cifras. En general los productos pl\u00e1sticos destinados a la construcci\u00f3n consumen menos energ\u00eda y recursos durante su producci\u00f3n y transformaci\u00f3n en productos acabados, que otros materiales (Denkstatt 2010).<\/p>\n\n\n\n<p class=\"has-sky-color has-text-color has-large-font-size\"><strong>\u00bfSab\u00edas que&#8230;? <\/strong>A lo largo de su vida \u00fatil, los productos pl\u00e1sticos para aislamiento ahorran m\u00e1s de 200 veces la energ\u00eda invertida en su fabricaci\u00f3n.<\/p>\n\n\n\n<p>La industria de los pl\u00e1sticos est\u00e1 mejorando la sostenibilidad del sector gracias a la innovaci\u00f3n. Algunos ejemplos son los sistemas de aislamiento, marcos de ventanas y sistemas de tuber\u00edas de alto rendimiento y gran durabilidad. Gracias a ellos aumenta la sostenibilidad y la eficiencia energ\u00e9tica de los edificios a la vez que se fomenta el uso de materiales reciclados y reutilizados. El uso de materiales pl\u00e1sticos en la rehabilitaci\u00f3n de edificios, o en la construcci\u00f3n de nuevos edificios energ\u00e9ticamente eficientes, es esencial para cumplir los objetivos de la UE en este \u00e1mbito.<\/p>\n\n\n\n<p>Para saber m\u00e1s sobre la contribuci\u00f3n de los pl\u00e1sticos a la <a href=\"https:\/\/plasticseurope.org\/sustainability\/sustainable-use\/sustainable-building-construction\/\" target=\"_blank\" rel=\"noreferrer noopener\">construcci\u00f3n sostenible<\/a><\/p>\n<\/div>\n<\/div><\/div>\n\n\n\n<div style=\"height:100px\" aria-hidden=\"true\" class=\"wp-block-spacer\"><\/div>\n\n\n\n<div class=\"wp-block-media-text has-media-on-the-right is-stacked-on-mobile is-image-fill\"><div class=\"wp-block-media-text__content\">\n<div class=\"wp-block-group is-layout-flow wp-block-group-is-layout-flow\">\n<h3 class=\"wp-block-heading\" id=\"improving-your-vehicle-s-fuel-economy-and-reducing-its-greenhouse-gas-emissions\">Aumentan el ahorro de combustible y reducen la emisi\u00f3n de gases de efecto invernadero de tu veh\u00edculo<\/h3>\n\n\n\n<p>La eficiencia energ\u00e9tica de los veh\u00edculos modernos no ser\u00eda posible sin los pl\u00e1sticos, como tampoco lo ser\u00eda una movilidad sostenible en el futuro. La industria de los pl\u00e1sticos ya est\u00e1 contribuyendo a la creaci\u00f3n de una econom\u00eda circular para los transportes mediante el dise\u00f1o y la producci\u00f3n de una amplia gama de aplicaciones.<\/p>\n\n\n\n<p class=\"has-jade-color has-text-color has-large-font-size\"><strong>\u00bfSab\u00edas que&#8230;?<\/strong> Los componentes pl\u00e1sticos pesan un 50&nbsp;% menos que los componentes equivalentes fabricados con otros materiales. Esto supone un ahorro de combustible de entre el 25 y el 35%.<\/p>\n\n\n\n<p>La industria impulsa los avances hacia el uso sostenible y la neutralidad clim\u00e1tica al ayudar a reducir las emisiones de gases de efecto invernadero generadas por el transporte, a trav\u00e9s de la fabricaci\u00f3n de veh\u00edculos m\u00e1s ligeros y m\u00e1s eficientes en cuanto a consumo de combustible. Los pl\u00e1sticos tambi\u00e9n facilitan la transici\u00f3n entre los veh\u00edculos impulsados por combustibles f\u00f3siles y aquellos que funcionan con energ\u00edas renovables, como los el\u00e9ctricos o los de hidr\u00f3geno.<\/p>\n\n\n\n<p class=\"has-satsuma-color has-text-color has-large-font-size\"><strong>\u00bfSab\u00edas que&#8230;?<\/strong> Tu coche emitir\u00e1 20kg menos de di\u00f3xido de carbono (CO<sub>2<\/sub>) a lo largo de su vida \u00fatil por cada kilogramo menos de peso.&nbsp;<\/p>\n\n\n\n<p>Los pl\u00e1sticos hacen los veh\u00edculos m\u00e1s seguros y confortables. Algunos autom\u00f3viles utilizan materiales reciclados en su interior, por ejemplo, en los tejidos de los asientos o las alfombras. Los parachoques, las puertas, los cinturones de seguridad, los airbags, los salpicaderos e incluso los ejes de transmisi\u00f3n de los veh\u00edculos actuales se fabrican con innovadores materiales pl\u00e1sticos y composites. Estos materiales contribuyen en gran medida a la seguridad de los veh\u00edculos y ayudan a salvar miles de vidas cada a\u00f1o.<\/p>\n\n\n\n<p>Para saber m\u00e1s sobre la contribuci\u00f3n de los pl\u00e1sticos a la eficiencia de <a href=\"https:\/\/plasticseurope.org\/sustainability\/sustainable-use\/sustainable-mobility-transport\/\" target=\"_blank\" rel=\"noreferrer noopener\">los veh\u00edculos<\/a>.<\/p>\n<\/div>\n<\/div><figure class=\"wp-block-media-text__media\" style=\"background-image:url(https:\/\/plasticseurope.org\/wp-content\/uploads\/2021\/10\/plastics-transportation-1024x684.jpg);background-position:23% 30%\"><img decoding=\"async\" src=\"https:\/\/plasticseurope.org\/wp-content\/uploads\/2021\/10\/plastics-transportation-1024x684.jpg\" alt=\"\" class=\"wp-image-2716 size-full\" \/><\/figure><\/div>\n\n\n\n<div style=\"height:100px\" aria-hidden=\"true\" class=\"wp-block-spacer\"><\/div>\n\n\n\n<div class=\"wp-block-media-text is-stacked-on-mobile is-image-fill\"><figure class=\"wp-block-media-text__media\" style=\"background-image:url(https:\/\/plasticseurope.org\/wp-content\/uploads\/2021\/10\/plastics-health-prosthetic-arm-1-1024x683.jpg);background-position:39% 43%\"><img decoding=\"async\" src=\"https:\/\/plasticseurope.org\/wp-content\/uploads\/2021\/10\/plastics-health-prosthetic-arm-1-1024x683.jpg\" alt=\"\" class=\"wp-image-2730 size-full\" \/><\/figure><div class=\"wp-block-media-text__content\">\n<div class=\"wp-block-group is-layout-flow wp-block-group-is-layout-flow\">\n<h3 class=\"wp-block-heading\" id=\"supporting-healthcare-innovations\">Apoyando la innovaci\u00f3n en el cuidado de la salud<\/h3>\n\n\n\n<p>La sanidad moderna ser\u00eda imposible sin los numerosos productos sanitarios de pl\u00e1stico que ahora nos parecen obvios. Los pl\u00e1sticos est\u00e1n en todas partes: equipos de protecci\u00f3n individual, jeringas est\u00e9riles, bolsas de sangre, tubos intravasculares, v\u00e1lvulas card\u00edacas, \u00abpiel artificial\u00bb para el tratamiento de emergencia de quemaduras, dispositivos ortop\u00e9dicos y hasta c\u00e1psulas de pl\u00e1stico para la liberaci\u00f3n controlada de f\u00e1rmacos.<\/p>\n\n\n\n<p class=\"has-sky-color has-text-color has-large-font-size\">Gracias a las innovaciones con pl\u00e1sticos han sido posibles nuevos avances m\u00e9dicos como la impresi\u00f3n en 3D de piel, hueso y cart\u00edlago, o el desarrollo de nuevos materiales capaces de auto curarse. Los pl\u00e1sticos tambi\u00e9n facilitan que los pacientes sean m\u00e1s aut\u00f3nomos y activos en el tratamiento de su salud y bienestar gracias a dispositivos tecnol\u00f3gicos con los que monitorizan su estado de salud y gestionan su propia medicaci\u00f3n.<\/p>\n\n\n\n<p>Para saber m\u00e1s sobre la contribuci\u00f3n de los pl\u00e1sticos al cuidado de l<a href=\"https:\/\/plasticseurope.org\/sustainability\/plastics-health\/\" target=\"_blank\" rel=\"noreferrer noopener\">a salud y el bienestar<\/a>.<\/p>\n<\/div>\n<\/div><\/div>\n\n\n\n<div style=\"height:100px\" aria-hidden=\"true\" class=\"wp-block-spacer\"><\/div>\n\n\n\n<div class=\"wp-block-media-text has-media-on-the-right is-stacked-on-mobile is-image-fill\"><div class=\"wp-block-media-text__content\">\n<div class=\"wp-block-group is-layout-flow wp-block-group-is-layout-flow\">\n<h3 class=\"wp-block-heading\" id=\"plastic-packaging-for-food-preservation-hygiene-and-safety\">Envases de pl\u00e1stico para la conservaci\u00f3n, higiene y seguridad de los alimentos<\/h3>\n\n\n\n<p>Un \u00e1mbito clave en el que la contribuci\u00f3n de los pl\u00e1sticos est\u00e1 siendo crucial es el de los envases alimentarios. Los envases de pl\u00e1stico, en particular, son fundamentales para reducir el volumen de desperdicio alimentario, ya que mejoran su conservaci\u00f3n y protecci\u00f3n durante el transporte y el almacenamiento.<\/p>\n\n\n\n<p class=\"has-jade-color has-text-color has-large-font-size\"><strong>\u00bfSab\u00edas que&#8230;? <\/strong>Seg\u00fan la Organizaci\u00f3n de las Naciones Unidas para la Alimentaci\u00f3n y la Agricultura (FAO), se pierde aproximadamente un tercio de los alimentos destinados al consumo humano cada a\u00f1o.<\/p>\n\n\n\n<p>Los envases de pl\u00e1stico tambi\u00e9n protegen los alimentos frente a la contaminaci\u00f3n, y, en el caso de los cierres herm\u00e9ticos, proporcionan una protecci\u00f3n y seguridad adicionales para el consumidor. Tambi\u00e9n es posible mantener la integridad de los productos est\u00e9riles destinados a aplicaciones m\u00e9dicas y sanitarias gracias al uso de envases seguros.<\/p>\n\n\n\n<p>Los materiales pl\u00e1sticos para envases ligeros reducen el volumen de emisiones de CO<sub>2<\/sub> generado por el transporte de alimentos y otros productos. Al mismo tiempo, la durabilidad y versatilidad de los envases de pl\u00e1stico garantizan que lleguen a su destino en perfectas condiciones, reduciendo posibles da\u00f1os o desperdicios.<\/p>\n\n\n\n<p>Para saber m\u00e1s sobre la contribuci\u00f3n de los envases pl\u00e1sticos a <a href=\"https:\/\/plasticseurope.org\/sustainability\/plastics-health\/safety-of-plastics\/food-contact\/\" target=\"_blank\" rel=\"noreferrer noopener\">la salud y la higiene<\/a>.<\/p>\n<\/div>\n<\/div><figure class=\"wp-block-media-text__media\" style=\"background-image:url(https:\/\/plasticseurope.org\/wp-content\/uploads\/2021\/10\/plastics-reusable-food-containers-1-1024x683.jpg);background-position:25% 48%\"><img decoding=\"async\" src=\"https:\/\/plasticseurope.org\/wp-content\/uploads\/2021\/10\/plastics-reusable-food-containers-1-1024x683.jpg\" alt=\"\" class=\"wp-image-2734 size-full\" \/><\/figure><\/div>\n\n\n\n<div style=\"height:100px\" aria-hidden=\"true\" class=\"wp-block-spacer\"><\/div>\n\n\n\n<div class=\"wp-block-media-text is-stacked-on-mobile is-image-fill\"><figure class=\"wp-block-media-text__media\" style=\"background-image:url(https:\/\/plasticseurope.org\/wp-content\/uploads\/2021\/10\/plastics-agriculture-sustainable-1-1024x693.jpg);background-position:50% 50%\"><img decoding=\"async\" src=\"https:\/\/plasticseurope.org\/wp-content\/uploads\/2021\/10\/plastics-agriculture-sustainable-1-1024x693.jpg\" alt=\"\" class=\"wp-image-2738 size-full\" \/><\/figure><div class=\"wp-block-media-text__content\">\n<div class=\"wp-block-group is-layout-flow wp-block-group-is-layout-flow\">\n<h3 class=\"wp-block-heading\" id=\"all-year-round-agriculture\">Cultivos durante todo el a\u00f1o<\/h3>\n\n\n\n<p>La creciente utilizaci\u00f3n de los pl\u00e1sticos en la agricultura ha ayudado a los agricultores a aumentar la producci\u00f3n de sus cosechas, a la vez que a reducir el coste de los alimentos mejorando su calidad y reduciendo la huella medioambiental de sus actividades.<\/p>\n\n\n\n<p class=\"has-satsuma-color has-text-color has-large-font-size\">Los pl\u00e1sticos se utilizan para proteger las cosechas frente a las inclemencias del tiempo, las plagas y las enfermedades; tambi\u00e9n para almacenar agua y minimizar las p\u00e9rdidas por fugas. Los invernaderos y tunelillos permiten cultivar frutas y verduras en cualquier estaci\u00f3n del a\u00f1o al crear las condiciones climatol\u00f3gicas \u00f3ptimas para el crecimiento, y reduciendo la necesidad de pesticidas.<\/p>\n\n\n\n<p>Para saber m\u00e1s sobre la contribuci\u00f3n de los pl\u00e1sticos a <a href=\"https:\/\/plasticseurope.org\/sustainability\/sustainable-use\/sustainable-agriculture\/\" target=\"_blank\" rel=\"noreferrer noopener\">la agricultura<\/a>.<\/p>\n<\/div>\n<\/div><\/div>\n\n\n\n<div style=\"height:100px\" aria-hidden=\"true\" class=\"wp-block-spacer\"><\/div>\n\n\n\n<div class=\"wp-block-media-text has-media-on-the-right is-stacked-on-mobile is-image-fill\"><div class=\"wp-block-media-text__content\">\n<div class=\"wp-block-group is-layout-flow wp-block-group-is-layout-flow\">\n<h3 class=\"wp-block-heading\" id=\"efficient-electronics\">Electr\u00f3nica eficiente<\/h3>\n\n\n\n<p>Las tecnolog\u00edas inform\u00e1ticas, internet y las comunicaciones m\u00f3viles son \u00e1reas de crecimiento exponencial que han sido posibles gracias a una nueva generaci\u00f3n de pl\u00e1sticos. Los pl\u00e1sticos han ayudado a abrir un nuevo mundo de conectividad, informaci\u00f3n y entretenimiento para un porcentaje de la poblaci\u00f3n mundial mucho m\u00e1s amplio del que nunca hubi\u00e9ramos imaginado.<\/p>\n\n\n\n<p class=\"has-sky-color has-text-color has-large-font-size\">Los pl\u00e1sticos permiten a los fabricantes reducir el tama\u00f1o y el peso de los dispositivos electr\u00f3nicos aumentando al mismo tiempo su eficiencia energ\u00e9tica. El hecho de poder hacer m\u00e1s con menos se ha traducido en tel\u00e9fonos inteligentes m\u00e1s compactos, ordenadores port\u00e1tiles m\u00e1s ligeros y pantallas de televisi\u00f3n m\u00e1s planas.<\/p>\n\n\n\n<p>Para saber m\u00e1s sobre la contribuci\u00f3n de los pl\u00e1sticos a <a href=\"https:\/\/plasticseurope.org\/electronics\/\" target=\"_blank\" rel=\"noreferrer noopener\">la electr\u00f3nica<\/a> que rodea nuestra vida cotidiana.<\/p>\n<\/div>\n<\/div><figure class=\"wp-block-media-text__media\" style=\"background-image:url(https:\/\/plasticseurope.org\/wp-content\/uploads\/2021\/10\/plastics-technology-1024x576.jpg);background-position:50% 50%\"><img decoding=\"async\" src=\"https:\/\/plasticseurope.org\/wp-content\/uploads\/2021\/10\/plastics-technology-1024x576.jpg\" alt=\"\" class=\"wp-image-2744 size-full\" \/><\/figure><\/div>\n","protected":false},"excerpt":{"rendered":"<p>Los pl\u00e1sticos en la vida diaria Los pl\u00e1sticos est\u00e1n en el coraz\u00f3n de una creciente serie de innovaciones que mejoran la sostenibilidad, la seguridad, la vida \u00fatil y las prestaciones de infinidad de productos cotidianos. Desde que los compramos hasta el final de su vida \u00fatil, los pl\u00e1sticos proporcionan beneficios reales a la sociedad y [&hellip;]<\/p>\n","protected":false},"author":1,"featured_media":554,"parent":56,"menu_order":0,"comment_status":"closed","ping_status":"closed","template":"","meta":{"footnotes":""},"class_list":["post-714","page","type-page","status-publish","has-post-thumbnail","hentry"],"acf":[],"yoast_head":"<!-- This site is optimized with the Yoast SEO plugin v21.6 - https:\/\/yoast.com\/wordpress\/plugins\/seo\/ -->\n<title>Uso sostenible - Plastics Europe ES<\/title>\n<meta name=\"robots\" content=\"index, follow, max-snippet:-1, max-image-preview:large, max-video-preview:-1\" \/>\n<link rel=\"canonical\" href=\"https:\/\/plasticseurope.org\/es\/sostenibilidad\/uso-sostenible\/\" \/>\n<meta property=\"og:locale\" content=\"es_ES\" \/>\n<meta property=\"og:type\" content=\"article\" \/>\n<meta property=\"og:title\" content=\"Uso sostenible - Plastics Europe ES\" \/>\n<meta property=\"og:description\" content=\"Los pl\u00e1sticos en la vida diaria Los pl\u00e1sticos est\u00e1n en el coraz\u00f3n de una creciente serie de innovaciones que mejoran la sostenibilidad, la seguridad, la vida \u00fatil y las prestaciones de infinidad de productos cotidianos. Desde que los compramos hasta el final de su vida \u00fatil, los pl\u00e1sticos proporcionan beneficios reales a la sociedad y [&hellip;]\" \/>\n<meta property=\"og:url\" content=\"https:\/\/plasticseurope.org\/es\/sostenibilidad\/uso-sostenible\/\" \/>\n<meta property=\"og:site_name\" content=\"Plastics Europe ES\" \/>\n<meta property=\"article:modified_time\" content=\"2023-01-10T15:38:30+00:00\" \/>\n<meta property=\"og:image\" content=\"https:\/\/plasticseurope.org\/es\/wp-content\/uploads\/sites\/4\/2022\/02\/plastic-fun-toys-happiness-scaled.jpg\" \/>\n\t<meta property=\"og:image:width\" content=\"2560\" \/>\n\t<meta property=\"og:image:height\" content=\"1707\" \/>\n\t<meta property=\"og:image:type\" content=\"image\/jpeg\" \/>\n<meta name=\"twitter:card\" content=\"summary_large_image\" \/>\n<meta name=\"twitter:label1\" content=\"Tiempo de lectura\" \/>\n\t<meta name=\"twitter:data1\" content=\"7 minutos\" \/>\n<script type=\"application\/ld+json\" class=\"yoast-schema-graph\">{\"@context\":\"https:\/\/schema.org\",\"@graph\":[{\"@type\":\"WebPage\",\"@id\":\"https:\/\/plasticseurope.org\/es\/sostenibilidad\/uso-sostenible\/\",\"url\":\"https:\/\/plasticseurope.org\/es\/sostenibilidad\/uso-sostenible\/\",\"name\":\"Uso sostenible - Plastics Europe ES\",\"isPartOf\":{\"@id\":\"https:\/\/plasticseurope.org\/es\/#website\"},\"datePublished\":\"2022-03-02T11:17:32+00:00\",\"dateModified\":\"2023-01-10T15:38:30+00:00\",\"breadcrumb\":{\"@id\":\"https:\/\/plasticseurope.org\/es\/sostenibilidad\/uso-sostenible\/#breadcrumb\"},\"inLanguage\":\"es\",\"potentialAction\":[{\"@type\":\"ReadAction\",\"target\":[\"https:\/\/plasticseurope.org\/es\/sostenibilidad\/uso-sostenible\/\"]}]},{\"@type\":\"BreadcrumbList\",\"@id\":\"https:\/\/plasticseurope.org\/es\/sostenibilidad\/uso-sostenible\/#breadcrumb\",\"itemListElement\":[{\"@type\":\"ListItem\",\"position\":1,\"name\":\"Home\",\"item\":\"https:\/\/plasticseurope.org\/es\/\"},{\"@type\":\"ListItem\",\"position\":2,\"name\":\"Sostenibilidad\",\"item\":\"https:\/\/plasticseurope.org\/es\/sostenibilidad\/\"},{\"@type\":\"ListItem\",\"position\":3,\"name\":\"Uso sostenible\"}]},{\"@type\":\"WebSite\",\"@id\":\"https:\/\/plasticseurope.org\/es\/#website\",\"url\":\"https:\/\/plasticseurope.org\/es\/\",\"name\":\"Plastics Europe ES\",\"description\":\"Enabling a sustainable future\",\"potentialAction\":[{\"@type\":\"SearchAction\",\"target\":{\"@type\":\"EntryPoint\",\"urlTemplate\":\"https:\/\/plasticseurope.org\/es\/?s={search_term_string}\"},\"query-input\":\"required name=search_term_string\"}],\"inLanguage\":\"es\"}]}<\/script>\n<!-- \/ Yoast SEO plugin. -->","yoast_head_json":{"title":"Uso sostenible - Plastics Europe ES","robots":{"index":"index","follow":"follow","max-snippet":"max-snippet:-1","max-image-preview":"max-image-preview:large","max-video-preview":"max-video-preview:-1"},"canonical":"https:\/\/plasticseurope.org\/es\/sostenibilidad\/uso-sostenible\/","og_locale":"es_ES","og_type":"article","og_title":"Uso sostenible - Plastics Europe ES","og_description":"Los pl\u00e1sticos en la vida diaria Los pl\u00e1sticos est\u00e1n en el coraz\u00f3n de una creciente serie de innovaciones que mejoran la sostenibilidad, la seguridad, la vida \u00fatil y las prestaciones de infinidad de productos cotidianos. Desde que los compramos hasta el final de su vida \u00fatil, los pl\u00e1sticos proporcionan beneficios reales a la sociedad y [&hellip;]","og_url":"https:\/\/plasticseurope.org\/es\/sostenibilidad\/uso-sostenible\/","og_site_name":"Plastics Europe ES","article_modified_time":"2023-01-10T15:38:30+00:00","og_image":[{"width":2560,"height":1707,"url":"https:\/\/plasticseurope.org\/es\/wp-content\/uploads\/sites\/4\/2022\/02\/plastic-fun-toys-happiness-scaled.jpg","type":"image\/jpeg"}],"twitter_card":"summary_large_image","twitter_misc":{"Tiempo de lectura":"7 minutos"},"schema":{"@context":"https:\/\/schema.org","@graph":[{"@type":"WebPage","@id":"https:\/\/plasticseurope.org\/es\/sostenibilidad\/uso-sostenible\/","url":"https:\/\/plasticseurope.org\/es\/sostenibilidad\/uso-sostenible\/","name":"Uso sostenible - Plastics Europe ES","isPartOf":{"@id":"https:\/\/plasticseurope.org\/es\/#website"},"datePublished":"2022-03-02T11:17:32+00:00","dateModified":"2023-01-10T15:38:30+00:00","breadcrumb":{"@id":"https:\/\/plasticseurope.org\/es\/sostenibilidad\/uso-sostenible\/#breadcrumb"},"inLanguage":"es","potentialAction":[{"@type":"ReadAction","target":["https:\/\/plasticseurope.org\/es\/sostenibilidad\/uso-sostenible\/"]}]},{"@type":"BreadcrumbList","@id":"https:\/\/plasticseurope.org\/es\/sostenibilidad\/uso-sostenible\/#breadcrumb","itemListElement":[{"@type":"ListItem","position":1,"name":"Home","item":"https:\/\/plasticseurope.org\/es\/"},{"@type":"ListItem","position":2,"name":"Sostenibilidad","item":"https:\/\/plasticseurope.org\/es\/sostenibilidad\/"},{"@type":"ListItem","position":3,"name":"Uso sostenible"}]},{"@type":"WebSite","@id":"https:\/\/plasticseurope.org\/es\/#website","url":"https:\/\/plasticseurope.org\/es\/","name":"Plastics Europe ES","description":"Enabling a sustainable future","potentialAction":[{"@type":"SearchAction","target":{"@type":"EntryPoint","urlTemplate":"https:\/\/plasticseurope.org\/es\/?s={search_term_string}"},"query-input":"required name=search_term_string"}],"inLanguage":"es"}]}},"_links":{"self":[{"href":"https:\/\/plasticseurope.org\/es\/wp-json\/wp\/v2\/pages\/714","targetHints":{"allow":["GET"]}}],"collection":[{"href":"https:\/\/plasticseurope.org\/es\/wp-json\/wp\/v2\/pages"}],"about":[{"href":"https:\/\/plasticseurope.org\/es\/wp-json\/wp\/v2\/types\/page"}],"author":[{"embeddable":true,"href":"https:\/\/plasticseurope.org\/es\/wp-json\/wp\/v2\/users\/1"}],"replies":[{"embeddable":true,"href":"https:\/\/plasticseurope.org\/es\/wp-json\/wp\/v2\/comments?post=714"}],"version-history":[{"count":0,"href":"https:\/\/plasticseurope.org\/es\/wp-json\/wp\/v2\/pages\/714\/revisions"}],"up":[{"embeddable":true,"href":"https:\/\/plasticseurope.org\/es\/wp-json\/wp\/v2\/pages\/56"}],"wp:featuredmedia":[{"embeddable":true,"href":"https:\/\/plasticseurope.org\/es\/wp-json\/wp\/v2\/media\/554"}],"wp:attachment":[{"href":"https:\/\/plasticseurope.org\/es\/wp-json\/wp\/v2\/media?parent=714"}],"curies":[{"name":"wp","href":"https:\/\/api.w.org\/{rel}","templated":true}]}}