{"id":704,"date":"2022-03-02T11:05:46","date_gmt":"2022-03-02T11:05:46","guid":{"rendered":"https:\/\/plasticseurope.wpenginepowered.com\/es\/?page_id=704"},"modified":"2023-01-10T15:33:44","modified_gmt":"2023-01-10T15:33:44","slug":"clima","status":"publish","type":"page","link":"https:\/\/plasticseurope.org\/es\/sostenibilidad\/clima\/","title":{"rendered":"Clima"},"content":{"rendered":"\n<p class=\"has-large-font-size\">En la actualidad, la protecci\u00f3n del clima es uno de los mayores retos medioambientales a los que se enfrenta nuestra sociedad. La gravedad de la crisis clim\u00e1tica requiere una acci\u00f3n urgente a corto plazo si queremos mitigar con \u00e9xito el impacto del cambio clim\u00e1tico a trav\u00e9s de la creaci\u00f3n de una econom\u00eda baja en carbono. La industria de los pl\u00e1sticos apoya totalmente la ambici\u00f3n de la UE de alcanzar la neutralidad clim\u00e1tica de aqu\u00ed a 2050 y contribuye a la consecuci\u00f3n de los objetivos clim\u00e1ticos globales del Acuerdo de Par\u00eds.<\/p>\n\n\n\n<div style=\"height:100px\" aria-hidden=\"true\" class=\"wp-block-spacer\"><\/div>\n\n\n\n<div class=\"wp-block-columns is-layout-flex wp-container-core-columns-is-layout-28f84493 wp-block-columns-is-layout-flex\">\n<div class=\"wp-block-column is-layout-flow wp-block-column-is-layout-flow\">\n<p>Por ello, estamos mejorando el impacto clim\u00e1tico en todos los \u00e1mbitos de nuestras operaciones, dise\u00f1ando procesos de producci\u00f3n m\u00e1s eficientes en t\u00e9rminos de energ\u00eda y recursos, utilizando m\u00e1s energ\u00edas renovables y m\u00e1s materias primas alternativas procedentes de residuos y recursos renovables, y apoyando soluciones de captura de CO<sub>2<\/sub>. Estamos impulsando grandes avances en lo que se refiere al reciclaje y a la creaci\u00f3n de una econom\u00eda circular, dos aspectos cruciales para la reducci\u00f3n de las emisiones de gases de efecto invernadero. Numerosas empresas de nuestro sector est\u00e1n probando nuevos procesos encaminados a la producci\u00f3n de pl\u00e1sticos fabricados a partir de CO\u2082.<\/p>\n\n\n\n<p>La industria del pl\u00e1stico ya est\u00e1 contribuyendo de manera muy significativa a la consecuci\u00f3n de los objetivos clim\u00e1ticos europeos. El uso de los pl\u00e1sticos est\u00e1 permitiendo reducir las emisiones de CO\u2082 de un gran n\u00famero de aplicaciones, est\u00e1 ayudando a disminuir el consumo de energ\u00eda en el sector de la construcci\u00f3n y edificaci\u00f3n y tambi\u00e9n est\u00e1 minimizando el desperdicio de alimentos gracias a los envases. Los pl\u00e1sticos tambi\u00e9n est\u00e1n haciendo posible la transici\u00f3n de los combustibles f\u00f3siles a las energ\u00edas renovables mediante su uso para fabricar aerogeneradores, paneles solares y veh\u00edculos el\u00e9ctricos.<\/p>\n<\/div>\n\n\n\n<div class=\"wp-block-column is-layout-flow wp-block-column-is-layout-flow\">\n<p class=\"has-sky-color has-text-color has-large-font-size\">Los pl\u00e1sticos son esenciales para nuestro futuro. Nuestro compromiso como sector es centrarnos decididamente en la colaboraci\u00f3n estrecha con los dem\u00e1s agentes de la cadena de valor y garantizar que los pl\u00e1sticos sigan proporcionando valiosos beneficios para la sociedad sin causar un impacto negativo en el medioambiente.<\/p>\n<\/div>\n<\/div>\n\n\n\n<div id=\"explore-block_617957d0078ca\" class=\"explore-further\">\n  <div class=\"flex flex-col bg-mist-900 rounded-md mt-8 md:mt-28 md:w-1\/2 md:mr-auto\">\n    <div class=\"flex-1 relative p-6 md:px-10 md:py-8\">\n      <div class=\"absolute top-0 left-0 p-5 inline-block transform -translate-x-1\/2 -translate-y-1\/2\">\n      <\/div>\n      \n\n<h3 class=\"wp-block-heading\" id=\"further-reading\">Lecturas complementarias<\/h3>\n\n\n\n<p><a href=\"https:\/\/plasticseurope.org\/wp-content\/uploads\/2021\/10\/View_paper_EU_climate_neutrality_final.pdf\" target=\"_blank\" rel=\"noreferrer noopener\">Plastics Europe\u2019s views on EU Climate Neutrality<\/a><\/p>\n\n\n\n<p><a href=\"https:\/\/ec.europa.eu\/info\/strategy\/priorities-2019-2024\/european-green-deal_en\" target=\"_blank\" rel=\"noreferrer noopener\">Un pacto verde<\/a><\/p>\n\n\n\n<p><a href=\"https:\/\/ec.europa.eu\/clima\/eu-action\/international-action-climate-change\/climate-negotiations\/paris-agreement_en\" target=\"_blank\" rel=\"noreferrer noopener\">Acuerdo de Par\u00eds<\/a><\/p>\n\n\n    <\/div>\n  <\/div>\n<\/div>\n","protected":false},"excerpt":{"rendered":"<p>En la actualidad, la protecci\u00f3n del clima es uno de los mayores retos medioambientales a los que se enfrenta nuestra sociedad. La gravedad de la crisis clim\u00e1tica requiere una acci\u00f3n urgente a corto plazo si queremos mitigar con \u00e9xito el impacto del cambio clim\u00e1tico a trav\u00e9s de la creaci\u00f3n de una econom\u00eda baja en carbono. [&hellip;]<\/p>\n","protected":false},"author":1,"featured_media":592,"parent":56,"menu_order":0,"comment_status":"closed","ping_status":"closed","template":"","meta":{"footnotes":""},"class_list":["post-704","page","type-page","status-publish","has-post-thumbnail","hentry"],"acf":[],"yoast_head":"<!-- This site is optimized with the Yoast SEO plugin v21.6 - https:\/\/yoast.com\/wordpress\/plugins\/seo\/ -->\n<title>Clima - Plastics Europe ES<\/title>\n<meta name=\"robots\" content=\"index, follow, max-snippet:-1, max-image-preview:large, max-video-preview:-1\" \/>\n<link rel=\"canonical\" href=\"https:\/\/plasticseurope.org\/es\/sostenibilidad\/clima\/\" \/>\n<meta property=\"og:locale\" content=\"es_ES\" \/>\n<meta property=\"og:type\" content=\"article\" \/>\n<meta property=\"og:title\" content=\"Clima - Plastics Europe ES\" \/>\n<meta property=\"og:description\" content=\"En la actualidad, la protecci\u00f3n del clima es uno de los mayores retos medioambientales a los que se enfrenta nuestra sociedad. La gravedad de la crisis clim\u00e1tica requiere una acci\u00f3n urgente a corto plazo si queremos mitigar con \u00e9xito el impacto del cambio clim\u00e1tico a trav\u00e9s de la creaci\u00f3n de una econom\u00eda baja en carbono. [&hellip;]\" \/>\n<meta property=\"og:url\" content=\"https:\/\/plasticseurope.org\/es\/sostenibilidad\/clima\/\" \/>\n<meta property=\"og:site_name\" content=\"Plastics Europe ES\" \/>\n<meta property=\"article:modified_time\" content=\"2023-01-10T15:33:44+00:00\" \/>\n<meta property=\"og:image\" content=\"https:\/\/plasticseurope.org\/es\/wp-content\/uploads\/sites\/4\/2022\/02\/plastic-sustainable-electric-vehicle-scaled.jpg\" \/>\n\t<meta property=\"og:image:width\" content=\"2560\" \/>\n\t<meta property=\"og:image:height\" content=\"1707\" \/>\n\t<meta property=\"og:image:type\" content=\"image\/jpeg\" \/>\n<meta name=\"twitter:card\" content=\"summary_large_image\" \/>\n<meta name=\"twitter:label1\" content=\"Tiempo de lectura\" \/>\n\t<meta name=\"twitter:data1\" content=\"2 minutos\" \/>\n<script type=\"application\/ld+json\" class=\"yoast-schema-graph\">{\"@context\":\"https:\/\/schema.org\",\"@graph\":[{\"@type\":\"WebPage\",\"@id\":\"https:\/\/plasticseurope.org\/es\/sostenibilidad\/clima\/\",\"url\":\"https:\/\/plasticseurope.org\/es\/sostenibilidad\/clima\/\",\"name\":\"Clima - Plastics Europe ES\",\"isPartOf\":{\"@id\":\"https:\/\/plasticseurope.org\/es\/#website\"},\"datePublished\":\"2022-03-02T11:05:46+00:00\",\"dateModified\":\"2023-01-10T15:33:44+00:00\",\"breadcrumb\":{\"@id\":\"https:\/\/plasticseurope.org\/es\/sostenibilidad\/clima\/#breadcrumb\"},\"inLanguage\":\"es\",\"potentialAction\":[{\"@type\":\"ReadAction\",\"target\":[\"https:\/\/plasticseurope.org\/es\/sostenibilidad\/clima\/\"]}]},{\"@type\":\"BreadcrumbList\",\"@id\":\"https:\/\/plasticseurope.org\/es\/sostenibilidad\/clima\/#breadcrumb\",\"itemListElement\":[{\"@type\":\"ListItem\",\"position\":1,\"name\":\"Home\",\"item\":\"https:\/\/plasticseurope.org\/es\/\"},{\"@type\":\"ListItem\",\"position\":2,\"name\":\"Sostenibilidad\",\"item\":\"https:\/\/plasticseurope.org\/es\/sostenibilidad\/\"},{\"@type\":\"ListItem\",\"position\":3,\"name\":\"Clima\"}]},{\"@type\":\"WebSite\",\"@id\":\"https:\/\/plasticseurope.org\/es\/#website\",\"url\":\"https:\/\/plasticseurope.org\/es\/\",\"name\":\"Plastics Europe ES\",\"description\":\"Enabling a sustainable future\",\"potentialAction\":[{\"@type\":\"SearchAction\",\"target\":{\"@type\":\"EntryPoint\",\"urlTemplate\":\"https:\/\/plasticseurope.org\/es\/?s={search_term_string}\"},\"query-input\":\"required name=search_term_string\"}],\"inLanguage\":\"es\"}]}<\/script>\n<!-- \/ Yoast SEO plugin. -->","yoast_head_json":{"title":"Clima - Plastics Europe ES","robots":{"index":"index","follow":"follow","max-snippet":"max-snippet:-1","max-image-preview":"max-image-preview:large","max-video-preview":"max-video-preview:-1"},"canonical":"https:\/\/plasticseurope.org\/es\/sostenibilidad\/clima\/","og_locale":"es_ES","og_type":"article","og_title":"Clima - Plastics Europe ES","og_description":"En la actualidad, la protecci\u00f3n del clima es uno de los mayores retos medioambientales a los que se enfrenta nuestra sociedad. La gravedad de la crisis clim\u00e1tica requiere una acci\u00f3n urgente a corto plazo si queremos mitigar con \u00e9xito el impacto del cambio clim\u00e1tico a trav\u00e9s de la creaci\u00f3n de una econom\u00eda baja en carbono. [&hellip;]","og_url":"https:\/\/plasticseurope.org\/es\/sostenibilidad\/clima\/","og_site_name":"Plastics Europe ES","article_modified_time":"2023-01-10T15:33:44+00:00","og_image":[{"width":2560,"height":1707,"url":"https:\/\/plasticseurope.org\/es\/wp-content\/uploads\/sites\/4\/2022\/02\/plastic-sustainable-electric-vehicle-scaled.jpg","type":"image\/jpeg"}],"twitter_card":"summary_large_image","twitter_misc":{"Tiempo de lectura":"2 minutos"},"schema":{"@context":"https:\/\/schema.org","@graph":[{"@type":"WebPage","@id":"https:\/\/plasticseurope.org\/es\/sostenibilidad\/clima\/","url":"https:\/\/plasticseurope.org\/es\/sostenibilidad\/clima\/","name":"Clima - Plastics Europe ES","isPartOf":{"@id":"https:\/\/plasticseurope.org\/es\/#website"},"datePublished":"2022-03-02T11:05:46+00:00","dateModified":"2023-01-10T15:33:44+00:00","breadcrumb":{"@id":"https:\/\/plasticseurope.org\/es\/sostenibilidad\/clima\/#breadcrumb"},"inLanguage":"es","potentialAction":[{"@type":"ReadAction","target":["https:\/\/plasticseurope.org\/es\/sostenibilidad\/clima\/"]}]},{"@type":"BreadcrumbList","@id":"https:\/\/plasticseurope.org\/es\/sostenibilidad\/clima\/#breadcrumb","itemListElement":[{"@type":"ListItem","position":1,"name":"Home","item":"https:\/\/plasticseurope.org\/es\/"},{"@type":"ListItem","position":2,"name":"Sostenibilidad","item":"https:\/\/plasticseurope.org\/es\/sostenibilidad\/"},{"@type":"ListItem","position":3,"name":"Clima"}]},{"@type":"WebSite","@id":"https:\/\/plasticseurope.org\/es\/#website","url":"https:\/\/plasticseurope.org\/es\/","name":"Plastics Europe ES","description":"Enabling a sustainable future","potentialAction":[{"@type":"SearchAction","target":{"@type":"EntryPoint","urlTemplate":"https:\/\/plasticseurope.org\/es\/?s={search_term_string}"},"query-input":"required name=search_term_string"}],"inLanguage":"es"}]}},"_links":{"self":[{"href":"https:\/\/plasticseurope.org\/es\/wp-json\/wp\/v2\/pages\/704","targetHints":{"allow":["GET"]}}],"collection":[{"href":"https:\/\/plasticseurope.org\/es\/wp-json\/wp\/v2\/pages"}],"about":[{"href":"https:\/\/plasticseurope.org\/es\/wp-json\/wp\/v2\/types\/page"}],"author":[{"embeddable":true,"href":"https:\/\/plasticseurope.org\/es\/wp-json\/wp\/v2\/users\/1"}],"replies":[{"embeddable":true,"href":"https:\/\/plasticseurope.org\/es\/wp-json\/wp\/v2\/comments?post=704"}],"version-history":[{"count":0,"href":"https:\/\/plasticseurope.org\/es\/wp-json\/wp\/v2\/pages\/704\/revisions"}],"up":[{"embeddable":true,"href":"https:\/\/plasticseurope.org\/es\/wp-json\/wp\/v2\/pages\/56"}],"wp:featuredmedia":[{"embeddable":true,"href":"https:\/\/plasticseurope.org\/es\/wp-json\/wp\/v2\/media\/592"}],"wp:attachment":[{"href":"https:\/\/plasticseurope.org\/es\/wp-json\/wp\/v2\/media?parent=704"}],"curies":[{"name":"wp","href":"https:\/\/api.w.org\/{rel}","templated":true}]}}