{"id":699,"date":"2022-02-22T10:25:39","date_gmt":"2022-02-22T10:25:39","guid":{"rendered":"https:\/\/plasticseurope.wpenginepowered.com\/es\/?page_id=699"},"modified":"2023-01-10T15:31:40","modified_gmt":"2023-01-10T15:31:40","slug":"circularidad","status":"publish","type":"page","link":"https:\/\/plasticseurope.org\/es\/sostenibilidad\/circularidad\/","title":{"rendered":"Circularidad"},"content":{"rendered":"\n<p class=\"has-large-font-size\">La econom\u00eda circular consiste en reconocer y capturar el valor de los pl\u00e1sticos como recurso con el menor impacto clim\u00e1tico y medioambiental. Durante los \u00faltimos a\u00f1os, entre otras acciones, Plastics Europe ha acelerado la transici\u00f3n hacia una econom\u00eda circular.<\/p>\n\n\n\n<div style=\"height:48px\" aria-hidden=\"true\" class=\"wp-block-spacer\"><\/div>\n\n\n\n<h2 class=\"wp-block-heading\" id=\"el-cambio-haciauna-economia-circular-delos-plasticos\">El cambio hacia una econom\u00eda circular de los pl\u00e1sticos<\/h2>\n\n\n\n<p>La transici\u00f3n hacia una econom\u00eda circular es crucial. Para lograrlo, debemos aprovechar el poder de la innovaci\u00f3n y la tecnolog\u00eda con el objetivo de aumentar significativamente la reutilizaci\u00f3n y el reciclaje, por ejemplo, mediante la creaci\u00f3n de m\u00e1s productos reciclables y m\u00e1s t\u00e9cnicas innovadoras de reciclaje. El cambio requiere adem\u00e1s un marco pol\u00edtico y regulador que ayude a promover el reciclaje qu\u00edmico y la armonizaci\u00f3n de los procesos de recogida y reciclaje mec\u00e1nico, a la vez que estimule la inversi\u00f3n y el crecimiento de los mercados para las materias primas secundarias<\/p>\n\n\n\n<p>Si bien la econom\u00eda circular es un concepto altamente eficaz para evitar que los pl\u00e1sticos acaben en los vertederos, incinerados o contaminando nuestros oc\u00e9anos sin que debamos renunciar a ninguno de sus beneficios, es necesario que se adopten otras medidas complementarias. Entre ellas, evitar cualquier p\u00e9rdida de pellets en nuestros procesos; garantizar la correcta eliminaci\u00f3n de los residuos pl\u00e1sticos post-consumo fomentando su recogida y separaci\u00f3n, as\u00ed como aumentar la concienciaci\u00f3n dentro de nuestro sector y tambi\u00e9n en la sociedad en general.<\/p>\n\n\n\n<p>Sin embargo, la econom\u00eda circular de los pl\u00e1sticos no trata solo de los residuos. Si bien trabajar para evitar que los residuos acaben en el medio ambiente y aumentar el uso de materiales secundarios es una parte importante de la soluci\u00f3n, la adopci\u00f3n generalizada de materias primas renovables completa el cuadro.<\/p>\n\n\n\n<div style=\"height:48px\" aria-hidden=\"true\" class=\"wp-block-spacer\"><\/div>\n\n\n\n<div style=\"height:48px\" aria-hidden=\"true\" class=\"wp-block-spacer\"><\/div>\n\n\n\n<figure id=\"embed-block_6166f168c781d\" class=\"pe-video-embed\">\n  <div class=\"embed-container\">\n    <iframe loading=\"lazy\" title=\"Plastics \u2013 too valuable to throw away (www.plasticseurope.org)\" width=\"640\" height=\"360\" src=\"https:\/\/www.youtube.com\/embed\/72lFyzpoIHU?feature=oembed\" frameborder=\"0\" allow=\"accelerometer; autoplay; clipboard-write; encrypted-media; gyroscope; picture-in-picture; web-share\" referrerpolicy=\"strict-origin-when-cross-origin\" allowfullscreen><\/iframe>    <div class=\"image-wrapper absolute inset-0 transition-opacity duration-200 bg-satsuma-900\">\n      <img loading=\"lazy\" decoding=\"async\" width=\"1200\" height=\"410\" src=\"https:\/\/plasticseurope.org\/es\/wp-content\/uploads\/sites\/4\/2022\/02\/MRC-header2.png\" class=\"overlay-image relative h-full w-full object-cover\" alt=\"\" srcset=\"https:\/\/plasticseurope.org\/es\/wp-content\/uploads\/sites\/4\/2022\/02\/MRC-header2.png 1200w, https:\/\/plasticseurope.org\/es\/wp-content\/uploads\/sites\/4\/2022\/02\/MRC-header2-300x103.png 300w, https:\/\/plasticseurope.org\/es\/wp-content\/uploads\/sites\/4\/2022\/02\/MRC-header2-1024x350.png 1024w, https:\/\/plasticseurope.org\/es\/wp-content\/uploads\/sites\/4\/2022\/02\/MRC-header2-768x262.png 768w\" sizes=\"auto, (max-width: 1200px) 100vw, 1200px\" \/>      <div class=\"absolute inset-0 bg-gray-600 mix-blend-multiply\"><\/div>\n      <div class=\"absolute inset-0 flex items-center justify-center\">\n        <div class=\"relative max-w-2xl mx-auto px-4 py-8 sm:px-6 sm:py-24 lg:py-32 lg:px-8\">\n          <h2 class=\"text-lg lg:text-xl xl:text-2xl text-satsuma-900 text-center\">Los pl\u00e1sticos: demasiado valiosos para desperdiciarlos<\/h2>\n                    <p class=\"hidden md:block mt-2 lg:mt-6 text-center text-white md:text-lg\">\n                      <\/p>\n          <div class=\"md:mt-6 max-w-sm mx-auto md:max-w-none flex justify-center\">\n            <button class=\"play-video flex items-center justify-center\">\n              <svg class=\"h-6 w-6 md:h-12 md:w-12 text-white\" xmlns=\"http:\/\/www.w3.org\/2000\/svg\" xmlns:xlink=\"http:\/\/www.w3.org\/1999\/xlink\" width=\"36\" height=\"36\" viewBox=\"0 0 36 36\">\n                <defs>\n                  <clipPath id=\"clip-path\">\n                    <path id=\"Path_11\" data-name=\"Path 11\" d=\"M1.636-14.455A.773.773,0,0,1,2.1-14.3l.021.017,8.437,6.135,0,0,.012.009a.773.773,0,0,1,.343.641.773.773,0,0,1-.347.644L2.1-.7a.773.773,0,0,1-.459.151.773.773,0,0,1-.773-.773V-13.682A.773.773,0,0,1,1.636-14.455Z\" fill=\"currentColor\" clip-rule=\"evenodd\"\/>\n                  <\/clipPath>\n                  <clipPath id=\"clip-path-2\">\n                    <path id=\"Path_10\" data-name=\"Path 10\" d=\"M-255,674H1185V-346H-255Z\" fill=\"currentColor\"\/>\n                  <\/clipPath>\n                <\/defs>\n                <g fill=\"none\" stroke=\"currentColor\" stroke-linecap=\"round\" stroke-miterlimit=\"10\" stroke-width=\"2\">\n                  <rect width=\"36\" height=\"36\" rx=\"18\" stroke=\"none\"\/>\n                  <rect x=\"1\" y=\"1\" width=\"34\" height=\"34\" rx=\"17\" fill=\"none\"\/>\n                <\/g>\n                <g data-name=\"Group \" transform=\"translate(12.637 25.455)\">\n                  <g clip-path=\"url(#clip-path)\">\n                    <g clip-path=\"url(#clip-path-2)\">\n                      <path d=\"M-4.136,4.455H15.909V-19.455H-4.136Z\" fill=\"currentColor\"\/>\n                    <\/g>\n                  <\/g>\n                <\/g>\n              <\/svg>\n            <\/button>\n          <\/div>\n        <\/div>\n      <\/div>\n    <\/div>\n  <\/div>\n<\/figure>\n\n\n\n<div style=\"height:48px\" aria-hidden=\"true\" class=\"wp-block-spacer\"><\/div>\n","protected":false},"excerpt":{"rendered":"<p>La econom\u00eda circular consiste en reconocer y capturar el valor de los pl\u00e1sticos como recurso con el menor impacto clim\u00e1tico y medioambiental. Durante los \u00faltimos a\u00f1os, entre otras acciones, Plastics Europe ha acelerado la transici\u00f3n hacia una econom\u00eda circular. El cambio hacia una econom\u00eda circular de los pl\u00e1sticos La transici\u00f3n hacia una econom\u00eda circular es [&hellip;]<\/p>\n","protected":false},"author":1,"featured_media":537,"parent":56,"menu_order":0,"comment_status":"closed","ping_status":"closed","template":"","meta":{"footnotes":""},"class_list":["post-699","page","type-page","status-publish","has-post-thumbnail","hentry"],"acf":[],"yoast_head":"<!-- This site is optimized with the Yoast SEO plugin v21.6 - https:\/\/yoast.com\/wordpress\/plugins\/seo\/ -->\n<title>Circularidad - Plastics Europe ES<\/title>\n<meta name=\"robots\" content=\"index, follow, max-snippet:-1, max-image-preview:large, max-video-preview:-1\" \/>\n<link rel=\"canonical\" href=\"https:\/\/plasticseurope.org\/es\/sostenibilidad\/circularidad\/\" \/>\n<meta property=\"og:locale\" content=\"es_ES\" \/>\n<meta property=\"og:type\" content=\"article\" \/>\n<meta property=\"og:title\" content=\"Circularidad - Plastics Europe ES\" \/>\n<meta property=\"og:description\" content=\"La econom\u00eda circular consiste en reconocer y capturar el valor de los pl\u00e1sticos como recurso con el menor impacto clim\u00e1tico y medioambiental. Durante los \u00faltimos a\u00f1os, entre otras acciones, Plastics Europe ha acelerado la transici\u00f3n hacia una econom\u00eda circular. El cambio hacia una econom\u00eda circular de los pl\u00e1sticos La transici\u00f3n hacia una econom\u00eda circular es [&hellip;]\" \/>\n<meta property=\"og:url\" content=\"https:\/\/plasticseurope.org\/es\/sostenibilidad\/circularidad\/\" \/>\n<meta property=\"og:site_name\" content=\"Plastics Europe ES\" \/>\n<meta property=\"article:modified_time\" content=\"2023-01-10T15:31:40+00:00\" \/>\n<meta property=\"og:image\" content=\"https:\/\/plasticseurope.org\/es\/wp-content\/uploads\/sites\/4\/2022\/02\/bioplastic-sustainable-coffee-cup-scaled.jpg\" \/>\n\t<meta property=\"og:image:width\" content=\"2560\" \/>\n\t<meta property=\"og:image:height\" content=\"1707\" \/>\n\t<meta property=\"og:image:type\" content=\"image\/jpeg\" \/>\n<meta name=\"twitter:card\" content=\"summary_large_image\" \/>\n<meta name=\"twitter:label1\" content=\"Tiempo de lectura\" \/>\n\t<meta name=\"twitter:data1\" content=\"2 minutos\" \/>\n<script type=\"application\/ld+json\" class=\"yoast-schema-graph\">{\"@context\":\"https:\/\/schema.org\",\"@graph\":[{\"@type\":\"WebPage\",\"@id\":\"https:\/\/plasticseurope.org\/es\/sostenibilidad\/circularidad\/\",\"url\":\"https:\/\/plasticseurope.org\/es\/sostenibilidad\/circularidad\/\",\"name\":\"Circularidad - Plastics Europe ES\",\"isPartOf\":{\"@id\":\"https:\/\/plasticseurope.org\/es\/#website\"},\"datePublished\":\"2022-02-22T10:25:39+00:00\",\"dateModified\":\"2023-01-10T15:31:40+00:00\",\"breadcrumb\":{\"@id\":\"https:\/\/plasticseurope.org\/es\/sostenibilidad\/circularidad\/#breadcrumb\"},\"inLanguage\":\"es\",\"potentialAction\":[{\"@type\":\"ReadAction\",\"target\":[\"https:\/\/plasticseurope.org\/es\/sostenibilidad\/circularidad\/\"]}]},{\"@type\":\"BreadcrumbList\",\"@id\":\"https:\/\/plasticseurope.org\/es\/sostenibilidad\/circularidad\/#breadcrumb\",\"itemListElement\":[{\"@type\":\"ListItem\",\"position\":1,\"name\":\"Home\",\"item\":\"https:\/\/plasticseurope.org\/es\/\"},{\"@type\":\"ListItem\",\"position\":2,\"name\":\"Sostenibilidad\",\"item\":\"https:\/\/plasticseurope.org\/es\/sostenibilidad\/\"},{\"@type\":\"ListItem\",\"position\":3,\"name\":\"Circularidad\"}]},{\"@type\":\"WebSite\",\"@id\":\"https:\/\/plasticseurope.org\/es\/#website\",\"url\":\"https:\/\/plasticseurope.org\/es\/\",\"name\":\"Plastics Europe ES\",\"description\":\"Enabling a sustainable future\",\"potentialAction\":[{\"@type\":\"SearchAction\",\"target\":{\"@type\":\"EntryPoint\",\"urlTemplate\":\"https:\/\/plasticseurope.org\/es\/?s={search_term_string}\"},\"query-input\":\"required name=search_term_string\"}],\"inLanguage\":\"es\"}]}<\/script>\n<!-- \/ Yoast SEO plugin. -->","yoast_head_json":{"title":"Circularidad - Plastics Europe ES","robots":{"index":"index","follow":"follow","max-snippet":"max-snippet:-1","max-image-preview":"max-image-preview:large","max-video-preview":"max-video-preview:-1"},"canonical":"https:\/\/plasticseurope.org\/es\/sostenibilidad\/circularidad\/","og_locale":"es_ES","og_type":"article","og_title":"Circularidad - Plastics Europe ES","og_description":"La econom\u00eda circular consiste en reconocer y capturar el valor de los pl\u00e1sticos como recurso con el menor impacto clim\u00e1tico y medioambiental. Durante los \u00faltimos a\u00f1os, entre otras acciones, Plastics Europe ha acelerado la transici\u00f3n hacia una econom\u00eda circular. El cambio hacia una econom\u00eda circular de los pl\u00e1sticos La transici\u00f3n hacia una econom\u00eda circular es [&hellip;]","og_url":"https:\/\/plasticseurope.org\/es\/sostenibilidad\/circularidad\/","og_site_name":"Plastics Europe ES","article_modified_time":"2023-01-10T15:31:40+00:00","og_image":[{"width":2560,"height":1707,"url":"https:\/\/plasticseurope.org\/es\/wp-content\/uploads\/sites\/4\/2022\/02\/bioplastic-sustainable-coffee-cup-scaled.jpg","type":"image\/jpeg"}],"twitter_card":"summary_large_image","twitter_misc":{"Tiempo de lectura":"2 minutos"},"schema":{"@context":"https:\/\/schema.org","@graph":[{"@type":"WebPage","@id":"https:\/\/plasticseurope.org\/es\/sostenibilidad\/circularidad\/","url":"https:\/\/plasticseurope.org\/es\/sostenibilidad\/circularidad\/","name":"Circularidad - Plastics Europe ES","isPartOf":{"@id":"https:\/\/plasticseurope.org\/es\/#website"},"datePublished":"2022-02-22T10:25:39+00:00","dateModified":"2023-01-10T15:31:40+00:00","breadcrumb":{"@id":"https:\/\/plasticseurope.org\/es\/sostenibilidad\/circularidad\/#breadcrumb"},"inLanguage":"es","potentialAction":[{"@type":"ReadAction","target":["https:\/\/plasticseurope.org\/es\/sostenibilidad\/circularidad\/"]}]},{"@type":"BreadcrumbList","@id":"https:\/\/plasticseurope.org\/es\/sostenibilidad\/circularidad\/#breadcrumb","itemListElement":[{"@type":"ListItem","position":1,"name":"Home","item":"https:\/\/plasticseurope.org\/es\/"},{"@type":"ListItem","position":2,"name":"Sostenibilidad","item":"https:\/\/plasticseurope.org\/es\/sostenibilidad\/"},{"@type":"ListItem","position":3,"name":"Circularidad"}]},{"@type":"WebSite","@id":"https:\/\/plasticseurope.org\/es\/#website","url":"https:\/\/plasticseurope.org\/es\/","name":"Plastics Europe ES","description":"Enabling a sustainable future","potentialAction":[{"@type":"SearchAction","target":{"@type":"EntryPoint","urlTemplate":"https:\/\/plasticseurope.org\/es\/?s={search_term_string}"},"query-input":"required name=search_term_string"}],"inLanguage":"es"}]}},"_links":{"self":[{"href":"https:\/\/plasticseurope.org\/es\/wp-json\/wp\/v2\/pages\/699","targetHints":{"allow":["GET"]}}],"collection":[{"href":"https:\/\/plasticseurope.org\/es\/wp-json\/wp\/v2\/pages"}],"about":[{"href":"https:\/\/plasticseurope.org\/es\/wp-json\/wp\/v2\/types\/page"}],"author":[{"embeddable":true,"href":"https:\/\/plasticseurope.org\/es\/wp-json\/wp\/v2\/users\/1"}],"replies":[{"embeddable":true,"href":"https:\/\/plasticseurope.org\/es\/wp-json\/wp\/v2\/comments?post=699"}],"version-history":[{"count":0,"href":"https:\/\/plasticseurope.org\/es\/wp-json\/wp\/v2\/pages\/699\/revisions"}],"up":[{"embeddable":true,"href":"https:\/\/plasticseurope.org\/es\/wp-json\/wp\/v2\/pages\/56"}],"wp:featuredmedia":[{"embeddable":true,"href":"https:\/\/plasticseurope.org\/es\/wp-json\/wp\/v2\/media\/537"}],"wp:attachment":[{"href":"https:\/\/plasticseurope.org\/es\/wp-json\/wp\/v2\/media?parent=699"}],"curies":[{"name":"wp","href":"https:\/\/api.w.org\/{rel}","templated":true}]}}