{"id":56,"date":"2021-10-23T08:24:08","date_gmt":"2021-10-23T08:24:08","guid":{"rendered":"https:\/\/plasticseurope.wpenginepowered.com\/es\/sostenibilidad\/"},"modified":"2023-01-10T15:28:07","modified_gmt":"2023-01-10T15:28:07","slug":"sostenibilidad","status":"publish","type":"page","link":"https:\/\/plasticseurope.org\/es\/sostenibilidad\/","title":{"rendered":"Sostenibilidad"},"content":{"rendered":"\n<p class=\"has-large-font-size\">Debemos evitar centrarnos en soluciones f\u00e1ciles que resuelvan un problema hoy a la vez que crean uno para el d\u00eda de ma\u00f1ana. Es importante tener una visi\u00f3n a largo plazo, as\u00ed como tambi\u00e9n actuar con urgencia y colectivamente hacia objetivos compartidos.<\/p>\n\n\n\n<div style=\"height:16px\" aria-hidden=\"true\" class=\"wp-block-spacer\"><\/div>\n\n\n\n<p>Los pl\u00e1sticos son materiales fundamentales para la innovaci\u00f3n y nos ayudan a reducir las emisiones de gases de efecto invernadero, as\u00ed como a afrontar el cambio clim\u00e1tico. Por eso es inaceptable el abandono de sus residuos en el medioambiente. Los pl\u00e1sticos deben ser sostenibles.<\/p>\n\n\n\n<p>Por este motivo, estamos acelerando nuestra contribuci\u00f3n a la producci\u00f3n sostenible y el uso seguro de los pl\u00e1sticos, a la vez que garantizamos su contribuci\u00f3n a una sociedad m\u00e1s saludable, una econom\u00eda en crecimiento y una reducci\u00f3n de las emisiones. Esto implica aumentar nuestros esfuerzos para reducir los residuos pl\u00e1sticos, promover su reutilizaci\u00f3n, su recogida y reciclaje, y acelerar la transici\u00f3n hacia una econom\u00eda circular.<\/p>\n\n\n\n<p>Implica tambi\u00e9n mejorar el impacto clim\u00e1tico en todos los \u00e1mbitos de nuestras operaciones, utilizando m\u00e1s energ\u00edas renovables y m\u00e1s materias primas alternativas procedentes de residuos y de recursos renovables, y promoviendo soluciones para la captura de CO2.<\/p>\n\n\n\n<p>Tenemos el firme compromiso de implementar un cambio positivo y duradero.<\/p>\n\n\n\n<p>Si bien nuestra industria es fundamental, no podemos emprender esta transici\u00f3n en solitario. Por este motivo, es fundamental que colaboremos estrechamente con los fabricantes, grandes marcas, consumidores, recicladores y legisladores y reguladores en pro de unos objetivos comunes.<\/p>\n\n\n\n<p><\/p>\n\n\n\n<p class=\"has-normal-font-size\"><\/p>\n\n\n\n<p><\/p>\n\n\n\n<div style=\"height:48px\" aria-hidden=\"true\" class=\"wp-block-spacer\"><\/div>\n\n\n\n<h2 class=\"wp-block-heading\">Creadores de circularidad para un futuro sostenible<\/h2>\n\n\n\n<p class=\"has-large-font-size\">La econom\u00eda circular de los pl\u00e1sticos consiste en reconocer y aprovechar el valor de los pl\u00e1sticos como recurso para minimizar su impacto clim\u00e1tico. Esta es una de las claves para combatir el problema de los residuos pl\u00e1sticos.<\/p>\n\n\n\n<div style=\"height:16px\" aria-hidden=\"true\" class=\"wp-block-spacer\"><\/div>\n\n\n\n<p>Acelerar la transici\u00f3n hacia una econom\u00eda circular es de vital importancia. Para ello, debemos aprovechar el poder de la innovaci\u00f3n y la tecnolog\u00eda con el fin de aumentar significativamente la reutilizaci\u00f3n y el reciclaje, por ejemplo, mediante la creaci\u00f3n de productos m\u00e1s reciclables y procesos de reciclaje m\u00e1s innovadores.<\/p>\n\n\n\n<p>Tambi\u00e9n requiere el desarrollo de pol\u00edticas y regulaciones que promuevan unos procesos de recogida y reciclaje mec\u00e1nico armonizados y a la vez impulsen inversiones orientadas al desarrollo de tecnolog\u00edas clave como el reciclaje qu\u00edmico.<\/p>\n\n\n\n<p>Para saber m\u00e1s sobre c\u00f3mo desde Plastics Europe aceleramos la transici\u00f3n hacia una <a href=\"https:\/\/plasticseurope.org\/sustainability\/circularity\/\" target=\"_blank\" rel=\"noreferrer noopener\">econom\u00eda circular<\/a>. [Ingl\u00e9s]<\/p>\n\n\n\n<div style=\"height:48px\" aria-hidden=\"true\" class=\"wp-block-spacer\"><\/div>\n\n\n\n<h2 class=\"wp-block-heading\">Hacer posible la neutralidad clim\u00e1tica<\/h2>\n\n\n\n<p class=\"has-large-font-size\">La gravedad de la crisis clim\u00e1tica requiere una acci\u00f3n urgente si queremos mitigar el impacto del cambio clim\u00e1tico a trav\u00e9s de la creaci\u00f3n de una econom\u00eda baja en carbono.<\/p>\n\n\n\n<div style=\"height:16px\" aria-hidden=\"true\" class=\"wp-block-spacer\"><\/div>\n\n\n\n<p>La industria de los pl\u00e1sticos ya contribuye a la consecuci\u00f3n de los objetivos clim\u00e1ticos europeos. El uso de los pl\u00e1sticos ha permitido reducir las emisiones de CO\u2082 de un gran n\u00famero de aplicaciones, por ejemplo, al ayudar a reducir el consumo de energ\u00eda y las emisiones en el sector de la construcci\u00f3n y edificaci\u00f3n y los transportes. Los pl\u00e1sticos tambi\u00e9n est\u00e1n haciendo posible la transici\u00f3n de los combustibles f\u00f3siles a las energ\u00edas renovables mediante su uso en aerogeneradores, paneles solares y veh\u00edculos el\u00e9ctricos.<\/p>\n\n\n\n<p>Estamos mejorando tambi\u00e9n el impacto clim\u00e1tico en todos los \u00e1mbitos de nuestras operaciones, dise\u00f1ando procesos de producci\u00f3n m\u00e1s eficientes en t\u00e9rminos de energ\u00eda y recursos, utilizando m\u00e1s energ\u00edas renovables y m\u00e1s materias primas alternativas procedentes de residuos y recursos renovables, as\u00ed como promoviendo soluciones de captura de carbono y acelerando la transici\u00f3n hacia una econom\u00eda circular.<\/p>\n\n\n\n<p>Para saber m\u00e1s sobre c\u00f3mo la producci\u00f3n sostenible, las materias primas alternativas y las energ\u00edas renovables est\u00e1n guiando nuestra transici\u00f3n hacia <a href=\"https:\/\/plasticseurope.org\/sustainability\/climate\/\" target=\"_blank\" rel=\"noreferrer noopener\">una econom\u00eda baja en carbono<\/a>. [Ingl\u00e9s] <\/p>\n\n\n\n<p><\/p>\n\n\n\n<div style=\"height:100px\" aria-hidden=\"true\" class=\"wp-block-spacer\"><\/div>\n\n\n\n<div class=\"wp-block-media-text alignwide is-stacked-on-mobile is-image-fill\"><figure class=\"wp-block-media-text__media\" style=\"background-image:url(https:\/\/plasticseurope.org\/wp-content\/uploads\/2021\/10\/plastic-sport-leisure-tennis-1024x683.jpg);background-position:50% 50%\"><img decoding=\"async\" src=\"https:\/\/plasticseurope.org\/wp-content\/uploads\/2021\/10\/plastic-sport-leisure-tennis-1024x683.jpg\" alt=\"\" class=\"wp-image-3232 size-full\"\/><\/figure><div class=\"wp-block-media-text__content\">\n<h3 class=\"wp-block-heading\">Inspirando un modo de vida sostenible: desde materiales de construcci\u00f3n de \u00faltima generaci\u00f3n hasta zapatillas reciclables<\/h3>\n\n\n\n<p>Los pl\u00e1sticos est\u00e1n en el centro de una creciente serie de innovaciones que mejoran la sostenibilidad, la seguridad, el uso y las prestaciones de infinidad de productos cotidianos. Usados de manera sostenible, los pl\u00e1sticos aportan, a lo largo de su vida \u00fatil, beneficios tangibles a la sociedad y el medioambiente.<\/p>\n\n\n\n<p>Para saber m\u00e1s sobre las ventajas que los pl\u00e1sticos aportan a los sectores de la construcci\u00f3n y edificaci\u00f3n, movilidad, <a href=\"https:\/\/plasticseurope.org\/sustainability\/sustainable-use\/\" target=\"_blank\" rel=\"noreferrer noopener\">sanidad, alimentaci\u00f3n, envases y deportes. <\/a> [Ingl\u00e9s]  <\/p>\n<\/div><\/div>\n\n\n\n<div style=\"height:100px\" aria-hidden=\"true\" class=\"wp-block-spacer\"><\/div>\n\n\n\n<div class=\"wp-block-media-text alignwide has-media-on-the-right is-stacked-on-mobile is-image-fill\"><div class=\"wp-block-media-text__content\">\n<h3 class=\"wp-block-heading\">Los pl\u00e1sticos en la asistencia sanitaria<\/h3>\n\n\n\n<p>La sanidad moderna ser\u00eda inimaginable sin los numerosos productos m\u00e9dico-sanitarios fabricados con pl\u00e1sticos que ahora nos parecen obvios. Los pl\u00e1sticos est\u00e1n en todas partes: equipos de protecci\u00f3n individual, jeringas est\u00e9riles, bolsas de sangre, tubos intravasculares, v\u00e1lvulas card\u00edacas, \u00abpiel artificial\u00bb para el tratamiento de emergencia de quemaduras, dispositivos ortop\u00e9dicos, incluso c\u00e1psulas de pl\u00e1stico para la liberaci\u00f3n controlada de f\u00e1rmacos. Gracias a las innovaciones en el \u00e1mbito de los pl\u00e1sticos han sido posibles nuevos avances en el cuidado de nuestra salud.<\/p>\n\n\n\n<p>Para conocer m\u00e1s sobre los avances de la asistencia m\u00e9dico sanitaria gracias a l<a href=\"https:\/\/plasticseurope.org\/sustainability\/plastics-health\/\" target=\"_blank\" rel=\"noreferrer noopener\">os pl\u00e1sticos.<\/a>  [Ingl\u00e9s]  <\/p>\n<\/div><figure class=\"wp-block-media-text__media\" style=\"background-image:url(https:\/\/plasticseurope.org\/wp-content\/uploads\/2021\/10\/plastics-health-hearing-aid-1024x661.jpg);background-position:50% 50%\"><img decoding=\"async\" src=\"https:\/\/plasticseurope.org\/wp-content\/uploads\/2021\/10\/plastics-health-hearing-aid-1024x661.jpg\" alt=\"\" class=\"wp-image-2956 size-full\"\/><\/figure><\/div>\n\n\n\n<div style=\"height:100px\" aria-hidden=\"true\" class=\"wp-block-spacer\"><\/div>\n\n\n\n<div class=\"wp-block-media-text alignwide is-stacked-on-mobile is-image-fill\"><figure class=\"wp-block-media-text__media\" style=\"background-image:url(https:\/\/plasticseurope.org\/wp-content\/uploads\/2021\/10\/5.2._innovative_packaging_shutterstock_690991438.png);background-position:50% 50%\"><img decoding=\"async\" src=\"https:\/\/plasticseurope.org\/wp-content\/uploads\/2021\/10\/5.2._innovative_packaging_shutterstock_690991438.png\" alt=\"\" class=\"wp-image-1253 size-full\"\/><\/figure><div class=\"wp-block-media-text__content\">\n<h3 class=\"wp-block-heading\">Innovaci\u00f3n de futuro<\/h3>\n\n\n\n<p>Durante m\u00e1s de 100 a\u00f1os, la ciencia y la innovaci\u00f3n han estado en el centro de nuestras acciones. Las nuevas y apasionantes innovaciones en el \u00e1mbito de los pl\u00e1sticos han contribuido a una mayor sostenibilidad en numerosos sectores, desde los materiales reciclados para los envases hasta la creaci\u00f3n de hogares sostenibles.<\/p>\n\n\n\n<p>Estamos acelerando nuestra contribuci\u00f3n a la producci\u00f3n y uso sostenible de los pl\u00e1sticos, poniendo especial \u00e9nfasis en la innovaci\u00f3n y tambi\u00e9n en inversiones significativas en investigaci\u00f3n y desarrollo, tecnolog\u00edas de procesos y protecci\u00f3n medioambiental.<\/p>\n\n\n\n<p>Para saber m\u00e1s sobre las muchas <a href=\"https:\/\/plasticseurope.org\/sustainability\/innovations\/\" target=\"_blank\" rel=\"noreferrer noopener\">innovaciones<\/a> en el campo de los pl\u00e1stico. [Ingl\u00e9s]   <\/p>\n\n\n\n<p><\/p>\n<\/div><\/div>\n\n\n\n<div id=\"explore-block_6173d61f28028\" class=\"explore-further\">\n  <div class=\"flex flex-col bg-mist-900 rounded-md mt-8 md:mt-28 md:w-1\/2 md:mr-auto\">\n    <div class=\"flex-1 relative p-6 md:px-10 md:py-8\">\n      <div class=\"absolute top-0 left-0 p-5 inline-block transform -translate-x-1\/2 -translate-y-1\/2\">\n      <\/div>\n      \n\n<h3 class=\"wp-block-heading\">Lecturas complementarias<\/h3>\n\n\n\n<p>Un informe de la British Plastics Federation aborda algunas de las cuestiones clave relativas a la sostenibilidad en la industria de los pl\u00e1sticos y proporciona ejemplos concretos, as\u00ed como case studies que ponen de manifiesto la contribuci\u00f3n del sector hacia la sostenibilidad.<\/p>\n\n\n\n<p>Puedes leerlo aqu\u00ed: <a href=\"https:\/\/www.bpf.co.uk\/Sustainability\/sustainability-in-the-plastics-supply-chain.aspx\" target=\"_blank\" rel=\"noreferrer noopener\">Sustainability in the plastics supply chain.<\/a><\/p>\n\n\n    <\/div>\n  <\/div>\n<\/div>\n","protected":false},"excerpt":{"rendered":"<p>Debemos evitar centrarnos en soluciones f\u00e1ciles que resuelvan un problema hoy a la vez que crean uno para el d\u00eda de ma\u00f1ana. Es importante tener una visi\u00f3n a largo plazo, as\u00ed como tambi\u00e9n actuar con urgencia y colectivamente hacia objetivos compartidos. Los pl\u00e1sticos son materiales fundamentales para la innovaci\u00f3n y nos ayudan a reducir las [&hellip;]<\/p>\n","protected":false},"author":1,"featured_media":79,"parent":0,"menu_order":0,"comment_status":"closed","ping_status":"closed","template":"","meta":{"footnotes":""},"class_list":["post-56","page","type-page","status-publish","has-post-thumbnail","hentry"],"acf":[],"yoast_head":"<!-- This site is optimized with the Yoast SEO plugin v21.6 - https:\/\/yoast.com\/wordpress\/plugins\/seo\/ -->\n<title>Sostenibilidad - Plastics Europe ES<\/title>\n<meta name=\"robots\" content=\"index, follow, max-snippet:-1, max-image-preview:large, max-video-preview:-1\" \/>\n<link rel=\"canonical\" href=\"https:\/\/plasticseurope.org\/es\/sostenibilidad\/\" \/>\n<meta property=\"og:locale\" content=\"es_ES\" \/>\n<meta property=\"og:type\" content=\"article\" \/>\n<meta property=\"og:title\" content=\"Sostenibilidad - Plastics Europe ES\" \/>\n<meta property=\"og:description\" content=\"Debemos evitar centrarnos en soluciones f\u00e1ciles que resuelvan un problema hoy a la vez que crean uno para el d\u00eda de ma\u00f1ana. Es importante tener una visi\u00f3n a largo plazo, as\u00ed como tambi\u00e9n actuar con urgencia y colectivamente hacia objetivos compartidos. Los pl\u00e1sticos son materiales fundamentales para la innovaci\u00f3n y nos ayudan a reducir las [&hellip;]\" \/>\n<meta property=\"og:url\" content=\"https:\/\/plasticseurope.org\/es\/sostenibilidad\/\" \/>\n<meta property=\"og:site_name\" content=\"Plastics Europe ES\" \/>\n<meta property=\"article:modified_time\" content=\"2023-01-10T15:28:07+00:00\" \/>\n<meta property=\"og:image\" content=\"https:\/\/plasticseurope.org\/es\/wp-content\/uploads\/sites\/4\/2021\/10\/plastic-windmills-father-daughter-scaled.jpg\" \/>\n\t<meta property=\"og:image:width\" content=\"2560\" \/>\n\t<meta property=\"og:image:height\" content=\"1708\" \/>\n\t<meta property=\"og:image:type\" content=\"image\/jpeg\" \/>\n<meta name=\"twitter:card\" content=\"summary_large_image\" \/>\n<meta name=\"twitter:label1\" content=\"Tiempo de lectura\" \/>\n\t<meta name=\"twitter:data1\" content=\"5 minutos\" \/>\n<script type=\"application\/ld+json\" class=\"yoast-schema-graph\">{\"@context\":\"https:\/\/schema.org\",\"@graph\":[{\"@type\":\"WebPage\",\"@id\":\"https:\/\/plasticseurope.org\/es\/sostenibilidad\/\",\"url\":\"https:\/\/plasticseurope.org\/es\/sostenibilidad\/\",\"name\":\"Sostenibilidad - Plastics Europe ES\",\"isPartOf\":{\"@id\":\"https:\/\/plasticseurope.org\/es\/#website\"},\"datePublished\":\"2021-10-23T08:24:08+00:00\",\"dateModified\":\"2023-01-10T15:28:07+00:00\",\"breadcrumb\":{\"@id\":\"https:\/\/plasticseurope.org\/es\/sostenibilidad\/#breadcrumb\"},\"inLanguage\":\"es\",\"potentialAction\":[{\"@type\":\"ReadAction\",\"target\":[\"https:\/\/plasticseurope.org\/es\/sostenibilidad\/\"]}]},{\"@type\":\"BreadcrumbList\",\"@id\":\"https:\/\/plasticseurope.org\/es\/sostenibilidad\/#breadcrumb\",\"itemListElement\":[{\"@type\":\"ListItem\",\"position\":1,\"name\":\"Home\",\"item\":\"https:\/\/plasticseurope.org\/es\/\"},{\"@type\":\"ListItem\",\"position\":2,\"name\":\"Sostenibilidad\"}]},{\"@type\":\"WebSite\",\"@id\":\"https:\/\/plasticseurope.org\/es\/#website\",\"url\":\"https:\/\/plasticseurope.org\/es\/\",\"name\":\"Plastics Europe ES\",\"description\":\"Enabling a sustainable future\",\"potentialAction\":[{\"@type\":\"SearchAction\",\"target\":{\"@type\":\"EntryPoint\",\"urlTemplate\":\"https:\/\/plasticseurope.org\/es\/?s={search_term_string}\"},\"query-input\":\"required name=search_term_string\"}],\"inLanguage\":\"es\"}]}<\/script>\n<!-- \/ Yoast SEO plugin. -->","yoast_head_json":{"title":"Sostenibilidad - Plastics Europe ES","robots":{"index":"index","follow":"follow","max-snippet":"max-snippet:-1","max-image-preview":"max-image-preview:large","max-video-preview":"max-video-preview:-1"},"canonical":"https:\/\/plasticseurope.org\/es\/sostenibilidad\/","og_locale":"es_ES","og_type":"article","og_title":"Sostenibilidad - Plastics Europe ES","og_description":"Debemos evitar centrarnos en soluciones f\u00e1ciles que resuelvan un problema hoy a la vez que crean uno para el d\u00eda de ma\u00f1ana. Es importante tener una visi\u00f3n a largo plazo, as\u00ed como tambi\u00e9n actuar con urgencia y colectivamente hacia objetivos compartidos. Los pl\u00e1sticos son materiales fundamentales para la innovaci\u00f3n y nos ayudan a reducir las [&hellip;]","og_url":"https:\/\/plasticseurope.org\/es\/sostenibilidad\/","og_site_name":"Plastics Europe ES","article_modified_time":"2023-01-10T15:28:07+00:00","og_image":[{"width":2560,"height":1708,"url":"https:\/\/plasticseurope.org\/es\/wp-content\/uploads\/sites\/4\/2021\/10\/plastic-windmills-father-daughter-scaled.jpg","type":"image\/jpeg"}],"twitter_card":"summary_large_image","twitter_misc":{"Tiempo de lectura":"5 minutos"},"schema":{"@context":"https:\/\/schema.org","@graph":[{"@type":"WebPage","@id":"https:\/\/plasticseurope.org\/es\/sostenibilidad\/","url":"https:\/\/plasticseurope.org\/es\/sostenibilidad\/","name":"Sostenibilidad - Plastics Europe ES","isPartOf":{"@id":"https:\/\/plasticseurope.org\/es\/#website"},"datePublished":"2021-10-23T08:24:08+00:00","dateModified":"2023-01-10T15:28:07+00:00","breadcrumb":{"@id":"https:\/\/plasticseurope.org\/es\/sostenibilidad\/#breadcrumb"},"inLanguage":"es","potentialAction":[{"@type":"ReadAction","target":["https:\/\/plasticseurope.org\/es\/sostenibilidad\/"]}]},{"@type":"BreadcrumbList","@id":"https:\/\/plasticseurope.org\/es\/sostenibilidad\/#breadcrumb","itemListElement":[{"@type":"ListItem","position":1,"name":"Home","item":"https:\/\/plasticseurope.org\/es\/"},{"@type":"ListItem","position":2,"name":"Sostenibilidad"}]},{"@type":"WebSite","@id":"https:\/\/plasticseurope.org\/es\/#website","url":"https:\/\/plasticseurope.org\/es\/","name":"Plastics Europe ES","description":"Enabling a sustainable future","potentialAction":[{"@type":"SearchAction","target":{"@type":"EntryPoint","urlTemplate":"https:\/\/plasticseurope.org\/es\/?s={search_term_string}"},"query-input":"required name=search_term_string"}],"inLanguage":"es"}]}},"_links":{"self":[{"href":"https:\/\/plasticseurope.org\/es\/wp-json\/wp\/v2\/pages\/56","targetHints":{"allow":["GET"]}}],"collection":[{"href":"https:\/\/plasticseurope.org\/es\/wp-json\/wp\/v2\/pages"}],"about":[{"href":"https:\/\/plasticseurope.org\/es\/wp-json\/wp\/v2\/types\/page"}],"author":[{"embeddable":true,"href":"https:\/\/plasticseurope.org\/es\/wp-json\/wp\/v2\/users\/1"}],"replies":[{"embeddable":true,"href":"https:\/\/plasticseurope.org\/es\/wp-json\/wp\/v2\/comments?post=56"}],"version-history":[{"count":0,"href":"https:\/\/plasticseurope.org\/es\/wp-json\/wp\/v2\/pages\/56\/revisions"}],"wp:featuredmedia":[{"embeddable":true,"href":"https:\/\/plasticseurope.org\/es\/wp-json\/wp\/v2\/media\/79"}],"wp:attachment":[{"href":"https:\/\/plasticseurope.org\/es\/wp-json\/wp\/v2\/media?parent=56"}],"curies":[{"name":"wp","href":"https:\/\/api.w.org\/{rel}","templated":true}]}}