{"id":55,"date":"2021-10-23T08:24:08","date_gmt":"2021-10-23T08:24:08","guid":{"rendered":"https:\/\/plasticseurope.wpenginepowered.com\/es\/nuestra-accion\/"},"modified":"2024-12-09T16:43:05","modified_gmt":"2024-12-09T16:43:05","slug":"nuestra-accion","status":"publish","type":"page","link":"https:\/\/plasticseurope.org\/es\/nuestra-accion\/","title":{"rendered":"Nuestras acciones"},"content":{"rendered":"\n<div class=\"wp-block-columns is-layout-flex wp-container-core-columns-is-layout-28f84493 wp-block-columns-is-layout-flex\">\n<div class=\"wp-block-column is-layout-flow wp-block-column-is-layout-flow\" style=\"flex-basis:66.66%\">\n<p class=\"has-large-font-size\">Puesto que los retos que debemos enfrentar son cada vez m\u00e1s cr\u00edticos, estamos acelerando nuestra contribuci\u00f3n a la producci\u00f3n sostenible y al uso seguro de los pl\u00e1sticos, garantizando, a la vez, que mantienen su contribuci\u00f3n a una sociedad m\u00e1s saludable, a una econom\u00eda en crecimiento y a la reducci\u00f3n de las emisiones de gases de efecto invernadero.<\/p>\n<\/div>\n\n\n\n<div class=\"wp-block-column is-layout-flow wp-block-column-is-layout-flow\" style=\"flex-basis:33.33%\">\n<p>A trav\u00e9s del trabajo de nuestros miembros, iniciativas industriales y campa\u00f1as de colaboraci\u00f3n con nuestra cadena de valor, emprendemos acciones tangibles que conducen hacia un futuro con pl\u00e1sticos sostenibles.<\/p>\n<\/div>\n<\/div>\n\n\n\n<div style=\"height:48px\" aria-hidden=\"true\" class=\"wp-block-spacer\"><\/div>\n\n\n\n<h2 class=\"wp-block-heading\">Formando a los adultos del futuro<\/h2>\n\n\n\n<div class=\"wp-block-columns is-layout-flex wp-container-core-columns-is-layout-28f84493 wp-block-columns-is-layout-flex\">\n<div class=\"wp-block-column is-layout-flow wp-block-column-is-layout-flow\" style=\"flex-basis:70%\">\n<p>Conocer la realidad de los pl\u00e1sticos y su funci\u00f3n es importante para todos. Proporcionamos material educativo y oportunidades de debate sobre la funci\u00f3n y el uso de los pl\u00e1sticos para j\u00f3venes estudiantes de toda Europa.<\/p>\n<\/div>\n\n\n\n<div class=\"wp-block-column is-layout-flow wp-block-column-is-layout-flow\" style=\"flex-basis:30%\"><\/div>\n<\/div>\n","protected":false},"excerpt":{"rendered":"<p>Puesto que los retos que debemos enfrentar son cada vez m\u00e1s cr\u00edticos, estamos acelerando nuestra contribuci\u00f3n a la producci\u00f3n sostenible y al uso seguro de los pl\u00e1sticos, garantizando, a la vez, que mantienen su contribuci\u00f3n a una sociedad m\u00e1s saludable, a una econom\u00eda en crecimiento y a la reducci\u00f3n de las emisiones de gases de [&hellip;]<\/p>\n","protected":false},"author":1,"featured_media":67,"parent":0,"menu_order":0,"comment_status":"closed","ping_status":"closed","template":"","meta":{"footnotes":""},"class_list":["post-55","page","type-page","status-publish","has-post-thumbnail","hentry"],"acf":[],"yoast_head":"<!-- This site is optimized with the Yoast SEO plugin v21.6 - https:\/\/yoast.com\/wordpress\/plugins\/seo\/ -->\n<title>Nuestras acciones - Plastics Europe ES<\/title>\n<meta name=\"robots\" content=\"index, follow, max-snippet:-1, max-image-preview:large, max-video-preview:-1\" \/>\n<link rel=\"canonical\" href=\"https:\/\/plasticseurope.org\/es\/nuestra-accion\/\" \/>\n<meta property=\"og:locale\" content=\"es_ES\" \/>\n<meta property=\"og:type\" content=\"article\" \/>\n<meta property=\"og:title\" content=\"Nuestras acciones - Plastics Europe ES\" \/>\n<meta property=\"og:description\" content=\"Puesto que los retos que debemos enfrentar son cada vez m\u00e1s cr\u00edticos, estamos acelerando nuestra contribuci\u00f3n a la producci\u00f3n sostenible y al uso seguro de los pl\u00e1sticos, garantizando, a la vez, que mantienen su contribuci\u00f3n a una sociedad m\u00e1s saludable, a una econom\u00eda en crecimiento y a la reducci\u00f3n de las emisiones de gases de [&hellip;]\" \/>\n<meta property=\"og:url\" content=\"https:\/\/plasticseurope.org\/es\/nuestra-accion\/\" \/>\n<meta property=\"og:site_name\" content=\"Plastics Europe ES\" \/>\n<meta property=\"article:modified_time\" content=\"2024-12-09T16:43:05+00:00\" \/>\n<meta property=\"og:image\" content=\"https:\/\/plasticseurope.org\/es\/wp-content\/uploads\/sites\/4\/2021\/10\/plastic-innovation-collaboration-scaled.jpg\" \/>\n\t<meta property=\"og:image:width\" content=\"2560\" \/>\n\t<meta property=\"og:image:height\" content=\"1440\" \/>\n\t<meta property=\"og:image:type\" content=\"image\/jpeg\" \/>\n<meta name=\"twitter:card\" content=\"summary_large_image\" \/>\n<script type=\"application\/ld+json\" class=\"yoast-schema-graph\">{\"@context\":\"https:\/\/schema.org\",\"@graph\":[{\"@type\":\"WebPage\",\"@id\":\"https:\/\/plasticseurope.org\/es\/nuestra-accion\/\",\"url\":\"https:\/\/plasticseurope.org\/es\/nuestra-accion\/\",\"name\":\"Nuestras acciones - Plastics Europe ES\",\"isPartOf\":{\"@id\":\"https:\/\/plasticseurope.org\/es\/#website\"},\"datePublished\":\"2021-10-23T08:24:08+00:00\",\"dateModified\":\"2024-12-09T16:43:05+00:00\",\"breadcrumb\":{\"@id\":\"https:\/\/plasticseurope.org\/es\/nuestra-accion\/#breadcrumb\"},\"inLanguage\":\"es\",\"potentialAction\":[{\"@type\":\"ReadAction\",\"target\":[\"https:\/\/plasticseurope.org\/es\/nuestra-accion\/\"]}]},{\"@type\":\"BreadcrumbList\",\"@id\":\"https:\/\/plasticseurope.org\/es\/nuestra-accion\/#breadcrumb\",\"itemListElement\":[{\"@type\":\"ListItem\",\"position\":1,\"name\":\"Home\",\"item\":\"https:\/\/plasticseurope.org\/es\/\"},{\"@type\":\"ListItem\",\"position\":2,\"name\":\"Nuestras acciones\"}]},{\"@type\":\"WebSite\",\"@id\":\"https:\/\/plasticseurope.org\/es\/#website\",\"url\":\"https:\/\/plasticseurope.org\/es\/\",\"name\":\"Plastics Europe ES\",\"description\":\"Enabling a sustainable future\",\"potentialAction\":[{\"@type\":\"SearchAction\",\"target\":{\"@type\":\"EntryPoint\",\"urlTemplate\":\"https:\/\/plasticseurope.org\/es\/?s={search_term_string}\"},\"query-input\":\"required name=search_term_string\"}],\"inLanguage\":\"es\"}]}<\/script>\n<!-- \/ Yoast SEO plugin. -->","yoast_head_json":{"title":"Nuestras acciones - Plastics Europe ES","robots":{"index":"index","follow":"follow","max-snippet":"max-snippet:-1","max-image-preview":"max-image-preview:large","max-video-preview":"max-video-preview:-1"},"canonical":"https:\/\/plasticseurope.org\/es\/nuestra-accion\/","og_locale":"es_ES","og_type":"article","og_title":"Nuestras acciones - Plastics Europe ES","og_description":"Puesto que los retos que debemos enfrentar son cada vez m\u00e1s cr\u00edticos, estamos acelerando nuestra contribuci\u00f3n a la producci\u00f3n sostenible y al uso seguro de los pl\u00e1sticos, garantizando, a la vez, que mantienen su contribuci\u00f3n a una sociedad m\u00e1s saludable, a una econom\u00eda en crecimiento y a la reducci\u00f3n de las emisiones de gases de [&hellip;]","og_url":"https:\/\/plasticseurope.org\/es\/nuestra-accion\/","og_site_name":"Plastics Europe ES","article_modified_time":"2024-12-09T16:43:05+00:00","og_image":[{"width":2560,"height":1440,"url":"https:\/\/plasticseurope.org\/es\/wp-content\/uploads\/sites\/4\/2021\/10\/plastic-innovation-collaboration-scaled.jpg","type":"image\/jpeg"}],"twitter_card":"summary_large_image","schema":{"@context":"https:\/\/schema.org","@graph":[{"@type":"WebPage","@id":"https:\/\/plasticseurope.org\/es\/nuestra-accion\/","url":"https:\/\/plasticseurope.org\/es\/nuestra-accion\/","name":"Nuestras acciones - Plastics Europe ES","isPartOf":{"@id":"https:\/\/plasticseurope.org\/es\/#website"},"datePublished":"2021-10-23T08:24:08+00:00","dateModified":"2024-12-09T16:43:05+00:00","breadcrumb":{"@id":"https:\/\/plasticseurope.org\/es\/nuestra-accion\/#breadcrumb"},"inLanguage":"es","potentialAction":[{"@type":"ReadAction","target":["https:\/\/plasticseurope.org\/es\/nuestra-accion\/"]}]},{"@type":"BreadcrumbList","@id":"https:\/\/plasticseurope.org\/es\/nuestra-accion\/#breadcrumb","itemListElement":[{"@type":"ListItem","position":1,"name":"Home","item":"https:\/\/plasticseurope.org\/es\/"},{"@type":"ListItem","position":2,"name":"Nuestras acciones"}]},{"@type":"WebSite","@id":"https:\/\/plasticseurope.org\/es\/#website","url":"https:\/\/plasticseurope.org\/es\/","name":"Plastics Europe ES","description":"Enabling a sustainable future","potentialAction":[{"@type":"SearchAction","target":{"@type":"EntryPoint","urlTemplate":"https:\/\/plasticseurope.org\/es\/?s={search_term_string}"},"query-input":"required name=search_term_string"}],"inLanguage":"es"}]}},"_links":{"self":[{"href":"https:\/\/plasticseurope.org\/es\/wp-json\/wp\/v2\/pages\/55","targetHints":{"allow":["GET"]}}],"collection":[{"href":"https:\/\/plasticseurope.org\/es\/wp-json\/wp\/v2\/pages"}],"about":[{"href":"https:\/\/plasticseurope.org\/es\/wp-json\/wp\/v2\/types\/page"}],"author":[{"embeddable":true,"href":"https:\/\/plasticseurope.org\/es\/wp-json\/wp\/v2\/users\/1"}],"replies":[{"embeddable":true,"href":"https:\/\/plasticseurope.org\/es\/wp-json\/wp\/v2\/comments?post=55"}],"version-history":[{"count":0,"href":"https:\/\/plasticseurope.org\/es\/wp-json\/wp\/v2\/pages\/55\/revisions"}],"wp:featuredmedia":[{"embeddable":true,"href":"https:\/\/plasticseurope.org\/es\/wp-json\/wp\/v2\/media\/67"}],"wp:attachment":[{"href":"https:\/\/plasticseurope.org\/es\/wp-json\/wp\/v2\/media?parent=55"}],"curies":[{"name":"wp","href":"https:\/\/api.w.org\/{rel}","templated":true}]}}