{"id":49,"date":"2021-10-23T08:24:08","date_gmt":"2021-10-23T08:24:08","guid":{"rendered":"https:\/\/plasticseurope.wpenginepowered.com\/es\/asociados\/"},"modified":"2025-06-11T14:50:39","modified_gmt":"2025-06-11T14:50:39","slug":"asociados","status":"publish","type":"page","link":"https:\/\/plasticseurope.org\/es\/asociados\/","title":{"rendered":"Asociados"},"content":{"rendered":"\n<h2 class=\"wp-block-heading\">Juntos, creamos el futuro para unos pl\u00e1sticos sostenibles<\/h2>\n\n\n\n<div style=\"height:16px\" aria-hidden=\"true\" class=\"wp-block-spacer\"><\/div>\n\n\n\n<div class=\"wp-block-group is-layout-flow wp-block-group-is-layout-flow\">\n<div class=\"wp-block-columns is-layout-flex wp-container-core-columns-is-layout-28f84493 wp-block-columns-is-layout-flex\">\n<div class=\"wp-block-column is-layout-flow wp-block-column-is-layout-flow\" style=\"flex-basis:70%\">\n<p class=\"has-large-font-size\">Plastics Europe es la asociaci\u00f3n paneuropea de productores de pl\u00e1sticos, con oficinas en todo el territorio europeo. Con cerca de 100 asociados que representan m\u00e1s del 90% de la producci\u00f3n total de pol\u00edmeros en Europa, nuestra misi\u00f3n es fomentar la b\u00fasqueda de soluciones para avanzar hacia los objetivos clim\u00e1ticos y de circularidad de una industria de los pl\u00e1sticos sostenible.<\/p>\n\n\n\n<div style=\"height:16px\" aria-hidden=\"true\" class=\"wp-block-spacer\"><\/div>\n\n\n\n<p>La industria europea de los pl\u00e1sticos, junto con los dem\u00e1s agentes en nuestra cadena de valor \u2014 las industrias de transformaci\u00f3n de pl\u00e1sticos y de fabricaci\u00f3n de maquinaria para pl\u00e1sticos\u2014, emplea aproximadamente a 1,6 millones de personas, que trabajan en m\u00e1s de 60 000 empresas, muchas de las cuales son pymes. En conjunto, generamos un volumen de negocio de 360 000 millones de euros.<\/p>\n\n\n\n<p>A nivel mundial, PlasticsEurope, como socio activo en el <a href=\"https:\/\/www.worldplasticscouncil.org\/\" target=\"_blank\" rel=\"noreferrer noopener\">World Plastics Council<\/a> (WPC) y la <a href=\"https:\/\/www.americanchemistry.com\/chemistry-in-america\/news-trends\/press-release\/2017\/global-plastics-alliance-meeting-advances-sustainability-and-marine-litter-solutions\" target=\"_blank\" rel=\"noreferrer noopener\">Global Plastics Alliance<\/a> (GPA), contribuye al di\u00e1logo entre las diferentes partes implicadas en el marco de la UNEA5 y de la negociaci\u00f3n para un tratado mundial sobre los pl\u00e1sticos.<\/p>\n\n\n\n<p><\/p>\n<\/div>\n\n\n\n<div class=\"wp-block-column is-layout-flow wp-block-column-is-layout-flow\" style=\"flex-basis:30%\">\n<p><a href=\"https:\/\/plasticseurope.org\/es\/contacto\/\">\u00danete a Plastics Europe<\/a> y suma tu voz a una red influyente y en expansi\u00f3n.<\/p>\n<\/div>\n<\/div>\n<\/div>\n\n\n\n<div style=\"height:100px\" aria-hidden=\"true\" class=\"wp-block-spacer\"><\/div>\n\n\n\n<div class=\"wp-block-cover alignfull is-light\" style=\"min-height:24rem;aspect-ratio:unset;\"><span aria-hidden=\"true\" class=\"wp-block-cover__background has-jade-background-color has-background-dim-80 has-background-dim\"><\/span><img decoding=\"async\" class=\"wp-block-cover__image-background wp-image-1215\" alt=\"\" src=\"https:\/\/plasticseurope.org\/wp-content\/uploads\/2021\/10\/plastic-pellets-multicolour-1.jpg\" data-object-fit=\"cover\" \/><div class=\"wp-block-cover__inner-container is-layout-flow wp-block-cover-is-layout-flow\">\n<h2 class=\"wp-block-heading has-text-align-center\">Plastics Europe<\/h2>\n\n\n\n<p class=\"has-text-align-center has-large-font-size\">Asociados que marcan la diferencia<\/p>\n\n\n\n<div class=\"wp-block-buttons mt-10 is-horizontal is-content-justification-center is-layout-flex wp-container-core-buttons-is-layout-03627597 wp-block-buttons-is-layout-flex\">\n<div class=\"wp-block-button\"><a class=\"wp-block-button__link wp-element-button\" href=\"https:\/\/plasticseurope.org\/es\/acerca-de\/\">Descubre nuestro pr\u00f3posito<\/a><\/div>\n<\/div>\n<\/div><\/div>\n\n\n\n<div style=\"height:100px\" aria-hidden=\"true\" class=\"wp-block-spacer\"><\/div>\n\n\n\n<h2 class=\"wp-block-heading has-text-align-center\">Diez razones para unirse a Plastics Europe<\/h2>\n\n\n\n<div style=\"height:48px\" aria-hidden=\"true\" class=\"wp-block-spacer\"><\/div>\n\n\n\n<div class=\"wp-block-columns max-w-4xl mx-auto is-layout-flex wp-container-core-columns-is-layout-28f84493 wp-block-columns-is-layout-flex\">\n<div class=\"wp-block-column is-layout-flow wp-block-column-is-layout-flow\">\n<figure class=\"wp-block-image size-full\"><img decoding=\"async\" src=\"https:\/\/plasticseurope.org\/wp-content\/uploads\/2021\/10\/10_reasons_boxes-1.png\" alt=\"\" class=\"wp-image-1493\" \/><\/figure>\n<\/div>\n\n\n\n<div class=\"wp-block-column is-layout-flow wp-block-column-is-layout-flow\">\n<figure class=\"wp-block-image size-full\"><img decoding=\"async\" src=\"https:\/\/plasticseurope.org\/wp-content\/uploads\/2021\/10\/10_reasons_boxes-2.png\" alt=\"\" class=\"wp-image-1499\" \/><\/figure>\n<\/div>\n<\/div>\n\n\n\n<div class=\"wp-block-columns max-w-4xl mx-auto is-layout-flex wp-container-core-columns-is-layout-28f84493 wp-block-columns-is-layout-flex\">\n<div class=\"wp-block-column is-layout-flow wp-block-column-is-layout-flow\">\n<figure class=\"wp-block-image size-full\"><img decoding=\"async\" src=\"https:\/\/plasticseurope.org\/wp-content\/uploads\/2021\/10\/10_reasons_boxes-3.png\" alt=\"\" class=\"wp-image-1534\" \/><\/figure>\n<\/div>\n\n\n\n<div class=\"wp-block-column is-layout-flow wp-block-column-is-layout-flow\">\n<figure class=\"wp-block-image size-full\"><img decoding=\"async\" src=\"https:\/\/plasticseurope.org\/wp-content\/uploads\/2021\/10\/10_reasons_boxes-4.png\" alt=\"\" class=\"wp-image-1535\" \/><\/figure>\n<\/div>\n<\/div>\n\n\n\n<div class=\"wp-block-columns max-w-4xl mx-auto is-layout-flex wp-container-core-columns-is-layout-28f84493 wp-block-columns-is-layout-flex\">\n<div class=\"wp-block-column is-layout-flow wp-block-column-is-layout-flow\">\n<figure class=\"wp-block-image size-full\"><img decoding=\"async\" src=\"https:\/\/plasticseurope.org\/wp-content\/uploads\/2021\/10\/10_reasons_boxes-5.png\" alt=\"\" class=\"wp-image-1536\" \/><\/figure>\n<\/div>\n\n\n\n<div class=\"wp-block-column is-layout-flow wp-block-column-is-layout-flow\">\n<figure class=\"wp-block-image size-full\"><img decoding=\"async\" src=\"https:\/\/plasticseurope.org\/wp-content\/uploads\/2021\/10\/10_reasons_boxes-6.png\" alt=\"\" class=\"wp-image-1537\" \/><\/figure>\n<\/div>\n<\/div>\n\n\n\n<div class=\"wp-block-columns max-w-4xl mx-auto is-layout-flex wp-container-core-columns-is-layout-28f84493 wp-block-columns-is-layout-flex\">\n<div class=\"wp-block-column is-layout-flow wp-block-column-is-layout-flow\">\n<figure class=\"wp-block-image size-full\"><img decoding=\"async\" src=\"https:\/\/plasticseurope.org\/wp-content\/uploads\/2021\/10\/10_reasons_boxes-7.png\" alt=\"\" class=\"wp-image-1538\" \/><\/figure>\n<\/div>\n\n\n\n<div class=\"wp-block-column is-layout-flow wp-block-column-is-layout-flow\">\n<figure class=\"wp-block-image size-full\"><img decoding=\"async\" src=\"https:\/\/plasticseurope.org\/wp-content\/uploads\/2021\/10\/10_reasons_boxes-8.png\" alt=\"\" class=\"wp-image-1540\" \/><\/figure>\n<\/div>\n<\/div>\n\n\n\n<div class=\"wp-block-columns max-w-4xl mx-auto is-layout-flex wp-container-core-columns-is-layout-28f84493 wp-block-columns-is-layout-flex\">\n<div class=\"wp-block-column is-layout-flow wp-block-column-is-layout-flow\">\n<figure class=\"wp-block-image size-full\"><img decoding=\"async\" src=\"https:\/\/plasticseurope.org\/wp-content\/uploads\/2021\/10\/10_reasons_boxes-9.png\" alt=\"\" class=\"wp-image-1542\" \/><\/figure>\n<\/div>\n\n\n\n<div class=\"wp-block-column is-layout-flow wp-block-column-is-layout-flow\">\n<figure class=\"wp-block-image size-full\"><img decoding=\"async\" src=\"https:\/\/plasticseurope.org\/wp-content\/uploads\/2021\/10\/10_reasons_boxes-10.png\" alt=\"\" class=\"wp-image-1544\" \/><\/figure>\n<\/div>\n<\/div>\n\n\n\n<div style=\"height:48px\" aria-hidden=\"true\" class=\"wp-block-spacer\"><\/div>\n\n\n\n<div class=\"wp-block-media-text alignwide is-stacked-on-mobile is-vertically-aligned-center\"><figure class=\"wp-block-media-text__media\"><img loading=\"lazy\" decoding=\"async\" width=\"1804\" height=\"2560\" src=\"https:\/\/plasticseurope.org\/es\/wp-content\/uploads\/sites\/4\/2025\/06\/Virginia_Janssens_Plastics_Europe_Managing_Director-edited-scaled-1.jpg\" alt=\"\" class=\"wp-image-2103 size-full\" srcset=\"https:\/\/plasticseurope.org\/es\/wp-content\/uploads\/sites\/4\/2025\/06\/Virginia_Janssens_Plastics_Europe_Managing_Director-edited-scaled-1.jpg 1804w, https:\/\/plasticseurope.org\/es\/wp-content\/uploads\/sites\/4\/2025\/06\/Virginia_Janssens_Plastics_Europe_Managing_Director-edited-scaled-1-211x300.jpg 211w, https:\/\/plasticseurope.org\/es\/wp-content\/uploads\/sites\/4\/2025\/06\/Virginia_Janssens_Plastics_Europe_Managing_Director-edited-scaled-1-722x1024.jpg 722w, https:\/\/plasticseurope.org\/es\/wp-content\/uploads\/sites\/4\/2025\/06\/Virginia_Janssens_Plastics_Europe_Managing_Director-edited-scaled-1-768x1090.jpg 768w, https:\/\/plasticseurope.org\/es\/wp-content\/uploads\/sites\/4\/2025\/06\/Virginia_Janssens_Plastics_Europe_Managing_Director-edited-scaled-1-1082x1536.jpg 1082w, https:\/\/plasticseurope.org\/es\/wp-content\/uploads\/sites\/4\/2025\/06\/Virginia_Janssens_Plastics_Europe_Managing_Director-edited-scaled-1-1443x2048.jpg 1443w, https:\/\/plasticseurope.org\/es\/wp-content\/uploads\/sites\/4\/2025\/06\/Virginia_Janssens_Plastics_Europe_Managing_Director-edited-scaled-1-592x840.jpg 592w\" sizes=\"auto, (max-width: 1804px) 100vw, 1804px\" \/><\/figure><div class=\"wp-block-media-text__content\">\n<blockquote class=\"wp-block-quote is-layout-flow wp-block-quote-is-layout-flow\">\n<p id=\"block-a894b3a0-1484-4659-80c3-de5c8fbfda85\">Bienvenido a Plastics Europe. Nuestra misi\u00f3n como asociaci\u00f3n es ser el catalizador de la industria europea del pl\u00e1stico y ofrecer soluciones seguras, circulares y sostenibles. Durante m\u00e1s de 100 a\u00f1os, la ciencia y la innovaci\u00f3n han sido el ADN que atraviesa nuestra industria. Es lo que nos permite ofrecer soluciones en un mundo en constante cambio.<\/p>\n\n\n\n<p class=\"has-large-font-size\" id=\"block-a894b3a0-1484-4659-80c3-de5c8fbfda85\">Virginia Janssens, Managing Director<br>Plastics Europe<\/p>\n<\/blockquote>\n<\/div><\/div>\n\n\n\n<div style=\"height:48px\" aria-hidden=\"true\" class=\"wp-block-spacer\"><\/div>\n\n\n\n<div style=\"height:100px\" aria-hidden=\"true\" class=\"wp-block-spacer\"><\/div>\n\n\n","protected":false},"excerpt":{"rendered":"<p>Juntos, creamos el futuro para unos pl\u00e1sticos sostenibles Plastics Europe es la asociaci\u00f3n paneuropea de productores de pl\u00e1sticos, con oficinas en todo el territorio europeo. Con cerca de 100 asociados que representan m\u00e1s del 90% de la producci\u00f3n total de pol\u00edmeros en Europa, nuestra misi\u00f3n es fomentar la b\u00fasqueda de soluciones para avanzar hacia los [&hellip;]<\/p>\n","protected":false},"author":1,"featured_media":98,"parent":0,"menu_order":0,"comment_status":"closed","ping_status":"closed","template":"","meta":{"footnotes":""},"class_list":["post-49","page","type-page","status-publish","has-post-thumbnail","hentry"],"acf":[],"yoast_head":"<!-- This site is optimized with the Yoast SEO plugin v21.6 - https:\/\/yoast.com\/wordpress\/plugins\/seo\/ -->\n<title>Asociados - Plastics Europe ES<\/title>\n<meta name=\"robots\" content=\"index, follow, max-snippet:-1, max-image-preview:large, max-video-preview:-1\" \/>\n<link rel=\"canonical\" href=\"https:\/\/plasticseurope.org\/es\/asociados\/\" \/>\n<meta property=\"og:locale\" content=\"es_ES\" \/>\n<meta property=\"og:type\" content=\"article\" \/>\n<meta property=\"og:title\" content=\"Asociados - Plastics Europe ES\" \/>\n<meta property=\"og:description\" content=\"Juntos, creamos el futuro para unos pl\u00e1sticos sostenibles Plastics Europe es la asociaci\u00f3n paneuropea de productores de pl\u00e1sticos, con oficinas en todo el territorio europeo. Con cerca de 100 asociados que representan m\u00e1s del 90% de la producci\u00f3n total de pol\u00edmeros en Europa, nuestra misi\u00f3n es fomentar la b\u00fasqueda de soluciones para avanzar hacia los [&hellip;]\" \/>\n<meta property=\"og:url\" content=\"https:\/\/plasticseurope.org\/es\/asociados\/\" \/>\n<meta property=\"og:site_name\" content=\"Plastics Europe ES\" \/>\n<meta property=\"article:modified_time\" content=\"2025-06-11T14:50:39+00:00\" \/>\n<meta property=\"og:image\" content=\"https:\/\/plasticseurope.org\/es\/wp-content\/uploads\/sites\/4\/2021\/10\/plastics-partnership-cogs-scaled.jpg\" \/>\n\t<meta property=\"og:image:width\" content=\"2560\" \/>\n\t<meta property=\"og:image:height\" content=\"1709\" \/>\n\t<meta property=\"og:image:type\" content=\"image\/jpeg\" \/>\n<meta name=\"twitter:card\" content=\"summary_large_image\" \/>\n<meta name=\"twitter:label1\" content=\"Tiempo de lectura\" \/>\n\t<meta name=\"twitter:data1\" content=\"4 minutos\" \/>\n<script type=\"application\/ld+json\" class=\"yoast-schema-graph\">{\"@context\":\"https:\/\/schema.org\",\"@graph\":[{\"@type\":\"WebPage\",\"@id\":\"https:\/\/plasticseurope.org\/es\/asociados\/\",\"url\":\"https:\/\/plasticseurope.org\/es\/asociados\/\",\"name\":\"Asociados - Plastics Europe ES\",\"isPartOf\":{\"@id\":\"https:\/\/plasticseurope.org\/es\/#website\"},\"datePublished\":\"2021-10-23T08:24:08+00:00\",\"dateModified\":\"2025-06-11T14:50:39+00:00\",\"breadcrumb\":{\"@id\":\"https:\/\/plasticseurope.org\/es\/asociados\/#breadcrumb\"},\"inLanguage\":\"es\",\"potentialAction\":[{\"@type\":\"ReadAction\",\"target\":[\"https:\/\/plasticseurope.org\/es\/asociados\/\"]}]},{\"@type\":\"BreadcrumbList\",\"@id\":\"https:\/\/plasticseurope.org\/es\/asociados\/#breadcrumb\",\"itemListElement\":[{\"@type\":\"ListItem\",\"position\":1,\"name\":\"Home\",\"item\":\"https:\/\/plasticseurope.org\/es\/\"},{\"@type\":\"ListItem\",\"position\":2,\"name\":\"Asociados\"}]},{\"@type\":\"WebSite\",\"@id\":\"https:\/\/plasticseurope.org\/es\/#website\",\"url\":\"https:\/\/plasticseurope.org\/es\/\",\"name\":\"Plastics Europe ES\",\"description\":\"Enabling a sustainable future\",\"potentialAction\":[{\"@type\":\"SearchAction\",\"target\":{\"@type\":\"EntryPoint\",\"urlTemplate\":\"https:\/\/plasticseurope.org\/es\/?s={search_term_string}\"},\"query-input\":\"required name=search_term_string\"}],\"inLanguage\":\"es\"}]}<\/script>\n<!-- \/ Yoast SEO plugin. -->","yoast_head_json":{"title":"Asociados - Plastics Europe ES","robots":{"index":"index","follow":"follow","max-snippet":"max-snippet:-1","max-image-preview":"max-image-preview:large","max-video-preview":"max-video-preview:-1"},"canonical":"https:\/\/plasticseurope.org\/es\/asociados\/","og_locale":"es_ES","og_type":"article","og_title":"Asociados - Plastics Europe ES","og_description":"Juntos, creamos el futuro para unos pl\u00e1sticos sostenibles Plastics Europe es la asociaci\u00f3n paneuropea de productores de pl\u00e1sticos, con oficinas en todo el territorio europeo. Con cerca de 100 asociados que representan m\u00e1s del 90% de la producci\u00f3n total de pol\u00edmeros en Europa, nuestra misi\u00f3n es fomentar la b\u00fasqueda de soluciones para avanzar hacia los [&hellip;]","og_url":"https:\/\/plasticseurope.org\/es\/asociados\/","og_site_name":"Plastics Europe ES","article_modified_time":"2025-06-11T14:50:39+00:00","og_image":[{"width":2560,"height":1709,"url":"https:\/\/plasticseurope.org\/es\/wp-content\/uploads\/sites\/4\/2021\/10\/plastics-partnership-cogs-scaled.jpg","type":"image\/jpeg"}],"twitter_card":"summary_large_image","twitter_misc":{"Tiempo de lectura":"4 minutos"},"schema":{"@context":"https:\/\/schema.org","@graph":[{"@type":"WebPage","@id":"https:\/\/plasticseurope.org\/es\/asociados\/","url":"https:\/\/plasticseurope.org\/es\/asociados\/","name":"Asociados - Plastics Europe ES","isPartOf":{"@id":"https:\/\/plasticseurope.org\/es\/#website"},"datePublished":"2021-10-23T08:24:08+00:00","dateModified":"2025-06-11T14:50:39+00:00","breadcrumb":{"@id":"https:\/\/plasticseurope.org\/es\/asociados\/#breadcrumb"},"inLanguage":"es","potentialAction":[{"@type":"ReadAction","target":["https:\/\/plasticseurope.org\/es\/asociados\/"]}]},{"@type":"BreadcrumbList","@id":"https:\/\/plasticseurope.org\/es\/asociados\/#breadcrumb","itemListElement":[{"@type":"ListItem","position":1,"name":"Home","item":"https:\/\/plasticseurope.org\/es\/"},{"@type":"ListItem","position":2,"name":"Asociados"}]},{"@type":"WebSite","@id":"https:\/\/plasticseurope.org\/es\/#website","url":"https:\/\/plasticseurope.org\/es\/","name":"Plastics Europe ES","description":"Enabling a sustainable future","potentialAction":[{"@type":"SearchAction","target":{"@type":"EntryPoint","urlTemplate":"https:\/\/plasticseurope.org\/es\/?s={search_term_string}"},"query-input":"required name=search_term_string"}],"inLanguage":"es"}]}},"_links":{"self":[{"href":"https:\/\/plasticseurope.org\/es\/wp-json\/wp\/v2\/pages\/49","targetHints":{"allow":["GET"]}}],"collection":[{"href":"https:\/\/plasticseurope.org\/es\/wp-json\/wp\/v2\/pages"}],"about":[{"href":"https:\/\/plasticseurope.org\/es\/wp-json\/wp\/v2\/types\/page"}],"author":[{"embeddable":true,"href":"https:\/\/plasticseurope.org\/es\/wp-json\/wp\/v2\/users\/1"}],"replies":[{"embeddable":true,"href":"https:\/\/plasticseurope.org\/es\/wp-json\/wp\/v2\/comments?post=49"}],"version-history":[{"count":0,"href":"https:\/\/plasticseurope.org\/es\/wp-json\/wp\/v2\/pages\/49\/revisions"}],"wp:featuredmedia":[{"embeddable":true,"href":"https:\/\/plasticseurope.org\/es\/wp-json\/wp\/v2\/media\/98"}],"wp:attachment":[{"href":"https:\/\/plasticseurope.org\/es\/wp-json\/wp\/v2\/media?parent=49"}],"curies":[{"name":"wp","href":"https:\/\/api.w.org\/{rel}","templated":true}]}}