{"id":309,"date":"2021-10-24T21:19:54","date_gmt":"2021-10-24T21:19:54","guid":{"rendered":"https:\/\/plasticseurope.wpenginepowered.com\/es\/?page_id=309"},"modified":"2021-10-24T21:20:39","modified_gmt":"2021-10-24T21:20:39","slug":"terminos-y-condiciones","status":"publish","type":"page","link":"https:\/\/plasticseurope.org\/es\/terminos-y-condiciones\/","title":{"rendered":"T\u00e9rminos y condiciones"},"content":{"rendered":"\n<p class=\"has-large-font-size\">T\u00e9rminos y condiciones de uso del sitio web de Plastics Europe. Estas condiciones pueden cambiar en cualquier momento.<\/p>\n\n\n\n<h2 class=\"wp-block-heading\">Informaci\u00f3n incluida<\/h2>\n\n\n\n<p>El material contenido en este sitio web es solamente para informaci\u00f3n y uso general. No constituye un asesoramiento y no debe servir de base para tomar (o no tomar) una decisi\u00f3n. Este contenido se ofrece \u00abtal cual\u00bb y \u00aben funci\u00f3n de su disponibilidad\u00bb.<\/p>\n\n\n\n<p>Plastics Europe har\u00e1 todo lo posible para actualizar regularmente la informaci\u00f3n, pero no asegura que esta sea exhaustiva, completa, puntual y\/o precisa.<\/p>\n\n\n\n<p>Plastics Europe ha redactado las p\u00e1ginas de este sitio web con gran detenimiento, y la informaci\u00f3n se ofrece con la m\u00e1xima buena voluntad. No obstante, Plastics Europe no afirma ni garantiza la integridad, puntualidad o precisi\u00f3n de dicha informaci\u00f3n, ni en su totalidad ni en parte. Ni Plastics Europe ni ning\u00fan colaborador ser\u00e1 responsable por la p\u00e9rdida o da\u00f1os de ning\u00fan tipo derivados del uso de dicha informaci\u00f3n o por haber confiado en la informaci\u00f3n de este sitio web.<\/p>\n\n\n\n<h2 class=\"wp-block-heading\">Copyright<\/h2>\n\n\n\n<p>El sitio web y su contenido, incluidas las im\u00e1genes, si procede, est\u00e1n sujetas al copyright de Plastics Europe. Se autoriza su reproducci\u00f3n, si no es para fines comerciales, siempre que se mencione y se reconozca la fuente, a menos que se indique lo contrario. Cuando deba obtener una autorizaci\u00f3n para la reproducci\u00f3n o el uso de informaci\u00f3n textual y multimedia (im\u00e1genes, sonido, software), dicha autorizaci\u00f3n cancelar\u00e1 el permiso general mencionado e incluir\u00e1 claramente las posibles restricciones de uso. Plastics Europe no reivindica ning\u00fan copyright sobre ning\u00fan documento oficial o documento de dominio p\u00fablico. Debe respetarse tambi\u00e9n el copyright del material de terceros encontrado en este sitio web si lo hubiera.<\/p>\n\n\n\n<h2 class=\"wp-block-heading\">Marcas<\/h2>\n\n\n\n<p>El logotipo de Plastics Europe y los logos de \u00abpl\u00e1stico\u00bb son marcas registradas por Plastics Europe en Europa. Por lo tanto, esos logos y marcas est\u00e1n sujetos a los derechos de propiedad de Plastics Europe: no se concede ning\u00fan derecho, excepto a las empresas asociadas y a las asociaciones nacionales en materia de pl\u00e1sticos. La etiqueta (que abarca los principales atributos) est\u00e1 disponible en los 14 idiomas de los 28 Estados miembros de la UE, m\u00e1s Noruega, Suiza y Turqu\u00eda.<\/p>\n\n\n\n<h2 class=\"wp-block-heading\">Enlaces<\/h2>\n\n\n\n<p>Los enlaces a otros sitios web se proporcionan \u00fanicamente por comodidad. Por tanto, esos enlaces no implican ninguna responsabilidad ni aprobaci\u00f3n por parte de Plastics Europe respecto a la informaci\u00f3n que contengan dichos sitios web.<\/p>\n\n\n\n<h2 class=\"wp-block-heading\">Legislaci\u00f3n aplicable y jurisdicci\u00f3n<\/h2>\n\n\n\n<p>El contenido de este sitio web, cualquier conflicto que surja del mismo, y la relaci\u00f3n que usted pueda entablar con nosotros se rigen por la legislaci\u00f3n belga y se someter\u00e1n a la jurisdicci\u00f3n exclusiva de los tribunales de Bruselas, B\u00e9lgica.<\/p>\n\n\n\n<div style=\"height:16px\" aria-hidden=\"true\" class=\"wp-block-spacer\"><\/div>\n\n\n\n<p><\/p>\n","protected":false},"excerpt":{"rendered":"<p>T\u00e9rminos y condiciones de uso del sitio web de Plastics Europe. Estas condiciones pueden cambiar en cualquier momento. Informaci\u00f3n incluida El material contenido en este sitio web es solamente para informaci\u00f3n y uso general. No constituye un asesoramiento y no debe servir de base para tomar (o no tomar) una decisi\u00f3n. Este contenido se ofrece [&hellip;]<\/p>\n","protected":false},"author":2,"featured_media":0,"parent":0,"menu_order":0,"comment_status":"closed","ping_status":"closed","template":"","meta":{"footnotes":""},"class_list":["post-309","page","type-page","status-publish","hentry"],"acf":[],"yoast_head":"<!-- This site is optimized with the Yoast SEO plugin v21.6 - https:\/\/yoast.com\/wordpress\/plugins\/seo\/ -->\n<title>T\u00e9rminos y condiciones - Plastics Europe ES<\/title>\n<meta name=\"robots\" content=\"index, follow, max-snippet:-1, max-image-preview:large, max-video-preview:-1\" \/>\n<link rel=\"canonical\" href=\"https:\/\/plasticseurope.org\/es\/terminos-y-condiciones\/\" \/>\n<meta property=\"og:locale\" content=\"es_ES\" \/>\n<meta property=\"og:type\" content=\"article\" \/>\n<meta property=\"og:title\" content=\"T\u00e9rminos y condiciones - Plastics Europe ES\" \/>\n<meta property=\"og:description\" content=\"T\u00e9rminos y condiciones de uso del sitio web de Plastics Europe. Estas condiciones pueden cambiar en cualquier momento. Informaci\u00f3n incluida El material contenido en este sitio web es solamente para informaci\u00f3n y uso general. No constituye un asesoramiento y no debe servir de base para tomar (o no tomar) una decisi\u00f3n. Este contenido se ofrece [&hellip;]\" \/>\n<meta property=\"og:url\" content=\"https:\/\/plasticseurope.org\/es\/terminos-y-condiciones\/\" \/>\n<meta property=\"og:site_name\" content=\"Plastics Europe ES\" \/>\n<meta property=\"article:modified_time\" content=\"2021-10-24T21:20:39+00:00\" \/>\n<meta name=\"twitter:card\" content=\"summary_large_image\" \/>\n<meta name=\"twitter:label1\" content=\"Tiempo de lectura\" \/>\n\t<meta name=\"twitter:data1\" content=\"2 minutos\" \/>\n<script type=\"application\/ld+json\" class=\"yoast-schema-graph\">{\"@context\":\"https:\/\/schema.org\",\"@graph\":[{\"@type\":\"WebPage\",\"@id\":\"https:\/\/plasticseurope.org\/es\/terminos-y-condiciones\/\",\"url\":\"https:\/\/plasticseurope.org\/es\/terminos-y-condiciones\/\",\"name\":\"T\u00e9rminos y condiciones - Plastics Europe ES\",\"isPartOf\":{\"@id\":\"https:\/\/plasticseurope.org\/es\/#website\"},\"datePublished\":\"2021-10-24T21:19:54+00:00\",\"dateModified\":\"2021-10-24T21:20:39+00:00\",\"breadcrumb\":{\"@id\":\"https:\/\/plasticseurope.org\/es\/terminos-y-condiciones\/#breadcrumb\"},\"inLanguage\":\"es\",\"potentialAction\":[{\"@type\":\"ReadAction\",\"target\":[\"https:\/\/plasticseurope.org\/es\/terminos-y-condiciones\/\"]}]},{\"@type\":\"BreadcrumbList\",\"@id\":\"https:\/\/plasticseurope.org\/es\/terminos-y-condiciones\/#breadcrumb\",\"itemListElement\":[{\"@type\":\"ListItem\",\"position\":1,\"name\":\"Home\",\"item\":\"https:\/\/plasticseurope.org\/es\/\"},{\"@type\":\"ListItem\",\"position\":2,\"name\":\"T\u00e9rminos y condiciones\"}]},{\"@type\":\"WebSite\",\"@id\":\"https:\/\/plasticseurope.org\/es\/#website\",\"url\":\"https:\/\/plasticseurope.org\/es\/\",\"name\":\"Plastics Europe ES\",\"description\":\"Enabling a sustainable future\",\"potentialAction\":[{\"@type\":\"SearchAction\",\"target\":{\"@type\":\"EntryPoint\",\"urlTemplate\":\"https:\/\/plasticseurope.org\/es\/?s={search_term_string}\"},\"query-input\":\"required name=search_term_string\"}],\"inLanguage\":\"es\"}]}<\/script>\n<!-- \/ Yoast SEO plugin. -->","yoast_head_json":{"title":"T\u00e9rminos y condiciones - Plastics Europe ES","robots":{"index":"index","follow":"follow","max-snippet":"max-snippet:-1","max-image-preview":"max-image-preview:large","max-video-preview":"max-video-preview:-1"},"canonical":"https:\/\/plasticseurope.org\/es\/terminos-y-condiciones\/","og_locale":"es_ES","og_type":"article","og_title":"T\u00e9rminos y condiciones - Plastics Europe ES","og_description":"T\u00e9rminos y condiciones de uso del sitio web de Plastics Europe. Estas condiciones pueden cambiar en cualquier momento. Informaci\u00f3n incluida El material contenido en este sitio web es solamente para informaci\u00f3n y uso general. No constituye un asesoramiento y no debe servir de base para tomar (o no tomar) una decisi\u00f3n. Este contenido se ofrece [&hellip;]","og_url":"https:\/\/plasticseurope.org\/es\/terminos-y-condiciones\/","og_site_name":"Plastics Europe ES","article_modified_time":"2021-10-24T21:20:39+00:00","twitter_card":"summary_large_image","twitter_misc":{"Tiempo de lectura":"2 minutos"},"schema":{"@context":"https:\/\/schema.org","@graph":[{"@type":"WebPage","@id":"https:\/\/plasticseurope.org\/es\/terminos-y-condiciones\/","url":"https:\/\/plasticseurope.org\/es\/terminos-y-condiciones\/","name":"T\u00e9rminos y condiciones - Plastics Europe ES","isPartOf":{"@id":"https:\/\/plasticseurope.org\/es\/#website"},"datePublished":"2021-10-24T21:19:54+00:00","dateModified":"2021-10-24T21:20:39+00:00","breadcrumb":{"@id":"https:\/\/plasticseurope.org\/es\/terminos-y-condiciones\/#breadcrumb"},"inLanguage":"es","potentialAction":[{"@type":"ReadAction","target":["https:\/\/plasticseurope.org\/es\/terminos-y-condiciones\/"]}]},{"@type":"BreadcrumbList","@id":"https:\/\/plasticseurope.org\/es\/terminos-y-condiciones\/#breadcrumb","itemListElement":[{"@type":"ListItem","position":1,"name":"Home","item":"https:\/\/plasticseurope.org\/es\/"},{"@type":"ListItem","position":2,"name":"T\u00e9rminos y condiciones"}]},{"@type":"WebSite","@id":"https:\/\/plasticseurope.org\/es\/#website","url":"https:\/\/plasticseurope.org\/es\/","name":"Plastics Europe ES","description":"Enabling a sustainable future","potentialAction":[{"@type":"SearchAction","target":{"@type":"EntryPoint","urlTemplate":"https:\/\/plasticseurope.org\/es\/?s={search_term_string}"},"query-input":"required name=search_term_string"}],"inLanguage":"es"}]}},"_links":{"self":[{"href":"https:\/\/plasticseurope.org\/es\/wp-json\/wp\/v2\/pages\/309","targetHints":{"allow":["GET"]}}],"collection":[{"href":"https:\/\/plasticseurope.org\/es\/wp-json\/wp\/v2\/pages"}],"about":[{"href":"https:\/\/plasticseurope.org\/es\/wp-json\/wp\/v2\/types\/page"}],"author":[{"embeddable":true,"href":"https:\/\/plasticseurope.org\/es\/wp-json\/wp\/v2\/users\/2"}],"replies":[{"embeddable":true,"href":"https:\/\/plasticseurope.org\/es\/wp-json\/wp\/v2\/comments?post=309"}],"version-history":[{"count":0,"href":"https:\/\/plasticseurope.org\/es\/wp-json\/wp\/v2\/pages\/309\/revisions"}],"wp:attachment":[{"href":"https:\/\/plasticseurope.org\/es\/wp-json\/wp\/v2\/media?parent=309"}],"curies":[{"name":"wp","href":"https:\/\/api.w.org\/{rel}","templated":true}]}}