{"id":1800,"date":"2024-05-24T13:43:49","date_gmt":"2024-05-24T13:43:49","guid":{"rendered":"https:\/\/plasticseurope.wpenginepowered.com\/es\/?page_id=1800"},"modified":"2024-05-29T12:50:41","modified_gmt":"2024-05-29T12:50:41","slug":"jornada-perspectivas-para-unos-plasticos-circulares-con-cero-emisiones-netas","status":"publish","type":"page","link":"https:\/\/plasticseurope.org\/es\/jornada-perspectivas-para-unos-plasticos-circulares-con-cero-emisiones-netas\/","title":{"rendered":"Jornada Perspectivas para unos Pl\u00e1sticos Circulares con Cero Emisiones Netas"},"content":{"rendered":"\n<p>Tras su presentaci\u00f3n ante la sociedad civil el pasado mes de noviembre, hemos celebrado un evento en el Congreso de los Diputados de Espa\u00f1a para presentar \u00abThe Plastics Transition\u00bb, nuestra hoja de ruta para que los pl\u00e1sticos en Europa sean circulares y con cero emisiones netas en 2050. Hemos querido hacer part\u00edcipes a las instituciones p\u00fablicas en este debate para analizar su contribuci\u00f3n en la transici\u00f3n de los pl\u00e1sticos hacia la circularidad y las cero emisiones netas manteniendo la competitividad de la industria europea.<br><br>En el programa de la jornada han participado voces expertas tanto del \u00e1mbito p\u00fablico como privado para debatir sobre las perspectivas de la industria. <\/p>\n\n\n\n<figure class=\"wp-block-image size-large is-resized\"><img loading=\"lazy\" decoding=\"async\" width=\"1024\" height=\"243\" src=\"https:\/\/plasticseurope.org\/es\/wp-content\/uploads\/sites\/4\/2023\/07\/Imagen-espacio-1024x243.png\" alt=\"\" class=\"wp-image-1137\" style=\"width:84px;height:auto\" srcset=\"https:\/\/plasticseurope.org\/es\/wp-content\/uploads\/sites\/4\/2023\/07\/Imagen-espacio-1024x243.png 1024w, https:\/\/plasticseurope.org\/es\/wp-content\/uploads\/sites\/4\/2023\/07\/Imagen-espacio-300x71.png 300w, https:\/\/plasticseurope.org\/es\/wp-content\/uploads\/sites\/4\/2023\/07\/Imagen-espacio-768x182.png 768w, https:\/\/plasticseurope.org\/es\/wp-content\/uploads\/sites\/4\/2023\/07\/Imagen-espacio-1536x364.png 1536w, https:\/\/plasticseurope.org\/es\/wp-content\/uploads\/sites\/4\/2023\/07\/Imagen-espacio-1280x303.png 1280w, https:\/\/plasticseurope.org\/es\/wp-content\/uploads\/sites\/4\/2023\/07\/Imagen-espacio.png 1600w\" sizes=\"auto, (max-width: 1024px) 100vw, 1024px\" \/><\/figure>\n\n\n\n<div class=\"wp-block-columns is-layout-flex wp-container-core-columns-is-layout-28f84493 wp-block-columns-is-layout-flex\">\n<div class=\"wp-block-column is-layout-flow wp-block-column-is-layout-flow\">\n<p class=\"has-text-align-center has-x-large-font-size\"><strong><mark style=\"background-color:#FFFFFF\" class=\"has-inline-color has-jade-color\">PROGRAMA<\/mark><\/strong><\/p>\n<\/div>\n\n\n\n<div class=\"wp-block-column is-layout-flow wp-block-column-is-layout-flow\">\n<p class=\"has-text-align-center has-x-large-font-size\"><strong><mark style=\"background-color:#FFFFFF\" class=\"has-inline-color has-jade-color\">VIDEO RESUMEN<\/mark><\/strong><\/p>\n<\/div>\n<\/div>\n\n\n\n<div class=\"wp-block-columns is-layout-flex wp-container-core-columns-is-layout-28f84493 wp-block-columns-is-layout-flex\">\n<div class=\"wp-block-column is-layout-flow wp-block-column-is-layout-flow\">\n<figure class=\"wp-block-image size-large\"><img loading=\"lazy\" decoding=\"async\" width=\"724\" height=\"1024\" src=\"https:\/\/plasticseurope.org\/es\/wp-content\/uploads\/sites\/4\/2024\/05\/Imagen-programa-724x1024.jpg\" alt=\"\" class=\"wp-image-1801\" srcset=\"https:\/\/plasticseurope.org\/es\/wp-content\/uploads\/sites\/4\/2024\/05\/Imagen-programa-724x1024.jpg 724w, https:\/\/plasticseurope.org\/es\/wp-content\/uploads\/sites\/4\/2024\/05\/Imagen-programa-212x300.jpg 212w, https:\/\/plasticseurope.org\/es\/wp-content\/uploads\/sites\/4\/2024\/05\/Imagen-programa-768x1086.jpg 768w, https:\/\/plasticseurope.org\/es\/wp-content\/uploads\/sites\/4\/2024\/05\/Imagen-programa-1086x1536.jpg 1086w, https:\/\/plasticseurope.org\/es\/wp-content\/uploads\/sites\/4\/2024\/05\/Imagen-programa-594x840.jpg 594w, https:\/\/plasticseurope.org\/es\/wp-content\/uploads\/sites\/4\/2024\/05\/Imagen-programa.jpg 1414w\" sizes=\"auto, (max-width: 724px) 100vw, 724px\" \/><\/figure>\n<\/div>\n\n\n\n<div class=\"wp-block-column is-layout-flow wp-block-column-is-layout-flow\">\n<figure class=\"wp-block-video\"><video height=\"2076\" style=\"aspect-ratio: 3840 \/ 2076;\" width=\"3840\" controls poster=\"https:\/\/plasticseurope.org\/es\/wp-content\/uploads\/sites\/4\/2024\/05\/P1081903-scaled.jpg\" src=\"https:\/\/plasticseurope.org\/es\/wp-content\/uploads\/sites\/4\/2024\/05\/Roadmap-at-Congreso-de-los-Diputados-1.mp4\"><\/video><\/figure>\n<\/div>\n<\/div>\n\n\n\n<p><\/p>\n\n\n\n<p><\/p>\n","protected":false},"excerpt":{"rendered":"<p>Tras su presentaci\u00f3n ante la sociedad civil el pasado mes de noviembre, hemos celebrado un evento en el Congreso de los Diputados de Espa\u00f1a para presentar \u00abThe Plastics Transition\u00bb, nuestra hoja de ruta para que los pl\u00e1sticos en Europa sean circulares y con cero emisiones netas en 2050. Hemos querido hacer part\u00edcipes a las instituciones [&hellip;]<\/p>\n","protected":false},"author":10,"featured_media":0,"parent":0,"menu_order":0,"comment_status":"closed","ping_status":"closed","template":"","meta":{"footnotes":""},"class_list":["post-1800","page","type-page","status-publish","hentry"],"acf":[],"yoast_head":"<!-- This site is optimized with the Yoast SEO plugin v21.6 - https:\/\/yoast.com\/wordpress\/plugins\/seo\/ -->\n<title>Jornada Perspectivas para unos Pl\u00e1sticos Circulares con Cero Emisiones Netas - Plastics Europe ES<\/title>\n<meta name=\"robots\" content=\"index, follow, max-snippet:-1, max-image-preview:large, max-video-preview:-1\" \/>\n<link rel=\"canonical\" href=\"https:\/\/plasticseurope.org\/es\/jornada-perspectivas-para-unos-plasticos-circulares-con-cero-emisiones-netas\/\" \/>\n<meta property=\"og:locale\" content=\"es_ES\" \/>\n<meta property=\"og:type\" content=\"article\" \/>\n<meta property=\"og:title\" content=\"Jornada Perspectivas para unos Pl\u00e1sticos Circulares con Cero Emisiones Netas - Plastics Europe ES\" \/>\n<meta property=\"og:description\" content=\"Tras su presentaci\u00f3n ante la sociedad civil el pasado mes de noviembre, hemos celebrado un evento en el Congreso de los Diputados de Espa\u00f1a para presentar \u00abThe Plastics Transition\u00bb, nuestra hoja de ruta para que los pl\u00e1sticos en Europa sean circulares y con cero emisiones netas en 2050. Hemos querido hacer part\u00edcipes a las instituciones [&hellip;]\" \/>\n<meta property=\"og:url\" content=\"https:\/\/plasticseurope.org\/es\/jornada-perspectivas-para-unos-plasticos-circulares-con-cero-emisiones-netas\/\" \/>\n<meta property=\"og:site_name\" content=\"Plastics Europe ES\" \/>\n<meta property=\"article:modified_time\" content=\"2024-05-29T12:50:41+00:00\" \/>\n<meta property=\"og:image\" content=\"https:\/\/plasticseurope.org\/es\/wp-content\/uploads\/sites\/4\/2023\/07\/Imagen-espacio-1024x243.png\" \/>\n<meta name=\"twitter:card\" content=\"summary_large_image\" \/>\n<meta name=\"twitter:label1\" content=\"Tiempo de lectura\" \/>\n\t<meta name=\"twitter:data1\" content=\"2 minutos\" \/>\n<script type=\"application\/ld+json\" class=\"yoast-schema-graph\">{\"@context\":\"https:\/\/schema.org\",\"@graph\":[{\"@type\":\"WebPage\",\"@id\":\"https:\/\/plasticseurope.org\/es\/jornada-perspectivas-para-unos-plasticos-circulares-con-cero-emisiones-netas\/\",\"url\":\"https:\/\/plasticseurope.org\/es\/jornada-perspectivas-para-unos-plasticos-circulares-con-cero-emisiones-netas\/\",\"name\":\"Jornada Perspectivas para unos Pl\u00e1sticos Circulares con Cero Emisiones Netas - Plastics Europe ES\",\"isPartOf\":{\"@id\":\"https:\/\/plasticseurope.org\/es\/#website\"},\"datePublished\":\"2024-05-24T13:43:49+00:00\",\"dateModified\":\"2024-05-29T12:50:41+00:00\",\"breadcrumb\":{\"@id\":\"https:\/\/plasticseurope.org\/es\/jornada-perspectivas-para-unos-plasticos-circulares-con-cero-emisiones-netas\/#breadcrumb\"},\"inLanguage\":\"es\",\"potentialAction\":[{\"@type\":\"ReadAction\",\"target\":[\"https:\/\/plasticseurope.org\/es\/jornada-perspectivas-para-unos-plasticos-circulares-con-cero-emisiones-netas\/\"]}]},{\"@type\":\"BreadcrumbList\",\"@id\":\"https:\/\/plasticseurope.org\/es\/jornada-perspectivas-para-unos-plasticos-circulares-con-cero-emisiones-netas\/#breadcrumb\",\"itemListElement\":[{\"@type\":\"ListItem\",\"position\":1,\"name\":\"Home\",\"item\":\"https:\/\/plasticseurope.org\/es\/\"},{\"@type\":\"ListItem\",\"position\":2,\"name\":\"Jornada Perspectivas para unos Pl\u00e1sticos Circulares con Cero Emisiones Netas\"}]},{\"@type\":\"WebSite\",\"@id\":\"https:\/\/plasticseurope.org\/es\/#website\",\"url\":\"https:\/\/plasticseurope.org\/es\/\",\"name\":\"Plastics Europe ES\",\"description\":\"Enabling a sustainable future\",\"potentialAction\":[{\"@type\":\"SearchAction\",\"target\":{\"@type\":\"EntryPoint\",\"urlTemplate\":\"https:\/\/plasticseurope.org\/es\/?s={search_term_string}\"},\"query-input\":\"required name=search_term_string\"}],\"inLanguage\":\"es\"}]}<\/script>\n<!-- \/ Yoast SEO plugin. -->","yoast_head_json":{"title":"Jornada Perspectivas para unos Pl\u00e1sticos Circulares con Cero Emisiones Netas - Plastics Europe ES","robots":{"index":"index","follow":"follow","max-snippet":"max-snippet:-1","max-image-preview":"max-image-preview:large","max-video-preview":"max-video-preview:-1"},"canonical":"https:\/\/plasticseurope.org\/es\/jornada-perspectivas-para-unos-plasticos-circulares-con-cero-emisiones-netas\/","og_locale":"es_ES","og_type":"article","og_title":"Jornada Perspectivas para unos Pl\u00e1sticos Circulares con Cero Emisiones Netas - Plastics Europe ES","og_description":"Tras su presentaci\u00f3n ante la sociedad civil el pasado mes de noviembre, hemos celebrado un evento en el Congreso de los Diputados de Espa\u00f1a para presentar \u00abThe Plastics Transition\u00bb, nuestra hoja de ruta para que los pl\u00e1sticos en Europa sean circulares y con cero emisiones netas en 2050. Hemos querido hacer part\u00edcipes a las instituciones [&hellip;]","og_url":"https:\/\/plasticseurope.org\/es\/jornada-perspectivas-para-unos-plasticos-circulares-con-cero-emisiones-netas\/","og_site_name":"Plastics Europe ES","article_modified_time":"2024-05-29T12:50:41+00:00","og_image":[{"url":"https:\/\/plasticseurope.org\/es\/wp-content\/uploads\/sites\/4\/2023\/07\/Imagen-espacio-1024x243.png"}],"twitter_card":"summary_large_image","twitter_misc":{"Tiempo de lectura":"2 minutos"},"schema":{"@context":"https:\/\/schema.org","@graph":[{"@type":"WebPage","@id":"https:\/\/plasticseurope.org\/es\/jornada-perspectivas-para-unos-plasticos-circulares-con-cero-emisiones-netas\/","url":"https:\/\/plasticseurope.org\/es\/jornada-perspectivas-para-unos-plasticos-circulares-con-cero-emisiones-netas\/","name":"Jornada Perspectivas para unos Pl\u00e1sticos Circulares con Cero Emisiones Netas - Plastics Europe ES","isPartOf":{"@id":"https:\/\/plasticseurope.org\/es\/#website"},"datePublished":"2024-05-24T13:43:49+00:00","dateModified":"2024-05-29T12:50:41+00:00","breadcrumb":{"@id":"https:\/\/plasticseurope.org\/es\/jornada-perspectivas-para-unos-plasticos-circulares-con-cero-emisiones-netas\/#breadcrumb"},"inLanguage":"es","potentialAction":[{"@type":"ReadAction","target":["https:\/\/plasticseurope.org\/es\/jornada-perspectivas-para-unos-plasticos-circulares-con-cero-emisiones-netas\/"]}]},{"@type":"BreadcrumbList","@id":"https:\/\/plasticseurope.org\/es\/jornada-perspectivas-para-unos-plasticos-circulares-con-cero-emisiones-netas\/#breadcrumb","itemListElement":[{"@type":"ListItem","position":1,"name":"Home","item":"https:\/\/plasticseurope.org\/es\/"},{"@type":"ListItem","position":2,"name":"Jornada Perspectivas para unos Pl\u00e1sticos Circulares con Cero Emisiones Netas"}]},{"@type":"WebSite","@id":"https:\/\/plasticseurope.org\/es\/#website","url":"https:\/\/plasticseurope.org\/es\/","name":"Plastics Europe ES","description":"Enabling a sustainable future","potentialAction":[{"@type":"SearchAction","target":{"@type":"EntryPoint","urlTemplate":"https:\/\/plasticseurope.org\/es\/?s={search_term_string}"},"query-input":"required name=search_term_string"}],"inLanguage":"es"}]}},"_links":{"self":[{"href":"https:\/\/plasticseurope.org\/es\/wp-json\/wp\/v2\/pages\/1800","targetHints":{"allow":["GET"]}}],"collection":[{"href":"https:\/\/plasticseurope.org\/es\/wp-json\/wp\/v2\/pages"}],"about":[{"href":"https:\/\/plasticseurope.org\/es\/wp-json\/wp\/v2\/types\/page"}],"author":[{"embeddable":true,"href":"https:\/\/plasticseurope.org\/es\/wp-json\/wp\/v2\/users\/10"}],"replies":[{"embeddable":true,"href":"https:\/\/plasticseurope.org\/es\/wp-json\/wp\/v2\/comments?post=1800"}],"version-history":[{"count":0,"href":"https:\/\/plasticseurope.org\/es\/wp-json\/wp\/v2\/pages\/1800\/revisions"}],"wp:attachment":[{"href":"https:\/\/plasticseurope.org\/es\/wp-json\/wp\/v2\/media?parent=1800"}],"curies":[{"name":"wp","href":"https:\/\/api.w.org\/{rel}","templated":true}]}}