{"id":7881,"date":"2023-08-18T07:20:07","date_gmt":"2023-08-18T07:20:07","guid":{"rendered":"https:\/\/plasticseurope.wpenginepowered.com\/de\/?page_id=7881"},"modified":"2023-08-18T08:43:08","modified_gmt":"2023-08-18T08:43:08","slug":"interviews","status":"publish","type":"page","link":"https:\/\/plasticseurope.org\/de\/changing-plastics-for-good\/interviews\/","title":{"rendered":"Stimmen aus der Industrie"},"content":{"rendered":"\n<p><a href=\"https:\/\/www.k-online.com\/\" target=\"_blank\" rel=\"noreferrer noopener\">Die K <\/a><strong>Messe <\/strong>war eine gro\u00dfartige Gelegenheit, uns sich die Fortschritte unserer Branche in Richtung Kreislaufwirtschaft und Klimaneutralit\u00e4t vor Augen zu f\u00fchren.&nbsp;Plastics Europe hat Stimmen aus der Industrie eingefangen, die ihre Prognosen und Priorit\u00e4ten f\u00fcr die Zukunft teilten.&nbsp;In Diskussionsformaten kamen w\u00e4hrend der Veranstaltung die F\u00fchrungskr\u00e4fte der Branche zusammen, um \u00fcber die Herausforderungen und Chancen zu diskutieren, denen sich die Kunststoffindustrie gegen\u00fcbersieht, und \u00fcber welche Rolle, Nachhaltigkeit bei der Entwicklung neuer Produkte und Prozesse spielt.<\/p>\n","protected":false},"excerpt":{"rendered":"<p>Die K Messe war eine gro\u00dfartige Gelegenheit, uns sich die Fortschritte unserer Branche in Richtung Kreislaufwirtschaft und Klimaneutralit\u00e4t vor Augen zu f\u00fchren.&nbsp;Plastics Europe hat Stimmen aus der Industrie eingefangen, die ihre Prognosen und Priorit\u00e4ten f\u00fcr die Zukunft teilten.&nbsp;In Diskussionsformaten kamen w\u00e4hrend der Veranstaltung die F\u00fchrungskr\u00e4fte der Branche zusammen, um \u00fcber die Herausforderungen und Chancen zu [&hellip;]<\/p>\n","protected":false},"author":1,"featured_media":7883,"parent":3533,"menu_order":0,"comment_status":"closed","ping_status":"closed","template":"views\/template-panellists.blade.php","meta":{"footnotes":""},"class_list":["post-7881","page","type-page","status-publish","has-post-thumbnail","hentry"],"acf":[],"yoast_head":"<!-- This site is optimized with the Yoast SEO plugin v21.6 - https:\/\/yoast.com\/wordpress\/plugins\/seo\/ -->\n<title>Stimmen aus der Industrie<\/title>\n<meta name=\"description\" content=\"Wir haben Stimmen aus der Industrie eingefangen, die ihre Prognosen und Priorit\u00e4ten f\u00fcr die Zukunft teilten.\u00a0\" \/>\n<meta name=\"robots\" content=\"index, follow, max-snippet:-1, max-image-preview:large, max-video-preview:-1\" \/>\n<link rel=\"canonical\" href=\"https:\/\/plasticseurope.org\/de\/changing-plastics-for-good\/interviews\/\" \/>\n<meta property=\"og:locale\" content=\"de_DE\" \/>\n<meta property=\"og:type\" content=\"article\" \/>\n<meta property=\"og:title\" content=\"Stimmen aus der Industrie\" \/>\n<meta property=\"og:description\" content=\"Wir haben Stimmen aus der Industrie eingefangen, die ihre Prognosen und Priorit\u00e4ten f\u00fcr die Zukunft teilten.\u00a0\" \/>\n<meta property=\"og:url\" content=\"https:\/\/plasticseurope.org\/de\/changing-plastics-for-good\/interviews\/\" \/>\n<meta property=\"og:site_name\" content=\"Plastics Europe DE\" \/>\n<meta property=\"article:modified_time\" content=\"2023-08-18T08:43:08+00:00\" \/>\n<meta property=\"og:image\" content=\"https:\/\/plasticseurope.org\/de\/wp-content\/uploads\/sites\/3\/2023\/08\/25_10_22_1005_F_UE_5372-scaled-1.jpg\" \/>\n\t<meta property=\"og:image:width\" content=\"2560\" \/>\n\t<meta property=\"og:image:height\" content=\"1706\" \/>\n\t<meta property=\"og:image:type\" content=\"image\/jpeg\" \/>\n<meta name=\"twitter:card\" content=\"summary_large_image\" \/>\n<meta name=\"twitter:title\" content=\"Stimmen aus der Industrie\" \/>\n<meta name=\"twitter:description\" content=\"Wir haben Stimmen aus der Industrie eingefangen, die ihre Prognosen und Priorit\u00e4ten f\u00fcr die Zukunft teilten.\u00a0\" \/>\n<meta name=\"twitter:image\" content=\"https:\/\/plasticseurope.org\/de\/wp-content\/uploads\/sites\/3\/2023\/08\/25_10_22_1005_F_UE_5372-scaled-1.jpg\" \/>\n<meta name=\"twitter:label1\" content=\"Gesch\u00e4tzte Lesezeit\" \/>\n\t<meta name=\"twitter:data1\" content=\"1 Minute\" \/>\n<script type=\"application\/ld+json\" class=\"yoast-schema-graph\">{\"@context\":\"https:\/\/schema.org\",\"@graph\":[{\"@type\":\"WebPage\",\"@id\":\"https:\/\/plasticseurope.org\/de\/changing-plastics-for-good\/interviews\/\",\"url\":\"https:\/\/plasticseurope.org\/de\/changing-plastics-for-good\/interviews\/\",\"name\":\"Stimmen aus der Industrie\",\"isPartOf\":{\"@id\":\"https:\/\/plasticseurope.org\/de\/#website\"},\"datePublished\":\"2023-08-18T07:20:07+00:00\",\"dateModified\":\"2023-08-18T08:43:08+00:00\",\"description\":\"Wir haben Stimmen aus der Industrie eingefangen, die ihre Prognosen und Priorit\u00e4ten f\u00fcr die Zukunft teilten.\u00a0\",\"breadcrumb\":{\"@id\":\"https:\/\/plasticseurope.org\/de\/changing-plastics-for-good\/interviews\/#breadcrumb\"},\"inLanguage\":\"de-DE\",\"potentialAction\":[{\"@type\":\"ReadAction\",\"target\":[\"https:\/\/plasticseurope.org\/de\/changing-plastics-for-good\/interviews\/\"]}]},{\"@type\":\"BreadcrumbList\",\"@id\":\"https:\/\/plasticseurope.org\/de\/changing-plastics-for-good\/interviews\/#breadcrumb\",\"itemListElement\":[{\"@type\":\"ListItem\",\"position\":1,\"name\":\"Home\",\"item\":\"https:\/\/plasticseurope.org\/de\/\"},{\"@type\":\"ListItem\",\"position\":2,\"name\":\"#ChangingPlasticsforGood\",\"item\":\"https:\/\/plasticseurope.org\/de\/changing-plastics-for-good\/\"},{\"@type\":\"ListItem\",\"position\":3,\"name\":\"Stimmen aus der Industrie\"}]},{\"@type\":\"WebSite\",\"@id\":\"https:\/\/plasticseurope.org\/de\/#website\",\"url\":\"https:\/\/plasticseurope.org\/de\/\",\"name\":\"Plastics Europe DE\",\"description\":\"Enabling a sustainable future\",\"potentialAction\":[{\"@type\":\"SearchAction\",\"target\":{\"@type\":\"EntryPoint\",\"urlTemplate\":\"https:\/\/plasticseurope.org\/de\/?s={search_term_string}\"},\"query-input\":\"required name=search_term_string\"}],\"inLanguage\":\"de-DE\"}]}<\/script>\n<!-- \/ Yoast SEO plugin. -->","yoast_head_json":{"title":"Stimmen aus der Industrie","description":"Wir haben Stimmen aus der Industrie eingefangen, die ihre Prognosen und Priorit\u00e4ten f\u00fcr die Zukunft teilten.\u00a0","robots":{"index":"index","follow":"follow","max-snippet":"max-snippet:-1","max-image-preview":"max-image-preview:large","max-video-preview":"max-video-preview:-1"},"canonical":"https:\/\/plasticseurope.org\/de\/changing-plastics-for-good\/interviews\/","og_locale":"de_DE","og_type":"article","og_title":"Stimmen aus der Industrie","og_description":"Wir haben Stimmen aus der Industrie eingefangen, die ihre Prognosen und Priorit\u00e4ten f\u00fcr die Zukunft teilten.\u00a0","og_url":"https:\/\/plasticseurope.org\/de\/changing-plastics-for-good\/interviews\/","og_site_name":"Plastics Europe DE","article_modified_time":"2023-08-18T08:43:08+00:00","og_image":[{"width":2560,"height":1706,"url":"https:\/\/plasticseurope.org\/de\/wp-content\/uploads\/sites\/3\/2023\/08\/25_10_22_1005_F_UE_5372-scaled-1.jpg","type":"image\/jpeg"}],"twitter_card":"summary_large_image","twitter_title":"Stimmen aus der Industrie","twitter_description":"Wir haben Stimmen aus der Industrie eingefangen, die ihre Prognosen und Priorit\u00e4ten f\u00fcr die Zukunft teilten.\u00a0","twitter_image":"https:\/\/plasticseurope.org\/de\/wp-content\/uploads\/sites\/3\/2023\/08\/25_10_22_1005_F_UE_5372-scaled-1.jpg","twitter_misc":{"Gesch\u00e4tzte Lesezeit":"1 Minute"},"schema":{"@context":"https:\/\/schema.org","@graph":[{"@type":"WebPage","@id":"https:\/\/plasticseurope.org\/de\/changing-plastics-for-good\/interviews\/","url":"https:\/\/plasticseurope.org\/de\/changing-plastics-for-good\/interviews\/","name":"Stimmen aus der Industrie","isPartOf":{"@id":"https:\/\/plasticseurope.org\/de\/#website"},"datePublished":"2023-08-18T07:20:07+00:00","dateModified":"2023-08-18T08:43:08+00:00","description":"Wir haben Stimmen aus der Industrie eingefangen, die ihre Prognosen und Priorit\u00e4ten f\u00fcr die Zukunft teilten.\u00a0","breadcrumb":{"@id":"https:\/\/plasticseurope.org\/de\/changing-plastics-for-good\/interviews\/#breadcrumb"},"inLanguage":"de-DE","potentialAction":[{"@type":"ReadAction","target":["https:\/\/plasticseurope.org\/de\/changing-plastics-for-good\/interviews\/"]}]},{"@type":"BreadcrumbList","@id":"https:\/\/plasticseurope.org\/de\/changing-plastics-for-good\/interviews\/#breadcrumb","itemListElement":[{"@type":"ListItem","position":1,"name":"Home","item":"https:\/\/plasticseurope.org\/de\/"},{"@type":"ListItem","position":2,"name":"#ChangingPlasticsforGood","item":"https:\/\/plasticseurope.org\/de\/changing-plastics-for-good\/"},{"@type":"ListItem","position":3,"name":"Stimmen aus der Industrie"}]},{"@type":"WebSite","@id":"https:\/\/plasticseurope.org\/de\/#website","url":"https:\/\/plasticseurope.org\/de\/","name":"Plastics Europe DE","description":"Enabling a sustainable future","potentialAction":[{"@type":"SearchAction","target":{"@type":"EntryPoint","urlTemplate":"https:\/\/plasticseurope.org\/de\/?s={search_term_string}"},"query-input":"required name=search_term_string"}],"inLanguage":"de-DE"}]}},"_links":{"self":[{"href":"https:\/\/plasticseurope.org\/de\/wp-json\/wp\/v2\/pages\/7881","targetHints":{"allow":["GET"]}}],"collection":[{"href":"https:\/\/plasticseurope.org\/de\/wp-json\/wp\/v2\/pages"}],"about":[{"href":"https:\/\/plasticseurope.org\/de\/wp-json\/wp\/v2\/types\/page"}],"author":[{"embeddable":true,"href":"https:\/\/plasticseurope.org\/de\/wp-json\/wp\/v2\/users\/1"}],"replies":[{"embeddable":true,"href":"https:\/\/plasticseurope.org\/de\/wp-json\/wp\/v2\/comments?post=7881"}],"version-history":[{"count":0,"href":"https:\/\/plasticseurope.org\/de\/wp-json\/wp\/v2\/pages\/7881\/revisions"}],"up":[{"embeddable":true,"href":"https:\/\/plasticseurope.org\/de\/wp-json\/wp\/v2\/pages\/3533"}],"wp:featuredmedia":[{"embeddable":true,"href":"https:\/\/plasticseurope.org\/de\/wp-json\/wp\/v2\/media\/7883"}],"wp:attachment":[{"href":"https:\/\/plasticseurope.org\/de\/wp-json\/wp\/v2\/media?parent=7881"}],"curies":[{"name":"wp","href":"https:\/\/api.w.org\/{rel}","templated":true}]}}