{"id":56,"date":"2021-10-23T08:17:59","date_gmt":"2021-10-23T08:17:59","guid":{"rendered":"https:\/\/plasticseurope.wpenginepowered.com\/de\/uber-uns\/"},"modified":"2021-12-13T12:25:52","modified_gmt":"2021-12-13T12:25:52","slug":"uber-uns","status":"publish","type":"page","link":"https:\/\/plasticseurope.org\/de\/uber-uns\/","title":{"rendered":"\u00dcber uns"},"content":{"rendered":"\n<div style=\"height:16px\" aria-hidden=\"true\" class=\"wp-block-spacer\"><\/div>\n\n\n\n<p><span class=\"has-inline-color has-jade-color\"><strong>PlasticsEurope Deutschland e. V<\/strong>.<\/span> ist der Verband der Kunststofferzeuger in Deutschland. Wir sind ein Fachverband des <a href=\"https:\/\/www.vci.de\/startseite.jsp\" target=\"_blank\" rel=\"noreferrer noopener\">Verbandes der Chemischen Industrie <\/a>(VCI) und Teil des europ\u00e4ischen Netzwerks <a href=\"https:\/\/www.plasticseurope.org\/en\" target=\"_blank\" rel=\"noreferrer noopener\">Plastics Europe <\/a>mit Vertretung in Br\u00fcssel und den europ\u00e4ischen Wirtschaftszentren- und Hauptst\u00e4dten.<\/p>\n\n\n\n<p>Die europ\u00e4ische Kunststoffindustrie m\u00f6chte auch in Zukunft einen wesentlichen Beitrag zum Wohlstand leisten. Unser Ziel: Mit Innovationen Lebensqualit\u00e4t verbessern, Ressourcen effizient nutzen und das Klima sch\u00fctzen. Kunststoffe sind als Werkstoff essentiell f\u00fcr ein nachhaltiges Leben und f\u00fcr das Erreichen der Klimaschutzziele. Ob Windr\u00e4der, Energiesparh\u00e4user oder E-Mobili\u00e4t: leistungsf\u00e4hige Kunststoffe erm\u00f6glichen es Ressourcen und CO<sub>2<\/sub> einzusparen.<\/p>\n\n\n\n<p>Derzeit arbeiten in der Kunststoffindustrie EU-weit mehr als 1,5 Millionen Menschen in etwa 55.000 Unternehmen.<\/p>\n\n\n\n<p> <\/p>\n\n\n\n<p><br><span class=\"has-inline-color has-jade-color\"><strong>Was wollen wir erreichen?<\/strong> <\/span><br>Die Kunststoffindustrie befindet sich in einer umfassenden Transformation zur Kreislaufwirtschaft. Das Ziel der Kreislaufwirtschaft ist, es Kunststoffe so effizient und lange wie m\u00f6glich zu nutzen und anschlie\u00dfend wieder zur\u00fcckzugewinnen. Deshalb wird der gesamte Lebensweg eines Kunststoffs von Beginn an mitgedacht: Von der Rohstoffgewinnung \u00fcber die Herstellung, Verarbeitung und Nutzung bis hin zur Wiederverwertung.<\/p>\n\n\n\n<p>Die Transformation zur Kreislaufwirtschaft erfordert Entschlossenheit, interdisziplin\u00e4res Denken und neue Ideen. Daf\u00fcr ist ein gutes Zusammenspiel unterschiedlicher Akteure der Wirtschaft, Politik und einer Vielzahl an gesellschaftlichen Gruppen wichtig.<\/p>\n\n\n\n<p><\/p>\n\n\n\n<p><br><strong><span class=\"has-inline-color has-jade-color\">Wie wollen wir unser Ziel erreichen?<\/span><\/strong><br>Um dieses Zusammenspiel zu f\u00f6rdern, vermitteln wir relevantes Fachwissen und innovative L\u00f6sungsans\u00e4tze.\u00a0 Diese wollen wir transparent darstellen, diskutieren und in politische und gesellschaftliche Entscheidungsprozesse einbringen. Unser Anspruch ist es, Herausforderungen, Ideen und Kritik zu verstehen und interessierten Menschen Rede und Antwort zu stehen.<\/p>\n\n\n\n<p><\/p>\n\n\n\n<p><br><strong><span class=\"has-inline-color has-jade-color\">Verhaltenskodex f\u00fcr die verantwortungsvolle Interessenvertretung<\/span><\/strong><br>Wir stehen im regelm\u00e4\u00dfigen Austausch mit Vertretern der Politik und den Medien, und engagieren uns in \u00f6ffentlichen Diskussionen. Alle unsere Aktivit\u00e4ten orientieren sich an Offenheit, Transparenz und Integrit\u00e4t. Unser Engagement beruht auf der Vermittlung und Diskussion von faktenbasierten Informationen und Argumenten. Die folgenden Grunds\u00e4tze gelten f\u00fcr alle unsere Mitarbeiter sowie Vertreter von Mitgliedsunternehmen, mit denen wir uns in gemeinsamen Gespr\u00e4chen und Veranstaltungen engagieren.Wir von Plastics Europe haben uns zu dieser Transformation verpflichtet und wollen eine nachhaltige Zukunft f\u00fcr unsere Mitgliedsunternehmen, Partner und die Gesellschaft insgesamt erreichen.<\/p>\n\n\n\n<p>Den Verhaltenskodex f\u00fcr die verantwortungsvolle Interessenvertretung k\u00f6nnen Sie <a href=\"https:\/\/plasticseurope.org\/de\/wp-content\/uploads\/sites\/3\/2021\/12\/Verhaltenskodex-PlasticsEurope-Deutschland-eV.pdf\" target=\"_blank\" rel=\"noreferrer noopener\">hier <\/a>downloaden.<\/p>\n","protected":false},"excerpt":{"rendered":"<p>PlasticsEurope Deutschland e. V. ist der Verband der Kunststofferzeuger in Deutschland. Wir sind ein Fachverband des Verbandes der Chemischen Industrie (VCI) und Teil des europ\u00e4ischen Netzwerks Plastics Europe mit Vertretung in Br\u00fcssel und den europ\u00e4ischen Wirtschaftszentren- und Hauptst\u00e4dten. Die europ\u00e4ische Kunststoffindustrie m\u00f6chte auch in Zukunft einen wesentlichen Beitrag zum Wohlstand leisten. Unser Ziel: Mit Innovationen [&hellip;]<\/p>\n","protected":false},"author":1,"featured_media":66,"parent":0,"menu_order":0,"comment_status":"closed","ping_status":"closed","template":"","meta":{"footnotes":""},"class_list":["post-56","page","type-page","status-publish","has-post-thumbnail","hentry"],"acf":[],"yoast_head":"<!-- This site is optimized with the Yoast SEO plugin v21.6 - https:\/\/yoast.com\/wordpress\/plugins\/seo\/ -->\n<title>\u00dcber uns - Plastics Europe DE<\/title>\n<meta name=\"description\" content=\"PlasticsEurope Deutschland e. V. ist der Verband der Kunststofferzeuger in Deutschland. Wir sind ein Fachverband des Verbandes der Chemischen Industrie (VCI) und Teil des europ\u00e4ischen Netzwerks Plastics Europe mit Vertretung in Br\u00fcssel und den europ\u00e4ischen Wirtschaftszentren- und Hauptst\u00e4dten.\" \/>\n<meta name=\"robots\" content=\"index, follow, max-snippet:-1, max-image-preview:large, max-video-preview:-1\" \/>\n<link rel=\"canonical\" href=\"https:\/\/plasticseurope.org\/de\/uber-uns\/\" \/>\n<meta property=\"og:locale\" content=\"de_DE\" \/>\n<meta property=\"og:type\" content=\"article\" \/>\n<meta property=\"og:title\" content=\"\u00dcber uns - Plastics Europe DE\" \/>\n<meta property=\"og:description\" content=\"PlasticsEurope Deutschland e. V. ist der Verband der Kunststofferzeuger in Deutschland. Wir sind ein Fachverband des Verbandes der Chemischen Industrie (VCI) und Teil des europ\u00e4ischen Netzwerks Plastics Europe mit Vertretung in Br\u00fcssel und den europ\u00e4ischen Wirtschaftszentren- und Hauptst\u00e4dten.\" \/>\n<meta property=\"og:url\" content=\"https:\/\/plasticseurope.org\/de\/uber-uns\/\" \/>\n<meta property=\"og:site_name\" content=\"Plastics Europe DE\" \/>\n<meta property=\"article:modified_time\" content=\"2021-12-13T12:25:52+00:00\" \/>\n<meta property=\"og:image\" content=\"https:\/\/plasticseurope.org\/de\/wp-content\/uploads\/sites\/3\/2021\/10\/shutterstock_woman-yellow-raincoat789044530-scaled.jpg\" \/>\n\t<meta property=\"og:image:width\" content=\"2560\" \/>\n\t<meta property=\"og:image:height\" content=\"1707\" \/>\n\t<meta property=\"og:image:type\" content=\"image\/jpeg\" \/>\n<meta name=\"twitter:card\" content=\"summary_large_image\" \/>\n<meta name=\"twitter:label1\" content=\"Gesch\u00e4tzte Lesezeit\" \/>\n\t<meta name=\"twitter:data1\" content=\"2 Minuten\" \/>\n<script type=\"application\/ld+json\" class=\"yoast-schema-graph\">{\"@context\":\"https:\/\/schema.org\",\"@graph\":[{\"@type\":\"WebPage\",\"@id\":\"https:\/\/plasticseurope.org\/de\/uber-uns\/\",\"url\":\"https:\/\/plasticseurope.org\/de\/uber-uns\/\",\"name\":\"\u00dcber uns - Plastics Europe DE\",\"isPartOf\":{\"@id\":\"https:\/\/plasticseurope.org\/de\/#website\"},\"datePublished\":\"2021-10-23T08:17:59+00:00\",\"dateModified\":\"2021-12-13T12:25:52+00:00\",\"description\":\"PlasticsEurope Deutschland e. V. ist der Verband der Kunststofferzeuger in Deutschland. Wir sind ein Fachverband des Verbandes der Chemischen Industrie (VCI) und Teil des europ\u00e4ischen Netzwerks Plastics Europe mit Vertretung in Br\u00fcssel und den europ\u00e4ischen Wirtschaftszentren- und Hauptst\u00e4dten.\",\"breadcrumb\":{\"@id\":\"https:\/\/plasticseurope.org\/de\/uber-uns\/#breadcrumb\"},\"inLanguage\":\"de-DE\",\"potentialAction\":[{\"@type\":\"ReadAction\",\"target\":[\"https:\/\/plasticseurope.org\/de\/uber-uns\/\"]}]},{\"@type\":\"BreadcrumbList\",\"@id\":\"https:\/\/plasticseurope.org\/de\/uber-uns\/#breadcrumb\",\"itemListElement\":[{\"@type\":\"ListItem\",\"position\":1,\"name\":\"Home\",\"item\":\"https:\/\/plasticseurope.org\/de\/\"},{\"@type\":\"ListItem\",\"position\":2,\"name\":\"\u00dcber uns\"}]},{\"@type\":\"WebSite\",\"@id\":\"https:\/\/plasticseurope.org\/de\/#website\",\"url\":\"https:\/\/plasticseurope.org\/de\/\",\"name\":\"Plastics Europe DE\",\"description\":\"Enabling a sustainable future\",\"potentialAction\":[{\"@type\":\"SearchAction\",\"target\":{\"@type\":\"EntryPoint\",\"urlTemplate\":\"https:\/\/plasticseurope.org\/de\/?s={search_term_string}\"},\"query-input\":\"required name=search_term_string\"}],\"inLanguage\":\"de-DE\"}]}<\/script>\n<!-- \/ Yoast SEO plugin. -->","yoast_head_json":{"title":"\u00dcber uns - Plastics Europe DE","description":"PlasticsEurope Deutschland e. V. ist der Verband der Kunststofferzeuger in Deutschland. Wir sind ein Fachverband des Verbandes der Chemischen Industrie (VCI) und Teil des europ\u00e4ischen Netzwerks Plastics Europe mit Vertretung in Br\u00fcssel und den europ\u00e4ischen Wirtschaftszentren- und Hauptst\u00e4dten.","robots":{"index":"index","follow":"follow","max-snippet":"max-snippet:-1","max-image-preview":"max-image-preview:large","max-video-preview":"max-video-preview:-1"},"canonical":"https:\/\/plasticseurope.org\/de\/uber-uns\/","og_locale":"de_DE","og_type":"article","og_title":"\u00dcber uns - Plastics Europe DE","og_description":"PlasticsEurope Deutschland e. V. ist der Verband der Kunststofferzeuger in Deutschland. Wir sind ein Fachverband des Verbandes der Chemischen Industrie (VCI) und Teil des europ\u00e4ischen Netzwerks Plastics Europe mit Vertretung in Br\u00fcssel und den europ\u00e4ischen Wirtschaftszentren- und Hauptst\u00e4dten.","og_url":"https:\/\/plasticseurope.org\/de\/uber-uns\/","og_site_name":"Plastics Europe DE","article_modified_time":"2021-12-13T12:25:52+00:00","og_image":[{"width":2560,"height":1707,"url":"https:\/\/plasticseurope.org\/de\/wp-content\/uploads\/sites\/3\/2021\/10\/shutterstock_woman-yellow-raincoat789044530-scaled.jpg","type":"image\/jpeg"}],"twitter_card":"summary_large_image","twitter_misc":{"Gesch\u00e4tzte Lesezeit":"2 Minuten"},"schema":{"@context":"https:\/\/schema.org","@graph":[{"@type":"WebPage","@id":"https:\/\/plasticseurope.org\/de\/uber-uns\/","url":"https:\/\/plasticseurope.org\/de\/uber-uns\/","name":"\u00dcber uns - Plastics Europe DE","isPartOf":{"@id":"https:\/\/plasticseurope.org\/de\/#website"},"datePublished":"2021-10-23T08:17:59+00:00","dateModified":"2021-12-13T12:25:52+00:00","description":"PlasticsEurope Deutschland e. V. ist der Verband der Kunststofferzeuger in Deutschland. Wir sind ein Fachverband des Verbandes der Chemischen Industrie (VCI) und Teil des europ\u00e4ischen Netzwerks Plastics Europe mit Vertretung in Br\u00fcssel und den europ\u00e4ischen Wirtschaftszentren- und Hauptst\u00e4dten.","breadcrumb":{"@id":"https:\/\/plasticseurope.org\/de\/uber-uns\/#breadcrumb"},"inLanguage":"de-DE","potentialAction":[{"@type":"ReadAction","target":["https:\/\/plasticseurope.org\/de\/uber-uns\/"]}]},{"@type":"BreadcrumbList","@id":"https:\/\/plasticseurope.org\/de\/uber-uns\/#breadcrumb","itemListElement":[{"@type":"ListItem","position":1,"name":"Home","item":"https:\/\/plasticseurope.org\/de\/"},{"@type":"ListItem","position":2,"name":"\u00dcber uns"}]},{"@type":"WebSite","@id":"https:\/\/plasticseurope.org\/de\/#website","url":"https:\/\/plasticseurope.org\/de\/","name":"Plastics Europe DE","description":"Enabling a sustainable future","potentialAction":[{"@type":"SearchAction","target":{"@type":"EntryPoint","urlTemplate":"https:\/\/plasticseurope.org\/de\/?s={search_term_string}"},"query-input":"required name=search_term_string"}],"inLanguage":"de-DE"}]}},"_links":{"self":[{"href":"https:\/\/plasticseurope.org\/de\/wp-json\/wp\/v2\/pages\/56","targetHints":{"allow":["GET"]}}],"collection":[{"href":"https:\/\/plasticseurope.org\/de\/wp-json\/wp\/v2\/pages"}],"about":[{"href":"https:\/\/plasticseurope.org\/de\/wp-json\/wp\/v2\/types\/page"}],"author":[{"embeddable":true,"href":"https:\/\/plasticseurope.org\/de\/wp-json\/wp\/v2\/users\/1"}],"replies":[{"embeddable":true,"href":"https:\/\/plasticseurope.org\/de\/wp-json\/wp\/v2\/comments?post=56"}],"version-history":[{"count":0,"href":"https:\/\/plasticseurope.org\/de\/wp-json\/wp\/v2\/pages\/56\/revisions"}],"wp:featuredmedia":[{"embeddable":true,"href":"https:\/\/plasticseurope.org\/de\/wp-json\/wp\/v2\/media\/66"}],"wp:attachment":[{"href":"https:\/\/plasticseurope.org\/de\/wp-json\/wp\/v2\/media?parent=56"}],"curies":[{"name":"wp","href":"https:\/\/api.w.org\/{rel}","templated":true}]}}