{"id":53,"date":"2021-10-23T08:17:59","date_gmt":"2021-10-23T08:17:59","guid":{"rendered":"https:\/\/plasticseurope.wpenginepowered.com\/de\/unsere-themen\/"},"modified":"2022-05-06T07:24:14","modified_gmt":"2022-05-06T07:24:14","slug":"unsere-themen","status":"publish","type":"page","link":"https:\/\/plasticseurope.org\/de\/unsere-themen\/","title":{"rendered":"Unsere Themen"},"content":{"rendered":"\n<div class=\"wp-block-columns is-layout-flex wp-container-core-columns-is-layout-28f84493 wp-block-columns-is-layout-flex\">\n<div class=\"wp-block-column is-layout-flow wp-block-column-is-layout-flow\" style=\"flex-basis:66.66%\">\n<p class=\"has-large-font-size\">Da die uns begleitenden Herausforderungen immer dr\u00e4ngender werden, forcieren wir unseren Beitrag zur nachhaltigen Produktion und zur sicheren Verwendung von Kunststoffen. Gleichzeitig stellen wir sicher, dass Kunststoffe weiterhin viel zu florierenden Gesellschaften, wachsenden Volkswirtschaften und einer Reduzierung von Treibhausgasemissionen beitragen.<\/p>\n<\/div>\n\n\n\n<div class=\"wp-block-column is-layout-flow wp-block-column-is-layout-flow\" style=\"flex-basis:33.33%\">\n<p>Mit der Arbeit und den Projekten unserer Mitgliedsunternehmen sowie mit Brancheninitiativen und Kampagnen in Partnerschaft mit der Wertsch\u00f6pfungskette ergreifen wir die notwendigen Ma\u00dfnahmen f\u00fcr eine nachhaltige Zukunft mit Kunststoffen.<\/p>\n<\/div>\n<\/div>\n\n\n\n<div style=\"height:48px\" aria-hidden=\"true\" class=\"wp-block-spacer\"><\/div>\n\n\n\n<h2 class=\"wp-block-heading\">In die n\u00e4chste Generation investieren<\/h2>\n\n\n\n<div class=\"wp-block-columns is-layout-flex wp-container-core-columns-is-layout-28f84493 wp-block-columns-is-layout-flex\">\n<div class=\"wp-block-column is-layout-flow wp-block-column-is-layout-flow\" style=\"flex-basis:70%\">\n<p>F\u00fcr uns alle ist es essenziell, Kunststoffe und ihre Rolle in unserer modernen Welt zu verstehen. Plastics Europe bietet daher auch spezielles <a href=\"https:\/\/plasticseurope.org\/de\/uber-uns\/kunststoff-und-schule\/\" target=\"_blank\" rel=\"noreferrer noopener\">Informationsmaterial <\/a>f\u00fcr junge Lernende in ganz Europa, die Produktion, Verwendung und Wiederverwertung von Kunststoffen kennen zu lernen.<\/p>\n<\/div>\n\n\n\n<div class=\"wp-block-column is-layout-flow wp-block-column-is-layout-flow\" style=\"flex-basis:30%\"><\/div>\n<\/div>\n\n\n\n<p><\/p>\n","protected":false},"excerpt":{"rendered":"<p>Da die uns begleitenden Herausforderungen immer dr\u00e4ngender werden, forcieren wir unseren Beitrag zur nachhaltigen Produktion und zur sicheren Verwendung von Kunststoffen. Gleichzeitig stellen wir sicher, dass Kunststoffe weiterhin viel zu florierenden Gesellschaften, wachsenden Volkswirtschaften und einer Reduzierung von Treibhausgasemissionen beitragen. Mit der Arbeit und den Projekten unserer Mitgliedsunternehmen sowie mit Brancheninitiativen und Kampagnen in Partnerschaft [&hellip;]<\/p>\n","protected":false},"author":1,"featured_media":103,"parent":0,"menu_order":0,"comment_status":"closed","ping_status":"closed","template":"","meta":{"footnotes":""},"class_list":["post-53","page","type-page","status-publish","has-post-thumbnail","hentry"],"acf":[],"yoast_head":"<!-- This site is optimized with the Yoast SEO plugin v21.6 - https:\/\/yoast.com\/wordpress\/plugins\/seo\/ -->\n<title>Unsere Themen - Plastics Europe DE<\/title>\n<meta name=\"robots\" content=\"index, follow, max-snippet:-1, max-image-preview:large, max-video-preview:-1\" \/>\n<link rel=\"canonical\" href=\"https:\/\/plasticseurope.org\/de\/unsere-themen\/\" \/>\n<meta property=\"og:locale\" content=\"de_DE\" \/>\n<meta property=\"og:type\" content=\"article\" \/>\n<meta property=\"og:title\" content=\"Unsere Themen - Plastics Europe DE\" \/>\n<meta property=\"og:description\" content=\"Da die uns begleitenden Herausforderungen immer dr\u00e4ngender werden, forcieren wir unseren Beitrag zur nachhaltigen Produktion und zur sicheren Verwendung von Kunststoffen. Gleichzeitig stellen wir sicher, dass Kunststoffe weiterhin viel zu florierenden Gesellschaften, wachsenden Volkswirtschaften und einer Reduzierung von Treibhausgasemissionen beitragen. Mit der Arbeit und den Projekten unserer Mitgliedsunternehmen sowie mit Brancheninitiativen und Kampagnen in Partnerschaft [&hellip;]\" \/>\n<meta property=\"og:url\" content=\"https:\/\/plasticseurope.org\/de\/unsere-themen\/\" \/>\n<meta property=\"og:site_name\" content=\"Plastics Europe DE\" \/>\n<meta property=\"article:modified_time\" content=\"2022-05-06T07:24:14+00:00\" \/>\n<meta property=\"og:image\" content=\"https:\/\/plasticseurope.org\/de\/wp-content\/uploads\/sites\/3\/2021\/10\/plastic-innovation-collaboration-scaled.jpg\" \/>\n\t<meta property=\"og:image:width\" content=\"2560\" \/>\n\t<meta property=\"og:image:height\" content=\"1440\" \/>\n\t<meta property=\"og:image:type\" content=\"image\/jpeg\" \/>\n<meta name=\"twitter:card\" content=\"summary_large_image\" \/>\n<meta name=\"twitter:label1\" content=\"Gesch\u00e4tzte Lesezeit\" \/>\n\t<meta name=\"twitter:data1\" content=\"1 Minute\" \/>\n<script type=\"application\/ld+json\" class=\"yoast-schema-graph\">{\"@context\":\"https:\/\/schema.org\",\"@graph\":[{\"@type\":\"WebPage\",\"@id\":\"https:\/\/plasticseurope.org\/de\/unsere-themen\/\",\"url\":\"https:\/\/plasticseurope.org\/de\/unsere-themen\/\",\"name\":\"Unsere Themen - Plastics Europe DE\",\"isPartOf\":{\"@id\":\"https:\/\/plasticseurope.org\/de\/#website\"},\"datePublished\":\"2021-10-23T08:17:59+00:00\",\"dateModified\":\"2022-05-06T07:24:14+00:00\",\"breadcrumb\":{\"@id\":\"https:\/\/plasticseurope.org\/de\/unsere-themen\/#breadcrumb\"},\"inLanguage\":\"de-DE\",\"potentialAction\":[{\"@type\":\"ReadAction\",\"target\":[\"https:\/\/plasticseurope.org\/de\/unsere-themen\/\"]}]},{\"@type\":\"BreadcrumbList\",\"@id\":\"https:\/\/plasticseurope.org\/de\/unsere-themen\/#breadcrumb\",\"itemListElement\":[{\"@type\":\"ListItem\",\"position\":1,\"name\":\"Home\",\"item\":\"https:\/\/plasticseurope.org\/de\/\"},{\"@type\":\"ListItem\",\"position\":2,\"name\":\"Unsere Themen\"}]},{\"@type\":\"WebSite\",\"@id\":\"https:\/\/plasticseurope.org\/de\/#website\",\"url\":\"https:\/\/plasticseurope.org\/de\/\",\"name\":\"Plastics Europe DE\",\"description\":\"Enabling a sustainable future\",\"potentialAction\":[{\"@type\":\"SearchAction\",\"target\":{\"@type\":\"EntryPoint\",\"urlTemplate\":\"https:\/\/plasticseurope.org\/de\/?s={search_term_string}\"},\"query-input\":\"required name=search_term_string\"}],\"inLanguage\":\"de-DE\"}]}<\/script>\n<!-- \/ Yoast SEO plugin. -->","yoast_head_json":{"title":"Unsere Themen - Plastics Europe DE","robots":{"index":"index","follow":"follow","max-snippet":"max-snippet:-1","max-image-preview":"max-image-preview:large","max-video-preview":"max-video-preview:-1"},"canonical":"https:\/\/plasticseurope.org\/de\/unsere-themen\/","og_locale":"de_DE","og_type":"article","og_title":"Unsere Themen - Plastics Europe DE","og_description":"Da die uns begleitenden Herausforderungen immer dr\u00e4ngender werden, forcieren wir unseren Beitrag zur nachhaltigen Produktion und zur sicheren Verwendung von Kunststoffen. Gleichzeitig stellen wir sicher, dass Kunststoffe weiterhin viel zu florierenden Gesellschaften, wachsenden Volkswirtschaften und einer Reduzierung von Treibhausgasemissionen beitragen. Mit der Arbeit und den Projekten unserer Mitgliedsunternehmen sowie mit Brancheninitiativen und Kampagnen in Partnerschaft [&hellip;]","og_url":"https:\/\/plasticseurope.org\/de\/unsere-themen\/","og_site_name":"Plastics Europe DE","article_modified_time":"2022-05-06T07:24:14+00:00","og_image":[{"width":2560,"height":1440,"url":"https:\/\/plasticseurope.org\/de\/wp-content\/uploads\/sites\/3\/2021\/10\/plastic-innovation-collaboration-scaled.jpg","type":"image\/jpeg"}],"twitter_card":"summary_large_image","twitter_misc":{"Gesch\u00e4tzte Lesezeit":"1 Minute"},"schema":{"@context":"https:\/\/schema.org","@graph":[{"@type":"WebPage","@id":"https:\/\/plasticseurope.org\/de\/unsere-themen\/","url":"https:\/\/plasticseurope.org\/de\/unsere-themen\/","name":"Unsere Themen - Plastics Europe DE","isPartOf":{"@id":"https:\/\/plasticseurope.org\/de\/#website"},"datePublished":"2021-10-23T08:17:59+00:00","dateModified":"2022-05-06T07:24:14+00:00","breadcrumb":{"@id":"https:\/\/plasticseurope.org\/de\/unsere-themen\/#breadcrumb"},"inLanguage":"de-DE","potentialAction":[{"@type":"ReadAction","target":["https:\/\/plasticseurope.org\/de\/unsere-themen\/"]}]},{"@type":"BreadcrumbList","@id":"https:\/\/plasticseurope.org\/de\/unsere-themen\/#breadcrumb","itemListElement":[{"@type":"ListItem","position":1,"name":"Home","item":"https:\/\/plasticseurope.org\/de\/"},{"@type":"ListItem","position":2,"name":"Unsere Themen"}]},{"@type":"WebSite","@id":"https:\/\/plasticseurope.org\/de\/#website","url":"https:\/\/plasticseurope.org\/de\/","name":"Plastics Europe DE","description":"Enabling a sustainable future","potentialAction":[{"@type":"SearchAction","target":{"@type":"EntryPoint","urlTemplate":"https:\/\/plasticseurope.org\/de\/?s={search_term_string}"},"query-input":"required name=search_term_string"}],"inLanguage":"de-DE"}]}},"_links":{"self":[{"href":"https:\/\/plasticseurope.org\/de\/wp-json\/wp\/v2\/pages\/53","targetHints":{"allow":["GET"]}}],"collection":[{"href":"https:\/\/plasticseurope.org\/de\/wp-json\/wp\/v2\/pages"}],"about":[{"href":"https:\/\/plasticseurope.org\/de\/wp-json\/wp\/v2\/types\/page"}],"author":[{"embeddable":true,"href":"https:\/\/plasticseurope.org\/de\/wp-json\/wp\/v2\/users\/1"}],"replies":[{"embeddable":true,"href":"https:\/\/plasticseurope.org\/de\/wp-json\/wp\/v2\/comments?post=53"}],"version-history":[{"count":0,"href":"https:\/\/plasticseurope.org\/de\/wp-json\/wp\/v2\/pages\/53\/revisions"}],"wp:featuredmedia":[{"embeddable":true,"href":"https:\/\/plasticseurope.org\/de\/wp-json\/wp\/v2\/media\/103"}],"wp:attachment":[{"href":"https:\/\/plasticseurope.org\/de\/wp-json\/wp\/v2\/media?parent=53"}],"curies":[{"name":"wp","href":"https:\/\/api.w.org\/{rel}","templated":true}]}}