{"id":52,"date":"2021-10-23T08:17:59","date_gmt":"2021-10-23T08:17:59","guid":{"rendered":"https:\/\/plasticseurope.wpenginepowered.com\/de\/nachhaltigkeit\/"},"modified":"2021-11-29T10:36:59","modified_gmt":"2021-11-29T10:36:59","slug":"nachhaltigkeit","status":"publish","type":"page","link":"https:\/\/plasticseurope.org\/de\/nachhaltigkeit\/","title":{"rendered":"Nachhaltigkeit"},"content":{"rendered":"\n<p class=\"has-large-font-size\">Als Teil der Kunststoffbranche ist f\u00fcr uns klar, dass Nachhaltigkeit ganzheitlich verstanden und angegangen werden muss. Wir sollten dabei aber nicht nur nach einfachen L\u00f6sungen schielen, die heute das eine Problem l\u00f6sen und daf\u00fcr morgen ein neues schaffen. Langfristige Ziele und Visionen sind wichtig. Ebenso ist es aber notwendig, kurzfristig zu handeln und gemeinsam schnelle Erfolge f\u00fcr soziale, wirtschaftliche und \u00f6kologische Nachhaltigkeit gleicherma\u00dfen zu erzielen.<\/p>\n\n\n\n<div style=\"height:16px\" aria-hidden=\"true\" class=\"wp-block-spacer\"><\/div>\n\n\n\n<p>Fakt ist: Kunststoff ist ein Schl\u00fcsselmaterial f\u00fcr Innovationen und hilft uns, Treibhausgasemissionen zu verringern. So k\u00f6nnen wir dem Klimawandel wirksam begegnen. Fakt ist aber auch: Jeglicher Kunststoffabfall in der Umwelt ist inakzeptabel. Kunststoffe m\u00fcssen auf allen Ebenen nachhaltig sein.<\/p>\n\n\n\n<p>Deshalb leisten wir wichtige Beitr\u00e4ge f\u00fcr eine nachhaltige Produktion und Verwendung von Kunststoffen und stellen gleichzeitig sicher, dass unsere Industrie Wohlstand, Arbeitspl\u00e4tze und eine innovative Wirtschaft garantiert. Dies bedeutet, dass wir auch unsere Anstrengungen zur Verringerung von Kunststoffabf\u00e4llen verst\u00e4rken sowie die Sortierung, die Sammlung und das Recycling von Kunststoffabf\u00e4llen f\u00f6rdern und den \u00dcbergang zu einer Kreislaufwirtschaft forcieren.<\/p>\n\n\n\n<p>Damit einher geht, dass wir die Klimaauswirkungen aller Aspekte unserer industriellen Wertsch\u00f6pfung verbessern m\u00fcssen. Dazu z\u00e4hlt der Einsatz von mehr erneuerbaren Energien und alternativer Rohstoffe aus Abf\u00e4llen und erneuerbaren Ressourcen sowie technologische Entwicklungen zum Nutzen von CO\u2082 als Kunststoff-Baustein.<\/p>\n\n\n\n<p>Der Wandel hin zu mehr Nachhaltigkeit ist heute notwendiger als jemals zuvor \u2013 und wir sind entschlossen, ihn mitzugestalten und voranzugehen.<\/p>\n\n\n\n<p>Auch wenn unsere Branche bei der anstehenden Transformation eine wichtige Rolle hat, k\u00f6nnen wir diesen Wandel nicht allein vollziehen. Deshalb ist es wichtig, gemeinsam mit Herstellern, Markeninhabern, Inverkehrbringen, Verbrauchern, Recyclern und politischen Entscheidungstr\u00e4gern auf unsere gemeinsamen Ziele hinzuarbeiten.<\/p>\n\n\n\n<div style=\"height:48px\" aria-hidden=\"true\" class=\"wp-block-spacer\"><\/div>\n\n\n\n<h2 class=\"wp-block-heading\">Gestalter der Kreislaufwirtschaft \u2013 f\u00fcr eine nachhaltige Zukunft!<\/h2>\n\n\n\n<p class=\"has-large-font-size\">Bei einer Kreislaufwirtschaft f\u00fcr Kunststoffe geht es darum, den Wert von Kunststoffen als Ressource zu erkennen und zu nutzen, und zwar mit den geringsten Auswirkungen auf das Klima. Sie ist einer der Schl\u00fcssel, um Kunststoffabf\u00e4lle so sinnvoll wie m\u00f6glich weiter zu verwenden.<\/p>\n\n\n\n<p>Gerade deshalb ist es so entscheidend, den \u00dcbergang zu einer Kreislaufwirtschaft zu beschleunigen. Dazu m\u00fcssen wir unsere brancheneigenen Innovations- und Technologiekr\u00e4fte nutzen, um die Wiederverwendung und das Recycling von Abf\u00e4llen deutlich zu steigern, beispielsweise mit mehr recycelbaren Produkte und innovativeren Recyclingtechniken.<\/p>\n\n\n\n<p>Au\u00dferdem bedarf es einer Politik und Regulierung, die Fortschritte bei Sammlung und Sortierung sowie das mechanische Recycling f\u00f6rdert und zu zielgerichteten Investitionen in Schl\u00fcsseltechnologien wie dem chemischen Recycling anregt.<\/p>\n\n\n\n<p>Erfahren Sie, wie Plastics Europe den \u00dcbergang zu einer <a href=\"https:\/\/plasticseurope.org\/sustainability\/circularity\/\" target=\"_blank\" rel=\"noreferrer noopener\">Kreislaufwirtschaft unterst\u00fctzt<\/a>. [Englisch] <\/p>\n\n\n\n<div style=\"height:48px\" aria-hidden=\"true\" class=\"wp-block-spacer\"><\/div>\n\n\n\n<h2 class=\"wp-block-heading\">Klimaneutralit\u00e4t erreichen<\/h2>\n\n\n\n<p class=\"has-large-font-size\">Die Klimakrise erfordert schnelle und wirkungsvolle Ma\u00dfnahmen, um die klimabedingten Auswirkungen auf unser Leben mit dem Schaffen einer kohlenstoffarmen Wirtschaft so klein wie m\u00f6glich zu halten.<\/p>\n\n\n\n<div style=\"height:16px\" aria-hidden=\"true\" class=\"wp-block-spacer\"><\/div>\n\n\n\n<p>Die Kunststoffindustrie leistet bereits heute wertvolle Beitr\u00e4ge zu Europas Klimazielen. Die Treibhausgasemissionen werden in vielen Anwendungen durch den Einsatz von Kunststoffen verringert und tragen beispielsweise signifikant zur Senkung des Energieverbrauchs und der Emissionen im Bau- und Verkehrssektor bei. Durch den Einsatz in Windturbinen, Sonnenkollektoren und Elektrofahrzeugen erm\u00f6glichen Kunststoffe den \u00dcbergang von fossilen Brennstoffen zu erneuerbaren Energietr\u00e4gern.<\/p>\n\n\n\n<p>Auch an anderer Stelle verbessern wir die Klimabilanz unserer Industrie, indem wir etwa unsere Produktionsprozesse energie- und ressourceneffizienter gestalten, mehr erneuerbare Energien und mehr alternative Rohstoffe aus Abf\u00e4llen und erneuerbaren Rohstoffen einsetzen und CO\u2082 als Kunststoff-Baustein nutzen.<\/p>\n\n\n\n<p>Erfahren Sie, wie wir so den \u00dcbergang zu <a href=\"https:\/\/plasticseurope.org\/sustainability\/climate\/\" target=\"_blank\" rel=\"noreferrer noopener\">einer kohlenstoffarmen Wirtschaft erreichen<\/a>. [Englisch]<\/p>\n\n\n\n<div style=\"height:100px\" aria-hidden=\"true\" class=\"wp-block-spacer\"><\/div>\n\n\n\n<div class=\"wp-block-media-text alignwide is-stacked-on-mobile is-image-fill\"><figure class=\"wp-block-media-text__media\" style=\"background-image:url(https:\/\/plasticseurope.org\/wp-content\/uploads\/2021\/10\/plastic-sport-leisure-tennis-1024x683.jpg);background-position:50% 50%\"><img decoding=\"async\" src=\"https:\/\/plasticseurope.org\/wp-content\/uploads\/2021\/10\/plastic-sport-leisure-tennis-1024x683.jpg\" alt=\"\" class=\"wp-image-3232 size-full\"\/><\/figure><div class=\"wp-block-media-text__content\">\n<h3 class=\"wp-block-heading\">Nachhaltig leben \u2013 von Next-Generation-Baumaterialien bis zu recycelbaren Turnschuhen<\/h3>\n\n\n\n<p>Kunststoffe stehen im Zentrum der spannendsten Innovationen unserer Zeit \u2013 und bringen Nachhaltigkeit, Sicherheit, und mehr Performance in unseren Alltag. Vom Kauf \u00fcber die Nutzung bis zum Ende ihres Lebenszyklus bieten Kunststoffe durch ihre nachhaltigen Produkteigenschaften sp\u00fcrbare Vorteile f\u00fcr Verbraucher, Gesellschaft und Umwelt.<\/p>\n\n\n\n<p>Erfahren Sie, wie Wohnen und Architektur, Mobilit\u00e4t, Gesundheitswesen, <a href=\"https:\/\/plasticseurope.org\/sustainability\/sustainable-use\/\" target=\"_blank\" rel=\"noreferrer noopener\">Lebensmittel, Verpackungen und Sport von Kunststoffen profitieren<\/a>. [Englisch]<\/p>\n<\/div><\/div>\n\n\n\n<div style=\"height:100px\" aria-hidden=\"true\" class=\"wp-block-spacer\"><\/div>\n\n\n\n<div class=\"wp-block-media-text alignwide has-media-on-the-right is-stacked-on-mobile is-image-fill\"><figure class=\"wp-block-media-text__media\" style=\"background-image:url(https:\/\/plasticseurope.org\/wp-content\/uploads\/2021\/10\/plastics-health-hearing-aid-1024x661.jpg);background-position:50% 50%\"><img decoding=\"async\" src=\"https:\/\/plasticseurope.org\/wp-content\/uploads\/2021\/10\/plastics-health-hearing-aid-1024x661.jpg\" alt=\"\" class=\"wp-image-2956 size-full\"\/><\/figure><div class=\"wp-block-media-text__content\">\n<h3 class=\"wp-block-heading\">Kunststoffe im Gesundheitswesen<\/h3>\n\n\n\n<p>Unser heutiges modernes Gesundheitssystem w\u00e4re ohne die vielen medizinischen Produkte aus Kunststoff, die wir l\u00e4ngst als selbstverst\u00e4ndlich erachten, nicht m\u00f6glich. Kunststoffe sind im Krankenhaus, in der Arztpraxis und bei der Schulkrankenschwester allgegenw\u00e4rtig: von Schutzausr\u00fcstungen f\u00fcr das Personal, sterilen Einwegspritzen, intraven\u00f6sen Blutbeuteln, Infusionsschl\u00e4uchen, Herzklappen, &#8222;k\u00fcnstlicher Haut&#8220; f\u00fcr die Behandlung von Verbrennungen im Notfall, orthop\u00e4dischen Hilfsmitteln bis hin zu retardierenden Arzneimitteln. Innovationen bei Kunststoffen erm\u00f6glichen immer mehr und immer gr\u00f6\u00dfere Fortschritte im Gesundheitswesen.<\/p>\n\n\n\n<p>Lesen Sie mehr \u00fcber <a href=\"https:\/\/plasticseurope.org\/sustainability\/plastics-health\/\" target=\"_blank\" rel=\"noreferrer noopener\">Kunststoffe als Lebensretter und Wundversorger<\/a>. [Englisch]<\/p>\n<\/div><\/div>\n\n\n\n<div style=\"height:100px\" aria-hidden=\"true\" class=\"wp-block-spacer\"><\/div>\n\n\n\n<div class=\"wp-block-media-text alignwide is-stacked-on-mobile is-image-fill\"><figure class=\"wp-block-media-text__media\" style=\"background-image:url(https:\/\/plasticseurope.org\/wp-content\/uploads\/2021\/10\/5.2._innovative_packaging_shutterstock_690991438.png);background-position:50% 50%\"><img decoding=\"async\" src=\"https:\/\/plasticseurope.org\/wp-content\/uploads\/2021\/10\/5.2._innovative_packaging_shutterstock_690991438.png\" alt=\"\" class=\"wp-image-1253 size-full\"\/><\/figure><div class=\"wp-block-media-text__content\">\n<h3 class=\"wp-block-heading\">Innovationen, die in die Zukunft weisen<\/h3>\n\n\n\n<p>Seit \u00fcber 100 Jahren steht die Kunststoffindustrie f\u00fcr hochinnovative Forschung und Entwicklung. Neue und aufregende Innovationen im Bereich Kunststoffe haben in vielen Bereichen zu einmaligen Fortschritten in Sachen Nachhaltigkeit gef\u00fchrt \u2013 von recyclingf\u00e4higen Verpackungen \u00fcber energiesparende Under-the-Hood-Autoanwendungen bis hin zur Schaffung von Null-Emissions-H\u00e4usern.<\/p>\n\n\n\n<p>Mit einem starken Fokus auf Innovation und gro\u00dfen weiteren Investitionen in Forschung und Entwicklung, Prozesstechnologie und Umweltschutz forcieren wir stetig unseren Beitrag zu einer nachhaltigen Produktion und einer ressourcenschonenden Verwendung von Kunststoffen.<\/p>\n\n\n\n<p>Erfahren Sie mehr \u00fcber einige der spannendsten <a href=\"https:\/\/plasticseurope.org\/sustainability\/innovations\/\" target=\"_blank\" rel=\"noreferrer noopener\">Innovationen aus<\/a> dem Bereichder Kunststoffe. [Englisch]<\/p>\n<\/div><\/div>\n\n\n\n<div id=\"explore-block_6173d61f28028\" class=\"explore-further\">\n  <div class=\"flex flex-col bg-mist-900 rounded-md mt-8 md:mt-28 md:w-1\/2 md:mr-auto\">\n    <div class=\"flex-1 relative p-6 md:px-10 md:py-8\">\n      <div class=\"absolute top-0 left-0 p-5 inline-block transform -translate-x-1\/2 -translate-y-1\/2\">\n      <\/div>\n      \n\n<h3 class=\"wp-block-heading\">Weiterf\u00fchrende Literatur<\/h3>\n\n\n\n<p>Dieser Bericht des britischen Kunststoffverbands British Plastics Federation befasst sich mit einigen der wichtigsten Nachhaltigkeitsthemen in der Kunststoffindustrie und liefert Beispiele und Fallstudien zu den Nachhaltigkeitsbeitr\u00e4gen der Branche. <\/p>\n\n\n\n<p>Erfahren Sie mehr im Report: <a href=\"https:\/\/www.bpf.co.uk\/Sustainability\/sustainability-in-the-plastics-supply-chain.aspx\" target=\"_blank\" rel=\"noreferrer noopener\">Sustainability in the plastics supply chain.<\/a><\/p>\n\n\n    <\/div>\n  <\/div>\n<\/div>\n","protected":false},"excerpt":{"rendered":"<p>Als Teil der Kunststoffbranche ist f\u00fcr uns klar, dass Nachhaltigkeit ganzheitlich verstanden und angegangen werden muss. Wir sollten dabei aber nicht nur nach einfachen L\u00f6sungen schielen, die heute das eine Problem l\u00f6sen und daf\u00fcr morgen ein neues schaffen. Langfristige Ziele und Visionen sind wichtig. Ebenso ist es aber notwendig, kurzfristig zu handeln und gemeinsam schnelle [&hellip;]<\/p>\n","protected":false},"author":1,"featured_media":0,"parent":0,"menu_order":0,"comment_status":"closed","ping_status":"closed","template":"","meta":{"footnotes":""},"class_list":["post-52","page","type-page","status-publish","hentry"],"acf":[],"yoast_head":"<!-- This site is optimized with the Yoast SEO plugin v21.6 - https:\/\/yoast.com\/wordpress\/plugins\/seo\/ -->\n<title>Nachhaltigkeit - Plastics Europe DE<\/title>\n<meta name=\"robots\" content=\"index, follow, max-snippet:-1, max-image-preview:large, max-video-preview:-1\" \/>\n<link rel=\"canonical\" href=\"https:\/\/plasticseurope.org\/de\/nachhaltigkeit\/\" \/>\n<meta property=\"og:locale\" content=\"de_DE\" \/>\n<meta property=\"og:type\" content=\"article\" \/>\n<meta property=\"og:title\" content=\"Nachhaltigkeit - Plastics Europe DE\" \/>\n<meta property=\"og:description\" content=\"Als Teil der Kunststoffbranche ist f\u00fcr uns klar, dass Nachhaltigkeit ganzheitlich verstanden und angegangen werden muss. Wir sollten dabei aber nicht nur nach einfachen L\u00f6sungen schielen, die heute das eine Problem l\u00f6sen und daf\u00fcr morgen ein neues schaffen. Langfristige Ziele und Visionen sind wichtig. Ebenso ist es aber notwendig, kurzfristig zu handeln und gemeinsam schnelle [&hellip;]\" \/>\n<meta property=\"og:url\" content=\"https:\/\/plasticseurope.org\/de\/nachhaltigkeit\/\" \/>\n<meta property=\"og:site_name\" content=\"Plastics Europe DE\" \/>\n<meta property=\"article:modified_time\" content=\"2021-11-29T10:36:59+00:00\" \/>\n<meta property=\"og:image\" content=\"https:\/\/plasticseurope.org\/wp-content\/uploads\/2021\/10\/plastic-sport-leisure-tennis-1024x683.jpg\" \/>\n<meta name=\"twitter:card\" content=\"summary_large_image\" \/>\n<meta name=\"twitter:label1\" content=\"Gesch\u00e4tzte Lesezeit\" \/>\n\t<meta name=\"twitter:data1\" content=\"5 Minuten\" \/>\n<script type=\"application\/ld+json\" class=\"yoast-schema-graph\">{\"@context\":\"https:\/\/schema.org\",\"@graph\":[{\"@type\":\"WebPage\",\"@id\":\"https:\/\/plasticseurope.org\/de\/nachhaltigkeit\/\",\"url\":\"https:\/\/plasticseurope.org\/de\/nachhaltigkeit\/\",\"name\":\"Nachhaltigkeit - Plastics Europe DE\",\"isPartOf\":{\"@id\":\"https:\/\/plasticseurope.org\/de\/#website\"},\"datePublished\":\"2021-10-23T08:17:59+00:00\",\"dateModified\":\"2021-11-29T10:36:59+00:00\",\"breadcrumb\":{\"@id\":\"https:\/\/plasticseurope.org\/de\/nachhaltigkeit\/#breadcrumb\"},\"inLanguage\":\"de-DE\",\"potentialAction\":[{\"@type\":\"ReadAction\",\"target\":[\"https:\/\/plasticseurope.org\/de\/nachhaltigkeit\/\"]}]},{\"@type\":\"BreadcrumbList\",\"@id\":\"https:\/\/plasticseurope.org\/de\/nachhaltigkeit\/#breadcrumb\",\"itemListElement\":[{\"@type\":\"ListItem\",\"position\":1,\"name\":\"Home\",\"item\":\"https:\/\/plasticseurope.org\/de\/\"},{\"@type\":\"ListItem\",\"position\":2,\"name\":\"Nachhaltigkeit\"}]},{\"@type\":\"WebSite\",\"@id\":\"https:\/\/plasticseurope.org\/de\/#website\",\"url\":\"https:\/\/plasticseurope.org\/de\/\",\"name\":\"Plastics Europe DE\",\"description\":\"Enabling a sustainable future\",\"potentialAction\":[{\"@type\":\"SearchAction\",\"target\":{\"@type\":\"EntryPoint\",\"urlTemplate\":\"https:\/\/plasticseurope.org\/de\/?s={search_term_string}\"},\"query-input\":\"required name=search_term_string\"}],\"inLanguage\":\"de-DE\"}]}<\/script>\n<!-- \/ Yoast SEO plugin. -->","yoast_head_json":{"title":"Nachhaltigkeit - Plastics Europe DE","robots":{"index":"index","follow":"follow","max-snippet":"max-snippet:-1","max-image-preview":"max-image-preview:large","max-video-preview":"max-video-preview:-1"},"canonical":"https:\/\/plasticseurope.org\/de\/nachhaltigkeit\/","og_locale":"de_DE","og_type":"article","og_title":"Nachhaltigkeit - Plastics Europe DE","og_description":"Als Teil der Kunststoffbranche ist f\u00fcr uns klar, dass Nachhaltigkeit ganzheitlich verstanden und angegangen werden muss. Wir sollten dabei aber nicht nur nach einfachen L\u00f6sungen schielen, die heute das eine Problem l\u00f6sen und daf\u00fcr morgen ein neues schaffen. Langfristige Ziele und Visionen sind wichtig. Ebenso ist es aber notwendig, kurzfristig zu handeln und gemeinsam schnelle [&hellip;]","og_url":"https:\/\/plasticseurope.org\/de\/nachhaltigkeit\/","og_site_name":"Plastics Europe DE","article_modified_time":"2021-11-29T10:36:59+00:00","og_image":[{"url":"https:\/\/plasticseurope.org\/wp-content\/uploads\/2021\/10\/plastic-sport-leisure-tennis-1024x683.jpg"}],"twitter_card":"summary_large_image","twitter_misc":{"Gesch\u00e4tzte Lesezeit":"5 Minuten"},"schema":{"@context":"https:\/\/schema.org","@graph":[{"@type":"WebPage","@id":"https:\/\/plasticseurope.org\/de\/nachhaltigkeit\/","url":"https:\/\/plasticseurope.org\/de\/nachhaltigkeit\/","name":"Nachhaltigkeit - Plastics Europe DE","isPartOf":{"@id":"https:\/\/plasticseurope.org\/de\/#website"},"datePublished":"2021-10-23T08:17:59+00:00","dateModified":"2021-11-29T10:36:59+00:00","breadcrumb":{"@id":"https:\/\/plasticseurope.org\/de\/nachhaltigkeit\/#breadcrumb"},"inLanguage":"de-DE","potentialAction":[{"@type":"ReadAction","target":["https:\/\/plasticseurope.org\/de\/nachhaltigkeit\/"]}]},{"@type":"BreadcrumbList","@id":"https:\/\/plasticseurope.org\/de\/nachhaltigkeit\/#breadcrumb","itemListElement":[{"@type":"ListItem","position":1,"name":"Home","item":"https:\/\/plasticseurope.org\/de\/"},{"@type":"ListItem","position":2,"name":"Nachhaltigkeit"}]},{"@type":"WebSite","@id":"https:\/\/plasticseurope.org\/de\/#website","url":"https:\/\/plasticseurope.org\/de\/","name":"Plastics Europe DE","description":"Enabling a sustainable future","potentialAction":[{"@type":"SearchAction","target":{"@type":"EntryPoint","urlTemplate":"https:\/\/plasticseurope.org\/de\/?s={search_term_string}"},"query-input":"required name=search_term_string"}],"inLanguage":"de-DE"}]}},"_links":{"self":[{"href":"https:\/\/plasticseurope.org\/de\/wp-json\/wp\/v2\/pages\/52","targetHints":{"allow":["GET"]}}],"collection":[{"href":"https:\/\/plasticseurope.org\/de\/wp-json\/wp\/v2\/pages"}],"about":[{"href":"https:\/\/plasticseurope.org\/de\/wp-json\/wp\/v2\/types\/page"}],"author":[{"embeddable":true,"href":"https:\/\/plasticseurope.org\/de\/wp-json\/wp\/v2\/users\/1"}],"replies":[{"embeddable":true,"href":"https:\/\/plasticseurope.org\/de\/wp-json\/wp\/v2\/comments?post=52"}],"version-history":[{"count":0,"href":"https:\/\/plasticseurope.org\/de\/wp-json\/wp\/v2\/pages\/52\/revisions"}],"wp:attachment":[{"href":"https:\/\/plasticseurope.org\/de\/wp-json\/wp\/v2\/media?parent=52"}],"curies":[{"name":"wp","href":"https:\/\/api.w.org\/{rel}","templated":true}]}}