{"id":49,"date":"2021-10-23T08:17:59","date_gmt":"2021-10-23T08:17:59","guid":{"rendered":"https:\/\/plasticseurope.wpenginepowered.com\/de\/kontakt\/"},"modified":"2026-03-17T15:46:32","modified_gmt":"2026-03-17T15:46:32","slug":"kontakt","status":"publish","type":"page","link":"https:\/\/plasticseurope.org\/de\/kontakt\/","title":{"rendered":"Kontakt"},"content":{"rendered":"\n<div class=\"wp-block-columns is-layout-flex wp-container-core-columns-is-layout-28f84493 wp-block-columns-is-layout-flex\">\n<div class=\"wp-block-column is-layout-flow wp-block-column-is-layout-flow\">\n<h2 class=\"wp-block-heading\">Deutschland<\/h2>\n\n\n\n<div class=\"wp-block-columns is-layout-flex wp-container-core-columns-is-layout-28f84493 wp-block-columns-is-layout-flex\">\n<div class=\"wp-block-column is-layout-flow wp-block-column-is-layout-flow\" style=\"flex-basis:33.33%\">\n<figure class=\"wp-block-image size-full hidden md:block rounded-md lg:h-70 overflow-hidden\"><img loading=\"lazy\" decoding=\"async\" width=\"1000\" height=\"1000\" src=\"https:\/\/plasticseurope.org\/de\/wp-content\/uploads\/sites\/3\/2025\/01\/PlasticsEurope-28-1-edited.jpg\" alt=\"Christine Bunte \u00a9 Plastics Europe \/ 2024 \u2013 The Tailors Photography Nr 28\" class=\"wp-image-11057\" srcset=\"https:\/\/plasticseurope.org\/de\/wp-content\/uploads\/sites\/3\/2025\/01\/PlasticsEurope-28-1-edited.jpg 1000w, https:\/\/plasticseurope.org\/de\/wp-content\/uploads\/sites\/3\/2025\/01\/PlasticsEurope-28-1-edited-300x300.jpg 300w, https:\/\/plasticseurope.org\/de\/wp-content\/uploads\/sites\/3\/2025\/01\/PlasticsEurope-28-1-edited-150x150.jpg 150w, https:\/\/plasticseurope.org\/de\/wp-content\/uploads\/sites\/3\/2025\/01\/PlasticsEurope-28-1-edited-768x768.jpg 768w, https:\/\/plasticseurope.org\/de\/wp-content\/uploads\/sites\/3\/2025\/01\/PlasticsEurope-28-1-edited-840x840.jpg 840w\" sizes=\"auto, (max-width: 1000px) 100vw, 1000px\" \/><\/figure>\n<\/div>\n\n\n\n<div class=\"wp-block-column is-layout-flow wp-block-column-is-layout-flow\" style=\"flex-basis:66.66%\">\n<h4 class=\"wp-block-heading\"><a href=\"https:\/\/plasticseurope.org\/de\/\"><strong>PlasticsEurope Deutschland e.V.<\/strong><\/a><\/h4>\n\n\n\n<p>Mainzer Landstra\u00dfe 55<br>60329 Frankfurt am Main<br>Deutschland<\/p>\n\n\n\n<p><br><strong>Kontakt: Dr. Christine Bunte \/ Anja G\u00f6hl<br>Tel.: +49 (0) 69 2556 1300<\/strong><br><strong><a href=\"mailto:info.de@plasticseurope.org\" target=\"_blank\" rel=\"noreferrer noopener\">E-<\/a><a href=\"mailto:christine.bunte@plasticseurope.de\">Mail<\/a><\/strong><br><br>Alle Kontakte bei Plastics Europe Deutschland finden Sie <a href=\"https:\/\/plasticseurope.org\/de\/uber-uns\/ihre-ansprechpartner\/\" target=\"_blank\" rel=\"noreferrer noopener\">hier<\/a>.<\/p>\n<\/div>\n<\/div>\n\n\n\n<div style=\"height:48px\" aria-hidden=\"true\" class=\"wp-block-spacer\"><\/div>\n\n\n\n<h2 class=\"wp-block-heading\">Plastics Europe B\u00fcros<\/h2>\n\n\n\n<h3 class=\"wp-block-heading\">Plastics Europe Headquaters<\/h3>\n\n\n\n<div class=\"wp-block-columns is-layout-flex wp-container-core-columns-is-layout-28f84493 wp-block-columns-is-layout-flex\">\n<div class=\"wp-block-column is-layout-flow wp-block-column-is-layout-flow\" style=\"flex-basis:33.33%\">\n<figure class=\"wp-block-image size-large hidden md:block rounded-md lg:h-60 overflow-hidden\"><img decoding=\"async\" src=\"https:\/\/plasticseurope.org\/wp-content\/uploads\/2021\/10\/Virginia-Janssens_Managing-Director-outside-01-683x1024.jpg\" alt=\"\" class=\"wp-image-2207\" \/><\/figure>\n<\/div>\n\n\n\n<div class=\"wp-block-column is-layout-flow wp-block-column-is-layout-flow\" style=\"flex-basis:66.66%\">\n<h4 class=\"wp-block-heading\"><strong>Plastics Europe AISBL<\/strong><\/h4>\n\n\n\n<p>Rue Belliard 40, box 16<br>1040 Br\u00fcssel<br>Belgien<\/p>\n\n\n\n<p><strong>Kontakt: Virginia Janssens<\/strong><br><strong>Tel.: +32 (0)2 792 30 99<\/strong><br><strong><a href=\"mailto:connect@plasticseurope.org\">E-Mail<\/a><\/strong><\/p>\n<\/div>\n<\/div>\n\n\n\n<h3 class=\"wp-block-heading\">Spanien<\/h3>\n\n\n\n<div class=\"wp-block-columns is-layout-flex wp-container-core-columns-is-layout-28f84493 wp-block-columns-is-layout-flex\">\n<div class=\"wp-block-column is-layout-flow wp-block-column-is-layout-flow\" style=\"flex-basis:33.33%\">\n<figure class=\"wp-block-image size-full hidden md:block rounded-md lg:60 overflow-hidden\"><img decoding=\"async\" src=\"https:\/\/plasticseurope.org\/wp-content\/uploads\/2021\/10\/Alicia-Martin_Director-Espana.png\" alt=\"\" class=\"wp-image-2170\" \/><\/figure>\n<\/div>\n\n\n\n<div class=\"wp-block-column is-layout-flow wp-block-column-is-layout-flow\" style=\"flex-basis:66.66%\">\n<h4 class=\"wp-block-heading\"><strong><strong><a href=\"http:\/\/www.plasticseurope.es\" target=\"_blank\" rel=\"noreferrer noopener\">Plastics Europe o.r. en Espa\u00f1a<\/a><\/strong><\/strong><\/h4>\n\n\n\n<p>Hermosilla, 31-1\u00ba<br>28001 Madrid<br>Spanien<\/p>\n\n\n\n<p><strong>Kontakt: Alicia Martin<br>Tel.: +34 (0) 91 431 79 64<\/strong><br><strong><a href=\"mailto:info.es@plasticseurope.org\">E-Mail<\/a><\/strong><\/p>\n<\/div>\n<\/div>\n\n\n\n<h3 class=\"wp-block-heading\">\u00d6sterreich<\/h3>\n\n\n\n<div class=\"wp-block-columns is-layout-flex wp-container-core-columns-is-layout-28f84493 wp-block-columns-is-layout-flex\">\n<div class=\"wp-block-column is-layout-flow wp-block-column-is-layout-flow\" style=\"flex-basis:33.33%\">\n<figure class=\"wp-block-image size-large hidden md:block rounded-md lg:h-60 overflow-hidden\"><img decoding=\"async\" src=\"https:\/\/plasticseurope.org\/wp-content\/uploads\/2021\/10\/Sabine-Naderny-Borutin_Director-Austria-681x1024.jpg\" alt=\"\" class=\"wp-image-2201\" \/><\/figure>\n<\/div>\n\n\n\n<div class=\"wp-block-column is-layout-flow wp-block-column-is-layout-flow\" style=\"flex-basis:66.66%\">\n<h4 class=\"wp-block-heading\"><strong><strong><a href=\"http:\/\/www.plasticseurope.es\" target=\"_blank\" rel=\"noreferrer noopener\"><\/a><strong><a href=\"http:\/\/www.plasticseurope.it\" target=\"_blank\" rel=\"noreferrer noopener\"><\/a><a href=\"http:\/\/www.plasticseurope.de\" target=\"_blank\" rel=\"noreferrer noopener\"><strong>Plastics Europe Austria<\/strong><\/a><\/strong><\/strong><\/strong><\/h4>\n\n\n\n<p>Paniglgasse 24\/I\/19a<br>1040 Wien<br>\u00d6sterreich<br><\/p>\n\n\n\n<p><strong>Kontakt: Sabine Nadherny-Borutin<br>Tel.: +43 (0) 699 190 34943<br><a href=\"mailto:sabine.nadherny@plasticseurope.org\">E-Mail<\/a><\/strong><\/p>\n<\/div>\n<\/div>\n\n\n\n<h3 class=\"wp-block-heading\">Frankreich<\/h3>\n\n\n\n<div class=\"wp-block-columns is-layout-flex wp-container-core-columns-is-layout-28f84493 wp-block-columns-is-layout-flex\">\n<div class=\"wp-block-column is-layout-flow wp-block-column-is-layout-flow\" style=\"flex-basis:33.33%\">\n<figure class=\"wp-block-image size-large hidden md:block rounded-md lg:h-60 overflow-hidden\"><img decoding=\"async\" src=\"https:\/\/plasticseurope.org\/wp-content\/uploads\/2021\/10\/Jean-Yves-Daclin_Director-France-931x1024.jpg\" alt=\"\" class=\"wp-image-2196\" \/><\/figure>\n<\/div>\n\n\n\n<div class=\"wp-block-column is-layout-flow wp-block-column-is-layout-flow\" style=\"flex-basis:66.66%\">\n<h4 class=\"wp-block-heading\"><a href=\"http:\/\/www.plasticseurope.fr\" target=\"_blank\" rel=\"noreferrer noopener\"><strong>Plastics Europe France<\/strong><\/a><\/h4>\n\n\n\n<p>Le Diamant A<br>14, rue de la R\u00e9publique<br>92800 Puteaux<\/p>\n\n\n\n<p><strong>Kontakt: Jean-Yves Daclin<br>Tel.: +33 (0) 1 46 53 10 53<\/strong><br><strong><a href=\"mailto:info.fr@plasticseurope.org\">E-Mail<\/a><\/strong><\/p>\n<\/div>\n<\/div>\n\n\n\n<h3 class=\"wp-block-heading\">Polen<\/h3>\n\n\n\n<div class=\"wp-block-columns is-layout-flex wp-container-core-columns-is-layout-28f84493 wp-block-columns-is-layout-flex\">\n<div class=\"wp-block-column is-layout-flow wp-block-column-is-layout-flow\" style=\"flex-basis:33.33%\">\n<figure class=\"wp-block-image size-large hidden md:block rounded-md lg:h-60 overflow-hidden\"><img decoding=\"async\" src=\"https:\/\/plasticseurope.org\/wp-content\/uploads\/2021\/10\/Anna-Kozera-Szalkowska_Director-Polska-1024x1024.jpg\" alt=\"\" class=\"wp-image-2171\" \/><\/figure>\n<\/div>\n\n\n\n<div class=\"wp-block-column is-layout-flow wp-block-column-is-layout-flow\" style=\"flex-basis:66.66%\">\n<h4 class=\"wp-block-heading\"><strong><strong><a href=\"http:\/\/www.plasticseurope.es\" target=\"_blank\" rel=\"noreferrer noopener\"><\/a><strong><a href=\"http:\/\/www.plasticseurope.pl\" target=\"_blank\" rel=\"noreferrer noopener\"><strong>Plastics Europe Polska<\/strong><\/a><\/strong><\/strong><\/strong><\/h4>\n\n\n\n<p>ul. Tr\u0119backa 4<br>00-074 Warszawa<br>Polen<\/p>\n\n\n\n<p><strong>Kontakt: Anna Kozera-Sza\u0142kowska<br>Tel.: +48 (0) 22 630 99 03<\/strong><br><strong><a href=\"mailto:info.pl@plasticseurope.org\">E-Mail<\/a><\/strong><\/p>\n<\/div>\n<\/div>\n\n\n\n<h3 class=\"wp-block-heading\">Niederlande<\/h3>\n\n\n\n<div class=\"wp-block-columns is-layout-flex wp-container-core-columns-is-layout-28f84493 wp-block-columns-is-layout-flex\">\n<div class=\"wp-block-column is-layout-flow wp-block-column-is-layout-flow\" style=\"flex-basis:33.33%\">\n<figure class=\"wp-block-image size-full hidden md:block rounded-md lg:h-60 overflow-hidden\"><img loading=\"lazy\" decoding=\"async\" width=\"300\" height=\"240\" src=\"https:\/\/plasticseurope.org\/de\/wp-content\/uploads\/sites\/3\/2025\/12\/DB-IMG_6341-Edited-300x240-1.png\" alt=\"\" class=\"wp-image-12876\" \/><\/figure>\n<\/div>\n\n\n\n<div class=\"wp-block-column is-layout-flow wp-block-column-is-layout-flow\" style=\"flex-basis:66.66%\">\n<h4 class=\"wp-block-heading\"><strong><strong><a href=\"http:\/\/www.plasticseurope.es\" target=\"_blank\" rel=\"noreferrer noopener\"><\/a><strong><a href=\"http:\/\/www.plasticseurope.pl\" target=\"_blank\" rel=\"noreferrer noopener\"><\/a><strong><a href=\"http:\/\/www.plasticseurope.nl\" target=\"_blank\" rel=\"noreferrer noopener\"><strong>Plastics Europe Nederland<\/strong><\/a><\/strong><\/strong><\/strong><\/strong><\/h4>\n\n\n\n<p>P.O. Box 443<br>2260 AK Leidschendam<br>Niederlande<\/p>\n\n\n\n<p><strong>Kontakt: Drea Berghorst<br>Tel.: +31 (0)6 53 21 8374<\/strong><br><strong><a href=\"mailto:info.nl@plasticseurope.org\">E-Mail<\/a><\/strong><\/p>\n<\/div>\n<\/div>\n<\/div>\n\n\n\n<div class=\"wp-block-column is-layout-flow wp-block-column-is-layout-flow\">\n<div class=\"wp-block-group is-layout-flow wp-block-group-is-layout-flow\">\n<h2 class=\"wp-block-heading\">Telefonnummern<\/h2>\n\n\n\n<p>Sie erreichen uns unter der zentralen Nummer:<\/p>\n\n\n\n<h4 class=\"wp-block-heading\"><strong>+32 (0)2 792 30 99<\/strong><\/h4>\n\n\n\n<div style=\"height:16px\" aria-hidden=\"true\" class=\"wp-block-spacer\"><\/div>\n\n\n\n<h3 class=\"wp-block-heading\">F\u00fcr eine bestimmte Abteilung w\u00e4hlen Sie:<\/h3>\n\n\n\n<p><strong>Managing Director&#8217;s Office<\/strong><br>+32 (0)2 792 30 00<\/p>\n\n\n\n<p><strong>Finance and Business Services<\/strong><br>+32 (0)2 792 30 03&nbsp;<\/p>\n\n\n\n<p><strong>Climate &amp; Production Team<\/strong><br>+32 (0)2 792 30 23<\/p>\n\n\n\n<p><strong>Sustainable Use of Plastics Team<\/strong><br>+32 (0)2 792 30 43<\/p>\n\n\n\n<p><strong>End-of-life &amp; Circularity Team<\/strong><br>+32 (0)2 792 30 23<\/p>\n\n\n\n<p><strong>External Affairs and Communications Team<\/strong><br>+32 (0)2 792 30 11&nbsp;<\/p>\n\n\n\n<div style=\"height:16px\" aria-hidden=\"true\" class=\"wp-block-spacer\"><\/div>\n\n\n\n<h3 class=\"wp-block-heading\">Spezifische Produktgruppen:<\/h3>\n\n\n\n<p><strong>Fluoropolymers<\/strong><br>+32 (0)2 792 30 44<\/p>\n\n\n\n<p><strong>Polyolefins<\/strong><br>+32 (0)2 792 30 23&nbsp;<\/p>\n\n\n\n<p><strong>Polycarbonates<\/strong><br>+32 (0)2 792 30 44<\/p>\n\n\n\n<p><strong>Styrenics<\/strong><br>+32 (0)2 792 30 33<\/p>\n\n\n\n<p><strong>Vinyls<\/strong><br>+32 (0)2 329 51 03<\/p>\n<\/div>\n<\/div>\n<\/div>\n","protected":false},"excerpt":{"rendered":"<p>Deutschland PlasticsEurope Deutschland e.V. Mainzer Landstra\u00dfe 5560329 Frankfurt am MainDeutschland Kontakt: Dr. Christine Bunte \/ Anja G\u00f6hlTel.: +49 (0) 69 2556 1300E-Mail Alle Kontakte bei Plastics Europe Deutschland finden Sie hier. Plastics Europe B\u00fcros Plastics Europe Headquaters Plastics Europe AISBL Rue Belliard 40, box 161040 Br\u00fcsselBelgien Kontakt: Virginia JanssensTel.: +32 (0)2 792 30 99E-Mail Spanien [&hellip;]<\/p>\n","protected":false},"author":1,"featured_media":0,"parent":0,"menu_order":0,"comment_status":"closed","ping_status":"closed","template":"","meta":{"footnotes":""},"class_list":["post-49","page","type-page","status-publish","hentry"],"acf":[],"yoast_head":"<!-- This site is optimized with the Yoast SEO plugin v21.6 - https:\/\/yoast.com\/wordpress\/plugins\/seo\/ -->\n<title>Kontakt - Plastics Europe DE<\/title>\n<meta name=\"robots\" content=\"index, follow, max-snippet:-1, max-image-preview:large, max-video-preview:-1\" \/>\n<link rel=\"canonical\" href=\"https:\/\/plasticseurope.org\/de\/kontakt\/\" \/>\n<meta property=\"og:locale\" content=\"de_DE\" \/>\n<meta property=\"og:type\" content=\"article\" \/>\n<meta property=\"og:title\" content=\"Kontakt - Plastics Europe DE\" \/>\n<meta property=\"og:description\" content=\"Deutschland PlasticsEurope Deutschland e.V. Mainzer Landstra\u00dfe 5560329 Frankfurt am MainDeutschland Kontakt: Dr. Christine Bunte \/ Anja G\u00f6hlTel.: +49 (0) 69 2556 1300E-Mail Alle Kontakte bei Plastics Europe Deutschland finden Sie hier. Plastics Europe B\u00fcros Plastics Europe Headquaters Plastics Europe AISBL Rue Belliard 40, box 161040 Br\u00fcsselBelgien Kontakt: Virginia JanssensTel.: +32 (0)2 792 30 99E-Mail Spanien [&hellip;]\" \/>\n<meta property=\"og:url\" content=\"https:\/\/plasticseurope.org\/de\/kontakt\/\" \/>\n<meta property=\"og:site_name\" content=\"Plastics Europe DE\" \/>\n<meta property=\"article:modified_time\" content=\"2026-03-17T15:46:32+00:00\" \/>\n<meta property=\"og:image\" content=\"https:\/\/plasticseurope.org\/de\/wp-content\/uploads\/sites\/3\/2025\/01\/PlasticsEurope-28-1-edited.jpg\" \/>\n<meta name=\"twitter:card\" content=\"summary_large_image\" \/>\n<meta name=\"twitter:label1\" content=\"Gesch\u00e4tzte Lesezeit\" \/>\n\t<meta name=\"twitter:data1\" content=\"3 Minuten\" \/>\n<script type=\"application\/ld+json\" class=\"yoast-schema-graph\">{\"@context\":\"https:\/\/schema.org\",\"@graph\":[{\"@type\":\"WebPage\",\"@id\":\"https:\/\/plasticseurope.org\/de\/kontakt\/\",\"url\":\"https:\/\/plasticseurope.org\/de\/kontakt\/\",\"name\":\"Kontakt - Plastics Europe DE\",\"isPartOf\":{\"@id\":\"https:\/\/plasticseurope.org\/de\/#website\"},\"datePublished\":\"2021-10-23T08:17:59+00:00\",\"dateModified\":\"2026-03-17T15:46:32+00:00\",\"breadcrumb\":{\"@id\":\"https:\/\/plasticseurope.org\/de\/kontakt\/#breadcrumb\"},\"inLanguage\":\"de-DE\",\"potentialAction\":[{\"@type\":\"ReadAction\",\"target\":[\"https:\/\/plasticseurope.org\/de\/kontakt\/\"]}]},{\"@type\":\"BreadcrumbList\",\"@id\":\"https:\/\/plasticseurope.org\/de\/kontakt\/#breadcrumb\",\"itemListElement\":[{\"@type\":\"ListItem\",\"position\":1,\"name\":\"Home\",\"item\":\"https:\/\/plasticseurope.org\/de\/\"},{\"@type\":\"ListItem\",\"position\":2,\"name\":\"Kontakt\"}]},{\"@type\":\"WebSite\",\"@id\":\"https:\/\/plasticseurope.org\/de\/#website\",\"url\":\"https:\/\/plasticseurope.org\/de\/\",\"name\":\"Plastics Europe DE\",\"description\":\"Enabling a sustainable future\",\"potentialAction\":[{\"@type\":\"SearchAction\",\"target\":{\"@type\":\"EntryPoint\",\"urlTemplate\":\"https:\/\/plasticseurope.org\/de\/?s={search_term_string}\"},\"query-input\":\"required name=search_term_string\"}],\"inLanguage\":\"de-DE\"}]}<\/script>\n<!-- \/ Yoast SEO plugin. -->","yoast_head_json":{"title":"Kontakt - Plastics Europe DE","robots":{"index":"index","follow":"follow","max-snippet":"max-snippet:-1","max-image-preview":"max-image-preview:large","max-video-preview":"max-video-preview:-1"},"canonical":"https:\/\/plasticseurope.org\/de\/kontakt\/","og_locale":"de_DE","og_type":"article","og_title":"Kontakt - Plastics Europe DE","og_description":"Deutschland PlasticsEurope Deutschland e.V. Mainzer Landstra\u00dfe 5560329 Frankfurt am MainDeutschland Kontakt: Dr. Christine Bunte \/ Anja G\u00f6hlTel.: +49 (0) 69 2556 1300E-Mail Alle Kontakte bei Plastics Europe Deutschland finden Sie hier. Plastics Europe B\u00fcros Plastics Europe Headquaters Plastics Europe AISBL Rue Belliard 40, box 161040 Br\u00fcsselBelgien Kontakt: Virginia JanssensTel.: +32 (0)2 792 30 99E-Mail Spanien [&hellip;]","og_url":"https:\/\/plasticseurope.org\/de\/kontakt\/","og_site_name":"Plastics Europe DE","article_modified_time":"2026-03-17T15:46:32+00:00","og_image":[{"url":"https:\/\/plasticseurope.org\/de\/wp-content\/uploads\/sites\/3\/2025\/01\/PlasticsEurope-28-1-edited.jpg"}],"twitter_card":"summary_large_image","twitter_misc":{"Gesch\u00e4tzte Lesezeit":"3 Minuten"},"schema":{"@context":"https:\/\/schema.org","@graph":[{"@type":"WebPage","@id":"https:\/\/plasticseurope.org\/de\/kontakt\/","url":"https:\/\/plasticseurope.org\/de\/kontakt\/","name":"Kontakt - Plastics Europe DE","isPartOf":{"@id":"https:\/\/plasticseurope.org\/de\/#website"},"datePublished":"2021-10-23T08:17:59+00:00","dateModified":"2026-03-17T15:46:32+00:00","breadcrumb":{"@id":"https:\/\/plasticseurope.org\/de\/kontakt\/#breadcrumb"},"inLanguage":"de-DE","potentialAction":[{"@type":"ReadAction","target":["https:\/\/plasticseurope.org\/de\/kontakt\/"]}]},{"@type":"BreadcrumbList","@id":"https:\/\/plasticseurope.org\/de\/kontakt\/#breadcrumb","itemListElement":[{"@type":"ListItem","position":1,"name":"Home","item":"https:\/\/plasticseurope.org\/de\/"},{"@type":"ListItem","position":2,"name":"Kontakt"}]},{"@type":"WebSite","@id":"https:\/\/plasticseurope.org\/de\/#website","url":"https:\/\/plasticseurope.org\/de\/","name":"Plastics Europe DE","description":"Enabling a sustainable future","potentialAction":[{"@type":"SearchAction","target":{"@type":"EntryPoint","urlTemplate":"https:\/\/plasticseurope.org\/de\/?s={search_term_string}"},"query-input":"required name=search_term_string"}],"inLanguage":"de-DE"}]}},"_links":{"self":[{"href":"https:\/\/plasticseurope.org\/de\/wp-json\/wp\/v2\/pages\/49","targetHints":{"allow":["GET"]}}],"collection":[{"href":"https:\/\/plasticseurope.org\/de\/wp-json\/wp\/v2\/pages"}],"about":[{"href":"https:\/\/plasticseurope.org\/de\/wp-json\/wp\/v2\/types\/page"}],"author":[{"embeddable":true,"href":"https:\/\/plasticseurope.org\/de\/wp-json\/wp\/v2\/users\/1"}],"replies":[{"embeddable":true,"href":"https:\/\/plasticseurope.org\/de\/wp-json\/wp\/v2\/comments?post=49"}],"version-history":[{"count":0,"href":"https:\/\/plasticseurope.org\/de\/wp-json\/wp\/v2\/pages\/49\/revisions"}],"wp:attachment":[{"href":"https:\/\/plasticseurope.org\/de\/wp-json\/wp\/v2\/media?parent=49"}],"curies":[{"name":"wp","href":"https:\/\/api.w.org\/{rel}","templated":true}]}}