{"id":3938,"date":"2023-08-17T10:30:15","date_gmt":"2023-08-17T10:30:15","guid":{"rendered":"https:\/\/plasticseurope.wpenginepowered.com\/de\/?page_id=3938"},"modified":"2025-03-02T19:47:50","modified_gmt":"2025-03-02T19:47:50","slug":"oekobilanz","status":"publish","type":"page","link":"https:\/\/plasticseurope.org\/de\/nachhaltigkeit\/kreislaufwirtschaft\/life-cycle-thinking\/oekobilanz\/","title":{"rendered":"\u00d6kobilanz von Kunststoffen"},"content":{"rendered":"\n<h2 class=\"wp-block-heading\">Der Lebenszyklus von Kunststoffen<\/h2>\n\n\n\n<p>Die \u00d6kobilanz (LCA) ber\u00fccksichtigt die Umweltaspekte, die ein Produkt \u00fcber seine Lebensdauer hinweg mit sich bringt.<\/p>\n\n\n\n<p>Die \u00d6kobilanz ist in vier Phasen unterteilt:<\/p>\n\n\n\n<div style=\"height:16px\" aria-hidden=\"true\" class=\"wp-block-spacer\"><\/div>\n\n\n\n<div class=\"wp-block-columns is-layout-flex wp-container-core-columns-is-layout-28f84493 wp-block-columns-is-layout-flex\">\n<div class=\"wp-block-column is-layout-flow wp-block-column-is-layout-flow\">\n<h3 class=\"wp-block-heading\">Ziel und Umfang festlegen<\/h3>\n\n\n\n<p>Wie viel vom Lebenszyklus eines Produkts wird ber\u00fccksichtigt, die Gr\u00fcnde f\u00fcr die Durchf\u00fchrung der Bewertung, die beabsichtigte Zielgruppe und die beabsichtigte Endverwendung<\/p>\n<\/div>\n\n\n\n<div class=\"wp-block-column is-layout-flow wp-block-column-is-layout-flow\">\n<h3 class=\"wp-block-heading\">Bestandsanalyse<\/h3>\n\n\n\n<p>Erfassung der Stoff- und Energiestr\u00f6me im Produktsystem und deren Wechselwirkungen mit der Umwelt (vom Rohstoffeinsatz bis zu Emissionen)<\/p>\n<\/div>\n<\/div>\n\n\n\n<div class=\"wp-block-columns is-layout-flex wp-container-core-columns-is-layout-28f84493 wp-block-columns-is-layout-flex\">\n<div class=\"wp-block-column is-layout-flow wp-block-column-is-layout-flow\">\n<h3 class=\"wp-block-heading\">Folgenabsch\u00e4tzung<\/h3>\n\n\n\n<p>Definition der Auswirkungen aus der Bestandsanalyse und Bewertung ihrer Bedeutung<\/p>\n<\/div>\n\n\n\n<div class=\"wp-block-column is-layout-flow wp-block-column-is-layout-flow\">\n<h3 class=\"wp-block-heading\">Deutung<\/h3>\n\n\n\n<p>eine kritische \u00dcberpr\u00fcfung der Ergebnisse und Ber\u00fccksichtigung der Datensensibilit\u00e4t<\/p>\n<\/div>\n<\/div>\n\n\n\n<div style=\"height:48px\" aria-hidden=\"true\" class=\"wp-block-spacer\"><\/div>\n\n\n\n<h2 class=\"wp-block-heading\">UNEP-SETAC Life Cycle Initiative<\/h2>\n\n\n\n<p>Das Umweltprogramm der Vereinten Nationen (UNEP) und die Gesellschaft f\u00fcr Umwelttoxikologie und Chemie (SETAC) haben 2002 die Life Cycle Initiative ins Leben gerufen. Ihre Mission besteht darin, die globale Nutzung glaubw\u00fcrdigen Wissens \u00fcber den Lebenszyklus zu erm\u00f6glichen, um eine nachhaltigere Gesellschaft zu erreichen.<\/p>\n\n\n\n<p>F\u00fcr Plastics Europe ist Life Cycle Thinking (LCT) ein strategisches Konzept, das auf robusten Daten und Methoden basiert.&nbsp;Aufgrund seiner Bedeutung sind wir seit langem Sponsor der Lebenszyklus-Initiative.&nbsp;Die Initiative konzentriert sich darauf, die Generierung und Anwendung wissenschaftlich fundierter Lebenszyklusans\u00e4tze und Informationen f\u00fcr Produkte durch Unternehmen, Regierungen und die Zivilgesellschaft weltweit als Grundlage f\u00fcr nachhaltigen Konsum und nachhaltige Produktion zu erleichtern.<\/p>\n\n\n\n<p>Weitere Informationen zur&nbsp;<a href=\"https:\/\/www.lifecycleinitiative.org\/\" target=\"_blank\" rel=\"noreferrer noopener\">Life Cycle Initiative<\/a><\/p>\n\n\n\n<div style=\"height:48px\" aria-hidden=\"true\" class=\"wp-block-spacer\"><\/div>\n\n\n\n<h2 class=\"wp-block-heading\">\u00d6koprofile f\u00fcr Kunststoffe<\/h2>\n\n\n\n<p>Plastics Europe war die erste Branchenorganisation, die detaillierte Umweltdaten zu den Prozessen ihrer Mitgliedsunternehmen zusammenstellte und ver\u00f6ffentlichte.<\/p>\n\n\n\n<p>Die ersten \u00d6koprofil-Berichte wurden 1993 ver\u00f6ffentlicht. Seitdem wurden Berichte hinzugef\u00fcgt und kontinuierlich aktualisiert, so dass mittlerweile mehr als 70 \u00d6koprofil-Berichte ver\u00f6ffentlicht und frei verf\u00fcgbar sind.&nbsp;\u00d6koprofile decken Massenpolymere mit hohem Volumen ab, die zu den am h\u00e4ufigsten verwendeten technischen Kunststoffen geh\u00f6ren.&nbsp;Sie sind unter Lebenszyklus-Praktikern und anderen Interessengruppen weltweit weithin als repr\u00e4sentative Datens\u00e4tze anerkannt und wurden in verschiedene kommerzielle Lebenszyklus-Datenbanken und das \u00f6ffentlich zug\u00e4ngliche&nbsp;<a href=\"https:\/\/www.globallcadataaccess.org\/\" target=\"_blank\" rel=\"noreferrer noopener\">Global LCA Data Access Network (GLAD)<\/a>&nbsp;aufgenommen.<\/p>\n\n\n\n<div style=\"height:48px\" aria-hidden=\"true\" class=\"wp-block-spacer\"><\/div>\n\n\n\n<h2 class=\"wp-block-heading\">Das Ziel von \u00d6koprofilen<\/h2>\n\n\n\n<p>Bei der Erstellung der \u00d6koprofil-Berichte, die den europ\u00e4ischen Produktionsdurchschnitt darstellen, haben wir uns klare Ziele gesetzt:<\/p>\n\n\n\n<p>Erstens stellen wir wissenschaftlich fundierte Daten zur Verwendung in Produktlebenszyklusstudien zur Verf\u00fcgung, ohne die Vertraulichkeit detaillierter Prozessdaten der einzelnen Unternehmen zu gef\u00e4hrden.<\/p>\n\n\n\n<p>Zweitens f\u00f6rdern wir Umweltverbesserungen in Produktionsprozessen durch Benchmarking mit dem europ\u00e4ischen Branchendurchschnitt.<\/p>\n\n\n\n<p>Drittens halten wir angesichts des gro\u00dfen Beitrags vorgelagerter Effekte zum \u00d6koprofil eines Polymers und angesichts der Verteilung von Inputmaterialien wie Ethylen oder Naphtha \u00fcber das europ\u00e4ische Pipelinenetz die Industriedurchschnitte f\u00fcr die robusteste Darstellung von Polymerproduktionssystemen .<\/p>\n\n\n\n<div style=\"height:48px\" aria-hidden=\"true\" class=\"wp-block-spacer\"><\/div>\n\n\n\n<h2 class=\"wp-block-heading\">Die Zukunft der \u00d6ko-Profile<\/h2>\n\n\n\n<p>Seit der Ver\u00f6ffentlichung der ersten \u00d6koprofilberichte haben sich Methodik, Standardisierung und Praxis der \u00d6kobilanzierung erheblich ver\u00e4ndert.&nbsp;Neue Konzepte wie&nbsp;<a href=\"https:\/\/ec.europa.eu\/environment\/ipp\/epds.htm\" target=\"_blank\" rel=\"noreferrer noopener\">Umweltproduktdeklarationen (EPD)<\/a>&nbsp;und CO2-Fu\u00dfabdr\u00fccke sind entstanden.&nbsp;Nachgelagerte Branchen wie der Bausektor haben ihre eigenen Standards und Datenanforderungen.<\/p>\n\n\n\n<p>Daher m\u00fcssen sich \u00d6koprofile als Reaktion auf Best Practices und die Bed\u00fcrfnisse der Interessengruppen \u00e4ndern.&nbsp;Aus diesem Grund holen wir regelm\u00e4\u00dfig Beitr\u00e4ge von Stakeholdern zur \u00d6koprofil-Methodik ein.&nbsp;Dar\u00fcber hinaus begr\u00fc\u00dfen wir angesichts der Notwendigkeit global harmonisierter Praktiken und vergleichbarer Ergebnisse die Zusammenarbeit mit anderen regionalen Verb\u00e4nden und laden diese aktiv ein.&nbsp;Die \u00d6koprofil-Methodik orientiert sich an anderen material- oder branchenspezifischen Standards und leistet so einen Beitrag zu gemeinsamen Best Practices.<\/p>\n\n\n\n<div style=\"height:48px\" aria-hidden=\"true\" class=\"wp-block-spacer\"><\/div>\n\n\n\n<h2 class=\"wp-block-heading\">\u00d6kologischer Fu\u00dfabdruck<\/h2>\n\n\n\n<p>Plastics Europe nimmt am Projekt \u201eProduct and Organization Environmental Footprint\u201c der Europ\u00e4ischen Kommission teil.<\/p>\n\n\n\n<p>Weitere Informationen finden Sie hier:<br><a href=\"https:\/\/green-business.ec.europa.eu\/environmental-footprint-methods_en\">https:\/\/green-business.ec.europa.eu\/environmental-footprint-methods_en<\/a><\/p>\n\n\n\n<div style=\"height:48px\" aria-hidden=\"true\" class=\"wp-block-spacer\"><\/div>\n\n\n\n<h3 class=\"wp-block-heading\">Anwendbare Normen<\/h3>\n\n\n\n<p>Plastics Europe h\u00e4lt die Anerkennung und Nutzung der Normenreihe ISO 140xx f\u00fcr entscheidend, wenn das Lebenszyklusdenken in Entscheidungsprozessen unter Einbeziehung von Umweltkriterien zum Einsatz kommt.<\/p>\n\n\n\n<p>ISO 14040: Umweltmanagement \u2013 \u200b\u200b\u00d6kobilanz \u2013 Grunds\u00e4tze und Rahmen<br>ISO 14044: Umweltmanagement \u2013 \u200b\u200b\u00d6kobilanz \u2013 Anforderungen und Richtlinien<br>ISO 14021: Selbstdeklarierte Umweltaussagen \u2013 Umweltkennzeichnung Typ II<br>ISO 14025: Umweltzeichen und -erkl\u00e4rungen \u2013 Umweltkennzeichnung Typ III Erkl\u00e4rungen<br>ISO 14067: CO2-Fu\u00dfabdruck von Produkten<\/p>\n","protected":false},"excerpt":{"rendered":"<p>Der Lebenszyklus von Kunststoffen Die \u00d6kobilanz (LCA) ber\u00fccksichtigt die Umweltaspekte, die ein Produkt \u00fcber seine Lebensdauer hinweg mit sich bringt. Die \u00d6kobilanz ist in vier Phasen unterteilt: Ziel und Umfang festlegen Wie viel vom Lebenszyklus eines Produkts wird ber\u00fccksichtigt, die Gr\u00fcnde f\u00fcr die Durchf\u00fchrung der Bewertung, die beabsichtigte Zielgruppe und die beabsichtigte Endverwendung Bestandsanalyse Erfassung [&hellip;]<\/p>\n","protected":false},"author":1,"featured_media":1122,"parent":3931,"menu_order":0,"comment_status":"closed","ping_status":"closed","template":"","meta":{"footnotes":""},"class_list":["post-3938","page","type-page","status-publish","has-post-thumbnail","hentry"],"acf":[],"yoast_head":"<!-- This site is optimized with the Yoast SEO plugin v21.6 - https:\/\/yoast.com\/wordpress\/plugins\/seo\/ -->\n<title>\u00d6kobilanz von Kunststoffen<\/title>\n<meta name=\"description\" content=\"Die \u00d6kobilanz (LCA) ber\u00fccksichtigt die Umweltaspekte, die ein Produkt \u00fcber seine Lebensdauer hinweg mit sich bringt.\" \/>\n<meta name=\"robots\" content=\"index, follow, max-snippet:-1, max-image-preview:large, max-video-preview:-1\" \/>\n<link rel=\"canonical\" href=\"https:\/\/plasticseurope.org\/de\/nachhaltigkeit\/kreislaufwirtschaft\/life-cycle-thinking\/oekobilanz\/\" \/>\n<meta property=\"og:locale\" content=\"de_DE\" \/>\n<meta property=\"og:type\" content=\"article\" \/>\n<meta property=\"og:title\" content=\"\u00d6kobilanz von Kunststoffen\" \/>\n<meta property=\"og:description\" content=\"Die \u00d6kobilanz (LCA) ber\u00fccksichtigt die Umweltaspekte, die ein Produkt \u00fcber seine Lebensdauer hinweg mit sich bringt.\" \/>\n<meta property=\"og:url\" content=\"https:\/\/plasticseurope.org\/de\/nachhaltigkeit\/kreislaufwirtschaft\/life-cycle-thinking\/oekobilanz\/\" \/>\n<meta property=\"og:site_name\" content=\"Plastics Europe DE\" \/>\n<meta property=\"article:modified_time\" content=\"2025-03-02T19:47:50+00:00\" \/>\n<meta property=\"og:image\" content=\"https:\/\/plasticseurope.org\/de\/wp-content\/uploads\/sites\/3\/2022\/02\/shutterstock_1817801891-scaled.jpg\" \/>\n\t<meta property=\"og:image:width\" content=\"2560\" \/>\n\t<meta property=\"og:image:height\" content=\"1440\" \/>\n\t<meta property=\"og:image:type\" content=\"image\/jpeg\" \/>\n<meta name=\"twitter:card\" content=\"summary_large_image\" \/>\n<meta name=\"twitter:title\" content=\"\u00d6kobilanz von Kunststoffen\" \/>\n<meta name=\"twitter:description\" content=\"Die \u00d6kobilanz (LCA) ber\u00fccksichtigt die Umweltaspekte, die ein Produkt \u00fcber seine Lebensdauer hinweg mit sich bringt.\" \/>\n<meta name=\"twitter:image\" content=\"https:\/\/plasticseurope.org\/de\/wp-content\/uploads\/sites\/3\/2022\/02\/shutterstock_1817801891-scaled.jpg\" \/>\n<meta name=\"twitter:label1\" content=\"Gesch\u00e4tzte Lesezeit\" \/>\n\t<meta name=\"twitter:data1\" content=\"4 Minuten\" \/>\n<script type=\"application\/ld+json\" class=\"yoast-schema-graph\">{\"@context\":\"https:\/\/schema.org\",\"@graph\":[{\"@type\":\"WebPage\",\"@id\":\"https:\/\/plasticseurope.org\/de\/nachhaltigkeit\/kreislaufwirtschaft\/life-cycle-thinking\/oekobilanz\/\",\"url\":\"https:\/\/plasticseurope.org\/de\/nachhaltigkeit\/kreislaufwirtschaft\/life-cycle-thinking\/oekobilanz\/\",\"name\":\"\u00d6kobilanz von Kunststoffen\",\"isPartOf\":{\"@id\":\"https:\/\/plasticseurope.org\/de\/#website\"},\"datePublished\":\"2023-08-17T10:30:15+00:00\",\"dateModified\":\"2025-03-02T19:47:50+00:00\",\"description\":\"Die \u00d6kobilanz (LCA) ber\u00fccksichtigt die Umweltaspekte, die ein Produkt \u00fcber seine Lebensdauer hinweg mit sich bringt.\",\"breadcrumb\":{\"@id\":\"https:\/\/plasticseurope.org\/de\/nachhaltigkeit\/kreislaufwirtschaft\/life-cycle-thinking\/oekobilanz\/#breadcrumb\"},\"inLanguage\":\"de-DE\",\"potentialAction\":[{\"@type\":\"ReadAction\",\"target\":[\"https:\/\/plasticseurope.org\/de\/nachhaltigkeit\/kreislaufwirtschaft\/life-cycle-thinking\/oekobilanz\/\"]}]},{\"@type\":\"BreadcrumbList\",\"@id\":\"https:\/\/plasticseurope.org\/de\/nachhaltigkeit\/kreislaufwirtschaft\/life-cycle-thinking\/oekobilanz\/#breadcrumb\",\"itemListElement\":[{\"@type\":\"ListItem\",\"position\":1,\"name\":\"Home\",\"item\":\"https:\/\/plasticseurope.org\/de\/\"},{\"@type\":\"ListItem\",\"position\":2,\"name\":\"Nachhaltigkeit\",\"item\":\"https:\/\/plasticseurope.org\/de\/nachhaltigkeit\/\"},{\"@type\":\"ListItem\",\"position\":3,\"name\":\"Kreislaufwirtschaft\",\"item\":\"https:\/\/plasticseurope.org\/de\/nachhaltigkeit\/kreislaufwirtschaft\/\"},{\"@type\":\"ListItem\",\"position\":4,\"name\":\"Life-Cycle-Thinking\",\"item\":\"https:\/\/plasticseurope.org\/de\/nachhaltigkeit\/kreislaufwirtschaft\/life-cycle-thinking\/\"},{\"@type\":\"ListItem\",\"position\":5,\"name\":\"\u00d6kobilanz von Kunststoffen\"}]},{\"@type\":\"WebSite\",\"@id\":\"https:\/\/plasticseurope.org\/de\/#website\",\"url\":\"https:\/\/plasticseurope.org\/de\/\",\"name\":\"Plastics Europe DE\",\"description\":\"Enabling a sustainable future\",\"potentialAction\":[{\"@type\":\"SearchAction\",\"target\":{\"@type\":\"EntryPoint\",\"urlTemplate\":\"https:\/\/plasticseurope.org\/de\/?s={search_term_string}\"},\"query-input\":\"required name=search_term_string\"}],\"inLanguage\":\"de-DE\"}]}<\/script>\n<!-- \/ Yoast SEO plugin. -->","yoast_head_json":{"title":"\u00d6kobilanz von Kunststoffen","description":"Die \u00d6kobilanz (LCA) ber\u00fccksichtigt die Umweltaspekte, die ein Produkt \u00fcber seine Lebensdauer hinweg mit sich bringt.","robots":{"index":"index","follow":"follow","max-snippet":"max-snippet:-1","max-image-preview":"max-image-preview:large","max-video-preview":"max-video-preview:-1"},"canonical":"https:\/\/plasticseurope.org\/de\/nachhaltigkeit\/kreislaufwirtschaft\/life-cycle-thinking\/oekobilanz\/","og_locale":"de_DE","og_type":"article","og_title":"\u00d6kobilanz von Kunststoffen","og_description":"Die \u00d6kobilanz (LCA) ber\u00fccksichtigt die Umweltaspekte, die ein Produkt \u00fcber seine Lebensdauer hinweg mit sich bringt.","og_url":"https:\/\/plasticseurope.org\/de\/nachhaltigkeit\/kreislaufwirtschaft\/life-cycle-thinking\/oekobilanz\/","og_site_name":"Plastics Europe DE","article_modified_time":"2025-03-02T19:47:50+00:00","og_image":[{"width":2560,"height":1440,"url":"https:\/\/plasticseurope.org\/de\/wp-content\/uploads\/sites\/3\/2022\/02\/shutterstock_1817801891-scaled.jpg","type":"image\/jpeg"}],"twitter_card":"summary_large_image","twitter_title":"\u00d6kobilanz von Kunststoffen","twitter_description":"Die \u00d6kobilanz (LCA) ber\u00fccksichtigt die Umweltaspekte, die ein Produkt \u00fcber seine Lebensdauer hinweg mit sich bringt.","twitter_image":"https:\/\/plasticseurope.org\/de\/wp-content\/uploads\/sites\/3\/2022\/02\/shutterstock_1817801891-scaled.jpg","twitter_misc":{"Gesch\u00e4tzte Lesezeit":"4 Minuten"},"schema":{"@context":"https:\/\/schema.org","@graph":[{"@type":"WebPage","@id":"https:\/\/plasticseurope.org\/de\/nachhaltigkeit\/kreislaufwirtschaft\/life-cycle-thinking\/oekobilanz\/","url":"https:\/\/plasticseurope.org\/de\/nachhaltigkeit\/kreislaufwirtschaft\/life-cycle-thinking\/oekobilanz\/","name":"\u00d6kobilanz von Kunststoffen","isPartOf":{"@id":"https:\/\/plasticseurope.org\/de\/#website"},"datePublished":"2023-08-17T10:30:15+00:00","dateModified":"2025-03-02T19:47:50+00:00","description":"Die \u00d6kobilanz (LCA) ber\u00fccksichtigt die Umweltaspekte, die ein Produkt \u00fcber seine Lebensdauer hinweg mit sich bringt.","breadcrumb":{"@id":"https:\/\/plasticseurope.org\/de\/nachhaltigkeit\/kreislaufwirtschaft\/life-cycle-thinking\/oekobilanz\/#breadcrumb"},"inLanguage":"de-DE","potentialAction":[{"@type":"ReadAction","target":["https:\/\/plasticseurope.org\/de\/nachhaltigkeit\/kreislaufwirtschaft\/life-cycle-thinking\/oekobilanz\/"]}]},{"@type":"BreadcrumbList","@id":"https:\/\/plasticseurope.org\/de\/nachhaltigkeit\/kreislaufwirtschaft\/life-cycle-thinking\/oekobilanz\/#breadcrumb","itemListElement":[{"@type":"ListItem","position":1,"name":"Home","item":"https:\/\/plasticseurope.org\/de\/"},{"@type":"ListItem","position":2,"name":"Nachhaltigkeit","item":"https:\/\/plasticseurope.org\/de\/nachhaltigkeit\/"},{"@type":"ListItem","position":3,"name":"Kreislaufwirtschaft","item":"https:\/\/plasticseurope.org\/de\/nachhaltigkeit\/kreislaufwirtschaft\/"},{"@type":"ListItem","position":4,"name":"Life-Cycle-Thinking","item":"https:\/\/plasticseurope.org\/de\/nachhaltigkeit\/kreislaufwirtschaft\/life-cycle-thinking\/"},{"@type":"ListItem","position":5,"name":"\u00d6kobilanz von Kunststoffen"}]},{"@type":"WebSite","@id":"https:\/\/plasticseurope.org\/de\/#website","url":"https:\/\/plasticseurope.org\/de\/","name":"Plastics Europe DE","description":"Enabling a sustainable future","potentialAction":[{"@type":"SearchAction","target":{"@type":"EntryPoint","urlTemplate":"https:\/\/plasticseurope.org\/de\/?s={search_term_string}"},"query-input":"required name=search_term_string"}],"inLanguage":"de-DE"}]}},"_links":{"self":[{"href":"https:\/\/plasticseurope.org\/de\/wp-json\/wp\/v2\/pages\/3938","targetHints":{"allow":["GET"]}}],"collection":[{"href":"https:\/\/plasticseurope.org\/de\/wp-json\/wp\/v2\/pages"}],"about":[{"href":"https:\/\/plasticseurope.org\/de\/wp-json\/wp\/v2\/types\/page"}],"author":[{"embeddable":true,"href":"https:\/\/plasticseurope.org\/de\/wp-json\/wp\/v2\/users\/1"}],"replies":[{"embeddable":true,"href":"https:\/\/plasticseurope.org\/de\/wp-json\/wp\/v2\/comments?post=3938"}],"version-history":[{"count":0,"href":"https:\/\/plasticseurope.org\/de\/wp-json\/wp\/v2\/pages\/3938\/revisions"}],"up":[{"embeddable":true,"href":"https:\/\/plasticseurope.org\/de\/wp-json\/wp\/v2\/pages\/3931"}],"wp:featuredmedia":[{"embeddable":true,"href":"https:\/\/plasticseurope.org\/de\/wp-json\/wp\/v2\/media\/1122"}],"wp:attachment":[{"href":"https:\/\/plasticseurope.org\/de\/wp-json\/wp\/v2\/media?parent=3938"}],"curies":[{"name":"wp","href":"https:\/\/api.w.org\/{rel}","templated":true}]}}