{"id":3931,"date":"2023-08-17T09:23:52","date_gmt":"2023-08-17T09:23:52","guid":{"rendered":"https:\/\/plasticseurope.wpenginepowered.com\/de\/?page_id=3931"},"modified":"2025-03-02T19:47:43","modified_gmt":"2025-03-02T19:47:43","slug":"life-cycle-thinking","status":"publish","type":"page","link":"https:\/\/plasticseurope.org\/de\/nachhaltigkeit\/kreislaufwirtschaft\/life-cycle-thinking\/","title":{"rendered":"Life-Cycle-Thinking"},"content":{"rendered":"\n<p>Life Cycle Thinking (LCT) ist ein Framework, das eine ganzheitliche Sicht auf ein Produkt, einen Prozess oder eine Dienstleistung von der Produktion \u00fcber den Verbrauch oder die Nutzung bis zum Lebensende ber\u00fccksichtigt.<\/p>\n\n\n\n<p>Es bewertet die Auswirkungen des Produkts, Prozesses oder der Dienstleistung in \u00f6kologischer, wirtschaftlicher und sozialer Hinsicht \u00fcber den gesamten Lebenszyklus.&nbsp;Dieser Ansatz zielt darauf ab, negative Auswirkungen durch die Verlagerung auf andere Bereiche des Lebenszyklus zu vermeiden.<\/p>\n\n\n\n<div style=\"height:16px\" aria-hidden=\"true\" class=\"wp-block-spacer\"><\/div>\n\n\n\n<p><strong>Beispiele beinhalten:<\/strong><\/p>\n\n\n\n<p>Energieeinsparung beim Endverbrauch, ohne den f\u00fcr die Herstellung erforderlichen Verbrauch zu erh\u00f6hen.<\/p>\n\n\n\n<p>Reduzierung des Ressourcenverbrauchs in einem Land und gleichzeitig Erh\u00f6hung des Ressourcenverbrauchs in einem anderen.<\/p>\n\n\n\n<figure class=\"wp-block-pullquote has-text-align-left is-style-solid-color has-jade-color has-text-color\"><blockquote><p>Life-Cycle Thinking gibt Entscheidungstr\u00e4gern ein solides Instrument an die Hand gibt, das ein Gleichgewicht zwischen den gegenw\u00e4rtigen und zuk\u00fcnftigen Bed\u00fcrfnissen der Weltgemeinschaft herstellt.<\/p><cite>(ISO 14044)<\/cite><\/blockquote><\/figure>\n\n\n\n<h2 class=\"wp-block-heading\">Nachhaltigen Wandel schaffen<\/h2>\n\n\n\n<p>LCT ist ein wichtiges Instrument, da Industrie und Gesellschaft den \u00dcbergang zu einer Kreislaufwirtschaft annehmen.&nbsp;Die Anwendung der LCT-Philosophie erm\u00f6glicht es einer Organisation, umfassendere Auswirkungen auf die Nachhaltigkeit zu verstehen und ihre Richtlinien und Prozesse anzupassen, um positive Ver\u00e4nderungen herbeizuf\u00fchren.&nbsp;Dies wiederum erm\u00f6glicht es, langfristige strategische Entscheidungen \u00fcber die Zukunft des Produktportfolios einer Organisation zu treffen.&nbsp;Beispielsweise kann die Umsetzung von Priorit\u00e4ten bei Forschungs- und Entwicklungsaktivit\u00e4ten oder Investitionsentscheidungen Zeit in Anspruch nehmen.<\/p>\n\n\n\n<p>Eine fr\u00fchzeitige Festlegung einer klaren Richtung bedeutet, dass Innovationen, Chancen und finanzielle \u00dcberlegungen auf Vorstands- oder Managementebene vereinbart und dann Teil des Gesch\u00e4ftsplans werden k\u00f6nnen.&nbsp;Dadurch wird LCT \u201eTeil unserer Gesch\u00e4ftsabl\u00e4ufe\u201c und treibt die Einf\u00fchrung von Praktiken voran, die eine nachhaltige Kreislaufwirtschaft unterst\u00fctzen.<\/p>\n\n\n\n<div style=\"height:48px\" aria-hidden=\"true\" class=\"wp-block-spacer\"><\/div>\n\n\n\n<h2 class=\"wp-block-heading\"><a href=\"https:\/\/sdgs.un.org\/goals\" target=\"_blank\" rel=\"noreferrer noopener\"><a href=\"https:\/\/sdgs.un.org\/goals\" target=\"_blank\" rel=\"noreferrer noopener\">Life-Cycle-Thinking unterst\u00fctzt die UN-Nachhaltigkeitsziele<\/a><\/a><\/h2>\n\n\n\n<p>Der \u00d6kobilanzstandard ISO 14044:2006 verweist auf die Unterst\u00fctzung der vereinten Ziele f\u00fcr nachhaltige Entwicklung (SDGs) 12 und 13. Die SDGs sind ein \u201edringender Aufruf zum Handeln aller L\u00e4nder\u201c, um bis 2030 eine Reihe von 17 Zielen in Angriff zu nehmen, um die wirtschaftliche, Umwelt- und Sozialergebnisse f\u00fcr Millionen Menschen auf der ganzen Welt.<\/p>\n\n\n\n<div style=\"height:48px\" aria-hidden=\"true\" class=\"wp-block-spacer\"><\/div>\n\n\n\n<div class=\"wp-block-columns is-layout-flex wp-container-core-columns-is-layout-28f84493 wp-block-columns-is-layout-flex\">\n<div class=\"wp-block-column is-vertically-aligned-center is-layout-flow wp-block-column-is-layout-flow\" style=\"flex-basis:33.33%\">\n<figure class=\"wp-block-image size-large\"><img decoding=\"async\" src=\"https:\/\/plasticseurope.org\/wp-content\/uploads\/2021\/10\/E_SDG-goals_icons-individual-rgb-12-1024x1024.png\" alt=\"\" class=\"wp-image-2641\" \/><\/figure>\n<\/div>\n\n\n\n<div class=\"wp-block-column is-vertically-aligned-center is-layout-flow wp-block-column-is-layout-flow\" style=\"flex-basis:66.66%\">\n<h3 class=\"wp-block-heading\">SDG 12: Nachhaltige Konsum- und Produktionsmuster sicherstellen<\/h3>\n\n\n\n<p>Weltweiter Konsum und Produktion \u2013 eine treibende Kraft der Weltwirtschaft \u2013 beruhen auf der Nutzung der nat\u00fcrlichen Umwelt und Ressourcen in einer Weise, die weiterhin zerst\u00f6rerische Auswirkungen auf den Planeten hat.&nbsp;<\/p>\n\n\n\n<p>Im Laufe des letzten Jahrhunderts ging der wirtschaftliche und soziale Fortschritt mit einer Umweltzerst\u00f6rung einher, die genau die Systeme gef\u00e4hrdet, von denen unsere zuk\u00fcnftige Entwicklung \u2013 ja sogar unser \u00dcberleben \u2013 abh\u00e4ngt.&nbsp;1<\/p>\n<\/div>\n<\/div>\n\n\n\n<div class=\"wp-block-columns is-layout-flex wp-container-core-columns-is-layout-28f84493 wp-block-columns-is-layout-flex\">\n<div class=\"wp-block-column is-layout-flow wp-block-column-is-layout-flow\" style=\"flex-basis:33.33%\">\n<figure class=\"wp-block-image size-large\"><img decoding=\"async\" src=\"https:\/\/plasticseurope.org\/wp-content\/uploads\/2021\/10\/E_SDG-goals_icons-individual-rgb-13-1024x1024.png\" alt=\"\" class=\"wp-image-2646\" \/><\/figure>\n<\/div>\n\n\n\n<div class=\"wp-block-column is-vertically-aligned-center is-layout-flow wp-block-column-is-layout-flow\" style=\"flex-basis:66.66%\">\n<h3 class=\"wp-block-heading\">SDG 13: Ergreifen Sie dringend Ma\u00dfnahmen zur Bek\u00e4mpfung des Klimawandels und seiner Auswirkungen<\/h3>\n\n\n\n<p>Der Klimawandel betrifft jedes Land auf jedem Kontinent.&nbsp;Es st\u00f6rt die Volkswirtschaften und beeintr\u00e4chtigt das Leben.&nbsp;Das Wetter \u00e4ndert sich, der Meeresspiegel steigt und die Wetterereignisse werden immer extremer.<\/p>\n\n\n\n<p>Um Leben und Lebensgrundlagen zu retten, sind dringende Ma\u00dfnahmen zur Bew\u00e4ltigung der Pandemie und des Klimanotstands erforderlich.<\/p>\n<\/div>\n<\/div>\n\n\n\n<div style=\"height:48px\" aria-hidden=\"true\" class=\"wp-block-spacer\"><\/div>\n\n\n\n<p>Das&nbsp;2015 verabschiedete&nbsp;<a href=\"https:\/\/unfccc.int\/process-and-meetings\/the-paris-agreement\/the-paris-agreement\" target=\"_blank\" rel=\"noreferrer noopener\">Pariser Abkommen<\/a>&nbsp;zielt darauf ab, die globale Reaktion auf die Bedrohung durch den Klimawandel zu st\u00e4rken, indem der globale Temperaturanstieg in diesem Jahrhundert deutlich unter 2 Grad Celsius \u00fcber dem vorindustriellen Niveau gehalten wird.&nbsp;Das Abkommen zielt auch darauf ab, die F\u00e4higkeit der L\u00e4nder zu st\u00e4rken, mit den Auswirkungen des Klimawandels umzugehen, und zwar durch geeignete Finanzstr\u00f6me, einen neuen Technologierahmen und einen verbesserten Rahmen f\u00fcr den Kapazit\u00e4tsaufbau.<\/p>\n\n\n\n<div style=\"height:48px\" aria-hidden=\"true\" class=\"wp-block-spacer\"><\/div>\n\n\n\n<p>Quellen:<br>1&nbsp;<a href=\"https:\/\/www.un.org\/sustainabledevelopment\/sustainable-consumption-production\/\" target=\"_blank\" rel=\"noreferrer noopener\">https:\/\/www.un.org\/sustainabledevelopment\/sustainable-consumption-produktion\/<\/a><br>2&nbsp;<a href=\"https:\/\/www.un.org\/sustainabledevelopment\/climate-change\/\" target=\"_blank\" rel=\"noreferrer noopener\">https:\/\/www.un.org\/sustainabledevelopment\/climate-change\/<\/a><\/p>\n\n\n\n<p><\/p>\n\n\n\n<div style=\"height:48px\" aria-hidden=\"true\" class=\"wp-block-spacer is-style-large\"><\/div>\n\n\n\n<div class=\"wp-block-cover alignfull -mb-28\" style=\"min-height:24em;aspect-ratio:unset;\"><span aria-hidden=\"true\" class=\"wp-block-cover__background has-sky-background-color has-background-dim-80 has-background-dim\"><\/span><img decoding=\"async\" class=\"wp-block-cover__image-background wp-image-2656\" alt=\"\" src=\"https:\/\/plasticseurope.org\/wp-content\/uploads\/2021\/10\/sdgs_0.png\" data-object-fit=\"cover\" \/><div class=\"wp-block-cover__inner-container is-layout-flow wp-block-cover-is-layout-flow\">\n<h2 class=\"wp-block-heading has-text-align-center\">Die UN Nachhaltigkeitsziele<\/h2>\n\n\n\n<div class=\"wp-block-buttons is-horizontal is-content-justification-center is-layout-flex wp-container-core-buttons-is-layout-03627597 wp-block-buttons-is-layout-flex\">\n<div class=\"wp-block-button\"><a class=\"wp-block-button__link wp-element-button\" href=\"https:\/\/sdgs.un.org\/goals\" target=\"_blank\" rel=\"noreferrer noopener\">Weiterlesen<\/a><\/div>\n<\/div>\n<\/div><\/div>\n","protected":false},"excerpt":{"rendered":"<p>Life Cycle Thinking (LCT) ist ein Framework, das eine ganzheitliche Sicht auf ein Produkt, einen Prozess oder eine Dienstleistung von der Produktion \u00fcber den Verbrauch oder die Nutzung bis zum Lebensende ber\u00fccksichtigt. Es bewertet die Auswirkungen des Produkts, Prozesses oder der Dienstleistung in \u00f6kologischer, wirtschaftlicher und sozialer Hinsicht \u00fcber den gesamten Lebenszyklus.&nbsp;Dieser Ansatz zielt darauf [&hellip;]<\/p>\n","protected":false},"author":1,"featured_media":3935,"parent":1257,"menu_order":0,"comment_status":"closed","ping_status":"closed","template":"","meta":{"footnotes":""},"class_list":["post-3931","page","type-page","status-publish","has-post-thumbnail","hentry"],"acf":[],"yoast_head":"<!-- This site is optimized with the Yoast SEO plugin v21.6 - https:\/\/yoast.com\/wordpress\/plugins\/seo\/ -->\n<title>Life-Cycle-Thinking<\/title>\n<meta name=\"description\" content=\"Life Cycle Thinking (LCT) ist ein Framework, das einen Prozess von der Produktion und Nutzung bis zum Lebensende ber\u00fccksichtigt.\" \/>\n<meta name=\"robots\" content=\"index, follow, max-snippet:-1, max-image-preview:large, max-video-preview:-1\" \/>\n<link rel=\"canonical\" href=\"https:\/\/plasticseurope.org\/de\/nachhaltigkeit\/kreislaufwirtschaft\/life-cycle-thinking\/\" \/>\n<meta property=\"og:locale\" content=\"de_DE\" \/>\n<meta property=\"og:type\" content=\"article\" \/>\n<meta property=\"og:title\" content=\"Life-Cycle-Thinking\" \/>\n<meta property=\"og:description\" content=\"Life Cycle Thinking (LCT) ist ein Framework, das einen Prozess von der Produktion und Nutzung bis zum Lebensende ber\u00fccksichtigt.\" \/>\n<meta property=\"og:url\" content=\"https:\/\/plasticseurope.org\/de\/nachhaltigkeit\/kreislaufwirtschaft\/life-cycle-thinking\/\" \/>\n<meta property=\"og:site_name\" content=\"Plastics Europe DE\" \/>\n<meta property=\"article:modified_time\" content=\"2025-03-02T19:47:43+00:00\" \/>\n<meta property=\"og:image\" content=\"https:\/\/plasticseurope.org\/de\/wp-content\/uploads\/sites\/3\/2023\/08\/Schuh_K-Exponat_c_Plastics-Europe_Ulrik-Eichentopf-scaled.jpg\" \/>\n\t<meta property=\"og:image:width\" content=\"2560\" \/>\n\t<meta property=\"og:image:height\" content=\"1704\" \/>\n\t<meta property=\"og:image:type\" content=\"image\/jpeg\" \/>\n<meta name=\"twitter:card\" content=\"summary_large_image\" \/>\n<meta name=\"twitter:title\" content=\"Life-Cycle-Thinking\" \/>\n<meta name=\"twitter:description\" content=\"Life Cycle Thinking (LCT) ist ein Framework, das einen Prozess von der Produktion und Nutzung bis zum Lebensende ber\u00fccksichtigt.\" \/>\n<meta name=\"twitter:image\" content=\"https:\/\/plasticseurope.org\/de\/wp-content\/uploads\/sites\/3\/2023\/08\/Schuh_K-Exponat_c_Plastics-Europe_Ulrik-Eichentopf-scaled.jpg\" \/>\n<meta name=\"twitter:label1\" content=\"Gesch\u00e4tzte Lesezeit\" \/>\n\t<meta name=\"twitter:data1\" content=\"4 Minuten\" \/>\n<script type=\"application\/ld+json\" class=\"yoast-schema-graph\">{\"@context\":\"https:\/\/schema.org\",\"@graph\":[{\"@type\":\"WebPage\",\"@id\":\"https:\/\/plasticseurope.org\/de\/nachhaltigkeit\/kreislaufwirtschaft\/life-cycle-thinking\/\",\"url\":\"https:\/\/plasticseurope.org\/de\/nachhaltigkeit\/kreislaufwirtschaft\/life-cycle-thinking\/\",\"name\":\"Life-Cycle-Thinking\",\"isPartOf\":{\"@id\":\"https:\/\/plasticseurope.org\/de\/#website\"},\"datePublished\":\"2023-08-17T09:23:52+00:00\",\"dateModified\":\"2025-03-02T19:47:43+00:00\",\"description\":\"Life Cycle Thinking (LCT) ist ein Framework, das einen Prozess von der Produktion und Nutzung bis zum Lebensende ber\u00fccksichtigt.\",\"breadcrumb\":{\"@id\":\"https:\/\/plasticseurope.org\/de\/nachhaltigkeit\/kreislaufwirtschaft\/life-cycle-thinking\/#breadcrumb\"},\"inLanguage\":\"de-DE\",\"potentialAction\":[{\"@type\":\"ReadAction\",\"target\":[\"https:\/\/plasticseurope.org\/de\/nachhaltigkeit\/kreislaufwirtschaft\/life-cycle-thinking\/\"]}]},{\"@type\":\"BreadcrumbList\",\"@id\":\"https:\/\/plasticseurope.org\/de\/nachhaltigkeit\/kreislaufwirtschaft\/life-cycle-thinking\/#breadcrumb\",\"itemListElement\":[{\"@type\":\"ListItem\",\"position\":1,\"name\":\"Home\",\"item\":\"https:\/\/plasticseurope.org\/de\/\"},{\"@type\":\"ListItem\",\"position\":2,\"name\":\"Nachhaltigkeit\",\"item\":\"https:\/\/plasticseurope.org\/de\/nachhaltigkeit\/\"},{\"@type\":\"ListItem\",\"position\":3,\"name\":\"Kreislaufwirtschaft\",\"item\":\"https:\/\/plasticseurope.org\/de\/nachhaltigkeit\/kreislaufwirtschaft\/\"},{\"@type\":\"ListItem\",\"position\":4,\"name\":\"Life-Cycle-Thinking\"}]},{\"@type\":\"WebSite\",\"@id\":\"https:\/\/plasticseurope.org\/de\/#website\",\"url\":\"https:\/\/plasticseurope.org\/de\/\",\"name\":\"Plastics Europe DE\",\"description\":\"Enabling a sustainable future\",\"potentialAction\":[{\"@type\":\"SearchAction\",\"target\":{\"@type\":\"EntryPoint\",\"urlTemplate\":\"https:\/\/plasticseurope.org\/de\/?s={search_term_string}\"},\"query-input\":\"required name=search_term_string\"}],\"inLanguage\":\"de-DE\"}]}<\/script>\n<!-- \/ Yoast SEO plugin. -->","yoast_head_json":{"title":"Life-Cycle-Thinking","description":"Life Cycle Thinking (LCT) ist ein Framework, das einen Prozess von der Produktion und Nutzung bis zum Lebensende ber\u00fccksichtigt.","robots":{"index":"index","follow":"follow","max-snippet":"max-snippet:-1","max-image-preview":"max-image-preview:large","max-video-preview":"max-video-preview:-1"},"canonical":"https:\/\/plasticseurope.org\/de\/nachhaltigkeit\/kreislaufwirtschaft\/life-cycle-thinking\/","og_locale":"de_DE","og_type":"article","og_title":"Life-Cycle-Thinking","og_description":"Life Cycle Thinking (LCT) ist ein Framework, das einen Prozess von der Produktion und Nutzung bis zum Lebensende ber\u00fccksichtigt.","og_url":"https:\/\/plasticseurope.org\/de\/nachhaltigkeit\/kreislaufwirtschaft\/life-cycle-thinking\/","og_site_name":"Plastics Europe DE","article_modified_time":"2025-03-02T19:47:43+00:00","og_image":[{"width":2560,"height":1704,"url":"https:\/\/plasticseurope.org\/de\/wp-content\/uploads\/sites\/3\/2023\/08\/Schuh_K-Exponat_c_Plastics-Europe_Ulrik-Eichentopf-scaled.jpg","type":"image\/jpeg"}],"twitter_card":"summary_large_image","twitter_title":"Life-Cycle-Thinking","twitter_description":"Life Cycle Thinking (LCT) ist ein Framework, das einen Prozess von der Produktion und Nutzung bis zum Lebensende ber\u00fccksichtigt.","twitter_image":"https:\/\/plasticseurope.org\/de\/wp-content\/uploads\/sites\/3\/2023\/08\/Schuh_K-Exponat_c_Plastics-Europe_Ulrik-Eichentopf-scaled.jpg","twitter_misc":{"Gesch\u00e4tzte Lesezeit":"4 Minuten"},"schema":{"@context":"https:\/\/schema.org","@graph":[{"@type":"WebPage","@id":"https:\/\/plasticseurope.org\/de\/nachhaltigkeit\/kreislaufwirtschaft\/life-cycle-thinking\/","url":"https:\/\/plasticseurope.org\/de\/nachhaltigkeit\/kreislaufwirtschaft\/life-cycle-thinking\/","name":"Life-Cycle-Thinking","isPartOf":{"@id":"https:\/\/plasticseurope.org\/de\/#website"},"datePublished":"2023-08-17T09:23:52+00:00","dateModified":"2025-03-02T19:47:43+00:00","description":"Life Cycle Thinking (LCT) ist ein Framework, das einen Prozess von der Produktion und Nutzung bis zum Lebensende ber\u00fccksichtigt.","breadcrumb":{"@id":"https:\/\/plasticseurope.org\/de\/nachhaltigkeit\/kreislaufwirtschaft\/life-cycle-thinking\/#breadcrumb"},"inLanguage":"de-DE","potentialAction":[{"@type":"ReadAction","target":["https:\/\/plasticseurope.org\/de\/nachhaltigkeit\/kreislaufwirtschaft\/life-cycle-thinking\/"]}]},{"@type":"BreadcrumbList","@id":"https:\/\/plasticseurope.org\/de\/nachhaltigkeit\/kreislaufwirtschaft\/life-cycle-thinking\/#breadcrumb","itemListElement":[{"@type":"ListItem","position":1,"name":"Home","item":"https:\/\/plasticseurope.org\/de\/"},{"@type":"ListItem","position":2,"name":"Nachhaltigkeit","item":"https:\/\/plasticseurope.org\/de\/nachhaltigkeit\/"},{"@type":"ListItem","position":3,"name":"Kreislaufwirtschaft","item":"https:\/\/plasticseurope.org\/de\/nachhaltigkeit\/kreislaufwirtschaft\/"},{"@type":"ListItem","position":4,"name":"Life-Cycle-Thinking"}]},{"@type":"WebSite","@id":"https:\/\/plasticseurope.org\/de\/#website","url":"https:\/\/plasticseurope.org\/de\/","name":"Plastics Europe DE","description":"Enabling a sustainable future","potentialAction":[{"@type":"SearchAction","target":{"@type":"EntryPoint","urlTemplate":"https:\/\/plasticseurope.org\/de\/?s={search_term_string}"},"query-input":"required name=search_term_string"}],"inLanguage":"de-DE"}]}},"_links":{"self":[{"href":"https:\/\/plasticseurope.org\/de\/wp-json\/wp\/v2\/pages\/3931","targetHints":{"allow":["GET"]}}],"collection":[{"href":"https:\/\/plasticseurope.org\/de\/wp-json\/wp\/v2\/pages"}],"about":[{"href":"https:\/\/plasticseurope.org\/de\/wp-json\/wp\/v2\/types\/page"}],"author":[{"embeddable":true,"href":"https:\/\/plasticseurope.org\/de\/wp-json\/wp\/v2\/users\/1"}],"replies":[{"embeddable":true,"href":"https:\/\/plasticseurope.org\/de\/wp-json\/wp\/v2\/comments?post=3931"}],"version-history":[{"count":0,"href":"https:\/\/plasticseurope.org\/de\/wp-json\/wp\/v2\/pages\/3931\/revisions"}],"up":[{"embeddable":true,"href":"https:\/\/plasticseurope.org\/de\/wp-json\/wp\/v2\/pages\/1257"}],"wp:featuredmedia":[{"embeddable":true,"href":"https:\/\/plasticseurope.org\/de\/wp-json\/wp\/v2\/media\/3935"}],"wp:attachment":[{"href":"https:\/\/plasticseurope.org\/de\/wp-json\/wp\/v2\/media?parent=3931"}],"curies":[{"name":"wp","href":"https:\/\/api.w.org\/{rel}","templated":true}]}}