{"id":3914,"date":"2023-08-17T09:01:44","date_gmt":"2023-08-17T09:01:44","guid":{"rendered":"https:\/\/plasticseurope.wpenginepowered.com\/de\/?page_id=3914"},"modified":"2025-03-02T19:49:06","modified_gmt":"2025-03-02T19:49:06","slug":"bridgit","status":"publish","type":"page","link":"https:\/\/plasticseurope.org\/de\/nachhaltigkeit\/kunststoffe-und-gesundheit\/mikroplastik\/bridgit\/","title":{"rendered":"Das Bridgit Projekt"},"content":{"rendered":"\n<p>Im Jahr 2022 startete Plastics Europe ein mehrere Millionen Euro teures, f\u00fcnfj\u00e4hriges (2022\u20132026) wissenschaftliches Forschungsprojekt:&nbsp;<strong>Brigid<\/strong>&nbsp;.&nbsp;Ziel dieses Projekts ist es, die potenziellen Risiken f\u00fcr die menschliche Gesundheit durch die Aufnahme von Mikroplastik durch den Verzehr zu bewerten.&nbsp;Es wird vermutet, dass die Einnahme \u00fcber Lebensmittel, neben der Inhalation,&nbsp;<a href=\"https:\/\/pubs.acs.org\/doi\/10.1021\/acs.est.0c07384\" target=\"_blank\" rel=\"noreferrer noopener\">der Haupteintrittsweg<\/a>&nbsp;von Mikroplastik in unseren K\u00f6rper ist.<\/p>\n\n\n\n<p><a href=\"https:\/\/plasticseurope.org\/sustainability\/plastics-health\/microplastics\/\">Mikroplastikverschmutzung<\/a>&nbsp;ist ein globales Problem und L\u00f6sungen sind dringend erforderlich.&nbsp;F\u00fcr die Zukunft ist es wichtig, dass alle Ma\u00dfnahmen zur Bek\u00e4mpfung des Mikroplastikproblems auf verl\u00e4sslichen wissenschaftlichen Erkenntnissen basieren.&nbsp;Wissenschaftler haben jedoch noch nicht vollst\u00e4ndig gekl\u00e4rt, ob die Belastung durch Mikroplastik Auswirkungen auf den Menschen hat.<\/p>\n\n\n\n<div style=\"height:26px\" aria-hidden=\"true\" class=\"wp-block-spacer is-style-medium\"><\/div>\n\n\n\n<h2 class=\"wp-block-heading\" id=\"a-five-year-2022-2026-scientific-research-project\">Ein f\u00fcnfj\u00e4hriges (2022-2026) wissenschaftliches Forschungsprojekt<\/h2>\n\n\n\n<p>Diese Konzepte spiegeln sich im&nbsp;<a rel=\"noreferrer noopener\" href=\"https:\/\/en.wikipedia.org\/wiki\/Brigid%27s_cross\" target=\"_blank\">dreiarmigen Brigid-Kreuz<\/a>&nbsp;wider, das als Inspiration f\u00fcr das Logo unserer Initiative diente \u2013 auch eine Anspielung auf den dreistufigen experimentellen Ansatz der Zell-, Gewebe- und Organismustests.&nbsp;Brigid konzentriert sich auf Mikroplastik aus sieben verschiedenen Polymertypen:<\/p>\n\n\n\n<ul class=\"wp-block-list\">\n<li>Polyethylen (sowohl lineare niedrige Dichte als auch niedrige\/hohe Dichte)<\/li>\n\n\n\n<li>Polypropylen<\/li>\n\n\n\n<li>Polystyrol<\/li>\n\n\n\n<li>(hartes) Polyvinylchlorid<\/li>\n\n\n\n<li>Polycarbonat<\/li>\n\n\n\n<li>Polyamid-6<\/li>\n\n\n\n<li>und Polyethylenterephthalat*<\/li>\n<\/ul>\n\n\n\n<div style=\"height:48px\" aria-hidden=\"true\" class=\"wp-block-spacer is-style-small\"><\/div>\n\n\n\n<p>In Ermangelung belastbarer realer Expositionsdaten geht man davon aus, dass diese Polymertypen unter den von unseren Mitgliedern hergestellten Polymertypen am repr\u00e4sentativsten f\u00fcr das sind, was der durchschnittliche Mensch in seinem t\u00e4glichen Leben potenziell am h\u00e4ufigsten begegnet.<\/p>\n\n\n\n<div style=\"height:48px\" aria-hidden=\"true\" class=\"wp-block-spacer is-style-small\"><\/div>\n\n\n\n<p>*Polyethylenterephthalat \u2013 wird nur teilweise in Tests einbezogen.<\/p>\n\n\n\n<div style=\"height:48px\" aria-hidden=\"true\" class=\"wp-block-spacer is-style-medium\"><\/div>\n\n\n\n<h2 class=\"wp-block-heading\" id=\"the-structure\">Die Struktur<\/h2>\n\n\n\n<p>Die Struktur von Brigid ist in sechs miteinander verbundene Arbeitspakete (WPs) unterteilt, siehe unten:<\/p>\n\n\n\n<div style=\"height:100px\" aria-hidden=\"true\" class=\"wp-block-spacer is-style-small\"><\/div>\n\n\n\n<div id=\"flip-box-block_48038a22d7b36c7bbd4197604a69a5e0\" class=\"flip-box\">\n  <div class=\"flip-box-inner relative\">\n    <div class=\"has-white-background-color has-gray-color flex flex-col items-center justify-center absolute top-0 left-0 w-full h-full text-white transition duration-500 ease-in-out opacity-0 hover:opacity-100 cursor-pointer\">\n      <figure class=\"wp-block-table is-style-stripes\">\n<table class=\"has-fixed-layout\">\n<tbody>\n<tr>\n<td><strong>WP1<\/strong><\/td>\n<td>Here, microplastics will be prepared through the micronisation of commercial polymer grades the seven polymer types. Some microplastics will be labelled, to better track them during exposure experiments. All the WP1 microplastics will be characterised with different analytical techniques.<\/td>\n<\/tr>\n<tr>\n<td><strong>WP2<\/strong> <\/p>\n<\/td>\n<td>The exposure assessment working package: the objective is to confirm the presence in the body and track the path of microplastics, through different Tasks.<br \/>Task 2.1: a human exposure computer model, built in collaboration with Cefic-LRI project B24.<br \/>Task 2.2: cell-culture assays to establish the potential for microplastics to cross biological membranes.<br \/>Task 2.3: Human Stool Study (HSS) &#8211; a study aiming to count and characterise microplastics in human stool.<br \/>Task 2.4: &nbsp;studies to track microplastics in model organisms.<\/td>\n<\/tr>\n<tr>\n<td><strong>WP3<\/strong><\/td>\n<td>The hazard assessment working package: we will follow a three-tiered approach of increased complexity, starting with cell cultures, through whole tissues, and finally organisms. The objective is to confirm and quantify if the presence of microplastics in the body poses a hazard to human health.<\/td>\n<\/tr>\n<tr>\n<td><strong>WP4<\/strong><\/td>\n<td>The risk assessment working package. Data from WP2 and WP3 is fed into this working package: here, an innovative approach to risk assessment will be deployed.&nbsp; It will combine traditional <em>in vivo-<\/em>based risk assessment with elements from next-generation alternative techniques.<\/td>\n<\/tr>\n<tr>\n<td><strong>WP5<\/strong><\/td>\n<td>The communication and dissemination working package: We are committed to granting access to our results for everyone. Therefore, project\u2019s findings will be shared with all involved stakeholders.&nbsp; Information will be disseminated, transparently, using language and means that meet the needs of each stakeholder audience depending on their level of technical expertise. &nbsp;<\/td>\n<\/tr>\n<tr>\n<td><strong>WP6<\/strong><\/td>\n<td>The administration and project management working package.&nbsp; All the important, if unglamourous, tasks needed to make science happen, fill data gaps, and generate answers to the questions we have on microplastics.<\/td>\n<\/tr>\n<\/tbody>\n<\/table>\n<\/figure>\n    <\/div>\n    <div class=\"flip-box-front overflow-hidden object-contain object-center h-full w-full bg-white\">\n      <img decoding=\"async\" class=\"w-full h-auto\" src=\"\" alt=\"\">\n    <\/div>\n  <\/div>\n<\/div>\n\n\n\n<figure class=\"wp-block-image size-full\"><img loading=\"lazy\" decoding=\"async\" width=\"1276\" height=\"759\" src=\"https:\/\/plasticseurope.org\/de\/wp-content\/uploads\/sites\/3\/2023\/08\/Bridgit.png\" alt=\"Die Struktur von Brigid ist in sechs miteinander verbundene Arbeitspakete (WPs) unterteilt, siehe unten:\" class=\"wp-image-3915\" srcset=\"https:\/\/plasticseurope.org\/de\/wp-content\/uploads\/sites\/3\/2023\/08\/Bridgit.png 1276w, https:\/\/plasticseurope.org\/de\/wp-content\/uploads\/sites\/3\/2023\/08\/Bridgit-300x178.png 300w, https:\/\/plasticseurope.org\/de\/wp-content\/uploads\/sites\/3\/2023\/08\/Bridgit-1024x609.png 1024w, https:\/\/plasticseurope.org\/de\/wp-content\/uploads\/sites\/3\/2023\/08\/Bridgit-768x457.png 768w\" sizes=\"auto, (max-width: 1276px) 100vw, 1276px\" \/><\/figure>\n\n\n\n<div style=\"height:100px\" aria-hidden=\"true\" class=\"wp-block-spacer is-style-medium\"><\/div>\n\n\n\n<h2 class=\"wp-block-heading\" id=\"our-partners\">Unsere Partner<\/h2>\n\n\n\n<p>Die Projektarbeit wird von einem Konsortium unabh\u00e4ngiger Partner durchgef\u00fchrt: international bekannte Wissenschaftler privater und \u00f6ffentlicher Forschungsinstitute, wie der&nbsp;<a rel=\"noreferrer noopener\" href=\"https:\/\/www.wur.nl\/en.htm\" target=\"_blank\">Wageningen University and Research (WUR)<\/a>&nbsp;und der&nbsp;<a rel=\"noreferrer noopener\" href=\"https:\/\/www.tno.nl\/en\/about-tno\/organisation\/\" target=\"_blank\">Nederlandse Organisatie voor Toegepast Natuurwetenschappelijk Onderzoek (TNO)<\/a>&nbsp;in den Niederlanden.<\/p>\n\n\n\n<div style=\"height:100px\" aria-hidden=\"true\" class=\"wp-block-spacer is-style-medium\"><\/div>\n\n\n\n<h2 class=\"wp-block-heading\" id=\"external-advisory-board\">Externer Beirat<\/h2>\n\n\n\n<p>Brigid verf\u00fcgt au\u00dferdem \u00fcber einen Beirat mit 13 unabh\u00e4ngigen Mitgliedern, die ihre unterschiedlichen Hintergr\u00fcnde \u2013 Wissenschaft, Politik, NGO und Regierungsbeh\u00f6rden \u2013 und Perspektiven zusammenbringen, um weitere Schritte zu empfehlen und zu beraten.<\/p>\n\n\n\n<div style=\"height:100px\" aria-hidden=\"true\" class=\"wp-block-spacer\"><\/div>\n\n\n\n<h2 class=\"wp-block-heading\" id=\"latest-developments\">Neueste Entwicklungen<\/h2>\n\n\n\n<p>Die wissenschaftliche Arbeit ist noch nicht abgeschlossen, unser erster Projektmeilenstein ist die Fertigstellung der&nbsp;&nbsp;<a rel=\"noreferrer noopener\" href=\"https:\/\/plasticseurope.org\/wp-content\/uploads\/2023\/05\/HSS-AS-final.pdf\" target=\"_blank\">Human Stool Study<\/a>&nbsp;&nbsp;(HSS) bis zum Sommer 2023. Die Studie wurde von einem unabh\u00e4ngigen Forscherteam mit dem Ziel durchgef\u00fchrt, Mikroplastik im menschlichen Stuhl zu z\u00e4hlen und zu charakterisieren.&nbsp;Vorl\u00e4ufige Ergebnisse wurden nun ver\u00f6ffentlicht, die endg\u00fcltigen Ergebnisse werden im Juni erwartet.&nbsp;Weitere Informationen zu den Zielen und dem Umfang dieser Studie finden Sie im&nbsp; Feld&nbsp;<strong>\u201eWeitere Informationen\u201c<\/strong>&nbsp;&nbsp;unten.<\/p>\n\n\n\n<div style=\"height:100px\" aria-hidden=\"true\" class=\"wp-block-spacer\"><\/div>\n\n\n\n<h2 class=\"wp-block-heading\" id=\"actions-from-the-industry\">Aktionen aus der Branche<\/h2>\n\n\n\n<p>Wir sind auf globaler Ebene aktiv, um die Mikroplastikforschung zu aktivieren und zwischen nationalen und internationalen Projekten zu koordinieren:<\/p>\n\n\n\n<p>Brigid ist Teil der MARII-Initiative des&nbsp;<a href=\"https:\/\/icca-chem.org\/focus\/microplastics-advanced-research-and-innovation-initiative-marii\/\">International Council of Chemical Associations (ICCA)<\/a>&nbsp;.<\/p>\n\n\n\n<p>Brigid ist Teil des Plans, der die Mitgliedsunternehmen von Plastics Europe zu ihren Zielen in den Bereichen Sicherheit, Nachhaltigkeit und Kreislaufwirtschaft f\u00fchren wird.&nbsp;Unser Ziel ist es, wichtige Fragen zu den m\u00f6glichen Auswirkungen von Mikroplastik auf den Menschen zu beantworten und so zur Entwicklung einer evidenzbasierten und wirksamen Politikgestaltung beizutragen.<\/p>\n\n\n\n<div style=\"height:100px\" aria-hidden=\"true\" class=\"wp-block-spacer is-style-small\"><\/div>\n\n\n\n<div style=\"height:100px\" aria-hidden=\"true\" class=\"wp-block-spacer is-style-small\"><\/div>\n\n\n\n<figure class=\"wp-block-image size-large is-resized\"><img decoding=\"async\" src=\"https:\/\/plasticseurope.org\/wp-content\/uploads\/2022\/02\/Brigid_Long_Banner-1024x171.jpg\" alt=\"\" class=\"wp-image-5403\" style=\"width:650px;height:undefinedpx\" \/><\/figure>\n\n\n\n<div style=\"height:100px\" aria-hidden=\"true\" class=\"wp-block-spacer is-style-medium\"><\/div>\n\n\n\n<p>F\u00fcr Informationen und Fragen senden Sie Ihre Anfrage bitte an&nbsp;<a href=\"mailto:brigid@plasticseurope.org\">brigid@plasticseurope.org<\/a><\/p>\n\n\n\n<div id=\"explore-block_c5d213f0de5751592acda59514cabfd0\" class=\"explore-further\">\n  <div class=\"flex flex-col bg-mist-900 rounded-md mt-8 md:mt-28 md:w-1\/2 md:mr-auto\">\n    <div class=\"flex-1 relative p-6 md:px-10 md:py-8\">\n      <div class=\"absolute top-0 left-0 p-5 inline-block transform -translate-x-1\/2 -translate-y-1\/2\">\n      <\/div>\n      \n\n<h3 class=\"wp-block-heading\" id=\"more-information\">Mehr Informationen<\/h3>\n\n\n\n<p><a href=\"https:\/\/plasticseurope.org\/sustainability\/plastics-health\/microplastics\/\" target=\"_blank\" rel=\"noreferrer noopener\">Mikroplastik<\/a><\/p>\n\n\n\n<p><a rel=\"noreferrer noopener\" href=\"https:\/\/microplasticsworkshop.com\/\" target=\"_blank\">Mikroplastik-Nachwuchsworkshop 2023<\/a>&nbsp;\u2013 Monte Verit\u00e0 (CH)<\/p>\n\n\n\n<p><a href=\"https:\/\/plasticseurope.org\/wp-content\/uploads\/2023\/05\/HSS-AS-final.pdf\" target=\"_blank\" rel=\"noreferrer noopener\">Studie zum menschlichen Stuhl: Ziele und Umfang<\/a><\/p>\n\n\n    <\/div>\n  <\/div>\n<\/div>\n","protected":false},"excerpt":{"rendered":"<p>Im Jahr 2022 startete Plastics Europe ein mehrere Millionen Euro teures, f\u00fcnfj\u00e4hriges (2022\u20132026) wissenschaftliches Forschungsprojekt:&nbsp;Brigid&nbsp;.&nbsp;Ziel dieses Projekts ist es, die potenziellen Risiken f\u00fcr die menschliche Gesundheit durch die Aufnahme von Mikroplastik durch den Verzehr zu bewerten.&nbsp;Es wird vermutet, dass die Einnahme \u00fcber Lebensmittel, neben der Inhalation,&nbsp;der Haupteintrittsweg&nbsp;von Mikroplastik in unseren K\u00f6rper ist. Mikroplastikverschmutzung&nbsp;ist ein globales [&hellip;]<\/p>\n","protected":false},"author":1,"featured_media":3921,"parent":3902,"menu_order":0,"comment_status":"closed","ping_status":"closed","template":"","meta":{"footnotes":""},"class_list":["post-3914","page","type-page","status-publish","has-post-thumbnail","hentry"],"acf":[],"yoast_head":"<!-- This site is optimized with the Yoast SEO plugin v21.6 - https:\/\/yoast.com\/wordpress\/plugins\/seo\/ -->\n<title>Das Bridgit Project<\/title>\n<meta name=\"description\" content=\"Ziel des Forschungsprojekts ist es, die potenziellen Risiken f\u00fcr die menschliche Gesundheit durch den Verzehr von Mikroplastik zu bewerten.\" \/>\n<meta name=\"robots\" content=\"index, follow, max-snippet:-1, max-image-preview:large, max-video-preview:-1\" \/>\n<link rel=\"canonical\" href=\"https:\/\/plasticseurope.org\/de\/nachhaltigkeit\/kunststoffe-und-gesundheit\/mikroplastik\/bridgit\/\" \/>\n<meta property=\"og:locale\" content=\"de_DE\" \/>\n<meta property=\"og:type\" content=\"article\" \/>\n<meta property=\"og:title\" content=\"Das Bridgit Projekt\" \/>\n<meta property=\"og:description\" content=\"Ziel des Forschungsprojekts ist es, die potenziellen Risiken f\u00fcr die menschliche Gesundheit durch den Verzehr von Mikroplastik zu bewerten.\" \/>\n<meta property=\"og:url\" content=\"https:\/\/plasticseurope.org\/de\/nachhaltigkeit\/kunststoffe-und-gesundheit\/mikroplastik\/bridgit\/\" \/>\n<meta property=\"og:site_name\" content=\"Plastics Europe DE\" \/>\n<meta property=\"article:modified_time\" content=\"2025-03-02T19:49:06+00:00\" \/>\n<meta property=\"og:image\" content=\"https:\/\/plasticseurope.org\/de\/wp-content\/uploads\/sites\/3\/2023\/08\/Microplastics-1980x1114-1.jpg\" \/>\n\t<meta property=\"og:image:width\" content=\"1980\" \/>\n\t<meta property=\"og:image:height\" content=\"1114\" \/>\n\t<meta property=\"og:image:type\" content=\"image\/jpeg\" \/>\n<meta name=\"twitter:card\" content=\"summary_large_image\" \/>\n<meta name=\"twitter:title\" content=\"Das Bridgit Projekt\" \/>\n<meta name=\"twitter:description\" content=\"Ziel des Forschungsprojekts ist es, die potenziellen Risiken f\u00fcr die menschliche Gesundheit durch den Verzehr von Mikroplastik zu bewerten.\" \/>\n<meta name=\"twitter:image\" content=\"https:\/\/plasticseurope.org\/de\/wp-content\/uploads\/sites\/3\/2023\/08\/Brigid_Header_02.png\" \/>\n<meta name=\"twitter:label1\" content=\"Gesch\u00e4tzte Lesezeit\" \/>\n\t<meta name=\"twitter:data1\" content=\"4 Minuten\" \/>\n<script type=\"application\/ld+json\" class=\"yoast-schema-graph\">{\"@context\":\"https:\/\/schema.org\",\"@graph\":[{\"@type\":\"WebPage\",\"@id\":\"https:\/\/plasticseurope.org\/de\/nachhaltigkeit\/kunststoffe-und-gesundheit\/mikroplastik\/bridgit\/\",\"url\":\"https:\/\/plasticseurope.org\/de\/nachhaltigkeit\/kunststoffe-und-gesundheit\/mikroplastik\/bridgit\/\",\"name\":\"Das Bridgit Project\",\"isPartOf\":{\"@id\":\"https:\/\/plasticseurope.org\/de\/#website\"},\"datePublished\":\"2023-08-17T09:01:44+00:00\",\"dateModified\":\"2025-03-02T19:49:06+00:00\",\"description\":\"Ziel des Forschungsprojekts ist es, die potenziellen Risiken f\u00fcr die menschliche Gesundheit durch den Verzehr von Mikroplastik zu bewerten.\",\"breadcrumb\":{\"@id\":\"https:\/\/plasticseurope.org\/de\/nachhaltigkeit\/kunststoffe-und-gesundheit\/mikroplastik\/bridgit\/#breadcrumb\"},\"inLanguage\":\"de-DE\",\"potentialAction\":[{\"@type\":\"ReadAction\",\"target\":[\"https:\/\/plasticseurope.org\/de\/nachhaltigkeit\/kunststoffe-und-gesundheit\/mikroplastik\/bridgit\/\"]}]},{\"@type\":\"BreadcrumbList\",\"@id\":\"https:\/\/plasticseurope.org\/de\/nachhaltigkeit\/kunststoffe-und-gesundheit\/mikroplastik\/bridgit\/#breadcrumb\",\"itemListElement\":[{\"@type\":\"ListItem\",\"position\":1,\"name\":\"Home\",\"item\":\"https:\/\/plasticseurope.org\/de\/\"},{\"@type\":\"ListItem\",\"position\":2,\"name\":\"Nachhaltigkeit\",\"item\":\"https:\/\/plasticseurope.org\/de\/nachhaltigkeit\/\"},{\"@type\":\"ListItem\",\"position\":3,\"name\":\"Kunststoffe und Gesundheit\",\"item\":\"https:\/\/plasticseurope.org\/de\/nachhaltigkeit\/kunststoffe-und-gesundheit\/\"},{\"@type\":\"ListItem\",\"position\":4,\"name\":\"Kunststoffe und Mikroplastik\",\"item\":\"https:\/\/plasticseurope.org\/de\/nachhaltigkeit\/kunststoffe-und-gesundheit\/mikroplastik\/\"},{\"@type\":\"ListItem\",\"position\":5,\"name\":\"Das Bridgit Projekt\"}]},{\"@type\":\"WebSite\",\"@id\":\"https:\/\/plasticseurope.org\/de\/#website\",\"url\":\"https:\/\/plasticseurope.org\/de\/\",\"name\":\"Plastics Europe DE\",\"description\":\"Enabling a sustainable future\",\"potentialAction\":[{\"@type\":\"SearchAction\",\"target\":{\"@type\":\"EntryPoint\",\"urlTemplate\":\"https:\/\/plasticseurope.org\/de\/?s={search_term_string}\"},\"query-input\":\"required name=search_term_string\"}],\"inLanguage\":\"de-DE\"}]}<\/script>\n<!-- \/ Yoast SEO plugin. -->","yoast_head_json":{"title":"Das Bridgit Project","description":"Ziel des Forschungsprojekts ist es, die potenziellen Risiken f\u00fcr die menschliche Gesundheit durch den Verzehr von Mikroplastik zu bewerten.","robots":{"index":"index","follow":"follow","max-snippet":"max-snippet:-1","max-image-preview":"max-image-preview:large","max-video-preview":"max-video-preview:-1"},"canonical":"https:\/\/plasticseurope.org\/de\/nachhaltigkeit\/kunststoffe-und-gesundheit\/mikroplastik\/bridgit\/","og_locale":"de_DE","og_type":"article","og_title":"Das Bridgit Projekt","og_description":"Ziel des Forschungsprojekts ist es, die potenziellen Risiken f\u00fcr die menschliche Gesundheit durch den Verzehr von Mikroplastik zu bewerten.","og_url":"https:\/\/plasticseurope.org\/de\/nachhaltigkeit\/kunststoffe-und-gesundheit\/mikroplastik\/bridgit\/","og_site_name":"Plastics Europe DE","article_modified_time":"2025-03-02T19:49:06+00:00","og_image":[{"width":1980,"height":1114,"url":"https:\/\/plasticseurope.org\/de\/wp-content\/uploads\/sites\/3\/2023\/08\/Microplastics-1980x1114-1.jpg","type":"image\/jpeg"}],"twitter_card":"summary_large_image","twitter_title":"Das Bridgit Projekt","twitter_description":"Ziel des Forschungsprojekts ist es, die potenziellen Risiken f\u00fcr die menschliche Gesundheit durch den Verzehr von Mikroplastik zu bewerten.","twitter_image":"https:\/\/plasticseurope.org\/de\/wp-content\/uploads\/sites\/3\/2023\/08\/Brigid_Header_02.png","twitter_misc":{"Gesch\u00e4tzte Lesezeit":"4 Minuten"},"schema":{"@context":"https:\/\/schema.org","@graph":[{"@type":"WebPage","@id":"https:\/\/plasticseurope.org\/de\/nachhaltigkeit\/kunststoffe-und-gesundheit\/mikroplastik\/bridgit\/","url":"https:\/\/plasticseurope.org\/de\/nachhaltigkeit\/kunststoffe-und-gesundheit\/mikroplastik\/bridgit\/","name":"Das Bridgit Project","isPartOf":{"@id":"https:\/\/plasticseurope.org\/de\/#website"},"datePublished":"2023-08-17T09:01:44+00:00","dateModified":"2025-03-02T19:49:06+00:00","description":"Ziel des Forschungsprojekts ist es, die potenziellen Risiken f\u00fcr die menschliche Gesundheit durch den Verzehr von Mikroplastik zu bewerten.","breadcrumb":{"@id":"https:\/\/plasticseurope.org\/de\/nachhaltigkeit\/kunststoffe-und-gesundheit\/mikroplastik\/bridgit\/#breadcrumb"},"inLanguage":"de-DE","potentialAction":[{"@type":"ReadAction","target":["https:\/\/plasticseurope.org\/de\/nachhaltigkeit\/kunststoffe-und-gesundheit\/mikroplastik\/bridgit\/"]}]},{"@type":"BreadcrumbList","@id":"https:\/\/plasticseurope.org\/de\/nachhaltigkeit\/kunststoffe-und-gesundheit\/mikroplastik\/bridgit\/#breadcrumb","itemListElement":[{"@type":"ListItem","position":1,"name":"Home","item":"https:\/\/plasticseurope.org\/de\/"},{"@type":"ListItem","position":2,"name":"Nachhaltigkeit","item":"https:\/\/plasticseurope.org\/de\/nachhaltigkeit\/"},{"@type":"ListItem","position":3,"name":"Kunststoffe und Gesundheit","item":"https:\/\/plasticseurope.org\/de\/nachhaltigkeit\/kunststoffe-und-gesundheit\/"},{"@type":"ListItem","position":4,"name":"Kunststoffe und Mikroplastik","item":"https:\/\/plasticseurope.org\/de\/nachhaltigkeit\/kunststoffe-und-gesundheit\/mikroplastik\/"},{"@type":"ListItem","position":5,"name":"Das Bridgit Projekt"}]},{"@type":"WebSite","@id":"https:\/\/plasticseurope.org\/de\/#website","url":"https:\/\/plasticseurope.org\/de\/","name":"Plastics Europe DE","description":"Enabling a sustainable future","potentialAction":[{"@type":"SearchAction","target":{"@type":"EntryPoint","urlTemplate":"https:\/\/plasticseurope.org\/de\/?s={search_term_string}"},"query-input":"required name=search_term_string"}],"inLanguage":"de-DE"}]}},"_links":{"self":[{"href":"https:\/\/plasticseurope.org\/de\/wp-json\/wp\/v2\/pages\/3914","targetHints":{"allow":["GET"]}}],"collection":[{"href":"https:\/\/plasticseurope.org\/de\/wp-json\/wp\/v2\/pages"}],"about":[{"href":"https:\/\/plasticseurope.org\/de\/wp-json\/wp\/v2\/types\/page"}],"author":[{"embeddable":true,"href":"https:\/\/plasticseurope.org\/de\/wp-json\/wp\/v2\/users\/1"}],"replies":[{"embeddable":true,"href":"https:\/\/plasticseurope.org\/de\/wp-json\/wp\/v2\/comments?post=3914"}],"version-history":[{"count":0,"href":"https:\/\/plasticseurope.org\/de\/wp-json\/wp\/v2\/pages\/3914\/revisions"}],"up":[{"embeddable":true,"href":"https:\/\/plasticseurope.org\/de\/wp-json\/wp\/v2\/pages\/3902"}],"wp:featuredmedia":[{"embeddable":true,"href":"https:\/\/plasticseurope.org\/de\/wp-json\/wp\/v2\/media\/3921"}],"wp:attachment":[{"href":"https:\/\/plasticseurope.org\/de\/wp-json\/wp\/v2\/media?parent=3914"}],"curies":[{"name":"wp","href":"https:\/\/api.w.org\/{rel}","templated":true}]}}