{"id":3902,"date":"2023-08-17T08:35:14","date_gmt":"2023-08-17T08:35:14","guid":{"rendered":"https:\/\/plasticseurope.wpenginepowered.com\/de\/?page_id=3902"},"modified":"2025-03-02T19:48:59","modified_gmt":"2025-03-02T19:48:59","slug":"mikroplastik","status":"publish","type":"page","link":"https:\/\/plasticseurope.org\/de\/nachhaltigkeit\/kunststoffe-und-gesundheit\/mikroplastik\/","title":{"rendered":"Kunststoffe und Mikroplastik"},"content":{"rendered":"\n<p>Die Kunststoffindustrie ist sich der Problematik Mikroplastik sehr bewusst.&nbsp;Kleine Plastikteile gelangen in die Umwelt, da es in bestimmten Produkte eingearbeitet ist, beispielsweise in Kosmetik, oder durch den Abrieb von Kunststoffprodukten, wie es zum Beispiel bei Autoreifen vorkommt.<\/p>\n\n\n\n<div style=\"height:48px\" aria-hidden=\"true\" class=\"wp-block-spacer\"><\/div>\n\n\n\n<h2 class=\"wp-block-heading\" id=\"what-are-microplastics\">Was ist Mikroplastik?<\/h2>\n\n\n\n<p>Mikroplastik sind kleine (unter 5 mm) Kunststoffteile.&nbsp;Sie k\u00f6nnen unterschiedliche Formen haben (Sph\u00e4roid, Fragment, Faser) und aus unterschiedlichen Polymeren bestehen.<\/p>\n\n\n\n<p>Mikroplastik kann auch bestimmten Produkten zugesetzt werden, um bestimmte Eigenschaften zu verbessern (z. B. werden Mikrok\u00fcgelchen K\u00f6rperpflege- und Haushaltsprodukten wegen ihrer Scheuerwirkung zugesetzt) \u200b\u200b\u2013 sogenanntes prim\u00e4res Mikroplastik.&nbsp;Sekund\u00e4res Mikroplastik entsteht stattdessen durch den Abbau und die Verwitterung gr\u00f6\u00dferer Kunststoffteile, oder gelangt durch unsachgem\u00e4\u00dfe Entsorgung in die Umwelt.<\/p>\n\n\n\n<div style=\"height:48px\" aria-hidden=\"true\" class=\"wp-block-spacer\"><\/div>\n\n\n\n<h2 class=\"wp-block-heading\" id=\"microplastics-and-the-environment\">Mikroplastik und die Umwelt<\/h2>\n\n\n\n<p>Wie Plastikm\u00fcll hat die Mikroplastikverschmutzung jeden Winkel des Planeten erreicht, von unseren Wohnzimmern bis zum arktischen Eisschild.<\/p>\n\n\n\n<p>Wissenschaftler haben Hinweise darauf gesammelt, dass Mikroplastik in die Nahrungskette gelangt, insbesondere in Meeresumgebungen.&nbsp;Dar\u00fcber hinaus scheint es, dass Mikroplastik organische Schadstoffe aus der Umgebung konzentrieren kann, wodurch Flora und Fauna h\u00f6heren Mengen potenziell giftiger Chemikalien ausgesetzt werden.&nbsp;Es ist noch nicht klar, welche Auswirkungen eine lebenslange Exposition gegen\u00fcber Mikroplastik f\u00fcr den Menschen hat.&nbsp;Derzeit zielen viele verschiedene Initiativen, sowohl \u00f6ffentlich als auch privat finanziert, darauf ab, das Problem zu untersuchen.&nbsp;Wir arbeiten eng mit Wissenschaftlern zusammen, um die Auswirkungen von Mikroplastik auf Umwelt und Gesundheit besser zu verstehen, und mit politischen Entscheidungstr\u00e4gern und Regulierungsbeh\u00f6rden, um Ma\u00dfnahmen zur Eind\u00e4mmung ihrer Freisetzung einzuf\u00fchren.<\/p>\n\n\n\n<div style=\"height:48px\" aria-hidden=\"true\" class=\"wp-block-spacer\"><\/div>\n\n\n\n<h2 class=\"wp-block-heading\" id=\"independent-scientific-research-to-support-change\">Unabh\u00e4ngige wissenschaftliche Forschung zur Unterst\u00fctzung von Ver\u00e4nderungen<\/h2>\n\n\n\n<p>Als Branche sind wir uns des Ausma\u00dfes der Mikroplastikverschmutzung und unserer Verantwortung gegen\u00fcber der Menschheit und dem Planeten bewusst.<\/p>\n\n\n\n<p>Aus diesem Grund finanziert Plastics Europe ein f\u00fcnfj\u00e4hriges, unabh\u00e4ngiges wissenschaftliches Forschungsprojekt, an dem renommierte Mikroplastik-Experten beteiligt sind \u2013 das Brigid-Projekt.&nbsp;Brigid ist eine G\u00f6ttin in der alten keltischen Mythologie, die mit Heilung, Schutz und Weisheit in Verbindung gebracht wird.&nbsp;Unser Ziel ist es, mit dieser Initiative die Wissensl\u00fccke \u00fcber die Auswirkungen der Aufnahme von Mikroplastik auf die menschliche Gesundheit zu schlie\u00dfen.&nbsp;Wir suchen nach den notwendigen Antworten, um die Kunststoffindustrie in eine bessere und nachhaltigere Zukunft zu f\u00fchren.<\/p>\n\n\n\n<div style=\"height:48px\" aria-hidden=\"true\" class=\"wp-block-spacer\"><\/div>\n\n\n\n<h2 class=\"wp-block-heading\" id=\"commitment-to-plastics-sustainability\">Engagement f\u00fcr die Nachhaltigkeit von Kunststoffen<\/h2>\n\n\n\n<p>Unser Engagement endet hier nicht;&nbsp;wir nehmen grundlegende \u00c4nderungen an Prozessen und Praktiken vor, um der Umweltverschmutzung durch Plastikabf\u00e4lle (und damit auch durch Mikroplastik) entgegenzuwirken.<\/p>\n\n\n\n<p>Es ist von entscheidender Bedeutung, der unsachgem\u00e4\u00dfen Entsorgung von Plastikm\u00fcll vorzubeugen.\u00a0Durch Fortschritte im <a href=\"https:\/\/plasticseurope.org\/de\/nachhaltigkeit\/kreislaufwirtschaft\/recycling\/mechanisches-recycling\/\">mechanischen <\/a>und <a href=\"https:\/\/plasticseurope.org\/de\/nachhaltigkeit\/kreislaufwirtschaft\/recycling\/chemisches-recycling\/\">chemischen\u00a0Recycling<\/a>\u00a0steigern wir die Wiederverwendung von Kunststoffen und reduzieren gleichzeitig die Deponierung und die Umweltbelastung.\u00a0Vor Kurzem hat sich unsere Branche verpflichtet, bis zum Jahr 2030 einen Anteil von mindestens 30 %\u00a0<a href=\"https:\/\/plasticseurope.org\/sustainability\/circularity\/recycling\/mandatory-recycled-content\/\" target=\"_blank\" rel=\"noreferrer noopener\">recyceltem Polymer in Kunststoffverpackungen<\/a>\u00a0zu erreichen. Eine weitere positive Ver\u00e4nderung ist die zunehmende Nachhaltigkeit durch Design \u2013 Kunststoffartikel werden so konzipiert, dass sie ihren gesamten Lebenszyklus und insbesondere das Ende ihrer Lebensdauer ber\u00fccksichtigen Geist.\u00a0Diese Produkte sind so konzipiert, dass sie f\u00fcr Verbraucher und Umwelt sicher sind und sich leichter recyceln lassen.\u00a0<a href=\"https:\/\/plasticseurope.org\/knowledge-hub\/operation-clean-sweep-progress-report-2019\/\" target=\"_blank\" rel=\"noreferrer noopener\">Durch Operation Clean Sweep\u00ae<\/a>\u00a0setzen wir uns aktiv daf\u00fcr ein, das Versch\u00fctten von Harzpellets aus der Vorproduktion zu verhindern<a href=\"https:\/\/plasticseurope.org\/knowledge-hub\/operation-clean-sweep-progress-report-2019\/\" target=\"_blank\" rel=\"noreferrer noopener\"><\/a>.\u00a0Diese Initiative <a href=\"https:\/\/plasticseurope.org\/de\/nachhaltigkeit\/kreislaufwirtschaft\/abfallmanagement-und-abfallvermeidung\/vermeidung-von-pelletverlusten\/\">reduziert den Verlust <\/a>und verbessert die R\u00fcckgewinnung von Pellets w\u00e4hrend der Produktion und des Transports.<\/p>\n\n\n\n<div style=\"height:48px\" aria-hidden=\"true\" class=\"wp-block-spacer\"><\/div>\n\n\n\n<h2 class=\"wp-block-heading\" id=\"working-together-for-change\">Gemeinsam f\u00fcr Ver\u00e4nderung arbeiten<\/h2>\n\n\n\n<p>Wir tauschen kontinuierlich Informationen mit allen unseren Stakeholdern aus, um die Wissenschaft aufzubauen und an der Identifizierung von Wissensl\u00fccken zu arbeiten.<\/p>\n\n\n\n<p>Wir tragen zur Entwicklung von Standardmethoden, Protokollen und Analysemethoden bei, die f\u00fcr die Erstellung solider evidenzbasierter Informationen unerl\u00e4sslich sind.&nbsp;Wir arbeiten mit wichtigen Partnern, darunter der Kosmetik-, Textil-, Waschmaschinen- und Reifenindustrie, zusammen, um die Auswirkungen von Mikroplastik am besten zu mildern.<br>Mikroplastikverschmutzung ist ein komplexes und vielschichtiges Problem.&nbsp;Wir glauben, dass die Ergebnisse der wissenschaftlichen Risikobewertung von Brigid ein wesentlicher Bestandteil zur L\u00f6sung dieses komplexen R\u00e4tsels sein werden und es politischen Entscheidungstr\u00e4gern und Pionieren der Industrie erm\u00f6glichen werden, angemessene Ma\u00dfnahmen auf der Grundlage fundierter wissenschaftlicher Erkenntnisse zu ergreifen, um die Nachhaltigkeits- und Kreislaufwirtschaftsziele der EU bis 2050 zu erreichen \u2013 und, was noch wichtiger ist, die Umwelt f\u00fcr kommende Generationen zu bewahren.<\/p>\n\n\n\n<div style=\"height:100px\" aria-hidden=\"true\" class=\"wp-block-spacer\"><\/div>\n\n\n\n<h3 class=\"wp-block-heading\" id=\"further-reading\">Weiterf\u00fchrende Literatur<\/h3>\n\n\n\n<p><a href=\"https:\/\/www.opcleansweep.eu\/\" target=\"_blank\" rel=\"noreferrer noopener\">Operation Clean Sweep\u00ae<\/a><br><a href=\"https:\/\/ec.europa.eu\/environment\/strategy\/circular-economy-action-plan_en\">EU-Aktionsplan f\u00fcr die Kreislaufwirtschaft<br><\/a><a href=\"https:\/\/lifebluelakes.eu\/en\/\" target=\"_blank\" rel=\"noreferrer noopener\">BlueLakes-Projekt<br><\/a><a href=\"https:\/\/plasticseurope.org\/sustainability\/circularity\/waste-management-prevention\/marine-litter\/\" target=\"_blank\" rel=\"noreferrer noopener\">Meeresm\u00fcll<\/a><\/p>\n","protected":false},"excerpt":{"rendered":"<p>Die Kunststoffindustrie ist sich der Problematik Mikroplastik sehr bewusst.&nbsp;Kleine Plastikteile gelangen in die Umwelt, da es in bestimmten Produkte eingearbeitet ist, beispielsweise in Kosmetik, oder durch den Abrieb von Kunststoffprodukten, wie es zum Beispiel bei Autoreifen vorkommt. Was ist Mikroplastik? Mikroplastik sind kleine (unter 5 mm) Kunststoffteile.&nbsp;Sie k\u00f6nnen unterschiedliche Formen haben (Sph\u00e4roid, Fragment, Faser) und [&hellip;]<\/p>\n","protected":false},"author":1,"featured_media":3908,"parent":1247,"menu_order":0,"comment_status":"closed","ping_status":"closed","template":"","meta":{"footnotes":""},"class_list":["post-3902","page","type-page","status-publish","has-post-thumbnail","hentry"],"acf":[],"yoast_head":"<!-- This site is optimized with the Yoast SEO plugin v21.6 - https:\/\/yoast.com\/wordpress\/plugins\/seo\/ -->\n<title>Kunststoffe und Mikroplastik<\/title>\n<meta name=\"description\" content=\"Mikroplastik sind kleine (unter 5 mm) Kunststoffteile.\u00a0Sie k\u00f6nnen unterschiedliche Formen haben und aus unterschiedlichen Polymeren bestehen.\" \/>\n<meta name=\"robots\" content=\"index, follow, max-snippet:-1, max-image-preview:large, max-video-preview:-1\" \/>\n<link rel=\"canonical\" href=\"https:\/\/plasticseurope.org\/de\/nachhaltigkeit\/kunststoffe-und-gesundheit\/mikroplastik\/\" \/>\n<meta property=\"og:locale\" content=\"de_DE\" \/>\n<meta property=\"og:type\" content=\"article\" \/>\n<meta property=\"og:title\" content=\"Kunststoffe und Mikroplastik\" \/>\n<meta property=\"og:description\" content=\"Mikroplastik sind kleine (unter 5 mm) Kunststoffteile.\u00a0Sie k\u00f6nnen unterschiedliche Formen haben und aus unterschiedlichen Polymeren bestehen.\" \/>\n<meta property=\"og:url\" content=\"https:\/\/plasticseurope.org\/de\/nachhaltigkeit\/kunststoffe-und-gesundheit\/mikroplastik\/\" \/>\n<meta property=\"og:site_name\" content=\"Plastics Europe DE\" \/>\n<meta property=\"article:modified_time\" content=\"2025-03-02T19:48:59+00:00\" \/>\n<meta property=\"og:image\" content=\"https:\/\/plasticseurope.org\/de\/wp-content\/uploads\/sites\/3\/2023\/08\/Microplastics-1980x1114-1.jpg\" \/>\n\t<meta property=\"og:image:width\" content=\"1980\" \/>\n\t<meta property=\"og:image:height\" content=\"1114\" \/>\n\t<meta property=\"og:image:type\" content=\"image\/jpeg\" \/>\n<meta name=\"twitter:card\" content=\"summary_large_image\" \/>\n<meta name=\"twitter:title\" content=\"Kunststoffe und Mikroplastik\" \/>\n<meta name=\"twitter:description\" content=\"Mikroplastik sind kleine (unter 5 mm) Kunststoffteile.\u00a0Sie k\u00f6nnen unterschiedliche Formen haben und aus unterschiedlichen Polymeren bestehen.\" \/>\n<meta name=\"twitter:image\" content=\"https:\/\/plasticseurope.org\/de\/wp-content\/uploads\/sites\/3\/2023\/08\/Microplastics-1980x1114-1.jpg\" \/>\n<meta name=\"twitter:label1\" content=\"Gesch\u00e4tzte Lesezeit\" \/>\n\t<meta name=\"twitter:data1\" content=\"4 Minuten\" \/>\n<script type=\"application\/ld+json\" class=\"yoast-schema-graph\">{\"@context\":\"https:\/\/schema.org\",\"@graph\":[{\"@type\":\"WebPage\",\"@id\":\"https:\/\/plasticseurope.org\/de\/nachhaltigkeit\/kunststoffe-und-gesundheit\/mikroplastik\/\",\"url\":\"https:\/\/plasticseurope.org\/de\/nachhaltigkeit\/kunststoffe-und-gesundheit\/mikroplastik\/\",\"name\":\"Kunststoffe und Mikroplastik\",\"isPartOf\":{\"@id\":\"https:\/\/plasticseurope.org\/de\/#website\"},\"datePublished\":\"2023-08-17T08:35:14+00:00\",\"dateModified\":\"2025-03-02T19:48:59+00:00\",\"description\":\"Mikroplastik sind kleine (unter 5 mm) Kunststoffteile.\u00a0Sie k\u00f6nnen unterschiedliche Formen haben und aus unterschiedlichen Polymeren bestehen.\",\"breadcrumb\":{\"@id\":\"https:\/\/plasticseurope.org\/de\/nachhaltigkeit\/kunststoffe-und-gesundheit\/mikroplastik\/#breadcrumb\"},\"inLanguage\":\"de-DE\",\"potentialAction\":[{\"@type\":\"ReadAction\",\"target\":[\"https:\/\/plasticseurope.org\/de\/nachhaltigkeit\/kunststoffe-und-gesundheit\/mikroplastik\/\"]}]},{\"@type\":\"BreadcrumbList\",\"@id\":\"https:\/\/plasticseurope.org\/de\/nachhaltigkeit\/kunststoffe-und-gesundheit\/mikroplastik\/#breadcrumb\",\"itemListElement\":[{\"@type\":\"ListItem\",\"position\":1,\"name\":\"Home\",\"item\":\"https:\/\/plasticseurope.org\/de\/\"},{\"@type\":\"ListItem\",\"position\":2,\"name\":\"Nachhaltigkeit\",\"item\":\"https:\/\/plasticseurope.org\/de\/nachhaltigkeit\/\"},{\"@type\":\"ListItem\",\"position\":3,\"name\":\"Kunststoffe und Gesundheit\",\"item\":\"https:\/\/plasticseurope.org\/de\/nachhaltigkeit\/kunststoffe-und-gesundheit\/\"},{\"@type\":\"ListItem\",\"position\":4,\"name\":\"Kunststoffe und Mikroplastik\"}]},{\"@type\":\"WebSite\",\"@id\":\"https:\/\/plasticseurope.org\/de\/#website\",\"url\":\"https:\/\/plasticseurope.org\/de\/\",\"name\":\"Plastics Europe DE\",\"description\":\"Enabling a sustainable future\",\"potentialAction\":[{\"@type\":\"SearchAction\",\"target\":{\"@type\":\"EntryPoint\",\"urlTemplate\":\"https:\/\/plasticseurope.org\/de\/?s={search_term_string}\"},\"query-input\":\"required name=search_term_string\"}],\"inLanguage\":\"de-DE\"}]}<\/script>\n<!-- \/ Yoast SEO plugin. -->","yoast_head_json":{"title":"Kunststoffe und Mikroplastik","description":"Mikroplastik sind kleine (unter 5 mm) Kunststoffteile.\u00a0Sie k\u00f6nnen unterschiedliche Formen haben und aus unterschiedlichen Polymeren bestehen.","robots":{"index":"index","follow":"follow","max-snippet":"max-snippet:-1","max-image-preview":"max-image-preview:large","max-video-preview":"max-video-preview:-1"},"canonical":"https:\/\/plasticseurope.org\/de\/nachhaltigkeit\/kunststoffe-und-gesundheit\/mikroplastik\/","og_locale":"de_DE","og_type":"article","og_title":"Kunststoffe und Mikroplastik","og_description":"Mikroplastik sind kleine (unter 5 mm) Kunststoffteile.\u00a0Sie k\u00f6nnen unterschiedliche Formen haben und aus unterschiedlichen Polymeren bestehen.","og_url":"https:\/\/plasticseurope.org\/de\/nachhaltigkeit\/kunststoffe-und-gesundheit\/mikroplastik\/","og_site_name":"Plastics Europe DE","article_modified_time":"2025-03-02T19:48:59+00:00","og_image":[{"width":1980,"height":1114,"url":"https:\/\/plasticseurope.org\/de\/wp-content\/uploads\/sites\/3\/2023\/08\/Microplastics-1980x1114-1.jpg","type":"image\/jpeg"}],"twitter_card":"summary_large_image","twitter_title":"Kunststoffe und Mikroplastik","twitter_description":"Mikroplastik sind kleine (unter 5 mm) Kunststoffteile.\u00a0Sie k\u00f6nnen unterschiedliche Formen haben und aus unterschiedlichen Polymeren bestehen.","twitter_image":"https:\/\/plasticseurope.org\/de\/wp-content\/uploads\/sites\/3\/2023\/08\/Microplastics-1980x1114-1.jpg","twitter_misc":{"Gesch\u00e4tzte Lesezeit":"4 Minuten"},"schema":{"@context":"https:\/\/schema.org","@graph":[{"@type":"WebPage","@id":"https:\/\/plasticseurope.org\/de\/nachhaltigkeit\/kunststoffe-und-gesundheit\/mikroplastik\/","url":"https:\/\/plasticseurope.org\/de\/nachhaltigkeit\/kunststoffe-und-gesundheit\/mikroplastik\/","name":"Kunststoffe und Mikroplastik","isPartOf":{"@id":"https:\/\/plasticseurope.org\/de\/#website"},"datePublished":"2023-08-17T08:35:14+00:00","dateModified":"2025-03-02T19:48:59+00:00","description":"Mikroplastik sind kleine (unter 5 mm) Kunststoffteile.\u00a0Sie k\u00f6nnen unterschiedliche Formen haben und aus unterschiedlichen Polymeren bestehen.","breadcrumb":{"@id":"https:\/\/plasticseurope.org\/de\/nachhaltigkeit\/kunststoffe-und-gesundheit\/mikroplastik\/#breadcrumb"},"inLanguage":"de-DE","potentialAction":[{"@type":"ReadAction","target":["https:\/\/plasticseurope.org\/de\/nachhaltigkeit\/kunststoffe-und-gesundheit\/mikroplastik\/"]}]},{"@type":"BreadcrumbList","@id":"https:\/\/plasticseurope.org\/de\/nachhaltigkeit\/kunststoffe-und-gesundheit\/mikroplastik\/#breadcrumb","itemListElement":[{"@type":"ListItem","position":1,"name":"Home","item":"https:\/\/plasticseurope.org\/de\/"},{"@type":"ListItem","position":2,"name":"Nachhaltigkeit","item":"https:\/\/plasticseurope.org\/de\/nachhaltigkeit\/"},{"@type":"ListItem","position":3,"name":"Kunststoffe und Gesundheit","item":"https:\/\/plasticseurope.org\/de\/nachhaltigkeit\/kunststoffe-und-gesundheit\/"},{"@type":"ListItem","position":4,"name":"Kunststoffe und Mikroplastik"}]},{"@type":"WebSite","@id":"https:\/\/plasticseurope.org\/de\/#website","url":"https:\/\/plasticseurope.org\/de\/","name":"Plastics Europe DE","description":"Enabling a sustainable future","potentialAction":[{"@type":"SearchAction","target":{"@type":"EntryPoint","urlTemplate":"https:\/\/plasticseurope.org\/de\/?s={search_term_string}"},"query-input":"required name=search_term_string"}],"inLanguage":"de-DE"}]}},"_links":{"self":[{"href":"https:\/\/plasticseurope.org\/de\/wp-json\/wp\/v2\/pages\/3902","targetHints":{"allow":["GET"]}}],"collection":[{"href":"https:\/\/plasticseurope.org\/de\/wp-json\/wp\/v2\/pages"}],"about":[{"href":"https:\/\/plasticseurope.org\/de\/wp-json\/wp\/v2\/types\/page"}],"author":[{"embeddable":true,"href":"https:\/\/plasticseurope.org\/de\/wp-json\/wp\/v2\/users\/1"}],"replies":[{"embeddable":true,"href":"https:\/\/plasticseurope.org\/de\/wp-json\/wp\/v2\/comments?post=3902"}],"version-history":[{"count":0,"href":"https:\/\/plasticseurope.org\/de\/wp-json\/wp\/v2\/pages\/3902\/revisions"}],"up":[{"embeddable":true,"href":"https:\/\/plasticseurope.org\/de\/wp-json\/wp\/v2\/pages\/1247"}],"wp:featuredmedia":[{"embeddable":true,"href":"https:\/\/plasticseurope.org\/de\/wp-json\/wp\/v2\/media\/3908"}],"wp:attachment":[{"href":"https:\/\/plasticseurope.org\/de\/wp-json\/wp\/v2\/media?parent=3902"}],"curies":[{"name":"wp","href":"https:\/\/api.w.org\/{rel}","templated":true}]}}