{"id":3885,"date":"2023-08-17T07:58:29","date_gmt":"2023-08-17T07:58:29","guid":{"rendered":"https:\/\/plasticseurope.wpenginepowered.com\/de\/?page_id=3885"},"modified":"2025-03-02T19:49:47","modified_gmt":"2025-03-02T19:49:47","slug":"standardisierung","status":"publish","type":"page","link":"https:\/\/plasticseurope.org\/de\/nachhaltigkeit\/kunststoffe-und-gesundheit\/sicherheit-von-kunststoffen\/standardisierung\/","title":{"rendered":"Standardisierung"},"content":{"rendered":"\n<h2 class=\"wp-block-heading\">Einhaltung der Qualit\u00e4ts- und Sicherheitsstandards von Kunststoffen&nbsp;<\/h2>\n\n\n\n<p>Standards sind wichtig.&nbsp;Sie geben uns die Gewissheit, dass ein Produkt seinen Zweck erf\u00fcllt und wir uns auf seine Qualit\u00e4t und Sicherheit verlassen k\u00f6nnen.&nbsp;Internationale Standards bedeuten beispielsweise, dass ein Klempner in Finnland ein PVC-Rohr (Polyvinylchlorid) f\u00fcr Trinkwasser kaufen und ein in Italien gekauftes PVC-Ventil einbauen kann, da deren Durchmesser einem europ\u00e4ischen Standard entsprechen.<\/p>\n\n\n\n<p>Verpackungen sind ein gutes Beispiel f\u00fcr den Einsatz von Standardisierungen.&nbsp;Um den gesetzlichen Bestimmungen zu entsprechen, m\u00fcssen Kunststoffverpackungen wie Flaschen, Schalen oder Folien, die f\u00fcr den Kontakt mit Lebensmitteln bestimmt sind, nachweisen, dass sie f\u00fcr den Verbrauchergebrauch sicher sind.&nbsp;Der einzige Weg, dies nachzuweisen, ist die Einhaltung eines Standards.&nbsp;Die Norm beschreibt die Pr\u00fcfmethode zur Bestimmung der Gesamtmigration von Stoffen aus der Verpackung in Lebensmittel und die Grenzen, innerhalb derer ein Verpackungsmaterial als sicher f\u00fcr den Lebensmittelkontakt eingestuft werden kann.<\/p>\n\n\n\n<p>Aufgrund der gro\u00dfen Vielfalt an Kunststoffanwendungen unterliegen sie jedoch einer Vielzahl von Standardisierungsregimen, von sehr spezifischen bis hin zu allgemeineren, wie beispielsweise dem CO2-Fu\u00dfabdruck von Produkten.&nbsp;Normalerweise gibt es Standards auf drei Ebenen:<\/p>\n\n\n\n<ul class=\"wp-block-list\">\n<li>National<\/li>\n\n\n\n<li>Europ\u00e4isch<\/li>\n\n\n\n<li>International<\/li>\n<\/ul>\n\n\n\n<div style=\"height:48px\" aria-hidden=\"true\" class=\"wp-block-spacer is-style-small\"><\/div>\n\n\n\n<p>Auf europ\u00e4ischer Ebene werden Rechtsvorschriften, die sich auf unsere Branche auswirken, zunehmend von der EU vorangetrieben und m\u00fcssen auf nationaler Ebene (Parlament\/Rat) umgesetzt werden.&nbsp;65 % der neuen Gesetze kommen aus Br\u00fcssel.&nbsp;Mit der Ratsresolution von 1985 \u00fcber den \u201eNeuen Ansatz\u201c zur technischen Harmonisierung und Standardisierung wurde eine neue Regulierungsstrategie eingef\u00fchrt.&nbsp;Der neue Ansatz basiert auf Mandaten der Europ\u00e4ischen Kommission an die europ\u00e4ischen Normungsgremien: Europ\u00e4isches Komitee f\u00fcr Normung (CEN), Europ\u00e4isches Komitee f\u00fcr elektrotechnische Normung (CENELEC) und Europ\u00e4isches Institut f\u00fcr Telekommunikationsnormen (ETSI), die diesen Normen rechtsverbindliche Kraft verleihen bzw sie verpflichtend zu machen.&nbsp;Daher ist es f\u00fcr Plastics Europe wichtig, in den Standardisierungsprozess einbezogen zu werden.<\/p>\n\n\n\n<div style=\"height:48px\" aria-hidden=\"true\" class=\"wp-block-spacer\"><\/div>\n\n\n\n<h2 class=\"wp-block-heading\">Plastics Europe \u2013 ein engagierter Partner in Standardisierungsfragen<\/h2>\n\n\n\n<p>Die \u00f6ffentliche Besorgnis \u00fcber Umwelt-, Sicherheits- und Gesundheitsfragen ist enorm gewachsen und hat Einfluss auf Politik und Regulierung.&nbsp;Die Europ\u00e4ische Kommission m\u00f6chte alle Beteiligten in die Integration von Umweltaspekten in die europ\u00e4ische Normung einbeziehen.&nbsp;Diese Position hat zu einer st\u00e4rkeren Einbindung von Verbrauchern und Umwelt-NGOs gef\u00fchrt.&nbsp;Plastics Europe ist bestrebt, ein Partner in diesem Prozess zu sein und transparente, faktenbasierte Industriebeitr\u00e4ge zu liefern.<\/p>\n\n\n\n<p>Auf globaler Ebene basieren die Business-to-Business-Beziehungen auf Vereinbarungen, die internationalen Standards entsprechen, beispielsweise in den Bereichen Automobil, Elektrik und Elektronik sowie Brandschutz.&nbsp;Auf allen Ebenen \u2013 national, europ\u00e4isch und international \u2013 k\u00f6nnen Sie sich darauf verlassen, dass wir die Interessen der Kunststoffindustrie verantwortungsvoll und ethisch vertreten.&nbsp;Aufgrund der Relevanz der Standardisierung f\u00fcr die Branche haben wir eine Standardisierungsarbeitsgruppe eingerichtet, um relevante Standardisierungsprobleme zu identifizieren und die Beteiligung der Mitglieder am Standardisierungsprozess zu f\u00f6rdern.<\/p>\n","protected":false},"excerpt":{"rendered":"<p>Einhaltung der Qualit\u00e4ts- und Sicherheitsstandards von Kunststoffen&nbsp; Standards sind wichtig.&nbsp;Sie geben uns die Gewissheit, dass ein Produkt seinen Zweck erf\u00fcllt und wir uns auf seine Qualit\u00e4t und Sicherheit verlassen k\u00f6nnen.&nbsp;Internationale Standards bedeuten beispielsweise, dass ein Klempner in Finnland ein PVC-Rohr (Polyvinylchlorid) f\u00fcr Trinkwasser kaufen und ein in Italien gekauftes PVC-Ventil einbauen kann, da deren Durchmesser [&hellip;]<\/p>\n","protected":false},"author":1,"featured_media":1084,"parent":3865,"menu_order":0,"comment_status":"closed","ping_status":"closed","template":"","meta":{"footnotes":""},"class_list":["post-3885","page","type-page","status-publish","has-post-thumbnail","hentry"],"acf":[],"yoast_head":"<!-- This site is optimized with the Yoast SEO plugin v21.6 - https:\/\/yoast.com\/wordpress\/plugins\/seo\/ -->\n<title>Qualit\u00e4ts- und Sicherheitsstandards von Kunststoffen\u00a0<\/title>\n<meta name=\"description\" content=\"Standards geben uns die Gewissheit, dass ein Produkt seinen Zweck erf\u00fcllt und wir uns auf seine Qualit\u00e4t und Sicherheit verlassen k\u00f6nnen.\" \/>\n<meta name=\"robots\" content=\"index, follow, max-snippet:-1, max-image-preview:large, max-video-preview:-1\" \/>\n<link rel=\"canonical\" href=\"https:\/\/plasticseurope.org\/de\/nachhaltigkeit\/kunststoffe-und-gesundheit\/sicherheit-von-kunststoffen\/standardisierung\/\" \/>\n<meta property=\"og:locale\" content=\"de_DE\" \/>\n<meta property=\"og:type\" content=\"article\" \/>\n<meta property=\"og:title\" content=\"Qualit\u00e4ts- und Sicherheitsstandards von Kunststoffen\" \/>\n<meta property=\"og:description\" content=\"Standards geben uns die Gewissheit, dass ein Produkt seinen Zweck erf\u00fcllt und wir uns auf seine Qualit\u00e4t und Sicherheit verlassen k\u00f6nnen.\" \/>\n<meta property=\"og:url\" content=\"https:\/\/plasticseurope.org\/de\/nachhaltigkeit\/kunststoffe-und-gesundheit\/sicherheit-von-kunststoffen\/standardisierung\/\" \/>\n<meta property=\"og:site_name\" content=\"Plastics Europe DE\" \/>\n<meta property=\"article:modified_time\" content=\"2025-03-02T19:49:47+00:00\" \/>\n<meta property=\"og:image\" content=\"https:\/\/plasticseurope.org\/de\/wp-content\/uploads\/sites\/3\/2022\/02\/plastics-water-bottle-scaled-e1685111116863.jpg\" \/>\n\t<meta property=\"og:image:width\" content=\"2560\" \/>\n\t<meta property=\"og:image:height\" content=\"819\" \/>\n\t<meta property=\"og:image:type\" content=\"image\/jpeg\" \/>\n<meta name=\"twitter:card\" content=\"summary_large_image\" \/>\n<meta name=\"twitter:title\" content=\"Qualit\u00e4ts- und Sicherheitsstandards von Kunststoffen\" \/>\n<meta name=\"twitter:description\" content=\"Standards geben uns die Gewissheit, dass ein Produkt seinen Zweck erf\u00fcllt und wir uns auf seine Qualit\u00e4t und Sicherheit verlassen k\u00f6nnen.\" \/>\n<meta name=\"twitter:image\" content=\"https:\/\/plasticseurope.org\/de\/wp-content\/uploads\/sites\/3\/2022\/02\/plastics-water-bottle-scaled-e1685111116863.jpg\" \/>\n<meta name=\"twitter:label1\" content=\"Gesch\u00e4tzte Lesezeit\" \/>\n\t<meta name=\"twitter:data1\" content=\"3 Minuten\" \/>\n<script type=\"application\/ld+json\" class=\"yoast-schema-graph\">{\"@context\":\"https:\/\/schema.org\",\"@graph\":[{\"@type\":\"WebPage\",\"@id\":\"https:\/\/plasticseurope.org\/de\/nachhaltigkeit\/kunststoffe-und-gesundheit\/sicherheit-von-kunststoffen\/standardisierung\/\",\"url\":\"https:\/\/plasticseurope.org\/de\/nachhaltigkeit\/kunststoffe-und-gesundheit\/sicherheit-von-kunststoffen\/standardisierung\/\",\"name\":\"Qualit\u00e4ts- und Sicherheitsstandards von Kunststoffen\u00a0\",\"isPartOf\":{\"@id\":\"https:\/\/plasticseurope.org\/de\/#website\"},\"datePublished\":\"2023-08-17T07:58:29+00:00\",\"dateModified\":\"2025-03-02T19:49:47+00:00\",\"description\":\"Standards geben uns die Gewissheit, dass ein Produkt seinen Zweck erf\u00fcllt und wir uns auf seine Qualit\u00e4t und Sicherheit verlassen k\u00f6nnen.\",\"breadcrumb\":{\"@id\":\"https:\/\/plasticseurope.org\/de\/nachhaltigkeit\/kunststoffe-und-gesundheit\/sicherheit-von-kunststoffen\/standardisierung\/#breadcrumb\"},\"inLanguage\":\"de-DE\",\"potentialAction\":[{\"@type\":\"ReadAction\",\"target\":[\"https:\/\/plasticseurope.org\/de\/nachhaltigkeit\/kunststoffe-und-gesundheit\/sicherheit-von-kunststoffen\/standardisierung\/\"]}]},{\"@type\":\"BreadcrumbList\",\"@id\":\"https:\/\/plasticseurope.org\/de\/nachhaltigkeit\/kunststoffe-und-gesundheit\/sicherheit-von-kunststoffen\/standardisierung\/#breadcrumb\",\"itemListElement\":[{\"@type\":\"ListItem\",\"position\":1,\"name\":\"Home\",\"item\":\"https:\/\/plasticseurope.org\/de\/\"},{\"@type\":\"ListItem\",\"position\":2,\"name\":\"Nachhaltigkeit\",\"item\":\"https:\/\/plasticseurope.org\/de\/nachhaltigkeit\/\"},{\"@type\":\"ListItem\",\"position\":3,\"name\":\"Kunststoffe und Gesundheit\",\"item\":\"https:\/\/plasticseurope.org\/de\/nachhaltigkeit\/kunststoffe-und-gesundheit\/\"},{\"@type\":\"ListItem\",\"position\":4,\"name\":\"Sicherheit von Kunststoffen\",\"item\":\"https:\/\/plasticseurope.org\/de\/nachhaltigkeit\/kunststoffe-und-gesundheit\/sicherheit-von-kunststoffen\/\"},{\"@type\":\"ListItem\",\"position\":5,\"name\":\"Standardisierung\"}]},{\"@type\":\"WebSite\",\"@id\":\"https:\/\/plasticseurope.org\/de\/#website\",\"url\":\"https:\/\/plasticseurope.org\/de\/\",\"name\":\"Plastics Europe DE\",\"description\":\"Enabling a sustainable future\",\"potentialAction\":[{\"@type\":\"SearchAction\",\"target\":{\"@type\":\"EntryPoint\",\"urlTemplate\":\"https:\/\/plasticseurope.org\/de\/?s={search_term_string}\"},\"query-input\":\"required name=search_term_string\"}],\"inLanguage\":\"de-DE\"}]}<\/script>\n<!-- \/ Yoast SEO plugin. -->","yoast_head_json":{"title":"Qualit\u00e4ts- und Sicherheitsstandards von Kunststoffen\u00a0","description":"Standards geben uns die Gewissheit, dass ein Produkt seinen Zweck erf\u00fcllt und wir uns auf seine Qualit\u00e4t und Sicherheit verlassen k\u00f6nnen.","robots":{"index":"index","follow":"follow","max-snippet":"max-snippet:-1","max-image-preview":"max-image-preview:large","max-video-preview":"max-video-preview:-1"},"canonical":"https:\/\/plasticseurope.org\/de\/nachhaltigkeit\/kunststoffe-und-gesundheit\/sicherheit-von-kunststoffen\/standardisierung\/","og_locale":"de_DE","og_type":"article","og_title":"Qualit\u00e4ts- und Sicherheitsstandards von Kunststoffen","og_description":"Standards geben uns die Gewissheit, dass ein Produkt seinen Zweck erf\u00fcllt und wir uns auf seine Qualit\u00e4t und Sicherheit verlassen k\u00f6nnen.","og_url":"https:\/\/plasticseurope.org\/de\/nachhaltigkeit\/kunststoffe-und-gesundheit\/sicherheit-von-kunststoffen\/standardisierung\/","og_site_name":"Plastics Europe DE","article_modified_time":"2025-03-02T19:49:47+00:00","og_image":[{"width":2560,"height":819,"url":"https:\/\/plasticseurope.org\/de\/wp-content\/uploads\/sites\/3\/2022\/02\/plastics-water-bottle-scaled-e1685111116863.jpg","type":"image\/jpeg"}],"twitter_card":"summary_large_image","twitter_title":"Qualit\u00e4ts- und Sicherheitsstandards von Kunststoffen","twitter_description":"Standards geben uns die Gewissheit, dass ein Produkt seinen Zweck erf\u00fcllt und wir uns auf seine Qualit\u00e4t und Sicherheit verlassen k\u00f6nnen.","twitter_image":"https:\/\/plasticseurope.org\/de\/wp-content\/uploads\/sites\/3\/2022\/02\/plastics-water-bottle-scaled-e1685111116863.jpg","twitter_misc":{"Gesch\u00e4tzte Lesezeit":"3 Minuten"},"schema":{"@context":"https:\/\/schema.org","@graph":[{"@type":"WebPage","@id":"https:\/\/plasticseurope.org\/de\/nachhaltigkeit\/kunststoffe-und-gesundheit\/sicherheit-von-kunststoffen\/standardisierung\/","url":"https:\/\/plasticseurope.org\/de\/nachhaltigkeit\/kunststoffe-und-gesundheit\/sicherheit-von-kunststoffen\/standardisierung\/","name":"Qualit\u00e4ts- und Sicherheitsstandards von Kunststoffen\u00a0","isPartOf":{"@id":"https:\/\/plasticseurope.org\/de\/#website"},"datePublished":"2023-08-17T07:58:29+00:00","dateModified":"2025-03-02T19:49:47+00:00","description":"Standards geben uns die Gewissheit, dass ein Produkt seinen Zweck erf\u00fcllt und wir uns auf seine Qualit\u00e4t und Sicherheit verlassen k\u00f6nnen.","breadcrumb":{"@id":"https:\/\/plasticseurope.org\/de\/nachhaltigkeit\/kunststoffe-und-gesundheit\/sicherheit-von-kunststoffen\/standardisierung\/#breadcrumb"},"inLanguage":"de-DE","potentialAction":[{"@type":"ReadAction","target":["https:\/\/plasticseurope.org\/de\/nachhaltigkeit\/kunststoffe-und-gesundheit\/sicherheit-von-kunststoffen\/standardisierung\/"]}]},{"@type":"BreadcrumbList","@id":"https:\/\/plasticseurope.org\/de\/nachhaltigkeit\/kunststoffe-und-gesundheit\/sicherheit-von-kunststoffen\/standardisierung\/#breadcrumb","itemListElement":[{"@type":"ListItem","position":1,"name":"Home","item":"https:\/\/plasticseurope.org\/de\/"},{"@type":"ListItem","position":2,"name":"Nachhaltigkeit","item":"https:\/\/plasticseurope.org\/de\/nachhaltigkeit\/"},{"@type":"ListItem","position":3,"name":"Kunststoffe und Gesundheit","item":"https:\/\/plasticseurope.org\/de\/nachhaltigkeit\/kunststoffe-und-gesundheit\/"},{"@type":"ListItem","position":4,"name":"Sicherheit von Kunststoffen","item":"https:\/\/plasticseurope.org\/de\/nachhaltigkeit\/kunststoffe-und-gesundheit\/sicherheit-von-kunststoffen\/"},{"@type":"ListItem","position":5,"name":"Standardisierung"}]},{"@type":"WebSite","@id":"https:\/\/plasticseurope.org\/de\/#website","url":"https:\/\/plasticseurope.org\/de\/","name":"Plastics Europe DE","description":"Enabling a sustainable future","potentialAction":[{"@type":"SearchAction","target":{"@type":"EntryPoint","urlTemplate":"https:\/\/plasticseurope.org\/de\/?s={search_term_string}"},"query-input":"required name=search_term_string"}],"inLanguage":"de-DE"}]}},"_links":{"self":[{"href":"https:\/\/plasticseurope.org\/de\/wp-json\/wp\/v2\/pages\/3885","targetHints":{"allow":["GET"]}}],"collection":[{"href":"https:\/\/plasticseurope.org\/de\/wp-json\/wp\/v2\/pages"}],"about":[{"href":"https:\/\/plasticseurope.org\/de\/wp-json\/wp\/v2\/types\/page"}],"author":[{"embeddable":true,"href":"https:\/\/plasticseurope.org\/de\/wp-json\/wp\/v2\/users\/1"}],"replies":[{"embeddable":true,"href":"https:\/\/plasticseurope.org\/de\/wp-json\/wp\/v2\/comments?post=3885"}],"version-history":[{"count":0,"href":"https:\/\/plasticseurope.org\/de\/wp-json\/wp\/v2\/pages\/3885\/revisions"}],"up":[{"embeddable":true,"href":"https:\/\/plasticseurope.org\/de\/wp-json\/wp\/v2\/pages\/3865"}],"wp:featuredmedia":[{"embeddable":true,"href":"https:\/\/plasticseurope.org\/de\/wp-json\/wp\/v2\/media\/1084"}],"wp:attachment":[{"href":"https:\/\/plasticseurope.org\/de\/wp-json\/wp\/v2\/media?parent=3885"}],"curies":[{"name":"wp","href":"https:\/\/api.w.org\/{rel}","templated":true}]}}