{"id":3878,"date":"2023-08-17T07:48:40","date_gmt":"2023-08-17T07:48:40","guid":{"rendered":"https:\/\/plasticseurope.wpenginepowered.com\/de\/?page_id=3878"},"modified":"2025-03-02T19:49:40","modified_gmt":"2025-03-02T19:49:40","slug":"trinkwasser","status":"publish","type":"page","link":"https:\/\/plasticseurope.org\/de\/nachhaltigkeit\/kunststoffe-und-gesundheit\/sicherheit-von-kunststoffen\/trinkwasser\/","title":{"rendered":"Kunststoffe und Trinkwasser"},"content":{"rendered":"\n<h2 class=\"wp-block-heading\">Wie Kunststoffe zu sauberem Wasser beitragen<\/h2>\n\n\n\n<p>Wasser ist eine wertvolle Ressource und es sollten alle Anstrengungen unternommen werden, um eine Verschwendung zu vermeiden.&nbsp;Der innovative Einsatz von Kunststoffen kann Gemeinden dabei helfen, Zugang zu sauberen, sicheren und nachhaltigen Wasserquellen zu erhalten.&nbsp;Von Filtern \u00fcber den Wassertransport f\u00fcr Familien bis hin zu Rohren und Ger\u00e4ten f\u00fcr die Landwirtschaft \u2013 eine Mischung aus einfachen L\u00f6sungen und technologischen Fortschritten tr\u00e4gt dazu bei, dass Wasser f\u00fcr alle verf\u00fcgbar ist.<\/p>\n\n\n\n<p>Lesen Sie mehr \u00fcber&nbsp;<a href=\"https:\/\/plastics-themag.com\/Drinking-water:-polymers-make-our-mouths-water\" target=\"_blank\" rel=\"noreferrer noopener\">den Zusammenhang zwischen Wasser und Kunststoffen in Plastics Le Mag<\/a>.<\/p>\n\n\n\n<div style=\"height:48px\" aria-hidden=\"true\" class=\"wp-block-spacer\"><\/div>\n\n\n\n<h2 class=\"wp-block-heading\">Ein kontinuierliches Engagement f\u00fcr die Gew\u00e4hrleistung von sauberem Trinkwasser in Europa<\/h2>\n\n\n\n<p><a href=\"https:\/\/www.europeandrinkingwater.eu\/initiative\/dwd-2021\/\" target=\"_blank\" rel=\"noreferrer noopener\">Produkte, die mit Trinkwasser in Kontakt kommen, m\u00fcssen hierf\u00fcr sowohl technisch als auch hygienisch geeignet sein, wie in der Trinkwasserrichtlinie (EU) 2020\/2184 (DWD)<\/a>&nbsp;festgelegt.<\/p>\n\n\n\n<p>Mit der Umstellung auf eine Liste zugelassener Materialien zur Verwendung f\u00fcr Produkte, die mit Wasser f\u00fcr den menschlichen Verzehr in Kontakt kommen, hat die gemeinsame Trinkwasserregulierungsgruppe von Cefic-FCA &amp; Plastics Europe eine Untergruppe \u201eZertifizierung\u201c eingerichtet.&nbsp;Diese Gruppe hat an einem Standpunkt zur Offenlegung der Zusammensetzung f\u00fcr Zertifizierungszwecke gearbeitet \u2013&nbsp;<a href=\"https:\/\/fca.cefic.org\/materials-in-contact-with-drinking-water\/\" target=\"_blank\" rel=\"noreferrer noopener\">lesen Sie hier mehr dar\u00fcber.<\/a><\/p>\n\n\n\n<div style=\"height:48px\" aria-hidden=\"true\" class=\"wp-block-spacer\"><\/div>\n\n\n\n<h2 class=\"wp-block-heading\">Vielseitige und flexible Kunststoffe<\/h2>\n\n\n\n<p>Kunststoffe sind ein bew\u00e4hrtes Material f\u00fcr Tiefbauprojekte wie B\u00fcros, Fabriken und Wohnh\u00e4user.&nbsp;Sie sind vielseitig und k\u00f6nnen auf viele verschiedene Arten verwendet werden.<\/p>\n\n\n\n<p>Kunststoffrohre und -tanks tragen dazu bei, das Trinkwasser sicher und frisch zu halten und gleichzeitig Leckagen und Verschwendung zu reduzieren.&nbsp;Kunststoffe werden auch f\u00fcr Rohre und Dienstleistungen verwendet, die sich mit Heiz- und K\u00fchlsystemen, Abwasser, Kanalisation, Oberfl\u00e4chenwasser und Hochwasserschutz befassen.&nbsp;Die flexible Beschaffenheit von Kunststoffen bedeutet, dass Rohre leicht zu man\u00f6vrieren und zu installieren sind, weniger widerstandsf\u00e4hig gegen Bewegungen im Boden sind und weniger anf\u00e4llig f\u00fcr Besch\u00e4digungen sind.<\/p>\n\n\n\n<div style=\"height:48px\" aria-hidden=\"true\" class=\"wp-block-spacer\"><\/div>\n\n\n\n<h2 class=\"wp-block-heading\">Ein langes und n\u00fctzliches Leben<\/h2>\n\n\n\n<p>Kunststoffe, die f\u00fcr Wasser- und andere Systeme verwendet werden, haben typischerweise eine Lebensdauer von \u00fcber 100 Jahren.&nbsp;Sie sind korrosions- und chemikalienbest\u00e4ndig und m\u00fcssen im Laufe ihrer Lebensdauer seltener ausgetauscht werden.<\/p>\n\n\n\n<p>Ihre Flexibilit\u00e4t f\u00fchrt im Vergleich zu herk\u00f6mmlichen starren Rohren zu weniger Defekten und Br\u00fcchen.&nbsp;Sie tragen auch zur Kreislaufwirtschaft bei, da PVC-, Polyethylen- und Polypropylenrohre am Ende ihrer Lebensdauer problemlos mechanisch recycelt und als Material f\u00fcr die Herstellung neuer Gegenst\u00e4nde verwendet werden k\u00f6nnen.&nbsp;Chemisches Recycling ist eine Option f\u00fcr Verbundrohre, die schwieriger zu recyceln sind.<\/p>\n\n\n\n<div id=\"explore-block_6d1b575da04b7975b0aaa35756ca6c98\" class=\"explore-further\">\n  <div class=\"flex flex-col bg-mist-900 rounded-md mt-8 md:mt-28 md:w-1\/2 md:mr-auto\">\n    <div class=\"flex-1 relative p-6 md:px-10 md:py-8\">\n      <div class=\"absolute top-0 left-0 p-5 inline-block transform -translate-x-1\/2 -translate-y-1\/2\">\n      <\/div>\n      \n\n<h3 class=\"wp-block-heading\">Zus\u00e4tzliche Ressourcen<\/h3>\n\n\n\n<p><a href=\"http:\/\/www.europeandrinkingwater.eu\/\" target=\"_blank\" rel=\"noreferrer noopener\">Auf der Website von European Drinking Water k\u00f6nnen Sie mehr dar\u00fcber lesen, wie die Kunststoffindustrie und andere Industriezweige kontinuierlich daran arbeiten, die Trinkwassersicherheit zu gew\u00e4hrleisten.<\/a><\/p>\n\n\n\n<p><a href=\"https:\/\/www.teppfa.eu\/wp-content\/uploads\/Benefits-of-plastic-pipes-brochure_digital.pdf\" target=\"_blank\" rel=\"noreferrer noopener\">Lesen Sie mehr \u00fcber die Vorteile von Kunststoffrohren<\/a><\/p>\n\n\n\n<p><a href=\"https:\/\/www.teppfa.eu\/wp-content\/uploads\/HSEGUAFinalreportplasticsressourceefficiencyupdateJan2005.pdf\" target=\"_blank\" rel=\"noreferrer noopener\">Laden Sie den Bericht GUA The Contribution of Plastic Products to Resource Efficiency herunter<\/a><\/p>\n\n\n\n<p><a href=\"https:\/\/www.teppfa.eu\/sustainability\/\" target=\"_blank\" rel=\"noreferrer noopener\">Entdecken Sie Polymerrohre und den Wasserkreislauf<\/a><\/p>\n\n\n\n<p><a href=\"https:\/\/www.plasticseurope.org\/en\/resources\/publications\/111-plastics-preserve-water-crystal-clear\" target=\"_blank\" rel=\"noreferrer noopener\">Kunststoffe zum Wassersparen, das ist glasklar<\/a><\/p>\n\n\n\n<p>Deutschland, Frankreich, die Niederlande und das Vereinigte K\u00f6nigreich haben eine Zusammenarbeit bei der Harmonisierung von Tests zur hygienischen Eignung von Produkten im Kontakt mit Trinkwasser vereinbart.&nbsp;Erfahren Sie mehr \u00fcber die&nbsp;<a href=\"https:\/\/www.umweltbundesamt.de\/en\/topics\/water\/drinking-water\/distributing-drinking-water\/approval-harmonization-4ms-initiative\" target=\"_blank\" rel=\"noreferrer noopener\">Initiative der 4 Mitgliedstaaten (4 MS).<\/a><\/p>\n\n\n    <\/div>\n  <\/div>\n<\/div>\n","protected":false},"excerpt":{"rendered":"<p>Wie Kunststoffe zu sauberem Wasser beitragen Wasser ist eine wertvolle Ressource und es sollten alle Anstrengungen unternommen werden, um eine Verschwendung zu vermeiden.&nbsp;Der innovative Einsatz von Kunststoffen kann Gemeinden dabei helfen, Zugang zu sauberen, sicheren und nachhaltigen Wasserquellen zu erhalten.&nbsp;Von Filtern \u00fcber den Wassertransport f\u00fcr Familien bis hin zu Rohren und Ger\u00e4ten f\u00fcr die Landwirtschaft [&hellip;]<\/p>\n","protected":false},"author":1,"featured_media":1019,"parent":3865,"menu_order":0,"comment_status":"closed","ping_status":"closed","template":"","meta":{"footnotes":""},"class_list":["post-3878","page","type-page","status-publish","has-post-thumbnail","hentry"],"acf":[],"yoast_head":"<!-- This site is optimized with the Yoast SEO plugin v21.6 - https:\/\/yoast.com\/wordpress\/plugins\/seo\/ -->\n<title>Wie Kunststoffe zu sauberem Wasser beitragen<\/title>\n<meta name=\"description\" content=\"Wasser ist eine wertvolle Ressource und es sollten alle Anstrengungen unternommen werden, um eine Verschwendung zu vermeiden.\u00a0\" \/>\n<meta name=\"robots\" content=\"index, follow, max-snippet:-1, max-image-preview:large, max-video-preview:-1\" \/>\n<link rel=\"canonical\" href=\"https:\/\/plasticseurope.org\/de\/nachhaltigkeit\/kunststoffe-und-gesundheit\/sicherheit-von-kunststoffen\/trinkwasser\/\" \/>\n<meta property=\"og:locale\" content=\"de_DE\" \/>\n<meta property=\"og:type\" content=\"article\" \/>\n<meta property=\"og:title\" content=\"Wie Kunststoffe zu sauberem Wasser beitragen\" \/>\n<meta property=\"og:description\" content=\"Wasser ist eine wertvolle Ressource und es sollten alle Anstrengungen unternommen werden, um eine Verschwendung zu vermeiden.\u00a0\" \/>\n<meta property=\"og:url\" content=\"https:\/\/plasticseurope.org\/de\/nachhaltigkeit\/kunststoffe-und-gesundheit\/sicherheit-von-kunststoffen\/trinkwasser\/\" \/>\n<meta property=\"og:site_name\" content=\"Plastics Europe DE\" \/>\n<meta property=\"article:modified_time\" content=\"2025-03-02T19:49:40+00:00\" \/>\n<meta property=\"og:image\" content=\"https:\/\/plasticseurope.org\/de\/wp-content\/uploads\/sites\/3\/2022\/02\/plastic-large-water-bottles-scaled.jpg\" \/>\n\t<meta property=\"og:image:width\" content=\"2560\" \/>\n\t<meta property=\"og:image:height\" content=\"1707\" \/>\n\t<meta property=\"og:image:type\" content=\"image\/jpeg\" \/>\n<meta name=\"twitter:card\" content=\"summary_large_image\" \/>\n<meta name=\"twitter:title\" content=\"Wie Kunststoffe zu sauberem Wasser beitragen\" \/>\n<meta name=\"twitter:description\" content=\"Wasser ist eine wertvolle Ressource und es sollten alle Anstrengungen unternommen werden, um eine Verschwendung zu vermeiden.\u00a0\" \/>\n<meta name=\"twitter:image\" content=\"https:\/\/plasticseurope.org\/de\/wp-content\/uploads\/sites\/3\/2022\/02\/plastic-large-water-bottles-scaled.jpg\" \/>\n<meta name=\"twitter:label1\" content=\"Gesch\u00e4tzte Lesezeit\" \/>\n\t<meta name=\"twitter:data1\" content=\"3 Minuten\" \/>\n<script type=\"application\/ld+json\" class=\"yoast-schema-graph\">{\"@context\":\"https:\/\/schema.org\",\"@graph\":[{\"@type\":\"WebPage\",\"@id\":\"https:\/\/plasticseurope.org\/de\/nachhaltigkeit\/kunststoffe-und-gesundheit\/sicherheit-von-kunststoffen\/trinkwasser\/\",\"url\":\"https:\/\/plasticseurope.org\/de\/nachhaltigkeit\/kunststoffe-und-gesundheit\/sicherheit-von-kunststoffen\/trinkwasser\/\",\"name\":\"Wie Kunststoffe zu sauberem Wasser beitragen\",\"isPartOf\":{\"@id\":\"https:\/\/plasticseurope.org\/de\/#website\"},\"datePublished\":\"2023-08-17T07:48:40+00:00\",\"dateModified\":\"2025-03-02T19:49:40+00:00\",\"description\":\"Wasser ist eine wertvolle Ressource und es sollten alle Anstrengungen unternommen werden, um eine Verschwendung zu vermeiden.\u00a0\",\"breadcrumb\":{\"@id\":\"https:\/\/plasticseurope.org\/de\/nachhaltigkeit\/kunststoffe-und-gesundheit\/sicherheit-von-kunststoffen\/trinkwasser\/#breadcrumb\"},\"inLanguage\":\"de-DE\",\"potentialAction\":[{\"@type\":\"ReadAction\",\"target\":[\"https:\/\/plasticseurope.org\/de\/nachhaltigkeit\/kunststoffe-und-gesundheit\/sicherheit-von-kunststoffen\/trinkwasser\/\"]}]},{\"@type\":\"BreadcrumbList\",\"@id\":\"https:\/\/plasticseurope.org\/de\/nachhaltigkeit\/kunststoffe-und-gesundheit\/sicherheit-von-kunststoffen\/trinkwasser\/#breadcrumb\",\"itemListElement\":[{\"@type\":\"ListItem\",\"position\":1,\"name\":\"Home\",\"item\":\"https:\/\/plasticseurope.org\/de\/\"},{\"@type\":\"ListItem\",\"position\":2,\"name\":\"Nachhaltigkeit\",\"item\":\"https:\/\/plasticseurope.org\/de\/nachhaltigkeit\/\"},{\"@type\":\"ListItem\",\"position\":3,\"name\":\"Kunststoffe und Gesundheit\",\"item\":\"https:\/\/plasticseurope.org\/de\/nachhaltigkeit\/kunststoffe-und-gesundheit\/\"},{\"@type\":\"ListItem\",\"position\":4,\"name\":\"Sicherheit von Kunststoffen\",\"item\":\"https:\/\/plasticseurope.org\/de\/nachhaltigkeit\/kunststoffe-und-gesundheit\/sicherheit-von-kunststoffen\/\"},{\"@type\":\"ListItem\",\"position\":5,\"name\":\"Kunststoffe und Trinkwasser\"}]},{\"@type\":\"WebSite\",\"@id\":\"https:\/\/plasticseurope.org\/de\/#website\",\"url\":\"https:\/\/plasticseurope.org\/de\/\",\"name\":\"Plastics Europe DE\",\"description\":\"Enabling a sustainable future\",\"potentialAction\":[{\"@type\":\"SearchAction\",\"target\":{\"@type\":\"EntryPoint\",\"urlTemplate\":\"https:\/\/plasticseurope.org\/de\/?s={search_term_string}\"},\"query-input\":\"required name=search_term_string\"}],\"inLanguage\":\"de-DE\"}]}<\/script>\n<!-- \/ Yoast SEO plugin. -->","yoast_head_json":{"title":"Wie Kunststoffe zu sauberem Wasser beitragen","description":"Wasser ist eine wertvolle Ressource und es sollten alle Anstrengungen unternommen werden, um eine Verschwendung zu vermeiden.\u00a0","robots":{"index":"index","follow":"follow","max-snippet":"max-snippet:-1","max-image-preview":"max-image-preview:large","max-video-preview":"max-video-preview:-1"},"canonical":"https:\/\/plasticseurope.org\/de\/nachhaltigkeit\/kunststoffe-und-gesundheit\/sicherheit-von-kunststoffen\/trinkwasser\/","og_locale":"de_DE","og_type":"article","og_title":"Wie Kunststoffe zu sauberem Wasser beitragen","og_description":"Wasser ist eine wertvolle Ressource und es sollten alle Anstrengungen unternommen werden, um eine Verschwendung zu vermeiden.\u00a0","og_url":"https:\/\/plasticseurope.org\/de\/nachhaltigkeit\/kunststoffe-und-gesundheit\/sicherheit-von-kunststoffen\/trinkwasser\/","og_site_name":"Plastics Europe DE","article_modified_time":"2025-03-02T19:49:40+00:00","og_image":[{"width":2560,"height":1707,"url":"https:\/\/plasticseurope.org\/de\/wp-content\/uploads\/sites\/3\/2022\/02\/plastic-large-water-bottles-scaled.jpg","type":"image\/jpeg"}],"twitter_card":"summary_large_image","twitter_title":"Wie Kunststoffe zu sauberem Wasser beitragen","twitter_description":"Wasser ist eine wertvolle Ressource und es sollten alle Anstrengungen unternommen werden, um eine Verschwendung zu vermeiden.\u00a0","twitter_image":"https:\/\/plasticseurope.org\/de\/wp-content\/uploads\/sites\/3\/2022\/02\/plastic-large-water-bottles-scaled.jpg","twitter_misc":{"Gesch\u00e4tzte Lesezeit":"3 Minuten"},"schema":{"@context":"https:\/\/schema.org","@graph":[{"@type":"WebPage","@id":"https:\/\/plasticseurope.org\/de\/nachhaltigkeit\/kunststoffe-und-gesundheit\/sicherheit-von-kunststoffen\/trinkwasser\/","url":"https:\/\/plasticseurope.org\/de\/nachhaltigkeit\/kunststoffe-und-gesundheit\/sicherheit-von-kunststoffen\/trinkwasser\/","name":"Wie Kunststoffe zu sauberem Wasser beitragen","isPartOf":{"@id":"https:\/\/plasticseurope.org\/de\/#website"},"datePublished":"2023-08-17T07:48:40+00:00","dateModified":"2025-03-02T19:49:40+00:00","description":"Wasser ist eine wertvolle Ressource und es sollten alle Anstrengungen unternommen werden, um eine Verschwendung zu vermeiden.\u00a0","breadcrumb":{"@id":"https:\/\/plasticseurope.org\/de\/nachhaltigkeit\/kunststoffe-und-gesundheit\/sicherheit-von-kunststoffen\/trinkwasser\/#breadcrumb"},"inLanguage":"de-DE","potentialAction":[{"@type":"ReadAction","target":["https:\/\/plasticseurope.org\/de\/nachhaltigkeit\/kunststoffe-und-gesundheit\/sicherheit-von-kunststoffen\/trinkwasser\/"]}]},{"@type":"BreadcrumbList","@id":"https:\/\/plasticseurope.org\/de\/nachhaltigkeit\/kunststoffe-und-gesundheit\/sicherheit-von-kunststoffen\/trinkwasser\/#breadcrumb","itemListElement":[{"@type":"ListItem","position":1,"name":"Home","item":"https:\/\/plasticseurope.org\/de\/"},{"@type":"ListItem","position":2,"name":"Nachhaltigkeit","item":"https:\/\/plasticseurope.org\/de\/nachhaltigkeit\/"},{"@type":"ListItem","position":3,"name":"Kunststoffe und Gesundheit","item":"https:\/\/plasticseurope.org\/de\/nachhaltigkeit\/kunststoffe-und-gesundheit\/"},{"@type":"ListItem","position":4,"name":"Sicherheit von Kunststoffen","item":"https:\/\/plasticseurope.org\/de\/nachhaltigkeit\/kunststoffe-und-gesundheit\/sicherheit-von-kunststoffen\/"},{"@type":"ListItem","position":5,"name":"Kunststoffe und Trinkwasser"}]},{"@type":"WebSite","@id":"https:\/\/plasticseurope.org\/de\/#website","url":"https:\/\/plasticseurope.org\/de\/","name":"Plastics Europe DE","description":"Enabling a sustainable future","potentialAction":[{"@type":"SearchAction","target":{"@type":"EntryPoint","urlTemplate":"https:\/\/plasticseurope.org\/de\/?s={search_term_string}"},"query-input":"required name=search_term_string"}],"inLanguage":"de-DE"}]}},"_links":{"self":[{"href":"https:\/\/plasticseurope.org\/de\/wp-json\/wp\/v2\/pages\/3878","targetHints":{"allow":["GET"]}}],"collection":[{"href":"https:\/\/plasticseurope.org\/de\/wp-json\/wp\/v2\/pages"}],"about":[{"href":"https:\/\/plasticseurope.org\/de\/wp-json\/wp\/v2\/types\/page"}],"author":[{"embeddable":true,"href":"https:\/\/plasticseurope.org\/de\/wp-json\/wp\/v2\/users\/1"}],"replies":[{"embeddable":true,"href":"https:\/\/plasticseurope.org\/de\/wp-json\/wp\/v2\/comments?post=3878"}],"version-history":[{"count":0,"href":"https:\/\/plasticseurope.org\/de\/wp-json\/wp\/v2\/pages\/3878\/revisions"}],"up":[{"embeddable":true,"href":"https:\/\/plasticseurope.org\/de\/wp-json\/wp\/v2\/pages\/3865"}],"wp:featuredmedia":[{"embeddable":true,"href":"https:\/\/plasticseurope.org\/de\/wp-json\/wp\/v2\/media\/1019"}],"wp:attachment":[{"href":"https:\/\/plasticseurope.org\/de\/wp-json\/wp\/v2\/media?parent=3878"}],"curies":[{"name":"wp","href":"https:\/\/api.w.org\/{rel}","templated":true}]}}