{"id":3843,"date":"2023-08-16T08:28:57","date_gmt":"2023-08-16T08:28:57","guid":{"rendered":"https:\/\/plasticseurope.wpenginepowered.com\/de\/?page_id=3843"},"modified":"2025-03-02T19:46:14","modified_gmt":"2025-03-02T19:46:14","slug":"mobilitat","status":"publish","type":"page","link":"https:\/\/plasticseurope.org\/de\/nachhaltigkeit\/klima\/mobilitat\/","title":{"rendered":"Kunststoffe f\u00fcr Mobilit\u00e4t und Transport"},"content":{"rendered":"\n<p>Kunststoffe tragen dazu bei, Transportl\u00f6sungen zu schaffen, die hohe Leistung, wettbewerbsf\u00e4hige Preise, Sicherheit, Festigkeit und minimale Umweltbelastung vereinen.<\/p>\n\n\n\n<p>Bei der Entwicklung von Transportl\u00f6sungen streben Designer danach, die ideale Balance zwischen hoher Materialleistung, wettbewerbsf\u00e4higen Preisen, Stil, Komfort, Sicherheit, Kraftstoffeffizienz und minimaler Umweltbelastung zu finden.&nbsp;Die nachhaltige L\u00f6sung spiegelt sich in einer optimalen Balance all dieser Parameter und Anforderungen wider.<\/p>\n\n\n\n<div style=\"height:16px\" aria-hidden=\"true\" class=\"wp-block-spacer is-style-small\"><\/div>\n\n\n\n<figure class=\"wp-block-image size-full\"><img loading=\"lazy\" decoding=\"async\" width=\"1920\" height=\"1080\" src=\"https:\/\/plasticseurope.org\/de\/wp-content\/uploads\/sites\/3\/2023\/08\/gorodenkoff-21.png\" alt=\"ICE Schnellzug mit Kunststoffverkleidung\" class=\"wp-image-3847\" srcset=\"https:\/\/plasticseurope.org\/de\/wp-content\/uploads\/sites\/3\/2023\/08\/gorodenkoff-21.png 1920w, https:\/\/plasticseurope.org\/de\/wp-content\/uploads\/sites\/3\/2023\/08\/gorodenkoff-21-300x169.png 300w, https:\/\/plasticseurope.org\/de\/wp-content\/uploads\/sites\/3\/2023\/08\/gorodenkoff-21-1024x576.png 1024w, https:\/\/plasticseurope.org\/de\/wp-content\/uploads\/sites\/3\/2023\/08\/gorodenkoff-21-768x432.png 768w, https:\/\/plasticseurope.org\/de\/wp-content\/uploads\/sites\/3\/2023\/08\/gorodenkoff-21-1536x864.png 1536w, https:\/\/plasticseurope.org\/de\/wp-content\/uploads\/sites\/3\/2023\/08\/gorodenkoff-21-1280x720.png 1280w\" sizes=\"auto, (max-width: 1920px) 100vw, 1920px\" \/><\/figure>\n\n\n\n<div style=\"height:100px\" aria-hidden=\"true\" class=\"wp-block-spacer\"><\/div>\n\n\n\n<h2 class=\"wp-block-heading\" id=\"innovative-plastics-are-a-key-contributor-because\">Innovative Kunststoffe leisten einen wesentlichen Beitrag, denn:<\/h2>\n\n\n\n<ul class=\"wp-block-list\">\n<li>Kunststoffkomponenten wiegen&nbsp;&nbsp;<strong>50 Prozent weniger als vergleichbare Komponenten<\/strong>&nbsp;&nbsp;aus anderen Materialien, was eine&nbsp; Verbesserung&nbsp;des Kraftstoffverbrauchs&nbsp;&nbsp;<strong>um 25 bis 35 Prozent&nbsp; bedeutet.<\/strong><\/li>\n\n\n\n<li>F\u00fcr jedes verlorene Kilogramm st\u00f6\u00dft Ihr Auto&nbsp;&nbsp;&nbsp;im Laufe seiner Lebensdauer&nbsp;<strong>20 Kilogramm weniger Kohlendioxid aus.<\/strong><\/li>\n\n\n\n<li>Kunststoffe bieten Leichtbaul\u00f6sungen, die wesentliche Sicherheitsanforderungen wie den Brandschutz erf\u00fcllen.<\/li>\n<\/ul>\n\n\n\n<div style=\"height:100px\" aria-hidden=\"true\" class=\"wp-block-spacer\"><\/div>\n\n\n\n<figure class=\"wp-block-image size-full\"><img loading=\"lazy\" decoding=\"async\" width=\"1920\" height=\"1080\" src=\"https:\/\/plasticseurope.org\/de\/wp-content\/uploads\/sites\/3\/2023\/08\/gorodenkoff-22.png\" alt=\"Flugzeugteile aus Kunststoff\" class=\"wp-image-3849\" srcset=\"https:\/\/plasticseurope.org\/de\/wp-content\/uploads\/sites\/3\/2023\/08\/gorodenkoff-22.png 1920w, https:\/\/plasticseurope.org\/de\/wp-content\/uploads\/sites\/3\/2023\/08\/gorodenkoff-22-300x169.png 300w, https:\/\/plasticseurope.org\/de\/wp-content\/uploads\/sites\/3\/2023\/08\/gorodenkoff-22-1024x576.png 1024w, https:\/\/plasticseurope.org\/de\/wp-content\/uploads\/sites\/3\/2023\/08\/gorodenkoff-22-768x432.png 768w, https:\/\/plasticseurope.org\/de\/wp-content\/uploads\/sites\/3\/2023\/08\/gorodenkoff-22-1536x864.png 1536w, https:\/\/plasticseurope.org\/de\/wp-content\/uploads\/sites\/3\/2023\/08\/gorodenkoff-22-1280x720.png 1280w\" sizes=\"auto, (max-width: 1920px) 100vw, 1920px\" \/><\/figure>\n\n\n\n<div style=\"height:100px\" aria-hidden=\"true\" class=\"wp-block-spacer is-style-small\"><\/div>\n\n\n\n<p>Flugzeuge sind ein gutes Beispiel daf\u00fcr, wie Kunststoffe und Designinnovationen in einer hochmodernen und materialtechnisch anspruchsvollen Anwendung miteinander verbunden sind.<\/p>\n\n\n\n<figure class=\"wp-block-pullquote is-style-solid-color has-sky-color has-text-color\"><blockquote><p>Seit den 70er Jahren ist der Anteil von Kunststoffen in Flugzeugen von 4 auf rund 50 % gestiegen.&nbsp;<br><\/p><\/blockquote><\/figure>\n\n\n\n<p>In der Automobilindustrie erm\u00f6glichen Kunststoffe Energieabsorption, Gewichtsreduzierung und innovatives Design und tragen gleichzeitig zur Sicherheit der Passagiere bei.&nbsp;Merkmale wie Sto\u00dfd\u00e4mpfung f\u00fcr Sto\u00dff\u00e4nger, Unterdr\u00fcckung von Explosionsrisiken in Kraftstofftanks, Sicherheitsgurten, Airbags und anderen lebensrettenden Zubeh\u00f6rteilen wie langlebigen Kunststoff-Sicherheitssitzen zum Schutz junger Passagiere machen Kunststoffe zum sichersten Material f\u00fcr Automobilanwendungen.<\/p>\n\n\n\n<div style=\"height:100px\" aria-hidden=\"true\" class=\"wp-block-spacer is-style-small\"><\/div>\n\n\n\n<figure class=\"wp-block-image size-full\"><img loading=\"lazy\" decoding=\"async\" width=\"1920\" height=\"1080\" src=\"https:\/\/plasticseurope.org\/de\/wp-content\/uploads\/sites\/3\/2023\/08\/gorodenkoff-19.png\" alt=\"Innenausstattung eines Autos aus Kunststoff\" class=\"wp-image-3848\" srcset=\"https:\/\/plasticseurope.org\/de\/wp-content\/uploads\/sites\/3\/2023\/08\/gorodenkoff-19.png 1920w, https:\/\/plasticseurope.org\/de\/wp-content\/uploads\/sites\/3\/2023\/08\/gorodenkoff-19-300x169.png 300w, https:\/\/plasticseurope.org\/de\/wp-content\/uploads\/sites\/3\/2023\/08\/gorodenkoff-19-1024x576.png 1024w, https:\/\/plasticseurope.org\/de\/wp-content\/uploads\/sites\/3\/2023\/08\/gorodenkoff-19-768x432.png 768w, https:\/\/plasticseurope.org\/de\/wp-content\/uploads\/sites\/3\/2023\/08\/gorodenkoff-19-1536x864.png 1536w, https:\/\/plasticseurope.org\/de\/wp-content\/uploads\/sites\/3\/2023\/08\/gorodenkoff-19-1280x720.png 1280w\" sizes=\"auto, (max-width: 1920px) 100vw, 1920px\" \/><\/figure>\n\n\n\n<div style=\"height:100px\" aria-hidden=\"true\" class=\"wp-block-spacer is-style-small\"><\/div>\n\n\n\n<p>Auch Kunststoffe stehen an der Spitze nachhaltiger Innovationen: Ein durchschnittliches Auto enth\u00e4lt 120 Kilogramm Kunststoff (rund 15 % seines Gesamtgewichts).&nbsp;Moderne Konzeptautos sind ein perfektes Beispiel daf\u00fcr, wie durch Kunststoffe erm\u00f6glichte Innovationen auch Vorteile f\u00fcr die Umwelt mit sich bringen.<\/p>\n\n\n\n<figure class=\"wp-block-pullquote is-style-solid-color has-jade-color has-text-color\"><blockquote><p>Das Auto verf\u00fcgt \u00fcber eine Reihe hochwertiger Thermoplaste, die Designflexibilit\u00e4t bieten. Noch wichtiger ist jedoch, dass das Auto aufgrund des geringen Gewichts dieser Kunststoffe durchschnittlich 3,3 Liter Kraftstoff pro 100 km verbraucht und nur 86 g CO2 pro Kilometer ausst\u00f6\u00dft!&nbsp;<\/p><\/blockquote><\/figure>\n","protected":false},"excerpt":{"rendered":"<p>Kunststoffe tragen dazu bei, Transportl\u00f6sungen zu schaffen, die hohe Leistung, wettbewerbsf\u00e4hige Preise, Sicherheit, Festigkeit und minimale Umweltbelastung vereinen. Bei der Entwicklung von Transportl\u00f6sungen streben Designer danach, die ideale Balance zwischen hoher Materialleistung, wettbewerbsf\u00e4higen Preisen, Stil, Komfort, Sicherheit, Kraftstoffeffizienz und minimaler Umweltbelastung zu finden.&nbsp;Die nachhaltige L\u00f6sung spiegelt sich in einer optimalen Balance all dieser Parameter und [&hellip;]<\/p>\n","protected":false},"author":1,"featured_media":3853,"parent":1181,"menu_order":0,"comment_status":"closed","ping_status":"closed","template":"","meta":{"footnotes":""},"class_list":["post-3843","page","type-page","status-publish","has-post-thumbnail","hentry"],"acf":[],"yoast_head":"<!-- This site is optimized with the Yoast SEO plugin v21.6 - https:\/\/yoast.com\/wordpress\/plugins\/seo\/ -->\n<title>Kunststoffe f\u00fcr Mobilit\u00e4t und Transport<\/title>\n<meta name=\"description\" content=\"Kunststoffe tragen dazu bei, Mobilit\u00e4tsl\u00f6sungen zu schaffen, die hohe Leistung, Sicherheit, und minimale Umweltbelastung vereinen.\" \/>\n<meta name=\"robots\" content=\"index, follow, max-snippet:-1, max-image-preview:large, max-video-preview:-1\" \/>\n<link rel=\"canonical\" href=\"https:\/\/plasticseurope.org\/de\/nachhaltigkeit\/klima\/mobilitat\/\" \/>\n<meta property=\"og:locale\" content=\"de_DE\" \/>\n<meta property=\"og:type\" content=\"article\" \/>\n<meta property=\"og:title\" content=\"Kunststoffe f\u00fcr Mobilit\u00e4t und Transport\" \/>\n<meta property=\"og:description\" content=\"Kunststoffe tragen dazu bei, Mobilit\u00e4tsl\u00f6sungen zu schaffen, die hohe Leistung, Sicherheit, und minimale Umweltbelastung vereinen.\" \/>\n<meta property=\"og:url\" content=\"https:\/\/plasticseurope.org\/de\/nachhaltigkeit\/klima\/mobilitat\/\" \/>\n<meta property=\"og:site_name\" content=\"Plastics Europe DE\" \/>\n<meta property=\"article:modified_time\" content=\"2025-03-02T19:46:14+00:00\" \/>\n<meta property=\"og:image\" content=\"https:\/\/plasticseurope.org\/de\/wp-content\/uploads\/sites\/3\/2023\/08\/gorodenkoff-21-1024x576.png\" \/>\n\t<meta property=\"og:image:width\" content=\"1024\" \/>\n\t<meta property=\"og:image:height\" content=\"576\" \/>\n\t<meta property=\"og:image:type\" content=\"image\/png\" \/>\n<meta name=\"twitter:card\" content=\"summary_large_image\" \/>\n<meta name=\"twitter:title\" content=\"Kunststoffe f\u00fcr Mobilit\u00e4t und Transport\" \/>\n<meta name=\"twitter:description\" content=\"Kunststoffe tragen dazu bei, Mobilit\u00e4tsl\u00f6sungen zu schaffen, die hohe Leistung, Sicherheit, und minimale Umweltbelastung vereinen.\" \/>\n<meta name=\"twitter:image\" content=\"https:\/\/plasticseurope.org\/de\/wp-content\/uploads\/sites\/3\/2023\/08\/gorodenkoff-21.png\" \/>\n<meta name=\"twitter:label1\" content=\"Gesch\u00e4tzte Lesezeit\" \/>\n\t<meta name=\"twitter:data1\" content=\"2 Minuten\" \/>\n<script type=\"application\/ld+json\" class=\"yoast-schema-graph\">{\"@context\":\"https:\/\/schema.org\",\"@graph\":[{\"@type\":\"WebPage\",\"@id\":\"https:\/\/plasticseurope.org\/de\/nachhaltigkeit\/klima\/mobilitat\/\",\"url\":\"https:\/\/plasticseurope.org\/de\/nachhaltigkeit\/klima\/mobilitat\/\",\"name\":\"Kunststoffe f\u00fcr Mobilit\u00e4t und Transport\",\"isPartOf\":{\"@id\":\"https:\/\/plasticseurope.org\/de\/#website\"},\"datePublished\":\"2023-08-16T08:28:57+00:00\",\"dateModified\":\"2025-03-02T19:46:14+00:00\",\"description\":\"Kunststoffe tragen dazu bei, Mobilit\u00e4tsl\u00f6sungen zu schaffen, die hohe Leistung, Sicherheit, und minimale Umweltbelastung vereinen.\",\"breadcrumb\":{\"@id\":\"https:\/\/plasticseurope.org\/de\/nachhaltigkeit\/klima\/mobilitat\/#breadcrumb\"},\"inLanguage\":\"de-DE\",\"potentialAction\":[{\"@type\":\"ReadAction\",\"target\":[\"https:\/\/plasticseurope.org\/de\/nachhaltigkeit\/klima\/mobilitat\/\"]}]},{\"@type\":\"BreadcrumbList\",\"@id\":\"https:\/\/plasticseurope.org\/de\/nachhaltigkeit\/klima\/mobilitat\/#breadcrumb\",\"itemListElement\":[{\"@type\":\"ListItem\",\"position\":1,\"name\":\"Home\",\"item\":\"https:\/\/plasticseurope.org\/de\/\"},{\"@type\":\"ListItem\",\"position\":2,\"name\":\"Nachhaltigkeit\",\"item\":\"https:\/\/plasticseurope.org\/de\/nachhaltigkeit\/\"},{\"@type\":\"ListItem\",\"position\":3,\"name\":\"Klima\",\"item\":\"https:\/\/plasticseurope.org\/de\/nachhaltigkeit\/klima\/\"},{\"@type\":\"ListItem\",\"position\":4,\"name\":\"Kunststoffe f\u00fcr Mobilit\u00e4t und Transport\"}]},{\"@type\":\"WebSite\",\"@id\":\"https:\/\/plasticseurope.org\/de\/#website\",\"url\":\"https:\/\/plasticseurope.org\/de\/\",\"name\":\"Plastics Europe DE\",\"description\":\"Enabling a sustainable future\",\"potentialAction\":[{\"@type\":\"SearchAction\",\"target\":{\"@type\":\"EntryPoint\",\"urlTemplate\":\"https:\/\/plasticseurope.org\/de\/?s={search_term_string}\"},\"query-input\":\"required name=search_term_string\"}],\"inLanguage\":\"de-DE\"}]}<\/script>\n<!-- \/ Yoast SEO plugin. -->","yoast_head_json":{"title":"Kunststoffe f\u00fcr Mobilit\u00e4t und Transport","description":"Kunststoffe tragen dazu bei, Mobilit\u00e4tsl\u00f6sungen zu schaffen, die hohe Leistung, Sicherheit, und minimale Umweltbelastung vereinen.","robots":{"index":"index","follow":"follow","max-snippet":"max-snippet:-1","max-image-preview":"max-image-preview:large","max-video-preview":"max-video-preview:-1"},"canonical":"https:\/\/plasticseurope.org\/de\/nachhaltigkeit\/klima\/mobilitat\/","og_locale":"de_DE","og_type":"article","og_title":"Kunststoffe f\u00fcr Mobilit\u00e4t und Transport","og_description":"Kunststoffe tragen dazu bei, Mobilit\u00e4tsl\u00f6sungen zu schaffen, die hohe Leistung, Sicherheit, und minimale Umweltbelastung vereinen.","og_url":"https:\/\/plasticseurope.org\/de\/nachhaltigkeit\/klima\/mobilitat\/","og_site_name":"Plastics Europe DE","article_modified_time":"2025-03-02T19:46:14+00:00","og_image":[{"width":1024,"height":576,"url":"https:\/\/plasticseurope.org\/de\/wp-content\/uploads\/sites\/3\/2023\/08\/gorodenkoff-21-1024x576.png","type":"image\/png"}],"twitter_card":"summary_large_image","twitter_title":"Kunststoffe f\u00fcr Mobilit\u00e4t und Transport","twitter_description":"Kunststoffe tragen dazu bei, Mobilit\u00e4tsl\u00f6sungen zu schaffen, die hohe Leistung, Sicherheit, und minimale Umweltbelastung vereinen.","twitter_image":"https:\/\/plasticseurope.org\/de\/wp-content\/uploads\/sites\/3\/2023\/08\/gorodenkoff-21.png","twitter_misc":{"Gesch\u00e4tzte Lesezeit":"2 Minuten"},"schema":{"@context":"https:\/\/schema.org","@graph":[{"@type":"WebPage","@id":"https:\/\/plasticseurope.org\/de\/nachhaltigkeit\/klima\/mobilitat\/","url":"https:\/\/plasticseurope.org\/de\/nachhaltigkeit\/klima\/mobilitat\/","name":"Kunststoffe f\u00fcr Mobilit\u00e4t und Transport","isPartOf":{"@id":"https:\/\/plasticseurope.org\/de\/#website"},"datePublished":"2023-08-16T08:28:57+00:00","dateModified":"2025-03-02T19:46:14+00:00","description":"Kunststoffe tragen dazu bei, Mobilit\u00e4tsl\u00f6sungen zu schaffen, die hohe Leistung, Sicherheit, und minimale Umweltbelastung vereinen.","breadcrumb":{"@id":"https:\/\/plasticseurope.org\/de\/nachhaltigkeit\/klima\/mobilitat\/#breadcrumb"},"inLanguage":"de-DE","potentialAction":[{"@type":"ReadAction","target":["https:\/\/plasticseurope.org\/de\/nachhaltigkeit\/klima\/mobilitat\/"]}]},{"@type":"BreadcrumbList","@id":"https:\/\/plasticseurope.org\/de\/nachhaltigkeit\/klima\/mobilitat\/#breadcrumb","itemListElement":[{"@type":"ListItem","position":1,"name":"Home","item":"https:\/\/plasticseurope.org\/de\/"},{"@type":"ListItem","position":2,"name":"Nachhaltigkeit","item":"https:\/\/plasticseurope.org\/de\/nachhaltigkeit\/"},{"@type":"ListItem","position":3,"name":"Klima","item":"https:\/\/plasticseurope.org\/de\/nachhaltigkeit\/klima\/"},{"@type":"ListItem","position":4,"name":"Kunststoffe f\u00fcr Mobilit\u00e4t und Transport"}]},{"@type":"WebSite","@id":"https:\/\/plasticseurope.org\/de\/#website","url":"https:\/\/plasticseurope.org\/de\/","name":"Plastics Europe DE","description":"Enabling a sustainable future","potentialAction":[{"@type":"SearchAction","target":{"@type":"EntryPoint","urlTemplate":"https:\/\/plasticseurope.org\/de\/?s={search_term_string}"},"query-input":"required name=search_term_string"}],"inLanguage":"de-DE"}]}},"_links":{"self":[{"href":"https:\/\/plasticseurope.org\/de\/wp-json\/wp\/v2\/pages\/3843","targetHints":{"allow":["GET"]}}],"collection":[{"href":"https:\/\/plasticseurope.org\/de\/wp-json\/wp\/v2\/pages"}],"about":[{"href":"https:\/\/plasticseurope.org\/de\/wp-json\/wp\/v2\/types\/page"}],"author":[{"embeddable":true,"href":"https:\/\/plasticseurope.org\/de\/wp-json\/wp\/v2\/users\/1"}],"replies":[{"embeddable":true,"href":"https:\/\/plasticseurope.org\/de\/wp-json\/wp\/v2\/comments?post=3843"}],"version-history":[{"count":0,"href":"https:\/\/plasticseurope.org\/de\/wp-json\/wp\/v2\/pages\/3843\/revisions"}],"up":[{"embeddable":true,"href":"https:\/\/plasticseurope.org\/de\/wp-json\/wp\/v2\/pages\/1181"}],"wp:featuredmedia":[{"embeddable":true,"href":"https:\/\/plasticseurope.org\/de\/wp-json\/wp\/v2\/media\/3853"}],"wp:attachment":[{"href":"https:\/\/plasticseurope.org\/de\/wp-json\/wp\/v2\/media?parent=3843"}],"curies":[{"name":"wp","href":"https:\/\/api.w.org\/{rel}","templated":true}]}}