{"id":3836,"date":"2023-08-16T07:38:46","date_gmt":"2023-08-16T07:38:46","guid":{"rendered":"https:\/\/plasticseurope.wpenginepowered.com\/de\/?page_id=3836"},"modified":"2025-03-02T19:46:32","modified_gmt":"2025-03-02T19:46:32","slug":"bauwirtschaft","status":"publish","type":"page","link":"https:\/\/plasticseurope.org\/de\/nachhaltigkeit\/klima\/bauwirtschaft\/","title":{"rendered":"Kunststoffe in der Bauwirtschaft"},"content":{"rendered":"\n<p>Kunststoffe werden in einem wachsenden Spektrum von Bau- und Konstruktionsanwendungen eingesetzt, darunter Isolierung, Rohrleitungen, Fensterrahmen und Innenarchitektur.<\/p>\n\n\n\n<div style=\"height:16px\" aria-hidden=\"true\" class=\"wp-block-spacer is-style-small\"><\/div>\n\n\n\n<p>Der Bausektor in Europa verbraucht jedes Jahr etwa 10 Millionen Tonnen Kunststoffe (20 % des gesamten europ\u00e4ischen Kunststoffverbrauchs) und ist damit nach der Verpackung der zweitgr\u00f6\u00dfte Verwendungszweck f\u00fcr Kunststoffe.&nbsp;So machen Kunststoffrohre mit weit \u00fcber 50 % der Jahrestonnage den Gro\u00dfteil aller Rohrneuinstallationen aus.&nbsp;Und dieser Anteil w\u00e4chst weiter.<\/p>\n\n\n\n<p>Obwohl Kunststoffe in Geb\u00e4uden nicht immer sichtbar sind, werden sie in einem breiten und wachsenden Anwendungsspektrum eingesetzt, darunter Isolierung, Rohrleitungen, Fensterrahmen und Innenarchitektur.&nbsp;Dieses Wachstum ist haupts\u00e4chlich auf die einzigartigen Eigenschaften von Kunststoffen zur\u00fcckzuf\u00fchren, darunter:<\/p>\n\n\n\n<div style=\"height:48px\" aria-hidden=\"true\" class=\"wp-block-spacer is-style-large\"><\/div>\n\n\n\n<div class=\"wp-block-media-text alignwide is-stacked-on-mobile\"><figure class=\"wp-block-media-text__media\"><img decoding=\"async\" src=\"https:\/\/plasticseurope.org\/wp-content\/uploads\/2021\/10\/5.3._durability_shutterstock_173253371.png\" alt=\"\" class=\"wp-image-1266 size-full\" \/><\/figure><div class=\"wp-block-media-text__content\">\n<h2 class=\"wp-block-heading has-text-align-left\" id=\"durability-and-resistance-to-corrosion\">Haltbarkeit und Korrosionsbest\u00e4ndigkeit<\/h2>\n\n\n\n<p>Die Haltbarkeit von Kunststoffen macht sie ideal f\u00fcr Anwendungen wie Fensterrahmen und Rohre.&nbsp;Dar\u00fcber hinaus verf\u00fcgen sie aufgrund ihrer Korrosionsschutzeigenschaften \u00fcber eine beeindruckende Lebensdauer, die bei Kunststoffrohren \u00fcber 100 Jahre und bei Erd- und Au\u00dfenkabeln 50 Jahre betr\u00e4gt.<\/p>\n<\/div><\/div>\n\n\n\n<div style=\"height:48px\" aria-hidden=\"true\" class=\"wp-block-spacer is-style-large\"><\/div>\n\n\n\n<div class=\"wp-block-media-text alignwide has-media-on-the-right is-stacked-on-mobile\"><div class=\"wp-block-media-text__content\">\n<h2 class=\"wp-block-heading\" id=\"insulation\">Isolierung<\/h2>\n\n\n\n<p>Kunststoffe isolieren effektiv vor K\u00e4lte und Hitze, verhindern Energieverluste und erm\u00f6glichen Haushalten, Energie zu sparen und gleichzeitig die L\u00e4rmbel\u00e4stigung zu reduzieren.<\/p>\n<\/div><figure class=\"wp-block-media-text__media\"><img decoding=\"async\" src=\"https:\/\/plasticseurope.org\/wp-content\/uploads\/2021\/10\/5.3._insulation_shutterstock_515908960.png\" alt=\"\" class=\"wp-image-1269 size-full\" \/><\/figure><\/div>\n\n\n\n<div style=\"height:48px\" aria-hidden=\"true\" class=\"wp-block-spacer is-style-large\"><\/div>\n\n\n\n<div class=\"wp-block-media-text alignwide is-stacked-on-mobile\"><figure class=\"wp-block-media-text__media\"><img decoding=\"async\" src=\"https:\/\/plasticseurope.org\/wp-content\/uploads\/2021\/10\/5.3._cost_efficiency_shutterstock_333425369.png\" alt=\"\" class=\"wp-image-1272 size-full\" \/><\/figure><div class=\"wp-block-media-text__content\">\n<h2 class=\"wp-block-heading\" id=\"cost-efficiency\">Kosteneffizienz<\/h2>\n\n\n\n<p>Kunststoffkomponenten kosten oft weniger als herk\u00f6mmliche Materialien in der Herstellung und Installation, selbst in ma\u00dfgeschneiderten Formen.<\/p>\n<\/div><\/div>\n\n\n\n<div style=\"height:48px\" aria-hidden=\"true\" class=\"wp-block-spacer is-style-large\"><\/div>\n\n\n\n<div class=\"wp-block-media-text alignwide has-media-on-the-right is-stacked-on-mobile\"><div class=\"wp-block-media-text__content\">\n<h2 class=\"wp-block-heading\" id=\"hygiene\"> Hygiene <\/h2>\n\n\n\n<p>Kunststoffrohre sind ideal f\u00fcr den sicheren und hygienischen Transport von Wasser.&nbsp;Auch f\u00fcr hygienische Oberfl\u00e4chen und Bodenbel\u00e4ge im Haushalt sind Kunststoffe die ideale Wahl, da sie leicht zu reinigen und undurchl\u00e4ssig sind.<\/p>\n<\/div><figure class=\"wp-block-media-text__media\"><img decoding=\"async\" src=\"https:\/\/plasticseurope.org\/wp-content\/uploads\/2021\/10\/5.3._hygiene_shutterstock_419219410.png\" alt=\"\" class=\"wp-image-1273 size-full\" \/><\/figure><\/div>\n\n\n\n<div style=\"height:48px\" aria-hidden=\"true\" class=\"wp-block-spacer is-style-large\"><\/div>\n\n\n\n<div class=\"wp-block-media-text alignwide is-stacked-on-mobile\"><figure class=\"wp-block-media-text__media\"><img decoding=\"async\" src=\"https:\/\/plasticseurope.org\/wp-content\/uploads\/2021\/10\/5.3._sustainability_shutterstock_139019270.png\" alt=\"\" class=\"wp-image-1274 size-full\" \/><\/figure><div class=\"wp-block-media-text__content\">\n<h2 class=\"wp-block-heading\" id=\"sustainability\"> Nachhaltigkeit<\/h2>\n\n\n\n<p>Kunststoffe schonen Ressourcen durch ihre kosteng\u00fcnstige Herstellung, einfache Montage und Langlebigkeit.&nbsp;Sch\u00e4tzungen zufolge amortisiert sich in einem typischen Haus die Energiemenge, die f\u00fcr die Herstellung seiner Kunststoffd\u00e4mmprodukte aufgewendet wird, bereits nach einem Jahr der Nutzung.&nbsp;Dar\u00fcber hinaus k\u00f6nnen diese Kunststoffe wiederverwendet, recycelt oder in Energie umgewandelt werden.<\/p>\n<\/div><\/div>\n\n\n\n<div style=\"height:48px\" aria-hidden=\"true\" class=\"wp-block-spacer is-style-large\"><\/div>\n\n\n\n<div class=\"wp-block-media-text alignwide has-media-on-the-right is-stacked-on-mobile\"><div class=\"wp-block-media-text__content\">\n<h2 class=\"wp-block-heading\" id=\"innovation\"> Innovation <\/h2>\n\n\n\n<p>Kunststoffe inspirieren Architekten dazu, Geb\u00e4ude mit innovativen Designs, Merkmalen und Abmessungen zu schaffen.&nbsp;Dar\u00fcber hinaus tr\u00e4gt die hohe Innovationsgeschwindigkeit bei Kunststoffen dazu bei, die Kosten kontinuierlich zu senken und die Effizienz von Geb\u00e4uden zu steigern.<\/p>\n<\/div><figure class=\"wp-block-media-text__media\"><img decoding=\"async\" src=\"https:\/\/plasticseurope.org\/wp-content\/uploads\/2021\/10\/5.3._innovation_shutterstock_260202455.png\" alt=\"\" class=\"wp-image-1275 size-full\" \/><\/figure><\/div>\n\n\n\n<div style=\"height:48px\" aria-hidden=\"true\" class=\"wp-block-spacer is-style-large\"><\/div>\n\n\n\n<div class=\"wp-block-media-text alignwide is-stacked-on-mobile\"><figure class=\"wp-block-media-text__media\"><img decoding=\"async\" src=\"https:\/\/plasticseurope.org\/wp-content\/uploads\/2021\/10\/5.3._install_pipe_shutterstock_159806822.png\" alt=\"\" class=\"wp-image-1277 size-full\" \/><\/figure><div class=\"wp-block-media-text__content\">\n<h2 class=\"wp-block-heading\" id=\"easy-to-install-use-and-maintain\">Einfach zu installieren, zu verwenden und zu warten<\/h2>\n\n\n\n<p>Dank ihres geringen Gewichts sind Kunststoffe einfach zu installieren, zu bedienen und zu warten.&nbsp;Tats\u00e4chlich kann auf eine Wartung oft verzichtet werden.&nbsp;Dar\u00fcber hinaus erm\u00f6glicht die Flexibilit\u00e4t von Kunststoffen, dass Kunststoffrohre Bodenbewegungen bew\u00e4ltigen k\u00f6nnen.<\/p>\n<\/div><\/div>\n\n\n\n<div style=\"height:48px\" aria-hidden=\"true\" class=\"wp-block-spacer is-style-large\"><\/div>\n\n\n\n<div class=\"wp-block-media-text alignwide has-media-on-the-right is-stacked-on-mobile\"><div class=\"wp-block-media-text__content\">\n<h2 class=\"wp-block-heading\" id=\"fire-safety\">Brandschutz<\/h2>\n\n\n\n<p>Viele Kunststoffprodukte im Bauwesen werden wegen ihrer Feuerbest\u00e4ndigkeit gesch\u00e4tzt.&nbsp;Rauchmelder, Alarme und automatisierte Feuerl\u00f6schsysteme bestehen gr\u00f6\u00dftenteils aus Kunststoffen und der Erfolg von PVC, dem f\u00fchrenden Polymer in der Branche, ist gr\u00f6\u00dftenteils auf seine inh\u00e4renten Brandschutzeigenschaften zur\u00fcckzuf\u00fchren.&nbsp;Dar\u00fcber hinaus wird erwartet, dass der Fire Safety Engineering-Ansatz \u2013 der das Brandverhalten eines Produkts in verschiedenen Szenarien in einer definierten Umgebung bewertet \u2013 in Vorschriften eingef\u00fchrt wird, was die weitere Verwendung von Kunststoffen zur Verbesserung des Brandschutzes anregen wird.<\/p>\n<\/div><figure class=\"wp-block-media-text__media\"><img decoding=\"async\" src=\"https:\/\/plasticseurope.org\/wp-content\/uploads\/2021\/10\/5.3._fire_safety_shutterstock_605183207.png\" alt=\"\" class=\"wp-image-1280 size-full\" \/><\/figure><\/div>\n\n\n\n<div style=\"height:48px\" aria-hidden=\"true\" class=\"wp-block-spacer is-style-large\"><\/div>\n\n\n\n<p><strong>\u00dcbersicht \u00fcber Kunststoffabf\u00e4lle aus dem Baugewerbe nach Polymer sowie nach Recycling, Energier\u00fcckgewinnung und Entsorgung<\/strong><\/p>\n\n\n\n<div style=\"height:48px\" aria-hidden=\"true\" class=\"wp-block-spacer is-style-small\"><\/div>\n\n\n\n<figure class=\"wp-block-image alignwide size-full\"><img decoding=\"async\" src=\"https:\/\/plasticseurope.org\/wp-content\/uploads\/2021\/10\/BC_table.png\" alt=\"\" class=\"wp-image-1293\" \/><figcaption class=\"wp-element-caption\">Die in der Tabelle angezeigten Zahlen beziehen sich auf das Jahr 2018. Im Jahr 2018 betrug das gesamte Kunststoffabfallaufkommen im Baugewerbe 1.760 kt.&nbsp;<br>Das mechanische Recycling betrug 26 % und die energetische Verwertung 47,5 %, was einer Gesamtverwertungsrate von 73,5 % entspricht.<br><br><br><\/figcaption><\/figure>\n\n\n\n<div class=\"wp-block-file\"><a id=\"wp-block-file--media-9e3847b8-cc7a-446c-85ff-9dbbf6b1da7e\" href=\"https:\/\/plasticseurope.org\/wp-content\/uploads\/2021\/10\/BuildingConstruction_plasticseurope_report_23012017.pdf\">Building and construction Plastics Europe report 2014<\/a><a href=\"https:\/\/plasticseurope.org\/wp-content\/uploads\/2021\/10\/BuildingConstruction_plasticseurope_report_23012017.pdf\" class=\"wp-block-file__button wp-element-button\" download aria-describedby=\"wp-block-file--media-9e3847b8-cc7a-446c-85ff-9dbbf6b1da7e\">Download<\/a><\/div>\n\n\n\n<div style=\"height:48px\" aria-hidden=\"true\" class=\"wp-block-spacer\"><\/div>\n\n\n\n<h3 class=\"wp-block-heading\" id=\"publications\">Ver\u00f6ffentlichungen<br><\/h3>\n\n\n\n<p><strong>Kunststoffe \u2013 Architekten moderner und nachhaltiger Geb\u00e4ude<\/strong><\/p>\n\n\n\n<div class=\"wp-block-file\"><a id=\"wp-block-file--media-62ab6c84-fb95-4e36-a101-9b2a013c09bb\" href=\"https:\/\/plasticseurope.org\/wp-content\/uploads\/2021\/10\/Final_BC_brochure_111212_web_version_UPD2018.pdf\">Final building and construction brochure 2018<\/a><a href=\"https:\/\/plasticseurope.org\/wp-content\/uploads\/2021\/10\/Final_BC_brochure_111212_web_version_UPD2018.pdf\" class=\"wp-block-file__button wp-element-button\" download aria-describedby=\"wp-block-file--media-62ab6c84-fb95-4e36-a101-9b2a013c09bb\">Download<\/a><\/div>\n\n\n\n<div class=\"wp-block-file\"><a id=\"wp-block-file--media-a37d48d9-1aed-4f06-9556-911d5a30c09a\" href=\"https:\/\/plasticseurope.org\/wp-content\/uploads\/2021\/10\/bc_flyer111212.pdf\">Building and construction flyer<\/a><a href=\"https:\/\/plasticseurope.org\/wp-content\/uploads\/2021\/10\/bc_flyer111212.pdf\" class=\"wp-block-file__button wp-element-button\" download aria-describedby=\"wp-block-file--media-a37d48d9-1aed-4f06-9556-911d5a30c09a\">Download<\/a><\/div>\n\n\n\n<div style=\"height:16px\" aria-hidden=\"true\" class=\"wp-block-spacer\"><\/div>\n\n\n\n<p><strong>Kunststoffisolierung \u2013 eine nachhaltige L\u00f6sung<\/strong><\/p>\n\n\n\n<div class=\"wp-block-file\"><a id=\"wp-block-file--media-5c3f4886-5c9a-40c0-868e-c9befeec5c7e\" href=\"https:\/\/plasticseurope.org\/wp-content\/uploads\/2021\/10\/brochureinsulationdec10.pdf\">Insulation Brochure<\/a><a href=\"https:\/\/plasticseurope.org\/wp-content\/uploads\/2021\/10\/brochureinsulationdec10.pdf\" class=\"wp-block-file__button wp-element-button\" download aria-describedby=\"wp-block-file--media-5c3f4886-5c9a-40c0-868e-c9befeec5c7e\">Download<\/a><\/div>\n\n\n\n<div style=\"height:48px\" aria-hidden=\"true\" class=\"wp-block-spacer\"><\/div>\n\n\n\n<h3 class=\"wp-block-heading\" id=\"presentation\">Pr\u00e4sentation<\/h3>\n\n\n\n<h4 class=\"wp-block-heading\" id=\"a-european-multi-criteria-evaluation-and-a-european-multi-criteria-evaluation-and-comparison-of-insulation-materials\">Eine europ\u00e4ische Multi-Kriterien-Bewertung und eine europ\u00e4ische Multi-Kriterien-Bewertung und ein Vergleich von D\u00e4mmstoffen.<\/h4>\n\n\n\n<p>Eine Pr\u00e4sentation von Stephen Long, Ineos Styrenics International SA, Vorsitzender der Plastics Europe Working Group f\u00fcr Bauwesen und Konstruktion.<\/p>\n\n\n\n<div class=\"wp-block-file\"><a href=\"https:\/\/plasticseurope.org\/wp-content\/uploads\/2022\/01\/multi_criteria_insulation_study_-_stephen_long.ppt\" class=\"wp-block-file__button wp-element-button\" download>Download<\/a><\/div>\n\n\n\n<div id=\"explore-block_f2038d48253aed1e4822888544f2bc7d\" class=\"explore-further\">\n  <div class=\"flex flex-col bg-mist-900 rounded-md mt-8 md:mt-28 md:w-1\/2 md:mr-auto\">\n    <div class=\"flex-1 relative p-6 md:px-10 md:py-8\">\n      <div class=\"absolute top-0 left-0 p-5 inline-block transform -translate-x-1\/2 -translate-y-1\/2\">\n      <\/div>\n      \n\n<h3 class=\"wp-block-heading\" id=\"explore-further\">Weiterlesen<\/h3>\n\n\n\n<p><a href=\"http:\/\/www.modernbuildingalliance.eu\/\" target=\"_blank\" rel=\"noreferrer noopener\">Modern Building Alliance<\/a><\/p>\n\n\n\n<p><a href=\"http:\/\/www.renovate-europe.eu\/renovate-europe-campaign\" target=\"_blank\" rel=\"noreferrer noopener\">Renovate Europe<\/a><\/p>\n\n\n    <\/div>\n  <\/div>\n<\/div>\n","protected":false},"excerpt":{"rendered":"<p>Kunststoffe werden in einem wachsenden Spektrum von Bau- und Konstruktionsanwendungen eingesetzt, darunter Isolierung, Rohrleitungen, Fensterrahmen und Innenarchitektur. Der Bausektor in Europa verbraucht jedes Jahr etwa 10 Millionen Tonnen Kunststoffe (20 % des gesamten europ\u00e4ischen Kunststoffverbrauchs) und ist damit nach der Verpackung der zweitgr\u00f6\u00dfte Verwendungszweck f\u00fcr Kunststoffe.&nbsp;So machen Kunststoffrohre mit weit \u00fcber 50 % der Jahrestonnage [&hellip;]<\/p>\n","protected":false},"author":1,"featured_media":1133,"parent":1181,"menu_order":0,"comment_status":"closed","ping_status":"closed","template":"","meta":{"footnotes":""},"class_list":["post-3836","page","type-page","status-publish","has-post-thumbnail","hentry"],"acf":[],"yoast_head":"<!-- This site is optimized with the Yoast SEO plugin v21.6 - https:\/\/yoast.com\/wordpress\/plugins\/seo\/ -->\n<title>Kunststoffe in der Bauwirtschaft<\/title>\n<meta name=\"description\" content=\"Kunststoffe werden in der Bauwirtschaft eingesetzt, f\u00fcr Isolierung, Rohrleitungen, Fensterrahmen und Innenarchitektur.\" \/>\n<meta name=\"robots\" content=\"index, follow, max-snippet:-1, max-image-preview:large, max-video-preview:-1\" \/>\n<link rel=\"canonical\" href=\"https:\/\/plasticseurope.org\/de\/nachhaltigkeit\/klima\/bauwirtschaft\/\" \/>\n<meta property=\"og:locale\" content=\"de_DE\" \/>\n<meta property=\"og:type\" content=\"article\" \/>\n<meta property=\"og:title\" content=\"Kunststoffe in der Bauwirtschaft\" \/>\n<meta property=\"og:description\" content=\"Kunststoffe werden in der Bauwirtschaft eingesetzt, f\u00fcr Isolierung, Rohrleitungen, Fensterrahmen und Innenarchitektur.\" \/>\n<meta property=\"og:url\" content=\"https:\/\/plasticseurope.org\/de\/nachhaltigkeit\/klima\/bauwirtschaft\/\" \/>\n<meta property=\"og:site_name\" content=\"Plastics Europe DE\" \/>\n<meta property=\"article:modified_time\" content=\"2025-03-02T19:46:32+00:00\" \/>\n<meta property=\"og:image\" content=\"https:\/\/plasticseurope.org\/de\/wp-content\/uploads\/sites\/3\/2022\/02\/shutterstock_1673297074-PolymersGranule-scaled.jpg\" \/>\n\t<meta property=\"og:image:width\" content=\"2560\" \/>\n\t<meta property=\"og:image:height\" content=\"1707\" \/>\n\t<meta property=\"og:image:type\" content=\"image\/jpeg\" \/>\n<meta name=\"twitter:card\" content=\"summary_large_image\" \/>\n<meta name=\"twitter:title\" content=\"Kunststoffe in der Bauwirtschaft\" \/>\n<meta name=\"twitter:description\" content=\"Kunststoffe werden in der Bauwirtschaft eingesetzt, f\u00fcr Isolierung, Rohrleitungen, Fensterrahmen und Innenarchitektur.\" \/>\n<meta name=\"twitter:image\" content=\"https:\/\/plasticseurope.org\/de\/wp-content\/uploads\/sites\/3\/2022\/02\/shutterstock_1673297074-PolymersGranule-scaled.jpg\" \/>\n<meta name=\"twitter:label1\" content=\"Gesch\u00e4tzte Lesezeit\" \/>\n\t<meta name=\"twitter:data1\" content=\"5 Minuten\" \/>\n<script type=\"application\/ld+json\" class=\"yoast-schema-graph\">{\"@context\":\"https:\/\/schema.org\",\"@graph\":[{\"@type\":\"WebPage\",\"@id\":\"https:\/\/plasticseurope.org\/de\/nachhaltigkeit\/klima\/bauwirtschaft\/\",\"url\":\"https:\/\/plasticseurope.org\/de\/nachhaltigkeit\/klima\/bauwirtschaft\/\",\"name\":\"Kunststoffe in der Bauwirtschaft\",\"isPartOf\":{\"@id\":\"https:\/\/plasticseurope.org\/de\/#website\"},\"datePublished\":\"2023-08-16T07:38:46+00:00\",\"dateModified\":\"2025-03-02T19:46:32+00:00\",\"description\":\"Kunststoffe werden in der Bauwirtschaft eingesetzt, f\u00fcr Isolierung, Rohrleitungen, Fensterrahmen und Innenarchitektur.\",\"breadcrumb\":{\"@id\":\"https:\/\/plasticseurope.org\/de\/nachhaltigkeit\/klima\/bauwirtschaft\/#breadcrumb\"},\"inLanguage\":\"de-DE\",\"potentialAction\":[{\"@type\":\"ReadAction\",\"target\":[\"https:\/\/plasticseurope.org\/de\/nachhaltigkeit\/klima\/bauwirtschaft\/\"]}]},{\"@type\":\"BreadcrumbList\",\"@id\":\"https:\/\/plasticseurope.org\/de\/nachhaltigkeit\/klima\/bauwirtschaft\/#breadcrumb\",\"itemListElement\":[{\"@type\":\"ListItem\",\"position\":1,\"name\":\"Home\",\"item\":\"https:\/\/plasticseurope.org\/de\/\"},{\"@type\":\"ListItem\",\"position\":2,\"name\":\"Nachhaltigkeit\",\"item\":\"https:\/\/plasticseurope.org\/de\/nachhaltigkeit\/\"},{\"@type\":\"ListItem\",\"position\":3,\"name\":\"Klima\",\"item\":\"https:\/\/plasticseurope.org\/de\/nachhaltigkeit\/klima\/\"},{\"@type\":\"ListItem\",\"position\":4,\"name\":\"Kunststoffe in der Bauwirtschaft\"}]},{\"@type\":\"WebSite\",\"@id\":\"https:\/\/plasticseurope.org\/de\/#website\",\"url\":\"https:\/\/plasticseurope.org\/de\/\",\"name\":\"Plastics Europe DE\",\"description\":\"Enabling a sustainable future\",\"potentialAction\":[{\"@type\":\"SearchAction\",\"target\":{\"@type\":\"EntryPoint\",\"urlTemplate\":\"https:\/\/plasticseurope.org\/de\/?s={search_term_string}\"},\"query-input\":\"required name=search_term_string\"}],\"inLanguage\":\"de-DE\"}]}<\/script>\n<!-- \/ Yoast SEO plugin. -->","yoast_head_json":{"title":"Kunststoffe in der Bauwirtschaft","description":"Kunststoffe werden in der Bauwirtschaft eingesetzt, f\u00fcr Isolierung, Rohrleitungen, Fensterrahmen und Innenarchitektur.","robots":{"index":"index","follow":"follow","max-snippet":"max-snippet:-1","max-image-preview":"max-image-preview:large","max-video-preview":"max-video-preview:-1"},"canonical":"https:\/\/plasticseurope.org\/de\/nachhaltigkeit\/klima\/bauwirtschaft\/","og_locale":"de_DE","og_type":"article","og_title":"Kunststoffe in der Bauwirtschaft","og_description":"Kunststoffe werden in der Bauwirtschaft eingesetzt, f\u00fcr Isolierung, Rohrleitungen, Fensterrahmen und Innenarchitektur.","og_url":"https:\/\/plasticseurope.org\/de\/nachhaltigkeit\/klima\/bauwirtschaft\/","og_site_name":"Plastics Europe DE","article_modified_time":"2025-03-02T19:46:32+00:00","og_image":[{"width":2560,"height":1707,"url":"https:\/\/plasticseurope.org\/de\/wp-content\/uploads\/sites\/3\/2022\/02\/shutterstock_1673297074-PolymersGranule-scaled.jpg","type":"image\/jpeg"}],"twitter_card":"summary_large_image","twitter_title":"Kunststoffe in der Bauwirtschaft","twitter_description":"Kunststoffe werden in der Bauwirtschaft eingesetzt, f\u00fcr Isolierung, Rohrleitungen, Fensterrahmen und Innenarchitektur.","twitter_image":"https:\/\/plasticseurope.org\/de\/wp-content\/uploads\/sites\/3\/2022\/02\/shutterstock_1673297074-PolymersGranule-scaled.jpg","twitter_misc":{"Gesch\u00e4tzte Lesezeit":"5 Minuten"},"schema":{"@context":"https:\/\/schema.org","@graph":[{"@type":"WebPage","@id":"https:\/\/plasticseurope.org\/de\/nachhaltigkeit\/klima\/bauwirtschaft\/","url":"https:\/\/plasticseurope.org\/de\/nachhaltigkeit\/klima\/bauwirtschaft\/","name":"Kunststoffe in der Bauwirtschaft","isPartOf":{"@id":"https:\/\/plasticseurope.org\/de\/#website"},"datePublished":"2023-08-16T07:38:46+00:00","dateModified":"2025-03-02T19:46:32+00:00","description":"Kunststoffe werden in der Bauwirtschaft eingesetzt, f\u00fcr Isolierung, Rohrleitungen, Fensterrahmen und Innenarchitektur.","breadcrumb":{"@id":"https:\/\/plasticseurope.org\/de\/nachhaltigkeit\/klima\/bauwirtschaft\/#breadcrumb"},"inLanguage":"de-DE","potentialAction":[{"@type":"ReadAction","target":["https:\/\/plasticseurope.org\/de\/nachhaltigkeit\/klima\/bauwirtschaft\/"]}]},{"@type":"BreadcrumbList","@id":"https:\/\/plasticseurope.org\/de\/nachhaltigkeit\/klima\/bauwirtschaft\/#breadcrumb","itemListElement":[{"@type":"ListItem","position":1,"name":"Home","item":"https:\/\/plasticseurope.org\/de\/"},{"@type":"ListItem","position":2,"name":"Nachhaltigkeit","item":"https:\/\/plasticseurope.org\/de\/nachhaltigkeit\/"},{"@type":"ListItem","position":3,"name":"Klima","item":"https:\/\/plasticseurope.org\/de\/nachhaltigkeit\/klima\/"},{"@type":"ListItem","position":4,"name":"Kunststoffe in der Bauwirtschaft"}]},{"@type":"WebSite","@id":"https:\/\/plasticseurope.org\/de\/#website","url":"https:\/\/plasticseurope.org\/de\/","name":"Plastics Europe DE","description":"Enabling a sustainable future","potentialAction":[{"@type":"SearchAction","target":{"@type":"EntryPoint","urlTemplate":"https:\/\/plasticseurope.org\/de\/?s={search_term_string}"},"query-input":"required name=search_term_string"}],"inLanguage":"de-DE"}]}},"_links":{"self":[{"href":"https:\/\/plasticseurope.org\/de\/wp-json\/wp\/v2\/pages\/3836","targetHints":{"allow":["GET"]}}],"collection":[{"href":"https:\/\/plasticseurope.org\/de\/wp-json\/wp\/v2\/pages"}],"about":[{"href":"https:\/\/plasticseurope.org\/de\/wp-json\/wp\/v2\/types\/page"}],"author":[{"embeddable":true,"href":"https:\/\/plasticseurope.org\/de\/wp-json\/wp\/v2\/users\/1"}],"replies":[{"embeddable":true,"href":"https:\/\/plasticseurope.org\/de\/wp-json\/wp\/v2\/comments?post=3836"}],"version-history":[{"count":0,"href":"https:\/\/plasticseurope.org\/de\/wp-json\/wp\/v2\/pages\/3836\/revisions"}],"up":[{"embeddable":true,"href":"https:\/\/plasticseurope.org\/de\/wp-json\/wp\/v2\/pages\/1181"}],"wp:featuredmedia":[{"embeddable":true,"href":"https:\/\/plasticseurope.org\/de\/wp-json\/wp\/v2\/media\/1133"}],"wp:attachment":[{"href":"https:\/\/plasticseurope.org\/de\/wp-json\/wp\/v2\/media?parent=3836"}],"curies":[{"name":"wp","href":"https:\/\/api.w.org\/{rel}","templated":true}]}}