{"id":3805,"date":"2023-08-15T09:24:06","date_gmt":"2023-08-15T09:24:06","guid":{"rendered":"https:\/\/plasticseurope.wpenginepowered.com\/de\/?page_id=3805"},"modified":"2025-03-02T19:50:43","modified_gmt":"2025-03-02T19:50:43","slug":"biokunststoffe","status":"publish","type":"page","link":"https:\/\/plasticseurope.org\/de\/nachhaltigkeit\/nachhaltige-kunststoffproduktion\/biokunststoffe\/","title":{"rendered":"Nachwachsende Rohstoffe (Biokunststoffe)"},"content":{"rendered":"\n<h2 class=\"wp-block-heading\">Kunststoffe aus nachwachsenden Rohstoffen<\/h2>\n\n\n\n<p>Zu den Kunststoffen aus erneuerbaren Ressourcen z\u00e4hlen biobasierte Kunststoffe und nachwachsende Rohstoffe.&nbsp;Biobasierte Kunststoffe werden teilweise oder vollst\u00e4ndig aus nachwachsenden biologischen Ressourcen hergestellt, w\u00e4hrend bei nachwachsenden Rohstoffen zugeschriebenen Kunststoffen solche Kunststoffe gelten, bei denen die Verwendung nachwachsender Rohstoffe durch einen vollst\u00e4ndig transparenten und von Dritten \u00fcberpr\u00fcfbaren Massenbilanzansatz zugeschrieben wurde.<\/p>\n\n\n\n<div style=\"height:48px\" aria-hidden=\"true\" class=\"wp-block-spacer is-style-medium\"><\/div>\n\n\n\n<h3 class=\"wp-block-heading\">Biobasierte Kunststoffe k\u00f6nnen sein:<\/h3>\n\n\n\n<div class=\"wp-block-columns is-layout-flex wp-container-core-columns-is-layout-28f84493 wp-block-columns-is-layout-flex\">\n<div class=\"wp-block-column is-layout-flow wp-block-column-is-layout-flow\">\n<div class=\"wp-block-group bg-mist-900 p-8 rounded-md is-layout-flow wp-block-group-is-layout-flow\">\n<p>Herk\u00f6mmliche, nicht biologisch abbaubare Polymere, deren Monomere aus Biomasse hergestellt wurden, wie beispielsweise Polyethylen, das aus aus Zuckerrohr gewonnenem Ethylen hergestellt wird, oder Polyamid, das aus Rizinus\u00f6l hergestellt wird.<\/p>\n<\/div>\n<\/div>\n\n\n\n<div class=\"wp-block-column is-layout-flow wp-block-column-is-layout-flow\">\n<div class=\"wp-block-group bg-mist-900 p-8 rounded-md is-layout-flow wp-block-group-is-layout-flow\">\n<p>Spezielle biologisch abbaubare Polymere, die sich unter Einwirkung von Mikroorganismen zersetzen k\u00f6nnen.&nbsp;Beispiele f\u00fcr Polymere sind solche aus St\u00e4rke, Zuckerrohr usw., darunter Polymilchs\u00e4ure (PLA) oder Polyhydroxyalkanoate (PHAs).<\/p>\n<\/div>\n<\/div>\n<\/div>\n\n\n\n<div style=\"height:48px\" aria-hidden=\"true\" class=\"wp-block-spacer\"><\/div>\n\n\n\n<figure class=\"wp-block-image size-full\"><img decoding=\"async\" src=\"https:\/\/plasticseurope.org\/wp-content\/uploads\/2021\/10\/Screenshot-2021-10-20-at-23.37.43.png\" alt=\"\" class=\"wp-image-2796\" \/><figcaption class=\"wp-element-caption\">Source: european-bioplastics.org<\/figcaption><\/figure>\n\n\n\n<div style=\"height:48px\" aria-hidden=\"true\" class=\"wp-block-spacer is-style-small\"><\/div>\n\n\n\n<p>Kunststoffe aus nachhaltig gewonnenen, erneuerbaren Ressourcen k\u00f6nnen zu einer effizienten Ressourcennutzung beitragen, indem sie das Wirtschaftswachstum vom Verbrauch endlicher Ressourcen entkoppeln.&nbsp;Dar\u00fcber hinaus kann es zur Reduzierung der gesamten Treibhausgasemissionen beitragen, da erneuerbare Ressourcen in der Lage sind, CO2 aus der Atmosph\u00e4re zu binden und es w\u00e4hrend des gesamten Produktlebenszyklus, einschlie\u00dflich des Lebensendes, zu speichern und so den CO2-Fu\u00dfabdruck des Endprodukts zu verringern.&nbsp;<\/p>\n\n\n\n<div style=\"height:100px\" aria-hidden=\"true\" class=\"wp-block-spacer\"><\/div>\n\n\n\n<h3 class=\"wp-block-heading\">Weiterf\u00fchrende Literatur<\/h3>\n\n\n\n<p><a href=\"https:\/\/docs.european-bioplastics.org\/publications\/fs\/EuBP_FS_What_are_bioplastics.pdf\" target=\"_blank\" rel=\"noreferrer noopener\">Was sind Biokunststoffe?<br><\/a><a href=\"https:\/\/www.european-bioplastics.org\/\" target=\"_blank\" rel=\"noreferrer noopener\">www.european-bioplastics.org<br><\/a><a href=\"https:\/\/plasticseurope.org\/knowledge-hub\/mass-balance-approach-to-accelerate-the-use-of-renewable-feedstocks-in-chemical-processes\/\" target=\"_blank\" rel=\"noreferrer noopener\">Massenbilanzansatz zur Beschleunigung des Einsatzes nachwachsender Rohstoffe in chemischen Prozessen (Januar 2020)<\/a><\/p>\n\n\n\n<div style=\"height:48px\" aria-hidden=\"true\" class=\"wp-block-spacer\"><\/div>\n\n\n\n<div class=\"wp-block-file\"><a id=\"wp-block-file--media-bc89e9f5-e4b3-4402-8ecd-50f122d4569e\" href=\"https:\/\/plasticseurope.org\/wp-content\/uploads\/2021\/10\/EuBP_FS_What_are_bioplastics.pdf\">What are bioplastics<\/a><a href=\"https:\/\/plasticseurope.org\/wp-content\/uploads\/2021\/10\/EuBP_FS_What_are_bioplastics.pdf\" class=\"wp-block-file__button wp-element-button\" download aria-describedby=\"wp-block-file--media-bc89e9f5-e4b3-4402-8ecd-50f122d4569e\">Download PDF<\/a><\/div>\n","protected":false},"excerpt":{"rendered":"<p>Kunststoffe aus nachwachsenden Rohstoffen Zu den Kunststoffen aus erneuerbaren Ressourcen z\u00e4hlen biobasierte Kunststoffe und nachwachsende Rohstoffe.&nbsp;Biobasierte Kunststoffe werden teilweise oder vollst\u00e4ndig aus nachwachsenden biologischen Ressourcen hergestellt, w\u00e4hrend bei nachwachsenden Rohstoffen zugeschriebenen Kunststoffen solche Kunststoffe gelten, bei denen die Verwendung nachwachsender Rohstoffe durch einen vollst\u00e4ndig transparenten und von Dritten \u00fcberpr\u00fcfbaren Massenbilanzansatz zugeschrieben wurde. Biobasierte Kunststoffe k\u00f6nnen [&hellip;]<\/p>\n","protected":false},"author":1,"featured_media":1090,"parent":3809,"menu_order":0,"comment_status":"closed","ping_status":"closed","template":"","meta":{"footnotes":""},"class_list":["post-3805","page","type-page","status-publish","has-post-thumbnail","hentry"],"acf":[],"yoast_head":"<!-- This site is optimized with the Yoast SEO plugin v21.6 - https:\/\/yoast.com\/wordpress\/plugins\/seo\/ -->\n<title>Kunststoffe aus nachwachsenden Rohstoffen<\/title>\n<meta name=\"description\" content=\"Kunststoffe aus nachhaltig gewonnenen, erneuerbaren Ressourcen k\u00f6nnen zu einer effizienten Ressourcennutzung beitragen.\" \/>\n<meta name=\"robots\" content=\"index, follow, max-snippet:-1, max-image-preview:large, max-video-preview:-1\" \/>\n<link rel=\"canonical\" href=\"https:\/\/plasticseurope.org\/de\/nachhaltigkeit\/nachhaltige-kunststoffproduktion\/biokunststoffe\/\" \/>\n<meta property=\"og:locale\" content=\"de_DE\" \/>\n<meta property=\"og:type\" content=\"article\" \/>\n<meta property=\"og:title\" content=\"Kunststoffe aus nachwachsenden Rohstoffen\" \/>\n<meta property=\"og:description\" content=\"Kunststoffe aus nachhaltig gewonnenen, erneuerbaren Ressourcen k\u00f6nnen zu einer effizienten Ressourcennutzung beitragen.\" \/>\n<meta property=\"og:url\" content=\"https:\/\/plasticseurope.org\/de\/nachhaltigkeit\/nachhaltige-kunststoffproduktion\/biokunststoffe\/\" \/>\n<meta property=\"og:site_name\" content=\"Plastics Europe DE\" \/>\n<meta property=\"article:modified_time\" content=\"2025-03-02T19:50:43+00:00\" \/>\n<meta property=\"og:image\" content=\"https:\/\/plasticseurope.org\/de\/wp-content\/uploads\/sites\/3\/2022\/02\/sustainability-plant-scaled.jpg\" \/>\n\t<meta property=\"og:image:width\" content=\"2560\" \/>\n\t<meta property=\"og:image:height\" content=\"1715\" \/>\n\t<meta property=\"og:image:type\" content=\"image\/jpeg\" \/>\n<meta name=\"twitter:card\" content=\"summary_large_image\" \/>\n<meta name=\"twitter:title\" content=\"Kunststoffe aus nachwachsenden Rohstoffen\" \/>\n<meta name=\"twitter:description\" content=\"Kunststoffe aus nachhaltig gewonnenen, erneuerbaren Ressourcen k\u00f6nnen zu einer effizienten Ressourcennutzung beitragen.\" \/>\n<meta name=\"twitter:image\" content=\"https:\/\/plasticseurope.org\/de\/wp-content\/uploads\/sites\/3\/2022\/02\/sustainability-plant-scaled.jpg\" \/>\n<meta name=\"twitter:label1\" content=\"Gesch\u00e4tzte Lesezeit\" \/>\n\t<meta name=\"twitter:data1\" content=\"2 Minuten\" \/>\n<script type=\"application\/ld+json\" class=\"yoast-schema-graph\">{\"@context\":\"https:\/\/schema.org\",\"@graph\":[{\"@type\":\"WebPage\",\"@id\":\"https:\/\/plasticseurope.org\/de\/nachhaltigkeit\/nachhaltige-kunststoffproduktion\/biokunststoffe\/\",\"url\":\"https:\/\/plasticseurope.org\/de\/nachhaltigkeit\/nachhaltige-kunststoffproduktion\/biokunststoffe\/\",\"name\":\"Kunststoffe aus nachwachsenden Rohstoffen\",\"isPartOf\":{\"@id\":\"https:\/\/plasticseurope.org\/de\/#website\"},\"datePublished\":\"2023-08-15T09:24:06+00:00\",\"dateModified\":\"2025-03-02T19:50:43+00:00\",\"description\":\"Kunststoffe aus nachhaltig gewonnenen, erneuerbaren Ressourcen k\u00f6nnen zu einer effizienten Ressourcennutzung beitragen.\",\"breadcrumb\":{\"@id\":\"https:\/\/plasticseurope.org\/de\/nachhaltigkeit\/nachhaltige-kunststoffproduktion\/biokunststoffe\/#breadcrumb\"},\"inLanguage\":\"de-DE\",\"potentialAction\":[{\"@type\":\"ReadAction\",\"target\":[\"https:\/\/plasticseurope.org\/de\/nachhaltigkeit\/nachhaltige-kunststoffproduktion\/biokunststoffe\/\"]}]},{\"@type\":\"BreadcrumbList\",\"@id\":\"https:\/\/plasticseurope.org\/de\/nachhaltigkeit\/nachhaltige-kunststoffproduktion\/biokunststoffe\/#breadcrumb\",\"itemListElement\":[{\"@type\":\"ListItem\",\"position\":1,\"name\":\"Home\",\"item\":\"https:\/\/plasticseurope.org\/de\/\"},{\"@type\":\"ListItem\",\"position\":2,\"name\":\"Nachhaltigkeit\",\"item\":\"https:\/\/plasticseurope.org\/de\/nachhaltigkeit\/\"},{\"@type\":\"ListItem\",\"position\":3,\"name\":\"Nachhaltige Kunststoffproduktion\",\"item\":\"https:\/\/plasticseurope.org\/de\/nachhaltigkeit\/nachhaltige-kunststoffproduktion\/\"},{\"@type\":\"ListItem\",\"position\":4,\"name\":\"Nachwachsende Rohstoffe (Biokunststoffe)\"}]},{\"@type\":\"WebSite\",\"@id\":\"https:\/\/plasticseurope.org\/de\/#website\",\"url\":\"https:\/\/plasticseurope.org\/de\/\",\"name\":\"Plastics Europe DE\",\"description\":\"Enabling a sustainable future\",\"potentialAction\":[{\"@type\":\"SearchAction\",\"target\":{\"@type\":\"EntryPoint\",\"urlTemplate\":\"https:\/\/plasticseurope.org\/de\/?s={search_term_string}\"},\"query-input\":\"required name=search_term_string\"}],\"inLanguage\":\"de-DE\"}]}<\/script>\n<!-- \/ Yoast SEO plugin. -->","yoast_head_json":{"title":"Kunststoffe aus nachwachsenden Rohstoffen","description":"Kunststoffe aus nachhaltig gewonnenen, erneuerbaren Ressourcen k\u00f6nnen zu einer effizienten Ressourcennutzung beitragen.","robots":{"index":"index","follow":"follow","max-snippet":"max-snippet:-1","max-image-preview":"max-image-preview:large","max-video-preview":"max-video-preview:-1"},"canonical":"https:\/\/plasticseurope.org\/de\/nachhaltigkeit\/nachhaltige-kunststoffproduktion\/biokunststoffe\/","og_locale":"de_DE","og_type":"article","og_title":"Kunststoffe aus nachwachsenden Rohstoffen","og_description":"Kunststoffe aus nachhaltig gewonnenen, erneuerbaren Ressourcen k\u00f6nnen zu einer effizienten Ressourcennutzung beitragen.","og_url":"https:\/\/plasticseurope.org\/de\/nachhaltigkeit\/nachhaltige-kunststoffproduktion\/biokunststoffe\/","og_site_name":"Plastics Europe DE","article_modified_time":"2025-03-02T19:50:43+00:00","og_image":[{"width":2560,"height":1715,"url":"https:\/\/plasticseurope.org\/de\/wp-content\/uploads\/sites\/3\/2022\/02\/sustainability-plant-scaled.jpg","type":"image\/jpeg"}],"twitter_card":"summary_large_image","twitter_title":"Kunststoffe aus nachwachsenden Rohstoffen","twitter_description":"Kunststoffe aus nachhaltig gewonnenen, erneuerbaren Ressourcen k\u00f6nnen zu einer effizienten Ressourcennutzung beitragen.","twitter_image":"https:\/\/plasticseurope.org\/de\/wp-content\/uploads\/sites\/3\/2022\/02\/sustainability-plant-scaled.jpg","twitter_misc":{"Gesch\u00e4tzte Lesezeit":"2 Minuten"},"schema":{"@context":"https:\/\/schema.org","@graph":[{"@type":"WebPage","@id":"https:\/\/plasticseurope.org\/de\/nachhaltigkeit\/nachhaltige-kunststoffproduktion\/biokunststoffe\/","url":"https:\/\/plasticseurope.org\/de\/nachhaltigkeit\/nachhaltige-kunststoffproduktion\/biokunststoffe\/","name":"Kunststoffe aus nachwachsenden Rohstoffen","isPartOf":{"@id":"https:\/\/plasticseurope.org\/de\/#website"},"datePublished":"2023-08-15T09:24:06+00:00","dateModified":"2025-03-02T19:50:43+00:00","description":"Kunststoffe aus nachhaltig gewonnenen, erneuerbaren Ressourcen k\u00f6nnen zu einer effizienten Ressourcennutzung beitragen.","breadcrumb":{"@id":"https:\/\/plasticseurope.org\/de\/nachhaltigkeit\/nachhaltige-kunststoffproduktion\/biokunststoffe\/#breadcrumb"},"inLanguage":"de-DE","potentialAction":[{"@type":"ReadAction","target":["https:\/\/plasticseurope.org\/de\/nachhaltigkeit\/nachhaltige-kunststoffproduktion\/biokunststoffe\/"]}]},{"@type":"BreadcrumbList","@id":"https:\/\/plasticseurope.org\/de\/nachhaltigkeit\/nachhaltige-kunststoffproduktion\/biokunststoffe\/#breadcrumb","itemListElement":[{"@type":"ListItem","position":1,"name":"Home","item":"https:\/\/plasticseurope.org\/de\/"},{"@type":"ListItem","position":2,"name":"Nachhaltigkeit","item":"https:\/\/plasticseurope.org\/de\/nachhaltigkeit\/"},{"@type":"ListItem","position":3,"name":"Nachhaltige Kunststoffproduktion","item":"https:\/\/plasticseurope.org\/de\/nachhaltigkeit\/nachhaltige-kunststoffproduktion\/"},{"@type":"ListItem","position":4,"name":"Nachwachsende Rohstoffe (Biokunststoffe)"}]},{"@type":"WebSite","@id":"https:\/\/plasticseurope.org\/de\/#website","url":"https:\/\/plasticseurope.org\/de\/","name":"Plastics Europe DE","description":"Enabling a sustainable future","potentialAction":[{"@type":"SearchAction","target":{"@type":"EntryPoint","urlTemplate":"https:\/\/plasticseurope.org\/de\/?s={search_term_string}"},"query-input":"required name=search_term_string"}],"inLanguage":"de-DE"}]}},"_links":{"self":[{"href":"https:\/\/plasticseurope.org\/de\/wp-json\/wp\/v2\/pages\/3805","targetHints":{"allow":["GET"]}}],"collection":[{"href":"https:\/\/plasticseurope.org\/de\/wp-json\/wp\/v2\/pages"}],"about":[{"href":"https:\/\/plasticseurope.org\/de\/wp-json\/wp\/v2\/types\/page"}],"author":[{"embeddable":true,"href":"https:\/\/plasticseurope.org\/de\/wp-json\/wp\/v2\/users\/1"}],"replies":[{"embeddable":true,"href":"https:\/\/plasticseurope.org\/de\/wp-json\/wp\/v2\/comments?post=3805"}],"version-history":[{"count":0,"href":"https:\/\/plasticseurope.org\/de\/wp-json\/wp\/v2\/pages\/3805\/revisions"}],"up":[{"embeddable":true,"href":"https:\/\/plasticseurope.org\/de\/wp-json\/wp\/v2\/pages\/3809"}],"wp:featuredmedia":[{"embeddable":true,"href":"https:\/\/plasticseurope.org\/de\/wp-json\/wp\/v2\/media\/1090"}],"wp:attachment":[{"href":"https:\/\/plasticseurope.org\/de\/wp-json\/wp\/v2\/media?parent=3805"}],"curies":[{"name":"wp","href":"https:\/\/api.w.org\/{rel}","templated":true}]}}