{"id":3533,"date":"2023-07-19T13:49:00","date_gmt":"2023-07-19T13:49:00","guid":{"rendered":"https:\/\/plasticseurope.wpenginepowered.com\/de\/?page_id=3533"},"modified":"2025-03-02T19:44:24","modified_gmt":"2025-03-02T19:44:24","slug":"changing-plastics-for-good","status":"publish","type":"page","link":"https:\/\/plasticseurope.org\/de\/changing-plastics-for-good\/","title":{"rendered":"#ChangingPlasticsforGood"},"content":{"rendered":"\n<p>Die Kampagne\u00a0<strong>#ChangingPlasticsforGood<\/strong>\u00a0wurde 2021 ins Leben gerufen, um Geschichten \u00fcber Ver\u00e4nderungen zu pr\u00e4sentieren.\u00a0Die Kampagne versammelt Beispiele daf\u00fcr, welche Ma\u00dfnahmen die europ\u00e4ische Kunststoffindustrie ergreift, um zur L\u00f6sung der mit Kunststoffen verbundenen Probleme beizutragen.\u00a0<\/p>\n\n\n\n<p><strong>#ChangingPlasticsforGood<\/strong>\u00a0zeigt echte Menschen, die in der Branche arbeiten, und erkl\u00e4rt, wie sie daran arbeiten, L\u00f6sungen zu finden, die der Gesellschaft und dem Planeten zugutekommen.<\/p>\n\n\n\n<div style=\"height:100px\" aria-hidden=\"true\" class=\"wp-block-spacer wp-embed-aspect-16-9 wp-has-aspect-ratio is-style-small\"><\/div>\n\n\n\n<div class=\"wp-block-columns wp-embed-aspect-16-9 wp-has-aspect-ratio is-layout-flex wp-container-core-columns-is-layout-28f84493 wp-block-columns-is-layout-flex\">\n<div class=\"wp-block-column is-layout-flow wp-block-column-is-layout-flow\">\n<h2 class=\"wp-block-heading has-gray-color has-text-color\" id=\"key-focus-areas\">Fokus der Kampagne<\/h2>\n\n\n\n<div class=\"wp-block-group is-layout-flow wp-block-group-is-layout-flow\">\n<p><strong>Die Kampagne zeigt Best Practices f\u00fcr:<\/strong><\/p>\n\n\n\n<ul class=\"has-extra-large-font-size wp-block-list\">\n<li class=\"has-normal-font-size\">Reduzierung von CO2-Emissionen<\/li>\n\n\n\n<li class=\"has-normal-font-size\">Neue Recyclingtechnologien<\/li>\n\n\n\n<li class=\"has-normal-font-size\">Abfallvermeidung und Abfallreduzierung<\/li>\n<\/ul>\n\n\n\n<p>Jeder Beitrag steht f\u00fcr einen der weitreichenden Transformationsprozesse, die sich zurzeit in der Branche vollziehen. Von Schuhen bis zu Kunstleder und von Verpackungen bis zu Koffern &#8211; Innovationen ver\u00e4ndern Kunststoffe nachhaltig.<\/p>\n<\/div>\n<\/div>\n\n\n\n<div class=\"wp-block-column is-layout-flow wp-block-column-is-layout-flow\">\n<figure class=\"wp-block-video\"><video autoplay loop muted preload=\"auto\" src=\"https:\/\/plasticseurope.org\/wp-content\/uploads\/2023\/02\/ending.mp4\"><\/video><\/figure>\n<\/div>\n<\/div>\n\n\n\n<div class=\"wp-block-group wp-embed-aspect-16-9 wp-has-aspect-ratio is-layout-constrained wp-block-group-is-layout-constrained\">\n<h2 class=\"wp-block-heading\" id=\"changingplasticsforgood\"><a href=\"https:\/\/plasticseurope.org\/our-actions\/\" data-type=\"page\" data-id=\"209\">#changingplasticsforgood<\/a><\/h2>\n\n\n\n<div style=\"height:100px\" aria-hidden=\"true\" class=\"wp-block-spacer is-style-small\"><\/div>\n\n\n\n<div class=\"wp-block-columns is-layout-flex wp-container-core-columns-is-layout-28f84493 wp-block-columns-is-layout-flex\">\n<div class=\"wp-block-column is-layout-flow wp-block-column-is-layout-flow\">\n<figure class=\"wp-block-embed is-type-video is-provider-vimeo wp-block-embed-vimeo wp-embed-aspect-16-9 wp-has-aspect-ratio\"><div class=\"wp-block-embed__wrapper\">\n<iframe loading=\"lazy\" src=\"https:\/\/player.vimeo.com\/video\/698971642?dnt=1&amp;app_id=122963\" width=\"500\" height=\"281\" frameborder=\"0\" allow=\"autoplay; fullscreen; picture-in-picture; clipboard-write\"><\/iframe>\n<\/div><figcaption class=\"wp-element-caption\">Neue Wege f\u00fcr das Recycling von Kunststoff in Schaumstoff-Matratzen<\/figcaption><\/figure>\n<\/div>\n\n\n\n<div class=\"wp-block-column is-layout-flow wp-block-column-is-layout-flow\">\n<figure class=\"wp-block-embed is-type-video is-provider-vimeo wp-block-embed-vimeo wp-embed-aspect-16-9 wp-has-aspect-ratio\"><div class=\"wp-block-embed__wrapper\">\n<iframe loading=\"lazy\" src=\"https:\/\/player.vimeo.com\/video\/655266226?dnt=1&amp;app_id=122963\" width=\"500\" height=\"281\" frameborder=\"0\" allow=\"autoplay; fullscreen; picture-in-picture; clipboard-write\"><\/iframe>\n<\/div><figcaption class=\"wp-element-caption\">Wie aus Joghurtbechern immer wieder Joghurtbecher herstellt.<\/figcaption><\/figure>\n<\/div>\n<\/div>\n\n\n\n<div class=\"wp-block-columns is-layout-flex wp-container-core-columns-is-layout-28f84493 wp-block-columns-is-layout-flex\">\n<div class=\"wp-block-column is-layout-flow wp-block-column-is-layout-flow\">\n<figure class=\"wp-block-embed is-type-video is-provider-vimeo wp-block-embed-vimeo wp-embed-aspect-16-9 wp-has-aspect-ratio\"><div class=\"wp-block-embed__wrapper\">\n<iframe loading=\"lazy\" src=\"https:\/\/player.vimeo.com\/video\/642693095?dnt=1&amp;app_id=122963\" width=\"500\" height=\"281\" frameborder=\"0\" allow=\"autoplay; fullscreen; picture-in-picture; clipboard-write\"><\/iframe>\n<\/div><figcaption class=\"wp-element-caption\">Wie man Produkte so gestaltet, dass sie optimal recycelt werden k\u00f6nnen.<\/figcaption><\/figure>\n<\/div>\n\n\n\n<div class=\"wp-block-column is-layout-flow wp-block-column-is-layout-flow\">\n<figure class=\"wp-block-embed is-type-video is-provider-vimeo wp-block-embed-vimeo wp-embed-aspect-16-9 wp-has-aspect-ratio\"><div class=\"wp-block-embed__wrapper\">\n<iframe loading=\"lazy\" src=\"https:\/\/player.vimeo.com\/video\/779188366?dnt=1&amp;app_id=122963\" width=\"500\" height=\"281\" frameborder=\"0\" allow=\"autoplay; fullscreen; picture-in-picture; clipboard-write\"><\/iframe>\n<\/div><figcaption class=\"wp-element-caption\">Kunststoffe spielen eine Schl\u00fcsselrolle beim Ausbau der erneuerbaren Energien. <\/figcaption><\/figure>\n<\/div>\n<\/div>\n\n\n\n<div style=\"height:100px\" aria-hidden=\"true\" class=\"wp-block-spacer is-style-large\"><\/div>\n<\/div>\n\n\n\n<div class=\"wp-block-group wp-embed-aspect-16-9 wp-has-aspect-ratio is-layout-flow wp-block-group-is-layout-flow\">\n<div class=\"wp-block-cover is-light w-full\"><span aria-hidden=\"true\" class=\"wp-block-cover__background has-systemiq-light-green-background-color has-background-dim-100 has-background-dim\"><\/span><div class=\"wp-block-cover__inner-container is-layout-flow wp-block-cover-is-layout-flow\">\n<div class=\"wp-block-media-text alignwide is-stacked-on-mobile relative my-4 md:-my-20 max-w-7xl mx-auto\"><figure class=\"wp-block-media-text__media\"><img decoding=\"async\" src=\"https:\/\/plasticseurope.org\/wp-content\/uploads\/2022\/04\/ReshapingPlastics-Cover-1024x1024.png\" alt=\"\" class=\"wp-image-6047 size-large\" \/><\/figure><div class=\"wp-block-media-text__content\">\n<h2 class=\"wp-block-heading has-systemiq-green-color has-text-color\" id=\"reshaping-plastics\">ReShaping Plastics<\/h2>\n\n\n\n<p class=\"text-base lg:text-lg has-systemiq-text-color has-text-color\">Der Report \u201eReShaping Plastics: Pathways to a Circular, Climate Neutral System In Europe\u201c pr\u00e4sentiert einen evidenzbasierten Fahrplan f\u00fcr die Transformation der europ\u00e4ischen Kunststoff-Wertsch\u00f6fpungskette.\u00a0Der Report soll politischen Entscheidungstr\u00e4gern, F\u00fchrungskr\u00e4ften aus der Industrie, Investoren und Vertretern der Zivilgesellschaft dabei helfen, die vorhandene L\u00f6sungsans\u00e4tze zu verstehen und ihnen zeigen, wie die Transformation zur klimaneutralen Kreislaufwirtschaft gelingen kann. <\/p>\n\n\n\n<div class=\"wp-block-buttons is-layout-flex wp-block-buttons-is-layout-flex\">\n<div class=\"wp-block-button\"><a class=\"wp-block-button__link has-systemiq-green-background-color has-background wp-element-button\" href=\"https:\/\/plasticseurope.org\/wp-content\/uploads\/2022\/04\/SYSTEMIQ-ReShapingPlastics-April2022.pdf\" target=\"_blank\" rel=\"noreferrer noopener\">Download Report<\/a><\/div>\n<\/div>\n<\/div><\/div>\n<\/div><\/div>\n<\/div>\n\n\n\n<div style=\"height:48px\" aria-hidden=\"true\" class=\"wp-block-spacer is-style-large\"><\/div>\n","protected":false},"excerpt":{"rendered":"<p>Die Kampagne\u00a0#ChangingPlasticsforGood\u00a0wurde 2021 ins Leben gerufen, um Geschichten \u00fcber Ver\u00e4nderungen zu pr\u00e4sentieren.\u00a0Die Kampagne versammelt Beispiele daf\u00fcr, welche Ma\u00dfnahmen die europ\u00e4ische Kunststoffindustrie ergreift, um zur L\u00f6sung der mit Kunststoffen verbundenen Probleme beizutragen.\u00a0 #ChangingPlasticsforGood\u00a0zeigt echte Menschen, die in der Branche arbeiten, und erkl\u00e4rt, wie sie daran arbeiten, L\u00f6sungen zu finden, die der Gesellschaft und dem Planeten zugutekommen. [&hellip;]<\/p>\n","protected":false},"author":1,"featured_media":1111,"parent":0,"menu_order":0,"comment_status":"closed","ping_status":"closed","template":"","meta":{"footnotes":""},"class_list":["post-3533","page","type-page","status-publish","has-post-thumbnail","hentry"],"acf":[],"yoast_head":"<!-- This site is optimized with the Yoast SEO plugin v21.6 - https:\/\/yoast.com\/wordpress\/plugins\/seo\/ -->\n<title>#ChangingPlasticsforGood - Plastics Europe<\/title>\n<meta name=\"description\" content=\"Die Kampagne sammelt Beispiele daf\u00fcr, wie die Transformation zur klimaneutralen Kreislaufwirtschaft gelingen kann.\" \/>\n<meta name=\"robots\" content=\"index, follow, max-snippet:-1, max-image-preview:large, max-video-preview:-1\" \/>\n<link rel=\"canonical\" href=\"https:\/\/plasticseurope.org\/de\/changing-plastics-for-good\/\" \/>\n<meta property=\"og:locale\" content=\"de_DE\" \/>\n<meta property=\"og:type\" content=\"article\" \/>\n<meta property=\"og:title\" content=\"#ChangingPlasticsforGood - Plastics Europe\" \/>\n<meta property=\"og:description\" content=\"Die Kampagne sammelt Beispiele daf\u00fcr, wie die Transformation zur klimaneutralen Kreislaufwirtschaft gelingen kann.\" \/>\n<meta property=\"og:url\" content=\"https:\/\/plasticseurope.org\/de\/changing-plastics-for-good\/\" \/>\n<meta property=\"og:site_name\" content=\"Plastics Europe DE\" \/>\n<meta property=\"article:modified_time\" content=\"2025-03-02T19:44:24+00:00\" \/>\n<meta property=\"og:image\" content=\"https:\/\/plasticseurope.org\/de\/wp-content\/uploads\/sites\/3\/2022\/04\/Deckblatt-Respaping-Plastics-small.jpg\" \/>\n\t<meta property=\"og:image:width\" content=\"298\" \/>\n\t<meta property=\"og:image:height\" content=\"421\" \/>\n\t<meta property=\"og:image:type\" content=\"image\/jpeg\" \/>\n<meta name=\"twitter:card\" content=\"summary_large_image\" \/>\n<meta name=\"twitter:title\" content=\"#ChangingPlasticsforGood - Plastics Europe\" \/>\n<meta name=\"twitter:description\" content=\"Die Kampagne sammelt Beispiele daf\u00fcr, wie die Transformation zur klimaneutralen Kreislaufwirtschaft gelingen kann.\" \/>\n<meta name=\"twitter:image\" content=\"https:\/\/plasticseurope.org\/de\/wp-content\/uploads\/sites\/3\/2022\/04\/Deckblatt-Respaping-Plastics-small.jpg\" \/>\n<meta name=\"twitter:label1\" content=\"Gesch\u00e4tzte Lesezeit\" \/>\n\t<meta name=\"twitter:data1\" content=\"2 Minuten\" \/>\n<script type=\"application\/ld+json\" class=\"yoast-schema-graph\">{\"@context\":\"https:\/\/schema.org\",\"@graph\":[{\"@type\":\"WebPage\",\"@id\":\"https:\/\/plasticseurope.org\/de\/changing-plastics-for-good\/\",\"url\":\"https:\/\/plasticseurope.org\/de\/changing-plastics-for-good\/\",\"name\":\"#ChangingPlasticsforGood - Plastics Europe\",\"isPartOf\":{\"@id\":\"https:\/\/plasticseurope.org\/de\/#website\"},\"datePublished\":\"2023-07-19T13:49:00+00:00\",\"dateModified\":\"2025-03-02T19:44:24+00:00\",\"description\":\"Die Kampagne sammelt Beispiele daf\u00fcr, wie die Transformation zur klimaneutralen Kreislaufwirtschaft gelingen kann.\",\"breadcrumb\":{\"@id\":\"https:\/\/plasticseurope.org\/de\/changing-plastics-for-good\/#breadcrumb\"},\"inLanguage\":\"de-DE\",\"potentialAction\":[{\"@type\":\"ReadAction\",\"target\":[\"https:\/\/plasticseurope.org\/de\/changing-plastics-for-good\/\"]}]},{\"@type\":\"BreadcrumbList\",\"@id\":\"https:\/\/plasticseurope.org\/de\/changing-plastics-for-good\/#breadcrumb\",\"itemListElement\":[{\"@type\":\"ListItem\",\"position\":1,\"name\":\"Home\",\"item\":\"https:\/\/plasticseurope.org\/de\/\"},{\"@type\":\"ListItem\",\"position\":2,\"name\":\"#ChangingPlasticsforGood\"}]},{\"@type\":\"WebSite\",\"@id\":\"https:\/\/plasticseurope.org\/de\/#website\",\"url\":\"https:\/\/plasticseurope.org\/de\/\",\"name\":\"Plastics Europe DE\",\"description\":\"Enabling a sustainable future\",\"potentialAction\":[{\"@type\":\"SearchAction\",\"target\":{\"@type\":\"EntryPoint\",\"urlTemplate\":\"https:\/\/plasticseurope.org\/de\/?s={search_term_string}\"},\"query-input\":\"required name=search_term_string\"}],\"inLanguage\":\"de-DE\"}]}<\/script>\n<!-- \/ Yoast SEO plugin. -->","yoast_head_json":{"title":"#ChangingPlasticsforGood - Plastics Europe","description":"Die Kampagne sammelt Beispiele daf\u00fcr, wie die Transformation zur klimaneutralen Kreislaufwirtschaft gelingen kann.","robots":{"index":"index","follow":"follow","max-snippet":"max-snippet:-1","max-image-preview":"max-image-preview:large","max-video-preview":"max-video-preview:-1"},"canonical":"https:\/\/plasticseurope.org\/de\/changing-plastics-for-good\/","og_locale":"de_DE","og_type":"article","og_title":"#ChangingPlasticsforGood - Plastics Europe","og_description":"Die Kampagne sammelt Beispiele daf\u00fcr, wie die Transformation zur klimaneutralen Kreislaufwirtschaft gelingen kann.","og_url":"https:\/\/plasticseurope.org\/de\/changing-plastics-for-good\/","og_site_name":"Plastics Europe DE","article_modified_time":"2025-03-02T19:44:24+00:00","og_image":[{"width":298,"height":421,"url":"https:\/\/plasticseurope.org\/de\/wp-content\/uploads\/sites\/3\/2022\/04\/Deckblatt-Respaping-Plastics-small.jpg","type":"image\/jpeg"}],"twitter_card":"summary_large_image","twitter_title":"#ChangingPlasticsforGood - Plastics Europe","twitter_description":"Die Kampagne sammelt Beispiele daf\u00fcr, wie die Transformation zur klimaneutralen Kreislaufwirtschaft gelingen kann.","twitter_image":"https:\/\/plasticseurope.org\/de\/wp-content\/uploads\/sites\/3\/2022\/04\/Deckblatt-Respaping-Plastics-small.jpg","twitter_misc":{"Gesch\u00e4tzte Lesezeit":"2 Minuten"},"schema":{"@context":"https:\/\/schema.org","@graph":[{"@type":"WebPage","@id":"https:\/\/plasticseurope.org\/de\/changing-plastics-for-good\/","url":"https:\/\/plasticseurope.org\/de\/changing-plastics-for-good\/","name":"#ChangingPlasticsforGood - Plastics Europe","isPartOf":{"@id":"https:\/\/plasticseurope.org\/de\/#website"},"datePublished":"2023-07-19T13:49:00+00:00","dateModified":"2025-03-02T19:44:24+00:00","description":"Die Kampagne sammelt Beispiele daf\u00fcr, wie die Transformation zur klimaneutralen Kreislaufwirtschaft gelingen kann.","breadcrumb":{"@id":"https:\/\/plasticseurope.org\/de\/changing-plastics-for-good\/#breadcrumb"},"inLanguage":"de-DE","potentialAction":[{"@type":"ReadAction","target":["https:\/\/plasticseurope.org\/de\/changing-plastics-for-good\/"]}]},{"@type":"BreadcrumbList","@id":"https:\/\/plasticseurope.org\/de\/changing-plastics-for-good\/#breadcrumb","itemListElement":[{"@type":"ListItem","position":1,"name":"Home","item":"https:\/\/plasticseurope.org\/de\/"},{"@type":"ListItem","position":2,"name":"#ChangingPlasticsforGood"}]},{"@type":"WebSite","@id":"https:\/\/plasticseurope.org\/de\/#website","url":"https:\/\/plasticseurope.org\/de\/","name":"Plastics Europe DE","description":"Enabling a sustainable future","potentialAction":[{"@type":"SearchAction","target":{"@type":"EntryPoint","urlTemplate":"https:\/\/plasticseurope.org\/de\/?s={search_term_string}"},"query-input":"required name=search_term_string"}],"inLanguage":"de-DE"}]}},"_links":{"self":[{"href":"https:\/\/plasticseurope.org\/de\/wp-json\/wp\/v2\/pages\/3533","targetHints":{"allow":["GET"]}}],"collection":[{"href":"https:\/\/plasticseurope.org\/de\/wp-json\/wp\/v2\/pages"}],"about":[{"href":"https:\/\/plasticseurope.org\/de\/wp-json\/wp\/v2\/types\/page"}],"author":[{"embeddable":true,"href":"https:\/\/plasticseurope.org\/de\/wp-json\/wp\/v2\/users\/1"}],"replies":[{"embeddable":true,"href":"https:\/\/plasticseurope.org\/de\/wp-json\/wp\/v2\/comments?post=3533"}],"version-history":[{"count":0,"href":"https:\/\/plasticseurope.org\/de\/wp-json\/wp\/v2\/pages\/3533\/revisions"}],"wp:featuredmedia":[{"embeddable":true,"href":"https:\/\/plasticseurope.org\/de\/wp-json\/wp\/v2\/media\/1111"}],"wp:attachment":[{"href":"https:\/\/plasticseurope.org\/de\/wp-json\/wp\/v2\/media?parent=3533"}],"curies":[{"name":"wp","href":"https:\/\/api.w.org\/{rel}","templated":true}]}}