{"id":3387,"date":"2023-07-14T12:22:56","date_gmt":"2023-07-14T12:22:56","guid":{"rendered":"https:\/\/plasticseurope.wpenginepowered.com\/de\/?page_id=3387"},"modified":"2025-03-02T19:46:55","modified_gmt":"2025-03-02T19:46:55","slug":"abfallsammlung-und-sortierung","status":"publish","type":"page","link":"https:\/\/plasticseurope.org\/de\/nachhaltigkeit\/kreislaufwirtschaft\/abfallmanagement-und-abfallvermeidung\/abfallsammlung-und-sortierung\/","title":{"rendered":"Abfallsammlung und Sortierung"},"content":{"rendered":"\n<h2 class=\"wp-block-heading\">Sammeln und Sortieren von Kunststoffabf\u00e4llen<\/h2>\n\n\n\n<p>In der Kreislaufwirtschaft ist eine effektive Abfallsammlung ein wichtiger erster Schritt f\u00fcr effizientes Recycling.&nbsp;Durch die korrekte Abfalltrennung an der Sammelstelle ist der Recyclingprozess effizienter und erh\u00f6ht die Qualit\u00e4t und Menge der recycelten Produkte.&nbsp;Eine verbesserte Abfallsammlung wirkt sich positiv auf die Abfallstr\u00f6me und ihre Eignung f\u00fcr nachgelagerte Vorbehandlungs-, Sortier- und Verwertungsvorg\u00e4nge aus.<\/p>\n\n\n\n<p>Allerdings ist ein harmonisierter Prozess f\u00fcr die Abfallsammlung und -trennung von entscheidender Bedeutung und nicht der Flickenteppich an Praktiken, den wir heute oft sehen.&nbsp;Die Harmonisierung muss entlang der gesamten Wertsch\u00f6pfungskette umgesetzt werden, von Abfallentsorgungsunternehmen bis hin zu kommunalen und gewerblichen Betrieben.&nbsp;Wir sollten nicht vergessen, dass diese letztendlich f\u00fcr den Endbesitzer dieser Abf\u00e4lle, z. B. den B\u00fcrger, leicht verst\u00e4ndlich sein m\u00fcssen, um diese Vorteile voll nutzen zu k\u00f6nnen.&nbsp;Die Harmonisierung der verschiedenen Kategorien von Kunststoffabf\u00e4llen und der Managementpraktiken tr\u00e4gt dazu bei, ein besseres Recycling durch h\u00f6here Effizienz voranzutreiben, was zu h\u00f6heren Qualit\u00e4ten und Mengen recycelter Kunststoffe f\u00fchrt.&nbsp;Initiativen wie die&nbsp;<a href=\"https:\/\/circular-plastics-alliance.com\/en\/welcome-to-the-circular-plastics-alliance\/\" target=\"_blank\" rel=\"noreferrer noopener\">Circular Plastics Alliance<\/a>&nbsp;, die&nbsp;<a href=\"https:\/\/pcep.eu\/\" target=\"_blank\" rel=\"noreferrer noopener\">Polyolefin Circular Economy Platform<\/a>&nbsp;und&nbsp;<a href=\"https:\/\/styrenics-circular-solutions.com\/\" target=\"_blank\" rel=\"noreferrer noopener\">Styrenics Circular Solutions<\/a>und die&nbsp;<a href=\"https:\/\/ceflex.eu\/\" target=\"_blank\" rel=\"noreferrer noopener\">Kreislaufwirtschaft f\u00fcr flexible Verpackungen<\/a>&nbsp;sind durch ihre Bem\u00fchungen zur Standardisierung von entscheidender Bedeutung, um dies zu erreichen.<\/p>\n\n\n\n<div style=\"height:100px\" aria-hidden=\"true\" class=\"wp-block-spacer is-style-small\"><\/div>\n\n\n\n<h2 class=\"wp-block-heading\">Die Abfallhierarchie<\/h2>\n\n\n\n<p><a href=\"https:\/\/ec.europa.eu\/environment\/topics\/waste-and-recycling\/waste-framework-directive_en\" target=\"_blank\" rel=\"noreferrer noopener\">Die EU-Abfallrahmenrichtlinie<\/a>&nbsp;legt die grundlegenden Anforderungen und Konzepte f\u00fcr die Abfallbewirtschaftung fest und sieht eine klar definierte Abfallhierarchie vor.&nbsp;Die Phasen sind in der Reihenfolge ihrer Wichtigkeit, Pr\u00e4vention, Vorbereitung zur Wiederverwendung, Recycling, energetische Verwertung und zuletzt Entsorgung.<\/p>\n\n\n\n<figure class=\"wp-block-image size-full is-resized\"><img decoding=\"async\" src=\"https:\/\/plasticseurope.org\/de\/wp-content\/uploads\/sites\/3\/2023\/06\/Abfallhierarchie.png\" alt=\"Die Abfallhierarchie gem\u00e4\u00df EU-Abfallrichtlinie\" class=\"wp-image-3070\" style=\"aspect-ratio:16\/9;object-fit:cover;width:1920px\" width=\"1920\" srcset=\"https:\/\/plasticseurope.org\/de\/wp-content\/uploads\/sites\/3\/2023\/06\/Abfallhierarchie.png 1920w, https:\/\/plasticseurope.org\/de\/wp-content\/uploads\/sites\/3\/2023\/06\/Abfallhierarchie-300x169.png 300w, https:\/\/plasticseurope.org\/de\/wp-content\/uploads\/sites\/3\/2023\/06\/Abfallhierarchie-1024x576.png 1024w, https:\/\/plasticseurope.org\/de\/wp-content\/uploads\/sites\/3\/2023\/06\/Abfallhierarchie-768x432.png 768w, https:\/\/plasticseurope.org\/de\/wp-content\/uploads\/sites\/3\/2023\/06\/Abfallhierarchie-1536x864.png 1536w, https:\/\/plasticseurope.org\/de\/wp-content\/uploads\/sites\/3\/2023\/06\/Abfallhierarchie-1280x720.png 1280w\" sizes=\"(max-width: 1920px) 100vw, 1920px\" \/><\/figure>\n\n\n\n<div style=\"height:100px\" aria-hidden=\"true\" class=\"wp-block-spacer is-style-small\"><\/div>\n\n\n\n<p><em>Die Abfallhierarchie gem\u00e4\u00df EU-Abfallrichtlinie<\/em><\/p>\n\n\n\n<div style=\"height:100px\" aria-hidden=\"true\" class=\"wp-block-spacer is-style-small\"><\/div>\n\n\n\n<p>Die Richtlinie enth\u00e4lt Grundprinzipien f\u00fcr die Abfallbewirtschaftung, die besagen, dass Abf\u00e4lle nicht entsorgt werden sollten, sofern sie:<\/p>\n\n\n\n<ul class=\"wp-block-list\">\n<li>die menschliche Gesundheit gef\u00e4hrden oder die Umwelt sch\u00e4digen,<\/li>\n\n\n\n<li>eine Gefahr f\u00fcr Wasser, Luft, Boden, Pflanzen oder Tiere darstellen,<\/li>\n\n\n\n<li>eine Bel\u00e4stigung durch L\u00e4rm oder Ordnung verursachen,<\/li>\n\n\n\n<li>die Landschaft oder Orte von besonderer Bedeutung beeintr\u00e4chtigen.<\/li>\n<\/ul>\n\n\n\n<div style=\"height:100px\" aria-hidden=\"true\" class=\"wp-block-spacer is-style-small\"><\/div>\n\n\n\n<p>Zwei wichtige Elemente sind das \u201eVerursacherprinzip\u201c und die erweiterte Herstellerverantwortung (EPR).&nbsp;Beide stellen die Verantwortung f\u00fcr das Abfallmanagement an den Anfang des Produktdesigns und des Servicelebenszyklus, um sicherzustellen, dass sie mit den Prinzipien der Kreislaufwirtschaft in Einklang stehen.&nbsp;Die Richtlinie erkennt auch die Auswirkungen gef\u00e4hrlicher Abf\u00e4lle an und legt die zus\u00e4tzlichen Schritte fest, die f\u00fcr die Aufzeichnung, \u00dcberwachung und Kontrolle erforderlich sind.<\/p>\n\n\n\n<p>Branchenspezifische Regelungen wie die&nbsp;Richtlinie&nbsp;<a href=\"https:\/\/ec.europa.eu\/environment\/topics\/waste-and-recycling\/waste-electrical-and-electronic-equipment-weee_en\" target=\"_blank\" rel=\"noreferrer noopener\">\u00fcber Elektro- und Elektronikaltger\u00e4te (WEEE) und die&nbsp;<\/a><a href=\"https:\/\/ec.europa.eu\/environment\/topics\/waste-and-recycling\/end-life-vehicles_en\" target=\"_blank\" rel=\"noreferrer noopener\">Richtlinie \u00fcber Altfahrzeuge (Altfahrzeuge)<\/a>&nbsp;zielen auf die Abfallreduzierung ab.&nbsp;Das \u00fcbergeordnete Ziel besteht darin, die Menge des erzeugten Abfalls zu reduzieren und zu einer nachhaltigen Produktion und einem nachhaltigen Konsum beizutragen.<\/p>\n\n\n\n<p>Diese Systeme k\u00f6nnen einen wertvollen Ressourcenstrom f\u00fcr das Recycling bereitstellen<\/p>\n\n\n\n<div style=\"height:100px\" aria-hidden=\"true\" class=\"wp-block-spacer is-style-small\"><\/div>\n\n\n\n<h2 class=\"wp-block-heading\">Abfallvorbehandlung und -sortierung<\/h2>\n\n\n\n<p>Zur Abfallvorbehandlung und -sortierung werden derzeit vielf\u00e4ltige Technologien eingesetzt.&nbsp;Diese reichen von der manuellen Zerlegung und Kommissionierung bis hin zu automatisierten Prozessen wie Zerkleinern, Sieben, Luft- oder Fl\u00fcssigkeitsdichtetrennung, Magnettrennung und hochentwickelten spektrophotometrischen Sortiertechnologien wie UV\/VIS (ultraviolett\/sichtbar), NIR (nahes Infrarot), oder Laser-\/optische Sortierung und in j\u00fcngerer Zeit digitale Wasserzeichen- und Barcode-Technologien.<\/p>\n\n\n\n<p>Moderne Sortieranlagen sind komplexe Anlagen, die verschiedene Technologien anwenden, die an bestimmte Abfallstr\u00f6me angepasst sind, um eine optimale kosteneffiziente Produktion zu erzielen.&nbsp;Heutige Vorbehandlungs- und Sortierbetriebe f\u00fcr gemischte Verpackungen und andere trockene wiederverwertbare Materialien k\u00f6nnen mehr als 100.000 Tonnen Kunststoffabf\u00e4lle pro Jahr verarbeiten, wobei bei einigen Kunststoffen sortierter Abfall mit einer Reinheit von mehr als 95 % entsteht.&nbsp;Die Vorteile harmonisierter Sammlungen standardisieren die Inputs f\u00fcr Sortierprozesse und erm\u00f6glichen so eine Optimierung der Betriebsparametereffizienz, was zu besseren Qualit\u00e4ten und Outputs an recycelten Materialien f\u00fchrt.<\/p>\n\n\n\n<div style=\"height:100px\" aria-hidden=\"true\" class=\"wp-block-spacer is-style-small\"><\/div>\n\n\n\n<figure class=\"wp-block-image size-full\"><img loading=\"lazy\" decoding=\"async\" width=\"1920\" height=\"1080\" src=\"https:\/\/plasticseurope.org\/de\/wp-content\/uploads\/sites\/3\/2023\/06\/Plastics-Waste-Management_Shutterstock_Juicy-Flair.png\" alt=\"Mechanisches Recycling von Plastik und Kunststoffabf\u00e4llen.\" class=\"wp-image-3058\" srcset=\"https:\/\/plasticseurope.org\/de\/wp-content\/uploads\/sites\/3\/2023\/06\/Plastics-Waste-Management_Shutterstock_Juicy-Flair.png 1920w, https:\/\/plasticseurope.org\/de\/wp-content\/uploads\/sites\/3\/2023\/06\/Plastics-Waste-Management_Shutterstock_Juicy-Flair-300x169.png 300w, https:\/\/plasticseurope.org\/de\/wp-content\/uploads\/sites\/3\/2023\/06\/Plastics-Waste-Management_Shutterstock_Juicy-Flair-1024x576.png 1024w, https:\/\/plasticseurope.org\/de\/wp-content\/uploads\/sites\/3\/2023\/06\/Plastics-Waste-Management_Shutterstock_Juicy-Flair-768x432.png 768w, https:\/\/plasticseurope.org\/de\/wp-content\/uploads\/sites\/3\/2023\/06\/Plastics-Waste-Management_Shutterstock_Juicy-Flair-1536x864.png 1536w, https:\/\/plasticseurope.org\/de\/wp-content\/uploads\/sites\/3\/2023\/06\/Plastics-Waste-Management_Shutterstock_Juicy-Flair-1280x720.png 1280w\" sizes=\"auto, (max-width: 1920px) 100vw, 1920px\" \/><\/figure>\n\n\n\n<div style=\"height:100px\" aria-hidden=\"true\" class=\"wp-block-spacer is-style-small\"><\/div>\n\n\n\n<p><em>Moderne Sortieranlage f\u00fcr Kunststoffabf\u00e4lle<\/em><\/p>\n\n\n\n<div style=\"height:100px\" aria-hidden=\"true\" class=\"wp-block-spacer is-style-small\"><\/div>\n\n\n\n<p>Bestimmte Kunststofffraktionen in komplexen Abfallstr\u00f6men sind nicht geeignet oder nicht einfach zu sortieren oder in ausreichenden Mengen verf\u00fcgbar, um mechanisches Recycling sowohl aus wirtschaftlicher als auch aus \u00f6kologischer Sicht zu einer praktikablen L\u00f6sung zu machen.&nbsp;In diesen F\u00e4llen bieten fortschrittliche Recyclingtechnologien gro\u00dfe M\u00f6glichkeiten, die Kreislaufwirtschaft f\u00fcr Kunststoffe voranzutreiben. Sortierinnovationen zur Steigerung der Menge und Qualit\u00e4t von Kunststoffabf\u00e4llen.<\/p>\n\n\n\n<p>Unilever und die Alibaba Group haben k\u00fcnstliche Intelligenz (KI) in einem Pilotprogramm eingef\u00fchrt, das darauf abzielt, hochwertige recycelbare Kunststoffe durch die automatische Identifizierung und Sortierung von Kunststoffverpackungen schneller wieder in die Kreislaufwirtschaft zur\u00fcckzuf\u00fchren.&nbsp;Es wurde als Reaktion auf das Ziel der Regierung von Shanghai entwickelt, ein landesweites Managementsystem f\u00fcr Kunststoffverpackungen zu schaffen.&nbsp;Die Waste-Free World-Initiative ist so konzipiert, dass sie einfach ist und gleichzeitig die Verbraucher einbezieht und belohnt.&nbsp;Die Sammelstellen scannen und sortieren den Kunststoff automatisch und bereiten ihn zur Abholung vor. Gleichzeitig belohnen sie den Verbraucher mit Punkten, die zur Unterst\u00fctzung von Umweltprojekten verwendet werden k\u00f6nnen.&nbsp;Das bedeutet, dass Kunststoffe in der richtigen Kategorie gesammelt und sortiert werden, sodass sie schnell dem Recycling zugef\u00fchrt werden k\u00f6nnen.<\/p>\n\n\n\n<p>Weitere M\u00f6glichkeiten bietet die maschinelle Bildverarbeitung \u2013 eine Technologie, die Computerlernen nutzt, um verschiedene Komponenten zu identifizieren und relevante Ma\u00dfnahmen anzuwenden, wie beispielsweise die Trennung in bestimmte Abfallstr\u00f6me.&nbsp;Der Einsatz von KI bzw. k\u00fcnstlicher Intelligenz erm\u00f6glicht eine intelligente und pr\u00e4zise Sortierung, wodurch die Qualit\u00e4t der Rezyklate deutlich verbessert wird.<\/p>\n\n\n\n<div style=\"height:100px\" aria-hidden=\"true\" class=\"wp-block-spacer is-style-small\"><\/div>\n\n\n\n<h2 class=\"wp-block-heading\">Intelligente Sortierung<\/h2>\n\n\n\n<p>Neue Entwicklungen bei digitalen Bildgebungsverfahren wie Wasserzeichen und Barcodes dr\u00e4ngen nun auf den Markt.<\/p>\n\n\n\n<p>In einem Versuch mit der Stadt Kopenhagen werden Konsumg\u00fcterverpackungen mit einem unsichtbaren digitalen Wasserzeichen oder Fingerabdruck bedruckt, der die Oberfl\u00e4che bedeckt.&nbsp;Es enth\u00e4lt Informationen \u00fcber die Art der Verpackung, das Material und den Verwendungszweck (z. B. Lebensmittel oder Non-Food).&nbsp;Das Wasserzeichen kann mit einer hochaufl\u00f6senden Kamera, wie sie beispielsweise bei einem Mobiltelefon vorhanden ist, gelesen werden.&nbsp;Dies gibt Aufschluss \u00fcber die Packungsbestandteile und kann sogar f\u00fcr Pfandr\u00fcckgabesysteme genutzt werden.&nbsp;Die Informationen k\u00f6nnen auch von Scannern in einer mechanischen Recyclinganlage erfasst werden, sodass sie effektiv in den richtigen Abfallstrom sortiert und ordnungsgem\u00e4\u00df recycelt werden k\u00f6nnen.<\/p>\n\n\n\n<div style=\"height:100px\" aria-hidden=\"true\" class=\"wp-block-spacer is-style-small\"><\/div>\n\n\n\n<h2 class=\"wp-block-heading\">Wie wir unterst\u00fctzen<\/h2>\n\n\n\n<p>Bei Plastics Europe engagieren wir uns daf\u00fcr, unser Wissen \u00fcber die Sammlung und Sortierung von Abf\u00e4llen zu teilen und Forschung und Daten zu unterst\u00fctzen.<\/p>\n\n\n\n<p>Dar\u00fcber hinaus tragen wir zur Entwicklung von Sammelsystemen in europ\u00e4ischen L\u00e4ndern bei, um den vollen Wert von Kunststoffabf\u00e4llen als Ressource zu erfassen, und&nbsp;<a href=\"https:\/\/www.circularonline.co.uk\/news\/recoup-win-innovate-uk-funding-for-plastics-recycling-communications-research\/\" target=\"_blank\" rel=\"noreferrer noopener\">unterst\u00fctzen Initiativen<\/a>&nbsp;zum Verst\u00e4ndnis von Verhaltensinterventionen, die das Recycling von B\u00fcrgern f\u00f6rdern.<\/p>\n\n\n\n<div id=\"explore-block_3c6b5adf105626cea44509e1ca9a90b2\" class=\"explore-further\">\n  <div class=\"flex flex-col bg-mist-900 rounded-md mt-8 md:mt-28 md:w-1\/2 md:mr-auto\">\n    <div class=\"flex-1 relative p-6 md:px-10 md:py-8\">\n      <div class=\"absolute top-0 left-0 p-5 inline-block transform -translate-x-1\/2 -translate-y-1\/2\">\n      <\/div>\n      \n\n<h3 class=\"wp-block-heading\">Weiterf\u00fchrende Literatur<\/h3>\n\n\n\n<p><a href=\"https:\/\/plasticseurope.org\/knowledge-hub\/the-circular-economy-for-plastics-a-european-overview\/\" target=\"_blank\" rel=\"noreferrer noopener\"><a href=\"https:\/\/plasticseurope.org\/knowledge-hub\/the-circular-economy-for-plastics-a-european-overview\/\" target=\"_blank\" rel=\"noreferrer noopener\">Die Kreislaufwirtschaft f\u00fcr Kunststoffe \u2013 ein europ\u00e4ischer \u00dcberblick<\/a><\/a><\/p>\n\n\n\n<p><a href=\"https:\/\/plasticseurope.org\/knowledge-hub\/plastics-the-facts-2020\/\" target=\"_blank\" rel=\"noreferrer noopener\">Plastics \u2013 The Facts<\/a><\/p>\n\n\n\n<p><a href=\"https:\/\/plasticseurope.org\/knowledge-hub\/plastics-europes-position-on-recycled-content-for-plastics-packaging-under-the-review-of-the-directive-94-62-ec-on-packaging-and-packaging-waste-ppwd\/\" target=\"_blank\" rel=\"noreferrer noopener\">Die Position von Plastics Europe zum recycelten Inhalt von Kunststoffverpackungen im Rahmen der \u00dcberpr\u00fcfung der Richtlinie 94\/62\/EG \u00fcber Verpackungen und Verpackungsabf\u00e4lle (PPWD) \u2013 September 2021<\/a><\/p>\n\n\n\n<p><a href=\"https:\/\/plasticseurope.org\/knowledge-hub\/towards-a-life-cycle-driven-circular-economy\/\" target=\"_blank\" rel=\"noreferrer noopener\">Auf dem Weg u einer lifecycle orientierten Kreislaufwirtschaft<\/a><br><br><a href=\"https:\/\/ec.europa.eu\/growth\/industry\/strategy\/industrial-alliances\/circular-plastics-alliance_en\" target=\"_blank\" rel=\"noreferrer noopener\">Circular Plastics Alliance &#8211; Der Weg zur Kreislaufwirtschaft<\/a><\/p>\n\n\n\n<p><a href=\"https:\/\/www.weforum.org\/whitepapers\/harnessing-the-fourth-industrial-revolution-for-the-circular-economy-consumer-electronics-and-plastics-packaging\" target=\"_blank\" rel=\"noreferrer noopener\">Die vierte industrielle Revolution f\u00fcr die Kreislaufwirtschaft nutzen. Unterhaltungselektronik und Kunststoffverpackungen<\/a><\/p>\n\n\n\n<p><a href=\"https:\/\/ec.europa.eu\/environment\/topics\/waste-and-recycling\/waste-framework-directive_en\" target=\"_blank\" rel=\"noreferrer noopener\">Der Rahmen der Abfallrichtlinie<\/a><\/p>\n\n\n\n<p><a href=\"https:\/\/ec.europa.eu\/environment\/topics\/waste-and-recycling\/end-life-vehicles_en\" target=\"_blank\" rel=\"noreferrer noopener\">Richtlinie zu Altfahrzeugen<\/a><\/p>\n\n\n    <\/div>\n  <\/div>\n<\/div>\n","protected":false},"excerpt":{"rendered":"<p>Sammeln und Sortieren von Kunststoffabf\u00e4llen In der Kreislaufwirtschaft ist eine effektive Abfallsammlung ein wichtiger erster Schritt f\u00fcr effizientes Recycling.&nbsp;Durch die korrekte Abfalltrennung an der Sammelstelle ist der Recyclingprozess effizienter und erh\u00f6ht die Qualit\u00e4t und Menge der recycelten Produkte.&nbsp;Eine verbesserte Abfallsammlung wirkt sich positiv auf die Abfallstr\u00f6me und ihre Eignung f\u00fcr nachgelagerte Vorbehandlungs-, Sortier- und Verwertungsvorg\u00e4nge [&hellip;]<\/p>\n","protected":false},"author":1,"featured_media":3058,"parent":3363,"menu_order":0,"comment_status":"closed","ping_status":"closed","template":"","meta":{"footnotes":""},"class_list":["post-3387","page","type-page","status-publish","has-post-thumbnail","hentry"],"acf":[],"yoast_head":"<!-- This site is optimized with the Yoast SEO plugin v21.6 - https:\/\/yoast.com\/wordpress\/plugins\/seo\/ -->\n<title>Abfallsammlung und Sortierung von Kunststoffabf\u00e4llen<\/title>\n<meta name=\"description\" content=\"In der Kreislaufwirtschaft ist eine effektive Abfallsammlung ein wichtiger erster Schritt f\u00fcr effizientes Recycling.\" \/>\n<meta name=\"robots\" content=\"index, follow, max-snippet:-1, max-image-preview:large, max-video-preview:-1\" \/>\n<link rel=\"canonical\" href=\"https:\/\/plasticseurope.org\/de\/nachhaltigkeit\/kreislaufwirtschaft\/abfallmanagement-und-abfallvermeidung\/abfallsammlung-und-sortierung\/\" \/>\n<meta property=\"og:locale\" content=\"de_DE\" \/>\n<meta property=\"og:type\" content=\"article\" \/>\n<meta property=\"og:title\" content=\"Abfallsammlung und Sortierung von Kunststoffabf\u00e4llen\" \/>\n<meta property=\"og:description\" content=\"In der Kreislaufwirtschaft ist eine effektive Abfallsammlung ein wichtiger erster Schritt f\u00fcr effizientes Recycling.\" \/>\n<meta property=\"og:url\" content=\"https:\/\/plasticseurope.org\/de\/nachhaltigkeit\/kreislaufwirtschaft\/abfallmanagement-und-abfallvermeidung\/abfallsammlung-und-sortierung\/\" \/>\n<meta property=\"og:site_name\" content=\"Plastics Europe DE\" \/>\n<meta property=\"article:modified_time\" content=\"2025-03-02T19:46:55+00:00\" \/>\n<meta property=\"og:image\" content=\"https:\/\/plasticseurope.org\/de\/wp-content\/uploads\/sites\/3\/2023\/06\/Plastics-Waste-Management_Shutterstock_Juicy-Flair-1024x576.png\" \/>\n\t<meta property=\"og:image:width\" content=\"1024\" \/>\n\t<meta property=\"og:image:height\" content=\"576\" \/>\n\t<meta property=\"og:image:type\" content=\"image\/png\" \/>\n<meta name=\"twitter:card\" content=\"summary_large_image\" \/>\n<meta name=\"twitter:title\" content=\"Abfallsammlung und Sortierung von Kunststoffabf\u00e4llen\" \/>\n<meta name=\"twitter:description\" content=\"In der Kreislaufwirtschaft ist eine effektive Abfallsammlung ein wichtiger erster Schritt f\u00fcr effizientes Recycling.\" \/>\n<meta name=\"twitter:image\" content=\"https:\/\/plasticseurope.org\/de\/wp-content\/uploads\/sites\/3\/2023\/06\/Plastics-Waste-Management_Shutterstock_Juicy-Flair.png\" \/>\n<meta name=\"twitter:label1\" content=\"Gesch\u00e4tzte Lesezeit\" \/>\n\t<meta name=\"twitter:data1\" content=\"7 Minuten\" \/>\n<script type=\"application\/ld+json\" class=\"yoast-schema-graph\">{\"@context\":\"https:\/\/schema.org\",\"@graph\":[{\"@type\":\"WebPage\",\"@id\":\"https:\/\/plasticseurope.org\/de\/nachhaltigkeit\/kreislaufwirtschaft\/abfallmanagement-und-abfallvermeidung\/abfallsammlung-und-sortierung\/\",\"url\":\"https:\/\/plasticseurope.org\/de\/nachhaltigkeit\/kreislaufwirtschaft\/abfallmanagement-und-abfallvermeidung\/abfallsammlung-und-sortierung\/\",\"name\":\"Abfallsammlung und Sortierung von Kunststoffabf\u00e4llen\",\"isPartOf\":{\"@id\":\"https:\/\/plasticseurope.org\/de\/#website\"},\"datePublished\":\"2023-07-14T12:22:56+00:00\",\"dateModified\":\"2025-03-02T19:46:55+00:00\",\"description\":\"In der Kreislaufwirtschaft ist eine effektive Abfallsammlung ein wichtiger erster Schritt f\u00fcr effizientes Recycling.\",\"breadcrumb\":{\"@id\":\"https:\/\/plasticseurope.org\/de\/nachhaltigkeit\/kreislaufwirtschaft\/abfallmanagement-und-abfallvermeidung\/abfallsammlung-und-sortierung\/#breadcrumb\"},\"inLanguage\":\"de-DE\",\"potentialAction\":[{\"@type\":\"ReadAction\",\"target\":[\"https:\/\/plasticseurope.org\/de\/nachhaltigkeit\/kreislaufwirtschaft\/abfallmanagement-und-abfallvermeidung\/abfallsammlung-und-sortierung\/\"]}]},{\"@type\":\"BreadcrumbList\",\"@id\":\"https:\/\/plasticseurope.org\/de\/nachhaltigkeit\/kreislaufwirtschaft\/abfallmanagement-und-abfallvermeidung\/abfallsammlung-und-sortierung\/#breadcrumb\",\"itemListElement\":[{\"@type\":\"ListItem\",\"position\":1,\"name\":\"Home\",\"item\":\"https:\/\/plasticseurope.org\/de\/\"},{\"@type\":\"ListItem\",\"position\":2,\"name\":\"Nachhaltigkeit\",\"item\":\"https:\/\/plasticseurope.org\/de\/nachhaltigkeit\/\"},{\"@type\":\"ListItem\",\"position\":3,\"name\":\"Kreislaufwirtschaft\",\"item\":\"https:\/\/plasticseurope.org\/de\/nachhaltigkeit\/kreislaufwirtschaft\/\"},{\"@type\":\"ListItem\",\"position\":4,\"name\":\"Abfallmanagement und Abfallvermeidung\",\"item\":\"https:\/\/plasticseurope.org\/de\/nachhaltigkeit\/kreislaufwirtschaft\/abfallmanagement-und-abfallvermeidung\/\"},{\"@type\":\"ListItem\",\"position\":5,\"name\":\"Abfallsammlung und Sortierung\"}]},{\"@type\":\"WebSite\",\"@id\":\"https:\/\/plasticseurope.org\/de\/#website\",\"url\":\"https:\/\/plasticseurope.org\/de\/\",\"name\":\"Plastics Europe DE\",\"description\":\"Enabling a sustainable future\",\"potentialAction\":[{\"@type\":\"SearchAction\",\"target\":{\"@type\":\"EntryPoint\",\"urlTemplate\":\"https:\/\/plasticseurope.org\/de\/?s={search_term_string}\"},\"query-input\":\"required name=search_term_string\"}],\"inLanguage\":\"de-DE\"}]}<\/script>\n<!-- \/ Yoast SEO plugin. -->","yoast_head_json":{"title":"Abfallsammlung und Sortierung von Kunststoffabf\u00e4llen","description":"In der Kreislaufwirtschaft ist eine effektive Abfallsammlung ein wichtiger erster Schritt f\u00fcr effizientes Recycling.","robots":{"index":"index","follow":"follow","max-snippet":"max-snippet:-1","max-image-preview":"max-image-preview:large","max-video-preview":"max-video-preview:-1"},"canonical":"https:\/\/plasticseurope.org\/de\/nachhaltigkeit\/kreislaufwirtschaft\/abfallmanagement-und-abfallvermeidung\/abfallsammlung-und-sortierung\/","og_locale":"de_DE","og_type":"article","og_title":"Abfallsammlung und Sortierung von Kunststoffabf\u00e4llen","og_description":"In der Kreislaufwirtschaft ist eine effektive Abfallsammlung ein wichtiger erster Schritt f\u00fcr effizientes Recycling.","og_url":"https:\/\/plasticseurope.org\/de\/nachhaltigkeit\/kreislaufwirtschaft\/abfallmanagement-und-abfallvermeidung\/abfallsammlung-und-sortierung\/","og_site_name":"Plastics Europe DE","article_modified_time":"2025-03-02T19:46:55+00:00","og_image":[{"width":1024,"height":576,"url":"https:\/\/plasticseurope.org\/de\/wp-content\/uploads\/sites\/3\/2023\/06\/Plastics-Waste-Management_Shutterstock_Juicy-Flair-1024x576.png","type":"image\/png"}],"twitter_card":"summary_large_image","twitter_title":"Abfallsammlung und Sortierung von Kunststoffabf\u00e4llen","twitter_description":"In der Kreislaufwirtschaft ist eine effektive Abfallsammlung ein wichtiger erster Schritt f\u00fcr effizientes Recycling.","twitter_image":"https:\/\/plasticseurope.org\/de\/wp-content\/uploads\/sites\/3\/2023\/06\/Plastics-Waste-Management_Shutterstock_Juicy-Flair.png","twitter_misc":{"Gesch\u00e4tzte Lesezeit":"7 Minuten"},"schema":{"@context":"https:\/\/schema.org","@graph":[{"@type":"WebPage","@id":"https:\/\/plasticseurope.org\/de\/nachhaltigkeit\/kreislaufwirtschaft\/abfallmanagement-und-abfallvermeidung\/abfallsammlung-und-sortierung\/","url":"https:\/\/plasticseurope.org\/de\/nachhaltigkeit\/kreislaufwirtschaft\/abfallmanagement-und-abfallvermeidung\/abfallsammlung-und-sortierung\/","name":"Abfallsammlung und Sortierung von Kunststoffabf\u00e4llen","isPartOf":{"@id":"https:\/\/plasticseurope.org\/de\/#website"},"datePublished":"2023-07-14T12:22:56+00:00","dateModified":"2025-03-02T19:46:55+00:00","description":"In der Kreislaufwirtschaft ist eine effektive Abfallsammlung ein wichtiger erster Schritt f\u00fcr effizientes Recycling.","breadcrumb":{"@id":"https:\/\/plasticseurope.org\/de\/nachhaltigkeit\/kreislaufwirtschaft\/abfallmanagement-und-abfallvermeidung\/abfallsammlung-und-sortierung\/#breadcrumb"},"inLanguage":"de-DE","potentialAction":[{"@type":"ReadAction","target":["https:\/\/plasticseurope.org\/de\/nachhaltigkeit\/kreislaufwirtschaft\/abfallmanagement-und-abfallvermeidung\/abfallsammlung-und-sortierung\/"]}]},{"@type":"BreadcrumbList","@id":"https:\/\/plasticseurope.org\/de\/nachhaltigkeit\/kreislaufwirtschaft\/abfallmanagement-und-abfallvermeidung\/abfallsammlung-und-sortierung\/#breadcrumb","itemListElement":[{"@type":"ListItem","position":1,"name":"Home","item":"https:\/\/plasticseurope.org\/de\/"},{"@type":"ListItem","position":2,"name":"Nachhaltigkeit","item":"https:\/\/plasticseurope.org\/de\/nachhaltigkeit\/"},{"@type":"ListItem","position":3,"name":"Kreislaufwirtschaft","item":"https:\/\/plasticseurope.org\/de\/nachhaltigkeit\/kreislaufwirtschaft\/"},{"@type":"ListItem","position":4,"name":"Abfallmanagement und Abfallvermeidung","item":"https:\/\/plasticseurope.org\/de\/nachhaltigkeit\/kreislaufwirtschaft\/abfallmanagement-und-abfallvermeidung\/"},{"@type":"ListItem","position":5,"name":"Abfallsammlung und Sortierung"}]},{"@type":"WebSite","@id":"https:\/\/plasticseurope.org\/de\/#website","url":"https:\/\/plasticseurope.org\/de\/","name":"Plastics Europe DE","description":"Enabling a sustainable future","potentialAction":[{"@type":"SearchAction","target":{"@type":"EntryPoint","urlTemplate":"https:\/\/plasticseurope.org\/de\/?s={search_term_string}"},"query-input":"required name=search_term_string"}],"inLanguage":"de-DE"}]}},"_links":{"self":[{"href":"https:\/\/plasticseurope.org\/de\/wp-json\/wp\/v2\/pages\/3387","targetHints":{"allow":["GET"]}}],"collection":[{"href":"https:\/\/plasticseurope.org\/de\/wp-json\/wp\/v2\/pages"}],"about":[{"href":"https:\/\/plasticseurope.org\/de\/wp-json\/wp\/v2\/types\/page"}],"author":[{"embeddable":true,"href":"https:\/\/plasticseurope.org\/de\/wp-json\/wp\/v2\/users\/1"}],"replies":[{"embeddable":true,"href":"https:\/\/plasticseurope.org\/de\/wp-json\/wp\/v2\/comments?post=3387"}],"version-history":[{"count":0,"href":"https:\/\/plasticseurope.org\/de\/wp-json\/wp\/v2\/pages\/3387\/revisions"}],"up":[{"embeddable":true,"href":"https:\/\/plasticseurope.org\/de\/wp-json\/wp\/v2\/pages\/3363"}],"wp:featuredmedia":[{"embeddable":true,"href":"https:\/\/plasticseurope.org\/de\/wp-json\/wp\/v2\/media\/3058"}],"wp:attachment":[{"href":"https:\/\/plasticseurope.org\/de\/wp-json\/wp\/v2\/media?parent=3387"}],"curies":[{"name":"wp","href":"https:\/\/api.w.org\/{rel}","templated":true}]}}