{"id":3363,"date":"2023-07-14T11:16:02","date_gmt":"2023-07-14T11:16:02","guid":{"rendered":"https:\/\/plasticseurope.wpenginepowered.com\/de\/?page_id=3363"},"modified":"2025-03-02T19:46:47","modified_gmt":"2025-03-02T19:46:47","slug":"abfallmanagement-und-abfallvermeidung","status":"publish","type":"page","link":"https:\/\/plasticseurope.org\/de\/nachhaltigkeit\/kreislaufwirtschaft\/abfallmanagement-und-abfallvermeidung\/","title":{"rendered":"Abfallmanagement und Abfallvermeidung"},"content":{"rendered":"\n<div style=\"height:48px\" aria-hidden=\"true\" class=\"wp-block-spacer is-style-medium\"><\/div>\n\n\n\n<p>Der Wert von Kunststoffen, die fast \u00fcberall verwendet werden, hat auch zu einer der gr\u00f6\u00dften Herausforderungen gef\u00fchrt.&nbsp;Kunststoffe geh\u00f6ren nicht in unsere Umwelt, Nahrung oder in unser Trinkwasser.&nbsp;Wir vertreten die Haltung, dass jeglicher Kunststoffabfall in der Umwelt inakzeptabel ist.<\/p>\n\n\n\n<p>Um zu verhindern, dass Kunststoffabf\u00e4lle in die Umwelt gelangen, braucht es einen ganzheitlichen Ansatz, der auf Abfallvermeidung, Mehrweg, Reduzierung und Reparatur sowie der Transformation zur <a href=\"https:\/\/plasticseurope.org\/de\/nachhaltigkeit\/kreislaufwirtschaft\/\">Kreislaufwirtschaft <\/a>aufbaut. Wir m\u00fcssen daher alle uns zur Verf\u00fcgung stehenden Innovationen, Technologien und auf <a href=\"https:\/\/plasticseurope.org\/de\/nachhaltigkeit\/kreislaufwirtschaft\/life-cycle-thinking\/oekobilanz\/\">\u00d6kodesign <\/a>basierenden L\u00f6sungen nutzen, um den Anteil des Mehrwegs und des <a href=\"https:\/\/plasticseurope.org\/de\/nachhaltigkeit\/kreislaufwirtschaft\/recycling\/\">Recyclings <\/a>deutlich zu erh\u00f6hen, indem wir recycelbare Design entwickeln und moderne Recyclingtechnologien weiterentwickeln.<\/p>\n\n\n\n<div style=\"height:48px\" aria-hidden=\"true\" class=\"wp-block-spacer is-style-medium\"><\/div>\n\n\n\n<h2 class=\"wp-block-heading\">Partnerschaftlich f\u00fcr eine Kreislaufwirtschaft mit Kunststoffen<\/h2>\n\n\n\n<p>Wir engagieren uns in der <a href=\"https:\/\/single-market-economy.ec.europa.eu\/industry\/strategy\/industrial-alliances\/circular-plastics-alliance_en\">Circular Plastic Alliance<\/a>, um die Transformation zur Kreislaufwirtschaft in der Kunststoffindustrie zu beschleunigen und bis 2025 die 10 Millionen Tonnen recycelter Kunststoffe in neue europ\u00e4ische Produkte zu bringen. Wir engagieren uns auch in der <a href=\"https:\/\/www.basel.int\/Implementation\/Plasticwaste\/PlasticWastePartnership\/tabid\/8096\/Default.aspx\">Basel Convention Plastic Waste Partnership<\/a>, um praktische L\u00f6sungen zur Vermeidung von Kunststoffabf\u00e4llen zu entwickeln, Umweltgesundheit und soziale Auswirkungen von Abfallexporten.<\/p>\n\n\n\n<p>Dies erreichen wir, indem wir Hand in Hand mit unseren Partnern in der Wertsch\u00f6pfungskette \u2013 von Produzenten \u00fcber Technologieanbieter, Verarbeiter, Recycler und Markeninhaber \u2013 sowie mit der Regierung, der Zivilgesellschaft und den Verbrauchern zusammenarbeiten.<\/p>\n\n\n\n<div class=\"wp-block-media-text alignwide is-stacked-on-mobile\" id=\"rounded-md\"><figure class=\"wp-block-media-text__media\"><img decoding=\"async\" src=\"https:\/\/plasticseurope.org\/wp-content\/uploads\/2021\/10\/plastic-recyling-bins-paper-1024x683.jpg\" alt=\"\" class=\"wp-image-2318 size-full\" \/><\/figure><div class=\"wp-block-media-text__content\">\n<div class=\"wp-block-group my-24 is-layout-flow wp-block-group-is-layout-flow\">\n<h2 class=\"wp-block-heading\">Sortieren und Sammeln von Kunststoffabf\u00e4llen<\/h2>\n\n\n\n<p>Eine effektive Abfallsammlung und -sortierung ist der erste Schritt, um Kunststoffe zur\u00fcck in die Kreislaufwirtschaft zu bringen.&nbsp;Kunststoffe sind eine wertvolle Ressource, und wenn sie richtig gesammelt werden, tragen sie dazu bei, Abfall zu reduzieren und gleichzeitig neue Materialien f\u00fcr die Wiederverwendung zu schaffen.<\/p>\n\n\n\n<p>Lesen Sie mehr \u00fcber&nbsp;<a href=\"https:\/\/plasticseurope.org\/sustainability\/circularity\/waste-management-prevention\/sorting-collection\/\">Sortieren und Sammel und Sortieren von Kunststoffabf\u00e4llen<\/a><\/p>\n<\/div>\n<\/div><\/div>\n\n\n\n<div class=\"wp-block-media-text alignwide has-media-on-the-right is-stacked-on-mobile\" id=\"rounded-md\"><div class=\"wp-block-media-text__content\">\n<div class=\"wp-block-group my-24 is-layout-flow wp-block-group-is-layout-flow\">\n<h2 class=\"wp-block-heading\">Vermeidung von Pelletverlusten<\/h2>\n\n\n\n<p>W\u00e4hrend in der gesamten Kunststoffindustrie strenge Umwelt-, Sicherheits- und Qualit\u00e4tsmanagementkontrollen durchgef\u00fchrt werden, kann es in verschiedenen Phasen der Wertsch\u00f6pfungskette zu einem unbeabsichtigten Verlust von Pellets kommen, was dazu f\u00fchren kann, dass Pellets m\u00f6glicherweise in die Umwelt gelangen.&nbsp;Durch unsere Arbeit mit <a href=\"https:\/\/www.opcleansweep.org\/\">Operation Clean Sweep<\/a>\u00ae und die Umsetzung des Programms durch unsere Mitglieder leisten wir gro\u00dfe Schritte, um sicherzustellen, dass Pellets nicht in die Umwelt gelangen.<\/p>\n\n\n\n<p>Erfahren Sie mehr \u00fcber&nbsp;<a href=\"https:\/\/plasticseurope.org\/sustainability\/circularity\/waste-management-prevention\/pellet-loss-prevention\/\">die Vermeidung von Pelletverlusten<\/a><\/p>\n<\/div>\n<\/div><figure class=\"wp-block-media-text__media\"><img decoding=\"async\" src=\"https:\/\/plasticseurope.org\/wp-content\/uploads\/2021\/10\/plastic-pellets-white-with-hands-1-1024x683.jpg\" alt=\"\" class=\"wp-image-2517 size-full\" \/><\/figure><\/div>\n\n\n\n<div class=\"wp-block-media-text alignwide is-stacked-on-mobile\" id=\"rounded-md\"><figure class=\"wp-block-media-text__media\"><img decoding=\"async\" src=\"https:\/\/plasticseurope.org\/wp-content\/uploads\/2021\/11\/pexels-marta-ortigosa-3480494-1024x683.jpg\" alt=\"\" class=\"wp-image-4268 size-large\" \/><\/figure><div class=\"wp-block-media-text__content\">\n<div class=\"wp-block-group my-24 is-layout-flow wp-block-group-is-layout-flow\">\n<h2 class=\"wp-block-heading\">Vermeidung von Abfall in den Meeren<\/h2>\n\n\n\n<p>Meeresm\u00fcll entsteht durch eine Kombination von Faktoren, darunter die mangelnde ordnungsgem\u00e4\u00dfe Abfallbewirtschaftung in einigen Teilen der Welt und unangemessenes Abfallverhalten.&nbsp;Als Branche setzen wir auf Partnerschaften, um das Problem an der Wurzel zu packen.<\/p>\n\n\n\n<p>Lesen Sie mehr \u00fcber&nbsp;<a href=\"https:\/\/plasticseurope.org\/sustainability\/circularity\/waste-management-prevention\/marine-litter\/\">die Vermeidung von Abfall in den Meeren<\/a><\/p>\n\n\n\n<div class=\"wp-block-buttons is-layout-flex wp-block-buttons-is-layout-flex\"><\/div>\n<\/div>\n<\/div><\/div>\n\n\n\n<div class=\"wp-block-media-text alignwide has-media-on-the-right is-stacked-on-mobile\" id=\"rounded-md\"><div class=\"wp-block-media-text__content\">\n<div class=\"wp-block-group my-24 is-layout-flow wp-block-group-is-layout-flow\">\n<h2 class=\"wp-block-heading\">Vermeidung von Lebensmittelabf\u00e4llen<\/h2>\n\n\n\n<p>Da Lebensmittel vom Erzeuger bis zum Verbraucher von vielen Faktoren abh\u00e4ngen, tragen Kunststoffe dazu bei, dass Lebensmittelverschwendung auf dem Weg dorthin reduziert werden kann.&nbsp;Lebensmittelverpackungen aus Kunststoff tragen dazu bei, dass diese frisch, gesch\u00fctzt und frei von Verunreinigungen bleiben.<\/p>\n\n\n\n<p>Lesen Sie mehr \u00fcber die&nbsp;<a href=\"https:\/\/plasticseurope.org\/sustainability\/circularity\/waste-management-prevention\/food-waste\/\">Vermeidung von Lebensmittelabf\u00e4llen<\/a><\/p>\n<\/div>\n<\/div><figure class=\"wp-block-media-text__media\"><img decoding=\"async\" src=\"https:\/\/plasticseurope.org\/wp-content\/uploads\/2021\/10\/plastics-food-packaging-2-1024x683.jpg\" alt=\"\" class=\"wp-image-699 size-full\" \/><\/figure><\/div>\n\n\n\n<div class=\"wp-block-media-text alignwide is-stacked-on-mobile\" id=\"rounded-md\"><figure class=\"wp-block-media-text__media\"><img decoding=\"async\" src=\"https:\/\/plasticseurope.org\/wp-content\/uploads\/2021\/10\/plastics-water-bottle-1024x683.jpg\" alt=\"\" class=\"wp-image-2524 size-full\" \/><\/figure><div class=\"wp-block-media-text__content\">\n<div class=\"wp-block-group my-24 is-layout-flow wp-block-group-is-layout-flow\">\n<h2 class=\"wp-block-heading\">Kreislauff\u00e4hige Verpackungen<\/h2>\n\n\n\n<p>Kunststoffverpackungen haben viele Vorteile, von der Sicherheit und Hygiene der Gegenst\u00e4nde bis hin zur Reduzierung von Emissionen aufgrund ihrer leichten Eigenschaften.&nbsp;Verpackungen aus Kunststoff sind au\u00dferdem stabil, langlebig und k\u00f6nnen recycelt werden, sodass sie ein zweites Leben erhalten.<\/p>\n\n\n\n<p>Lesen Sie mehr \u00fcber&nbsp;<a href=\"https:\/\/plasticseurope.org\/plastics-explained\/plastics-in-use\/packaging-2\/\">Kreislauff\u00e4hige Verpackungen<\/a><\/p>\n<\/div>\n<\/div><\/div>\n","protected":false},"excerpt":{"rendered":"<p>Der Wert von Kunststoffen, die fast \u00fcberall verwendet werden, hat auch zu einer der gr\u00f6\u00dften Herausforderungen gef\u00fchrt.&nbsp;Kunststoffe geh\u00f6ren nicht in unsere Umwelt, Nahrung oder in unser Trinkwasser.&nbsp;Wir vertreten die Haltung, dass jeglicher Kunststoffabfall in der Umwelt inakzeptabel ist. Um zu verhindern, dass Kunststoffabf\u00e4lle in die Umwelt gelangen, braucht es einen ganzheitlichen Ansatz, der auf Abfallvermeidung, [&hellip;]<\/p>\n","protected":false},"author":1,"featured_media":990,"parent":1257,"menu_order":0,"comment_status":"closed","ping_status":"closed","template":"","meta":{"footnotes":""},"class_list":["post-3363","page","type-page","status-publish","has-post-thumbnail","hentry"],"acf":[],"yoast_head":"<!-- This site is optimized with the Yoast SEO plugin v21.6 - https:\/\/yoast.com\/wordpress\/plugins\/seo\/ -->\n<title>Abfallmanagement und Abfallvermeidung<\/title>\n<meta name=\"description\" content=\"Effektives Sammeln und Sortieren von Kunststoffabf\u00e4llen und Mehrwegsysteme tragen dazu bei, dass weniger Plastik in die Umwelt gelangt.\" \/>\n<meta name=\"robots\" content=\"index, follow, max-snippet:-1, max-image-preview:large, max-video-preview:-1\" \/>\n<link rel=\"canonical\" href=\"https:\/\/plasticseurope.org\/de\/nachhaltigkeit\/kreislaufwirtschaft\/abfallmanagement-und-abfallvermeidung\/\" \/>\n<meta property=\"og:locale\" content=\"de_DE\" \/>\n<meta property=\"og:type\" content=\"article\" \/>\n<meta property=\"og:title\" content=\"Abfallmanagement und Abfallvermeidung\" \/>\n<meta property=\"og:description\" content=\"Effektives Sammeln und Sortieren von Kunststoffabf\u00e4llen und Mehrwegsysteme tragen dazu bei, dass weniger Plastik in die Umwelt gelangt.\" \/>\n<meta property=\"og:url\" content=\"https:\/\/plasticseurope.org\/de\/nachhaltigkeit\/kreislaufwirtschaft\/abfallmanagement-und-abfallvermeidung\/\" \/>\n<meta property=\"og:site_name\" content=\"Plastics Europe DE\" \/>\n<meta property=\"article:modified_time\" content=\"2025-03-02T19:46:47+00:00\" \/>\n<meta property=\"og:image\" content=\"https:\/\/plasticseurope.org\/de\/wp-content\/uploads\/sites\/3\/2022\/02\/bioplastic-sustainable-coffee-cup-scaled.jpg\" \/>\n\t<meta property=\"og:image:width\" content=\"2560\" \/>\n\t<meta property=\"og:image:height\" content=\"1707\" \/>\n\t<meta property=\"og:image:type\" content=\"image\/jpeg\" \/>\n<meta name=\"twitter:card\" content=\"summary_large_image\" \/>\n<meta name=\"twitter:title\" content=\"Abfallmanagement und Abfallvermeidung\" \/>\n<meta name=\"twitter:description\" content=\"Effektives Sammeln und Sortieren von Kunststoffabf\u00e4llen und Mehrwegsysteme tragen dazu bei, dass weniger Plastik in die Umwelt gelangt.\" \/>\n<meta name=\"twitter:image\" content=\"https:\/\/plasticseurope.org\/de\/wp-content\/uploads\/sites\/3\/2022\/02\/bioplastic-sustainable-coffee-cup-scaled.jpg\" \/>\n<meta name=\"twitter:label1\" content=\"Gesch\u00e4tzte Lesezeit\" \/>\n\t<meta name=\"twitter:data1\" content=\"4 Minuten\" \/>\n<script type=\"application\/ld+json\" class=\"yoast-schema-graph\">{\"@context\":\"https:\/\/schema.org\",\"@graph\":[{\"@type\":\"WebPage\",\"@id\":\"https:\/\/plasticseurope.org\/de\/nachhaltigkeit\/kreislaufwirtschaft\/abfallmanagement-und-abfallvermeidung\/\",\"url\":\"https:\/\/plasticseurope.org\/de\/nachhaltigkeit\/kreislaufwirtschaft\/abfallmanagement-und-abfallvermeidung\/\",\"name\":\"Abfallmanagement und Abfallvermeidung\",\"isPartOf\":{\"@id\":\"https:\/\/plasticseurope.org\/de\/#website\"},\"datePublished\":\"2023-07-14T11:16:02+00:00\",\"dateModified\":\"2025-03-02T19:46:47+00:00\",\"description\":\"Effektives Sammeln und Sortieren von Kunststoffabf\u00e4llen und Mehrwegsysteme tragen dazu bei, dass weniger Plastik in die Umwelt gelangt.\",\"breadcrumb\":{\"@id\":\"https:\/\/plasticseurope.org\/de\/nachhaltigkeit\/kreislaufwirtschaft\/abfallmanagement-und-abfallvermeidung\/#breadcrumb\"},\"inLanguage\":\"de-DE\",\"potentialAction\":[{\"@type\":\"ReadAction\",\"target\":[\"https:\/\/plasticseurope.org\/de\/nachhaltigkeit\/kreislaufwirtschaft\/abfallmanagement-und-abfallvermeidung\/\"]}]},{\"@type\":\"BreadcrumbList\",\"@id\":\"https:\/\/plasticseurope.org\/de\/nachhaltigkeit\/kreislaufwirtschaft\/abfallmanagement-und-abfallvermeidung\/#breadcrumb\",\"itemListElement\":[{\"@type\":\"ListItem\",\"position\":1,\"name\":\"Home\",\"item\":\"https:\/\/plasticseurope.org\/de\/\"},{\"@type\":\"ListItem\",\"position\":2,\"name\":\"Nachhaltigkeit\",\"item\":\"https:\/\/plasticseurope.org\/de\/nachhaltigkeit\/\"},{\"@type\":\"ListItem\",\"position\":3,\"name\":\"Kreislaufwirtschaft\",\"item\":\"https:\/\/plasticseurope.org\/de\/nachhaltigkeit\/kreislaufwirtschaft\/\"},{\"@type\":\"ListItem\",\"position\":4,\"name\":\"Abfallmanagement und Abfallvermeidung\"}]},{\"@type\":\"WebSite\",\"@id\":\"https:\/\/plasticseurope.org\/de\/#website\",\"url\":\"https:\/\/plasticseurope.org\/de\/\",\"name\":\"Plastics Europe DE\",\"description\":\"Enabling a sustainable future\",\"potentialAction\":[{\"@type\":\"SearchAction\",\"target\":{\"@type\":\"EntryPoint\",\"urlTemplate\":\"https:\/\/plasticseurope.org\/de\/?s={search_term_string}\"},\"query-input\":\"required name=search_term_string\"}],\"inLanguage\":\"de-DE\"}]}<\/script>\n<!-- \/ Yoast SEO plugin. -->","yoast_head_json":{"title":"Abfallmanagement und Abfallvermeidung","description":"Effektives Sammeln und Sortieren von Kunststoffabf\u00e4llen und Mehrwegsysteme tragen dazu bei, dass weniger Plastik in die Umwelt gelangt.","robots":{"index":"index","follow":"follow","max-snippet":"max-snippet:-1","max-image-preview":"max-image-preview:large","max-video-preview":"max-video-preview:-1"},"canonical":"https:\/\/plasticseurope.org\/de\/nachhaltigkeit\/kreislaufwirtschaft\/abfallmanagement-und-abfallvermeidung\/","og_locale":"de_DE","og_type":"article","og_title":"Abfallmanagement und Abfallvermeidung","og_description":"Effektives Sammeln und Sortieren von Kunststoffabf\u00e4llen und Mehrwegsysteme tragen dazu bei, dass weniger Plastik in die Umwelt gelangt.","og_url":"https:\/\/plasticseurope.org\/de\/nachhaltigkeit\/kreislaufwirtschaft\/abfallmanagement-und-abfallvermeidung\/","og_site_name":"Plastics Europe DE","article_modified_time":"2025-03-02T19:46:47+00:00","og_image":[{"width":2560,"height":1707,"url":"https:\/\/plasticseurope.org\/de\/wp-content\/uploads\/sites\/3\/2022\/02\/bioplastic-sustainable-coffee-cup-scaled.jpg","type":"image\/jpeg"}],"twitter_card":"summary_large_image","twitter_title":"Abfallmanagement und Abfallvermeidung","twitter_description":"Effektives Sammeln und Sortieren von Kunststoffabf\u00e4llen und Mehrwegsysteme tragen dazu bei, dass weniger Plastik in die Umwelt gelangt.","twitter_image":"https:\/\/plasticseurope.org\/de\/wp-content\/uploads\/sites\/3\/2022\/02\/bioplastic-sustainable-coffee-cup-scaled.jpg","twitter_misc":{"Gesch\u00e4tzte Lesezeit":"4 Minuten"},"schema":{"@context":"https:\/\/schema.org","@graph":[{"@type":"WebPage","@id":"https:\/\/plasticseurope.org\/de\/nachhaltigkeit\/kreislaufwirtschaft\/abfallmanagement-und-abfallvermeidung\/","url":"https:\/\/plasticseurope.org\/de\/nachhaltigkeit\/kreislaufwirtschaft\/abfallmanagement-und-abfallvermeidung\/","name":"Abfallmanagement und Abfallvermeidung","isPartOf":{"@id":"https:\/\/plasticseurope.org\/de\/#website"},"datePublished":"2023-07-14T11:16:02+00:00","dateModified":"2025-03-02T19:46:47+00:00","description":"Effektives Sammeln und Sortieren von Kunststoffabf\u00e4llen und Mehrwegsysteme tragen dazu bei, dass weniger Plastik in die Umwelt gelangt.","breadcrumb":{"@id":"https:\/\/plasticseurope.org\/de\/nachhaltigkeit\/kreislaufwirtschaft\/abfallmanagement-und-abfallvermeidung\/#breadcrumb"},"inLanguage":"de-DE","potentialAction":[{"@type":"ReadAction","target":["https:\/\/plasticseurope.org\/de\/nachhaltigkeit\/kreislaufwirtschaft\/abfallmanagement-und-abfallvermeidung\/"]}]},{"@type":"BreadcrumbList","@id":"https:\/\/plasticseurope.org\/de\/nachhaltigkeit\/kreislaufwirtschaft\/abfallmanagement-und-abfallvermeidung\/#breadcrumb","itemListElement":[{"@type":"ListItem","position":1,"name":"Home","item":"https:\/\/plasticseurope.org\/de\/"},{"@type":"ListItem","position":2,"name":"Nachhaltigkeit","item":"https:\/\/plasticseurope.org\/de\/nachhaltigkeit\/"},{"@type":"ListItem","position":3,"name":"Kreislaufwirtschaft","item":"https:\/\/plasticseurope.org\/de\/nachhaltigkeit\/kreislaufwirtschaft\/"},{"@type":"ListItem","position":4,"name":"Abfallmanagement und Abfallvermeidung"}]},{"@type":"WebSite","@id":"https:\/\/plasticseurope.org\/de\/#website","url":"https:\/\/plasticseurope.org\/de\/","name":"Plastics Europe DE","description":"Enabling a sustainable future","potentialAction":[{"@type":"SearchAction","target":{"@type":"EntryPoint","urlTemplate":"https:\/\/plasticseurope.org\/de\/?s={search_term_string}"},"query-input":"required name=search_term_string"}],"inLanguage":"de-DE"}]}},"_links":{"self":[{"href":"https:\/\/plasticseurope.org\/de\/wp-json\/wp\/v2\/pages\/3363","targetHints":{"allow":["GET"]}}],"collection":[{"href":"https:\/\/plasticseurope.org\/de\/wp-json\/wp\/v2\/pages"}],"about":[{"href":"https:\/\/plasticseurope.org\/de\/wp-json\/wp\/v2\/types\/page"}],"author":[{"embeddable":true,"href":"https:\/\/plasticseurope.org\/de\/wp-json\/wp\/v2\/users\/1"}],"replies":[{"embeddable":true,"href":"https:\/\/plasticseurope.org\/de\/wp-json\/wp\/v2\/comments?post=3363"}],"version-history":[{"count":0,"href":"https:\/\/plasticseurope.org\/de\/wp-json\/wp\/v2\/pages\/3363\/revisions"}],"up":[{"embeddable":true,"href":"https:\/\/plasticseurope.org\/de\/wp-json\/wp\/v2\/pages\/1257"}],"wp:featuredmedia":[{"embeddable":true,"href":"https:\/\/plasticseurope.org\/de\/wp-json\/wp\/v2\/media\/990"}],"wp:attachment":[{"href":"https:\/\/plasticseurope.org\/de\/wp-json\/wp\/v2\/media?parent=3363"}],"curies":[{"name":"wp","href":"https:\/\/api.w.org\/{rel}","templated":true}]}}