{"id":334,"date":"2023-03-08T13:53:16","date_gmt":"2023-03-08T13:53:16","guid":{"rendered":"https:\/\/plasticseurope.wpenginepowered.com\/de\/?page_id=334"},"modified":"2026-01-05T10:04:16","modified_gmt":"2026-01-05T10:04:16","slug":"mitglieder","status":"publish","type":"page","link":"https:\/\/plasticseurope.org\/de\/uber-uns\/mitglieder\/","title":{"rendered":"Mitglieder"},"content":{"rendered":"\n<h2 class=\"wp-block-heading\">Liste der Mitgliedsunternehmen von PlasticsEurope Deutschland e. V.<\/h2>\n\n\n\n<div style=\"height:100px\" aria-hidden=\"true\" class=\"wp-block-spacer\"><\/div>\n\n\n\n<ul class=\"wp-block-list\">\n<li>Akdeniz Chemson Additives GmbH, K\u00f6ln<\/li>\n\n\n\n<li>Allod Werkstoff GmbH &amp; Co. KG, Burgbernheim<\/li>\n\n\n\n<li>ALTANA AG, Wesel<\/li>\n\n\n\n<li>ARCUS Greencycling Technologies GmbH, Ludwigsburg<\/li>\n\n\n\n<li>Arkema GmbH, D\u00fcsseldorf<\/li>\n\n\n\n<li>Asahi Kasei Europe GmbH, D\u00fcsseldorf<\/li>\n\n\n\n<li>Baerlocher GmbH, M\u00fcnchen<\/li>\n\n\n\n<li>BASF SE, Ludwigshafen<\/li>\n\n\n\n<li>BASF Performance Polymers GmbH, Rudolstadt<\/li>\n\n\n\n<li>BASF Personal Care and Nutrition, D\u00fcsseldorf\/Monheim<\/li>\n\n\n\n<li>Basell Polyolefine GmbH, Wesseling<\/li>\n\n\n\n<li>Borealis Polymer GmbH, Burghausen<\/li>\n\n\n\n<li>Brenntag SE, Essen<\/li>\n\n\n\n<li>Cabot GmbH, Rheinfelden<\/li>\n\n\n\n<li>CARBOLIQ GmbH, Remscheid<\/li>\n\n\n\n<li>Celanese Sales Germany GmbH, Sulzbach<\/li>\n\n\n\n<li>Clariant Plastics &amp; Coatings (Deutschland) GmbH, Gersthofen&nbsp;<\/li>\n\n\n\n<li>Covestro Deutschland AG, Leverkusen<\/li>\n\n\n\n<li>Deutsche Infineum GmbH &amp; Co. KG, K\u00f6ln<\/li>\n\n\n\n<li>Dow Deutschland Anlagengesellschaft, Wiesbaden<\/li>\n\n\n\n<li>Dow Olefinverbund GmbH, Merseburg<\/li>\n\n\n\n<li>DuPont de Nemours (Deutschland) GmbH, Neu Isenburg<\/li>\n\n\n\n<li>Emery Oleochemicals GmbH, D\u00fcsseldorf<\/li>\n\n\n\n<li>Evonik Industries AG, Hanau<\/li>\n\n\n\n<li>ExxonMobil Chemical Central Europe A division of ESSO Deutschland GmbH, K\u00f6ln<\/li>\n\n\n\n<li>Gustav Grolman GmbH &amp; Co. KG, Neuss<\/li>\n\n\n\n<li>Huckfeldt &amp; Thorlichen GmbH &amp; Co., Tornesch<\/li>\n\n\n\n<li>Huntsman Advanced Materials (Deutschland) GmbH &amp; Co., Bergkamen<\/li>\n\n\n\n<li>IKA Innovative Kunststoffaufbereitung GmbH &amp; Co. KG, Wolfen<\/li>\n\n\n\n<li>Ineos Manufacturing Deutschland GmbH, K\u00f6ln<\/li>\n\n\n\n<li>INOVYN Deutschland GmbH, Rheinberg<\/li>\n\n\n\n<li>Kisuma Chemicals BV, Veendam<\/li>\n\n\n\n<li>Lanxess Organometallics GmbH, K\u00f6ln<\/li>\n\n\n\n<li>Lehmann &amp; Voss &amp; Co. KG, Hamburg<\/li>\n\n\n\n<li>matterr GmbH, Braunschweig<\/li>\n\n\n\n<li>Nabaltec AG, Schwandorf<\/li>\n\n\n\n<li>Neste Germany GmbH, D\u00fcsseldorf<\/li>\n\n\n\n<li>Otto Krahn Group, Hamburg<\/li>\n\n\n\n<li>Peter Greven GmbH &amp; Co. KG, Bad M\u00fcnstereifel<\/li>\n\n\n\n<li>PLIXXENT Holding GmbH, Hamburg<\/li>\n\n\n\n<li>Polymaterials AG, Kaufbeuren<\/li>\n\n\n\n<li>Rain Carbon Germany GmbH, Duisburg<\/li>\n\n\n\n<li>R\u00f6hm GmbH, Darmstadt<\/li>\n\n\n\n<li>Sabic Holding Deutschland GmbH, Gelsenkirchen<\/li>\n\n\n\n<li>Sasol Germany GmbH, Hamburg<\/li>\n\n\n\n<li>Syensqo Specialty Polymers Germany GmbH, D\u00fcsseldorf<\/li>\n\n\n\n<li>Trinseo Deutschland GmbH, Schkopau<\/li>\n\n\n\n<li>UL International Germany GmbH, Krefeld<\/li>\n\n\n\n<li>uppolluX GmbH &amp; Co. KG, Tuttlingen<\/li>\n\n\n\n<li>Versalis Deutschland GmbH, Eschborn<\/li>\n\n\n\n<li>Vestolit GmbH, Marl<\/li>\n\n\n\n<li>Vynova Wilhelmshaven GmbH, Wilhelmshaven&nbsp;<\/li>\n\n\n\n<li>Wacker Chemie AG, M\u00fcnchen<\/li>\n\n\n\n<li>Westlake Vinnolit GmbH &amp; Co. KG, Ismaning<\/li>\n<\/ul>\n\n\n\n<div style=\"height:100px\" aria-hidden=\"true\" class=\"wp-block-spacer\"><\/div>\n\n\n\n<h2 class=\"wp-block-heading\">Ausserordentliche Mitglieder<\/h2>\n\n\n\n<p>\u2022 Innonet Kunststoff Technologiezentrum Horb GmbH &amp; Co. KG<br>\u2022 kunststoffland NRW e. V.<br>\u2022 Kunststoffnetzwerk Ems-Achse, Nordhorn<br>\u2022 Norddeutsches Kunststoffnetzwerk NORKUN<br>\u2022 PlasticsEurope Austria<br>\u2022 Polykum e.V. F\u00f6rdergemeinschaft f\u00fcr Polymerentwicklung und Kunststofftechnik in Mitteldeutschland<br>\u2022 WAK &#8211; Wissenschaftlicher Arbeitskreis Kunststofftechnik<br>\u2022 WIP-Kunststoffe e. V.<\/p>\n\n\n\n<div style=\"height:100px\" aria-hidden=\"true\" class=\"wp-block-spacer\"><\/div>\n\n\n\n<p>Mit der wachsenden Anzahl der Mitglieder vertreten wir immer besser die Kunststoffindustrie in Europa, was wiederum unsere Position im Umgang mit den Akteuren der Branche st\u00e4rkt. Im Ergebnis sind wir besser in der Lage, das Bewusstsein um die positiven Beitr\u00e4ge, welche die Kunststoffe in der modernen Gesellschaft leisten, zu steigern und irrige Meinungen und Fehlinformationen zu widerlegen. Dar\u00fcber hinaus erm\u00f6glicht uns eine gr\u00f6\u00dfere Mitgliederzahl, die Bandbreite an Informationen und Dienstleistungen, die wir allen Mitgliedern zur Verf\u00fcgung stellen, zu verbessern und zu erweitern.<\/p>\n\n\n\n<p>Wir ermuntern alle Hersteller von Polymeren, die&nbsp; in der europ\u00e4ischen Kunststoffindustrie t\u00e4tig sind, Mitglied bei PlasticsEurope zu werden.<\/p>\n","protected":false},"excerpt":{"rendered":"<p>Liste der Mitgliedsunternehmen von PlasticsEurope Deutschland e. V. Ausserordentliche Mitglieder \u2022 Innonet Kunststoff Technologiezentrum Horb GmbH &amp; Co. KG\u2022 kunststoffland NRW e. V.\u2022 Kunststoffnetzwerk Ems-Achse, Nordhorn\u2022 Norddeutsches Kunststoffnetzwerk NORKUN\u2022 PlasticsEurope Austria\u2022 Polykum e.V. F\u00f6rdergemeinschaft f\u00fcr Polymerentwicklung und Kunststofftechnik in Mitteldeutschland\u2022 WAK &#8211; Wissenschaftlicher Arbeitskreis Kunststofftechnik\u2022 WIP-Kunststoffe e. V. Mit der wachsenden Anzahl der Mitglieder vertreten [&hellip;]<\/p>\n","protected":false},"author":30,"featured_media":0,"parent":56,"menu_order":0,"comment_status":"closed","ping_status":"closed","template":"","meta":{"footnotes":""},"class_list":["post-334","page","type-page","status-publish","hentry"],"acf":[],"yoast_head":"<!-- This site is optimized with the Yoast SEO plugin v21.6 - https:\/\/yoast.com\/wordpress\/plugins\/seo\/ -->\n<title>Mitglieder - Plastics Europe DE<\/title>\n<meta name=\"robots\" content=\"index, follow, max-snippet:-1, max-image-preview:large, max-video-preview:-1\" \/>\n<link rel=\"canonical\" href=\"https:\/\/plasticseurope.org\/de\/uber-uns\/mitglieder\/\" \/>\n<meta property=\"og:locale\" content=\"de_DE\" \/>\n<meta property=\"og:type\" content=\"article\" \/>\n<meta property=\"og:title\" content=\"Mitglieder - Plastics Europe DE\" \/>\n<meta property=\"og:description\" content=\"Liste der Mitgliedsunternehmen von PlasticsEurope Deutschland e. V. Ausserordentliche Mitglieder \u2022 Innonet Kunststoff Technologiezentrum Horb GmbH &amp; Co. KG\u2022 kunststoffland NRW e. V.\u2022 Kunststoffnetzwerk Ems-Achse, Nordhorn\u2022 Norddeutsches Kunststoffnetzwerk NORKUN\u2022 PlasticsEurope Austria\u2022 Polykum e.V. F\u00f6rdergemeinschaft f\u00fcr Polymerentwicklung und Kunststofftechnik in Mitteldeutschland\u2022 WAK &#8211; Wissenschaftlicher Arbeitskreis Kunststofftechnik\u2022 WIP-Kunststoffe e. V. Mit der wachsenden Anzahl der Mitglieder vertreten [&hellip;]\" \/>\n<meta property=\"og:url\" content=\"https:\/\/plasticseurope.org\/de\/uber-uns\/mitglieder\/\" \/>\n<meta property=\"og:site_name\" content=\"Plastics Europe DE\" \/>\n<meta property=\"article:modified_time\" content=\"2026-01-05T10:04:16+00:00\" \/>\n<meta name=\"twitter:card\" content=\"summary_large_image\" \/>\n<meta name=\"twitter:label1\" content=\"Gesch\u00e4tzte Lesezeit\" \/>\n\t<meta name=\"twitter:data1\" content=\"3 Minuten\" \/>\n<script type=\"application\/ld+json\" class=\"yoast-schema-graph\">{\"@context\":\"https:\/\/schema.org\",\"@graph\":[{\"@type\":\"WebPage\",\"@id\":\"https:\/\/plasticseurope.org\/de\/uber-uns\/mitglieder\/\",\"url\":\"https:\/\/plasticseurope.org\/de\/uber-uns\/mitglieder\/\",\"name\":\"Mitglieder - Plastics Europe DE\",\"isPartOf\":{\"@id\":\"https:\/\/plasticseurope.org\/de\/#website\"},\"datePublished\":\"2023-03-08T13:53:16+00:00\",\"dateModified\":\"2026-01-05T10:04:16+00:00\",\"breadcrumb\":{\"@id\":\"https:\/\/plasticseurope.org\/de\/uber-uns\/mitglieder\/#breadcrumb\"},\"inLanguage\":\"de-DE\",\"potentialAction\":[{\"@type\":\"ReadAction\",\"target\":[\"https:\/\/plasticseurope.org\/de\/uber-uns\/mitglieder\/\"]}]},{\"@type\":\"BreadcrumbList\",\"@id\":\"https:\/\/plasticseurope.org\/de\/uber-uns\/mitglieder\/#breadcrumb\",\"itemListElement\":[{\"@type\":\"ListItem\",\"position\":1,\"name\":\"Home\",\"item\":\"https:\/\/plasticseurope.org\/de\/\"},{\"@type\":\"ListItem\",\"position\":2,\"name\":\"\u00dcber uns\",\"item\":\"https:\/\/plasticseurope.org\/de\/uber-uns\/\"},{\"@type\":\"ListItem\",\"position\":3,\"name\":\"Mitglieder\"}]},{\"@type\":\"WebSite\",\"@id\":\"https:\/\/plasticseurope.org\/de\/#website\",\"url\":\"https:\/\/plasticseurope.org\/de\/\",\"name\":\"Plastics Europe DE\",\"description\":\"Enabling a sustainable future\",\"potentialAction\":[{\"@type\":\"SearchAction\",\"target\":{\"@type\":\"EntryPoint\",\"urlTemplate\":\"https:\/\/plasticseurope.org\/de\/?s={search_term_string}\"},\"query-input\":\"required name=search_term_string\"}],\"inLanguage\":\"de-DE\"}]}<\/script>\n<!-- \/ Yoast SEO plugin. -->","yoast_head_json":{"title":"Mitglieder - Plastics Europe DE","robots":{"index":"index","follow":"follow","max-snippet":"max-snippet:-1","max-image-preview":"max-image-preview:large","max-video-preview":"max-video-preview:-1"},"canonical":"https:\/\/plasticseurope.org\/de\/uber-uns\/mitglieder\/","og_locale":"de_DE","og_type":"article","og_title":"Mitglieder - Plastics Europe DE","og_description":"Liste der Mitgliedsunternehmen von PlasticsEurope Deutschland e. V. Ausserordentliche Mitglieder \u2022 Innonet Kunststoff Technologiezentrum Horb GmbH &amp; Co. KG\u2022 kunststoffland NRW e. V.\u2022 Kunststoffnetzwerk Ems-Achse, Nordhorn\u2022 Norddeutsches Kunststoffnetzwerk NORKUN\u2022 PlasticsEurope Austria\u2022 Polykum e.V. F\u00f6rdergemeinschaft f\u00fcr Polymerentwicklung und Kunststofftechnik in Mitteldeutschland\u2022 WAK &#8211; Wissenschaftlicher Arbeitskreis Kunststofftechnik\u2022 WIP-Kunststoffe e. V. Mit der wachsenden Anzahl der Mitglieder vertreten [&hellip;]","og_url":"https:\/\/plasticseurope.org\/de\/uber-uns\/mitglieder\/","og_site_name":"Plastics Europe DE","article_modified_time":"2026-01-05T10:04:16+00:00","twitter_card":"summary_large_image","twitter_misc":{"Gesch\u00e4tzte Lesezeit":"3 Minuten"},"schema":{"@context":"https:\/\/schema.org","@graph":[{"@type":"WebPage","@id":"https:\/\/plasticseurope.org\/de\/uber-uns\/mitglieder\/","url":"https:\/\/plasticseurope.org\/de\/uber-uns\/mitglieder\/","name":"Mitglieder - Plastics Europe DE","isPartOf":{"@id":"https:\/\/plasticseurope.org\/de\/#website"},"datePublished":"2023-03-08T13:53:16+00:00","dateModified":"2026-01-05T10:04:16+00:00","breadcrumb":{"@id":"https:\/\/plasticseurope.org\/de\/uber-uns\/mitglieder\/#breadcrumb"},"inLanguage":"de-DE","potentialAction":[{"@type":"ReadAction","target":["https:\/\/plasticseurope.org\/de\/uber-uns\/mitglieder\/"]}]},{"@type":"BreadcrumbList","@id":"https:\/\/plasticseurope.org\/de\/uber-uns\/mitglieder\/#breadcrumb","itemListElement":[{"@type":"ListItem","position":1,"name":"Home","item":"https:\/\/plasticseurope.org\/de\/"},{"@type":"ListItem","position":2,"name":"\u00dcber uns","item":"https:\/\/plasticseurope.org\/de\/uber-uns\/"},{"@type":"ListItem","position":3,"name":"Mitglieder"}]},{"@type":"WebSite","@id":"https:\/\/plasticseurope.org\/de\/#website","url":"https:\/\/plasticseurope.org\/de\/","name":"Plastics Europe DE","description":"Enabling a sustainable future","potentialAction":[{"@type":"SearchAction","target":{"@type":"EntryPoint","urlTemplate":"https:\/\/plasticseurope.org\/de\/?s={search_term_string}"},"query-input":"required name=search_term_string"}],"inLanguage":"de-DE"}]}},"_links":{"self":[{"href":"https:\/\/plasticseurope.org\/de\/wp-json\/wp\/v2\/pages\/334","targetHints":{"allow":["GET"]}}],"collection":[{"href":"https:\/\/plasticseurope.org\/de\/wp-json\/wp\/v2\/pages"}],"about":[{"href":"https:\/\/plasticseurope.org\/de\/wp-json\/wp\/v2\/types\/page"}],"author":[{"embeddable":true,"href":"https:\/\/plasticseurope.org\/de\/wp-json\/wp\/v2\/users\/30"}],"replies":[{"embeddable":true,"href":"https:\/\/plasticseurope.org\/de\/wp-json\/wp\/v2\/comments?post=334"}],"version-history":[{"count":0,"href":"https:\/\/plasticseurope.org\/de\/wp-json\/wp\/v2\/pages\/334\/revisions"}],"up":[{"embeddable":true,"href":"https:\/\/plasticseurope.org\/de\/wp-json\/wp\/v2\/pages\/56"}],"wp:attachment":[{"href":"https:\/\/plasticseurope.org\/de\/wp-json\/wp\/v2\/media?parent=334"}],"curies":[{"name":"wp","href":"https:\/\/api.w.org\/{rel}","templated":true}]}}