{"id":3289,"date":"2023-07-13T15:44:54","date_gmt":"2023-07-13T15:44:54","guid":{"rendered":"https:\/\/plasticseurope.wpenginepowered.com\/de\/?page_id=3289"},"modified":"2025-03-02T19:48:26","modified_gmt":"2025-03-02T19:48:26","slug":"kein-plastik-auf-der-mulldeponie","status":"publish","type":"page","link":"https:\/\/plasticseurope.org\/de\/nachhaltigkeit\/kreislaufwirtschaft\/recycling\/kein-plastik-auf-der-mulldeponie\/","title":{"rendered":"Deponierungsverbot &#8211; Kein Plastik auf der M\u00fclldeponie"},"content":{"rendered":"\n<p>Die Maximierung der Ressource Abfall ist der Schl\u00fcssel zur F\u00f6rderung der Ressourceneffizienz und zur Beschleunigung der Kreislaufwirtschaft.&nbsp;Am Ende ihrer Lebensdauer enthalten Kunststoffe Ressourcen, die zu wertvoll sind, um weggeworfen zu werden.&nbsp;Sie k\u00f6nnen wieder zu neuen Produkten oder chemischen Rohstoffen recycelt werden oder, wo dies noch nicht m\u00f6glich oder nachhaltig ist, zur Energier\u00fcckgewinnung als Ersatz f\u00fcr neue fossile Brennstoffe verwendet werden, bis nachhaltigere fortschrittliche Recyclingtechnologien verf\u00fcgbar sind.<\/p>\n\n\n\n<div style=\"height:16px\" aria-hidden=\"true\" class=\"wp-block-spacer is-style-small\"><\/div>\n\n\n\n<p>Dank zunehmender Deponiebeschr\u00e4nkungen der europ\u00e4ischen Mitgliedsstaaten und kontinuierlicher Bem\u00fchungen der gesamten Wertsch\u00f6pfungskette, in die notwendigen Infrastruktursysteme zur R\u00fcckgewinnung von Kunststoffprodukten am Ende ihrer Lebensdauer zu investieren, ist die Menge der auf Deponien verbrachten Kunststoffabf\u00e4lle um 44 % zur\u00fcckgegangen % zwischen 2006 und 2018. Dies entspricht 5,7 Mio. Tonnen eingesparter Ressourcen.&nbsp;Es muss jedoch noch mehr getan werden, um diese wertvollen Ressourcen zu nutzen, da im Jahr 2018 immer noch mehr als 7,2 Mio. Tonnen Kunststoffabf\u00e4lle (davon 3,3 Mio. Tonnen Kunststoffverpackungen) auf Deponien landeten.&nbsp;Dies unterstreicht die Notwendigkeit geeigneter regulatorischer Rahmenbedingungen (weitere Deponiebeschr\u00e4nkungen, harmonisierte Sammelsysteme, Instrumente zur F\u00f6rderung der Verwendung von recyceltem Kunststoff), kontinuierlicher Investitionen in Innovation und der erforderlichen Sortier- und Recyclinginfrastruktur.<\/p>\n\n\n\n<div style=\"height:48px\" aria-hidden=\"true\" class=\"wp-block-spacer is-style-small\"><\/div>\n\n\n\n<h2 class=\"wp-block-heading\">Der Beitrag von Plastics Europe zur Debatte<\/h2>\n\n\n\n<p>Unser langfristiges Ziel ist es, dass keine Kunststoffe mehr auf Deponien landen, um eine verst\u00e4rkte Sammlung und Sortierung f\u00fcr das Recycling zu erm\u00f6glichen.&nbsp;Seit Anfang der 1990er Jahre sind europ\u00e4ische Kunststoffhersteller engagiert und bereit, zur Verbesserung der Systeme zur Kunststoffabfallbewirtschaftung beizutragen.<\/p>\n\n\n\n<div style=\"height:48px\" aria-hidden=\"true\" class=\"wp-block-spacer\"><\/div>\n\n\n\n<div class=\"wp-block-columns is-layout-flex wp-container-core-columns-is-layout-28f84493 wp-block-columns-is-layout-flex\">\n<div class=\"wp-block-column is-layout-flow wp-block-column-is-layout-flow\">\n<p class=\"has-extra-large-font-size\"><strong>Um das volle Potenzial dieser wertvollen Ressource auszusch\u00f6pfen, fordern wir:<\/strong><\/p>\n\n\n\n<ul class=\"wp-block-list\">\n<li>ein Deponieverbot f\u00fcr alle recycelbaren und verwertbaren Post-Consumer-Abf\u00e4lle bis 2025.<\/li>\n<\/ul>\n\n\n\n<div style=\"height:16px\" aria-hidden=\"true\" class=\"wp-block-spacer is-style-small\"><\/div>\n\n\n\n<ul class=\"wp-block-list\">\n<li>die Einrichtung verwertungsorientierter Sammelsysteme, insbesondere einer harmonisierten getrennten Sammlung aller Verpackungen.<\/li>\n<\/ul>\n\n\n\n<div style=\"height:16px\" aria-hidden=\"true\" class=\"wp-block-spacer is-style-small\"><\/div>\n\n\n\n<ul class=\"wp-block-list\">\n<li>Investitionen in moderne Sammel- und Sortierinfrastruktur und alle Recyclingtechnologien, einschlie\u00dflich chemischem Recycling.<\/li>\n<\/ul>\n\n\n\n<div style=\"height:48px\" aria-hidden=\"true\" class=\"wp-block-spacer is-style-small\"><\/div>\n\n\n\n<ul class=\"wp-block-list\">\n<li>Einbeziehung aller Recyclingtechnologien in bestehende nationale und EU-Ziele, die bis heute unter dem Gesichtspunkt des mechanischen Recyclings formuliert wurden.<\/li>\n<\/ul>\n<\/div>\n\n\n\n<div class=\"wp-block-column is-layout-flow wp-block-column-is-layout-flow\">\n<figure class=\"wp-block-image size-large rounded-md\"><img decoding=\"async\" src=\"https:\/\/plasticseurope.org\/wp-content\/uploads\/2021\/10\/plastic-kids-recycling-circular-economy-1024x576.jpg\" alt=\"\" class=\"wp-image-2619\" \/><\/figure>\n<\/div>\n<\/div>\n\n\n\n<div style=\"height:100px\" aria-hidden=\"true\" class=\"wp-block-spacer is-style-medium\"><\/div>\n\n\n\n<div class=\"wp-block-columns is-layout-flex wp-container-core-columns-is-layout-28f84493 wp-block-columns-is-layout-flex\">\n<div class=\"wp-block-column is-layout-flow wp-block-column-is-layout-flow\">\n<figure class=\"wp-block-image size-large rounded-md\"><img decoding=\"async\" src=\"https:\/\/plasticseurope.org\/wp-content\/uploads\/2021\/10\/plastic-recycling-bottle-1024x683.jpg\" alt=\"\" class=\"wp-image-2628\" \/><\/figure>\n<\/div>\n\n\n\n<div class=\"wp-block-column is-layout-flow wp-block-column-is-layout-flow\">\n<p class=\"has-text-align-left has-extra-large-font-size\"><strong>Wir verfolgen unser Ziel, keine Kunststoffe auf Deponien zu entsorgen, durch:<\/strong><\/p>\n\n\n\n<div style=\"height:16px\" aria-hidden=\"true\" class=\"wp-block-spacer is-style-small\"><\/div>\n\n\n\n<ul class=\"wp-block-list\">\n<li>spezifisches Know-how und Fachwissen, zusammengestellt durch Studien und gr\u00fcndliche Bewertungen von Praktiken in leistungsstarken Mitgliedstaaten.<\/li>\n<\/ul>\n\n\n\n<div style=\"height:16px\" aria-hidden=\"true\" class=\"wp-block-spacer is-style-small\"><\/div>\n\n\n\n<ul class=\"wp-block-list\">\n<li>ein offener Dialog mit allen relevanten Stakeholdern.<\/li>\n<\/ul>\n\n\n\n<div style=\"height:16px\" aria-hidden=\"true\" class=\"wp-block-spacer is-style-small\"><\/div>\n\n\n\n<ul class=\"wp-block-list\">\n<li>quantitative Analyse der Bewirtschaftung der in Europa erzeugten Kunststoffabf\u00e4lle und der Verwendung recycelter Kunststoffe durch europ\u00e4ische Verarbeiter.<\/li>\n<\/ul>\n\n\n\n<div style=\"height:16px\" aria-hidden=\"true\" class=\"wp-block-spacer is-style-small\"><\/div>\n\n\n\n<ul class=\"wp-block-list\">\n<li><a href=\"https:\/\/www.circularonline.co.uk\/news\/recoup-win-innovate-uk-funding-for-plastics-recycling-communications-research\/\" target=\"_blank\" rel=\"noreferrer noopener\">Unterst\u00fctzung der Forschung<\/a>&nbsp;, um Verhaltensinterventionen besser zu verstehen, die das B\u00fcrgerengagement durch besseres Recycling st\u00e4rken und bew\u00e4hrte Verfahren austauschen<\/li>\n<\/ul>\n<\/div>\n<\/div>\n\n\n\n<div style=\"height:100px\" aria-hidden=\"true\" class=\"wp-block-spacer is-style-medium\"><\/div>\n\n\n\n<h3 class=\"wp-block-heading\">Weiterf\u00fchrende Literatur<\/h3>\n\n\n\n<ul class=\"wp-block-list\">\n<li><a href=\"https:\/\/plasticseurope.org\/knowledge-hub\/plastics-the-facts-2020\/\" target=\"_blank\" rel=\"noreferrer noopener\">Kunststoffe \u2013 die Fakten.<\/a><\/li>\n\n\n\n<li><a href=\"https:\/\/plasticseurope.org\/knowledge-hub\/the-circular-economy-for-plastics-a-european-overview\/\" target=\"_blank\" rel=\"noreferrer noopener\">Die Kreislaufwirtschaft f\u00fcr Kunststoffe \u2013 Ein europ\u00e4ischer \u00dcberblick.<\/a><\/li>\n\n\n\n<li><a href=\"https:\/\/plasticseurope.org\/knowledge-hub\/plastics-europes-position-on-recycled-content-for-plastics-packaging-under-the-review-of-the-directive-94-62-ec-on-packaging-and-packaging-waste-ppwd\/\" target=\"_blank\" rel=\"noreferrer noopener\">Die Position von PlasticsEurope zum recycelten Inhalt von Kunststoffverpackungen im Rahmen der \u00dcberpr\u00fcfung der Richtlinie 94\/62\/EG \u00fcber Verpackungen und Verpackungsabf\u00e4lle (PPWD) \u2013 September 2021<\/a><\/li>\n<\/ul>\n","protected":false},"excerpt":{"rendered":"<p>Die Maximierung der Ressource Abfall ist der Schl\u00fcssel zur F\u00f6rderung der Ressourceneffizienz und zur Beschleunigung der Kreislaufwirtschaft.&nbsp;Am Ende ihrer Lebensdauer enthalten Kunststoffe Ressourcen, die zu wertvoll sind, um weggeworfen zu werden.&nbsp;Sie k\u00f6nnen wieder zu neuen Produkten oder chemischen Rohstoffen recycelt werden oder, wo dies noch nicht m\u00f6glich oder nachhaltig ist, zur Energier\u00fcckgewinnung als Ersatz f\u00fcr [&hellip;]<\/p>\n","protected":false},"author":1,"featured_media":1122,"parent":3260,"menu_order":0,"comment_status":"closed","ping_status":"closed","template":"","meta":{"footnotes":""},"class_list":["post-3289","page","type-page","status-publish","has-post-thumbnail","hentry"],"acf":[],"yoast_head":"<!-- This site is optimized with the Yoast SEO plugin v21.6 - https:\/\/yoast.com\/wordpress\/plugins\/seo\/ -->\n<title>Deponierungsverbot - Kein Plastik auf der M\u00fclldeponie<\/title>\n<meta name=\"description\" content=\"Die Maximierung der Ressource Abfall ist der Schl\u00fcssel zur F\u00f6rderung der Ressourceneffizienz und zur Beschleunigung der Kreislaufwirtschaft.\u00a0\" \/>\n<meta name=\"robots\" content=\"index, follow, max-snippet:-1, max-image-preview:large, max-video-preview:-1\" \/>\n<link rel=\"canonical\" href=\"https:\/\/plasticseurope.org\/de\/nachhaltigkeit\/kreislaufwirtschaft\/recycling\/kein-plastik-auf-der-mulldeponie\/\" \/>\n<meta property=\"og:locale\" content=\"de_DE\" \/>\n<meta property=\"og:type\" content=\"article\" \/>\n<meta property=\"og:title\" content=\"Deponierungsverbot - Kein Plastik auf der M\u00fclldeponie\" \/>\n<meta property=\"og:description\" content=\"Die Maximierung der Ressource Abfall ist der Schl\u00fcssel zur F\u00f6rderung der Ressourceneffizienz und zur Beschleunigung der Kreislaufwirtschaft.\u00a0\" \/>\n<meta property=\"og:url\" content=\"https:\/\/plasticseurope.org\/de\/nachhaltigkeit\/kreislaufwirtschaft\/recycling\/kein-plastik-auf-der-mulldeponie\/\" \/>\n<meta property=\"og:site_name\" content=\"Plastics Europe DE\" \/>\n<meta property=\"article:modified_time\" content=\"2025-03-02T19:48:26+00:00\" \/>\n<meta property=\"og:image\" content=\"https:\/\/plasticseurope.org\/de\/wp-content\/uploads\/sites\/3\/2022\/02\/shutterstock_1817801891-scaled.jpg\" \/>\n\t<meta property=\"og:image:width\" content=\"2560\" \/>\n\t<meta property=\"og:image:height\" content=\"1440\" \/>\n\t<meta property=\"og:image:type\" content=\"image\/jpeg\" \/>\n<meta name=\"twitter:card\" content=\"summary_large_image\" \/>\n<meta name=\"twitter:title\" content=\"Deponierungsverbot - Kein Plastik auf der M\u00fclldeponie\" \/>\n<meta name=\"twitter:description\" content=\"Die Maximierung der Ressource Abfall ist der Schl\u00fcssel zur F\u00f6rderung der Ressourceneffizienz und zur Beschleunigung der Kreislaufwirtschaft.\u00a0\" \/>\n<meta name=\"twitter:image\" content=\"https:\/\/plasticseurope.org\/de\/wp-content\/uploads\/sites\/3\/2022\/02\/shutterstock_1817801891-scaled.jpg\" \/>\n<meta name=\"twitter:label1\" content=\"Gesch\u00e4tzte Lesezeit\" \/>\n\t<meta name=\"twitter:data1\" content=\"3 Minuten\" \/>\n<script type=\"application\/ld+json\" class=\"yoast-schema-graph\">{\"@context\":\"https:\/\/schema.org\",\"@graph\":[{\"@type\":\"WebPage\",\"@id\":\"https:\/\/plasticseurope.org\/de\/nachhaltigkeit\/kreislaufwirtschaft\/recycling\/kein-plastik-auf-der-mulldeponie\/\",\"url\":\"https:\/\/plasticseurope.org\/de\/nachhaltigkeit\/kreislaufwirtschaft\/recycling\/kein-plastik-auf-der-mulldeponie\/\",\"name\":\"Deponierungsverbot - Kein Plastik auf der M\u00fclldeponie\",\"isPartOf\":{\"@id\":\"https:\/\/plasticseurope.org\/de\/#website\"},\"datePublished\":\"2023-07-13T15:44:54+00:00\",\"dateModified\":\"2025-03-02T19:48:26+00:00\",\"description\":\"Die Maximierung der Ressource Abfall ist der Schl\u00fcssel zur F\u00f6rderung der Ressourceneffizienz und zur Beschleunigung der Kreislaufwirtschaft.\u00a0\",\"breadcrumb\":{\"@id\":\"https:\/\/plasticseurope.org\/de\/nachhaltigkeit\/kreislaufwirtschaft\/recycling\/kein-plastik-auf-der-mulldeponie\/#breadcrumb\"},\"inLanguage\":\"de-DE\",\"potentialAction\":[{\"@type\":\"ReadAction\",\"target\":[\"https:\/\/plasticseurope.org\/de\/nachhaltigkeit\/kreislaufwirtschaft\/recycling\/kein-plastik-auf-der-mulldeponie\/\"]}]},{\"@type\":\"BreadcrumbList\",\"@id\":\"https:\/\/plasticseurope.org\/de\/nachhaltigkeit\/kreislaufwirtschaft\/recycling\/kein-plastik-auf-der-mulldeponie\/#breadcrumb\",\"itemListElement\":[{\"@type\":\"ListItem\",\"position\":1,\"name\":\"Home\",\"item\":\"https:\/\/plasticseurope.org\/de\/\"},{\"@type\":\"ListItem\",\"position\":2,\"name\":\"Nachhaltigkeit\",\"item\":\"https:\/\/plasticseurope.org\/de\/nachhaltigkeit\/\"},{\"@type\":\"ListItem\",\"position\":3,\"name\":\"Kreislaufwirtschaft\",\"item\":\"https:\/\/plasticseurope.org\/de\/nachhaltigkeit\/kreislaufwirtschaft\/\"},{\"@type\":\"ListItem\",\"position\":4,\"name\":\"Recycling von Plastik und Kunststoffabf\u00e4llen\",\"item\":\"https:\/\/plasticseurope.org\/de\/nachhaltigkeit\/kreislaufwirtschaft\/recycling\/\"},{\"@type\":\"ListItem\",\"position\":5,\"name\":\"Deponierungsverbot &#8211; Kein Plastik auf der M\u00fclldeponie\"}]},{\"@type\":\"WebSite\",\"@id\":\"https:\/\/plasticseurope.org\/de\/#website\",\"url\":\"https:\/\/plasticseurope.org\/de\/\",\"name\":\"Plastics Europe DE\",\"description\":\"Enabling a sustainable future\",\"potentialAction\":[{\"@type\":\"SearchAction\",\"target\":{\"@type\":\"EntryPoint\",\"urlTemplate\":\"https:\/\/plasticseurope.org\/de\/?s={search_term_string}\"},\"query-input\":\"required name=search_term_string\"}],\"inLanguage\":\"de-DE\"}]}<\/script>\n<!-- \/ Yoast SEO plugin. -->","yoast_head_json":{"title":"Deponierungsverbot - Kein Plastik auf der M\u00fclldeponie","description":"Die Maximierung der Ressource Abfall ist der Schl\u00fcssel zur F\u00f6rderung der Ressourceneffizienz und zur Beschleunigung der Kreislaufwirtschaft.\u00a0","robots":{"index":"index","follow":"follow","max-snippet":"max-snippet:-1","max-image-preview":"max-image-preview:large","max-video-preview":"max-video-preview:-1"},"canonical":"https:\/\/plasticseurope.org\/de\/nachhaltigkeit\/kreislaufwirtschaft\/recycling\/kein-plastik-auf-der-mulldeponie\/","og_locale":"de_DE","og_type":"article","og_title":"Deponierungsverbot - Kein Plastik auf der M\u00fclldeponie","og_description":"Die Maximierung der Ressource Abfall ist der Schl\u00fcssel zur F\u00f6rderung der Ressourceneffizienz und zur Beschleunigung der Kreislaufwirtschaft.\u00a0","og_url":"https:\/\/plasticseurope.org\/de\/nachhaltigkeit\/kreislaufwirtschaft\/recycling\/kein-plastik-auf-der-mulldeponie\/","og_site_name":"Plastics Europe DE","article_modified_time":"2025-03-02T19:48:26+00:00","og_image":[{"width":2560,"height":1440,"url":"https:\/\/plasticseurope.org\/de\/wp-content\/uploads\/sites\/3\/2022\/02\/shutterstock_1817801891-scaled.jpg","type":"image\/jpeg"}],"twitter_card":"summary_large_image","twitter_title":"Deponierungsverbot - Kein Plastik auf der M\u00fclldeponie","twitter_description":"Die Maximierung der Ressource Abfall ist der Schl\u00fcssel zur F\u00f6rderung der Ressourceneffizienz und zur Beschleunigung der Kreislaufwirtschaft.\u00a0","twitter_image":"https:\/\/plasticseurope.org\/de\/wp-content\/uploads\/sites\/3\/2022\/02\/shutterstock_1817801891-scaled.jpg","twitter_misc":{"Gesch\u00e4tzte Lesezeit":"3 Minuten"},"schema":{"@context":"https:\/\/schema.org","@graph":[{"@type":"WebPage","@id":"https:\/\/plasticseurope.org\/de\/nachhaltigkeit\/kreislaufwirtschaft\/recycling\/kein-plastik-auf-der-mulldeponie\/","url":"https:\/\/plasticseurope.org\/de\/nachhaltigkeit\/kreislaufwirtschaft\/recycling\/kein-plastik-auf-der-mulldeponie\/","name":"Deponierungsverbot - Kein Plastik auf der M\u00fclldeponie","isPartOf":{"@id":"https:\/\/plasticseurope.org\/de\/#website"},"datePublished":"2023-07-13T15:44:54+00:00","dateModified":"2025-03-02T19:48:26+00:00","description":"Die Maximierung der Ressource Abfall ist der Schl\u00fcssel zur F\u00f6rderung der Ressourceneffizienz und zur Beschleunigung der Kreislaufwirtschaft.\u00a0","breadcrumb":{"@id":"https:\/\/plasticseurope.org\/de\/nachhaltigkeit\/kreislaufwirtschaft\/recycling\/kein-plastik-auf-der-mulldeponie\/#breadcrumb"},"inLanguage":"de-DE","potentialAction":[{"@type":"ReadAction","target":["https:\/\/plasticseurope.org\/de\/nachhaltigkeit\/kreislaufwirtschaft\/recycling\/kein-plastik-auf-der-mulldeponie\/"]}]},{"@type":"BreadcrumbList","@id":"https:\/\/plasticseurope.org\/de\/nachhaltigkeit\/kreislaufwirtschaft\/recycling\/kein-plastik-auf-der-mulldeponie\/#breadcrumb","itemListElement":[{"@type":"ListItem","position":1,"name":"Home","item":"https:\/\/plasticseurope.org\/de\/"},{"@type":"ListItem","position":2,"name":"Nachhaltigkeit","item":"https:\/\/plasticseurope.org\/de\/nachhaltigkeit\/"},{"@type":"ListItem","position":3,"name":"Kreislaufwirtschaft","item":"https:\/\/plasticseurope.org\/de\/nachhaltigkeit\/kreislaufwirtschaft\/"},{"@type":"ListItem","position":4,"name":"Recycling von Plastik und Kunststoffabf\u00e4llen","item":"https:\/\/plasticseurope.org\/de\/nachhaltigkeit\/kreislaufwirtschaft\/recycling\/"},{"@type":"ListItem","position":5,"name":"Deponierungsverbot &#8211; Kein Plastik auf der M\u00fclldeponie"}]},{"@type":"WebSite","@id":"https:\/\/plasticseurope.org\/de\/#website","url":"https:\/\/plasticseurope.org\/de\/","name":"Plastics Europe DE","description":"Enabling a sustainable future","potentialAction":[{"@type":"SearchAction","target":{"@type":"EntryPoint","urlTemplate":"https:\/\/plasticseurope.org\/de\/?s={search_term_string}"},"query-input":"required name=search_term_string"}],"inLanguage":"de-DE"}]}},"_links":{"self":[{"href":"https:\/\/plasticseurope.org\/de\/wp-json\/wp\/v2\/pages\/3289","targetHints":{"allow":["GET"]}}],"collection":[{"href":"https:\/\/plasticseurope.org\/de\/wp-json\/wp\/v2\/pages"}],"about":[{"href":"https:\/\/plasticseurope.org\/de\/wp-json\/wp\/v2\/types\/page"}],"author":[{"embeddable":true,"href":"https:\/\/plasticseurope.org\/de\/wp-json\/wp\/v2\/users\/1"}],"replies":[{"embeddable":true,"href":"https:\/\/plasticseurope.org\/de\/wp-json\/wp\/v2\/comments?post=3289"}],"version-history":[{"count":0,"href":"https:\/\/plasticseurope.org\/de\/wp-json\/wp\/v2\/pages\/3289\/revisions"}],"up":[{"embeddable":true,"href":"https:\/\/plasticseurope.org\/de\/wp-json\/wp\/v2\/pages\/3260"}],"wp:featuredmedia":[{"embeddable":true,"href":"https:\/\/plasticseurope.org\/de\/wp-json\/wp\/v2\/media\/1122"}],"wp:attachment":[{"href":"https:\/\/plasticseurope.org\/de\/wp-json\/wp\/v2\/media?parent=3289"}],"curies":[{"name":"wp","href":"https:\/\/api.w.org\/{rel}","templated":true}]}}