{"id":3285,"date":"2023-07-13T15:23:13","date_gmt":"2023-07-13T15:23:13","guid":{"rendered":"https:\/\/plasticseurope.wpenginepowered.com\/de\/?page_id=3285"},"modified":"2025-03-02T19:48:48","modified_gmt":"2025-03-02T19:48:48","slug":"rezyklateinsatz","status":"publish","type":"page","link":"https:\/\/plasticseurope.org\/de\/nachhaltigkeit\/kreislaufwirtschaft\/recycling\/rezyklateinsatz\/","title":{"rendered":"Verbindliche Quoten f\u00fcr Rezyklateinsatz"},"content":{"rendered":"\n<p>Europ\u00e4ische Kunststoffhersteller haben ein verbindliches EU-Ziel f\u00fcr den Recyclinganteil von Kunststoffverpackungen von 30 % bis 2030 gefordert.<\/p>\n\n\n\n<div style=\"height:16px\" aria-hidden=\"true\" class=\"wp-block-spacer\"><\/div>\n\n\n\n<p>Die EU-Richtlinie \u00fcber <a href=\"https:\/\/environment.ec.europa.eu\/publications\/proposal-packaging-and-packaging-waste_en\">Verpackungen und Verpackungsabf\u00e4lle (PPWR)<\/a> legt Ziele f\u00fcr das Recycling von Verpackungsabf\u00e4llen f\u00fcr 2025 und 2030 f\u00fcr eine Reihe von Materialien, einschlie\u00dflich Kunststoffen, fest.&nbsp;Im Zuge der \u00dcberarbeitung der Richtlinie werden Aktualisierungen der Rechtsvorschriften vorgenommen, die f\u00fcr den \u00dcbergang zu einer Kreislaufwirtschaft f\u00fcr Kunststoffe von entscheidender Bedeutung sein werden.&nbsp;Wir glauben, dass endg\u00fcltige Ziele f\u00fcr recycelte Kunststoffe gemeinsam mit den Institutionen und den Partnern der Wertsch\u00f6pfungskette festgelegt werden sollten.<\/p>\n\n\n\n<div style=\"height:48px\" aria-hidden=\"true\" class=\"wp-block-spacer\"><\/div>\n\n\n\n<h2 class=\"wp-block-heading\">Schl\u00fcssel zur Beschleunigung der Zirkularit\u00e4t<\/h2>\n\n\n\n<p>Plastics Europe unterst\u00fctzt das Ziel, \u00fcberm\u00e4\u00dfige Verpackungen und Verpackungsabf\u00e4lle zu verhindern und zu reduzieren.<\/p>\n\n\n\n<div style=\"height:16px\" aria-hidden=\"true\" class=\"wp-block-spacer\"><\/div>\n\n\n\n<p>Unsere Mitglieder investieren Milliarden Euro in die Bereitstellung von mehr hochwertigen recycelten Kunststoffen \u2013 1,2 Mio. Tonnen bis 2025 und 3,4 Mio. Tonnen bis 2030. Die geplanten Investitionen unserer Mitglieder in diese wichtige Technologie und Infrastruktur reichen von 2,6 Mrd. Euro bis 2025 bis 7,2 Mrd. Euro bis 2030 , in Europa.&nbsp;Um dieses verbindliche Ziel zu erreichen, ist die Intensivierung des chemischen Recyclings unerl\u00e4sslich.<\/p>\n\n\n\n<div style=\"height:100px\" aria-hidden=\"true\" class=\"wp-block-spacer\"><\/div>\n\n\n\n<h3 class=\"wp-block-heading\">Weiterf\u00fchrende Literatur Rezyklateinsatz-Quoten<\/h3>\n\n\n\n<p>Europ\u00e4ische Kunststoffhersteller fordern ein&nbsp;<a href=\"https:\/\/plasticseurope.org\/knowledge-hub\/joint-industry-letter-the-packaging-value-chain-calls-on-the-european-commission-to-dedicate-appropriate-time-and-resources-to-review-the-packaging-and-packaging-waste-directive\/\" target=\"_blank\" rel=\"noreferrer noopener\">verbindliches EU-Ziel f\u00fcr den Rezyklateinsatz in Kunststoffverpackungen<\/a>&nbsp;von 30 % bis 2030.<br>Lesen Sie unser&nbsp;<a href=\"https:\/\/plasticseurope.org\/knowledge-hub\/plastics-europes-position-on-recycled-content-for-plastics-packaging-under-the-review-of-the-directive-94-62-ec-on-packaging-and-packaging-waste-ppwd\/\" target=\"_blank\" rel=\"noreferrer noopener\">Positionspapier zum verbindlichen Recyclingquoten<\/a><br>Erfahren Sie mehr \u00fcber&nbsp;<a href=\"https:\/\/plasticseurope.org\/sustainability\/circularity\/recycling\/recycling-technologies\/chemical-recycling\/\" target=\"_blank\" rel=\"noreferrer noopener\">chemisches Recycling<\/a><\/p>\n","protected":false},"excerpt":{"rendered":"<p>Europ\u00e4ische Kunststoffhersteller haben ein verbindliches EU-Ziel f\u00fcr den Recyclinganteil von Kunststoffverpackungen von 30 % bis 2030 gefordert. Die EU-Richtlinie \u00fcber Verpackungen und Verpackungsabf\u00e4lle (PPWR) legt Ziele f\u00fcr das Recycling von Verpackungsabf\u00e4llen f\u00fcr 2025 und 2030 f\u00fcr eine Reihe von Materialien, einschlie\u00dflich Kunststoffen, fest.&nbsp;Im Zuge der \u00dcberarbeitung der Richtlinie werden Aktualisierungen der Rechtsvorschriften vorgenommen, die f\u00fcr [&hellip;]<\/p>\n","protected":false},"author":1,"featured_media":1030,"parent":3260,"menu_order":0,"comment_status":"closed","ping_status":"closed","template":"","meta":{"footnotes":""},"class_list":["post-3285","page","type-page","status-publish","has-post-thumbnail","hentry"],"acf":[],"yoast_head":"<!-- This site is optimized with the Yoast SEO plugin v21.6 - https:\/\/yoast.com\/wordpress\/plugins\/seo\/ -->\n<title>Verbindliche Quoten f\u00fcr Rezyklateinsatz | Recyclingquoten<\/title>\n<meta name=\"description\" content=\"Europ\u00e4ische Kunststoffhersteller fordern eine verbindliche Quote von 30% Rezyklateinsatz f\u00fcr Kunststoffverpackungen, bis 2030.\" \/>\n<meta name=\"robots\" content=\"index, follow, max-snippet:-1, max-image-preview:large, max-video-preview:-1\" \/>\n<link rel=\"canonical\" href=\"https:\/\/plasticseurope.org\/de\/nachhaltigkeit\/kreislaufwirtschaft\/recycling\/rezyklateinsatz\/\" \/>\n<meta property=\"og:locale\" content=\"de_DE\" \/>\n<meta property=\"og:type\" content=\"article\" \/>\n<meta property=\"og:title\" content=\"Verbindliche Quoten f\u00fcr Rezyklateinsatz | Recyclingquoten\" \/>\n<meta property=\"og:description\" content=\"Europ\u00e4ische Kunststoffhersteller fordern eine verbindliche Quote von 30% Rezyklateinsatz f\u00fcr Kunststoffverpackungen, bis 2030.\" \/>\n<meta property=\"og:url\" content=\"https:\/\/plasticseurope.org\/de\/nachhaltigkeit\/kreislaufwirtschaft\/recycling\/rezyklateinsatz\/\" \/>\n<meta property=\"og:site_name\" content=\"Plastics Europe DE\" \/>\n<meta property=\"article:modified_time\" content=\"2025-03-02T19:48:48+00:00\" \/>\n<meta property=\"og:image\" content=\"https:\/\/plasticseurope.org\/de\/wp-content\/uploads\/sites\/3\/2022\/02\/shutterstock_1673297074-PolymersGranule-scaled.jpg\" \/>\n\t<meta property=\"og:image:width\" content=\"2560\" \/>\n\t<meta property=\"og:image:height\" content=\"1707\" \/>\n\t<meta property=\"og:image:type\" content=\"image\/jpeg\" \/>\n<meta name=\"twitter:card\" content=\"summary_large_image\" \/>\n<meta name=\"twitter:title\" content=\"Verbindliche Quoten f\u00fcr Rezyklateinsatz | Recyclingquoten\" \/>\n<meta name=\"twitter:description\" content=\"Europ\u00e4ische Kunststoffhersteller fordern eine verbindliche Quote von 30% Rezyklateinsatz f\u00fcr Kunststoffverpackungen, bis 2030.\" \/>\n<meta name=\"twitter:image\" content=\"https:\/\/plasticseurope.org\/de\/wp-content\/uploads\/sites\/3\/2022\/02\/shutterstock_1673297074-PolymersGranule-scaled.jpg\" \/>\n<meta name=\"twitter:label1\" content=\"Gesch\u00e4tzte Lesezeit\" \/>\n\t<meta name=\"twitter:data1\" content=\"2 Minuten\" \/>\n<script type=\"application\/ld+json\" class=\"yoast-schema-graph\">{\"@context\":\"https:\/\/schema.org\",\"@graph\":[{\"@type\":\"WebPage\",\"@id\":\"https:\/\/plasticseurope.org\/de\/nachhaltigkeit\/kreislaufwirtschaft\/recycling\/rezyklateinsatz\/\",\"url\":\"https:\/\/plasticseurope.org\/de\/nachhaltigkeit\/kreislaufwirtschaft\/recycling\/rezyklateinsatz\/\",\"name\":\"Verbindliche Quoten f\u00fcr Rezyklateinsatz | Recyclingquoten\",\"isPartOf\":{\"@id\":\"https:\/\/plasticseurope.org\/de\/#website\"},\"datePublished\":\"2023-07-13T15:23:13+00:00\",\"dateModified\":\"2025-03-02T19:48:48+00:00\",\"description\":\"Europ\u00e4ische Kunststoffhersteller fordern eine verbindliche Quote von 30% Rezyklateinsatz f\u00fcr Kunststoffverpackungen, bis 2030.\",\"breadcrumb\":{\"@id\":\"https:\/\/plasticseurope.org\/de\/nachhaltigkeit\/kreislaufwirtschaft\/recycling\/rezyklateinsatz\/#breadcrumb\"},\"inLanguage\":\"de-DE\",\"potentialAction\":[{\"@type\":\"ReadAction\",\"target\":[\"https:\/\/plasticseurope.org\/de\/nachhaltigkeit\/kreislaufwirtschaft\/recycling\/rezyklateinsatz\/\"]}]},{\"@type\":\"BreadcrumbList\",\"@id\":\"https:\/\/plasticseurope.org\/de\/nachhaltigkeit\/kreislaufwirtschaft\/recycling\/rezyklateinsatz\/#breadcrumb\",\"itemListElement\":[{\"@type\":\"ListItem\",\"position\":1,\"name\":\"Home\",\"item\":\"https:\/\/plasticseurope.org\/de\/\"},{\"@type\":\"ListItem\",\"position\":2,\"name\":\"Nachhaltigkeit\",\"item\":\"https:\/\/plasticseurope.org\/de\/nachhaltigkeit\/\"},{\"@type\":\"ListItem\",\"position\":3,\"name\":\"Kreislaufwirtschaft\",\"item\":\"https:\/\/plasticseurope.org\/de\/nachhaltigkeit\/kreislaufwirtschaft\/\"},{\"@type\":\"ListItem\",\"position\":4,\"name\":\"Recycling von Plastik und Kunststoffabf\u00e4llen\",\"item\":\"https:\/\/plasticseurope.org\/de\/nachhaltigkeit\/kreislaufwirtschaft\/recycling\/\"},{\"@type\":\"ListItem\",\"position\":5,\"name\":\"Verbindliche Quoten f\u00fcr Rezyklateinsatz\"}]},{\"@type\":\"WebSite\",\"@id\":\"https:\/\/plasticseurope.org\/de\/#website\",\"url\":\"https:\/\/plasticseurope.org\/de\/\",\"name\":\"Plastics Europe DE\",\"description\":\"Enabling a sustainable future\",\"potentialAction\":[{\"@type\":\"SearchAction\",\"target\":{\"@type\":\"EntryPoint\",\"urlTemplate\":\"https:\/\/plasticseurope.org\/de\/?s={search_term_string}\"},\"query-input\":\"required name=search_term_string\"}],\"inLanguage\":\"de-DE\"}]}<\/script>\n<!-- \/ Yoast SEO plugin. -->","yoast_head_json":{"title":"Verbindliche Quoten f\u00fcr Rezyklateinsatz | Recyclingquoten","description":"Europ\u00e4ische Kunststoffhersteller fordern eine verbindliche Quote von 30% Rezyklateinsatz f\u00fcr Kunststoffverpackungen, bis 2030.","robots":{"index":"index","follow":"follow","max-snippet":"max-snippet:-1","max-image-preview":"max-image-preview:large","max-video-preview":"max-video-preview:-1"},"canonical":"https:\/\/plasticseurope.org\/de\/nachhaltigkeit\/kreislaufwirtschaft\/recycling\/rezyklateinsatz\/","og_locale":"de_DE","og_type":"article","og_title":"Verbindliche Quoten f\u00fcr Rezyklateinsatz | Recyclingquoten","og_description":"Europ\u00e4ische Kunststoffhersteller fordern eine verbindliche Quote von 30% Rezyklateinsatz f\u00fcr Kunststoffverpackungen, bis 2030.","og_url":"https:\/\/plasticseurope.org\/de\/nachhaltigkeit\/kreislaufwirtschaft\/recycling\/rezyklateinsatz\/","og_site_name":"Plastics Europe DE","article_modified_time":"2025-03-02T19:48:48+00:00","og_image":[{"width":2560,"height":1707,"url":"https:\/\/plasticseurope.org\/de\/wp-content\/uploads\/sites\/3\/2022\/02\/shutterstock_1673297074-PolymersGranule-scaled.jpg","type":"image\/jpeg"}],"twitter_card":"summary_large_image","twitter_title":"Verbindliche Quoten f\u00fcr Rezyklateinsatz | Recyclingquoten","twitter_description":"Europ\u00e4ische Kunststoffhersteller fordern eine verbindliche Quote von 30% Rezyklateinsatz f\u00fcr Kunststoffverpackungen, bis 2030.","twitter_image":"https:\/\/plasticseurope.org\/de\/wp-content\/uploads\/sites\/3\/2022\/02\/shutterstock_1673297074-PolymersGranule-scaled.jpg","twitter_misc":{"Gesch\u00e4tzte Lesezeit":"2 Minuten"},"schema":{"@context":"https:\/\/schema.org","@graph":[{"@type":"WebPage","@id":"https:\/\/plasticseurope.org\/de\/nachhaltigkeit\/kreislaufwirtschaft\/recycling\/rezyklateinsatz\/","url":"https:\/\/plasticseurope.org\/de\/nachhaltigkeit\/kreislaufwirtschaft\/recycling\/rezyklateinsatz\/","name":"Verbindliche Quoten f\u00fcr Rezyklateinsatz | Recyclingquoten","isPartOf":{"@id":"https:\/\/plasticseurope.org\/de\/#website"},"datePublished":"2023-07-13T15:23:13+00:00","dateModified":"2025-03-02T19:48:48+00:00","description":"Europ\u00e4ische Kunststoffhersteller fordern eine verbindliche Quote von 30% Rezyklateinsatz f\u00fcr Kunststoffverpackungen, bis 2030.","breadcrumb":{"@id":"https:\/\/plasticseurope.org\/de\/nachhaltigkeit\/kreislaufwirtschaft\/recycling\/rezyklateinsatz\/#breadcrumb"},"inLanguage":"de-DE","potentialAction":[{"@type":"ReadAction","target":["https:\/\/plasticseurope.org\/de\/nachhaltigkeit\/kreislaufwirtschaft\/recycling\/rezyklateinsatz\/"]}]},{"@type":"BreadcrumbList","@id":"https:\/\/plasticseurope.org\/de\/nachhaltigkeit\/kreislaufwirtschaft\/recycling\/rezyklateinsatz\/#breadcrumb","itemListElement":[{"@type":"ListItem","position":1,"name":"Home","item":"https:\/\/plasticseurope.org\/de\/"},{"@type":"ListItem","position":2,"name":"Nachhaltigkeit","item":"https:\/\/plasticseurope.org\/de\/nachhaltigkeit\/"},{"@type":"ListItem","position":3,"name":"Kreislaufwirtschaft","item":"https:\/\/plasticseurope.org\/de\/nachhaltigkeit\/kreislaufwirtschaft\/"},{"@type":"ListItem","position":4,"name":"Recycling von Plastik und Kunststoffabf\u00e4llen","item":"https:\/\/plasticseurope.org\/de\/nachhaltigkeit\/kreislaufwirtschaft\/recycling\/"},{"@type":"ListItem","position":5,"name":"Verbindliche Quoten f\u00fcr Rezyklateinsatz"}]},{"@type":"WebSite","@id":"https:\/\/plasticseurope.org\/de\/#website","url":"https:\/\/plasticseurope.org\/de\/","name":"Plastics Europe DE","description":"Enabling a sustainable future","potentialAction":[{"@type":"SearchAction","target":{"@type":"EntryPoint","urlTemplate":"https:\/\/plasticseurope.org\/de\/?s={search_term_string}"},"query-input":"required name=search_term_string"}],"inLanguage":"de-DE"}]}},"_links":{"self":[{"href":"https:\/\/plasticseurope.org\/de\/wp-json\/wp\/v2\/pages\/3285","targetHints":{"allow":["GET"]}}],"collection":[{"href":"https:\/\/plasticseurope.org\/de\/wp-json\/wp\/v2\/pages"}],"about":[{"href":"https:\/\/plasticseurope.org\/de\/wp-json\/wp\/v2\/types\/page"}],"author":[{"embeddable":true,"href":"https:\/\/plasticseurope.org\/de\/wp-json\/wp\/v2\/users\/1"}],"replies":[{"embeddable":true,"href":"https:\/\/plasticseurope.org\/de\/wp-json\/wp\/v2\/comments?post=3285"}],"version-history":[{"count":0,"href":"https:\/\/plasticseurope.org\/de\/wp-json\/wp\/v2\/pages\/3285\/revisions"}],"up":[{"embeddable":true,"href":"https:\/\/plasticseurope.org\/de\/wp-json\/wp\/v2\/pages\/3260"}],"wp:featuredmedia":[{"embeddable":true,"href":"https:\/\/plasticseurope.org\/de\/wp-json\/wp\/v2\/media\/1030"}],"wp:attachment":[{"href":"https:\/\/plasticseurope.org\/de\/wp-json\/wp\/v2\/media?parent=3285"}],"curies":[{"name":"wp","href":"https:\/\/api.w.org\/{rel}","templated":true}]}}