{"id":3265,"date":"2023-07-13T14:19:49","date_gmt":"2023-07-13T14:19:49","guid":{"rendered":"https:\/\/plasticseurope.wpenginepowered.com\/de\/?page_id=3265"},"modified":"2025-03-02T19:48:39","modified_gmt":"2025-03-02T19:48:39","slug":"mechanisches-recycling","status":"publish","type":"page","link":"https:\/\/plasticseurope.org\/de\/nachhaltigkeit\/kreislaufwirtschaft\/recycling\/mechanisches-recycling\/","title":{"rendered":"Mechanisches Recycling von Kunststoffabf\u00e4llen"},"content":{"rendered":"\n<p>Beim mechanischen Recycling werden Kunststoffabf\u00e4lle zu Sekund\u00e4rrohstoffen oder -produkten verarbeitet, ohne die chemische Struktur des Materials wesentlich zu ver\u00e4ndern.&nbsp;Grunds\u00e4tzlich k\u00f6nnen alle Arten von Thermoplasten ohne oder mit geringen Auswirkungen auf die Qualit\u00e4t mechanisch recycelt werden.<\/p>\n\n\n\n<div style=\"height:100px\" aria-hidden=\"true\" class=\"wp-block-spacer is-style-large\"><\/div>\n\n\n\n<div class=\"wp-block-columns is-layout-flex wp-container-core-columns-is-layout-28f84493 wp-block-columns-is-layout-flex\">\n<div class=\"wp-block-column is-layout-flow wp-block-column-is-layout-flow\">\n<div class=\"wp-block-media-text alignwide is-stacked-on-mobile media-padding-none\" style=\"grid-template-columns:40% auto\"><figure class=\"wp-block-media-text__media\"><img decoding=\"async\" src=\"https:\/\/plasticseurope.org\/wp-content\/uploads\/2021\/10\/plastics-recycling-circular-economy-150x150.jpg\" alt=\"\" class=\"wp-image-2703 size-thumbnail\" \/><\/figure><div class=\"wp-block-media-text__content\">\n<div class=\"wp-block-group is-layout-constrained wp-block-group-is-layout-constrained\">\n<h3 class=\"wp-block-heading has-text-align-left has-satsuma-color has-text-color\" id=\"collection\">Sammlung<\/h3>\n\n\n\n<p>Sammlung von Altkunststoffprodukten aus getrennten und gemischten Abfallstr\u00f6men<\/p>\n<\/div>\n<\/div><\/div>\n<\/div>\n\n\n\n<div class=\"wp-block-column is-layout-flow wp-block-column-is-layout-flow\">\n<div class=\"wp-block-media-text alignwide is-stacked-on-mobile media-padding-none\" style=\"grid-template-columns:40% auto\"><figure class=\"wp-block-media-text__media\"><img decoding=\"async\" src=\"https:\/\/plasticseurope.org\/wp-content\/uploads\/2022\/03\/Sorting_plastics-150x150.jpg\" alt=\"\" class=\"wp-image-5511 size-thumbnail\" \/><\/figure><div class=\"wp-block-media-text__content\">\n<div class=\"wp-block-group is-layout-constrained wp-block-group-is-layout-constrained\">\n<h3 class=\"wp-block-heading has-text-align-left has-satsuma-color has-text-color\" id=\"collection\">Erste Sortierung<\/h3>\n\n\n\n<p>Sobald der Kunststoffabfall in der Recyclinganlage ankommt, wird er sortiert.&nbsp;<a href=\"https:\/\/plasticseurope.org\/sustainability\/circularity\/waste-management-prevention\/collection-sorting\/\" target=\"_blank\" rel=\"noreferrer noopener\">W\u00e4hrend in der Sammlungsphase<\/a>&nbsp;m\u00f6glicherweise eine gewisse Sortierung stattgefunden hat ,&nbsp;kann eine weitere Trennung nach Farbe oder Dicke erforderlich sein.<\/p>\n<\/div>\n<\/div><\/div>\n<\/div>\n<\/div>\n\n\n\n<div style=\"height:16px\" aria-hidden=\"true\" class=\"wp-block-spacer is-style-medium\"><\/div>\n\n\n\n<div class=\"wp-block-columns is-layout-flex wp-container-core-columns-is-layout-28f84493 wp-block-columns-is-layout-flex\">\n<div class=\"wp-block-column is-layout-flow wp-block-column-is-layout-flow\">\n<div class=\"wp-block-media-text alignwide has-media-on-the-right is-stacked-on-mobile media-padding-none\" style=\"grid-template-columns:auto 40%\"><div class=\"wp-block-media-text__content\">\n<div class=\"wp-block-group is-layout-constrained wp-block-group-is-layout-constrained\">\n<h3 class=\"wp-block-heading has-text-align-left has-satsuma-color has-text-color\" id=\"collection\">Zerkleinern<\/h3>\n\n\n\n<p>Kunststoffe m\u00fcssen in kleinere St\u00fccke zerkleinert werden, bevor sie wiederverwendet werden k\u00f6nnen.<\/p>\n<\/div>\n<\/div><figure class=\"wp-block-media-text__media\"><img decoding=\"async\" src=\"https:\/\/plasticseurope.org\/wp-content\/uploads\/2021\/10\/plastic-pellets-polymers-recyclate-150x150.jpg\" alt=\"\" class=\"wp-image-1209 size-thumbnail\" \/><\/figure><\/div>\n<\/div>\n\n\n\n<div class=\"wp-block-column is-layout-flow wp-block-column-is-layout-flow\">\n<div class=\"wp-block-media-text alignwide has-media-on-the-right is-stacked-on-mobile media-padding-none\" style=\"grid-template-columns:auto 40%\"><div class=\"wp-block-media-text__content\">\n<div class=\"wp-block-group is-layout-constrained wp-block-group-is-layout-constrained\">\n<h3 class=\"wp-block-heading has-text-align-left has-satsuma-color has-text-color\" id=\"collection\"><h3 class=\"has-text-align-left has-satsuma-color has-text-color wp-block-heading\" id=\"collection\" style=\"--tw-border-opacity: 1;--tw-shadow: 0 0 #0000;--tw-ring-inset: var(--tw-empty,\/*!*\/ \/*!*\/);--tw-ring-offset-width: 0px;--tw-ring-offset-color: #fff;--tw-ring-offset-shadow: 0 0 #0000;--tw-ring-shadow: 0 0 #0000;font-size: 1.5rem;--tw-text-opacity: 1;max-width: var(--wp--style--global--content-size);font-family: Poppins, sans-serif;margin-right: auto !important;margin-left: auto !important\"><font style=\"--tw-border-opacity: 1;--tw-shadow: 0 0 #0000;--tw-ring-inset: var(--tw-empty,\/*!*\/ \/*!*\/);--tw-ring-offset-width: 0px;--tw-ring-offset-color: #fff;--tw-ring-offset-shadow: 0 0 #0000;--tw-ring-shadow: 0 0 #0000;vertical-align: inherit\">Waschen<\/font><\/h3><div><font style=\"--tw-border-opacity: 1;--tw-shadow: 0 0 #0000;--tw-ring-inset: var(--tw-empty,\/*!*\/ \/*!*\/);--tw-ring-offset-width: 0px;--tw-ring-offset-color: #fff;--tw-ring-offset-shadow: 0 0 #0000;--tw-ring-shadow: 0 0 #0000;vertical-align: inherit\"><\/font><\/div><\/h3>\n\n\n\n<p>Durch das Waschen werden Staub und Schmutz entfernt, um sicherzustellen, dass die Kunststoffe sauber sind, bevor sie in die n\u00e4chste Stufe gelangen.&nbsp;Dazu kann das Entfernen von Essens-, Getr\u00e4nke- oder Etikettenresten geh\u00f6ren.<\/p>\n<\/div>\n<\/div><figure class=\"wp-block-media-text__media\"><img decoding=\"async\" src=\"https:\/\/plasticseurope.org\/wp-content\/uploads\/2023\/03\/plastic-film-washing-recycling-line-01-150x150.jpg\" alt=\"\" class=\"wp-image-8101 size-thumbnail\" \/><\/figure><\/div>\n<\/div>\n<\/div>\n\n\n\n<div style=\"height:100px\" aria-hidden=\"true\" class=\"wp-block-spacer is-style-medium\"><\/div>\n\n\n\n<div class=\"wp-block-columns is-layout-flex wp-container-core-columns-is-layout-28f84493 wp-block-columns-is-layout-flex\">\n<div class=\"wp-block-column is-layout-flow wp-block-column-is-layout-flow\">\n<div class=\"wp-block-media-text alignwide is-stacked-on-mobile media-padding-none\" style=\"grid-template-columns:40% auto\"><figure class=\"wp-block-media-text__media\"><img decoding=\"async\" src=\"https:\/\/plasticseurope.org\/wp-content\/uploads\/2021\/10\/plastic-recycling-facility-1-150x150.jpg\" alt=\"\" class=\"wp-image-1815 size-thumbnail\" \/><\/figure><div class=\"wp-block-media-text__content\">\n<div class=\"wp-block-group is-layout-constrained wp-block-group-is-layout-constrained\">\n<h3 class=\"wp-block-heading has-text-align-left has-satsuma-color has-text-color\" id=\"collection\">Zweite Sortierung und Kontrolle<\/h3>\n\n\n\n<p>Bevor die Kunststoffe der Extrusion zugef\u00fchrt werden, werden sie erneut sortiert und kontrolliert.<\/p>\n<\/div>\n<\/div><\/div>\n<\/div>\n\n\n\n<div class=\"wp-block-column is-layout-flow wp-block-column-is-layout-flow\">\n<div class=\"wp-block-media-text alignwide is-stacked-on-mobile media-padding-none\" style=\"grid-template-columns:40% auto\"><figure class=\"wp-block-media-text__media\"><img decoding=\"async\" src=\"https:\/\/plasticseurope.org\/wp-content\/uploads\/2021\/10\/plastic-pellets-multicolour-1-150x150.jpg\" alt=\"\" class=\"wp-image-1215 size-thumbnail\" \/><\/figure><div class=\"wp-block-media-text__content\">\n<div class=\"wp-block-group is-layout-constrained wp-block-group-is-layout-constrained\">\n<h3 class=\"wp-block-heading has-text-align-left has-satsuma-color has-text-color\" id=\"collection\">Extrusion<\/h3>\n\n\n\n<p>Kunststoffflocken werden schlie\u00dflich in homogene Pellets umgewandelt, die f\u00fcr die Herstellung neuer Produkte verwendet werden k\u00f6nnen<\/p>\n<\/div>\n<\/div><\/div>\n<\/div>\n<\/div>\n","protected":false},"excerpt":{"rendered":"<p>Beim mechanischen Recycling werden Kunststoffabf\u00e4lle zu Sekund\u00e4rrohstoffen oder -produkten verarbeitet, ohne die chemische Struktur des Materials wesentlich zu ver\u00e4ndern.&nbsp;Grunds\u00e4tzlich k\u00f6nnen alle Arten von Thermoplasten ohne oder mit geringen Auswirkungen auf die Qualit\u00e4t mechanisch recycelt werden. Sammlung Sammlung von Altkunststoffprodukten aus getrennten und gemischten Abfallstr\u00f6men Erste Sortierung Sobald der Kunststoffabfall in der Recyclinganlage ankommt, wird er [&hellip;]<\/p>\n","protected":false},"author":1,"featured_media":3058,"parent":3260,"menu_order":0,"comment_status":"closed","ping_status":"closed","template":"","meta":{"footnotes":""},"class_list":["post-3265","page","type-page","status-publish","has-post-thumbnail","hentry"],"acf":[],"yoast_head":"<!-- This site is optimized with the Yoast SEO plugin v21.6 - https:\/\/yoast.com\/wordpress\/plugins\/seo\/ -->\n<title>Mechanisches Recycling von Kunststoffabf\u00e4llen<\/title>\n<meta name=\"description\" content=\"Beim mechanischen Recycling werden sortenreine und saubere Kunststoffabf\u00e4lle zu Sekund\u00e4rrohstoffen oder Granulat verarbeitet.\" \/>\n<meta name=\"robots\" content=\"index, follow, max-snippet:-1, max-image-preview:large, max-video-preview:-1\" \/>\n<link rel=\"canonical\" href=\"https:\/\/plasticseurope.org\/de\/nachhaltigkeit\/kreislaufwirtschaft\/recycling\/mechanisches-recycling\/\" \/>\n<meta property=\"og:locale\" content=\"de_DE\" \/>\n<meta property=\"og:type\" content=\"article\" \/>\n<meta property=\"og:title\" content=\"Mechanisches Recycling von Kunststoffabf\u00e4llen\" \/>\n<meta property=\"og:description\" content=\"Beim mechanischen Recycling werden sortenreine und saubere Kunststoffabf\u00e4lle zu Sekund\u00e4rrohstoffen oder Granulat verarbeitet.\" \/>\n<meta property=\"og:url\" content=\"https:\/\/plasticseurope.org\/de\/nachhaltigkeit\/kreislaufwirtschaft\/recycling\/mechanisches-recycling\/\" \/>\n<meta property=\"og:site_name\" content=\"Plastics Europe DE\" \/>\n<meta property=\"article:modified_time\" content=\"2025-03-02T19:48:39+00:00\" \/>\n<meta property=\"og:image\" content=\"https:\/\/plasticseurope.org\/de\/wp-content\/uploads\/sites\/3\/2023\/06\/Plastics-Waste-Management_Shutterstock_Juicy-Flair-1024x576.png\" \/>\n\t<meta property=\"og:image:width\" content=\"1024\" \/>\n\t<meta property=\"og:image:height\" content=\"576\" \/>\n\t<meta property=\"og:image:type\" content=\"image\/png\" \/>\n<meta name=\"twitter:card\" content=\"summary_large_image\" \/>\n<meta name=\"twitter:title\" content=\"Mechanisches Recycling von Kunststoffabf\u00e4llen\" \/>\n<meta name=\"twitter:description\" content=\"Beim mechanischen Recycling werden sortenreine und saubere Kunststoffabf\u00e4lle zu Sekund\u00e4rrohstoffen oder Granulat verarbeitet.\" \/>\n<meta name=\"twitter:image\" content=\"https:\/\/plasticseurope.org\/de\/wp-content\/uploads\/sites\/3\/2023\/06\/Plastics-Waste-Management_Shutterstock_Juicy-Flair.png\" \/>\n<meta name=\"twitter:label1\" content=\"Gesch\u00e4tzte Lesezeit\" \/>\n\t<meta name=\"twitter:data1\" content=\"3 Minuten\" \/>\n<script type=\"application\/ld+json\" class=\"yoast-schema-graph\">{\"@context\":\"https:\/\/schema.org\",\"@graph\":[{\"@type\":\"WebPage\",\"@id\":\"https:\/\/plasticseurope.org\/de\/nachhaltigkeit\/kreislaufwirtschaft\/recycling\/mechanisches-recycling\/\",\"url\":\"https:\/\/plasticseurope.org\/de\/nachhaltigkeit\/kreislaufwirtschaft\/recycling\/mechanisches-recycling\/\",\"name\":\"Mechanisches Recycling von Kunststoffabf\u00e4llen\",\"isPartOf\":{\"@id\":\"https:\/\/plasticseurope.org\/de\/#website\"},\"datePublished\":\"2023-07-13T14:19:49+00:00\",\"dateModified\":\"2025-03-02T19:48:39+00:00\",\"description\":\"Beim mechanischen Recycling werden sortenreine und saubere Kunststoffabf\u00e4lle zu Sekund\u00e4rrohstoffen oder Granulat verarbeitet.\",\"breadcrumb\":{\"@id\":\"https:\/\/plasticseurope.org\/de\/nachhaltigkeit\/kreislaufwirtschaft\/recycling\/mechanisches-recycling\/#breadcrumb\"},\"inLanguage\":\"de-DE\",\"potentialAction\":[{\"@type\":\"ReadAction\",\"target\":[\"https:\/\/plasticseurope.org\/de\/nachhaltigkeit\/kreislaufwirtschaft\/recycling\/mechanisches-recycling\/\"]}]},{\"@type\":\"BreadcrumbList\",\"@id\":\"https:\/\/plasticseurope.org\/de\/nachhaltigkeit\/kreislaufwirtschaft\/recycling\/mechanisches-recycling\/#breadcrumb\",\"itemListElement\":[{\"@type\":\"ListItem\",\"position\":1,\"name\":\"Home\",\"item\":\"https:\/\/plasticseurope.org\/de\/\"},{\"@type\":\"ListItem\",\"position\":2,\"name\":\"Nachhaltigkeit\",\"item\":\"https:\/\/plasticseurope.org\/de\/nachhaltigkeit\/\"},{\"@type\":\"ListItem\",\"position\":3,\"name\":\"Kreislaufwirtschaft\",\"item\":\"https:\/\/plasticseurope.org\/de\/nachhaltigkeit\/kreislaufwirtschaft\/\"},{\"@type\":\"ListItem\",\"position\":4,\"name\":\"Recycling von Plastik und Kunststoffabf\u00e4llen\",\"item\":\"https:\/\/plasticseurope.org\/de\/nachhaltigkeit\/kreislaufwirtschaft\/recycling\/\"},{\"@type\":\"ListItem\",\"position\":5,\"name\":\"Mechanisches Recycling von Kunststoffabf\u00e4llen\"}]},{\"@type\":\"WebSite\",\"@id\":\"https:\/\/plasticseurope.org\/de\/#website\",\"url\":\"https:\/\/plasticseurope.org\/de\/\",\"name\":\"Plastics Europe DE\",\"description\":\"Enabling a sustainable future\",\"potentialAction\":[{\"@type\":\"SearchAction\",\"target\":{\"@type\":\"EntryPoint\",\"urlTemplate\":\"https:\/\/plasticseurope.org\/de\/?s={search_term_string}\"},\"query-input\":\"required name=search_term_string\"}],\"inLanguage\":\"de-DE\"}]}<\/script>\n<!-- \/ Yoast SEO plugin. -->","yoast_head_json":{"title":"Mechanisches Recycling von Kunststoffabf\u00e4llen","description":"Beim mechanischen Recycling werden sortenreine und saubere Kunststoffabf\u00e4lle zu Sekund\u00e4rrohstoffen oder Granulat verarbeitet.","robots":{"index":"index","follow":"follow","max-snippet":"max-snippet:-1","max-image-preview":"max-image-preview:large","max-video-preview":"max-video-preview:-1"},"canonical":"https:\/\/plasticseurope.org\/de\/nachhaltigkeit\/kreislaufwirtschaft\/recycling\/mechanisches-recycling\/","og_locale":"de_DE","og_type":"article","og_title":"Mechanisches Recycling von Kunststoffabf\u00e4llen","og_description":"Beim mechanischen Recycling werden sortenreine und saubere Kunststoffabf\u00e4lle zu Sekund\u00e4rrohstoffen oder Granulat verarbeitet.","og_url":"https:\/\/plasticseurope.org\/de\/nachhaltigkeit\/kreislaufwirtschaft\/recycling\/mechanisches-recycling\/","og_site_name":"Plastics Europe DE","article_modified_time":"2025-03-02T19:48:39+00:00","og_image":[{"width":1024,"height":576,"url":"https:\/\/plasticseurope.org\/de\/wp-content\/uploads\/sites\/3\/2023\/06\/Plastics-Waste-Management_Shutterstock_Juicy-Flair-1024x576.png","type":"image\/png"}],"twitter_card":"summary_large_image","twitter_title":"Mechanisches Recycling von Kunststoffabf\u00e4llen","twitter_description":"Beim mechanischen Recycling werden sortenreine und saubere Kunststoffabf\u00e4lle zu Sekund\u00e4rrohstoffen oder Granulat verarbeitet.","twitter_image":"https:\/\/plasticseurope.org\/de\/wp-content\/uploads\/sites\/3\/2023\/06\/Plastics-Waste-Management_Shutterstock_Juicy-Flair.png","twitter_misc":{"Gesch\u00e4tzte Lesezeit":"3 Minuten"},"schema":{"@context":"https:\/\/schema.org","@graph":[{"@type":"WebPage","@id":"https:\/\/plasticseurope.org\/de\/nachhaltigkeit\/kreislaufwirtschaft\/recycling\/mechanisches-recycling\/","url":"https:\/\/plasticseurope.org\/de\/nachhaltigkeit\/kreislaufwirtschaft\/recycling\/mechanisches-recycling\/","name":"Mechanisches Recycling von Kunststoffabf\u00e4llen","isPartOf":{"@id":"https:\/\/plasticseurope.org\/de\/#website"},"datePublished":"2023-07-13T14:19:49+00:00","dateModified":"2025-03-02T19:48:39+00:00","description":"Beim mechanischen Recycling werden sortenreine und saubere Kunststoffabf\u00e4lle zu Sekund\u00e4rrohstoffen oder Granulat verarbeitet.","breadcrumb":{"@id":"https:\/\/plasticseurope.org\/de\/nachhaltigkeit\/kreislaufwirtschaft\/recycling\/mechanisches-recycling\/#breadcrumb"},"inLanguage":"de-DE","potentialAction":[{"@type":"ReadAction","target":["https:\/\/plasticseurope.org\/de\/nachhaltigkeit\/kreislaufwirtschaft\/recycling\/mechanisches-recycling\/"]}]},{"@type":"BreadcrumbList","@id":"https:\/\/plasticseurope.org\/de\/nachhaltigkeit\/kreislaufwirtschaft\/recycling\/mechanisches-recycling\/#breadcrumb","itemListElement":[{"@type":"ListItem","position":1,"name":"Home","item":"https:\/\/plasticseurope.org\/de\/"},{"@type":"ListItem","position":2,"name":"Nachhaltigkeit","item":"https:\/\/plasticseurope.org\/de\/nachhaltigkeit\/"},{"@type":"ListItem","position":3,"name":"Kreislaufwirtschaft","item":"https:\/\/plasticseurope.org\/de\/nachhaltigkeit\/kreislaufwirtschaft\/"},{"@type":"ListItem","position":4,"name":"Recycling von Plastik und Kunststoffabf\u00e4llen","item":"https:\/\/plasticseurope.org\/de\/nachhaltigkeit\/kreislaufwirtschaft\/recycling\/"},{"@type":"ListItem","position":5,"name":"Mechanisches Recycling von Kunststoffabf\u00e4llen"}]},{"@type":"WebSite","@id":"https:\/\/plasticseurope.org\/de\/#website","url":"https:\/\/plasticseurope.org\/de\/","name":"Plastics Europe DE","description":"Enabling a sustainable future","potentialAction":[{"@type":"SearchAction","target":{"@type":"EntryPoint","urlTemplate":"https:\/\/plasticseurope.org\/de\/?s={search_term_string}"},"query-input":"required name=search_term_string"}],"inLanguage":"de-DE"}]}},"_links":{"self":[{"href":"https:\/\/plasticseurope.org\/de\/wp-json\/wp\/v2\/pages\/3265","targetHints":{"allow":["GET"]}}],"collection":[{"href":"https:\/\/plasticseurope.org\/de\/wp-json\/wp\/v2\/pages"}],"about":[{"href":"https:\/\/plasticseurope.org\/de\/wp-json\/wp\/v2\/types\/page"}],"author":[{"embeddable":true,"href":"https:\/\/plasticseurope.org\/de\/wp-json\/wp\/v2\/users\/1"}],"replies":[{"embeddable":true,"href":"https:\/\/plasticseurope.org\/de\/wp-json\/wp\/v2\/comments?post=3265"}],"version-history":[{"count":0,"href":"https:\/\/plasticseurope.org\/de\/wp-json\/wp\/v2\/pages\/3265\/revisions"}],"up":[{"embeddable":true,"href":"https:\/\/plasticseurope.org\/de\/wp-json\/wp\/v2\/pages\/3260"}],"wp:featuredmedia":[{"embeddable":true,"href":"https:\/\/plasticseurope.org\/de\/wp-json\/wp\/v2\/media\/3058"}],"wp:attachment":[{"href":"https:\/\/plasticseurope.org\/de\/wp-json\/wp\/v2\/media?parent=3265"}],"curies":[{"name":"wp","href":"https:\/\/api.w.org\/{rel}","templated":true}]}}