{"id":3260,"date":"2023-07-13T14:05:52","date_gmt":"2023-07-13T14:05:52","guid":{"rendered":"https:\/\/plasticseurope.wpenginepowered.com\/de\/?page_id=3260"},"modified":"2025-03-02T19:48:04","modified_gmt":"2025-03-02T19:48:04","slug":"recycling","status":"publish","type":"page","link":"https:\/\/plasticseurope.org\/de\/nachhaltigkeit\/kreislaufwirtschaft\/recycling\/","title":{"rendered":"Recycling von Plastik und Kunststoffabf\u00e4llen"},"content":{"rendered":"\n<p>Recycling ist ein entscheidendes Element bei der Schaffung eines geschlossenen Kreislaufs f\u00fcr nachhaltige Kunststoffe.&nbsp;Verbesserungen bei&nbsp;<a href=\"https:\/\/plasticseurope.org\/sustainability\/circularity\/waste-management-prevention\/sorting-collection\/\">der Sammlung und Sortierung<\/a>&nbsp;sowie neue M\u00f6glichkeiten zur Wiederverwertung komplexer Kunststoffe tragen dazu bei, den Wert von Kunststoffen \u00fcber den gesamten Lebenszyklus hinweg zu erhalten.&nbsp;Und angesichts der von der Europ\u00e4ischen Union festgelegten Ziele f\u00fcr&nbsp;<a href=\"https:\/\/plasticseurope.org\/sustainability\/circularity\/recycling\/mandatory-recycled-content\/\">verbindliche Rezyklateinsatzquoten <\/a>sind Innovation und Investitionen von entscheidender Bedeutung, um bei jedem Schritt bessere M\u00f6glichkeiten zur Abfallreduzierung und Verbesserung der Recyclingeffizienz zu finden.<\/p>\n\n\n\n<div style=\"height:100px\" aria-hidden=\"true\" class=\"wp-block-spacer\"><\/div>\n\n\n\n<figure class=\"wp-block-image size-full\"><img decoding=\"async\" src=\"https:\/\/plasticseurope.org\/wp-content\/uploads\/2023\/03\/circularity-scenario.png\" alt=\"\" class=\"wp-image-8086\" \/><figcaption class=\"wp-element-caption\">ReShaping Plastics &#8211; Pathways to a circular, climate neutral plastics system in Europe (April 2022)<\/figcaption><\/figure>\n\n\n\n<div style=\"height:100px\" aria-hidden=\"true\" class=\"wp-block-spacer\"><\/div>\n\n\n\n<h2 class=\"wp-block-heading\" id=\"how-are-plastics-recycled\">Wie werden Plastik- und Kunststoffe recycelt?<\/h2>\n\n\n\n<p>Kunststoffe k\u00f6nnen je nach Kunststoffart und Recyclinganlage auf unterschiedliche Weise recycelt werden.&nbsp;Um h\u00f6here Recyclingquoten zu erreichen, sind Verbesserungen der Sammelsysteme und Sortiertechnologien unerl\u00e4sslich.&nbsp;Die Recyclingquoten von Kunststoffabf\u00e4llen sind bei getrennter Sammlung zehnmal h\u00f6her als bei gemischten Sammelsystemen.<\/p>\n\n\n\n<div style=\"height:100px\" aria-hidden=\"true\" class=\"wp-block-spacer\"><\/div>\n\n\n\n<div class=\"wp-block-media-text alignwide is-stacked-on-mobile media-padding-none\" style=\"grid-template-columns:40% auto\" id=\"rounded-md\"><figure class=\"wp-block-media-text__media\"><img decoding=\"async\" src=\"https:\/\/plasticseurope.org\/wp-content\/uploads\/2021\/10\/plastic-recycling-facility-1024x683.jpg\" alt=\"\" class=\"wp-image-2443 size-large\" \/><\/figure><div class=\"wp-block-media-text__content\">\n<div class=\"wp-block-group is-layout-flow wp-block-group-is-layout-flow\">\n<h3 class=\"wp-block-heading\" id=\"mechanical-recycling\">Mechanisches Recycling<\/h3>\n\n\n\n<p>ist der g\u00e4ngigste Ansatz f\u00fcr das Recycling von Kunststoffen wie Polyethylenterephthalat (PET) und hochdichtem Polyethylen (HDPE).&nbsp;PET und HDPE werden typischerweise zur Herstellung von Erfrischungsgetr\u00e4nkeflaschen oder -beh\u00e4ltern verwendet und sind relativ einfach zu recyceln.<\/p>\n\n\n\n<p>Lesen Sie mehr \u00fcber&nbsp;<a href=\"https:\/\/plasticseurope.org\/de\/unsere-themen\/recycling\/mechanisches-recycling\/\">mechanisches Recycling<\/a>.<\/p>\n<\/div>\n<\/div><\/div>\n\n\n\n<div style=\"height:100px\" aria-hidden=\"true\" class=\"wp-block-spacer\"><\/div>\n\n\n\n<div class=\"wp-block-media-text alignwide has-media-on-the-right is-stacked-on-mobile media-padding-none\" style=\"grid-template-columns:auto 40%\" id=\"rounded-md\"><div class=\"wp-block-media-text__content\">\n<div class=\"wp-block-group is-layout-flow wp-block-group-is-layout-flow\">\n<h3 class=\"wp-block-heading\" id=\"chemical-recycling\">Chemisches Recycling<\/h3>\n\n\n\n<p>Chemisches Recycling ist ein wachsender Recyclingansatz und bietet gr\u00f6\u00dfere M\u00f6glichkeiten zur Skalierbarkeit.&nbsp;Chemisches Recycling wandelt Polymerabf\u00e4lle um, indem es seine chemische Struktur ver\u00e4ndert und sie wieder in Substanzen umwandelt, die als Rohstoffe f\u00fcr die Herstellung von Kunststoffen oder anderen Produkten verwendet werden k\u00f6nnen.&nbsp;Es gibt verschiedene chemische Recyclingtechnologien, z. B. Pyrolyse, Vergasung, Hydrocracken und Depolymerisation.<\/p>\n\n\n\n<p>Erfahren Sie, wie&nbsp;<a href=\"https:\/\/plasticseurope.org\/de\/unsere-themen\/recycling\/chemisches-recycling\/\">chemisches Recycling<\/a>&nbsp;zur Kreislaufwirtschaft f\u00fcr Kunststoffe beitr\u00e4gt.<\/p>\n<\/div>\n<\/div><figure class=\"wp-block-media-text__media\"><img decoding=\"async\" src=\"https:\/\/plasticseurope.org\/wp-content\/uploads\/2022\/01\/plastics-technology-innovation-engineer-scaled-e1679582914983-1024x688.jpg\" alt=\"\" class=\"wp-image-5088 size-large\" \/><\/figure><\/div>\n\n\n\n<div style=\"height:100px\" aria-hidden=\"true\" class=\"wp-block-spacer\"><\/div>\n\n\n\n<div class=\"wp-block-media-text alignwide is-stacked-on-mobile media-padding-none\" style=\"grid-template-columns:40% auto\" id=\"rounded-md\"><figure class=\"wp-block-media-text__media\"><img decoding=\"async\" src=\"https:\/\/plasticseurope.org\/wp-content\/uploads\/2023\/03\/pexels-polina-tankilevitch-3735215-1-scaled-e1679583255197-1024x682.jpg\" alt=\"\" class=\"wp-image-8049 size-large\" \/><\/figure><div class=\"wp-block-media-text__content\">\n<div class=\"wp-block-group is-layout-flow wp-block-group-is-layout-flow\">\n<h3 class=\"wp-block-heading\" id=\"dissolution-recycling\">Recycling mithilfe von Dissolution<\/h3>\n\n\n\n<p>Dissulution ist ein Reinigungsprozess, bei dem das in gemischten Kunststoffabf\u00e4llen enthaltene Polymer selektiv in einem L\u00f6sungsmittel gel\u00f6st wird, sodass es vom Abfall getrennt und in reiner Form zur\u00fcckgewonnen werden kann, ohne seine chemische Natur zu ver\u00e4ndern.<\/p>\n<\/div>\n<\/div><\/div>\n\n\n\n<div style=\"height:100px\" aria-hidden=\"true\" class=\"wp-block-spacer\"><\/div>\n\n\n\n<div class=\"wp-block-media-text alignwide has-media-on-the-right is-stacked-on-mobile media-padding-none\" style=\"grid-template-columns:auto 40%\" id=\"rounded-md\"><div class=\"wp-block-media-text__content\">\n<div class=\"wp-block-group is-layout-flow wp-block-group-is-layout-flow\">\n<h3 class=\"wp-block-heading\" id=\"organic-recycling\">Enzymologisches Recycling<\/h3>\n\n\n\n<p>Unter enzymologischem Recycling versteht man die kontrollierte mikrobiologische Behandlung biologisch abbaubarer Kunststoffabf\u00e4lle unter aeroben oder anaeroben (Kompostierung) Bedingungen (Biogasierung).&nbsp;Es handelt sich um bestimmte Polymere, die unter Einwirkung von Mikroorganismen in stabilisierte organische R\u00fcckst\u00e4nde, Kohlendioxid, Methan und Wasser umgewandelt werden k\u00f6nnen.<\/p>\n<\/div>\n<\/div><figure class=\"wp-block-media-text__media\"><img decoding=\"async\" src=\"https:\/\/plasticseurope.org\/wp-content\/uploads\/2022\/01\/sustainable-circular-economy-plastic-1024x683.jpg\" alt=\"\" class=\"wp-image-5095 size-large\" \/><\/figure><\/div>\n\n\n\n<div style=\"height:100px\" aria-hidden=\"true\" class=\"wp-block-spacer\"><\/div>\n\n\n\n<h2 class=\"wp-block-heading\" id=\"why-is-recycling-plastics-important\">Warum ist das Recycling von Kunststoffen wichtig?<\/h2>\n\n\n\n<p>Kunststoffrecycling ist von entscheidender Bedeutung, um einen geschlossenen Kreislauf f\u00fcr nachhaltige Kunststoffe zu schaffen und weggeworfenen Abfall als wertvolle Ressource zu erhalten, anstatt ihn auf M\u00fclldeponien zu entsorgen.&nbsp;Und angesichts der von der Europ\u00e4ischen Union festgelegten Ziele f\u00fcr&nbsp;<a href=\"https:\/\/plasticseurope.org\/sustainability\/circularity\/recycling\/mandatory-recycled-content\/\" target=\"_blank\" rel=\"noreferrer noopener\">verbindliche Recyclinganteile<\/a>&nbsp;sind Innovationen und Investitionen von entscheidender Bedeutung, um bessere Wege zur Abfallreduzierung und Verbesserung der Recyclingeffizienz in jedem Schritt zu finden.<\/p>\n\n\n\n<div style=\"height:100px\" aria-hidden=\"true\" class=\"wp-block-spacer\"><\/div>\n\n\n\n<div class=\"wp-block-media-text alignwide is-stacked-on-mobile media-padding-none\" style=\"grid-template-columns:40% auto\" id=\"rounded-md\"><figure class=\"wp-block-media-text__media\"><img decoding=\"async\" src=\"https:\/\/plasticseurope.org\/wp-content\/uploads\/2023\/03\/pexels-thirdman-7656748-1024x683.jpg\" alt=\"\" class=\"wp-image-8051 size-large\" \/><\/figure><div class=\"wp-block-media-text__content\">\n<div class=\"wp-block-group is-layout-flow wp-block-group-is-layout-flow\">\n<h3 class=\"wp-block-heading\" id=\"zero-plastics-to-landfill\">Kein Plastik auf der M\u00fclldeponie<\/h3>\n\n\n\n<p>Die Nutzung von Abf\u00e4llen als Ressource ist der Schl\u00fcssel zu mehr Ressourceneffizienz.&nbsp;Am Ende ihrer Lebensdauer sind Kunststoffe immer noch zu wertvoll, um sie einfach wegzuwerfen.<\/p>\n\n\n\n<p>Erfahren Sie, wie wir uns daf\u00fcr einsetzen, dass&nbsp;<a href=\"https:\/\/plasticseurope.org\/sustainability\/circularity\/recycling\/zero-plastics-to-landfill\/\">keine Kunststoffe mehr auf Deponien landen<\/a>.<\/p>\n<\/div>\n<\/div><\/div>\n\n\n\n<div style=\"height:100px\" aria-hidden=\"true\" class=\"wp-block-spacer is-style-medium\"><\/div>\n\n\n\n<div class=\"wp-block-media-text alignwide has-media-on-the-right is-stacked-on-mobile media-padding-none\" style=\"grid-template-columns:auto 40%\" id=\"rounded-md\"><div class=\"wp-block-media-text__content\">\n<div class=\"wp-block-group is-layout-flow wp-block-group-is-layout-flow\">\n<h3 class=\"wp-block-heading\" id=\"mandatory-recycled-content\">Verbindliche Rezyklateinsatzquoten<\/h3>\n\n\n\n<p>Europ\u00e4ische Kunststoffhersteller unterst\u00fctzen den Vorschlag der Europ\u00e4ischen Kommission f\u00fcr ein verbindliches EU-Ziel f\u00fcr den Recyclinganteil* f\u00fcr Kunststoffverpackungen und haben ein Ziel von 30 % f\u00fcr Kunststoffverpackungen bis 2030 gefordert. Innovation und Investitionen sind von entscheidender Bedeutung, um immer bessere M\u00f6glichkeiten zur Abfallreduzierung und Verbesserung der Recyclingeffizienz zu finden Schritt auf dem Weg.<\/p>\n\n\n\n<p>Lesen Sie mehr \u00fcber&nbsp;<a href=\"https:\/\/plasticseurope.org\/sustainability\/circularity\/recycling\/mandatory-recycled-content\/\" target=\"_blank\" rel=\"noreferrer noopener\">die Investitionen unserer Mitglieder in Technologiel\u00f6sungen,<\/a>&nbsp;&nbsp;um dieses Ziel zu erreichen.<\/p>\n<\/div>\n<\/div><figure class=\"wp-block-media-text__media\"><img decoding=\"async\" src=\"https:\/\/plasticseurope.org\/wp-content\/uploads\/2021\/10\/plastics-water-bottle-boy-drinking-1024x683.jpg\" alt=\"\" class=\"wp-image-3317 size-large\" \/><\/figure><\/div>\n\n\n\n<div style=\"height:100px\" aria-hidden=\"true\" class=\"wp-block-spacer is-style-medium\"><\/div>\n\n\n\n<h2 class=\"wp-block-heading\" id=\"boosting-sustainability\">Nachhaltigkeit st\u00e4rken<\/h2>\n\n\n\n<p>Der \u00dcbergang zu einer nachhaltigen und kreislauforientierten Kunststoffwirtschaft erfordert Konzentration, Zusammenarbeit und umfangreiche, langfristige Investitionen in Systeme und Technologien, die den \u00dcbergang zu einer abfallfreien Zukunft erm\u00f6glichen k\u00f6nnen.&nbsp;Wir engagieren uns voll und ganz daf\u00fcr, die immensen Herausforderungen der Abfallwirtschaft, der Kreislaufwirtschaft und der Beendigung von Plastikm\u00fcll in der Umwelt anzugehen.<\/p>\n\n\n\n<div style=\"height:100px\" aria-hidden=\"true\" class=\"wp-block-spacer\"><\/div>\n\n\n\n<p>Obwohl wir uns der Herausforderungen voll bewusst sind, ist es auch wichtig, den Beitrag unserer Branche zur Nachhaltigkeit anzuerkennen.&nbsp;Dazu geh\u00f6rt, dass wir dazu beitragen, Lebensmittelverschwendung durch Kunststoffverpackungen zu reduzieren und gleichzeitig den CO2-Aussto\u00df zu reduzieren.&nbsp;Zum Beispiel Autos, die leichtere Materialien verwenden, der Energieverlust von Geb\u00e4uden und die Elektrifizierung unseres Energienetzes und unserer Transportsysteme.&nbsp;Kunststoff ist ein wesentliches Material f\u00fcr eine nachhaltige Zukunft und spielt eine entscheidende Rolle dabei, Europa bei der Verwirklichung seiner Green-Deal-Ziele zu unterst\u00fctzen.<\/p>\n\n\n\n<div style=\"height:100px\" aria-hidden=\"true\" class=\"wp-block-spacer\"><\/div>\n\n\n\n<div style=\"height:100px\" aria-hidden=\"true\" class=\"wp-block-spacer is-style-small\"><\/div>\n\n\n\n<p>* Gem\u00e4\u00df der Recyclingdefinition in der Richtlinie \u00fcber Verpackungen und Verpackungsabf\u00e4lle, Artikel 3 Absatz 7.<\/p>\n","protected":false},"excerpt":{"rendered":"<p>Recycling ist ein entscheidendes Element bei der Schaffung eines geschlossenen Kreislaufs f\u00fcr nachhaltige Kunststoffe.&nbsp;Verbesserungen bei&nbsp;der Sammlung und Sortierung&nbsp;sowie neue M\u00f6glichkeiten zur Wiederverwertung komplexer Kunststoffe tragen dazu bei, den Wert von Kunststoffen \u00fcber den gesamten Lebenszyklus hinweg zu erhalten.&nbsp;Und angesichts der von der Europ\u00e4ischen Union festgelegten Ziele f\u00fcr&nbsp;verbindliche Rezyklateinsatzquoten sind Innovation und Investitionen von entscheidender Bedeutung, [&hellip;]<\/p>\n","protected":false},"author":1,"featured_media":1018,"parent":1257,"menu_order":0,"comment_status":"closed","ping_status":"closed","template":"","meta":{"footnotes":""},"class_list":["post-3260","page","type-page","status-publish","has-post-thumbnail","hentry"],"acf":[],"yoast_head":"<!-- This site is optimized with the Yoast SEO plugin v21.6 - https:\/\/yoast.com\/wordpress\/plugins\/seo\/ -->\n<title>Recycling von Plastik und Kunststoffabf\u00e4llen<\/title>\n<meta name=\"description\" content=\"Das Sammeln, Sortieren und Recycling von Plastik und Kunststoffabf\u00e4llen hilft wertvolle Ressourcen in den Kreislauf zur\u00fcckzuf\u00fchren.\" \/>\n<meta name=\"robots\" content=\"index, follow, max-snippet:-1, max-image-preview:large, max-video-preview:-1\" \/>\n<link rel=\"canonical\" href=\"https:\/\/plasticseurope.org\/de\/nachhaltigkeit\/kreislaufwirtschaft\/recycling\/\" \/>\n<meta property=\"og:locale\" content=\"de_DE\" \/>\n<meta property=\"og:type\" content=\"article\" \/>\n<meta property=\"og:title\" content=\"Recycling von Plastik und Kunststoffabf\u00e4llen\" \/>\n<meta property=\"og:description\" content=\"Das Sammeln, Sortieren und Recycling von Plastik und Kunststoffabf\u00e4llen hilft wertvolle Ressourcen in den Kreislauf zur\u00fcckzuf\u00fchren.\" \/>\n<meta property=\"og:url\" content=\"https:\/\/plasticseurope.org\/de\/nachhaltigkeit\/kreislaufwirtschaft\/recycling\/\" \/>\n<meta property=\"og:site_name\" content=\"Plastics Europe DE\" \/>\n<meta property=\"article:modified_time\" content=\"2025-03-02T19:48:04+00:00\" \/>\n<meta property=\"og:image\" content=\"https:\/\/plasticseurope.org\/de\/wp-content\/uploads\/sites\/3\/2022\/02\/shutterstock_1874733907-scaled.jpg\" \/>\n\t<meta property=\"og:image:width\" content=\"2560\" \/>\n\t<meta property=\"og:image:height\" content=\"1440\" \/>\n\t<meta property=\"og:image:type\" content=\"image\/jpeg\" \/>\n<meta name=\"twitter:card\" content=\"summary_large_image\" \/>\n<meta name=\"twitter:title\" content=\"Recycling von Plastik und Kunststoffabf\u00e4llen\" \/>\n<meta name=\"twitter:description\" content=\"Das Sammeln, Sortieren und Recycling von Plastik und Kunststoffabf\u00e4llen hilft wertvolle Ressourcen in den Kreislauf zur\u00fcckzuf\u00fchren.\" \/>\n<meta name=\"twitter:image\" content=\"https:\/\/plasticseurope.org\/de\/wp-content\/uploads\/sites\/3\/2022\/02\/shutterstock_1874733907-scaled.jpg\" \/>\n<meta name=\"twitter:label1\" content=\"Gesch\u00e4tzte Lesezeit\" \/>\n\t<meta name=\"twitter:data1\" content=\"6 Minuten\" \/>\n<script type=\"application\/ld+json\" class=\"yoast-schema-graph\">{\"@context\":\"https:\/\/schema.org\",\"@graph\":[{\"@type\":\"WebPage\",\"@id\":\"https:\/\/plasticseurope.org\/de\/nachhaltigkeit\/kreislaufwirtschaft\/recycling\/\",\"url\":\"https:\/\/plasticseurope.org\/de\/nachhaltigkeit\/kreislaufwirtschaft\/recycling\/\",\"name\":\"Recycling von Plastik und Kunststoffabf\u00e4llen\",\"isPartOf\":{\"@id\":\"https:\/\/plasticseurope.org\/de\/#website\"},\"datePublished\":\"2023-07-13T14:05:52+00:00\",\"dateModified\":\"2025-03-02T19:48:04+00:00\",\"description\":\"Das Sammeln, Sortieren und Recycling von Plastik und Kunststoffabf\u00e4llen hilft wertvolle Ressourcen in den Kreislauf zur\u00fcckzuf\u00fchren.\",\"breadcrumb\":{\"@id\":\"https:\/\/plasticseurope.org\/de\/nachhaltigkeit\/kreislaufwirtschaft\/recycling\/#breadcrumb\"},\"inLanguage\":\"de-DE\",\"potentialAction\":[{\"@type\":\"ReadAction\",\"target\":[\"https:\/\/plasticseurope.org\/de\/nachhaltigkeit\/kreislaufwirtschaft\/recycling\/\"]}]},{\"@type\":\"BreadcrumbList\",\"@id\":\"https:\/\/plasticseurope.org\/de\/nachhaltigkeit\/kreislaufwirtschaft\/recycling\/#breadcrumb\",\"itemListElement\":[{\"@type\":\"ListItem\",\"position\":1,\"name\":\"Home\",\"item\":\"https:\/\/plasticseurope.org\/de\/\"},{\"@type\":\"ListItem\",\"position\":2,\"name\":\"Nachhaltigkeit\",\"item\":\"https:\/\/plasticseurope.org\/de\/nachhaltigkeit\/\"},{\"@type\":\"ListItem\",\"position\":3,\"name\":\"Kreislaufwirtschaft\",\"item\":\"https:\/\/plasticseurope.org\/de\/nachhaltigkeit\/kreislaufwirtschaft\/\"},{\"@type\":\"ListItem\",\"position\":4,\"name\":\"Recycling von Plastik und Kunststoffabf\u00e4llen\"}]},{\"@type\":\"WebSite\",\"@id\":\"https:\/\/plasticseurope.org\/de\/#website\",\"url\":\"https:\/\/plasticseurope.org\/de\/\",\"name\":\"Plastics Europe DE\",\"description\":\"Enabling a sustainable future\",\"potentialAction\":[{\"@type\":\"SearchAction\",\"target\":{\"@type\":\"EntryPoint\",\"urlTemplate\":\"https:\/\/plasticseurope.org\/de\/?s={search_term_string}\"},\"query-input\":\"required name=search_term_string\"}],\"inLanguage\":\"de-DE\"}]}<\/script>\n<!-- \/ Yoast SEO plugin. -->","yoast_head_json":{"title":"Recycling von Plastik und Kunststoffabf\u00e4llen","description":"Das Sammeln, Sortieren und Recycling von Plastik und Kunststoffabf\u00e4llen hilft wertvolle Ressourcen in den Kreislauf zur\u00fcckzuf\u00fchren.","robots":{"index":"index","follow":"follow","max-snippet":"max-snippet:-1","max-image-preview":"max-image-preview:large","max-video-preview":"max-video-preview:-1"},"canonical":"https:\/\/plasticseurope.org\/de\/nachhaltigkeit\/kreislaufwirtschaft\/recycling\/","og_locale":"de_DE","og_type":"article","og_title":"Recycling von Plastik und Kunststoffabf\u00e4llen","og_description":"Das Sammeln, Sortieren und Recycling von Plastik und Kunststoffabf\u00e4llen hilft wertvolle Ressourcen in den Kreislauf zur\u00fcckzuf\u00fchren.","og_url":"https:\/\/plasticseurope.org\/de\/nachhaltigkeit\/kreislaufwirtschaft\/recycling\/","og_site_name":"Plastics Europe DE","article_modified_time":"2025-03-02T19:48:04+00:00","og_image":[{"width":2560,"height":1440,"url":"https:\/\/plasticseurope.org\/de\/wp-content\/uploads\/sites\/3\/2022\/02\/shutterstock_1874733907-scaled.jpg","type":"image\/jpeg"}],"twitter_card":"summary_large_image","twitter_title":"Recycling von Plastik und Kunststoffabf\u00e4llen","twitter_description":"Das Sammeln, Sortieren und Recycling von Plastik und Kunststoffabf\u00e4llen hilft wertvolle Ressourcen in den Kreislauf zur\u00fcckzuf\u00fchren.","twitter_image":"https:\/\/plasticseurope.org\/de\/wp-content\/uploads\/sites\/3\/2022\/02\/shutterstock_1874733907-scaled.jpg","twitter_misc":{"Gesch\u00e4tzte Lesezeit":"6 Minuten"},"schema":{"@context":"https:\/\/schema.org","@graph":[{"@type":"WebPage","@id":"https:\/\/plasticseurope.org\/de\/nachhaltigkeit\/kreislaufwirtschaft\/recycling\/","url":"https:\/\/plasticseurope.org\/de\/nachhaltigkeit\/kreislaufwirtschaft\/recycling\/","name":"Recycling von Plastik und Kunststoffabf\u00e4llen","isPartOf":{"@id":"https:\/\/plasticseurope.org\/de\/#website"},"datePublished":"2023-07-13T14:05:52+00:00","dateModified":"2025-03-02T19:48:04+00:00","description":"Das Sammeln, Sortieren und Recycling von Plastik und Kunststoffabf\u00e4llen hilft wertvolle Ressourcen in den Kreislauf zur\u00fcckzuf\u00fchren.","breadcrumb":{"@id":"https:\/\/plasticseurope.org\/de\/nachhaltigkeit\/kreislaufwirtschaft\/recycling\/#breadcrumb"},"inLanguage":"de-DE","potentialAction":[{"@type":"ReadAction","target":["https:\/\/plasticseurope.org\/de\/nachhaltigkeit\/kreislaufwirtschaft\/recycling\/"]}]},{"@type":"BreadcrumbList","@id":"https:\/\/plasticseurope.org\/de\/nachhaltigkeit\/kreislaufwirtschaft\/recycling\/#breadcrumb","itemListElement":[{"@type":"ListItem","position":1,"name":"Home","item":"https:\/\/plasticseurope.org\/de\/"},{"@type":"ListItem","position":2,"name":"Nachhaltigkeit","item":"https:\/\/plasticseurope.org\/de\/nachhaltigkeit\/"},{"@type":"ListItem","position":3,"name":"Kreislaufwirtschaft","item":"https:\/\/plasticseurope.org\/de\/nachhaltigkeit\/kreislaufwirtschaft\/"},{"@type":"ListItem","position":4,"name":"Recycling von Plastik und Kunststoffabf\u00e4llen"}]},{"@type":"WebSite","@id":"https:\/\/plasticseurope.org\/de\/#website","url":"https:\/\/plasticseurope.org\/de\/","name":"Plastics Europe DE","description":"Enabling a sustainable future","potentialAction":[{"@type":"SearchAction","target":{"@type":"EntryPoint","urlTemplate":"https:\/\/plasticseurope.org\/de\/?s={search_term_string}"},"query-input":"required name=search_term_string"}],"inLanguage":"de-DE"}]}},"_links":{"self":[{"href":"https:\/\/plasticseurope.org\/de\/wp-json\/wp\/v2\/pages\/3260","targetHints":{"allow":["GET"]}}],"collection":[{"href":"https:\/\/plasticseurope.org\/de\/wp-json\/wp\/v2\/pages"}],"about":[{"href":"https:\/\/plasticseurope.org\/de\/wp-json\/wp\/v2\/types\/page"}],"author":[{"embeddable":true,"href":"https:\/\/plasticseurope.org\/de\/wp-json\/wp\/v2\/users\/1"}],"replies":[{"embeddable":true,"href":"https:\/\/plasticseurope.org\/de\/wp-json\/wp\/v2\/comments?post=3260"}],"version-history":[{"count":0,"href":"https:\/\/plasticseurope.org\/de\/wp-json\/wp\/v2\/pages\/3260\/revisions"}],"up":[{"embeddable":true,"href":"https:\/\/plasticseurope.org\/de\/wp-json\/wp\/v2\/pages\/1257"}],"wp:featuredmedia":[{"embeddable":true,"href":"https:\/\/plasticseurope.org\/de\/wp-json\/wp\/v2\/media\/1018"}],"wp:attachment":[{"href":"https:\/\/plasticseurope.org\/de\/wp-json\/wp\/v2\/media?parent=3260"}],"curies":[{"name":"wp","href":"https:\/\/api.w.org\/{rel}","templated":true}]}}