{"id":2655,"date":"2023-05-02T14:45:44","date_gmt":"2023-05-02T14:45:44","guid":{"rendered":"https:\/\/plasticseurope.wpenginepowered.com\/de\/?page_id=2655"},"modified":"2026-04-14T12:55:34","modified_gmt":"2026-04-14T12:55:34","slug":"wirtschafts-pressekonferenz-2023","status":"publish","type":"page","link":"https:\/\/plasticseurope.org\/de\/wirtschafts-pressekonferenz-2023\/","title":{"rendered":"Wirtschafts-Pressekonferenz 2023"},"content":{"rendered":"\n<hr class=\"wp-block-separator has-text-color has-satsuma-color has-alpha-channel-opacity has-satsuma-background-color has-background is-style-default\" \/>\n\n\n\n<div style=\"height:50px\" aria-hidden=\"true\" class=\"wp-block-spacer is-style-medium\"><\/div>\n\n\n\n<div class=\"wp-block-columns is-layout-flex wp-container-core-columns-is-layout-28f84493 wp-block-columns-is-layout-flex\">\n<div class=\"wp-block-column is-layout-flow wp-block-column-is-layout-flow\" style=\"flex-basis:57%\">\n<div class=\"wp-block-group is-layout-flow wp-block-group-is-layout-flow\">\n<figure class=\"wp-block-image size-large is-resized\"><img loading=\"lazy\" decoding=\"async\" width=\"1024\" height=\"1024\" src=\"https:\/\/plasticseurope.org\/de\/wp-content\/uploads\/sites\/3\/2023\/05\/Ingemar-Buehler-Website-1024x1024.png\" alt=\"Ingemar B\u00fchler, Hauptgesch\u00e4ftsfhrer, PlasticsEurope Deutschland e.V.\" class=\"wp-image-2735\" style=\"width:250px;height:250px\" srcset=\"https:\/\/plasticseurope.org\/de\/wp-content\/uploads\/sites\/3\/2023\/05\/Ingemar-Buehler-Website-1024x1024.png 1024w, https:\/\/plasticseurope.org\/de\/wp-content\/uploads\/sites\/3\/2023\/05\/Ingemar-Buehler-Website-300x300.png 300w, https:\/\/plasticseurope.org\/de\/wp-content\/uploads\/sites\/3\/2023\/05\/Ingemar-Buehler-Website-150x150.png 150w, https:\/\/plasticseurope.org\/de\/wp-content\/uploads\/sites\/3\/2023\/05\/Ingemar-Buehler-Website-768x768.png 768w, https:\/\/plasticseurope.org\/de\/wp-content\/uploads\/sites\/3\/2023\/05\/Ingemar-Buehler-Website-840x840.png 840w, https:\/\/plasticseurope.org\/de\/wp-content\/uploads\/sites\/3\/2023\/05\/Ingemar-Buehler-Website.png 1080w\" sizes=\"auto, (max-width: 1024px) 100vw, 1024px\" \/><\/figure>\n<\/div>\n<\/div>\n\n\n\n<div class=\"wp-block-column is-layout-flow wp-block-column-is-layout-flow\" style=\"flex-basis:250%\">\n<p>Ihr Ansprechpartner:<\/p>\n\n\n\n<p><strong>Ingemar B\u00fchler<\/strong><br>Hauptgesch\u00e4ftsf\u00fchrer<br>Telefon: +49 (69) 2556-1359<\/p>\n\n\n\n<div class=\"wp-block-buttons is-layout-flex wp-block-buttons-is-layout-flex\">\n<div class=\"wp-block-button\"><a class=\"wp-block-button__link has-white-color has-satsuma-background-color has-text-color has-background wp-element-button\" href=\"https:\/\/plasticseurope.org\/de\/wp-content\/uploads\/sites\/3\/2023\/05\/2023-05-11_WPK_Pressemappe.pdf\">Download Pressemappe PDF<\/a><\/div>\n<\/div>\n<\/div>\n<\/div>\n\n\n\n<div style=\"height:50px\" aria-hidden=\"true\" class=\"wp-block-spacer is-style-medium\"><\/div>\n\n\n\n<hr class=\"wp-block-separator has-text-color has-satsuma-color has-alpha-channel-opacity has-satsuma-background-color has-background is-style-default\" \/>\n\n\n\n<div style=\"height:100px\" aria-hidden=\"true\" class=\"wp-block-spacer is-style-medium\"><\/div>\n\n\n\n<h2 class=\"wp-block-heading\" id=\"zur-wettbewerbsfahigkeit-des-industriestandorts-deutschlands\">Kunststoffindustrie fordert mehr Tempo bei der Transformation<\/h2>\n\n\n\n<p class=\"has-gray-color has-text-color\"><em>Am 11. Mai 2023, pr\u00e4sentierte PlasticsEurope Deutschland e.V., der Verband der Kunststoffhersteller, seinen j\u00e4hrlichen Bericht zur aktuellen Wirtschaftslage der Kunststoffindustrie in Deutschland. Hohe Importkosten f\u00fcr Erdgas f\u00fchrten im Gesch\u00e4ftsjahr 2022 zu steigenden Preisen und einem deutlichen R\u00fcckgang der Produktion. Die hohen Energiepreise sowie fehlendes Tempo beim Ausbau der erneuerbaren Energien und bei Genehmigungsprozessen bewerten deutsche Kunststoffhersteller dabei zunehmend als Standortnachteil. Um international wettbewerbsf\u00e4hig zu bleiben, brauchen die Hersteller gro\u00dfe Mengen an bezahlbarem Strom aus erneuerbaren Energien, einen wettbewerbsf\u00e4higen Industriestrompreis f\u00fcr die \u00dcbergangsphase sowie z\u00fcgigere Genehmigungsverfahren.<\/em><\/p>\n\n\n\n<h3 class=\"wp-block-heading\">2022: Volatile Gaspreise in Europa belasten die Kunststoffproduktion<\/h3>\n\n\n\n<p><a href=\"https:\/\/de.linkedin.com\/in\/ralf-duessel-12b0a73a\">Ralf D\u00fcssel<\/a>, Vorstandsvorsitzender von <a href=\"https:\/\/plasticseurope.org\/de\/\">PlasticsEurope Deutschland<\/a> (PED), ging zun\u00e4chst auf das abgelaufene Gesch\u00e4ftsjahr ein: Anfang 2022 verzeichneten die Kunststofferzeuger noch eine gute Auftragslage, trotz anhaltender Probleme in den Lieferketten und hoher Rohstoffpreise. Die Aufhebung der Corona-Beschr\u00e4nkungen belebten den Konsum und die Branche hoffte auf weitere Aufholeffekte. Der \u00dcberfall Russlands auf die Ukraine am 24. Februar traf die Industrie jedoch hart. Die dadurch gestiegenen Importkosten f\u00fcr Erdgas und Rohstoffe f\u00fchrten zu einem R\u00fcckgang der Produktion von -9,6&nbsp;% und signifikant gestiegenen Erzeugerpreisen von +23,6&nbsp;%. Auch der Au\u00dfenhandel entwickelte sich 2022 r\u00fcckl\u00e4ufig (Import: -5,7&nbsp;%; Export: -11,2&nbsp;%).<\/p>\n\n\n\n<p>Der Gaspreis war zwischenzeitlich im August fast dreimal so hoch wie vor Kriegsbeginn im Februar. Seit September 2022 sinkt der Gaspreis in Europa wieder. F\u00fcr das Jahr 2023 rechnen die Kunststoffhersteller zwar mit einer leichten Erholung des Gesch\u00e4ftsverlaufs. Trotz der Erholung ist das Produktionsniveau aus dem Jahr 2022 jedoch noch in weiter Ferne und man rechnet 2023 mit einem R\u00fcckgang der Produktion von Kunststoffen in Prim\u00e4rform von 10 Prozent gegen\u00fcber dem Vorjahr. D\u00fcssel, zeigte sich besorgt: \u201eDie deutsche Kunststoffindustrie kann die Krise nur \u00fcberstehen, wenn wir die hohen Energiepreise, die ein klarer Standortnachteil sind, schnellstm\u00f6glich in den Griff bekommen. Wie sich der Industriestandort Deutschland im internationalen Wettbewerb behaupten kann, h\u00e4ngt stark vom Schulterschluss von Politik und Wirtschaft ab. Damit wir in Deutschland 2045 klimaneutral und vollst\u00e4ndig zirkul\u00e4r arbeiten k\u00f6nnen, m\u00fcssen wir jetzt richtungsweisende Investitionen t\u00e4tigen. Diese werden aber nur erfolgen, wenn die Politik die entsprechenden Rahmenbedingungen schafft.\u201c<\/p>\n\n\n\n<h3 class=\"wp-block-heading\">Die hohen Importkosten f\u00fcr Erdgas sind ein klarer Wettbewerbsnachteil<\/h3>\n\n\n\n<p><a href=\"https:\/\/de.linkedin.com\/in\/carolina-hupfer-6428a0169\">Carolina Hupfer<\/a>, Gesch\u00e4ftsf\u00fchrerin f\u00fcr Wirtschaft und Zentrale Aufgaben bei PED, pr\u00e4sentierte eine Umfrage der Mitgliedsunternehmen, um die Wettbewerbsf\u00e4higkeit des Standorts Deutschland einzusch\u00e4tzen. \u201eDie drei gr\u00f6\u00dften Investitions-Hindernisse sehen unsere Mitglieder in den hohen Energiepreisen, b\u00fcrokratischen und langsamen Genehmigungsverfahren, beispielsweise f\u00fcr Industrieanlagen, sowie dem demografischen Wandel und dem dadurch drohenden Fachkr\u00e4ftemangel.\u201c<\/p>\n\n\n\n<h3 class=\"wp-block-heading\">Politische Weichenstellungen entscheiden \u00fcber die Zukunft der Industrie<\/h3>\n\n\n\n<p>\u201eDie Arbeit der Bundesregierung in der jetzigen Legislaturperiode ist absolut entscheidend f\u00fcr die Zukunft unserer Industrie in Deutschland und Europa\u201c, so PED-Gesch\u00e4ftsf\u00fchrer <a href=\"https:\/\/de.linkedin.com\/in\/ingemar-buehler-6a731a41\">Ingemar B\u00fchler<\/a>. \u201eKonkret hei\u00dft das, wir brauchen erstens die z\u00fcgige Einf\u00fchrung eines Industriestrompreises, zweitens eine signifikante Beschleunigung der Antrags- und Genehmigungsverfahren f\u00fcr den Neubau und die Sanierung von Industrieanlagen sowie drittens ein klares Bekenntnis zu Industrie- und Technologieoffenheit in der <a href=\"https:\/\/www.bmuv.de\/themen\/wasser-ressourcen-abfall\/kreislaufwirtschaft\/nationale-kreislaufwirtschaftsstrategie-nkws\">nationalen Kreislaufwirtschaftsstrategie<\/a>.\u201c<\/p>\n\n\n\n<p>B\u00fchler betonte: \u201eDie Transformation zur Kreislaufwirtschaft ist unsere Chance, den wachsenden Bedarf an Kunststoffen in allen Lebensbereichen zu bedienen, uns gleichzeitig vom Verbrauch fossiler Ressourcen zu entkoppeln und damit unsere Umwelt zu sch\u00fctzen. Mit dem Expertenpapier \u201a<a href=\"https:\/\/plasticseurope.org\/de\/knowledge-hub\/kreislaufwirtschaftplus-handlungsempfehlungen-fur-eine-nationale-kreislaufwirtschaftsstrategie\/\">KreislaufwirtschaftPLUS<\/a>\u2018 haben wir nun auch einen konkreten Plan zur Hand, wie wir die Transformation zur klimaneutralen Kreislaufwirtschaft umsetzen k\u00f6nnen. Mit den richtigen Weichenstellungen in der Industriepolitik kann Deutschland hierbei eine f\u00fchrende Rolle \u00fcbernehmen. Die Ampel-Koalition hat unsere Herausforderungen bereits in ihrem Koalitionsvertrag benannt. Jetzt ist die Bundesregierung gefragt, den Fortschritt aktiv zu gestalten \u2013 und z\u00fcgig f\u00fcr mehr Tempo bei der Transformation zu sorgen.\u201c<\/p>\n\n\n\n<div style=\"height:100px\" aria-hidden=\"true\" class=\"wp-block-spacer is-style-small\"><\/div>\n\n\n\n<div class=\"wp-block-buttons is-layout-flex wp-block-buttons-is-layout-flex\">\n<div class=\"wp-block-button\"><a class=\"wp-block-button__link has-white-color has-satsuma-background-color has-text-color has-background wp-element-button\" href=\"https:\/\/plasticseurope.org\/de\/wp-content\/uploads\/sites\/3\/2023\/05\/Pressemappe_WPK_2023_Inkl-Photos.zip\">Download Pressemappe ZIP<\/a><\/div>\n<\/div>\n\n\n\n<div style=\"height:100px\" aria-hidden=\"true\" class=\"wp-block-spacer is-style-small\"><\/div>\n\n\n\n<p><em>Inklusive Transkript, Vortrags-Pr\u00e4sentation, Q&amp;A Papier und Bilder.<\/em><\/p>\n\n\n\n<div style=\"height:100px\" aria-hidden=\"true\" class=\"wp-block-spacer is-style-small\"><\/div>\n\n\n\n<hr class=\"wp-block-separator has-text-color has-satsuma-color has-alpha-channel-opacity has-satsuma-background-color has-background is-style-default\" \/>\n\n\n\n<div style=\"height:100px\" aria-hidden=\"true\" class=\"wp-block-spacer is-style-small\"><\/div>\n\n\n\n<h2 class=\"wp-block-heading\">\u00dcber Plastics Europe Deutschland<\/h2>\n\n\n\n<p>Plastics Europe ist der paneurop\u00e4ische Verband der Kunststofferzeuger mit B\u00fcros in mehreren Wirtschaftszentren Europas. Forschung, Wissenschaft und Innovationskraft sind seit jeher die Triebfedern unserer Branche. Mit fast 100 Mitgliedsunternehmen, die f\u00fcr mehr als 90 Prozent der Kunststoffproduktion in Europa stehen, sind wir ein bedeutender Akteur der Kunststoffindustrie, mit der Verantwortung, offen und eng mit den verschiedensten Interessengruppen zusammenzuarbeiten &#8211; um sichere, kreislauff\u00e4hige und ressourcenschonende Ideen und Produkte zu entwickeln. Unser Ziel ist es, den Wandel der Branche hin zu mehr Nachhaltigkeit intensiv voranzutreiben.<\/p>\n","protected":false},"excerpt":{"rendered":"<p>Ihr Ansprechpartner: Ingemar B\u00fchlerHauptgesch\u00e4ftsf\u00fchrerTelefon: +49 (69) 2556-1359 Kunststoffindustrie fordert mehr Tempo bei der Transformation Am 11. Mai 2023, pr\u00e4sentierte PlasticsEurope Deutschland e.V., der Verband der Kunststoffhersteller, seinen j\u00e4hrlichen Bericht zur aktuellen Wirtschaftslage der Kunststoffindustrie in Deutschland. Hohe Importkosten f\u00fcr Erdgas f\u00fchrten im Gesch\u00e4ftsjahr 2022 zu steigenden Preisen und einem deutlichen R\u00fcckgang der Produktion. Die hohen [&hellip;]<\/p>\n","protected":false},"author":1,"featured_media":2710,"parent":0,"menu_order":0,"comment_status":"closed","ping_status":"closed","template":"","meta":{"footnotes":""},"class_list":["post-2655","page","type-page","status-publish","has-post-thumbnail","hentry"],"acf":[],"yoast_head":"<!-- This site is optimized with the Yoast SEO plugin v21.6 - https:\/\/yoast.com\/wordpress\/plugins\/seo\/ -->\n<title>Wirtschafts-Pressekonferenz 2023 - Plastics Europe Deutschland<\/title>\n<meta name=\"description\" content=\"Am 11. Mai 2023, pr\u00e4sentiert Plastics Europe, der Verband der Kunststoffhersteller, den Bericht zur Wirtschaftslage der Kunststoffindustrie in Deutschland.\" \/>\n<meta name=\"robots\" content=\"index, follow, max-snippet:-1, max-image-preview:large, max-video-preview:-1\" \/>\n<link rel=\"canonical\" href=\"https:\/\/plasticseurope.org\/de\/wirtschafts-pressekonferenz-2023\/\" \/>\n<meta property=\"og:locale\" content=\"de_DE\" \/>\n<meta property=\"og:type\" content=\"article\" \/>\n<meta property=\"og:title\" content=\"Wirtschafts-Pressekonferenz 2023 - Plastics Europe Deutschland\" \/>\n<meta property=\"og:description\" content=\"Am 11. Mai 2023, pr\u00e4sentiert Plastics Europe, der Verband der Kunststoffhersteller, den Bericht zur Wirtschaftslage der Kunststoffindustrie in Deutschland.\" \/>\n<meta property=\"og:url\" content=\"https:\/\/plasticseurope.org\/de\/wirtschafts-pressekonferenz-2023\/\" \/>\n<meta property=\"og:site_name\" content=\"Plastics Europe DE\" \/>\n<meta property=\"article:modified_time\" content=\"2026-04-14T12:55:34+00:00\" \/>\n<meta property=\"og:image\" content=\"https:\/\/plasticseurope.org\/de\/wp-content\/uploads\/sites\/3\/2023\/05\/plastics_hh_pressegespraech00804-1024x681-1.jpg\" \/>\n\t<meta property=\"og:image:width\" content=\"1024\" \/>\n\t<meta property=\"og:image:height\" content=\"681\" \/>\n\t<meta property=\"og:image:type\" content=\"image\/jpeg\" \/>\n<meta name=\"twitter:card\" content=\"summary_large_image\" \/>\n<meta name=\"twitter:title\" content=\"Wirtschafts-Pressekonferenz 2023 - Plastics Europe Deutschland\" \/>\n<meta name=\"twitter:description\" content=\"Am 11. Mai 2023, pr\u00e4sentiert Plastics Europe, der Verband der Kunststoffhersteller, den Bericht zur Wirtschaftslage der Kunststoffindustrie in Deutschland.\" \/>\n<meta name=\"twitter:image\" content=\"https:\/\/plasticseurope.org\/de\/wp-content\/uploads\/sites\/3\/2023\/05\/plastics_hh_pressegespraech00804-1024x681-1.jpg\" \/>\n<meta name=\"twitter:label1\" content=\"Gesch\u00e4tzte Lesezeit\" \/>\n\t<meta name=\"twitter:data1\" content=\"5 Minuten\" \/>\n<script type=\"application\/ld+json\" class=\"yoast-schema-graph\">{\"@context\":\"https:\/\/schema.org\",\"@graph\":[{\"@type\":\"WebPage\",\"@id\":\"https:\/\/plasticseurope.org\/de\/wirtschafts-pressekonferenz-2023\/\",\"url\":\"https:\/\/plasticseurope.org\/de\/wirtschafts-pressekonferenz-2023\/\",\"name\":\"Wirtschafts-Pressekonferenz 2023 - Plastics Europe Deutschland\",\"isPartOf\":{\"@id\":\"https:\/\/plasticseurope.org\/de\/#website\"},\"datePublished\":\"2023-05-02T14:45:44+00:00\",\"dateModified\":\"2026-04-14T12:55:34+00:00\",\"description\":\"Am 11. Mai 2023, pr\u00e4sentiert Plastics Europe, der Verband der Kunststoffhersteller, den Bericht zur Wirtschaftslage der Kunststoffindustrie in Deutschland.\",\"breadcrumb\":{\"@id\":\"https:\/\/plasticseurope.org\/de\/wirtschafts-pressekonferenz-2023\/#breadcrumb\"},\"inLanguage\":\"de-DE\",\"potentialAction\":[{\"@type\":\"ReadAction\",\"target\":[\"https:\/\/plasticseurope.org\/de\/wirtschafts-pressekonferenz-2023\/\"]}]},{\"@type\":\"BreadcrumbList\",\"@id\":\"https:\/\/plasticseurope.org\/de\/wirtschafts-pressekonferenz-2023\/#breadcrumb\",\"itemListElement\":[{\"@type\":\"ListItem\",\"position\":1,\"name\":\"Home\",\"item\":\"https:\/\/plasticseurope.org\/de\/\"},{\"@type\":\"ListItem\",\"position\":2,\"name\":\"Wirtschafts-Pressekonferenz 2023\"}]},{\"@type\":\"WebSite\",\"@id\":\"https:\/\/plasticseurope.org\/de\/#website\",\"url\":\"https:\/\/plasticseurope.org\/de\/\",\"name\":\"Plastics Europe DE\",\"description\":\"Enabling a sustainable future\",\"potentialAction\":[{\"@type\":\"SearchAction\",\"target\":{\"@type\":\"EntryPoint\",\"urlTemplate\":\"https:\/\/plasticseurope.org\/de\/?s={search_term_string}\"},\"query-input\":\"required name=search_term_string\"}],\"inLanguage\":\"de-DE\"}]}<\/script>\n<!-- \/ Yoast SEO plugin. -->","yoast_head_json":{"title":"Wirtschafts-Pressekonferenz 2023 - Plastics Europe Deutschland","description":"Am 11. Mai 2023, pr\u00e4sentiert Plastics Europe, der Verband der Kunststoffhersteller, den Bericht zur Wirtschaftslage der Kunststoffindustrie in Deutschland.","robots":{"index":"index","follow":"follow","max-snippet":"max-snippet:-1","max-image-preview":"max-image-preview:large","max-video-preview":"max-video-preview:-1"},"canonical":"https:\/\/plasticseurope.org\/de\/wirtschafts-pressekonferenz-2023\/","og_locale":"de_DE","og_type":"article","og_title":"Wirtschafts-Pressekonferenz 2023 - Plastics Europe Deutschland","og_description":"Am 11. Mai 2023, pr\u00e4sentiert Plastics Europe, der Verband der Kunststoffhersteller, den Bericht zur Wirtschaftslage der Kunststoffindustrie in Deutschland.","og_url":"https:\/\/plasticseurope.org\/de\/wirtschafts-pressekonferenz-2023\/","og_site_name":"Plastics Europe DE","article_modified_time":"2026-04-14T12:55:34+00:00","og_image":[{"width":1024,"height":681,"url":"https:\/\/plasticseurope.org\/de\/wp-content\/uploads\/sites\/3\/2023\/05\/plastics_hh_pressegespraech00804-1024x681-1.jpg","type":"image\/jpeg"}],"twitter_card":"summary_large_image","twitter_title":"Wirtschafts-Pressekonferenz 2023 - Plastics Europe Deutschland","twitter_description":"Am 11. Mai 2023, pr\u00e4sentiert Plastics Europe, der Verband der Kunststoffhersteller, den Bericht zur Wirtschaftslage der Kunststoffindustrie in Deutschland.","twitter_image":"https:\/\/plasticseurope.org\/de\/wp-content\/uploads\/sites\/3\/2023\/05\/plastics_hh_pressegespraech00804-1024x681-1.jpg","twitter_misc":{"Gesch\u00e4tzte Lesezeit":"5 Minuten"},"schema":{"@context":"https:\/\/schema.org","@graph":[{"@type":"WebPage","@id":"https:\/\/plasticseurope.org\/de\/wirtschafts-pressekonferenz-2023\/","url":"https:\/\/plasticseurope.org\/de\/wirtschafts-pressekonferenz-2023\/","name":"Wirtschafts-Pressekonferenz 2023 - Plastics Europe Deutschland","isPartOf":{"@id":"https:\/\/plasticseurope.org\/de\/#website"},"datePublished":"2023-05-02T14:45:44+00:00","dateModified":"2026-04-14T12:55:34+00:00","description":"Am 11. Mai 2023, pr\u00e4sentiert Plastics Europe, der Verband der Kunststoffhersteller, den Bericht zur Wirtschaftslage der Kunststoffindustrie in Deutschland.","breadcrumb":{"@id":"https:\/\/plasticseurope.org\/de\/wirtschafts-pressekonferenz-2023\/#breadcrumb"},"inLanguage":"de-DE","potentialAction":[{"@type":"ReadAction","target":["https:\/\/plasticseurope.org\/de\/wirtschafts-pressekonferenz-2023\/"]}]},{"@type":"BreadcrumbList","@id":"https:\/\/plasticseurope.org\/de\/wirtschafts-pressekonferenz-2023\/#breadcrumb","itemListElement":[{"@type":"ListItem","position":1,"name":"Home","item":"https:\/\/plasticseurope.org\/de\/"},{"@type":"ListItem","position":2,"name":"Wirtschafts-Pressekonferenz 2023"}]},{"@type":"WebSite","@id":"https:\/\/plasticseurope.org\/de\/#website","url":"https:\/\/plasticseurope.org\/de\/","name":"Plastics Europe DE","description":"Enabling a sustainable future","potentialAction":[{"@type":"SearchAction","target":{"@type":"EntryPoint","urlTemplate":"https:\/\/plasticseurope.org\/de\/?s={search_term_string}"},"query-input":"required name=search_term_string"}],"inLanguage":"de-DE"}]}},"_links":{"self":[{"href":"https:\/\/plasticseurope.org\/de\/wp-json\/wp\/v2\/pages\/2655","targetHints":{"allow":["GET"]}}],"collection":[{"href":"https:\/\/plasticseurope.org\/de\/wp-json\/wp\/v2\/pages"}],"about":[{"href":"https:\/\/plasticseurope.org\/de\/wp-json\/wp\/v2\/types\/page"}],"author":[{"embeddable":true,"href":"https:\/\/plasticseurope.org\/de\/wp-json\/wp\/v2\/users\/1"}],"replies":[{"embeddable":true,"href":"https:\/\/plasticseurope.org\/de\/wp-json\/wp\/v2\/comments?post=2655"}],"version-history":[{"count":0,"href":"https:\/\/plasticseurope.org\/de\/wp-json\/wp\/v2\/pages\/2655\/revisions"}],"wp:featuredmedia":[{"embeddable":true,"href":"https:\/\/plasticseurope.org\/de\/wp-json\/wp\/v2\/media\/2710"}],"wp:attachment":[{"href":"https:\/\/plasticseurope.org\/de\/wp-json\/wp\/v2\/media?parent=2655"}],"curies":[{"name":"wp","href":"https:\/\/api.w.org\/{rel}","templated":true}]}}