{"id":249,"date":"2021-10-24T21:33:11","date_gmt":"2021-10-24T21:33:11","guid":{"rendered":"https:\/\/plasticseurope.wpenginepowered.com\/de\/?page_id=249"},"modified":"2025-07-17T14:44:04","modified_gmt":"2025-07-17T14:44:04","slug":"impressum","status":"publish","type":"page","link":"https:\/\/plasticseurope.org\/de\/impressum\/","title":{"rendered":"Impressum"},"content":{"rendered":"\n<p class=\"has-large-font-size\">Diese&nbsp;Homepage und die ihr unmittelbar nachgeordneten deutschsprachigen Seiten sind ein Informationsangebot von PlasticsEurope Deutschland e.V.<\/p>\n\n\n\n<p>Anschrift:<br>Mainzer Landstra\u00dfe 55, 60329 Frankfurt am Main<br>Telefon: 069 \/ 2556-1303<br>E-Mail:&nbsp;<a href=\"mailto:info@plasticseurope.de\">info@plasticseurope.de<\/a><br>Redaktion: Bettina Dempewolf<\/p>\n\n\n\n<p>Sitz von PlasticsEurope Deutschland e.V. ist\u00a0Frankfurt am Main,<br>eingetragen beim Vereinsregister des Amtsgerichts Frankfurt\/Main<br>Hauptgesch\u00e4ftsf\u00fchrerin: Dr. Christine Bunte<\/p>\n\n\n\n<p><strong>Rechtlicher Hinweis<\/strong><\/p>\n\n\n\n<p><strong>Haftungsausschluss<\/strong><\/p>\n\n\n\n<p>Nutzungsbedingungen der Plastics Europe-Webseite. Diese Bedingungen k\u00f6nnen jederzeit \u00c4nderungen unterliegen.<\/p>\n\n\n\n<p><strong>Enthaltene Informationen<\/strong><\/p>\n\n\n\n<p>Das auf dieser Webseite enthaltene Material ist ausschlie\u00dflich zur allgemeinen Information und Nutzung vorgesehen. Es hat keinen beratenden Charakter und sollte nicht dazu dienen, Entscheidungen zu treffen (oder Entscheidungen zu unterlassen). F\u00fcr den Inhalt \u00fcbernehmen wir keine Gew\u00e4hr. Plastics Europe bem\u00fcht sich, die Informationen regelm\u00e4\u00dfig zu aktualisieren. Die Informationen haben keinen Anspruch auf Vollst\u00e4ndigkeit, Aktualit\u00e4t und\/ oder Genauigkeit. Plastics Europe hat die Seiten dieses Internetauftritts sehr sorgf\u00e4ltig zusammengestellt, und die auf dieser Website platzierten Informationen werden nach bestem Wissen und Gewissen bereitgestellt. Dennoch gibt Plastics Europe weder Zusicherungen noch Garantieren in Bezug auf die Vollst\u00e4ndigkeit, Aktualit\u00e4t und Genauigkeit dieser Informationen in all ihren Teilen. Weder Plastics Europe noch andere Mitwirkende haften f\u00fcr Verluste oder Sch\u00e4den welcher Art auch immer, die sich daraus ergeben, dass Informationen genutzt wurden, oder im Vertrauen auf solche Informationen, die in diesem Internetauftritt enthalten sind.<\/p>\n\n\n\n<p><strong>Urheberrecht<\/strong><\/p>\n\n\n\n<p>Dieser Internetauftritt und seine Inhalte, einschlie\u00dflich ggf. der Abbildungen unterliegen dem Urheberrecht von Plastics Europe. Die Wiedergabe ist gestattet, au\u00dfer f\u00fcr gewerbliche Zwecke, vorausgesetzt die Quelle wird angegeben und anerkannt, sofern nichts anderes bestimmt ist. Wo vorab eine Erlaubnis f\u00fcr die Wiedergabe oder die Nutzung von Text- und Multimedia-Informationen (Bilder, Ton, Software) eingeholt werden muss, hebt diese Erlaubnis die oben genannte allgemeine Erlaubnis auf und macht eindeutige Angaben \u00fcber etwaige Nutzungsbeschr\u00e4nkungen. Etwaige Urheberrechte an Drittmaterial, die in diesem Internetauftritt zu finden sind, m\u00fcssen beachtet werden.<\/p>\n\n\n\n<p><strong>Warenzeichen<\/strong><\/p>\n\n\n\n<p>Die Plastics Europe- und &#8222;plastics&#8220;-Logos sind eingetragene Warenzeichen von Plastics Europe in Europa. Daher unterliegen diese Logos bzw. Warenzeichen den Eigentumsrechten von Plastics Europe. Es werden keine Rechte gew\u00e4hrt au\u00dfer f\u00fcr Mitgliedsunternehmen und nationale Kunststoffverb\u00e4nde. Der Werbeslogan (einschlie\u00dflich der wichtigsten Eigenschaften) ist in 14 Sprachen verf\u00fcgbar und steht zur Nutzung in allen 27 EU-Mitgliedsl\u00e4ndern plus Gro\u00dfbritannien, Norwegen, der Schweiz und der T\u00fcrkei zur Verf\u00fcgung.<\/p>\n\n\n\n<p><strong>Links<\/strong><\/p>\n\n\n\n<p>Links zu anderen Webseiten dienen ausschlich Ihrer Annehmlichkeit. Daher stellen diese Links in keiner Weise eine \u00dcbernahme von Verantwortung durch Plastics Europe dar, noch bringen sie Zustimmung zu den Informationen zum Ausdruck, die in solchen Webseiten enthalten sind.<\/p>\n\n\n\n<div style=\"height:16px\" aria-hidden=\"true\" class=\"wp-block-spacer\"><\/div>\n\n\n\n<p><\/p>\n","protected":false},"excerpt":{"rendered":"<p>Diese&nbsp;Homepage und die ihr unmittelbar nachgeordneten deutschsprachigen Seiten sind ein Informationsangebot von PlasticsEurope Deutschland e.V. Anschrift:Mainzer Landstra\u00dfe 55, 60329 Frankfurt am MainTelefon: 069 \/ 2556-1303E-Mail:&nbsp;info@plasticseurope.deRedaktion: Bettina Dempewolf Sitz von PlasticsEurope Deutschland e.V. ist\u00a0Frankfurt am Main,eingetragen beim Vereinsregister des Amtsgerichts Frankfurt\/MainHauptgesch\u00e4ftsf\u00fchrerin: Dr. Christine Bunte Rechtlicher Hinweis Haftungsausschluss Nutzungsbedingungen der Plastics Europe-Webseite. Diese Bedingungen k\u00f6nnen jederzeit \u00c4nderungen [&hellip;]<\/p>\n","protected":false},"author":2,"featured_media":0,"parent":0,"menu_order":0,"comment_status":"closed","ping_status":"closed","template":"","meta":{"footnotes":""},"class_list":["post-249","page","type-page","status-publish","hentry"],"acf":[],"yoast_head":"<!-- This site is optimized with the Yoast SEO plugin v21.6 - https:\/\/yoast.com\/wordpress\/plugins\/seo\/ -->\n<title>Impressum - Plastics Europe DE<\/title>\n<meta name=\"robots\" content=\"index, follow, max-snippet:-1, max-image-preview:large, max-video-preview:-1\" \/>\n<link rel=\"canonical\" href=\"https:\/\/plasticseurope.org\/de\/impressum\/\" \/>\n<meta property=\"og:locale\" content=\"de_DE\" \/>\n<meta property=\"og:type\" content=\"article\" \/>\n<meta property=\"og:title\" content=\"Impressum - Plastics Europe DE\" \/>\n<meta property=\"og:description\" content=\"Diese&nbsp;Homepage und die ihr unmittelbar nachgeordneten deutschsprachigen Seiten sind ein Informationsangebot von PlasticsEurope Deutschland e.V. Anschrift:Mainzer Landstra\u00dfe 55, 60329 Frankfurt am MainTelefon: 069 \/ 2556-1303E-Mail:&nbsp;info@plasticseurope.deRedaktion: Bettina Dempewolf Sitz von PlasticsEurope Deutschland e.V. ist\u00a0Frankfurt am Main,eingetragen beim Vereinsregister des Amtsgerichts Frankfurt\/MainHauptgesch\u00e4ftsf\u00fchrerin: Dr. Christine Bunte Rechtlicher Hinweis Haftungsausschluss Nutzungsbedingungen der Plastics Europe-Webseite. Diese Bedingungen k\u00f6nnen jederzeit \u00c4nderungen [&hellip;]\" \/>\n<meta property=\"og:url\" content=\"https:\/\/plasticseurope.org\/de\/impressum\/\" \/>\n<meta property=\"og:site_name\" content=\"Plastics Europe DE\" \/>\n<meta property=\"article:modified_time\" content=\"2025-07-17T14:44:04+00:00\" \/>\n<meta name=\"twitter:card\" content=\"summary_large_image\" \/>\n<meta name=\"twitter:label1\" content=\"Gesch\u00e4tzte Lesezeit\" \/>\n\t<meta name=\"twitter:data1\" content=\"3 Minuten\" \/>\n<script type=\"application\/ld+json\" class=\"yoast-schema-graph\">{\"@context\":\"https:\/\/schema.org\",\"@graph\":[{\"@type\":\"WebPage\",\"@id\":\"https:\/\/plasticseurope.org\/de\/impressum\/\",\"url\":\"https:\/\/plasticseurope.org\/de\/impressum\/\",\"name\":\"Impressum - Plastics Europe DE\",\"isPartOf\":{\"@id\":\"https:\/\/plasticseurope.org\/de\/#website\"},\"datePublished\":\"2021-10-24T21:33:11+00:00\",\"dateModified\":\"2025-07-17T14:44:04+00:00\",\"breadcrumb\":{\"@id\":\"https:\/\/plasticseurope.org\/de\/impressum\/#breadcrumb\"},\"inLanguage\":\"de-DE\",\"potentialAction\":[{\"@type\":\"ReadAction\",\"target\":[\"https:\/\/plasticseurope.org\/de\/impressum\/\"]}]},{\"@type\":\"BreadcrumbList\",\"@id\":\"https:\/\/plasticseurope.org\/de\/impressum\/#breadcrumb\",\"itemListElement\":[{\"@type\":\"ListItem\",\"position\":1,\"name\":\"Home\",\"item\":\"https:\/\/plasticseurope.org\/de\/\"},{\"@type\":\"ListItem\",\"position\":2,\"name\":\"Impressum\"}]},{\"@type\":\"WebSite\",\"@id\":\"https:\/\/plasticseurope.org\/de\/#website\",\"url\":\"https:\/\/plasticseurope.org\/de\/\",\"name\":\"Plastics Europe DE\",\"description\":\"Enabling a sustainable future\",\"potentialAction\":[{\"@type\":\"SearchAction\",\"target\":{\"@type\":\"EntryPoint\",\"urlTemplate\":\"https:\/\/plasticseurope.org\/de\/?s={search_term_string}\"},\"query-input\":\"required name=search_term_string\"}],\"inLanguage\":\"de-DE\"}]}<\/script>\n<!-- \/ Yoast SEO plugin. -->","yoast_head_json":{"title":"Impressum - Plastics Europe DE","robots":{"index":"index","follow":"follow","max-snippet":"max-snippet:-1","max-image-preview":"max-image-preview:large","max-video-preview":"max-video-preview:-1"},"canonical":"https:\/\/plasticseurope.org\/de\/impressum\/","og_locale":"de_DE","og_type":"article","og_title":"Impressum - Plastics Europe DE","og_description":"Diese&nbsp;Homepage und die ihr unmittelbar nachgeordneten deutschsprachigen Seiten sind ein Informationsangebot von PlasticsEurope Deutschland e.V. Anschrift:Mainzer Landstra\u00dfe 55, 60329 Frankfurt am MainTelefon: 069 \/ 2556-1303E-Mail:&nbsp;info@plasticseurope.deRedaktion: Bettina Dempewolf Sitz von PlasticsEurope Deutschland e.V. ist\u00a0Frankfurt am Main,eingetragen beim Vereinsregister des Amtsgerichts Frankfurt\/MainHauptgesch\u00e4ftsf\u00fchrerin: Dr. Christine Bunte Rechtlicher Hinweis Haftungsausschluss Nutzungsbedingungen der Plastics Europe-Webseite. Diese Bedingungen k\u00f6nnen jederzeit \u00c4nderungen [&hellip;]","og_url":"https:\/\/plasticseurope.org\/de\/impressum\/","og_site_name":"Plastics Europe DE","article_modified_time":"2025-07-17T14:44:04+00:00","twitter_card":"summary_large_image","twitter_misc":{"Gesch\u00e4tzte Lesezeit":"3 Minuten"},"schema":{"@context":"https:\/\/schema.org","@graph":[{"@type":"WebPage","@id":"https:\/\/plasticseurope.org\/de\/impressum\/","url":"https:\/\/plasticseurope.org\/de\/impressum\/","name":"Impressum - Plastics Europe DE","isPartOf":{"@id":"https:\/\/plasticseurope.org\/de\/#website"},"datePublished":"2021-10-24T21:33:11+00:00","dateModified":"2025-07-17T14:44:04+00:00","breadcrumb":{"@id":"https:\/\/plasticseurope.org\/de\/impressum\/#breadcrumb"},"inLanguage":"de-DE","potentialAction":[{"@type":"ReadAction","target":["https:\/\/plasticseurope.org\/de\/impressum\/"]}]},{"@type":"BreadcrumbList","@id":"https:\/\/plasticseurope.org\/de\/impressum\/#breadcrumb","itemListElement":[{"@type":"ListItem","position":1,"name":"Home","item":"https:\/\/plasticseurope.org\/de\/"},{"@type":"ListItem","position":2,"name":"Impressum"}]},{"@type":"WebSite","@id":"https:\/\/plasticseurope.org\/de\/#website","url":"https:\/\/plasticseurope.org\/de\/","name":"Plastics Europe DE","description":"Enabling a sustainable future","potentialAction":[{"@type":"SearchAction","target":{"@type":"EntryPoint","urlTemplate":"https:\/\/plasticseurope.org\/de\/?s={search_term_string}"},"query-input":"required name=search_term_string"}],"inLanguage":"de-DE"}]}},"_links":{"self":[{"href":"https:\/\/plasticseurope.org\/de\/wp-json\/wp\/v2\/pages\/249","targetHints":{"allow":["GET"]}}],"collection":[{"href":"https:\/\/plasticseurope.org\/de\/wp-json\/wp\/v2\/pages"}],"about":[{"href":"https:\/\/plasticseurope.org\/de\/wp-json\/wp\/v2\/types\/page"}],"author":[{"embeddable":true,"href":"https:\/\/plasticseurope.org\/de\/wp-json\/wp\/v2\/users\/2"}],"replies":[{"embeddable":true,"href":"https:\/\/plasticseurope.org\/de\/wp-json\/wp\/v2\/comments?post=249"}],"version-history":[{"count":0,"href":"https:\/\/plasticseurope.org\/de\/wp-json\/wp\/v2\/pages\/249\/revisions"}],"wp:attachment":[{"href":"https:\/\/plasticseurope.org\/de\/wp-json\/wp\/v2\/media?parent=249"}],"curies":[{"name":"wp","href":"https:\/\/api.w.org\/{rel}","templated":true}]}}