{"id":1668,"date":"2022-05-04T16:42:29","date_gmt":"2022-05-04T16:42:29","guid":{"rendered":"https:\/\/plasticseurope.wpenginepowered.com\/de\/?page_id=1668"},"modified":"2023-12-11T13:42:23","modified_gmt":"2023-12-11T13:42:23","slug":"schulbuch-kunststoffe-werkstoffe-unserer-zeit","status":"publish","type":"page","link":"https:\/\/plasticseurope.org\/de\/uber-uns\/kunststoff-und-schule\/schulbuch-kunststoffe-werkstoffe-unserer-zeit\/","title":{"rendered":"Schulbuch Kunststoffe &#8211; Werkstoffe unserer Zeit"},"content":{"rendered":"\n<p>Das Buch ist weitgehend an den&nbsp;Lehrpl\u00e4nen der Sekundarstufe I orientiert und betrachtet Kunststoffe aus der Sicht eines f\u00e4cher\u00fcbergreifenden Unterrichts.&nbsp;<br>21. Auflage, 98 Seiten.&nbsp;<br><br>F\u00fcr Schulen&nbsp;in Deutschland sind bis zu 15 Exemplare&nbsp;pro Schuljahr kostenlos; der Preis f\u00fcr Firmen\/Privatpersonen sowie Schulen im Ausland betr\u00e4gt 9,50&nbsp;Euro zzgl. MwSt und Versandkosten.&nbsp;<\/p>\n\n\n\n<div style=\"height:100px\" aria-hidden=\"true\" class=\"wp-block-spacer\"><\/div>\n\n\n\n<div class=\"wp-block-buttons is-layout-flex wp-block-buttons-is-layout-flex\">\n<div class=\"wp-block-button\"><a class=\"wp-block-button__link has-satsuma-background-color has-background wp-element-button\" href=\"https:\/\/plasticseurope.org\/de\/unsere-themen\/kunststoff-und-schule\/unterrichtsmaterialien-bestellen\/\" target=\"_blank\" rel=\"noreferrer noopener\">Bestellinformationen<\/a><\/div>\n<\/div>\n\n\n\n<div style=\"height:100px\" aria-hidden=\"true\" class=\"wp-block-spacer\"><\/div>\n\n\n\n<p>Werfen Sie einen Blick in das Buch oder laden Sie es sich f\u00fcr Lehrzwecke kostenlos herunter.<\/p>\n\n\n\n<div style=\"height:16px\" aria-hidden=\"true\" class=\"wp-block-spacer\"><\/div>\n\n\n\n<div data-wp-interactive=\"core\/file\" class=\"wp-block-file\"><object data-wp-bind--hidden=\"!state.hasPdfPreview\" hidden class=\"wp-block-file__embed\" data=\"https:\/\/plasticseurope.org\/de\/wp-content\/uploads\/sites\/3\/2022\/05\/129454_Inhalt_Ansicht.pdf\" type=\"application\/pdf\" style=\"width:100%;height:422px\" aria-label=\"Einbettung von Kunststoffe - Werkstoffe unserer Zeit.\"><\/object><a id=\"wp-block-file--media-2f928032-0773-45b7-8c22-0fb652af2b62\" href=\"https:\/\/plasticseurope.org\/de\/wp-content\/uploads\/sites\/3\/2022\/05\/129454_Inhalt_Ansicht.pdf\">Kunststoffe &#8211; Werkstoffe unserer Zeit<\/a><a href=\"https:\/\/plasticseurope.org\/de\/wp-content\/uploads\/sites\/3\/2022\/05\/129454_Inhalt_Ansicht.pdf\" class=\"wp-block-file__button wp-element-button\" download aria-describedby=\"wp-block-file--media-2f928032-0773-45b7-8c22-0fb652af2b62\">Herunterladen<\/a><\/div>\n\n\n\n<div style=\"height:100px\" aria-hidden=\"true\" class=\"wp-block-spacer\"><\/div>\n\n\n\n<div class=\"wp-block-buttons is-layout-flex wp-block-buttons-is-layout-flex\">\n<div class=\"wp-block-button\"><a class=\"wp-block-button__link wp-element-button\" href=\"https:\/\/plasticseurope.org\/de\/unsere-themen\/kunststoff-und-schule\/\" target=\"_blank\" rel=\"noreferrer noopener\">Zur\u00fcck zur \u00dcbersicht &#8222;Kunststoff und Schule&#8220;<\/a><\/div>\n<\/div>\n","protected":false},"excerpt":{"rendered":"<p>Das Buch ist weitgehend an den&nbsp;Lehrpl\u00e4nen der Sekundarstufe I orientiert und betrachtet Kunststoffe aus der Sicht eines f\u00e4cher\u00fcbergreifenden Unterrichts.&nbsp;21. Auflage, 98 Seiten.&nbsp; F\u00fcr Schulen&nbsp;in Deutschland sind bis zu 15 Exemplare&nbsp;pro Schuljahr kostenlos; der Preis f\u00fcr Firmen\/Privatpersonen sowie Schulen im Ausland betr\u00e4gt 9,50&nbsp;Euro zzgl. MwSt und Versandkosten.&nbsp; Werfen Sie einen Blick in das Buch oder laden [&hellip;]<\/p>\n","protected":false},"author":30,"featured_media":1675,"parent":1624,"menu_order":0,"comment_status":"closed","ping_status":"closed","template":"","meta":{"footnotes":""},"class_list":["post-1668","page","type-page","status-publish","has-post-thumbnail","hentry"],"acf":[],"yoast_head":"<!-- This site is optimized with the Yoast SEO plugin v21.6 - https:\/\/yoast.com\/wordpress\/plugins\/seo\/ -->\n<title>Schulbuch Kunststoffe - Werkstoffe unserer Zeit - Plastics Europe DE<\/title>\n<meta name=\"robots\" content=\"index, follow, max-snippet:-1, max-image-preview:large, max-video-preview:-1\" \/>\n<link rel=\"canonical\" href=\"https:\/\/plasticseurope.org\/de\/uber-uns\/kunststoff-und-schule\/schulbuch-kunststoffe-werkstoffe-unserer-zeit\/\" \/>\n<meta property=\"og:locale\" content=\"de_DE\" \/>\n<meta property=\"og:type\" content=\"article\" \/>\n<meta property=\"og:title\" content=\"Schulbuch Kunststoffe - Werkstoffe unserer Zeit - Plastics Europe DE\" \/>\n<meta property=\"og:description\" content=\"Das Buch ist weitgehend an den&nbsp;Lehrpl\u00e4nen der Sekundarstufe I orientiert und betrachtet Kunststoffe aus der Sicht eines f\u00e4cher\u00fcbergreifenden Unterrichts.&nbsp;21. Auflage, 98 Seiten.&nbsp; F\u00fcr Schulen&nbsp;in Deutschland sind bis zu 15 Exemplare&nbsp;pro Schuljahr kostenlos; der Preis f\u00fcr Firmen\/Privatpersonen sowie Schulen im Ausland betr\u00e4gt 9,50&nbsp;Euro zzgl. MwSt und Versandkosten.&nbsp; Werfen Sie einen Blick in das Buch oder laden [&hellip;]\" \/>\n<meta property=\"og:url\" content=\"https:\/\/plasticseurope.org\/de\/uber-uns\/kunststoff-und-schule\/schulbuch-kunststoffe-werkstoffe-unserer-zeit\/\" \/>\n<meta property=\"og:site_name\" content=\"Plastics Europe DE\" \/>\n<meta property=\"article:modified_time\" content=\"2023-12-11T13:42:23+00:00\" \/>\n<meta property=\"og:image\" content=\"https:\/\/plasticseurope.org\/de\/wp-content\/uploads\/sites\/3\/2022\/05\/KWuZ-Header-2.jpg\" \/>\n\t<meta property=\"og:image:width\" content=\"1764\" \/>\n\t<meta property=\"og:image:height\" content=\"549\" \/>\n\t<meta property=\"og:image:type\" content=\"image\/jpeg\" \/>\n<meta name=\"twitter:card\" content=\"summary_large_image\" \/>\n<meta name=\"twitter:label1\" content=\"Gesch\u00e4tzte Lesezeit\" \/>\n\t<meta name=\"twitter:data1\" content=\"1 Minute\" \/>\n<script type=\"application\/ld+json\" class=\"yoast-schema-graph\">{\"@context\":\"https:\/\/schema.org\",\"@graph\":[{\"@type\":\"WebPage\",\"@id\":\"https:\/\/plasticseurope.org\/de\/uber-uns\/kunststoff-und-schule\/schulbuch-kunststoffe-werkstoffe-unserer-zeit\/\",\"url\":\"https:\/\/plasticseurope.org\/de\/uber-uns\/kunststoff-und-schule\/schulbuch-kunststoffe-werkstoffe-unserer-zeit\/\",\"name\":\"Schulbuch Kunststoffe - Werkstoffe unserer Zeit - Plastics Europe DE\",\"isPartOf\":{\"@id\":\"https:\/\/plasticseurope.org\/de\/#website\"},\"datePublished\":\"2022-05-04T16:42:29+00:00\",\"dateModified\":\"2023-12-11T13:42:23+00:00\",\"breadcrumb\":{\"@id\":\"https:\/\/plasticseurope.org\/de\/uber-uns\/kunststoff-und-schule\/schulbuch-kunststoffe-werkstoffe-unserer-zeit\/#breadcrumb\"},\"inLanguage\":\"de-DE\",\"potentialAction\":[{\"@type\":\"ReadAction\",\"target\":[\"https:\/\/plasticseurope.org\/de\/uber-uns\/kunststoff-und-schule\/schulbuch-kunststoffe-werkstoffe-unserer-zeit\/\"]}]},{\"@type\":\"BreadcrumbList\",\"@id\":\"https:\/\/plasticseurope.org\/de\/uber-uns\/kunststoff-und-schule\/schulbuch-kunststoffe-werkstoffe-unserer-zeit\/#breadcrumb\",\"itemListElement\":[{\"@type\":\"ListItem\",\"position\":1,\"name\":\"Home\",\"item\":\"https:\/\/plasticseurope.org\/de\/\"},{\"@type\":\"ListItem\",\"position\":2,\"name\":\"\u00dcber uns\",\"item\":\"https:\/\/plasticseurope.org\/de\/uber-uns\/\"},{\"@type\":\"ListItem\",\"position\":3,\"name\":\"Kunststoff und Schule\",\"item\":\"https:\/\/plasticseurope.org\/de\/uber-uns\/kunststoff-und-schule\/\"},{\"@type\":\"ListItem\",\"position\":4,\"name\":\"Schulbuch Kunststoffe &#8211; Werkstoffe unserer Zeit\"}]},{\"@type\":\"WebSite\",\"@id\":\"https:\/\/plasticseurope.org\/de\/#website\",\"url\":\"https:\/\/plasticseurope.org\/de\/\",\"name\":\"Plastics Europe DE\",\"description\":\"Enabling a sustainable future\",\"potentialAction\":[{\"@type\":\"SearchAction\",\"target\":{\"@type\":\"EntryPoint\",\"urlTemplate\":\"https:\/\/plasticseurope.org\/de\/?s={search_term_string}\"},\"query-input\":\"required name=search_term_string\"}],\"inLanguage\":\"de-DE\"}]}<\/script>\n<!-- \/ Yoast SEO plugin. -->","yoast_head_json":{"title":"Schulbuch Kunststoffe - Werkstoffe unserer Zeit - Plastics Europe DE","robots":{"index":"index","follow":"follow","max-snippet":"max-snippet:-1","max-image-preview":"max-image-preview:large","max-video-preview":"max-video-preview:-1"},"canonical":"https:\/\/plasticseurope.org\/de\/uber-uns\/kunststoff-und-schule\/schulbuch-kunststoffe-werkstoffe-unserer-zeit\/","og_locale":"de_DE","og_type":"article","og_title":"Schulbuch Kunststoffe - Werkstoffe unserer Zeit - Plastics Europe DE","og_description":"Das Buch ist weitgehend an den&nbsp;Lehrpl\u00e4nen der Sekundarstufe I orientiert und betrachtet Kunststoffe aus der Sicht eines f\u00e4cher\u00fcbergreifenden Unterrichts.&nbsp;21. Auflage, 98 Seiten.&nbsp; F\u00fcr Schulen&nbsp;in Deutschland sind bis zu 15 Exemplare&nbsp;pro Schuljahr kostenlos; der Preis f\u00fcr Firmen\/Privatpersonen sowie Schulen im Ausland betr\u00e4gt 9,50&nbsp;Euro zzgl. MwSt und Versandkosten.&nbsp; Werfen Sie einen Blick in das Buch oder laden [&hellip;]","og_url":"https:\/\/plasticseurope.org\/de\/uber-uns\/kunststoff-und-schule\/schulbuch-kunststoffe-werkstoffe-unserer-zeit\/","og_site_name":"Plastics Europe DE","article_modified_time":"2023-12-11T13:42:23+00:00","og_image":[{"width":1764,"height":549,"url":"https:\/\/plasticseurope.org\/de\/wp-content\/uploads\/sites\/3\/2022\/05\/KWuZ-Header-2.jpg","type":"image\/jpeg"}],"twitter_card":"summary_large_image","twitter_misc":{"Gesch\u00e4tzte Lesezeit":"1 Minute"},"schema":{"@context":"https:\/\/schema.org","@graph":[{"@type":"WebPage","@id":"https:\/\/plasticseurope.org\/de\/uber-uns\/kunststoff-und-schule\/schulbuch-kunststoffe-werkstoffe-unserer-zeit\/","url":"https:\/\/plasticseurope.org\/de\/uber-uns\/kunststoff-und-schule\/schulbuch-kunststoffe-werkstoffe-unserer-zeit\/","name":"Schulbuch Kunststoffe - Werkstoffe unserer Zeit - Plastics Europe DE","isPartOf":{"@id":"https:\/\/plasticseurope.org\/de\/#website"},"datePublished":"2022-05-04T16:42:29+00:00","dateModified":"2023-12-11T13:42:23+00:00","breadcrumb":{"@id":"https:\/\/plasticseurope.org\/de\/uber-uns\/kunststoff-und-schule\/schulbuch-kunststoffe-werkstoffe-unserer-zeit\/#breadcrumb"},"inLanguage":"de-DE","potentialAction":[{"@type":"ReadAction","target":["https:\/\/plasticseurope.org\/de\/uber-uns\/kunststoff-und-schule\/schulbuch-kunststoffe-werkstoffe-unserer-zeit\/"]}]},{"@type":"BreadcrumbList","@id":"https:\/\/plasticseurope.org\/de\/uber-uns\/kunststoff-und-schule\/schulbuch-kunststoffe-werkstoffe-unserer-zeit\/#breadcrumb","itemListElement":[{"@type":"ListItem","position":1,"name":"Home","item":"https:\/\/plasticseurope.org\/de\/"},{"@type":"ListItem","position":2,"name":"\u00dcber uns","item":"https:\/\/plasticseurope.org\/de\/uber-uns\/"},{"@type":"ListItem","position":3,"name":"Kunststoff und Schule","item":"https:\/\/plasticseurope.org\/de\/uber-uns\/kunststoff-und-schule\/"},{"@type":"ListItem","position":4,"name":"Schulbuch Kunststoffe &#8211; Werkstoffe unserer Zeit"}]},{"@type":"WebSite","@id":"https:\/\/plasticseurope.org\/de\/#website","url":"https:\/\/plasticseurope.org\/de\/","name":"Plastics Europe DE","description":"Enabling a sustainable future","potentialAction":[{"@type":"SearchAction","target":{"@type":"EntryPoint","urlTemplate":"https:\/\/plasticseurope.org\/de\/?s={search_term_string}"},"query-input":"required name=search_term_string"}],"inLanguage":"de-DE"}]}},"_links":{"self":[{"href":"https:\/\/plasticseurope.org\/de\/wp-json\/wp\/v2\/pages\/1668","targetHints":{"allow":["GET"]}}],"collection":[{"href":"https:\/\/plasticseurope.org\/de\/wp-json\/wp\/v2\/pages"}],"about":[{"href":"https:\/\/plasticseurope.org\/de\/wp-json\/wp\/v2\/types\/page"}],"author":[{"embeddable":true,"href":"https:\/\/plasticseurope.org\/de\/wp-json\/wp\/v2\/users\/30"}],"replies":[{"embeddable":true,"href":"https:\/\/plasticseurope.org\/de\/wp-json\/wp\/v2\/comments?post=1668"}],"version-history":[{"count":0,"href":"https:\/\/plasticseurope.org\/de\/wp-json\/wp\/v2\/pages\/1668\/revisions"}],"up":[{"embeddable":true,"href":"https:\/\/plasticseurope.org\/de\/wp-json\/wp\/v2\/pages\/1624"}],"wp:featuredmedia":[{"embeddable":true,"href":"https:\/\/plasticseurope.org\/de\/wp-json\/wp\/v2\/media\/1675"}],"wp:attachment":[{"href":"https:\/\/plasticseurope.org\/de\/wp-json\/wp\/v2\/media?parent=1668"}],"curies":[{"name":"wp","href":"https:\/\/api.w.org\/{rel}","templated":true}]}}