{"id":1639,"date":"2022-05-04T16:42:34","date_gmt":"2022-05-04T16:42:34","guid":{"rendered":"https:\/\/plasticseurope.wpenginepowered.com\/de\/?page_id=1639"},"modified":"2023-12-11T13:38:51","modified_gmt":"2023-12-11T13:38:51","slug":"kunos-coole-kunststoff-kiste","status":"publish","type":"page","link":"https:\/\/plasticseurope.org\/de\/uber-uns\/kunststoff-und-schule\/kunos-coole-kunststoff-kiste\/","title":{"rendered":"Kunos coole Kunststoff-Kiste"},"content":{"rendered":"\n<h2 class=\"wp-block-heading\"><strong><mark style=\"background-color:#FFFFFF\" class=\"has-inline-color has-sky-color\">Die f\u00fcnf Kuno-Experimente sind das Primarstufenprogramm der Kunststofferzeuger in Deutschland<\/mark><\/strong><\/h2>\n\n\n\n<div style=\"height:16px\" aria-hidden=\"true\" class=\"wp-block-spacer\"><\/div>\n\n\n\n<p>Das Primarstufenprogramm von PlasticsEurope Deutschland&nbsp;<mark style=\"background-color:#FFFFFF\" class=\"has-inline-color has-sky-color\"><strong>&#8222;Kunos coole Kunststoff-Kiste&#8220;<\/strong><\/mark> ist ein wichtiger Baustein zur naturwissenschaftlichen Bildung im Grundschulalter. Mit f\u00fcnf Experimenten werden Grundschulkinder an das Thema herangef\u00fchrt.&nbsp;Wie die Experimente ablaufen, wird in einem Lehrkr\u00e4fte- und in einem Sch\u00fclerheft erl\u00e4utert.&nbsp;&#8222;Kunos coole Kunststoff-Kiste\u201d ist f\u00fcr Sch\u00fclerinnen und Sch\u00fcler im Alter von 6 bis 10 Jahren geeignet.<br>&nbsp;<\/p>\n\n\n\n<p>Der Baukasten enth\u00e4lt Anweisungen und Materialien f\u00fcr die folgenden Experimente:<\/p>\n\n\n\n<ul class=\"wp-block-list\">\n<li>Ganz normale Plastikfolien?<\/li>\n\n\n\n<li>Wo bleibt das Wasser?<\/li>\n\n\n\n<li>Wir stellen einen Kunststoff her!<\/li>\n\n\n\n<li>Wir stellen Schaumstoff her.<\/li>\n\n\n\n<li>Eine Kl\u00e4ranlage im Taschenformat.<\/li>\n<\/ul>\n\n\n\n<div style=\"height:100px\" aria-hidden=\"true\" class=\"wp-block-spacer\"><\/div>\n\n\n\n<p>Alle in der Box enthaltenen Experimente und Materialien haben strenge Kontrollen durchlaufen. Der Baukasten wurde im Jahr 2001 eingef\u00fchrt und wird heute in mehr als der H\u00e4lfte der Grundschulen in Deutschland eingesetzt.&nbsp;Zudem ist Kuno&nbsp;mittlerweile \u00fcber die Landesgrenzen hinaus bekannt.<\/p>\n\n\n\n<div style=\"height:100px\" aria-hidden=\"true\" class=\"wp-block-spacer\"><\/div>\n\n\n\n<figure class=\"wp-block-gallery has-nested-images columns-default is-cropped wp-block-gallery-1 is-layout-flex wp-block-gallery-is-layout-flex\">\n<figure class=\"wp-block-image size-large\"><img loading=\"lazy\" decoding=\"async\" width=\"2560\" height=\"1707\" data-id=\"1640\" src=\"https:\/\/plasticseurope.org\/de\/wp-content\/uploads\/sites\/3\/2022\/05\/PE_0231-scaled.jpg\" alt=\"\" class=\"wp-image-1640\" srcset=\"https:\/\/plasticseurope.org\/de\/wp-content\/uploads\/sites\/3\/2022\/05\/PE_0231-scaled.jpg 2560w, https:\/\/plasticseurope.org\/de\/wp-content\/uploads\/sites\/3\/2022\/05\/PE_0231-300x200.jpg 300w, https:\/\/plasticseurope.org\/de\/wp-content\/uploads\/sites\/3\/2022\/05\/PE_0231-1024x683.jpg 1024w, https:\/\/plasticseurope.org\/de\/wp-content\/uploads\/sites\/3\/2022\/05\/PE_0231-768x512.jpg 768w, https:\/\/plasticseurope.org\/de\/wp-content\/uploads\/sites\/3\/2022\/05\/PE_0231-1536x1024.jpg 1536w, https:\/\/plasticseurope.org\/de\/wp-content\/uploads\/sites\/3\/2022\/05\/PE_0231-2048x1365.jpg 2048w, https:\/\/plasticseurope.org\/de\/wp-content\/uploads\/sites\/3\/2022\/05\/PE_0231-1980x1320.jpg 1980w\" sizes=\"auto, (max-width: 2560px) 100vw, 2560px\" \/><\/figure>\n\n\n\n<figure class=\"wp-block-image size-large\"><img loading=\"lazy\" decoding=\"async\" width=\"2560\" height=\"1707\" data-id=\"1641\" src=\"https:\/\/plasticseurope.org\/de\/wp-content\/uploads\/sites\/3\/2022\/05\/PE_0084-scaled.jpg\" alt=\"\" class=\"wp-image-1641\" srcset=\"https:\/\/plasticseurope.org\/de\/wp-content\/uploads\/sites\/3\/2022\/05\/PE_0084-scaled.jpg 2560w, https:\/\/plasticseurope.org\/de\/wp-content\/uploads\/sites\/3\/2022\/05\/PE_0084-300x200.jpg 300w, https:\/\/plasticseurope.org\/de\/wp-content\/uploads\/sites\/3\/2022\/05\/PE_0084-1024x683.jpg 1024w, https:\/\/plasticseurope.org\/de\/wp-content\/uploads\/sites\/3\/2022\/05\/PE_0084-768x512.jpg 768w, https:\/\/plasticseurope.org\/de\/wp-content\/uploads\/sites\/3\/2022\/05\/PE_0084-1536x1024.jpg 1536w, https:\/\/plasticseurope.org\/de\/wp-content\/uploads\/sites\/3\/2022\/05\/PE_0084-2048x1365.jpg 2048w, https:\/\/plasticseurope.org\/de\/wp-content\/uploads\/sites\/3\/2022\/05\/PE_0084-1980x1320.jpg 1980w\" sizes=\"auto, (max-width: 2560px) 100vw, 2560px\" \/><\/figure>\n\n\n\n<figure class=\"wp-block-image size-large\"><img loading=\"lazy\" decoding=\"async\" width=\"2560\" height=\"1707\" data-id=\"921\" src=\"https:\/\/plasticseurope.org\/de\/wp-content\/uploads\/sites\/3\/2022\/01\/PE_0222-scaled.jpg\" alt=\"Kuno Experimente\" class=\"wp-image-921\" srcset=\"https:\/\/plasticseurope.org\/de\/wp-content\/uploads\/sites\/3\/2022\/01\/PE_0222-scaled.jpg 2560w, https:\/\/plasticseurope.org\/de\/wp-content\/uploads\/sites\/3\/2022\/01\/PE_0222-300x200.jpg 300w, https:\/\/plasticseurope.org\/de\/wp-content\/uploads\/sites\/3\/2022\/01\/PE_0222-1024x683.jpg 1024w, https:\/\/plasticseurope.org\/de\/wp-content\/uploads\/sites\/3\/2022\/01\/PE_0222-768x512.jpg 768w, https:\/\/plasticseurope.org\/de\/wp-content\/uploads\/sites\/3\/2022\/01\/PE_0222-1536x1024.jpg 1536w, https:\/\/plasticseurope.org\/de\/wp-content\/uploads\/sites\/3\/2022\/01\/PE_0222-2048x1365.jpg 2048w\" sizes=\"auto, (max-width: 2560px) 100vw, 2560px\" \/><\/figure>\n<\/figure>\n\n\n\n<div style=\"height:100px\" aria-hidden=\"true\" class=\"wp-block-spacer\"><\/div>\n\n\n\n<p>Kunos coole Kunststoff-Kiste kostet 125,- Euro (zzgl. Mehrwertsteuer und Versand).&nbsp; Die Zahlung erfolgt auf Rechnung. Eine Kiste beinhaltet:<br>\u2013 1 Kuno-Koffer, mit 5 starken Kunststoff Experimenten<br>\u2013 1 Begleitheft f\u00fcr Lehrkr\u00e4fte<br>\u2013 12 Sch\u00fclerInnenhefte.&nbsp;<\/p>\n\n\n\n<p>Das Nachf\u00fcllset kostet 30,&#8211; Euro zzgl. Mwst. und Versand.&nbsp;Weitere Begleithefte f\u00fcr Sch\u00fclerInnen (<a href=\"https:\/\/plasticseurope.org\/de\/wp-content\/uploads\/sites\/3\/2022\/05\/2019-07-Kuno_Schuelerheft_DE_web.pdf\">PDF<\/a>) und Lehrkr\u00e4fte (<a href=\"https:\/\/plasticseurope.org\/de\/wp-content\/uploads\/sites\/3\/2022\/05\/Kuno-Heft-Lehrkraefte.pdf\">PDF<\/a>) k\u00f6nnen zudem jeweils f\u00fcr 2,50 Euro pro Exemplar (zzgl. Mehrwertsteuer und Versand) dazu bestellt werden.&nbsp;<\/p>\n\n\n\n<div style=\"height:100px\" aria-hidden=\"true\" class=\"wp-block-spacer is-style-small\"><\/div>\n\n\n\n<div class=\"wp-block-buttons is-layout-flex wp-block-buttons-is-layout-flex\">\n<div class=\"wp-block-button\"><a class=\"wp-block-button__link wp-element-button\" href=\"https:\/\/kunoscoolekunststoffkiste.org\/kuno-material-bestellen\">Zur Bestellung<\/a><\/div>\n<\/div>\n\n\n\n<div style=\"height:100px\" aria-hidden=\"true\" class=\"wp-block-spacer\"><\/div>\n\n\n\n<h2 class=\"wp-block-heading\"><strong><mark style=\"background-color:#FFFFFF\" class=\"has-inline-color has-sky-color\">Kuno im Web<\/mark><\/strong><\/h2>\n\n\n\n<p>&#8222;Kunos coole Kunststoff-Kiste&#8220; hat eine eigene Website: <strong><a href=\"http:\/\/kunoscoolekunststoffkiste.org\/\" target=\"_blank\" rel=\"noreferrer noopener\">KunoscooleKunststoffkiste.org<\/a><\/strong><\/p>\n\n\n\n<p>Dort gibt es auch&nbsp;<strong><a href=\"https:\/\/kunoscoolekunststoffkiste.org\/versuche\/\" target=\"_blank\" rel=\"noreferrer noopener\">alle Kunststoffexperimente erkl\u00e4rt im Film<\/a><\/strong>:<\/p>\n\n\n\n<div style=\"height:100px\" aria-hidden=\"true\" class=\"wp-block-spacer\"><\/div>\n\n\n\n<div class=\"wp-block-columns is-layout-flex wp-container-core-columns-is-layout-28f84493 wp-block-columns-is-layout-flex\">\n<div class=\"wp-block-column is-layout-flow wp-block-column-is-layout-flow\">\n<figure class=\"wp-block-video\"><video height=\"720\" style=\"aspect-ratio: 1280 \/ 720;\" width=\"1280\" controls src=\"https:\/\/plasticseurope.org\/de\/wp-content\/uploads\/sites\/3\/2022\/05\/0-Intro-DE-1.mp4\"><\/video><\/figure>\n<\/div>\n\n\n\n<div class=\"wp-block-column is-layout-flow wp-block-column-is-layout-flow\"><\/div>\n<\/div>\n\n\n\n<div style=\"height:100px\" aria-hidden=\"true\" class=\"wp-block-spacer\"><\/div>\n\n\n\n<h2 class=\"wp-block-heading\">Der Kuno-M\u00e4rchenwettbewerb<\/h2>\n\n\n\n<p>Im Sch\u00fclerheft des Primarstufenprogramms wartet am Ende eine ganz besondere \u00dcberraschung auf die jungen Forscherinnen und Forscher: Schulklassen k\u00f6nnen dort das M\u00e4rchen von der Kunststoffprinzessin kreativ in Szene setzen und tolle Preise gewinnen. Mehr Infos zum Kuno-M\u00e4rchenwettbewerb gibt es <a href=\"https:\/\/kunoscoolekunststoffkiste.org\/kunststoff-malwettbewerb\" target=\"_blank\" rel=\"noreferrer noopener\">hier<\/a>.<\/p>\n\n\n\n<div style=\"height:100px\" aria-hidden=\"true\" class=\"wp-block-spacer\"><\/div>\n\n\n\n<p>Kuno wird unterst\u00fctzt vom<strong> <a href=\"https:\/\/www.vci.de\/fonds\/startseite.jsp\" target=\"_blank\" rel=\"noreferrer noopener\">Fond der Chemischen Industrie<\/a><\/strong>.<\/p>\n\n\n\n<div style=\"height:100px\" aria-hidden=\"true\" class=\"wp-block-spacer\"><\/div>\n\n\n\n<div class=\"wp-block-buttons is-layout-flex wp-block-buttons-is-layout-flex\">\n<div class=\"wp-block-button\"><a class=\"wp-block-button__link wp-element-button\" href=\"https:\/\/plasticseurope.org\/de\/unsere-themen\/kunststoff-und-schule\/\" target=\"_blank\" rel=\"noreferrer noopener\">Zur\u00fcck zur \u00dcbersicht &#8222;Kunststoff und Schule&#8220;<\/a><\/div>\n<\/div>\n","protected":false},"excerpt":{"rendered":"<p>Die f\u00fcnf Kuno-Experimente sind das Primarstufenprogramm der Kunststofferzeuger in Deutschland Das Primarstufenprogramm von PlasticsEurope Deutschland&nbsp;&#8222;Kunos coole Kunststoff-Kiste&#8220; ist ein wichtiger Baustein zur naturwissenschaftlichen Bildung im Grundschulalter. Mit f\u00fcnf Experimenten werden Grundschulkinder an das Thema herangef\u00fchrt.&nbsp;Wie die Experimente ablaufen, wird in einem Lehrkr\u00e4fte- und in einem Sch\u00fclerheft erl\u00e4utert.&nbsp;&#8222;Kunos coole Kunststoff-Kiste\u201d ist f\u00fcr Sch\u00fclerinnen und Sch\u00fcler im [&hellip;]<\/p>\n","protected":false},"author":30,"featured_media":1645,"parent":1624,"menu_order":0,"comment_status":"closed","ping_status":"closed","template":"","meta":{"footnotes":""},"class_list":["post-1639","page","type-page","status-publish","has-post-thumbnail","hentry"],"acf":[],"yoast_head":"<!-- This site is optimized with the Yoast SEO plugin v21.6 - https:\/\/yoast.com\/wordpress\/plugins\/seo\/ -->\n<title>Kunos coole Kunststoff-Kiste - Plastics Europe DE<\/title>\n<meta name=\"robots\" content=\"index, follow, max-snippet:-1, max-image-preview:large, max-video-preview:-1\" \/>\n<link rel=\"canonical\" href=\"https:\/\/plasticseurope.org\/de\/uber-uns\/kunststoff-und-schule\/kunos-coole-kunststoff-kiste\/\" \/>\n<meta property=\"og:locale\" content=\"de_DE\" \/>\n<meta property=\"og:type\" content=\"article\" \/>\n<meta property=\"og:title\" content=\"Kunos coole Kunststoff-Kiste - Plastics Europe DE\" \/>\n<meta property=\"og:description\" content=\"Die f\u00fcnf Kuno-Experimente sind das Primarstufenprogramm der Kunststofferzeuger in Deutschland Das Primarstufenprogramm von PlasticsEurope Deutschland&nbsp;&#8222;Kunos coole Kunststoff-Kiste&#8220; ist ein wichtiger Baustein zur naturwissenschaftlichen Bildung im Grundschulalter. Mit f\u00fcnf Experimenten werden Grundschulkinder an das Thema herangef\u00fchrt.&nbsp;Wie die Experimente ablaufen, wird in einem Lehrkr\u00e4fte- und in einem Sch\u00fclerheft erl\u00e4utert.&nbsp;&#8222;Kunos coole Kunststoff-Kiste\u201d ist f\u00fcr Sch\u00fclerinnen und Sch\u00fcler im [&hellip;]\" \/>\n<meta property=\"og:url\" content=\"https:\/\/plasticseurope.org\/de\/uber-uns\/kunststoff-und-schule\/kunos-coole-kunststoff-kiste\/\" \/>\n<meta property=\"og:site_name\" content=\"Plastics Europe DE\" \/>\n<meta property=\"article:modified_time\" content=\"2023-12-11T13:38:51+00:00\" \/>\n<meta property=\"og:image\" content=\"https:\/\/plasticseurope.org\/de\/wp-content\/uploads\/sites\/3\/2022\/05\/Y1A0390_v1_ohne-fahnen-scaled.jpg\" \/>\n\t<meta property=\"og:image:width\" content=\"2560\" \/>\n\t<meta property=\"og:image:height\" content=\"1350\" \/>\n\t<meta property=\"og:image:type\" content=\"image\/jpeg\" \/>\n<meta name=\"twitter:card\" content=\"summary_large_image\" \/>\n<meta name=\"twitter:label1\" content=\"Gesch\u00e4tzte Lesezeit\" \/>\n\t<meta name=\"twitter:data1\" content=\"3 Minuten\" \/>\n<script type=\"application\/ld+json\" class=\"yoast-schema-graph\">{\"@context\":\"https:\/\/schema.org\",\"@graph\":[{\"@type\":\"WebPage\",\"@id\":\"https:\/\/plasticseurope.org\/de\/uber-uns\/kunststoff-und-schule\/kunos-coole-kunststoff-kiste\/\",\"url\":\"https:\/\/plasticseurope.org\/de\/uber-uns\/kunststoff-und-schule\/kunos-coole-kunststoff-kiste\/\",\"name\":\"Kunos coole Kunststoff-Kiste - Plastics Europe DE\",\"isPartOf\":{\"@id\":\"https:\/\/plasticseurope.org\/de\/#website\"},\"datePublished\":\"2022-05-04T16:42:34+00:00\",\"dateModified\":\"2023-12-11T13:38:51+00:00\",\"breadcrumb\":{\"@id\":\"https:\/\/plasticseurope.org\/de\/uber-uns\/kunststoff-und-schule\/kunos-coole-kunststoff-kiste\/#breadcrumb\"},\"inLanguage\":\"de-DE\",\"potentialAction\":[{\"@type\":\"ReadAction\",\"target\":[\"https:\/\/plasticseurope.org\/de\/uber-uns\/kunststoff-und-schule\/kunos-coole-kunststoff-kiste\/\"]}]},{\"@type\":\"BreadcrumbList\",\"@id\":\"https:\/\/plasticseurope.org\/de\/uber-uns\/kunststoff-und-schule\/kunos-coole-kunststoff-kiste\/#breadcrumb\",\"itemListElement\":[{\"@type\":\"ListItem\",\"position\":1,\"name\":\"Home\",\"item\":\"https:\/\/plasticseurope.org\/de\/\"},{\"@type\":\"ListItem\",\"position\":2,\"name\":\"\u00dcber uns\",\"item\":\"https:\/\/plasticseurope.org\/de\/uber-uns\/\"},{\"@type\":\"ListItem\",\"position\":3,\"name\":\"Kunststoff und Schule\",\"item\":\"https:\/\/plasticseurope.org\/de\/uber-uns\/kunststoff-und-schule\/\"},{\"@type\":\"ListItem\",\"position\":4,\"name\":\"Kunos coole Kunststoff-Kiste\"}]},{\"@type\":\"WebSite\",\"@id\":\"https:\/\/plasticseurope.org\/de\/#website\",\"url\":\"https:\/\/plasticseurope.org\/de\/\",\"name\":\"Plastics Europe DE\",\"description\":\"Enabling a sustainable future\",\"potentialAction\":[{\"@type\":\"SearchAction\",\"target\":{\"@type\":\"EntryPoint\",\"urlTemplate\":\"https:\/\/plasticseurope.org\/de\/?s={search_term_string}\"},\"query-input\":\"required name=search_term_string\"}],\"inLanguage\":\"de-DE\"}]}<\/script>\n<!-- \/ Yoast SEO plugin. -->","yoast_head_json":{"title":"Kunos coole Kunststoff-Kiste - Plastics Europe DE","robots":{"index":"index","follow":"follow","max-snippet":"max-snippet:-1","max-image-preview":"max-image-preview:large","max-video-preview":"max-video-preview:-1"},"canonical":"https:\/\/plasticseurope.org\/de\/uber-uns\/kunststoff-und-schule\/kunos-coole-kunststoff-kiste\/","og_locale":"de_DE","og_type":"article","og_title":"Kunos coole Kunststoff-Kiste - Plastics Europe DE","og_description":"Die f\u00fcnf Kuno-Experimente sind das Primarstufenprogramm der Kunststofferzeuger in Deutschland Das Primarstufenprogramm von PlasticsEurope Deutschland&nbsp;&#8222;Kunos coole Kunststoff-Kiste&#8220; ist ein wichtiger Baustein zur naturwissenschaftlichen Bildung im Grundschulalter. Mit f\u00fcnf Experimenten werden Grundschulkinder an das Thema herangef\u00fchrt.&nbsp;Wie die Experimente ablaufen, wird in einem Lehrkr\u00e4fte- und in einem Sch\u00fclerheft erl\u00e4utert.&nbsp;&#8222;Kunos coole Kunststoff-Kiste\u201d ist f\u00fcr Sch\u00fclerinnen und Sch\u00fcler im [&hellip;]","og_url":"https:\/\/plasticseurope.org\/de\/uber-uns\/kunststoff-und-schule\/kunos-coole-kunststoff-kiste\/","og_site_name":"Plastics Europe DE","article_modified_time":"2023-12-11T13:38:51+00:00","og_image":[{"width":2560,"height":1350,"url":"https:\/\/plasticseurope.org\/de\/wp-content\/uploads\/sites\/3\/2022\/05\/Y1A0390_v1_ohne-fahnen-scaled.jpg","type":"image\/jpeg"}],"twitter_card":"summary_large_image","twitter_misc":{"Gesch\u00e4tzte Lesezeit":"3 Minuten"},"schema":{"@context":"https:\/\/schema.org","@graph":[{"@type":"WebPage","@id":"https:\/\/plasticseurope.org\/de\/uber-uns\/kunststoff-und-schule\/kunos-coole-kunststoff-kiste\/","url":"https:\/\/plasticseurope.org\/de\/uber-uns\/kunststoff-und-schule\/kunos-coole-kunststoff-kiste\/","name":"Kunos coole Kunststoff-Kiste - Plastics Europe DE","isPartOf":{"@id":"https:\/\/plasticseurope.org\/de\/#website"},"datePublished":"2022-05-04T16:42:34+00:00","dateModified":"2023-12-11T13:38:51+00:00","breadcrumb":{"@id":"https:\/\/plasticseurope.org\/de\/uber-uns\/kunststoff-und-schule\/kunos-coole-kunststoff-kiste\/#breadcrumb"},"inLanguage":"de-DE","potentialAction":[{"@type":"ReadAction","target":["https:\/\/plasticseurope.org\/de\/uber-uns\/kunststoff-und-schule\/kunos-coole-kunststoff-kiste\/"]}]},{"@type":"BreadcrumbList","@id":"https:\/\/plasticseurope.org\/de\/uber-uns\/kunststoff-und-schule\/kunos-coole-kunststoff-kiste\/#breadcrumb","itemListElement":[{"@type":"ListItem","position":1,"name":"Home","item":"https:\/\/plasticseurope.org\/de\/"},{"@type":"ListItem","position":2,"name":"\u00dcber uns","item":"https:\/\/plasticseurope.org\/de\/uber-uns\/"},{"@type":"ListItem","position":3,"name":"Kunststoff und Schule","item":"https:\/\/plasticseurope.org\/de\/uber-uns\/kunststoff-und-schule\/"},{"@type":"ListItem","position":4,"name":"Kunos coole Kunststoff-Kiste"}]},{"@type":"WebSite","@id":"https:\/\/plasticseurope.org\/de\/#website","url":"https:\/\/plasticseurope.org\/de\/","name":"Plastics Europe DE","description":"Enabling a sustainable future","potentialAction":[{"@type":"SearchAction","target":{"@type":"EntryPoint","urlTemplate":"https:\/\/plasticseurope.org\/de\/?s={search_term_string}"},"query-input":"required name=search_term_string"}],"inLanguage":"de-DE"}]}},"_links":{"self":[{"href":"https:\/\/plasticseurope.org\/de\/wp-json\/wp\/v2\/pages\/1639","targetHints":{"allow":["GET"]}}],"collection":[{"href":"https:\/\/plasticseurope.org\/de\/wp-json\/wp\/v2\/pages"}],"about":[{"href":"https:\/\/plasticseurope.org\/de\/wp-json\/wp\/v2\/types\/page"}],"author":[{"embeddable":true,"href":"https:\/\/plasticseurope.org\/de\/wp-json\/wp\/v2\/users\/30"}],"replies":[{"embeddable":true,"href":"https:\/\/plasticseurope.org\/de\/wp-json\/wp\/v2\/comments?post=1639"}],"version-history":[{"count":0,"href":"https:\/\/plasticseurope.org\/de\/wp-json\/wp\/v2\/pages\/1639\/revisions"}],"up":[{"embeddable":true,"href":"https:\/\/plasticseurope.org\/de\/wp-json\/wp\/v2\/pages\/1624"}],"wp:featuredmedia":[{"embeddable":true,"href":"https:\/\/plasticseurope.org\/de\/wp-json\/wp\/v2\/media\/1645"}],"wp:attachment":[{"href":"https:\/\/plasticseurope.org\/de\/wp-json\/wp\/v2\/media?parent=1639"}],"curies":[{"name":"wp","href":"https:\/\/api.w.org\/{rel}","templated":true}]}}